{"id":1584,"date":"2016-01-22T15:08:28","date_gmt":"2016-01-22T15:08:28","guid":{"rendered":"http:\/\/kursy-udt.pl\/?page_id=1584"},"modified":"2016-01-22T15:11:10","modified_gmt":"2016-01-22T15:11:10","slug":"activites-interdites-2","status":"publish","type":"page","link":"https:\/\/kursy-udt.eu\/fr\/trainings\/gantry-course\/forbidden-activities\/","title":{"rendered":"Activit\u00e9s interdites"},"content":{"rendered":"<div style=\"float: left; padding-right: 10px;\"><img decoding=\"async\" alt=\"\" src=\"\/wp-content\/uploads\/2014\/08\/zabronione_m.jpg\" \/><\/div>\n<h3>Activit\u00e9s interdites pendant le fonctionnement du portique<\/h3>\n<p>L'op\u00e9rateur du portique doit se rappeler de respecter les r\u00e8gles de fonctionnement - ne pas suivre toutes les exigences augmente le risque d'accidents du travail. Chaque cours sur les portiques comprend une partie th\u00e9orique li\u00e9e \u00e0 la s\u00e9curit\u00e9 et \u00e0 l'hygi\u00e8ne de travail pendant le fonctionnement de la machine. Parmi les informations donn\u00e9es, il y a \u00e9galement des activit\u00e9s explicitement interdites lors de l'utilisation du portique. Ils sont :<\/p>\n<ul>\n<li>l'op\u00e9rateur de la machine ne peut \u00eatre une personne ne poss\u00e9dant pas les qualifications appropri\u00e9es donn\u00e9es par l'Office d'inspection technique<\/li>\n<li>vous ne pouvez pas utiliser la machine qui est d\u00e9fectueuse ou qui n'a pas la d\u00e9cision contraignante permettant d'effectuer le travail obtenue de l'UDT (l'Office de contr\u00f4le technique) ou du TDT (l'Association de contr\u00f4le technique)<\/li>\n<li>vous ne pouvez pas faire le travail apr\u00e8s un abus d'alcool et d'autres substances intoxicantes ou de m\u00e9dicaments qui interf\u00e8rent avec l'efficacit\u00e9 psychophysique <\/li>\n<li>vous ne pouvez pas utiliser des liens ma\u00eetres dissociables ou des liens ma\u00eetres endommag\u00e9s<\/li>\n<li>vous ne pouvez pas lever des charges dont le poids est sup\u00e9rieur \u00e0 la charge maximale autoris\u00e9e - cela peut entra\u00eener une menace directe pour la vie ou le danger pour la sant\u00e9 de l'op\u00e9rateur et des travailleurs sur le chantier.<\/li>\n<li>vous ne pouvez pas lever des charges qui se trouvent hors de contr\u00f4le<\/li>\n<li>vous ne pouvez pas tirer des charges en diagonale<\/li>\n<li>vous ne pouvez pas hisser des charges ou des objets qui sont fix\u00e9s au sol, par exemple s'ils sont viss\u00e9s, soud\u00e9s ou glac\u00e9s en hiver<\/li>\n<li>vous ne pouvez pas hisser des charges directement au-dessus des postes de travail des travailleurs ou au-dessus d'autres personnes pr\u00e9sentes dans les locaux de l'usine<\/li>\n<li>vous ne pouvez pas laisser la charge sur le dispositif de pr\u00e9hension sans le mettre de c\u00f4t\u00e9<\/li>\n<li>vous ne pouvez pas transiter ou rouler sur des connecteurs s\u00fbrs avec un chariot, une machine \u00e0 filer ou un pont<\/li>\n<li>vous ne pouvez pas utiliser l'ancrage de la corde comme \u00e9l\u00e9ment d'accueil des charges<\/li>\n<li>vous ne pouvez pas utiliser les protections contre les surcharges pendant le pesage des charges<\/li>\n<li>vous ne pouvez pas effectuer de travaux d'entretien, par exemple le graissage ou le nettoyage de la machine pendant son travail<\/li>\n<li>vous ne pouvez pas effectuer individuellement des activit\u00e9s de r\u00e9paration ou de r\u00e9glage de la machine ou de ses \u00e9l\u00e9ments pendant le travail ou sans qualifications appropri\u00e9es<\/li>\n<\/ul>\n<p>Toute personne souhaitant obtenir une qualification de portique doit conna\u00eetre toutes les proc\u00e9dures li\u00e9es au fonctionnement de la machine. Sans les conna\u00eetre, le risque d'un accident de travail est plus \u00e9lev\u00e9.<\/p>\n<p><strong>Rappelez-vous !<\/strong><\/p>\n<ul>\n<li>les travaux qui impliquent l'utilisation de portiques ne peuvent \u00eatre effectu\u00e9s que sur la base d'une d\u00e9cision en vigueur de l'UDT (l'Office de contr\u00f4le technique) indiquant s'il est permis de les utiliser<\/li>\n<li>pendant l'utilisation de la machine, vous devez suivre les directives EHS du lieu de travail ou le manuel<\/li>\n<li>lorsque le travailleur constate les d\u00e9g\u00e2ts sur la machine, il doit imm\u00e9diatement terminer le travail et arr\u00eater la machine ainsi que faire savoir qui est responsable de son \u00e9tat technique<\/li>\n<\/ul>\n<p>Si vous \u00eates int\u00e9ress\u00e9 par l'obtention de qualifications appropri\u00e9es pour l'utilisation des machines pr\u00e9sent\u00e9es, nous vous invitons cordialement \u00e0 suivre le cours de portique dans notre Centre de formation du personnel ERGON. Gr\u00e2ce \u00e0 nous, vous apprendrez \u00e0 conna\u00eetre toutes les questions relatives \u00e0 l'ESS et \u00e0 l'utilisation de la machine et vous pourrez passer un examen \u00e0 l'Office d'inspection technique.<\/p>","protected":false},"excerpt":{"rendered":"<p>Forbidden activities while gantry operation The gantry operator must remember about abiding the rules of operation- not following all requirements increases the risk of accidents at work. Every gantry course involves the theoretical part connected with safety and work hygiene during the machine operation. Among information given, there are also explicitly forbidden activities while operating the gantry. They are: the machine operator can not be a person without appropriate qualifications given by the Office of Technical Inspection you cannot use the machine which is faulty or does not have the binding decision permitting to do the job obtained from UDT (the Office of Technical Inspection) or TDT (the Association of Technical Inspection) you cannot do the job after alcohol abuse and other intoxicating substances or medicines which interferes with the psychophysical efficiency you cannot use dissociable master links or damaged master links you cannot hoist loads whose weight is bigger than the permissible maximum load- it can cause direct life threat or the danger to the operator\u2019s and workers\u2019 health on the worksite. you cannot hoist loads which are located out of control you cannot pull loads diagonally you cannot hoist loads or objects which are attached to the ground, for example they are screwed, welded or iced in winter you cannot hoist loads directly above the workers\u2019 workplaces or above other people being present on the premises of the factory you cannot leave the load on the gripping device without setting it aside you cannot transit or drive over safe connectors with a trolley, [&hellip;]<\/p>\n","protected":false},"author":1,"featured_media":0,"parent":1561,"menu_order":5,"comment_status":"closed","ping_status":"closed","template":"","meta":{"sfsi_plus_gutenberg_text_before_share":"","sfsi_plus_gutenberg_show_text_before_share":"","sfsi_plus_gutenberg_icon_type":"","sfsi_plus_gutenberg_icon_alignemt":"","sfsi_plus_gutenburg_max_per_row":"","footnotes":""},"class_list":["post-1584","page","type-page","status-publish","hentry","has_thumb"],"aioseo_notices":[],"_links":{"self":[{"href":"https:\/\/kursy-udt.pl\/fr\/wp-json\/wp\/v2\/pages\/1584","targetHints":{"allow":["GET"]}}],"collection":[{"href":"https:\/\/kursy-udt.pl\/fr\/wp-json\/wp\/v2\/pages"}],"about":[{"href":"https:\/\/kursy-udt.pl\/fr\/wp-json\/wp\/v2\/types\/page"}],"author":[{"embeddable":true,"href":"https:\/\/kursy-udt.pl\/fr\/wp-json\/wp\/v2\/users\/1"}],"replies":[{"embeddable":true,"href":"https:\/\/kursy-udt.pl\/fr\/wp-json\/wp\/v2\/comments?post=1584"}],"version-history":[{"count":3,"href":"https:\/\/kursy-udt.pl\/fr\/wp-json\/wp\/v2\/pages\/1584\/revisions"}],"predecessor-version":[{"id":1586,"href":"https:\/\/kursy-udt.pl\/fr\/wp-json\/wp\/v2\/pages\/1584\/revisions\/1586"}],"up":[{"embeddable":true,"href":"https:\/\/kursy-udt.pl\/fr\/wp-json\/wp\/v2\/pages\/1561"}],"wp:attachment":[{"href":"https:\/\/kursy-udt.pl\/fr\/wp-json\/wp\/v2\/media?parent=1584"}],"curies":[{"name":"wp","href":"https:\/\/api.w.org\/{rel}","templated":true}]}}