{"id":1561,"date":"2016-01-21T22:14:36","date_gmt":"2016-01-21T22:14:36","guid":{"rendered":"http:\/\/kursy-udt.pl\/?page_id=1561"},"modified":"2016-01-22T15:21:28","modified_gmt":"2016-01-22T15:21:28","slug":"cours-de-portique","status":"publish","type":"page","link":"https:\/\/kursy-udt.eu\/fr\/trainings\/gantry-course\/","title":{"rendered":"Cours sur les portiques"},"content":{"rendered":"<div style=\"float: left; padding-right: 10px;\"><img decoding=\"async\" alt=\"photo Varsovie - cours sur les grues\" src=\"\/wp-content\/uploads\/2014\/04\/suwnice.jpeg\" \/><\/div>\n<div class=\"wyjustuj\">\nNous vous invitons pour le cours de portique au Centre de formation du personnel ERGON. En tant que centre ayant une longue exp\u00e9rience, nous assurons une assistance professionnelle \u00e0 chacun de nos clients. Nos cours sont con\u00e7us pour des participants individuels ainsi que pour des groupes de travailleurs organis\u00e9s par l'employeur. Nous veillons \u00e0 la qualit\u00e9 de la formation \u00e0 ERGON afin qu'elle soit toujours au plus haut niveau. Si vous souhaitez exploiter des portiques, le cours dans notre centre sera un tr\u00e8s bon investissement pour l'avenir. Gr\u00e2ce \u00e0 elle, trouver un emploi sur le poste d'op\u00e9rateur sera beaucoup plus facile en Pologne et en Europe.<\/p>\n<p><strong>La description de l'\u00e9quipement et son utilisation<\/strong><br \/>\nDe nos jours, les portiques, qui appartiennent aux \u00e9quipements de levage, sont utilis\u00e9s dans de nombreux lieux de travail diff\u00e9rents, notamment dans l'industrie de la construction navale, les points de transbordement, les entrep\u00f4ts, les stocks, les halls de production et industriels. Diff\u00e9rentes m\u00e9thodes de construction des machines font qu'elles peuvent \u00eatre adapt\u00e9es individuellement \u00e0 certains travaux. Dans chaque cas, des qualifications de portique sont n\u00e9cessaires et elles sont enduites par le Bureau d'inspection technique.<\/p>\n<p><strong>Les variantes suivantes font partie des machines les plus souvent utilis\u00e9es sur les lieux de travail :<\/strong><\/p>\n<ul>\n<li>ndustriel ou chariot \u00e0 pont- ils sont principalement am\u00e9nag\u00e9s dans les halls et \u00e9quip\u00e9s du palan pour suspendre les charges qui se trouvent sur les plateformes. Les mod\u00e8les de pont ou de camion sont mont\u00e9s sous le plafond dans le hall.<\/li>\n<li>suspendu - similaire aux camions de la construction, mais ils utilisent des camions suspendus sous le plafond<\/li>\n<li>portail - principalement utilis\u00e9 dans les travaux ext\u00e9rieurs, construit avec des plates-formes plac\u00e9es sur des ponts lat\u00e9raux reliant les portails<\/li>\n<\/ul>\n<p>Dans notre centre, nous organisons des cours de portique qui vous permettent d'utiliser tous les types de machines. Pendant les cours, les participants acqui\u00e8rent de vastes connaissances sur des types de machines sp\u00e9cifiques. Ci-dessous, vous trouverez les types de formations pr\u00e9sent\u00e9es. Ils diff\u00e8rent par les conditions requises pour commencer la formation.<\/p>\n<p><strong>Les qualifications pour l'exploitation d'un portique sont divis\u00e9es en deux cat\u00e9gories :<\/strong><\/p>\n<ul>\n<li>I S - comprend les portiques et les treuils de la cat\u00e9gorie I W, qui sont command\u00e9s \u00e0 partir du plancher de travail ou du poste de pilotage, les machines de la cat\u00e9gorie II S<\/li>\n<li>II S - comprend les machines command\u00e9es depuis le plancher de travail, les treuils et les palans de la cat\u00e9gorie II W ainsi que les grues statiques au sol<\/li>\n<\/ul>\n<p><strong>L'offre<\/strong><br \/>\nLe prix du cours de portique dans notre centre est toujours encourageant. Il est d\u00e9termin\u00e9 individuellement en fonction du nombre de participants au cours et nous sommes \u00e9galement ouverts aux n\u00e9gociations. Nous vous invitons \u00e0 des cours dans notre si\u00e8ge \u00e0 Varsovie et dans nos succursales dans le pays - \u00e0 Katowice, Cracovie, Bielsko- Biala. Nous pouvons \u00e9galement nous rendre chez vous dans toute la Pologne. Nous sommes en mesure d'organiser des cours en portique dont le programme est sp\u00e9cialement adapt\u00e9 aux besoins des participants et du donneur d'ordre.<\/p>\n<div style=\"float: right; padding-left: 10px;\"><img decoding=\"async\" alt=\"formation aux qualifications UDT\" src=\"\/wp-content\/uploads\/2014\/09\/suwnice.jpeg\" \/><\/div>\n<p><strong>Th\u00e8mes des cours<\/strong><br \/>\nChaque cours de grue du Centre ERGON pour le d\u00e9veloppement des ressources humaines est pr\u00e9par\u00e9 en termes de contenu par des instructeurs professionnels et consult\u00e9 avec des sp\u00e9cialistes de l'Office d'inspection technique. Nous nous soucions de la qualit\u00e9 de l'enseignement, c'est pourquoi les cours que nous organisons sont toujours complets et en m\u00eame temps abordables pour les participants. Ils produisent donc des effets optimaux, \u00e9tant utiles non seulement lors de l'examen pour les autorisations de grues, mais aussi dans le travail quotidien de chaque grutier.<\/p>\n<p><strong>Vous trouverez ci-dessous le sujet g\u00e9n\u00e9ral des formations que nous organisons :<\/strong><\/p>\n<ul>\n<li>Informations concernant le contr\u00f4le technique pour une certaine cat\u00e9gorie I S ou IIS Informations concernant certaines machines - leur construction et leur exploitation sur le lieu de travail<\/li>\n<li>Les devoirs de l'op\u00e9rateur avant de commencer la t\u00e2che<\/li>\n<li>Les t\u00e2ches de l'op\u00e9rateur pendant l'ex\u00e9cution du travail<\/li>\n<li>Fonctions de l'op\u00e9rateur apr\u00e8s avoir termin\u00e9 le travail avec la machine<\/li>\n<li>R\u00e8gles EHS sur le lieu de travail<\/li>\n<li>principes de sant\u00e9 et de s\u00e9curit\u00e9 au travail dans le poste<\/li>\n<li>Cours pratiques - exercices sur machines I S ou II S selon la cat\u00e9gorie choisie<\/li>\n<\/ul>\n<p>Le cours portique disponible \u00e0 ODK (le Centre de formation du personnel) ERGON est le cours qui pr\u00e9pare compl\u00e8tement les participants \u00e0 passer l'examen \u00e0 l'Office de contr\u00f4le technique pour obtenir un certificat et permet de travailler sur le poste portique. En choisissant notre offre, vous pouvez \u00eatre s\u00fbr que les informations obtenues pendant les cours seront utiles pendant l'examen et vous aideront \u00e0 obtenir une note positive. Nous avons l'un des coefficients les plus \u00e9lev\u00e9s de r\u00e9ussite \u00e0 l'examen. Par cons\u00e9quent, l'examen de portique peut \u00eatre pass\u00e9 sans probl\u00e8me et les qualifications appropri\u00e9es peuvent \u00eatre obtenues du premier coup.<\/p>\n<p><strong>Cours sur les portiques - le prix<\/strong><br \/>\nLe prix des cours d\u00e9pend du nombre de participants. Elle est d\u00e9termin\u00e9e individuellement avec le directeur. Les grands groupes peuvent obtenir des r\u00e9ductions int\u00e9ressantes. Veuillez nous contacter pour obtenir le prix exact du service.<\/p>\n<p><strong>Pour participer \u00e0 ce cours, vous devez remplir les conditions suivantes :<\/strong><\/p>\n<ul>\n<li>Avoir plus de 18 ans<\/li>\n<li>Apporter la d\u00e9claration du m\u00e9decin sp\u00e9cialis\u00e9 en m\u00e9decine du travail concernant l'\u00e9tat de sant\u00e9 permettant de travailler sur le poste de l'op\u00e9rateur.<\/li>\n<li>Avoir termin\u00e9 l'\u00e9cole \u00e9l\u00e9mentaire pour les qualifications de portique II S et termin\u00e9 l'\u00e9cole professionnelle (profil technique) pour I S<\/li>\n<\/ul>\n<p><strong>Le droit l\u00e9gal \u00e0 la formation<\/strong><br \/>\nLe r\u00e8glement du ministre de l'\u00e9conomie du 18.07.2001 concernant les qualifications requises lors de l'utilisation et de l'entretien des machines techniques (Dz. U. no 79 item 849).<\/p>\n<p>En choisissant notre offre, vous pouvez obtenir des qualifications de portique adapt\u00e9es \u00e0 diff\u00e9rents types de machines. Notre exp\u00e9rience et nos solutions \u00e9ducatives complexes, notre personnel comp\u00e9tent et nos am\u00e9liorations constantes font que notre centre a du succ\u00e8s aupr\u00e8s des participants aux cours dans toute la Pologne. Si vous avez des questions concernant notre offre, nous sommes toujours \u00e0 votre \u00e9coute. N'h\u00e9sitez pas \u00e0 nous contacter afin de discuter des d\u00e9tails de la mise en \u0153uvre du service, y compris le prix et le moment appropri\u00e9.<\/p>\n<p>Nous vous invitons cordialement sur notre portique de cours au Centre de formation du personnel ERGON !\n<\/p><\/div>\n<div class=\"button_styl\" style=\"float:right; padding-left:15px; padding-bottom:8px; margin-bottom:5px;\"><a href=\"https:\/\/platformaedukacji.pl\/login\/signup.php\" rel=\"nofollow\" target=\"_blank\" class=\"myButton myButton_maly\"><font color=\"white\">Inscrivez-vous pour la formation<\/font><\/a><\/div>\n<div style=\"padding-top:70px;\">\n<h2>Plus d'informations :<\/h2>\n<div style=\"text-align:center; font-size:85%; line-height:120%;\">\n<div style=\"float:left; margin-right:40px; height:290px;\">\n<a href=\"\/fr\/formations\/cours-de-portique\/construction-de-portiques\/\"><img decoding=\"async\" src=\"\/wp-content\/uploads\/2014\/08\/budowa.jpg\" alt=\"Construction de portiques\"><\/a><br \/>\n<a href=\"\/fr\/formations\/cours-de-portique\/construction-de-portiques\/\"><font color=\"black\"><\/p>\n<div style=\"width:300px; font-size:130%;\"><strong>Construction de portiques<\/strong><\/div>\n<p><\/font><\/a>\n<\/div>\n<div style=\"float:left; margin-right:40px; height:290px;\">\n<a href=\"\/fr\/formations\/cours-de-portique\/activites-interdites-2\/\"><img decoding=\"async\" src=\"\/wp-content\/uploads\/2014\/08\/zabronione.jpg\" alt=\"Activit\u00e9s interdites\"><\/a><br \/>\n<a href=\"\/fr\/formations\/cours-de-portique\/activites-interdites-2\/\"><font color=\"black\"><\/p>\n<div style=\"width:300px; font-size:130%;\"><strong>Activit\u00e9s interdites<\/strong><\/div>\n<p><\/font><\/a>\n<\/div>\n<\/div>\n<div style=\"clear:both;\"><\/div>\n<div style=\"text-align:center; font-size:85%; line-height:120%;\">\n<div style=\"float:left; margin-right:40px; height:290px;\">\n<a href=\"\/fr\/formations\/cours-de-portique\/activites-de-preparation\/\"><img decoding=\"async\" src=\"\/wp-content\/uploads\/2014\/08\/przygotowanie.jpg\" alt=\"Activit\u00e9s de pr\u00e9paration\"><\/a><br \/>\n<a href=\"\/fr\/formations\/cours-de-portique\/activites-de-preparation\/\"><font color=\"black\"><\/p>\n<div style=\"width:300px; font-size:130%;\"><strong>Activit\u00e9s de pr\u00e9paration<\/strong><\/div>\n<p><\/font><\/a>\n<\/div>\n<div style=\"float:left; margin-right:40px; height:290px;\">\n<a href=\"\/fr\/formations\/cours-de-portique\/apres-avoir-termine-le-travail\/\"><img decoding=\"async\" src=\"\/wp-content\/uploads\/2014\/08\/po-pracy.jpg\" alt=\"Apr\u00e8s avoir termin\u00e9 le travail\"><\/a><br \/>\n<a href=\"\/fr\/formations\/cours-de-portique\/apres-avoir-termine-le-travail\/\"><font color=\"black\"><\/p>\n<div style=\"width:300px; font-size:130%;\"><strong>Apr\u00e8s avoir termin\u00e9 le travail<\/strong><\/div>\n<p><\/font><\/a>\n<\/div>\n<\/div>\n<\/div>","protected":false},"excerpt":{"rendered":"<p>We invite you for the gantry course to the Centre of Staff Training ERGON. As the centre with longstanding experience, we ensure professional assistance to every our customer- our classes are designed for individual participants as well as for groups of workers pitched by the employer. We take care of the quality of training in ERGON so that it is always on the highest level. If you want to operate gantries, the course in our centre will be a very good investment for the future. Thanks to it, finding a job on the position of the operator will be much easier in Poland and Europe. The description of equipment and its use Nowadays, gantries, which belong to hoisting equipment, are used in many different workplaces, including ship-building industry, transshipment points, warehouses, stockpiles, production and industrial halls. Different methods of constructing machines cause that they can be individually fitted to certain works. In each case, gantry qualifications are needed and they are endued by the Office of Technical Inspection. The following variants are among most often used machines in work places: ndustrial or bridge truck- they are mainny fitted in halls and equipped with the hoist to hang loads which are on platforms. Bridge or truck models are mounted below the ceiling in the hall. hanging- similar to truck ones in construction, but they use trucks hung below the ceiling gate- mainly used in outdoor works, constructed with platforms placed on side bridges connecting gates In our centre, we run gantry courses which let you operate [&hellip;]<\/p>\n","protected":false},"author":1,"featured_media":0,"parent":1522,"menu_order":4,"comment_status":"closed","ping_status":"closed","template":"","meta":{"sfsi_plus_gutenberg_text_before_share":"","sfsi_plus_gutenberg_show_text_before_share":"","sfsi_plus_gutenberg_icon_type":"","sfsi_plus_gutenberg_icon_alignemt":"","sfsi_plus_gutenburg_max_per_row":"","footnotes":""},"class_list":["post-1561","page","type-page","status-publish","hentry","has_thumb"],"aioseo_notices":[],"_links":{"self":[{"href":"https:\/\/kursy-udt.pl\/fr\/wp-json\/wp\/v2\/pages\/1561","targetHints":{"allow":["GET"]}}],"collection":[{"href":"https:\/\/kursy-udt.pl\/fr\/wp-json\/wp\/v2\/pages"}],"about":[{"href":"https:\/\/kursy-udt.pl\/fr\/wp-json\/wp\/v2\/types\/page"}],"author":[{"embeddable":true,"href":"https:\/\/kursy-udt.pl\/fr\/wp-json\/wp\/v2\/users\/1"}],"replies":[{"embeddable":true,"href":"https:\/\/kursy-udt.pl\/fr\/wp-json\/wp\/v2\/comments?post=1561"}],"version-history":[{"count":6,"href":"https:\/\/kursy-udt.pl\/fr\/wp-json\/wp\/v2\/pages\/1561\/revisions"}],"predecessor-version":[{"id":1600,"href":"https:\/\/kursy-udt.pl\/fr\/wp-json\/wp\/v2\/pages\/1561\/revisions\/1600"}],"up":[{"embeddable":true,"href":"https:\/\/kursy-udt.pl\/fr\/wp-json\/wp\/v2\/pages\/1522"}],"wp:attachment":[{"href":"https:\/\/kursy-udt.pl\/fr\/wp-json\/wp\/v2\/media?parent=1561"}],"curies":[{"name":"wp","href":"https:\/\/api.w.org\/{rel}","templated":true}]}}