{"id":1553,"date":"2016-01-21T22:05:42","date_gmt":"2016-01-21T22:05:42","guid":{"rendered":"http:\/\/kursy-udt.pl\/?page_id=1553"},"modified":"2016-01-21T22:07:54","modified_gmt":"2016-01-21T22:07:54","slug":"preparer-le-terrain","status":"publish","type":"page","link":"https:\/\/kursy-udt.eu\/fr\/trainings\/training-on-mobile-elevated-work-platforms\/preparing-the-ground\/","title":{"rendered":"Pr\u00e9parer le terrain"},"content":{"rendered":"<div style=\"float:left; padding-right:10px;\"><img decoding=\"async\" src=\"\/wp-content\/uploads\/2014\/08\/wypadek_m.jpg\" alt=\"\"><\/div>\n<h3>Pr\u00e9parer le terrain pour utiliser les plateformes mobiles<\/h3>\n<p>Garantir un sol appropri\u00e9 pour utiliser les plates-formes mobiles est essentiel pour la s\u00e9curit\u00e9 des travailleurs et de leur environnement. Les nacelles \u00e0 ciseaux, les plates-formes a\u00e9riennes, les plates-formes automotrices et les autres types de plates-formes doivent \u00eatre utilis\u00e9s sur le terrain appropri\u00e9. Toutes les plates-formes ( \u00e0 l'exception des plates-formes suspendues) sont d\u00e9pendantes du sol sur lequel elles se trouvent. Si elle est stable, la machine fonctionne de mani\u00e8re plus s\u00fbre, ce qui permet d'\u00e9viter les accidents du travail. Par cons\u00e9quent, chaque cours sur les plates-formes comporte des informations li\u00e9es \u00e0 la pr\u00e9paration du terrain pour l'utilisation de la machine.<\/p>\n<p>De nos jours, diff\u00e9rents types de nacelles \u00e0 ciseaux, de nacelles \u00e9l\u00e9vatrices et autres sont utilis\u00e9s, ainsi que des nacelles ajust\u00e9es pour \u00eatre utilis\u00e9es sur des sols difficiles. Cependant, toujours avant d'utiliser la nacelle, la plate-forme \u00e0 ciseaux, la colonne \u00e9l\u00e9vatrice ou un autre type de plate-forme automotrice, il est n\u00e9cessaire de v\u00e9rifier et de pr\u00e9parer le terrain. Il est responsable de la s\u00e9curit\u00e9 au travail, mais aussi, en plus, du confort de d\u00e9placement de l'ensemble de la machine.<\/p>\n<p><strong>Avant d'utiliser la machine, vous devez examiner le sol - vous pouvez le faire par une inspection visuelle ou un examen g\u00e9otechnique sp\u00e9cial. Ce sont les terrains les plus souvent utilis\u00e9s et les risques qu'ils comportent :<\/strong><\/p>\n<ul>\n<li>les zones couvertes d'herbe - le plus grand risque est l'herbe situ\u00e9e pr\u00e8s de l'eau o\u00f9 le sol peut \u00eatre affouill\u00e9<\/li>\n<li>les plages - la faible densit\u00e9 du sable et l'effet de l'eau font qu'il s'agit d'une zone difficile.<\/li>\n<li>terres non labour\u00e9es - structures inconnues jusqu'alors, le risque peut \u00eatre des sous-sols et des fosses non marqu\u00e9es<\/li>\n<li>les zones pav\u00e9es et goudronn\u00e9es - elles sont g\u00e9n\u00e9ralement s\u00fbres mais le risque peut \u00eatre le lessivage et les dommages au sol, en particulier \u00e0 ses bords<\/li>\n<li>les centres-villes - le risque est li\u00e9 aux tunnels, aux canaux, aux sous-sols, aux fosses de captage, aux fosses remplies de mani\u00e8re inappropri\u00e9e<\/li>\n<\/ul>\n<p>Il est bon de rappeler que l'\u00e9tat du sol est affect\u00e9 par le temps. Une pluie prolong\u00e9e fait que le sol est plus expos\u00e9 aux glissades et \u00e0 l'affouillement.<\/p>\n<p>Quelles que soient les conditions du sol, il peut \u00eatre indispensable d'utiliser des planches sp\u00e9ciales sous les nacelles \u00e0 ciseaux, les plates-formes a\u00e9riennes ou autres. Ces planches stabilisent la machine et l'emp\u00eachent d'\u00eatre endommag\u00e9e.<\/p>\n<p><strong>Les r\u00e8gles les plus importantes du placement des planches :<\/strong><\/p>\n<ul>\n<li>vous devez centrer la machine et la placer sur les bords de la planche<\/li>\n<li>vous devez combler d'\u00e9ventuels manques dans le sol, par exemple en pla\u00e7ant la machine dans la cuvette<\/li>\n<li>vous ne devez pas placer la planche l\u00e0 o\u00f9 l'on soup\u00e7onne la pr\u00e9sence d'espaces vides sous la premi\u00e8re couche du sol<\/li>\n<li>vous ne devez pas placer la planche et les plateformes dont le mat\u00e9riau peut \u00eatre facilement lessiv\u00e9, par exemple les collines<\/li>\n<\/ul>\n<p>Notre cours sur les nacelles, les ciseaux de levage et autres pr\u00e9sente exactement toutes les informations li\u00e9es \u00e0 la mise en place de la machine en toute s\u00e9curit\u00e9 sur diff\u00e9rents terrains. Plates-formes \u00e9l\u00e9vatrices mobiles, ciseaux, nacelles \u00e9l\u00e9vatrices \u00e0 Warsaw - nous vous invitons \u00e0 consulter notre offre \u00e9ducative !<\/p>","protected":false},"excerpt":{"rendered":"<p>Preparing the ground to use mobile platforms Ensuring the appropriate ground to use mobile platforms is essential for workers\u2019 safety and their surroundings. Scissor lifts, aerial platforms, self-propelled platforms and other types of platforms must be used on the appropriate ground. All platforms ( apart from hanging platforms) are dependent on the ground which they are situated on. If it is stable, then the machine works in a safer way, which prevents accidents at work. Therefore, each course on platforms involves information connected with preparing the ground to use the machine. Nowadays, there are different types of scissor lifts, aerial platforms and others in use; also those lifts which are adjusted to be used on the difficult ground. However, always before the aerial platform, the scissor lift, the column lift or another type of self-propelled platform is used, it is necessary to check and prepare the ground. It is responsible for the safety at work, but also additionally for the comfort of moving the whole machine. Before using the machine, you must examine the ground- you can do it by visual inspection or special geotechnic examination. These are grounds which are most often used and risks carried with them: areas covered with grass- the greatest risk is grass situated near water where the ground can be scoured beaches- the low density of sand and the effect of water causes that this is a difficult area untilled land- previously unknown structures, the risk can be unmarked basements and pits cobbled and tarmac areas- they are generally [&hellip;]<\/p>\n","protected":false},"author":1,"featured_media":0,"parent":1530,"menu_order":0,"comment_status":"closed","ping_status":"closed","template":"","meta":{"sfsi_plus_gutenberg_text_before_share":"","sfsi_plus_gutenberg_show_text_before_share":"","sfsi_plus_gutenberg_icon_type":"","sfsi_plus_gutenberg_icon_alignemt":"","sfsi_plus_gutenburg_max_per_row":"","footnotes":""},"class_list":["post-1553","page","type-page","status-publish","hentry","has_thumb"],"aioseo_notices":[],"_links":{"self":[{"href":"https:\/\/kursy-udt.pl\/fr\/wp-json\/wp\/v2\/pages\/1553","targetHints":{"allow":["GET"]}}],"collection":[{"href":"https:\/\/kursy-udt.pl\/fr\/wp-json\/wp\/v2\/pages"}],"about":[{"href":"https:\/\/kursy-udt.pl\/fr\/wp-json\/wp\/v2\/types\/page"}],"author":[{"embeddable":true,"href":"https:\/\/kursy-udt.pl\/fr\/wp-json\/wp\/v2\/users\/1"}],"replies":[{"embeddable":true,"href":"https:\/\/kursy-udt.pl\/fr\/wp-json\/wp\/v2\/comments?post=1553"}],"version-history":[{"count":3,"href":"https:\/\/kursy-udt.pl\/fr\/wp-json\/wp\/v2\/pages\/1553\/revisions"}],"predecessor-version":[{"id":1556,"href":"https:\/\/kursy-udt.pl\/fr\/wp-json\/wp\/v2\/pages\/1553\/revisions\/1556"}],"up":[{"embeddable":true,"href":"https:\/\/kursy-udt.pl\/fr\/wp-json\/wp\/v2\/pages\/1530"}],"wp:attachment":[{"href":"https:\/\/kursy-udt.pl\/fr\/wp-json\/wp\/v2\/media?parent=1553"}],"curies":[{"name":"wp","href":"https:\/\/api.w.org\/{rel}","templated":true}]}}