{"id":1548,"date":"2016-01-21T22:01:52","date_gmt":"2016-01-21T22:01:52","guid":{"rendered":"http:\/\/kursy-udt.pl\/?page_id=1548"},"modified":"2016-01-21T22:03:40","modified_gmt":"2016-01-21T22:03:40","slug":"les-procedures-de-securite","status":"publish","type":"page","link":"https:\/\/kursy-udt.eu\/fr\/trainings\/training-on-mobile-elevated-work-platforms\/the-safety-procedures\/","title":{"rendered":"Les proc\u00e9dures de s\u00e9curit\u00e9"},"content":{"rendered":"<div style=\"float:left; padding-right:10px;\"><img decoding=\"async\" src=\"\/wp-content\/uploads\/2014\/08\/bezpieczenstwo_m.jpg\" alt=\"\"><\/div>\n<p>Chaque cours sur la nacelle, la plate-forme \u00e0 ciseaux ou tout autre type d'\u00e9quipement comprend des questions de s\u00e9curit\u00e9 et des proc\u00e9dures en cas de menace pour la vie ou la sant\u00e9 de l'op\u00e9rateur et des autres utilisateurs de l'\u00e9quipement. \u00c9tape par \u00e9tape, nous pr\u00e9sentons la proc\u00e9dure \u00e0 suivre lorsque la plate-forme mobile ou un autre type d'\u00e9quipement rend impossible une sortie en douceur de l'op\u00e9rateur et m\u00eame la communication.<\/p>\n<p><strong>Dans de tels cas, la premi\u00e8re activit\u00e9 consiste \u00e0 appeler imm\u00e9diatement certains services. Entre-temps, vous devez prendre des mesures de sauvetage, notamment les activit\u00e9s suivantes :<\/strong><\/p>\n<ul>\n<li>si l'op\u00e9rateur de l'appareil ne peut pas prendre le contr\u00f4le de la situation, alors les personnes se trouvant sur la plate-forme, mais seulement celles ayant les connaissances appropri\u00e9es et l'autorisation du propri\u00e9taire, peuvent utiliser le panneau de commande.<\/li>\n<li>si la situation ci-dessus n'est pas possible, une personne qui se trouve au niveau du sol peut quitter la plate-forme, mais uniquement si elle est familiaris\u00e9e avec la proc\u00e9dure d'urgence pour quitter la plate-forme, si elle est autoris\u00e9e par le travailleur et si elle conna\u00eet toutes les autres proc\u00e9dures de s\u00e9curit\u00e9.<\/li>\n<\/ul>\n<p>Avant de quitter les plates-formes telles que les plates-formes mobiles automotrices, les plates-formes mobiles \u00e0 m\u00e2t, les plates-formes mobiles suspendues ou les plates-formes mobiles remorqu\u00e9es et autres types, il est essentiel de v\u00e9rifier le sol sur lequel elles se trouvent afin de se d\u00e9barrasser des obstacles.<\/p>\n<p>Il est pr\u00e9f\u00e9rable d'utiliser la machine depuis le sol car cela permet de l'utiliser avec pr\u00e9cision, mais vous pouvez \u00e9galement utiliser le niveau de la plate-forme en fonction de la situation. Les cl\u00e9s de la machine doivent \u00eatre conserv\u00e9es par les personnes responsables des activit\u00e9s de sauvetage en cas de d\u00e9faut ou d'accident.<\/p>\n<p>La formation pr\u00e9cise des travailleurs dans le domaine de l'utilisation des plates-formes mobiles est l'\u00e9l\u00e9ment cl\u00e9 pour un travail en toute s\u00e9curit\u00e9. Si les travailleurs n'ont pas les connaissances appropri\u00e9es, le risque d'accident est beaucoup plus \u00e9lev\u00e9. Si vous comptez utiliser des plates-formes mobiles au travail, le cours dispens\u00e9 dans notre centre sera le meilleur choix. Nous vous invitons \u00e0 prendre connaissance de notre offre et \u00e0 l'utiliser.<\/p>","protected":false},"excerpt":{"rendered":"<p>Every course on the aerial platform, the scissor lift or other type of equipment includes safety issues and proceedings in case of life threat or the operator\u2019s health and other users of the equipment. Step by step, we present the procedure which should be performed when the mobile platform or other type of equipment will make it impossible for the operator to get out smoothly and even to communicate. In such cases, the first activity is to immediately call certain services. Meanwhile, you should take some rescue activities which include the following activities: if the operator of the device cannot take control over the situation, then people standing on the platform, but only those having appropriate knowledge and the owner\u2019s authorization, can use the control panel. if the above situation is not possibile, then a person who is at the level of the ground can leave the platform, but only when they are familiarized with the emergency procedure of leaving the platform and they are authorised by the worker and know all other safety procedures. Before leaving platforms such as mobile self-propelled platforms, mobile mast platforms, mobile hanging platforms or towed mobile platforms and other types, it is essential to check the ground which they are situated on in order to get rid of obstacles. It is best to operate the machine from the ground because it lets to operate it precisely but also you can use the level of the platform depending on the certain situation. Keys to the machine should be kept by [&hellip;]<\/p>\n","protected":false},"author":1,"featured_media":0,"parent":1530,"menu_order":0,"comment_status":"closed","ping_status":"closed","template":"","meta":{"sfsi_plus_gutenberg_text_before_share":"","sfsi_plus_gutenberg_show_text_before_share":"","sfsi_plus_gutenberg_icon_type":"","sfsi_plus_gutenberg_icon_alignemt":"","sfsi_plus_gutenburg_max_per_row":"","footnotes":""},"class_list":["post-1548","page","type-page","status-publish","hentry","has_thumb"],"aioseo_notices":[],"_links":{"self":[{"href":"https:\/\/kursy-udt.pl\/fr\/wp-json\/wp\/v2\/pages\/1548","targetHints":{"allow":["GET"]}}],"collection":[{"href":"https:\/\/kursy-udt.pl\/fr\/wp-json\/wp\/v2\/pages"}],"about":[{"href":"https:\/\/kursy-udt.pl\/fr\/wp-json\/wp\/v2\/types\/page"}],"author":[{"embeddable":true,"href":"https:\/\/kursy-udt.pl\/fr\/wp-json\/wp\/v2\/users\/1"}],"replies":[{"embeddable":true,"href":"https:\/\/kursy-udt.pl\/fr\/wp-json\/wp\/v2\/comments?post=1548"}],"version-history":[{"count":3,"href":"https:\/\/kursy-udt.pl\/fr\/wp-json\/wp\/v2\/pages\/1548\/revisions"}],"predecessor-version":[{"id":1551,"href":"https:\/\/kursy-udt.pl\/fr\/wp-json\/wp\/v2\/pages\/1548\/revisions\/1551"}],"up":[{"embeddable":true,"href":"https:\/\/kursy-udt.pl\/fr\/wp-json\/wp\/v2\/pages\/1530"}],"wp:attachment":[{"href":"https:\/\/kursy-udt.pl\/fr\/wp-json\/wp\/v2\/media?parent=1548"}],"curies":[{"name":"wp","href":"https:\/\/api.w.org\/{rel}","templated":true}]}}