{"id":1543,"date":"2016-01-21T21:57:06","date_gmt":"2016-01-21T21:57:06","guid":{"rendered":"http:\/\/kursy-udt.pl\/?page_id=1543"},"modified":"2016-01-21T22:00:41","modified_gmt":"2016-01-21T22:00:41","slug":"travaux-a-proximite-de-lignes-electriques","status":"publish","type":"page","link":"https:\/\/kursy-udt.eu\/fr\/trainings\/training-on-mobile-elevated-work-platforms\/work-near-power-lines\/","title":{"rendered":"Travaux \u00e0 proximit\u00e9 de lignes \u00e9lectriques"},"content":{"rendered":"<div style=\"float:left; padding-right:10px;\"><img decoding=\"async\" src=\"\/wp-content\/uploads\/2014\/08\/linie-energetyczne_m.jpg\" alt=\"\"><\/div>\n<h3>S\u00e9curit\u00e9 lors de l'utilisation de plateformes mobiles \u00e0 proximit\u00e9 de lignes \u00e9lectriques<\/h3>\n<p>Les plates-formes de travail modernes, y compris les nacelles, constituent un choix optimal pour les travaux en altitude. Ensuite, lorsque des travaux ont lieu \u00e0 proximit\u00e9 de lignes \u00e9lectriques, il faut \u00eatre extr\u00eamement prudent. Les chocs \u00e9lectriques sont la cause la plus fr\u00e9quente de d\u00e9c\u00e8s chez les op\u00e9rateurs d'ascenseurs aux \u00c9tats-Unis en 2012. Notre cours sur les nacelles \u00e9l\u00e9vatrices comprend des informations pr\u00e9cises sur la mani\u00e8re de travailler en toute s\u00e9curit\u00e9 sur le site du risque de choc \u00e9lectrique.<\/p>\n<p><strong>Parmi les causes les plus fr\u00e9quentes de chocs \u00e9lectriques, il y a :<\/strong><\/p>\n<ul>\n<li>l'op\u00e9rateur ou certaines parties de la plate-forme s'approchent ou touchent la ligne \u00e9lectrique de mani\u00e8re dangereuse<\/li>\n<li>le manque de connaissance des lignes a\u00e9riennes<\/li>\n<li>l'absence de conscience de l'existence d'un courant passant par les lignes<\/li>\n<li>utilisation inappropri\u00e9e de la plate-forme lorsqu'elle se trouve \u00e0 proximit\u00e9 de lignes \u00e9lectriques<\/li>\n<\/ul>\n<p>Le choc \u00e9lectrique peut \u00eatre att\u00e9nu\u00e9 gr\u00e2ce \u00e0 des actions appropri\u00e9es diminuant le risque ou g\u00e9rant le travail en altitude. Il est essentiel de former correctement l'op\u00e9rateur, qui doit avoir des qualifications UDT (Office of Technical Inspection).<\/p>\n<p><strong>Les r\u00e8gles les plus importantes du travail en toute s\u00e9curit\u00e9 \u00e0 proximit\u00e9 des lignes \u00e9lectriques :<\/strong><\/p>\n<ul>\n<li>dans la mesure du possible, vous devez d\u00e9connecter les lignes d'alimentation en air avant de commencer votre travail<\/li>\n<li>si cela n'est pas possible, vous devez assurer une protection ad\u00e9quate de l'op\u00e9rateur de la plate-forme en le prot\u00e9geant \u00e0 l'aide d'outils con\u00e7us \u00e0 cet effet<\/li>\n<li>vous pouvez utiliser des outils d\u00e9finissant la distance des lignes \u00e9lectriques qui d\u00e9clenchent l'alarme en s'approchant trop d'elles<\/li>\n<li>il est recommand\u00e9 de maintenir une distance maximale de 15 m\u00e8tres avec le bras d'extension compl\u00e8tement d\u00e9ploy\u00e9 pr\u00e8s des poteaux \u00e9lectriques et de 9 m\u00e8tres maximum pr\u00e8s des poteaux \u00e9lectriques en bois.<\/li>\n<li>pendant le travail, il est conseill\u00e9 de fixer au sol la distance maximale de mise en place du bras d'extension<\/li>\n<li>vous devez assurer le contr\u00f4le exact du site par des travailleurs suppl\u00e9mentaires<\/li>\n<li>il doit y avoir des plans appropri\u00e9s pour les urgences et tous les travailleurs doivent \u00eatre inform\u00e9s des proc\u00e9dures<\/li>\n<\/ul>\n<p>La formation appropri\u00e9e et le respect des proc\u00e9dures de s\u00e9curit\u00e9 lors du travail \u00e0 proximit\u00e9 des lignes \u00e9lectriques \u00e0 l'aide de diff\u00e9rents types de plates-formes sont les \u00e9l\u00e9ments les plus importants. Les lignes \u00e9lectriques repr\u00e9sentent un grand danger et les accidents sont les plus fr\u00e9quents et les plus dangereux car la plupart d'entre eux entra\u00eenent la mort. Lors de chaque formation sur les plates-formes \u00e9l\u00e9vatrices mobiles, les sujets EHS sont essentiels pour travailler en altitude sans risque.<\/p>\n<p>Si vous avez besoin d'un cours sur les nacelles \u00e0 Varsovie ou dans toute la Pologne, nous vous invitons \u00e0 utiliser l'offre ERGON.<\/p>","protected":false},"excerpt":{"rendered":"<p>Safety using mobile platforms near power lines Modern working platforms including aerial platforms are an optimal choice while working at altitude. Then, when works are taking place near power lines, it is necessary to be extremely cautious. Power shocks are the most often cause of deaths among lift operators in the USA in 2012. Our aerial platform course includes exact information how to work safe on the site of power shock risk. Among most frequent causes of power shock, there are: the operator or some parts of the platform approaching or touching the power line in a dangerous way the lack of the awareness of air power lines the lack of the awareness of power running through lines inappropriate operation of the platform when it is near power lines The power shock can be mitigated thanks to appropriate actions decreasing the risk or managing the work at altitude. It is essential to properly train the operator, who should have UDT (the Office of Technical Inspection) qualifications. Most important rules of safe work near power lines: wherever it is possible, you should disconnect the air power lines before starting the job if it is not possible, you should ensure adequate protection for the operator of the platform by shielding them using designed tools you can use tools defining the distance from power lines which set on the alarm by approaching them too much it is recommended to maintain the distance of maximum 15 metres having the extension arm fully set out near power poles and maximum [&hellip;]<\/p>\n","protected":false},"author":1,"featured_media":0,"parent":1530,"menu_order":0,"comment_status":"closed","ping_status":"closed","template":"","meta":{"sfsi_plus_gutenberg_text_before_share":"","sfsi_plus_gutenberg_show_text_before_share":"","sfsi_plus_gutenberg_icon_type":"","sfsi_plus_gutenberg_icon_alignemt":"","sfsi_plus_gutenburg_max_per_row":"","footnotes":""},"class_list":["post-1543","page","type-page","status-publish","hentry","has_thumb"],"aioseo_notices":[],"_links":{"self":[{"href":"https:\/\/kursy-udt.pl\/fr\/wp-json\/wp\/v2\/pages\/1543","targetHints":{"allow":["GET"]}}],"collection":[{"href":"https:\/\/kursy-udt.pl\/fr\/wp-json\/wp\/v2\/pages"}],"about":[{"href":"https:\/\/kursy-udt.pl\/fr\/wp-json\/wp\/v2\/types\/page"}],"author":[{"embeddable":true,"href":"https:\/\/kursy-udt.pl\/fr\/wp-json\/wp\/v2\/users\/1"}],"replies":[{"embeddable":true,"href":"https:\/\/kursy-udt.pl\/fr\/wp-json\/wp\/v2\/comments?post=1543"}],"version-history":[{"count":3,"href":"https:\/\/kursy-udt.pl\/fr\/wp-json\/wp\/v2\/pages\/1543\/revisions"}],"predecessor-version":[{"id":1546,"href":"https:\/\/kursy-udt.pl\/fr\/wp-json\/wp\/v2\/pages\/1543\/revisions\/1546"}],"up":[{"embeddable":true,"href":"https:\/\/kursy-udt.pl\/fr\/wp-json\/wp\/v2\/pages\/1530"}],"wp:attachment":[{"href":"https:\/\/kursy-udt.pl\/fr\/wp-json\/wp\/v2\/media?parent=1543"}],"curies":[{"name":"wp","href":"https:\/\/api.w.org\/{rel}","templated":true}]}}