{"id":1538,"date":"2016-01-21T21:47:56","date_gmt":"2016-01-21T21:47:56","guid":{"rendered":"http:\/\/kursy-udt.pl\/?page_id=1538"},"modified":"2016-01-21T21:52:22","modified_gmt":"2016-01-21T21:52:22","slug":"ce-quil-faut-faire-et-ce-quil-ne-faut-pas-faire","status":"publish","type":"page","link":"https:\/\/kursy-udt.eu\/fr\/trainings\/training-on-mobile-elevated-work-platforms\/dos-and-donts\/","title":{"rendered":"A faire et \u00e0 ne pas faire"},"content":{"rendered":"<div style=\"float:left; padding-right:10px;\"><img decoding=\"async\" src=\"\/wp-content\/uploads\/2014\/08\/nakazy-zakazy_m.jpg\" alt=\"\"><\/div>\n<h3>Les principales choses \u00e0 faire et \u00e0 ne pas faire lorsqu'on travaille sur des plateformes mobiles<\/h3>\n<p>Les travailleurs d\u00e9sireux d'obtenir des qualifications UDT (l'Office de contr\u00f4le technique) pour les plates-formes mobiles de diff\u00e9rents types, acqui\u00e8rent un bagage th\u00e9orique complexe qui comprend \u00e9galement des r\u00e8gles de s\u00e9curit\u00e9.<\/p>\n<p><strong>Avant <strong>la machine<\/strong> est utilis\u00e9 :\u00a0<\/strong><\/p>\n<ul>\n<li>vous devez accomplir toutes les activit\u00e9s quotidiennes en examinant la machine<\/li>\n<li>vous ne devez pas utiliser des appareils endommag\u00e9s ou incomplets<\/li>\n<li>vous ne devez pas utiliser de dispositifs qui ne sont pas adapt\u00e9s \u00e0 chaque sol<\/li>\n<\/ul>\n<p><strong>Avant de d\u00e9placer la machine :<\/strong><\/p>\n<ul>\n<li>vous devez v\u00e9rifier exactement le terrain en fonction de ses dommages et obstacles<\/li>\n<li>vous devez v\u00e9rifier le sens de d\u00e9placement de la machine<\/li>\n<\/ul>\n<p><strong>D\u00e9placement de la machine :<\/strong><\/p>\n<ul>\n<li>vous devez constamment v\u00e9rifier l'espace devant et au-dessus de la machine dans le sens de son d\u00e9placement<\/li>\n<li>vous devez d\u00e9placer la plate-forme \u00e0 une certaine vitesse<\/li>\n<li>vous devez utiliser la machine pour \u00e9viter les obstacles pop-up<\/li>\n<li>vous ne devez pas vous pencher sur les barri\u00e8res de la machine<\/li>\n<li>vous ne devez pas placer d'objets sur le panneau de commande<\/li>\n<li>vous ne devez pas vous pencher en arri\u00e8re sur le panneau de commande<\/li>\n<li>vous ne devez pas utiliser de t\u00e9l\u00e9phones portables<\/li>\n<\/ul>\n<p><strong>Placer <strong>la machine<\/strong> dans la position appropri\u00e9e :<\/strong><\/p>\n<ul>\n<li>vous devez r\u00e9gler la hauteur de la machine sur le niveau appropri\u00e9<\/li>\n<li>vous devez faire attention \u00e0 tous les obstacles pop-up, \u00e9galement au plafond<\/li>\n<li>vous devez v\u00e9rifier le sol en consid\u00e9rant ses dommages et son niveau<\/li>\n<\/ul>\n<p><strong>Utilisation de <strong>la machine<\/strong>:<\/strong><\/p>\n<ul>\n<li>les plateformes mobiles ne doivent pas \u00eatre utilis\u00e9es par des personnes sans formation<\/li>\n<li>l'op\u00e9rateur doit \u00eatre familiaris\u00e9 avec le type de machine en question<\/li>\n<li>l'op\u00e9rateur doit conna\u00eetre les risques li\u00e9s \u00e0 l'utilisation de la machine et les r\u00e8gles de travail<\/li>\n<\/ul>\n<p><strong>Sauvetage :<\/strong><\/p>\n<ul>\n<li>vous ne devez pas utiliser la machine si vous n'\u00eates pas s\u00fbr des proc\u00e9dures de sauvetage et s'il n'y a personne dans les environs qui puisse les conna\u00eetre.<\/li>\n<\/ul>\n<p>En outre, le cours sur les plates-formes mobiles comprend d'autres questions li\u00e9es aux r\u00e8gles de s\u00e9curit\u00e9 lors de l'utilisation de la machine. En tant qu'op\u00e9rateur, vous devez conna\u00eetre toutes les r\u00e8gles pr\u00e9sent\u00e9es pour les plates-formes mobiles, les camions mobiles, ceux \u00e0 basse vitesse et autres en fonction de son type et des qualifications obtenues. <\/p>\n<p>En choisissant notre cours sur les plates-formes mobiles, vous obtiendrez un service complexe comprenant une formation th\u00e9orique et pratique qui vous permettra d'utiliser la machine en toute s\u00e9curit\u00e9.<\/p>","protected":false},"excerpt":{"rendered":"<p>Most important Dos and don\u2019ts while working on mobile platforms Workers wanting to obtain UDT (the Office of Technical Inspection) qualifications for mobile platforms of various types, gain complex theoretical background which also include safety rules. Before the machine is used:\u00a0 you must fulfill all everyday activities examining the machine you mustn\u2019t use damaged or incomplete devices you mustn\u2019t use devices which are not adjusted to every ground Before moving the machine: you must exactly check the ground according to its damages and obstacles you must check the direction of moving the machine Moving the machine: you must constantly check the space in front of and over the machine in the direction of moving it you must move the platform at certain speed you must operate the machine to avoid pop-up obstacles you mustn\u2019t lean over the barriers of the machine you mustn\u2019t place objects on the control panel you mustn\u2019t lean back on the control panel you mustn\u2019t use mobile phones Placing the machine in the appropriate position: you must set the height of the machine on the appropriate level you must mind all pop-up obstacles, also on the ceiling you must check the ground considering its damages and level Using the machine: mobile platforms should not be used by people without training the operator should be familiar with the certain type of the machine the operator should be familiar with the risk of using the machine and the rules of work Rescue: you shouldn\u2019t use the machine in case you are not sure [&hellip;]<\/p>\n","protected":false},"author":1,"featured_media":0,"parent":1530,"menu_order":0,"comment_status":"closed","ping_status":"closed","template":"","meta":{"sfsi_plus_gutenberg_text_before_share":"","sfsi_plus_gutenberg_show_text_before_share":"","sfsi_plus_gutenberg_icon_type":"","sfsi_plus_gutenberg_icon_alignemt":"","sfsi_plus_gutenburg_max_per_row":"","footnotes":""},"class_list":["post-1538","page","type-page","status-publish","hentry","has_thumb"],"aioseo_notices":[],"_links":{"self":[{"href":"https:\/\/kursy-udt.pl\/fr\/wp-json\/wp\/v2\/pages\/1538","targetHints":{"allow":["GET"]}}],"collection":[{"href":"https:\/\/kursy-udt.pl\/fr\/wp-json\/wp\/v2\/pages"}],"about":[{"href":"https:\/\/kursy-udt.pl\/fr\/wp-json\/wp\/v2\/types\/page"}],"author":[{"embeddable":true,"href":"https:\/\/kursy-udt.pl\/fr\/wp-json\/wp\/v2\/users\/1"}],"replies":[{"embeddable":true,"href":"https:\/\/kursy-udt.pl\/fr\/wp-json\/wp\/v2\/comments?post=1538"}],"version-history":[{"count":3,"href":"https:\/\/kursy-udt.pl\/fr\/wp-json\/wp\/v2\/pages\/1538\/revisions"}],"predecessor-version":[{"id":1541,"href":"https:\/\/kursy-udt.pl\/fr\/wp-json\/wp\/v2\/pages\/1538\/revisions\/1541"}],"up":[{"embeddable":true,"href":"https:\/\/kursy-udt.pl\/fr\/wp-json\/wp\/v2\/pages\/1530"}],"wp:attachment":[{"href":"https:\/\/kursy-udt.pl\/fr\/wp-json\/wp\/v2\/media?parent=1538"}],"curies":[{"name":"wp","href":"https:\/\/api.w.org\/{rel}","templated":true}]}}