{"id":1530,"date":"2016-01-21T21:38:32","date_gmt":"2016-01-21T21:38:32","guid":{"rendered":"http:\/\/kursy-udt.pl\/?page_id=1530"},"modified":"2016-01-21T22:24:30","modified_gmt":"2016-01-21T22:24:30","slug":"formation-sur-les-plates-formes-elevatrices-mobiles-de-personnel","status":"publish","type":"page","link":"https:\/\/kursy-udt.eu\/fr\/trainings\/training-on-mobile-elevated-work-platforms\/","title":{"rendered":"Formation sur les plates-formes \u00e9l\u00e9vatrices mobiles"},"content":{"rendered":"<div style=\"float:left; padding-right:10px;\"><img decoding=\"async\" src=\"\/wp-content\/uploads\/2014\/04\/10-pokaz.jpeg\" alt=\"Plates-formes mobiles - photo\"><\/div>\n<div class=\"wyjustuj\">Au Centre de formation du personnel ERGON, nous organisons des cours pour les plates-formes mobiles, qui sont destin\u00e9s aux travailleurs souhaitant obtenir des qualifications UDT (l'Office de contr\u00f4le technique). Les plateformes mobiles sont de plus en plus souvent utilis\u00e9es sur les chantiers et les travaux de moutonnement. Des formations sont indispensables pour les exploiter de mani\u00e8re professionnelle. Dans notre offre de formation, vous trouverez des cours pour les plates-formes mobiles de cat\u00e9gorie IP et IIP telles que : les plates-formes \u00e9l\u00e9vatrices de travail sur m\u00e2t et mobiles : automotrices \u00e0 basse vitesse et mobiles, les nacelles et les plates-formes \u00e0 ciseaux. Ils laissent acqu\u00e9rir les qualifications n\u00e9cessaires pour travailler avec tous les types d'\u00e9quipement.<\/p>\n<p>Les formations dispens\u00e9es par notre centre comprennent un large \u00e9ventail de th\u00e9orie et de pratique. Chaque cours sur les plates-formes mobiles est divis\u00e9 en parties qui comprennent des informations d\u00e9taill\u00e9es sur la position de travail et les r\u00e9glementations EHS ainsi que les r\u00e9glementations de l'inspection technique, de la construction, de la maintenance et de l'exploitation des appareils. Apr\u00e8s avoir suivi le cours, vous pouvez passer l'examen de l'UDT (Office of Technical Inspection) pour obtenir la qualification de plate-forme \u00e9l\u00e9vatrice mobile.<\/p>\n<p><strong>Types de qualifications :<\/strong><br \/>\nLes formations que nous organisons vous aideront \u00e0 obtenir les qualifications UDT (Office of Technical Inspection) suivantes :<br \/>\n<strong>Qualifications IP de cat\u00e9gorie :<\/strong><\/p>\n<ul>\n<li>les plates-formes mobiles \u00e0 faible vitesse (nacelles \u00e0 ciseaux)<\/li>\n<\/ul>\n<div style=\"height:230px; float:left; margin-right:25px;\"><img decoding=\"async\" src=\"\/wp-content\/uploads\/2014\/04\/pion-2-podesty-ruchome.jpg\" alt=\"cours pour les plates-formes mobiles mobiles\"><\/div>\n<div style=\"height:230px; float:left; margin-right:25px;\"><img decoding=\"async\" src=\"\/wp-content\/uploads\/2014\/04\/pion-4-kurs-na-podesty-ruchome.jpg\" alt=\"Plates-formes mobiles fixes Ergon\"><\/div>\n<div style=\"height:230px; float:left; margin-right:25px;\"><img decoding=\"async\" src=\"\/wp-content\/uploads\/2014\/04\/pion-1-podesty.jpg\" alt=\"Ergon Varsovie\"><\/div>\n<div style=\"height:230px; float:left; margin-right:25px;\"><img decoding=\"async\" src=\"\/wp-content\/uploads\/2014\/04\/pion-3-podest-zdjecie.jpg\" alt=\"nacelles \u00e0 ciseaux et nacelles \u00e9l\u00e9vatrices\"><\/div>\n<div style=\"clear:both;\"><\/div>\n<ul>\n<li>automoteurs (plates-formes a\u00e9riennes))<\/li>\n<li>mobile ( les chenilles ont boucl\u00e9 la voiture)<\/li>\n<\/ul>\n<div style=\"height:180px; float:left; margin-right:20px;\"><img decoding=\"async\" src=\"\/wp-content\/uploads\/2014\/04\/09-slajd.jpeg\" alt=\"formation plateformes - cat\u00e9gorie IP\"><\/div>\n<div style=\"height:180px; float:left; margin-right:20px;\"><img decoding=\"async\" src=\"\/wp-content\/uploads\/2014\/04\/07-podesty-ruchome-udt.jpeg\" alt=\"cours pour les qualifications UDT\"><\/div>\n<div style=\"height:180px; float:left; margin-right:20px;\"><img decoding=\"async\" src=\"\/wp-content\/uploads\/2014\/04\/06-fotografia.jpeg\" alt=\"Ergon Varsovie\"><\/div>\n<div style=\"clear:both;\"><\/div>\n<p><strong>Qualifications de la cat\u00e9gorie IIP :<\/strong><\/p>\n<ul>\n<li>suspension<\/li>\n<li>stationnaire<\/li>\n<li>m\u00e2t<\/li>\n<\/ul>\n<div style=\"height:180px; float:left; margin-right:20px;\"><img decoding=\"async\" src=\"\/wp-content\/uploads\/2014\/04\/3-pic.jpg\" alt=\"\"><\/div>\n<div style=\"height:180px; float:left; margin-right:20px;\"><img decoding=\"async\" src=\"\/wp-content\/uploads\/2014\/04\/2-zdjecie.jpg\" alt=\"Formations et cours Ergon\"><\/div>\n<div style=\"height:180px; float:left; margin-right:20px;\"><img decoding=\"async\" src=\"\/wp-content\/uploads\/2014\/04\/1-foto.jpg \" alt=\"\"><\/div>\n<div style=\"clear:both;\"><\/div>\n<p><strong>Utilisation<\/strong><br \/>\nLes plates-formes mobiles sont class\u00e9es dans la cat\u00e9gorie des dispositifs de grue de levage. Ils sont con\u00e7us pour le levage de mat\u00e9riaux et de personnes \u00e0 une certaine altitude \u00e0 l'aide d'une plate-forme ou d'un wagon nacelle, qui sont accroch\u00e9s \u00e0 un palan ou soulev\u00e9s par la grue de levage. Les plates-formes sont divis\u00e9es en deux cat\u00e9gories : statiques (situ\u00e9es \u00e0 un seul endroit) et autopropuls\u00e9es (mobiles, par exemple, mont\u00e9es sur camion). Tous les types d'appareils sont soumis \u00e0 un contr\u00f4le technique.<\/p>\n<p>Les plates-formes mobiles sont principalement utilis\u00e9es lors de travaux de construction, d'\u00e9lagage, d'installation et de d\u00e9coration en altitude. Ils sont \u00e9galement utilis\u00e9s dans la publicit\u00e9, les travaux de nettoyage et de nombreux autres domaines qui n\u00e9cessitent de hisser un travailleur, un \u00e9quipement ou un mat\u00e9riel \u00e0 une certaine altitude. Il existe diff\u00e9rentes plateformes mobiles utilis\u00e9es, mais des qualifications sont n\u00e9cessaires pour chaque type de machine.<\/p>\n<p><strong>Le but de la formation<\/strong><br \/>\nLes personnes de plus de 18 ans, sans contre-indication m\u00e9dicale \u00e0 travailler comme op\u00e9rateur et ayant au moins une \u00e9ducation \u00e9l\u00e9mentaire peuvent participer \u00e0 la formation.<\/p>\n<p>La formation \u00e0 la plate-forme mobile permet au travailleur d'utiliser la machine sur la base des connaissances et des comp\u00e9tences acquises conform\u00e9ment \u00e0 une certaine cat\u00e9gorie de qualifications et elle peut garantir un fonctionnement s\u00fbr. Les cours pr\u00e9parent \u00e0 l'examen de l'UDT (l'Office d'inspection technique) et apr\u00e8s l'avoir r\u00e9ussi, vous pouvez obtenir des qualifications pour utiliser la machine.<\/p>\n<p>Nous vous invitons \u00e0 utiliser notre offre, des cours sont r\u00e9guli\u00e8rement dispens\u00e9s et ils peuvent \u00e9galement se d\u00e9rouler au lieu et \u00e0 l'heure choisis par le directeur. Nous vous donnons la possibilit\u00e9 de n\u00e9gocier les prix. Nous vous encourageons \u00e0 acqu\u00e9rir des qualifications dans notre centre.<\/p><\/div>\n<div class=\"button_styl\" style=\"float:right; padding-left:15px; padding-bottom:8px; margin-bottom:5px;\"><a href=\"https:\/\/platformaedukacji.pl\/login\/signup.php\" rel=\"nofollow\" target=\"_blank\" class=\"myButton myButton_maly\"><font color=\"white\">Inscrivez-vous \u00e0 la formation<\/font><\/a><\/div>\n<div style=\"padding-top:70px;\">\n<h2>Plus d'informations :<\/h2>\n<div style=\"text-align:center; font-size:85%; line-height:120%;\">\n<div style=\"float:left; margin-right:40px; height:290px;\">\n<a href=\"\/fr\/formations\/formation-sur-les-plates-formes-elevatrices-mobiles-de-personnel\/ce-quil-faut-faire-et-ce-quil-ne-faut-pas-faire\/\"><img decoding=\"async\" src=\"\/wp-content\/uploads\/2014\/08\/nakazy-zakazy.jpg\" alt=\"\"><\/a><br \/>\n<a href=\"\/fr\/formations\/formation-sur-les-plates-formes-elevatrices-mobiles-de-personnel\/ce-quil-faut-faire-et-ce-quil-ne-faut-pas-faire\/\"><font color=\"black\"><\/p>\n<div style=\"width:300px; font-size:130%;\"><strong>A faire et \u00e0 ne pas faire<\/strong><\/div>\n<p><\/font><\/a>\n<\/div>\n<div style=\"float:left; margin-right:40px; height:290px;\">\n<a href=\"\/fr\/formations\/formation-sur-les-plates-formes-elevatrices-mobiles-de-personnel\/travaux-a-proximite-de-lignes-electriques\/\"><img decoding=\"async\" src=\"\/wp-content\/uploads\/2014\/08\/linie-energetyczne.jpg\" alt=\"\"><\/a><br \/>\n<a href=\"\/fr\/formations\/formation-sur-les-plates-formes-elevatrices-mobiles-de-personnel\/travaux-a-proximite-de-lignes-electriques\/\"><font color=\"black\"><\/p>\n<div style=\"width:300px; font-size:130%;\"><strong>Travaux \u00e0 proximit\u00e9 de lignes \u00e9lectriques<\/strong><\/div>\n<p><\/font><\/a>\n<\/div>\n<\/div>\n<div style=\"clear:both;\"><\/div>\n<div style=\"text-align:center; font-size:85%; line-height:120%;\">\n<div style=\"float:left; margin-right:40px; height:290px;\">\n<a href=\"\/fr\/formations\/formation-sur-les-plates-formes-elevatrices-mobiles-de-personnel\/les-procedures-de-securite\/\"><img decoding=\"async\" src=\"\/wp-content\/uploads\/2014\/08\/bezpieczenstwo.jpg\" alt=\"\"><\/a><br \/>\n<a href=\"\/fr\/formations\/formation-sur-les-plates-formes-elevatrices-mobiles-de-personnel\/les-procedures-de-securite\/\"><font color=\"black\"><\/p>\n<div style=\"width:300px; font-size:130%;\"><strong>Les proc\u00e9dures de s\u00e9curit\u00e9<\/strong><\/div>\n<p><\/font><\/a>\n<\/div>\n<div style=\"float:left; margin-right:40px; height:290px;\">\n<a href=\"\/fr\/formations\/formation-sur-les-plates-formes-elevatrices-mobiles-de-personnel\/preparer-le-terrain\/\"><img decoding=\"async\" src=\"\/wp-content\/uploads\/2014\/08\/wypadek.jpg\" alt=\"\"><\/a><br \/>\n<a href=\"\/fr\/formations\/formation-sur-les-plates-formes-elevatrices-mobiles-de-personnel\/preparer-le-terrain\/\"><font color=\"black\"><\/p>\n<div style=\"width:300px; font-size:130%;\"><strong>Pr\u00e9parer le terrain<\/strong><\/div>\n<p><\/font><\/a>\n<\/div>\n<\/div>\n<\/div>","protected":false},"excerpt":{"rendered":"<p>In the Centre for Staff Training ERGON, we run courses for mobile platforms, which are designed for workers wanting to obtain UDT (the Office of Technical Inspection) qualifications. Mobile platforms are more and more often used on building sites and mouting works. Trainings are essential to operate them professionally. In our training offer, you will find courses for mobile platforms in category IP and IIP such as: mast and mobile elevated work platforms: low-speed and mobile self-propelled, aerial platforms and scissor lifts. They let gain necessary qualifications to work with all types of equipment. Trainings run by our centre include a wide range of theory and practice. Every course on mobile platforms is divided into parts which include detailed information on working position and EHS regulations as well as regulations of technical inspection, building, maintenance and device operation. After the course completion, you can take UDT (the Office of Technical Inspection) exam to obtain mobile elevated work platform qualifications. Types of qualifications: Trainings run by us will help you to obtain the following UDT (the Office of Technical Inspection) qualifications: Category IP qualifications: low-speed mobile platforms (scissor lifts) self-propelled (aerial platforms)) mobile ( crawlers buckled down the car) Category IIP qualifications: hanging stationary mast Usage Mobile platforms are classified to the category of hoisting crane devices. They are designed for hoisting materials and people at certain altitude using a platform or a gondola car, which are hung on a hoist or lifted by the hoisting crane. Platforms are divided into static (situated in one place) [&hellip;]<\/p>\n","protected":false},"author":1,"featured_media":0,"parent":1522,"menu_order":0,"comment_status":"closed","ping_status":"closed","template":"","meta":{"sfsi_plus_gutenberg_text_before_share":"","sfsi_plus_gutenberg_show_text_before_share":"","sfsi_plus_gutenberg_icon_type":"","sfsi_plus_gutenberg_icon_alignemt":"","sfsi_plus_gutenburg_max_per_row":"","footnotes":""},"class_list":["post-1530","page","type-page","status-publish","hentry","has_thumb"],"aioseo_notices":[],"_links":{"self":[{"href":"https:\/\/kursy-udt.pl\/fr\/wp-json\/wp\/v2\/pages\/1530","targetHints":{"allow":["GET"]}}],"collection":[{"href":"https:\/\/kursy-udt.pl\/fr\/wp-json\/wp\/v2\/pages"}],"about":[{"href":"https:\/\/kursy-udt.pl\/fr\/wp-json\/wp\/v2\/types\/page"}],"author":[{"embeddable":true,"href":"https:\/\/kursy-udt.pl\/fr\/wp-json\/wp\/v2\/users\/1"}],"replies":[{"embeddable":true,"href":"https:\/\/kursy-udt.pl\/fr\/wp-json\/wp\/v2\/comments?post=1530"}],"version-history":[{"count":5,"href":"https:\/\/kursy-udt.pl\/fr\/wp-json\/wp\/v2\/pages\/1530\/revisions"}],"predecessor-version":[{"id":1567,"href":"https:\/\/kursy-udt.pl\/fr\/wp-json\/wp\/v2\/pages\/1530\/revisions\/1567"}],"up":[{"embeddable":true,"href":"https:\/\/kursy-udt.pl\/fr\/wp-json\/wp\/v2\/pages\/1522"}],"wp:attachment":[{"href":"https:\/\/kursy-udt.pl\/fr\/wp-json\/wp\/v2\/media?parent=1530"}],"curies":[{"name":"wp","href":"https:\/\/api.w.org\/{rel}","templated":true}]}}