{"id":1522,"date":"2016-01-21T21:25:45","date_gmt":"2016-01-21T21:25:45","guid":{"rendered":"http:\/\/kursy-udt.pl\/?page_id=1522"},"modified":"2016-01-23T16:10:38","modified_gmt":"2016-01-23T16:10:38","slug":"formations","status":"publish","type":"page","link":"https:\/\/kursy-udt.eu\/fr\/trainings\/","title":{"rendered":"Formations"},"content":{"rendered":"<div class=\"wyjustuj\">\n<h3>PSample devices pour lesquels nous organisons des cours et des examens.<\/h3>\n<div style=\"text-align: center; font-size: 85%; line-height: 100%;\">\n<div style=\"float: left; margin-right: 20px; height: 210px;\"><a href=\"\/fr\/formations\/formation-sur-les-plates-formes-elevatrices-mobiles-de-personnel\/\"><img decoding=\"async\" alt=\"formations udt Warszawa entreprise ergon\" src=\"\/wp-content\/uploads\/2014\/04\/05-podesty-ruchome.jpeg\" \/><\/a><br \/>\n<a href=\"\/fr\/formations\/formation-sur-les-plates-formes-elevatrices-mobiles-de-personnel\/\"><span style=\"color: black;\"><\/span><\/a><\/p>\n<div style=\"width: 200px;\"><strong>Plates-formes de travail \u00e9l\u00e9vatrices mobiles \u00e0 faible vitesse<\/strong><br \/>\nc.-\u00e0-d. plates-formes, nacelles \u00e0 ciseaux, plates-formes de travail- cat. IP<\/div>\n<\/div>\n<div style=\"float: left; margin-right: 20px; height: 210px;\"><a href=\"\/fr\/formations\/formation-sur-les-plates-formes-elevatrices-mobiles-de-personnel\/\"><img decoding=\"async\" alt=\"cours pour les plateformes mobiles\" src=\"\/wp-content\/uploads\/2014\/04\/08-fotogr.jpeg\" \/><\/a><br \/>\n<a href=\"\/fr\/formations\/formation-sur-les-plates-formes-elevatrices-mobiles-de-personnel\/\"><span style=\"color: black;\"><\/span><\/a><\/p>\n<div style=\"width: 200px;\"><strong>Plates-formes de travail \u00e9l\u00e9vatrices mobiles \u00e0 faible vitesse<\/strong><br \/>\nc'est-\u00e0-dire les plates-formes a\u00e9riennes, les v\u00e9hicules articul\u00e9s t\u00e9lescopiques - cat. IP<\/div>\n<\/div>\n<div style=\"float: left; margin-right: 20px; height: 210px;\"><a href=\"\/fr\/formations\/formation-sur-les-plates-formes-elevatrices-mobiles-de-personnel\/\"><img decoding=\"async\" alt=\"plateformes mobiles Varsovie\" src=\"\/wp-content\/uploads\/2014\/04\/podest-ruchomy-samojezdny.jpg\" \/><\/a><br \/>\n<a href=\"\/fr\/formations\/formation-sur-les-plates-formes-elevatrices-mobiles-de-personnel\/\"><span style=\"color: black;\"><\/span><\/a><\/p>\n<div style=\"width: 200px;\"><strong>Plates-formes \u00e9l\u00e9vatrices mobiles autopropuls\u00e9es<\/strong><br \/>\nc'est-\u00e0-dire des plates-formes a\u00e9riennes mont\u00e9es sur des camions - cat. IP<\/div>\n<\/div>\n<\/div>\n<div style=\"text-align: center; font-size: 85%; line-height: 100%;\">\n<div style=\"float: left; margin-right: 20px; height: 210px;\"><a href=\"\/fr\/formations\/telescopique\/\"><img decoding=\"async\" alt=\"cours de chariot \u00e9l\u00e9vateur ergon\" src=\"\/wp-content\/uploads\/2014\/04\/ladowarka-teleskopowa.jpg\" \/><\/a><br \/>\n<a href=\"\/fr\/formations\/telescopique\/\"><span style=\"color: black;\"><\/span><\/a><\/p>\n<div style=\"width: 200px;\"><strong>Chargeurs t\u00e9lescopiques<\/strong><br \/>\navec bras d'extension interchangeable- cat. IWJO<\/div>\n<\/div>\n<div style=\"float: left; margin-right: 20px; height: 210px;\"><a href=\"\/fr\/formations\/cours-de-chariot-elevateur\/\"><img decoding=\"async\" alt=\"cours d&#039;op\u00e9rateur de chariot \u00e9l\u00e9vateur ergon\" src=\"\/wp-content\/uploads\/2014\/03\/wozki-widlowe-4.jpeg\" \/><\/a><br \/>\n<a href=\"\/fr\/formations\/cours-de-chariot-elevateur\/\"><span style=\"color: black;\"><\/span><\/a><\/p>\n<div style=\"width: 200px;\"><strong>Chariot \u00e9l\u00e9vateur<\/strong><br \/>\ni.e. chariots \u00e9l\u00e9vateurs \u00e0 fourche cat. - IIWJO<\/div>\n<\/div>\n<div style=\"float: left; margin-right: 20px; height: 210px;\"><a href=\"\/fr\/formations\/cours-de-chariot-elevateur\/\"><img decoding=\"async\" alt=\"formation ergonomique\" src=\"\/wp-content\/uploads\/2014\/04\/wozki-jezdniowe-unoszace.jpg\" \/><\/a><br \/>\n<a href=\"\/fr\/formations\/cours-de-chariot-elevateur\/\"><span style=\"color: black;\"><\/span><\/a><\/p>\n<div style=\"width: 200px;\"><strong>Chariots \u00e9l\u00e9vateurs<\/strong><br \/>\nc'est-\u00e0-dire les camions \u00e0 plate-forme cat. - IIIWJO<\/div>\n<\/div>\n<\/div>\n<h3>Formation UDT Ergon<\/h3>\n<p>Dans l'Office de formation du personnel ERGON, nous r\u00e9alisons des formations professionnelles UDT (l'Office de contr\u00f4le technique) donnant des qualifications UDT. Nos cours UDT sont con\u00e7us pour les clients qui recherchent une assistance approfondie pour am\u00e9liorer leurs qualifications et celles de leurs employ\u00e9s sur des postes pour lesquels des cours UDT sont n\u00e9cessaires. Nous coop\u00e9rons constamment avec l'UDT - les formations sont organis\u00e9es en permanence selon les derni\u00e8res exigences.<\/p>\n<div style=\"float:right; padding-left:10px;\"><img decoding=\"async\" src=\"\/wp-content\/uploads\/2014\/09\/podesty.jpeg\" alt=\"\"><\/div>\n<p>Nous proposons des cours UDT \u00e0 des prix abordables en fonction du nombre de participants. Tous les cours sont dispens\u00e9s par des sp\u00e9cialistes qualifi\u00e9s qui utilisent des supports de formation modernes et nous mettons l'accent \u00e0 la fois sur la th\u00e9orie et la pratique. Gr\u00e2ce \u00e0 cela, les formations UDT men\u00e9es par le Centre de formation du personnel d\u00e9passent la meilleure efficacit\u00e9 et elles sont souvent recommand\u00e9es. Nous organisons des formations UDT ouvertes et ferm\u00e9es. Nous pouvons \u00e9galement adapter l'offre au profil de l'entreprise.<\/p>\n<p>Dans notre offre, vous trouverez les qualifications suivantes de l'Office d'inspection technique :<\/p>\n<ul>\n<li>portiques command\u00e9s depuis le sol et l'\u00e9tage de travail<\/li>\n<li>treuils command\u00e9s depuis la cabine et le plancher de travail<\/li>\n<li>grues de transport et de construction avec service<\/li>\n<li>grues \u00e0 tour, grues sur rail et grues \u00e0 fl\u00e8che mobile (HDS)<\/li>\n<li>les chariots \u00e9l\u00e9vateurs \u00e0 fourche, y compris les chariots \u00e9l\u00e9vateurs et les chariots sp\u00e9cialis\u00e9s, c'est-\u00e0-dire les chargeurs t\u00e9lescopiques avec le bras d'extension interchangeable<\/li>\n<li>et le cours pour les plates-formes mobiles \u00e9lev\u00e9es<\/li>\n<\/ul>\n<p>De plus, nous avons \u00e9galement le cours ADR dans l'offre et le cours pour un diagnostiqueur de voiture, les qualifications TDT et l'op\u00e9ration UNO.<\/p>\n<p>En outre, nous proposons des cours sur les chariots \u00e9l\u00e9vateurs \u00e0 fourche et des qualifications de gr\u00e9eurs. Dans notre centre, le cours sur les chariots \u00e9l\u00e9vateurs \u00e0 fourche se d\u00e9roule avec et sans les qualifications de l'UDT (l'Office de contr\u00f4le technique).<\/p>\n<p>Nous vous invitons \u00e0 vous inscrire au cours au Centre de formation du personnel ERGON !<\/p>\n<\/div>","protected":false},"excerpt":{"rendered":"<p>PSample devices which we organize courses and exams for. Low-speed mobile elevated work platforms i.e. platforms, scissor lifts, work platforms- cat. IP Low-speed mobile elevated work platforms i.e. aerial platforms, telescopic articulated vehicle- cat. IP Self-propelled mobile elevated platforms i.e. aerial platforms mounted on trucks \u2013 cat. IP Telescopic loaders with changeable extension arm- cat. IWJO Lift truck i.e. forklifts cat. \u2013 IIWJO Lift trucks i.e. platform trucks cat. \u2013 IIIWJO UDT Ergon Training In the Office for Staff Training ERGON, we realize professional UDT (the Office of Technical Inspection) trainings giving UDT qualifications. Our UDT courses are designed for customers searching for thorough assistance in upgrading their and their employees\u2019 qualifications on job positions for which UDT courses are necessary. We constantly cooperate with UDT- trainings are run all the time according to the latest requirements. We offer UDT courses for affordable prices depending on the number of participants. All classes are conducted by qualified specialists using modern training background and we emphasize both theory and practice. Thanks to this, UDT training conducted by the Centre for Staff Training outstand the best efficiency and they are often recommended. We run UDT trainings both open and close. We can also adjust the offer to the company\u2019s profile. In our offer, you can find the following qualifications of the Office of Technical Inspection: gantries controlled from the ground and the working floor winches controlled from the cabin and the working floor freight and building cranes with service tower, rail and mobile jib cranes (HDS) forklifts including [&hellip;]<\/p>\n","protected":false},"author":1,"featured_media":0,"parent":0,"menu_order":1,"comment_status":"closed","ping_status":"closed","template":"","meta":{"sfsi_plus_gutenberg_text_before_share":"","sfsi_plus_gutenberg_show_text_before_share":"","sfsi_plus_gutenberg_icon_type":"","sfsi_plus_gutenberg_icon_alignemt":"","sfsi_plus_gutenburg_max_per_row":"","footnotes":""},"class_list":["post-1522","page","type-page","status-publish","hentry","has_thumb"],"aioseo_notices":[],"_links":{"self":[{"href":"https:\/\/kursy-udt.pl\/fr\/wp-json\/wp\/v2\/pages\/1522","targetHints":{"allow":["GET"]}}],"collection":[{"href":"https:\/\/kursy-udt.pl\/fr\/wp-json\/wp\/v2\/pages"}],"about":[{"href":"https:\/\/kursy-udt.pl\/fr\/wp-json\/wp\/v2\/types\/page"}],"author":[{"embeddable":true,"href":"https:\/\/kursy-udt.pl\/fr\/wp-json\/wp\/v2\/users\/1"}],"replies":[{"embeddable":true,"href":"https:\/\/kursy-udt.pl\/fr\/wp-json\/wp\/v2\/comments?post=1522"}],"version-history":[{"count":7,"href":"https:\/\/kursy-udt.pl\/fr\/wp-json\/wp\/v2\/pages\/1522\/revisions"}],"predecessor-version":[{"id":1800,"href":"https:\/\/kursy-udt.pl\/fr\/wp-json\/wp\/v2\/pages\/1522\/revisions\/1800"}],"wp:attachment":[{"href":"https:\/\/kursy-udt.pl\/fr\/wp-json\/wp\/v2\/media?parent=1522"}],"curies":[{"name":"wp","href":"https:\/\/api.w.org\/{rel}","templated":true}]}}