{"id":1509,"date":"2016-01-21T21:03:43","date_gmt":"2016-01-21T21:03:43","guid":{"rendered":"http:\/\/kursy-udt.pl\/?page_id=1509"},"modified":"2025-12-20T20:00:36","modified_gmt":"2025-12-20T19:00:36","slug":"a-propos-de-lentreprise-3","status":"publish","type":"page","link":"https:\/\/kursy-udt.eu\/fr\/about-the-company-3\/","title":{"rendered":"\u00c0 propos de l'entreprise"},"content":{"rendered":"<div style=\"float: left; padding-right: 10px;\"><div id=\"metaslider-id-636\" style=\"max-width: 200px;\" class=\"ml-slider-3-107-0 metaslider metaslider-flex metaslider-636 ml-slider ms-theme-default nav-hidden\" role=\"region\" aria-label=\"\u00e0 propos de l&#039;entreprise-vente\" data-height=\"150\" data-width=\"200\">\n    <div id=\"metaslider_container_636\">\n        <div id=\"metaslider_636\" class=\"flexslider\">\n            <ul class='slides'>\n                <li style=\"display: block; width: 100%;\" class=\"slide-651 ms-image\" aria-roledescription=\"slide\" data-date=\"2014-04-13 12:21:19\" data-filename=\"01-sale-szkoleniowe1.jpeg\" data-slide-type=\"image\"><img loading=\"lazy\" decoding=\"async\" src=\"https:\/\/kursy-udt.pl\/wp-content\/uploads\/2014\/04\/01-sale-szkoleniowe1.jpeg\" height=\"150\" width=\"200\" alt=\"\" class=\"slider-636 slide-651 msDefaultImage\" \/><\/li>\n                <li style=\"display: none; width: 100%;\" class=\"slide-652 ms-image\" aria-roledescription=\"slide\" data-date=\"2014-04-13 12:21:19\" data-filename=\"02-sala-szkoleniowa1.jpeg\" data-slide-type=\"image\"><img loading=\"lazy\" decoding=\"async\" src=\"https:\/\/kursy-udt.pl\/wp-content\/uploads\/2014\/04\/02-sala-szkoleniowa1.jpeg\" height=\"150\" width=\"200\" alt=\"\" class=\"slider-636 slide-652 msDefaultImage\" \/><\/li>\n                <li style=\"display: none; width: 100%;\" class=\"slide-653 ms-image\" aria-roledescription=\"slide\" data-date=\"2014-04-13 12:21:21\" data-filename=\"03-sala-szkolenia-udt1.jpeg\" data-slide-type=\"image\"><img loading=\"lazy\" decoding=\"async\" src=\"https:\/\/kursy-udt.pl\/wp-content\/uploads\/2014\/04\/03-sala-szkolenia-udt1.jpeg\" height=\"150\" width=\"200\" alt=\"\" class=\"slider-636 slide-653 msDefaultImage\" \/><\/li>\n            <\/ul>\n        <\/div>\n        \n    <\/div>\n<\/div><\/div>\n<div class=\"wyjustuj\">\n<p>Le Centre de formation du personnel Ergon a 15 ans d&#039;exp\u00e9rience dans l&#039;organisation de cours destin\u00e9s \u00e0 diff\u00e9rents groupes professionnels. Nous sommes sp\u00e9cialis\u00e9s dans les cours UDT (le Bureau de l&#039;inspection technique), SEP (l&#039;Association des \u00e9lectriciens polonais), IP, EHS, PPO\u017b (lutte contre l&#039;incendie), premiers secours, que nous menons avec nos conf\u00e9renciers qui ont une vaste connaissance et exp\u00e9rience dans ce domaine. champ. Nous agissons au sein de l&#039;Etablissement de Conseil en S\u00e9curit\u00e9 du Travail ERGON, qui assure depuis 20 ans des prestations de supervision et de conseil EHS.<\/p>\n<p>Nous nous concentrons sur la pr\u00e9paration de cours et d&#039;examens con\u00e7us pour les \u00e9quipements de levage et de transport, les travailleurs utilisant et supervisant les appareils et le syst\u00e8me d&#039;alimentation, ainsi que les cours essentiels d&#039;EHS et de lutte contre l&#039;incendie. Nous sommes particuli\u00e8rement sp\u00e9cialis\u00e9s dans l&#039;organisation de cours UDT (le Bureau de l&#039;Inspection Technique). Chaque cours de notre UDT (Bureau d&#039;Inspection Technique) est professionnel et gr\u00e2ce \u00e0 lui, ses participants peuvent acqu\u00e9rir les qualifications UDT (Bureau d&#039;Inspection Technique) n\u00e9cessaires pour les postes choisis.<\/p>\n<div style=\"float: right; padding-left: 10px;\"><div id=\"metaslider-id-644\" style=\"max-width: 200px;\" class=\"ml-slider-3-107-0 metaslider metaslider-flex metaslider-644 ml-slider ms-theme-default nav-hidden nav-hidden\" role=\"region\" aria-label=\"\u00e0 propos de l&#039;entreprise-vente2\" data-height=\"150\" data-width=\"200\">\n    <div id=\"metaslider_container_644\">\n        <div id=\"metaslider_644\" class=\"flexslider\">\n            <ul class='slides'>\n                <li style=\"display: block; width: 100%;\" class=\"slide-648 ms-image\" aria-roledescription=\"slide\" data-date=\"2014-04-13 12:20:45\" data-filename=\"04-uprawnienia-udt-sale2.jpeg\" data-slide-type=\"image\"><img loading=\"lazy\" decoding=\"async\" src=\"https:\/\/kursy-udt.pl\/wp-content\/uploads\/2014\/04\/04-uprawnienia-udt-sale2.jpeg\" height=\"150\" width=\"200\" alt=\"\" class=\"slider-644 slide-648 msDefaultImage\" \/><\/li>\n                <li style=\"display: none; width: 100%;\" class=\"slide-649 ms-image\" aria-roledescription=\"slide\" data-date=\"2014-04-13 12:20:45\" data-filename=\"05-foto-szkolenia2.jpeg\" data-slide-type=\"image\"><img loading=\"lazy\" decoding=\"async\" src=\"https:\/\/kursy-udt.pl\/wp-content\/uploads\/2014\/04\/05-foto-szkolenia2.jpeg\" height=\"150\" width=\"200\" alt=\"\" class=\"slider-644 slide-649 msDefaultImage\" \/><\/li>\n                <li style=\"display: none; width: 100%;\" class=\"slide-650 ms-image\" aria-roledescription=\"slide\" data-date=\"2014-04-13 12:20:46\" data-filename=\"06-pic-ergon-warszawa2.jpeg\" data-slide-type=\"image\"><img loading=\"lazy\" decoding=\"async\" src=\"https:\/\/kursy-udt.pl\/wp-content\/uploads\/2014\/04\/06-pic-ergon-warszawa2.jpeg\" height=\"150\" width=\"200\" alt=\"\" class=\"slider-644 slide-650 msDefaultImage\" \/><\/li>\n            <\/ul>\n        <\/div>\n        \n    <\/div>\n<\/div><\/div>\n<p>Nous organisons des cours de chariot \u00e9l\u00e9vateur. Ce cours est l&#039;une de nos offres les plus populaires qui est appr\u00e9ci\u00e9e et salu\u00e9e par les participants. La formation disponible dans notre centre est dispens\u00e9e dans le cadre de l&#039;UDT (Office d&#039;Inspection Technique) et en dehors de celle-ci. De plus, nous offrons des cours sur les portiques contr\u00f4l\u00e9s, les treuils, les diff\u00e9rents types de grues \u00e0 fl\u00e8che, les grues de fret et de construction ainsi que les plates-formes de travail mobiles. Vous pouvez obtenir des qualifications pour les plates-formes \u00e9l\u00e9vatrices de cat\u00e9gorie IP et IIP. Nous pouvons \u00e9galement organiser des cours de chariot \u00e9l\u00e9vateur et d&#039;autres cours ferm\u00e9s, con\u00e7us individuellement pour les besoins du client.<\/p>\n<p>Notre offre comprend \u00e9galement :<\/p>\n<ul>\n<li>Qualifications SEP<\/li>\n<li><a href=\"http:\/\/ergon.edu.pl\/szkolenia\/kurs-na-uprawnienia-hds\/\" rel=\"nofollow\">Dipl\u00f4me HDS<\/a><\/li>\n<li><a href=\"http:\/\/odkergon.pl\" rel=\"nofollow\">Formation EHS et lutte contre l&#039;incendie<\/a><\/li>\n<li><a href=\"http:\/\/kursadr.com\">Cours ADR<\/a><\/li>\n<li><a href=\"http:\/\/kursadr.com\/szkolenia\/kurs-tdt-do-obslugi-uno\/\" rel=\"nofollow\">Dipl\u00f4mes TDT<\/a><\/li>\n<\/ul>\n<p>Nous nous d\u00e9marquons gr\u00e2ce \u00e0 la meilleure efficacit\u00e9 et fiabilit\u00e9. 98% bien s\u00fbr, les participants au cours nous recommanderaient \u00e0 d&#039;autres. Nous nous concentrons sur le progr\u00e8s constant en \u00e9largissant le personnel ainsi que nos connaissances et nos capacit\u00e9s. Nous travaillons principalement dans la vo\u00efvodie de Mazovie, mais nous sommes \u00e9galement en mesure d&#039;atteindre des clients dans toute la Pologne.<\/p>\n<p>Le Centre de formation du personnel ERGON est enregistr\u00e9 sous le num\u00e9ro d'identification 699\/K\/95 dans le registre des \u00e9coles et organismes priv\u00e9s de Varsovie en tant qu'organisme d'enseignement priv\u00e9 proposant des activit\u00e9s de formation.<\/p>\n<p>Nous vous invitons \u00e0 utiliser <a href=\"\/fr\/formations\/\">Nos services<\/a>,<br \/>\nSoci\u00e9t\u00e9 ERGON ODK (le Centre de Formation du Personnel)<\/p>\n<\/div>","protected":false},"excerpt":{"rendered":"<p>The Centre for Staff Training Ergon has had 15 years of experience in organising courses designed for different professional groups. We specialize in UDT (the Office of Technical Inspection) courses, SEP (the Association of Polish Electricians), IP, EHS, PPO\u017b (fire fighting), first aid, which we conduct together with our lecturers who have wide knowledge and experience in this field. We act as the part of the Establishment for Work Safety Consulting ERGON, which has been providing EHS supervision and consulting services for 20 years. We focus on preparing courses and exams designed for hoisting and hauling equipment, workers utilizing and supervising devices and power system as well as essential EHS and fire fighting courses. We especially specialize in running UDT (the Office of Technical Inspection) courses. Every our UDT (the Office of Technical Inspection) course is professional and thanks to it, its participants can gain necessary UDT (the Office of Technical Inspection) qualifications for chosen positions. We run forklift courses. This course is one of our most popular offers which is appreciated and praised by participants. The course available at our centre is run as part of UDT (the Office of Technical Inspection) and apart from it. Additionally, we offer courses on controlled gantries, winches, different types of jib cranes, freight and building cranes as well as mobile elevated work platforms. You can obtain qualifications for aerial platforms category I P and IIP. We can also run forklift course and other courses as closed ones, individually designed for customer\u2019s needs. Our offer also includes: SEP [&hellip;]<\/p>\n","protected":false},"author":1,"featured_media":0,"parent":0,"menu_order":0,"comment_status":"closed","ping_status":"closed","template":"","meta":{"sfsi_plus_gutenberg_text_before_share":"","sfsi_plus_gutenberg_show_text_before_share":"","sfsi_plus_gutenberg_icon_type":"","sfsi_plus_gutenberg_icon_alignemt":"","sfsi_plus_gutenburg_max_per_row":"","footnotes":""},"class_list":["post-1509","page","type-page","status-publish","hentry","has_no_thumb"],"aioseo_notices":[],"_links":{"self":[{"href":"https:\/\/kursy-udt.pl\/fr\/wp-json\/wp\/v2\/pages\/1509","targetHints":{"allow":["GET"]}}],"collection":[{"href":"https:\/\/kursy-udt.pl\/fr\/wp-json\/wp\/v2\/pages"}],"about":[{"href":"https:\/\/kursy-udt.pl\/fr\/wp-json\/wp\/v2\/types\/page"}],"author":[{"embeddable":true,"href":"https:\/\/kursy-udt.pl\/fr\/wp-json\/wp\/v2\/users\/1"}],"replies":[{"embeddable":true,"href":"https:\/\/kursy-udt.pl\/fr\/wp-json\/wp\/v2\/comments?post=1509"}],"version-history":[{"count":6,"href":"https:\/\/kursy-udt.pl\/fr\/wp-json\/wp\/v2\/pages\/1509\/revisions"}],"predecessor-version":[{"id":6231,"href":"https:\/\/kursy-udt.pl\/fr\/wp-json\/wp\/v2\/pages\/1509\/revisions\/6231"}],"wp:attachment":[{"href":"https:\/\/kursy-udt.pl\/fr\/wp-json\/wp\/v2\/media?parent=1509"}],"curies":[{"name":"wp","href":"https:\/\/api.w.org\/{rel}","templated":true}]}}