{"id":1446,"date":"2015-08-20T22:00:19","date_gmt":"2015-08-20T22:00:19","guid":{"rendered":"http:\/\/kursy-udt.pl\/?page_id=1446"},"modified":"2022-10-17T10:49:21","modified_gmt":"2022-10-17T10:49:21","slug":"machines-de-degivrage","status":"publish","type":"page","link":"https:\/\/kursy-udt.pl\/fr\/szkolenia\/gse\/odladzarki\/","title":{"rendered":"D\u00e9givreurs"},"content":{"rendered":"<p>Notre centre est sp\u00e9cialis\u00e9 dans l'organisation de formations destin\u00e9es aux employ\u00e9s des a\u00e9roports. Nous proposons un cours sur l'utilisation de l'\u00e9quipement de d\u00e9givrage, un appareil utilis\u00e9 pour enlever la glace des avions. Gr\u00e2ce \u00e0 nos cours, vous pourrez acqu\u00e9rir des connaissances et des comp\u00e9tences dans l'utilisation de ce type de GSE (Ground Support Equipment) - dispositifs et \u00e9quipements de soutien au sol des avions.<\/p>\n<p><a href=\"https:\/\/kursy-udt.pl\/wp-content\/uploads\/2022\/10\/8.jpeg\"><img loading=\"lazy\" decoding=\"async\" class=\"aligncenter wp-image-4506\" src=\"https:\/\/kursy-udt.pl\/wp-content\/uploads\/2022\/10\/8-300x200.jpeg\" alt=\"D\u00e9givrage de l&#039;avion avant un vol de nuit\" width=\"750\" height=\"500\" srcset=\"https:\/\/kursy-udt.pl\/wp-content\/uploads\/2022\/10\/8-300x200.jpeg 300w, https:\/\/kursy-udt.pl\/wp-content\/uploads\/2022\/10\/8-1024x683.jpeg 1024w, https:\/\/kursy-udt.pl\/wp-content\/uploads\/2022\/10\/8-768x512.jpeg 768w, https:\/\/kursy-udt.pl\/wp-content\/uploads\/2022\/10\/8-1536x1024.jpeg 1536w, https:\/\/kursy-udt.pl\/wp-content\/uploads\/2022\/10\/8-18x12.jpeg 18w, https:\/\/kursy-udt.pl\/wp-content\/uploads\/2022\/10\/8-624x416.jpeg 624w, https:\/\/kursy-udt.pl\/wp-content\/uploads\/2022\/10\/8.jpeg 1600w\" sizes=\"auto, (max-width: 750px) 100vw, 750px\" \/><\/a><\/p>\n<p>Les machines de d\u00e9givrage sont des \u00e9quipements couramment utilis\u00e9s pour effectuer les op\u00e9rations de d\u00e9givrage des avions. Leur objectif est d'enlever la neige, la glace et le givre de leurs surfaces. Des produits chimiques appropri\u00e9s sont utilis\u00e9s pour non seulement \u00e9liminer ces substances qui menacent la s\u00e9curit\u00e9 des vols, mais aussi pour les emp\u00eacher de se red\u00e9poser pendant un certain temps. La glace, la neige et le givre sur un avion r\u00e9duisent sa capacit\u00e9 \u00e0 voler, car ils cr\u00e9ent une surface irr\u00e9guli\u00e8re qui perturbe l'a\u00e9rodynamisme, ce qui peut m\u00eame entra\u00eener un crash. En outre, des morceaux de glace plus gros peuvent p\u00e9n\u00e9trer dans le moteur ou heurter les h\u00e9lices, ce qui peut avoir des cons\u00e9quences similaires. Le d\u00e9givrage est donc effectu\u00e9 obligatoirement lorsque l'avion est givr\u00e9 \u00e0 l'arr\u00eat, mais aussi \u00e0 titre prophylactique pour \u00e9viter le givrage en vol \u00e0 certaines temp\u00e9ratures.<\/p>\n<p>Le processus de d\u00e9givrage est effectu\u00e9 \u00e0 l'aide d'installations techniques appropri\u00e9es - il s'agit de dispositifs qui g\u00e9n\u00e8rent un m\u00e9lange de glycol et d'eau \u00e0 la temp\u00e9rature appropri\u00e9e, ou d'autres substances ayant des propri\u00e9t\u00e9s de d\u00e9givrage, qui sont appliqu\u00e9es par des travailleurs dans des ascenseurs \u00e0 co\u00fbts. Ces ascenseurs sont actionn\u00e9s par des op\u00e9rateurs ayant les qualifications requises. <a href=\"https:\/\/kursy-udt.pl\/fr\/uprawnienia-udt\/kategorie-uprawnien-2\/\">droits<\/a>.<\/p>\n<p>Les participants \u00e0 notre formation d'h\u00f4tesse de l'air re\u00e7oivent les connaissances n\u00e9cessaires sur le fonctionnement des \u00e9quipements utilis\u00e9s dans le processus de d\u00e9givrage, ainsi que sur les principes de sant\u00e9 et de s\u00e9curit\u00e9. Le cours est compl\u00e9t\u00e9 par une formation pratique. Le cours est supervis\u00e9 par nos instructeurs exp\u00e9riment\u00e9s.<\/p>\n<p>Les cours de formation sont organis\u00e9s \u00e0 des dates pr\u00e9cises dans nos locaux. Nous organisons \u00e9galement des cours \u00e0 huis clos pour les a\u00e9roports. Profitez de notre offre !<\/p>","protected":false},"excerpt":{"rendered":"<p>Nasz o\u015brodek specjalizuje si\u0119 w organizacji szkole\u0144 przeznaczonych dla pracownik\u00f3w lotnisk. W ofercie posiadamy kurs obs\u0142ugi odladzarki \u2013 urz\u0105dzenia stosowanego w celu usuwania lodu z samolot\u00f3w. Dzi\u0119ki naszym zaj\u0119ciom mo\u017cesz uzyska\u0107 wiedz\u0119 oraz umiej\u0119tno\u015bci w zakresie wykorzystania tego rodzaju GSE (Ground Support Equipment) \u2013 urz\u0105dze\u0144 i sprz\u0119tu do obs\u0142ugi naziemnej statk\u00f3w powietrznych. Odladzarki to powszechnie u\u017cywany sprz\u0119t przeznaczony do przeprowadzenia operacji odladzania samolot\u00f3w. Jego celem jest usuni\u0119cie \u015bniegu, lodu oraz szronu z ich powierzchni. Wykorzystuje si\u0119 odpowiednie \u015brodki chemiczne, kt\u00f3re nie tylko powoduj\u0105 usuni\u0119cie tych zagra\u017caj\u0105cych bezpiecze\u0144stwu lotu substancji, ale r\u00f3wnie\u017c zapobiegaj\u0105 one ich ponownemu osadzaniu si\u0119 przez okre\u015blony czas. L\u00f3d oraz \u015bnieg i szron znajduj\u0105ce si\u0119 na samolocie zmniejszaj\u0105 jego zdolno\u015b\u0107 do wzlotu, poniewa\u017c tworz\u0105 nier\u00f3wn\u0105 powierzchni\u0119 zaburzaj\u0105c\u0105 aerodynamik\u0119, co mo\u017ce prowadzi\u0107 nawet do katastrofy. Dodatkowo tak\u017ce wi\u0119ksze kawa\u0142ki lodu mog\u0105 dosta\u0107 si\u0119 do silnika lub uderzy\u0107 \u015bmig\u0142a, co tak\u017ce mo\u017ce by\u0107 podobne w skutkach. Dlatego te\u017c odladzanie przeprowadza si\u0119 obowi\u0105zkowo wtedy, gdy samolot jest oblodzony na postoju, a tak\u017ce profilaktycznie, by zapobiega\u0107 jego oblodzeniu w locie w okre\u015blonych temperaturach. Proces odladzania wykonuje si\u0119 z u\u017cyciem odpowiedniego zaplecza technicznego \u2013 s\u0105 to urz\u0105dzenia generuj\u0105ce mieszanin\u0119 glikolu i wody o odpowiedniej temperaturze lub te\u017c inne substancje o w\u0142a\u015bciwo\u015bciach odladzaj\u0105cych, kt\u00f3re stosuj\u0105 pracownicy znajduj\u0105cy si\u0119 w podno\u015bnikach kosztowych. Podno\u015bniki te obs\u0142ugiwane s\u0105 przez operator\u00f3w posiadaj\u0105cych odpowiednie uprawnienia. Uczestnicy naszego szkolenia dla personelu lotniczego otrzymuj\u0105 potrzebn\u0105 wiedz\u0119 dotycz\u0105c\u0105 obs\u0142ugi urz\u0105dze\u0144 wykorzystywanych w procesie odladzania, a tak\u017ce zasad bezpiecze\u0144stwa i higieny pracy. Zaj\u0119cia uzupe\u0142nione s\u0105 dodatkowo o praktyk\u0119. Nad przebiegiem czuwaj\u0105 nasi do\u015bwiadczeni instruktorzy. Szkolenia odbywaj\u0105 si\u0119 w [&hellip;]<\/p>\n","protected":false},"author":1,"featured_media":4506,"parent":1442,"menu_order":0,"comment_status":"closed","ping_status":"closed","template":"","meta":{"sfsi_plus_gutenberg_text_before_share":"","sfsi_plus_gutenberg_show_text_before_share":"","sfsi_plus_gutenberg_icon_type":"","sfsi_plus_gutenberg_icon_alignemt":"","sfsi_plus_gutenburg_max_per_row":"","footnotes":""},"class_list":["post-1446","page","type-page","status-publish","has-post-thumbnail","hentry","has_thumb"],"aioseo_notices":[],"_links":{"self":[{"href":"https:\/\/kursy-udt.pl\/fr\/wp-json\/wp\/v2\/pages\/1446","targetHints":{"allow":["GET"]}}],"collection":[{"href":"https:\/\/kursy-udt.pl\/fr\/wp-json\/wp\/v2\/pages"}],"about":[{"href":"https:\/\/kursy-udt.pl\/fr\/wp-json\/wp\/v2\/types\/page"}],"author":[{"embeddable":true,"href":"https:\/\/kursy-udt.pl\/fr\/wp-json\/wp\/v2\/users\/1"}],"replies":[{"embeddable":true,"href":"https:\/\/kursy-udt.pl\/fr\/wp-json\/wp\/v2\/comments?post=1446"}],"version-history":[{"count":3,"href":"https:\/\/kursy-udt.pl\/fr\/wp-json\/wp\/v2\/pages\/1446\/revisions"}],"predecessor-version":[{"id":4508,"href":"https:\/\/kursy-udt.pl\/fr\/wp-json\/wp\/v2\/pages\/1446\/revisions\/4508"}],"up":[{"embeddable":true,"href":"https:\/\/kursy-udt.pl\/fr\/wp-json\/wp\/v2\/pages\/1442"}],"wp:featuredmedia":[{"embeddable":true,"href":"https:\/\/kursy-udt.pl\/fr\/wp-json\/wp\/v2\/media\/4506"}],"wp:attachment":[{"href":"https:\/\/kursy-udt.pl\/fr\/wp-json\/wp\/v2\/media?parent=1446"}],"curies":[{"name":"wp","href":"https:\/\/api.w.org\/{rel}","templated":true}]}}