{"id":1444,"date":"2015-08-20T21:59:03","date_gmt":"2015-08-20T21:59:03","guid":{"rendered":"http:\/\/kursy-udt.pl\/?page_id=1444"},"modified":"2022-10-17T10:39:49","modified_gmt":"2022-10-17T10:39:49","slug":"la-manutention-de-conteneurs-et-de-palettes","status":"publish","type":"page","link":"https:\/\/kursy-udt.pl\/fr\/szkolenia\/gse\/obsluga-transporterow-kontenerow-i-palet\/","title":{"rendered":"Manutention de transporteurs de conteneurs et de palettes"},"content":{"rendered":"<p>Notre centre organise des cours pour les transporteurs de conteneurs et de palettes, couramment utilis\u00e9s dans les a\u00e9roports pour le transport de marchandises - bagages, palettes, conteneurs, ainsi que d&#039;autres types de marchandises, y compris atypiques et n\u00e9cessitant des installations de pr\u00e9paration et de secours appropri\u00e9es.<\/p>\n<p><a href=\"https:\/\/kursy-udt.pl\/wp-content\/uploads\/2022\/10\/7.jpeg\"><img loading=\"lazy\" decoding=\"async\" class=\"aligncenter wp-image-4503\" src=\"https:\/\/kursy-udt.pl\/wp-content\/uploads\/2022\/10\/7-300x187.jpeg\" alt=\"\" width=\"750\" height=\"467\" srcset=\"https:\/\/kursy-udt.pl\/wp-content\/uploads\/2022\/10\/7-300x187.jpeg 300w, https:\/\/kursy-udt.pl\/wp-content\/uploads\/2022\/10\/7-1024x638.jpeg 1024w, https:\/\/kursy-udt.pl\/wp-content\/uploads\/2022\/10\/7-768x479.jpeg 768w, https:\/\/kursy-udt.pl\/wp-content\/uploads\/2022\/10\/7-1536x957.jpeg 1536w, https:\/\/kursy-udt.pl\/wp-content\/uploads\/2022\/10\/7-18x12.jpeg 18w, https:\/\/kursy-udt.pl\/wp-content\/uploads\/2022\/10\/7-624x389.jpeg 624w, https:\/\/kursy-udt.pl\/wp-content\/uploads\/2022\/10\/7.jpeg 1600w\" sizes=\"auto, (max-width: 750px) 100vw, 750px\" \/><\/a><\/p>\n<p>Nous encourageons toutes les personnes int\u00e9ress\u00e9es \u00e0 participer aux cours \u00e0 se familiariser avec notre offre\u00a0!<\/p>\n<p>Les transporteurs de conteneurs et de palettes utilis\u00e9s dans les a\u00e9roports se pr\u00e9sentent sous la forme d&#039;\u00e9l\u00e9vateurs \u00e0 ciseaux mobiles - il s&#039;agit principalement d&#039;\u00e9l\u00e9vateurs \u00e0 grande hauteur d&#039;a\u00e9roport \u00e0 combustion ou \u00e9lectriques, ainsi que d&#039;\u00e9l\u00e9vateurs de fret d&#039;a\u00e9roport - ils sont utilis\u00e9s pour manipuler des palettes et des conteneurs vers et depuis un entrep\u00f4t, racks, chariots, hi-loaders. Ils conviennent au transport d&#039;unit\u00e9s ULD (unit\u00e9s de charge) vers des conteneurs et des palettes et sont produits dans une large gamme de variantes techniques. Des v\u00e9hicules tels que des tracteurs \u00e0 bagages \u00e9lectriques pour a\u00e9roports et des tracteurs \u00e0 moteur diesel sont \u00e9galement utilis\u00e9s pour les travaux.<\/p>\n<p>Les employ\u00e9s manipulant des transporteurs de conteneurs et de palettes doivent avoir des connaissances et des comp\u00e9tences dans la manutention de charges. Les principales menaces li\u00e9es \u00e0 une mauvaise manipulation des \u00e9quipements sont li\u00e9es \u00e0 l&#039;inad\u00e9quation des m\u00e9thodes de manipulation appropri\u00e9es et au non-respect des principes de sant\u00e9 et de s\u00e9curit\u00e9 au travail. Certaines charges, telles que les voitures, n\u00e9cessitent une attention particuli\u00e8re dans le choix des moyens appropri\u00e9s. Sinon, il y a un risque d&#039;endommager non seulement la cargaison elle-m\u00eame, mais aussi le mat\u00e9riel de transport et l&#039;avion.<\/p>\n<p>Nous organisons des formations pour le personnel a\u00e9ronautique couvrant un large \u00e9ventail de connaissances et de comp\u00e9tences li\u00e9es \u00e0 l&#039;exploitation des transporteurs et aux r\u00e8gles de s\u00e9curit\u00e9 associ\u00e9es. Nos cours tiennent compte de la r\u00e9glementation et de la pratique en vigueur dans ce domaine, en s&#039;appuyant sur la vaste exp\u00e9rience de nos instructeurs dans le domaine des GSE (Ground Support Equipment) - appareils et \u00e9quipements pour le service au sol des a\u00e9ronefs.<\/p>\n<p>Notre cours sur le fonctionnement de ce type d&#039;\u00e9quipement est une pr\u00e9paration compl\u00e8te pour chaque employ\u00e9 de l&#039;a\u00e9roport, ainsi que pour les personnes qui souhaitent obtenir un emploi en tant que personnel au sol. Nous organisons des formations pour les a\u00e9roports - pour les groupes organis\u00e9s, ainsi que pour les personnes int\u00e9ress\u00e9es \u00e0 acqu\u00e9rir des comp\u00e9tences dans ce domaine.<\/p>\n<p>Nous vous invitons \u00e0 profiter de nos services de formation!<\/p>","protected":false},"excerpt":{"rendered":"<p>Nasz o\u015brodek zajmuje si\u0119 organizacj\u0105 kurs\u00f3w na transportery kontener\u00f3w i palet, kt\u00f3re wykorzystywane s\u0105 powszechnie na portach lotniczych w celu przewozu \u0142adunk\u00f3w \u2013 baga\u017cy, palet, kontener\u00f3w, a tak\u017ce \u0142adunk\u00f3w innego rodzaju, w tym nietypowych i wymagaj\u0105cych odpowiedniego przygotowania i zaplecza. Wszystkich zainteresowanych uczestnictwem w zaj\u0119ciach zach\u0119camy do bli\u017cszego zapoznania si\u0119 z nasz\u0105 ofert\u0105! Transportery kontener\u00f3w i palet wykorzystywane na portach lotniczych maj\u0105 posta\u0107 mobilnych podno\u015bnik\u00f3w no\u017cycowych \u2013 s\u0105 to przede wszystkim lotniskowe podno\u015bniki typu high loader z nap\u0119dami spalinowymi lub elektrycznymi, a tak\u017ce lotniskowe podno\u015bniki typu cargo \u2013 s\u0142u\u017c\u0105 one do manipulacji palet i kontener\u00f3w do i z magazynu, rega\u0142\u00f3w, z w\u00f3zk\u00f3w, hi-loader\u2019\u00f3w. S\u0105 one dopasowane do transportu jednostek ULD (unit load device) na kontenery oraz palety i s\u0105 one produkowane w szerokiej gamie wariant\u00f3w technicznych. Do prac wykorzystuje si\u0119 r\u00f3wnie\u017c pojazdy takie jak elektryczne lotniskowe ci\u0105gniki baga\u017cowe oraz ci\u0105gniki z silnikami Diesla. Pracownicy obs\u0142uguj\u0105cy transportery kontener\u00f3w oraz palet musz\u0105 posiada\u0107 wiedz\u0119 oraz umiej\u0119tno\u015bci dotycz\u0105ce manipulacji \u0142adunkami. G\u0142\u00f3wne zagro\u017cenia zwi\u0105zane z nieodpowiedni\u0105 obs\u0142ug\u0105 sprz\u0119t\u00f3w zwi\u0105zane s\u0105 z niedopasowaniem do nich w\u0142a\u015bciwych metod manipulacji oraz nieprzestrzeganiem zasad bezpiecze\u0144stwa i higieny pracy. Niekt\u00f3re \u0142adunki, na przyk\u0142ad samochody, wymagaj\u0105 szczeg\u00f3lnej dba\u0142o\u015bci o dob\u00f3r odpowiednich \u015brodk\u00f3w. W przeciwnym przypadku istnieje ryzyko uszkodzenia nie tylko samego \u0142adunku, ale r\u00f3wnie\u017c urz\u0105dze\u0144 transportowych oraz samolotu. Organizowane przez nas szkolenia dla personelu lotniczego obejmuj\u0105 szeroki zakres wiedzy i umiej\u0119tno\u015bci dotycz\u0105cych obs\u0142ugi transporter\u00f3w oraz zwi\u0105zanych z nimi zasad bezpiecze\u0144stwa. Nasze zaj\u0119cia uwzgl\u0119dniaj\u0105 aktualne przepisy i praktyk\u0119 w tym zakresie, opieraj\u0105c si\u0119 na szerokim do\u015bwiadczeniu naszych instruktor\u00f3w w dziedzinie GSE (Ground Support Equipment) \u2013 urz\u0105dze\u0144 [&hellip;]<\/p>\n","protected":false},"author":1,"featured_media":4503,"parent":1442,"menu_order":0,"comment_status":"closed","ping_status":"closed","template":"","meta":{"sfsi_plus_gutenberg_text_before_share":"","sfsi_plus_gutenberg_show_text_before_share":"","sfsi_plus_gutenberg_icon_type":"","sfsi_plus_gutenberg_icon_alignemt":"","sfsi_plus_gutenburg_max_per_row":"","footnotes":""},"class_list":["post-1444","page","type-page","status-publish","has-post-thumbnail","hentry","has_thumb"],"aioseo_notices":[],"_links":{"self":[{"href":"https:\/\/kursy-udt.pl\/fr\/wp-json\/wp\/v2\/pages\/1444","targetHints":{"allow":["GET"]}}],"collection":[{"href":"https:\/\/kursy-udt.pl\/fr\/wp-json\/wp\/v2\/pages"}],"about":[{"href":"https:\/\/kursy-udt.pl\/fr\/wp-json\/wp\/v2\/types\/page"}],"author":[{"embeddable":true,"href":"https:\/\/kursy-udt.pl\/fr\/wp-json\/wp\/v2\/users\/1"}],"replies":[{"embeddable":true,"href":"https:\/\/kursy-udt.pl\/fr\/wp-json\/wp\/v2\/comments?post=1444"}],"version-history":[{"count":4,"href":"https:\/\/kursy-udt.pl\/fr\/wp-json\/wp\/v2\/pages\/1444\/revisions"}],"predecessor-version":[{"id":4505,"href":"https:\/\/kursy-udt.pl\/fr\/wp-json\/wp\/v2\/pages\/1444\/revisions\/4505"}],"up":[{"embeddable":true,"href":"https:\/\/kursy-udt.pl\/fr\/wp-json\/wp\/v2\/pages\/1442"}],"wp:featuredmedia":[{"embeddable":true,"href":"https:\/\/kursy-udt.pl\/fr\/wp-json\/wp\/v2\/media\/4503"}],"wp:attachment":[{"href":"https:\/\/kursy-udt.pl\/fr\/wp-json\/wp\/v2\/media?parent=1444"}],"curies":[{"name":"wp","href":"https:\/\/api.w.org\/{rel}","templated":true}]}}