{"id":1395,"date":"2014-10-04T16:43:54","date_gmt":"2014-10-04T16:43:54","guid":{"rendered":"http:\/\/kursy-udt.pl\/?page_id=1395"},"modified":"2022-12-05T11:51:12","modified_gmt":"2022-12-05T11:51:12","slug":"cours-de-telescopage","status":"publish","type":"page","link":"https:\/\/kursy-udt.pl\/fr\/szkolenia\/kurs-na-ladowarki-teleskopowe\/","title":{"rendered":"Cours chargeurs t\u00e9lescopiques"},"content":{"rendered":"<p><img loading=\"lazy\" decoding=\"async\" class=\"paddingleft10 alignleft wp-image-346\" src=\"https:\/\/kursy-udt.pl\/wp-content\/uploads\/2014\/03\/wozki-widlowe-1.jpeg\" alt=\"chargeur t\u00e9lescopique - chariot \u00e9l\u00e9vateur \u00e0 port\u00e9e variable\" width=\"200\" height=\"150\" \/>Nous vous invitons \u00e0 suivre des cours sur un chargeur t\u00e9lescopique pour <a href=\"https:\/\/kursy-udt.pl\/fr\/o-firmie\/\">Centre de formation du personnel ERGON<\/a>!<\/p>\n<div class=\"wyjustuj\">\n<p>En choisissant nos cours de chargeur, vous obtenez l&#039;assurance d&#039;une formation professionnelle sous la direction d&#039;instructeurs exp\u00e9riment\u00e9s pour obtenir <a href=\"https:\/\/kursy-udt.pl\/fr\/uprawnienia-udt\/kategorie-uprawnien-2\/\">Dipl\u00f4mes UDT<\/a> c&#039;\u00e9tait encore plus simple. Dans le m\u00eame temps, le prix de nos cours devrait \u00e9galement \u00e9veiller votre int\u00e9r\u00eat - toutes les formations chez ODK ERGON se distinguent par des tarifs attractifs et abordables.<\/p>\n<p>&nbsp;<\/p>\n<h2 class=\"naglowekh2\">Application<\/h2>\n<p>L'appareil de manutention t\u00e9lescopique est <a href=\"https:\/\/kursy-udt.pl\/fr\/szkolenia\/udt-wdt-tdt\/wozki-widlowe-merlo\/\">chariot \u00e9l\u00e9vateur<\/a> La chargeuse \u00e0 port\u00e9e variable est tr\u00e8s utilis\u00e9e sur les chantiers de construction et dans d'autres lieux o\u00f9 il est n\u00e9cessaire d'effectuer des travaux de transport de mani\u00e8re rapide et efficace. Les camions sont notamment utilis\u00e9s pour la construction de routes, de ponts, de viaducs et de structures en acier.<\/p>\n<h2 class=\"naglowekh2\">But de la formation<\/h2>\n<p>Le cours pour chargeurs t\u00e9lescopiques a \u00e9t\u00e9 d\u00e9velopp\u00e9 sp\u00e9cialement pour ceux qui veulent postuler pour les qualifications n\u00e9cessaires pour travailler en tant qu&#039;op\u00e9rateur de camions \u00e0 fl\u00e8ches t\u00e9lescopiques dans la cat\u00e9gorie I WJO (chariot \u00e9l\u00e9vateur sp\u00e9cialis\u00e9).<\/p>\n<p>Notre formation vous aidera \u00e0 apprendre \u00e0 utiliser des appareils de fabricants tels que : Manitou, Merlo, New Holland, Dieci, JCB et Case et d&#039;autres couramment utilis\u00e9s dans les lieux de travail.<\/p>\n<p>Les cours de chargeur que nous organisons consistent en des parties th\u00e9oriques et pratiques qui, ensemble, pr\u00e9parent de mani\u00e8re compl\u00e8te le participant \u00e0 travailler en tant qu&#039;op\u00e9rateur d&#039;appareil et \u00e0 utiliser ses accessoires.<\/p>\n<p>Le cours pour chargeurs t\u00e9lescopiques (chargeurs \u00e0 port\u00e9e variable) se termine par l&#039;examen d&#039;\u00e9tat devant le comit\u00e9 du Bureau de l&#039;Inspection Technique. Apr\u00e8s avoir r\u00e9ussi l&#039;examen, les participants re\u00e7oivent les autorisations appropri\u00e9es et l&#039;identifiant de l&#039;op\u00e9rateur. Ils sont valables ind\u00e9finiment en Pologne et dans les pays de l&#039;Union Europ\u00e9enne.<\/p>\n<h2 class=\"naglowekh2\">Programme<\/h2>\n<p>Le cours sur les t\u00e9lescopiques couvre toutes les informations et comp\u00e9tences essentielles requises pour le poste d'op\u00e9rateur d'\u00e9quipement. Les cours sont bas\u00e9s sur un programme convenu avec l'UDT et se composent d'une partie th\u00e9orique et d'une partie pratique. <a href=\"https:\/\/kursy-udt.pl\/wp-content\/uploads\/2022\/10\/12-1.jpeg\"><img loading=\"lazy\" decoding=\"async\" class=\"size-medium wp-image-4452 alignright\" src=\"https:\/\/kursy-udt.pl\/wp-content\/uploads\/2022\/10\/12-1-300x200.jpeg\" alt=\"\" width=\"300\" height=\"200\" srcset=\"https:\/\/kursy-udt.pl\/wp-content\/uploads\/2022\/10\/12-1-300x200.jpeg 300w, https:\/\/kursy-udt.pl\/wp-content\/uploads\/2022\/10\/12-1-1024x682.jpeg 1024w, https:\/\/kursy-udt.pl\/wp-content\/uploads\/2022\/10\/12-1-768x511.jpeg 768w, https:\/\/kursy-udt.pl\/wp-content\/uploads\/2022\/10\/12-1-1536x1022.jpeg 1536w, https:\/\/kursy-udt.pl\/wp-content\/uploads\/2022\/10\/12-1-18x12.jpeg 18w, https:\/\/kursy-udt.pl\/wp-content\/uploads\/2022\/10\/12-1-624x415.jpeg 624w, https:\/\/kursy-udt.pl\/wp-content\/uploads\/2022\/10\/12-1.jpeg 1600w\" sizes=\"auto, (max-width: 300px) 100vw, 300px\" \/><\/a>Ce sont principalement :<\/p>\n<ul>\n<li>types de camions et leur construction<\/li>\n<li>informations de base dans le domaine de la science du fret<\/li>\n<li>suivi technique de l&#039;appareil<\/li>\n<li>\u00e0 l&#039;aide d&#039;accessoires de chariot suppl\u00e9mentaires<\/li>\n<li>Activit\u00e9s n\u00e9cessaires lors de l&#039;utilisation de l&#039;appareil avant, pendant et apr\u00e8s le travail<\/li>\n<li>cours sur la construction et le fonctionnement des bouteilles de gaz<\/li>\n<li>nouvelles concernant <a href=\"https:\/\/kursy-udt.pl\/fr\/szkolenia\/bhp-bezpieczenstwo-pracy\/prawna-ochrona-pracy\/\">Sant\u00e9 et s\u00e9curit\u00e9<\/a><\/li>\n<li>cours pratiques avec chariots t\u00e9lescopiques<\/li>\n<\/ul>\n<p>Dans notre Centre, nous mettons l&#039;accent sur le fait que les cours sont toujours int\u00e9ressants pour les participants et leur fournissent une gamme compl\u00e8te de connaissances et de comp\u00e9tences n\u00e9cessaires dans leur travail quotidien. Nous employons des instructeurs exp\u00e9riment\u00e9s et disposons d&#039;installations p\u00e9dagogiques modernes, ce qui signifie qu&#039;apprendre avec nous est toujours un bon investissement pour d\u00e9velopper vos comp\u00e9tences.<\/p>\n<h2 class=\"naglowekh2\">Conditions d&#039;admission<\/h2>\n<p>Pour \u00eatre admissible \u00e0 un cours de chariot t\u00e9lescopique, les conditions suivantes doivent \u00eatre remplies :<\/p>\n<ul>\n<li>avoir au moins une \u00e9ducation primaire<\/li>\n<li>avoir 18 ans ou plus<\/li>\n<li>ne pas avoir de contre-indications de sant\u00e9 pour exercer le m\u00e9tier d&#039;op\u00e9rateur d&#039;appareil<\/li>\n<\/ul>\n<p>Le tarif des cours d\u00e9pend du nombre d&#039;inscrits. Nous offrons des rabais int\u00e9ressants pour les grands groupes. Pour plus d&#039;informations sur les prix, veuillez contacter notre soci\u00e9t\u00e9 et nous vous pr\u00e9senterons un devis d\u00e9taill\u00e9 pour le service.<\/p>\n<p>Les cours sont dispens\u00e9s \u00e0 notre si\u00e8ge social dans la ville de Varsovie, ainsi que dans nos centres r\u00e9gionaux. Nous sommes \u00e9galement en mesure d&#039;organiser des cours avec transport jusqu&#039;au client. En m\u00eame temps, nous pouvons adapter la port\u00e9e th\u00e9matique des cours sp\u00e9cifiquement \u00e0 vos besoins.<\/p>\n<p>En tant qu&#039;entreprise avec de nombreuses ann\u00e9es d&#039;exp\u00e9rience dans le domaine de la formation, nous savons ce dont nos clients ont besoin, c&#039;est pourquoi nous vous donnons acc\u00e8s \u00e0 une \u00e9ducation moderne \u00e0 des prix abordables. Nous sommes en mesure de nous adapter individuellement \u00e0 vos besoins, \u00e9galement en termes de lieu et d&#039;heure des cours sous forme de cours ferm\u00e9s. Si vous avez des questions, nous essaierons d&#039;y r\u00e9pondre dans les plus brefs d\u00e9lais.<\/p>\n<p>Nous vous encourageons \u00e0 vous inscrire au cours de chargeur t\u00e9lescopique chez ODK ERGON !<\/p>\n<p><a href=\"https:\/\/kursy-udt.pl\/wp-content\/uploads\/2022\/12\/13-kurs-ladowarki-teleskopowe-kursy-udt.pl_.png\"><img loading=\"lazy\" decoding=\"async\" class=\"aligncenter wp-image-4534\" src=\"https:\/\/kursy-udt.pl\/wp-content\/uploads\/2022\/12\/13-kurs-ladowarki-teleskopowe-kursy-udt.pl_-300x188.png\" alt=\"\" width=\"750\" height=\"469\" srcset=\"https:\/\/kursy-udt.pl\/wp-content\/uploads\/2022\/12\/13-kurs-ladowarki-teleskopowe-kursy-udt.pl_-300x188.png 300w, https:\/\/kursy-udt.pl\/wp-content\/uploads\/2022\/12\/13-kurs-ladowarki-teleskopowe-kursy-udt.pl_-1024x640.png 1024w, https:\/\/kursy-udt.pl\/wp-content\/uploads\/2022\/12\/13-kurs-ladowarki-teleskopowe-kursy-udt.pl_-768x480.png 768w, https:\/\/kursy-udt.pl\/wp-content\/uploads\/2022\/12\/13-kurs-ladowarki-teleskopowe-kursy-udt.pl_-18x12.png 18w, https:\/\/kursy-udt.pl\/wp-content\/uploads\/2022\/12\/13-kurs-ladowarki-teleskopowe-kursy-udt.pl_-624x390.png 624w, https:\/\/kursy-udt.pl\/wp-content\/uploads\/2022\/12\/13-kurs-ladowarki-teleskopowe-kursy-udt.pl_.png 1200w\" sizes=\"auto, (max-width: 750px) 100vw, 750px\" \/><\/a><\/p>\n<\/div>","protected":false},"excerpt":{"rendered":"<p>Zapraszamy na kursy na \u0142adowark\u0119 teleskopow\u0105 do O\u015brodka Doskonalenia Kadr ERGON! Wybieraj\u0105c nasze kursy na \u0142adowark\u0119, otrzymuj\u0105 Pa\u0144stwo pewno\u015b\u0107 profesjonalnego przeszkolenia pod okiem do\u015bwiadczonych instruktor\u00f3w, aby uzyskanie uprawnie\u0144 UDT by\u0142o jeszcze prostsze. Jednocze\u015bnie cena naszych zaj\u0119\u0107 r\u00f3wnie\u017c powinna wzbudzi\u0107 Pa\u0144stwa zainteresowanie \u2013 wszystkie szkolenia w ODK ERGON wyr\u00f3\u017cniaj\u0105 si\u0119 atrakcyjnymi, przyst\u0119pnymi dla ka\u017cdego op\u0142atami. &nbsp; Zastosowanie \u0141adowarka teleskopowa to w\u00f3zek wid\u0142owy specjalizowany, \u0142adowarka ze zmiennym wysi\u0119giem, kt\u00f3ra jest wykorzystywana powszechnie na placach bud\u00f3w oraz w innych miejscach, gdzie niezb\u0119dne jest prowadzenie prac transportowych w spos\u00f3b szybki i sprawny. W\u00f3zki stosowane s\u0105 mi\u0119dzy innymi przy pracach w ramach budowy dr\u00f3g, most\u00f3w, wiadukt\u00f3w, konstrukcji stalowych. Cel szkolenia Kurs na \u0142adowarki teleskopowe zosta\u0142 opracowany specjalnie dla tych os\u00f3b, kt\u00f3re chc\u0105 ubiega\u0107 si\u0119 o uzyskanie uprawnie\u0144 niezb\u0119dnych do pracy na stanowisku operatora w\u00f3zk\u00f3w jezdniowych z wysi\u0119gnikami teleskopowymi w kategorii I WJO (w\u00f3zek specjalizowany). Nasze szkolenie pomo\u017ce Pa\u0144stwu nauczy\u0107 si\u0119 obs\u0142ugiwa\u0107 urz\u0105dzenia takich producent\u00f3w jak: Manitou, Merlo, New Holland, Dieci, JCB oraz Case i innych stosowanych powszechnie w zak\u0142adach pracy. Prowadzone przez nas Kursy na \u0142adowarki sk\u0142adaj\u0105 si\u0119 z teoretycznej i praktycznej cz\u0119\u015bci, kt\u00f3re wsp\u00f3lnie kompleksowo przygotowuj\u0105 uczestnika do pracy na stanowisku operatora urz\u0105dzenia oraz stosowania jego osprz\u0119tu. Kurs na \u0142adowarki teleskopowe (\u0142adowarki ze zmiennym wysi\u0119giem) ko\u0144czy si\u0119 egzaminem pa\u0144stwowym przed komisj\u0105 Urz\u0119du Dozoru Technicznego. Po pozytywnym zaliczeniu egzaminu uczestnicy otrzymuj\u0105 stosowne uprawnienia oraz legitymacj\u0119 operatora. S\u0105 one wa\u017cne bezterminowo na terenie Polski oraz kraj\u00f3w Unii Europejskiej. Program zaj\u0119\u0107 Kurs na \u0142adowark\u0119 teleskopow\u0105 obejmuje wszystkie najwa\u017cniejsze informacje oraz umiej\u0119tno\u015bci niezb\u0119dne na stanowisku operatora urz\u0105dzenia. Zaj\u0119cia opieraj\u0105 si\u0119 na programie uzgodnionym [&hellip;]<\/p>\n","protected":false},"author":1,"featured_media":4452,"parent":65,"menu_order":15,"comment_status":"closed","ping_status":"closed","template":"","meta":{"sfsi_plus_gutenberg_text_before_share":"","sfsi_plus_gutenberg_show_text_before_share":"","sfsi_plus_gutenberg_icon_type":"","sfsi_plus_gutenberg_icon_alignemt":"","sfsi_plus_gutenburg_max_per_row":"","footnotes":""},"class_list":["post-1395","page","type-page","status-publish","has-post-thumbnail","hentry","has_thumb"],"aioseo_notices":[],"_links":{"self":[{"href":"https:\/\/kursy-udt.pl\/fr\/wp-json\/wp\/v2\/pages\/1395","targetHints":{"allow":["GET"]}}],"collection":[{"href":"https:\/\/kursy-udt.pl\/fr\/wp-json\/wp\/v2\/pages"}],"about":[{"href":"https:\/\/kursy-udt.pl\/fr\/wp-json\/wp\/v2\/types\/page"}],"author":[{"embeddable":true,"href":"https:\/\/kursy-udt.pl\/fr\/wp-json\/wp\/v2\/users\/1"}],"replies":[{"embeddable":true,"href":"https:\/\/kursy-udt.pl\/fr\/wp-json\/wp\/v2\/comments?post=1395"}],"version-history":[{"count":21,"href":"https:\/\/kursy-udt.pl\/fr\/wp-json\/wp\/v2\/pages\/1395\/revisions"}],"predecessor-version":[{"id":4535,"href":"https:\/\/kursy-udt.pl\/fr\/wp-json\/wp\/v2\/pages\/1395\/revisions\/4535"}],"up":[{"embeddable":true,"href":"https:\/\/kursy-udt.pl\/fr\/wp-json\/wp\/v2\/pages\/65"}],"wp:featuredmedia":[{"embeddable":true,"href":"https:\/\/kursy-udt.pl\/fr\/wp-json\/wp\/v2\/media\/4452"}],"wp:attachment":[{"href":"https:\/\/kursy-udt.pl\/fr\/wp-json\/wp\/v2\/media?parent=1395"}],"curies":[{"name":"wp","href":"https:\/\/api.w.org\/{rel}","templated":true}]}}