{"id":1386,"date":"2014-10-04T16:32:27","date_gmt":"2014-10-04T16:32:27","guid":{"rendered":"http:\/\/kursy-udt.pl\/?page_id=1386"},"modified":"2016-01-21T19:32:03","modified_gmt":"2016-01-21T19:32:03","slug":"chariots-telescopiques","status":"publish","type":"page","link":"https:\/\/kursy-udt.pl\/fr\/ladowarki-teleskopowe\/","title":{"rendered":"Chargeurs t\u00e9lescopiques"},"content":{"rendered":"<div style=\"float: left; padding-right: 10px;\"><img decoding=\"async\" alt=\"Plates-formes mobiles - photo\" src=\"\/wp-content\/uploads\/2014\/03\/wozki-widlowe-1.jpeg\" \/><\/div>\n<div class=\"wyjustuj\">\n<p>Les chariots \u00e9l\u00e9vateurs et les chargeurs sont couramment utilis\u00e9s dans les travaux de transport. Gr\u00e2ce \u00e0 eux, il est possible d&#039;effectuer des op\u00e9rations \u00e0 forte intensit\u00e9 de main-d&#039;\u0153uvre, en \u00e9conomisant du temps et en mettant l&#039;accent sur un haut niveau de s\u00e9curit\u00e9.<\/p>\n<p><strong>Application des appareils<\/strong><br \/>\nLes chariots t\u00e9lescopiques font partie des machines couramment utilis\u00e9es dans les travaux de construction, y compris les travaux de terrassement, mais aussi dans d'autres secteurs, notamment l'agriculture, l'entreposage ou la manutention de mat\u00e9riaux de toutes sortes, \u00e0 la fois verticalement et horizontalement. Il est <a href=\"https:\/\/kursy-udt.pl\/fr\/szkolenia\/udt-wdt-tdt\/wozki-widlowe-merlo\/\">chariot \u00e9l\u00e9vateur<\/a> sp\u00e9cialis\u00e9e, dont le fonctionnement n\u00e9cessite des connaissances appropri\u00e9es certifi\u00e9es par un op\u00e9rateur.<\/p>\n<p>Un chariot t\u00e9lescopique correctement utilis\u00e9 est capable de d\u00e9placer, entre autres, de la terre ou des agr\u00e9gats lors de travaux de terrassement, par exemple lors du nivellement du sol. En agriculture, gr\u00e2ce \u00e0 eux, vous pouvez transporter de la paille, du fumier ou du bois. Les appareils sont \u00e9galement utilis\u00e9s pour le chargement et le rechargement de palettes, caisses-palettes, big-bags dans les entrep\u00f4ts et les stations de transbordement.<\/p>\n<p>Certains chargeurs sont \u00e9quip\u00e9s de paniers sp\u00e9ciaux pour les personnes, ils peuvent donc \u00eatre utilis\u00e9s comme ascenseurs. La gamme compl\u00e8te d&#039;accessoires en fait des appareils polyvalents et fr\u00e9quemment utilis\u00e9s, ce qui cr\u00e9e \u00e9galement une forte demande pour les employ\u00e9s avec <a href=\"https:\/\/kursy-udt.pl\/fr\/uprawnienia-udt\/kategorie-uprawnien-2\/\">droits<\/a> pour les manipuler.<\/p>\n<p><strong>Construction<\/strong><br \/>\nUn chariot t\u00e9lescopique ou un chargeur \u00e0 port\u00e9e variable, comme ce terme est \u00e9galement utilis\u00e9, diff\u00e8re d&#039;un chariot \u00e9l\u00e9vateur ordinaire. Tout d&#039;abord, il est \u00e9quip\u00e9 d&#039;un moteur beaucoup plus puissant, ce qui signifie qu&#039;il peut \u00e9galement effectuer des t\u00e2ches plus difficiles. Ses petites dimensions sont \u00e9galement un grand avantage, car il fonctionne bien lors de la r\u00e9alisation de travaux sur de petites surfaces. L&#039;appareil dispose de quatre roues motrices permanentes, il est capable de travailler sur presque tous les types de surfaces, m\u00eame sur des surfaces difficiles telles que la boue ou le sable. Les chargeurs ont des cabines spacieuses pour prot\u00e9ger l&#039;op\u00e9rateur et les stabilisateurs.<\/p>\n<p><strong>Les appareils sont g\u00e9n\u00e9ralement class\u00e9s en deux types\u00a0:<\/strong><\/p>\n<ul>\n<li>rigides, avant, panoramiques - ce sont des chargeurs dot\u00e9s d&#039;une cabine de conduite plac\u00e9e de mani\u00e8re rigide. Les fl\u00e8ches de ces mod\u00e8les sont guid\u00e9es depuis le c\u00f4t\u00e9 droit du v\u00e9hicule. Les appareils peuvent \u00eatre \u00e9quip\u00e9s de supports lat\u00e9raux. Habituellement, leur capacit\u00e9 de levage est de 1,5 \u00e0 20 tonnes et leur port\u00e9e peut atteindre 20 m\u00e8tres.<\/li>\n<li>rotatif, roto - mod\u00e8les \u00e0 t\u00eate rotative, qui vous permettent \u00e9galement de modifier la position de la cabine de l&#039;op\u00e9rateur avec une fl\u00e8che \u00e0 360 degr\u00e9s sur la plate-forme de la machine. Habituellement, leur capacit\u00e9 de levage est de 3 \u00e0 5 tonnes et la port\u00e9e peut atteindre 30 m\u00e8tres<\/li>\n<\/ul>\n<p>Les fabricants de chariots t\u00e9lescopiques les plus populaires sont New Holland, Manitou, Case, Dieci, JCB et Merlo. Leur offre comprend une gamme compl\u00e8te d&#039;appareils modernes prenant en charge de mani\u00e8re compl\u00e8te la construction et d&#039;autres travaux. Le prix de l&#039;\u00e9quipement atteint souvent plusieurs centaines de milliers de zlotys, selon le fabricant, la taille et l&#039;\u00e9quipement utilis\u00e9.<\/p>\n<p><strong>Cours chargeurs t\u00e9lescopiques<\/strong><br \/>\nPour travailler en tant qu&#039;op\u00e9rateur de la machine, vous avez besoin d&#039;une autorisation. Ils sont d\u00e9cern\u00e9s apr\u00e8s avoir r\u00e9ussi la formation et pass\u00e9 l&#039;examen UDT. Choisir <a href=\"https:\/\/kursy-udt.pl\/fr\/szkolenia\/kurs-na-ladowarki-teleskopowe\/\">cours pour chargeurs t\u00e9lescopiques<\/a>, le participant re\u00e7oit des informations transversales sur le fonctionnement s\u00fbr de l&#039;appareil au poste de conduite. Il enseigne, entre autres, comment conduire correctement le camion, comment placer des charges dessus et comment se conformer au contr\u00f4le technique et aux r\u00e8gles de sant\u00e9 et de s\u00e9curit\u00e9.<\/p>\n<p>Chez ODK ERGON, nous vous proposons une formation professionnelle, qui est la base pour l&#039;obtention des qualifications I WJO pour un chariot sp\u00e9cialis\u00e9, c&#039;est-\u00e0-dire pour un chargeur t\u00e9lescopique. En tant qu&#039;entreprise avec de nombreuses ann\u00e9es d&#039;exp\u00e9rience dans l&#039;enseignement, nous offrons \u00e0 nos \u00e9tudiants un soutien complet d&#039;experts pour r\u00e9ussir l&#039;examen devant le comit\u00e9 du Bureau de l&#039;inspection technique. Nous op\u00e9rons dans les villes de Varsovie, Cracovie, Katowice et Bielsko-Bia\u0142a, et nous sommes en mesure d&#039;organiser des cours ferm\u00e9s pour nos clients \u00e0 tout moment et en tout lieu. La grille tarifaire de nos cours est ajust\u00e9e au nombre de participants.<\/p>\n<p>Tous les int\u00e9ress\u00e9s sont invit\u00e9s au cours de chargeur t\u00e9lescopique pour <a href=\"https:\/\/kursy-udt.pl\/fr\/o-firmie\/\">Centre de formation du personnel ERGON<\/a>!<\/p>\n<\/div>","protected":false},"excerpt":{"rendered":"<p>W pracach transportowych powszechnie stosuje si\u0119 w\u00f3zki wid\u0142owe oraz \u0142adowarki. Dzi\u0119ki nim mo\u017cna wykonywa\u0107 pracoch\u0142onne operacje, oszcz\u0119dzaj\u0105c czas, a przy tym r\u00f3wnie\u017c z naciskiem na wysokim poziom bezpiecze\u0144stwa. Zastosowanie urz\u0105dze\u0144 \u0141adowarki teleskopowe to jedne z powszechnie wykorzystywanych maszyn w robotach budowlanych, w tym w robotach ziemnych, kt\u00f3re r\u00f3wnie\u017c sprawdzaj\u0105 si\u0119 w innych bran\u017cach, mi\u0119dzy innymi rolniczej, w magazynach czy te\u017c w pracach transportu bliskiego r\u00f3\u017cnego rodzaju zar\u00f3wno w pionie, jak i w poziomie. To w\u00f3zek wid\u0142owy specjalizowany, kt\u00f3ry do obs\u0142ugi wymaga odpowiedniej wiedzy po\u015bwiadczonej uprawnieniami operatora. Poprawnie operowana \u0142adowarka teleskopowa jest w stanie przenosi\u0107 mi\u0119dzy innymi ziemi\u0119 lub kruszywa przy pracach ziemnych, na przyk\u0142ad przy niwelacji grunt\u00f3w. W rolnictwie dzi\u0119ki nim mo\u017cna transportowa\u0107 s\u0142om\u0119, obornik czy drewno. Tak\u017ce urz\u0105dzenia znajduj\u0105 zastosowanie przy za\u0142adunku i prze\u0142adunku palet, skrzyniopalet, big-bag\u00f3w w magazynach i stacjach prze\u0142adunkowych. Niekt\u00f3re \u0142adowarki posiadaj\u0105 jako osprz\u0119t specjalne kosze dla ludzi, dlatego mog\u0105 pe\u0142ni\u0107 wtedy funkcje podno\u015bnik\u00f3w. Pe\u0142na gama osprz\u0119tu powoduje, \u017ce s\u0105 to wszechstronne i cz\u0119sto wykorzystywane urz\u0105dzenia, co z kolei r\u00f3wnie\u017c wywo\u0142uje wysokie zapotrzebowanie na pracownik\u00f3w posiadaj\u0105cych uprawnienia do ich obs\u0142ugi. Budowa \u0141adowarka teleskopowa czy \u0142adowarka ze zmiennym wysi\u0119giem, poniewa\u017c stosuje si\u0119 r\u00f3wnie\u017c takie okre\u015blenie, r\u00f3\u017cni si\u0119 od zwyk\u0142ego w\u00f3zka wid\u0142owego. Przede wszystkim jest wyposa\u017cona w silnik o znacznie wi\u0119kszej mocy, co powoduje, \u017ce mo\u017ce wykonywa\u0107 tak\u017ce trudniejsze zadania. Jej niewielkie wymiary s\u0105 r\u00f3wnie\u017c du\u017cym atutem, poniewa\u017c sprawdza si\u0119 ona przy realizacji prac na ma\u0142ych powierzchniach. Urz\u0105dzenie posiada cztery ko\u0142a o nap\u0119dzie sta\u0142ym, jest w stanie pracowa\u0107 niemal\u017ce na ka\u017cdego rodzaju nawierzchni, tak\u017ce na nawierzchniach trudnych jak b\u0142oto, piasek. \u0141adowarki posiadaj\u0105 przestronne [&hellip;]<\/p>\n","protected":false},"author":1,"featured_media":0,"parent":0,"menu_order":0,"comment_status":"closed","ping_status":"closed","template":"","meta":{"sfsi_plus_gutenberg_text_before_share":"","sfsi_plus_gutenberg_show_text_before_share":"","sfsi_plus_gutenberg_icon_type":"","sfsi_plus_gutenberg_icon_alignemt":"","sfsi_plus_gutenburg_max_per_row":"","footnotes":""},"class_list":["post-1386","page","type-page","status-publish","hentry","has_thumb"],"aioseo_notices":[],"_links":{"self":[{"href":"https:\/\/kursy-udt.pl\/fr\/wp-json\/wp\/v2\/pages\/1386","targetHints":{"allow":["GET"]}}],"collection":[{"href":"https:\/\/kursy-udt.pl\/fr\/wp-json\/wp\/v2\/pages"}],"about":[{"href":"https:\/\/kursy-udt.pl\/fr\/wp-json\/wp\/v2\/types\/page"}],"author":[{"embeddable":true,"href":"https:\/\/kursy-udt.pl\/fr\/wp-json\/wp\/v2\/users\/1"}],"replies":[{"embeddable":true,"href":"https:\/\/kursy-udt.pl\/fr\/wp-json\/wp\/v2\/comments?post=1386"}],"version-history":[{"count":1,"href":"https:\/\/kursy-udt.pl\/fr\/wp-json\/wp\/v2\/pages\/1386\/revisions"}],"predecessor-version":[{"id":1387,"href":"https:\/\/kursy-udt.pl\/fr\/wp-json\/wp\/v2\/pages\/1386\/revisions\/1387"}],"wp:attachment":[{"href":"https:\/\/kursy-udt.pl\/fr\/wp-json\/wp\/v2\/media?parent=1386"}],"curies":[{"name":"wp","href":"https:\/\/api.w.org\/{rel}","templated":true}]}}