{"id":1334,"date":"2014-08-12T22:13:49","date_gmt":"2014-08-12T22:13:49","guid":{"rendered":"http:\/\/kursy-udt.pl\/?page_id=1334"},"modified":"2022-10-14T12:18:53","modified_gmt":"2022-10-14T12:18:53","slug":"une-fois-les-travaux-termines","status":"publish","type":"page","link":"https:\/\/kursy-udt.pl\/fr\/szkolenia\/kurs-na-suwnice\/po-zakonczeniu-pracy\/","title":{"rendered":"Apr\u00e8s le travail"},"content":{"rendered":"<h2 class=\"naglowekh2\"><img loading=\"lazy\" decoding=\"async\" class=\"paddingleft10 alignleft wp-image-1340\" src=\"https:\/\/kursy-udt.pl\/wp-content\/uploads\/2014\/08\/po-pracy_m.jpg\" alt=\"\" width=\"200\" height=\"150\" \/>Activit\u00e9s apr\u00e8s avoir termin\u00e9 le travail avec la grue<\/h2>\n<p>Lorsque vous travaillez avec des ponts roulants, il est n\u00e9cessaire non seulement de bien se pr\u00e9parer \u00e0 la t\u00e2che et d&#039;utiliser correctement l&#039;appareil pendant le transport, mais \u00e9galement chaque employ\u00e9 qui a <a href=\"https:\/\/kursy-udt.pl\/fr\/uprawnienia-udt\/kategorie-uprawnien-2\/\">droits<\/a> pour les grues \u00e0 portique, doit savoir quelles activit\u00e9s doivent \u00eatre effectu\u00e9es une fois les travaux termin\u00e9s.<\/p>\n<p>Toutes les op\u00e9rations suivantes doivent \u00eatre effectu\u00e9es par chaque op\u00e9rateur de l'\u00e9quipement apr\u00e8s chaque p\u00e9riode de travail. Leur omission peut \u00eatre \u00e0 l'origine d'accidents du travail graves. Respect de la r\u00e9glementation <a href=\"https:\/\/kursy-udt.pl\/fr\/szkolenia\/bhp-bezpieczenstwo-pracy\/prawna-ochrona-pracy\/\">Sant\u00e9 et s\u00e9curit\u00e9<\/a> sur la position du grutier est cruciale, car cet \u00e9quipement repr\u00e9sente souvent un risque s\u00e9rieux sur le lieu de travail de l'usine en raison de sa taille et du poids des charges qu'il transporte.<\/p>\n<div class=\"filmw\">\n<div class=\"responsive-youtube\" style=\"text-align: center;\"><iframe loading=\"lazy\" title=\"Lecteur vid\u00e9o YouTube\" src=\"https:\/\/www.youtube.com\/embed\/0BIkkFvLgew\" width=\"560\" height=\"315\" frameborder=\"0\" allowfullscreen=\"allowfullscreen\"><\/iframe><\/div>\n<\/div>\n<h2 class=\"naglowekh2\"><strong>Les activit\u00e9s les plus importantes apr\u00e8s avoir termin\u00e9 le travail:<\/strong><\/h2>\n<ul>\n<li>v\u00e9rifier s&#039;il ne reste plus de charges sur l&#039;appareil pour le transport de charges - si c&#039;est le cas, les retirer conform\u00e9ment \u00e0 la r\u00e9glementation et les placer dans un endroit appropri\u00e9<\/li>\n<li>le dispositif de chargement doit \u00eatre \u00e9lev\u00e9 \u00e0 la hauteur indiqu\u00e9e afin qu&#039;il n&#039;interf\u00e8re pas avec le d\u00e9placement sous les travailleurs ou les v\u00e9hicules - le plus souvent, il mesure environ 2,5 m\u00e8tres de haut, mais il est g\u00e9n\u00e9ralement d\u00e9termin\u00e9 individuellement en fonction du type d&#039;appareil et du lieu de travail<\/li>\n<li>placez l&#039;appareil dans un endroit o\u00f9 il est gar\u00e9 afin qu&#039;il n&#039;interf\u00e8re pas avec d&#039;autres travaux dans l&#039;usine<\/li>\n<li>appuyer sur le bouton d&#039;arr\u00eat d&#039;urgence de la machine<\/li>\n<li>d\u00e9connectez tous les syst\u00e8mes de contr\u00f4le qui se trouvent sur le panneau de contr\u00f4le<\/li>\n<li>coupez l&#039;alimentation de la machine \u00e0 l&#039;aide de l&#039;interrupteur principal de la machine<\/li>\n<li>les freins anti-vent doivent \u00eatre s\u00e9curis\u00e9s, si la machine en est \u00e9quip\u00e9e<\/li>\n<li>si la machine a un \u00e9lectro-aimant, abaissez-le au sol<\/li>\n<li>avant de quitter le lieu de travail, inspectez soigneusement visuellement l&#039;appareil et faites attention aux \u00e9ventuels dommages m\u00e9caniques, aux fuites de fluides de fonctionnement<\/li>\n<li>l&#039;appareil doit \u00eatre s\u00e9curis\u00e9 contre les passants qui pourraient l&#039;utiliser<\/li>\n<li>en cas de d\u00e9fauts li\u00e9s au fonctionnement de l&#039;appareil, vous devez imm\u00e9diatement en informer votre superviseur et les autres op\u00e9rateurs, si possible<\/li>\n<li>\u00e0 la fin du quart de travail, il est n\u00e9cessaire de saisir le carnet d&#039;op\u00e9rations, ce qui fait passer l&#039;appareil<\/li>\n<\/ul>\n<p><a href=\"https:\/\/kursy-udt.pl\/wp-content\/uploads\/2022\/10\/s2.jpeg\"><img loading=\"lazy\" decoding=\"async\" class=\"aligncenter wp-image-4478\" src=\"https:\/\/kursy-udt.pl\/wp-content\/uploads\/2022\/10\/s2-300x200.jpeg\" alt=\"\" width=\"750\" height=\"500\" srcset=\"https:\/\/kursy-udt.pl\/wp-content\/uploads\/2022\/10\/s2-300x200.jpeg 300w, https:\/\/kursy-udt.pl\/wp-content\/uploads\/2022\/10\/s2-1024x683.jpeg 1024w, https:\/\/kursy-udt.pl\/wp-content\/uploads\/2022\/10\/s2-768x512.jpeg 768w, https:\/\/kursy-udt.pl\/wp-content\/uploads\/2022\/10\/s2-1536x1024.jpeg 1536w, https:\/\/kursy-udt.pl\/wp-content\/uploads\/2022\/10\/s2-18x12.jpeg 18w, https:\/\/kursy-udt.pl\/wp-content\/uploads\/2022\/10\/s2-624x416.jpeg 624w, https:\/\/kursy-udt.pl\/wp-content\/uploads\/2022\/10\/s2.jpeg 1600w\" sizes=\"auto, (max-width: 750px) 100vw, 750px\" \/><\/a><\/p>\n<p>Il ne faut pas oublier que lors de la prise en charge de la grue par le quart de travail suivant, la grue actuelle doit passer la grue \u00e0 la grue suivante. Si cela n&#039;est pas possible, le grutier ne peut quitter son emploi qu&#039;avec le consentement de son sup\u00e9rieur imm\u00e9diat.<\/p>\n<p>Choisir <a href=\"https:\/\/kursy-udt.pl\/fr\/szkolenia\/kurs-na-suwnice\/\">cours pour portiques<\/a> dans notre <a href=\"https:\/\/kursy-udt.pl\/fr\/o-firmie\/\">Centre de formation du personnel ERGON<\/a>, vous recevez toutes les informations cl\u00e9s li\u00e9es au fonctionnement des appareils pr\u00e9sent\u00e9s. Nos instructeurs vous fournissent non seulement des informations sous forme de th\u00e9orie, mais les v\u00e9rifient \u00e9galement lors de cours pratiques organis\u00e9s avec l&#039;utilisation de l&#039;appareil. C&#039;est au cours des exercices que vous pourrez vous familiariser avec toutes les proc\u00e9dures \u00e0 suivre avant de commencer le travail, pendant et apr\u00e8s l&#039;avoir termin\u00e9. Nous invitons!<\/p>\n<div class=\"button_styl\" style=\"float: right; padding-left: 15px; padding-bottom: 8px; margin-bottom: 5px;\"><a class=\"myButton myButton_maly\" href=\"https:\/\/platformaedukacji.pl\/login\/signup.php\" target=\"_blank\" rel=\"nofollow noopener\"><span style=\"color: white;\">Inscrivez-vous \u00e0 la formation<\/span><\/a><\/div>\n<div style=\"padding-top: 70px;\">\n<h2>Plus d&#039;information:<\/h2>\n<div style=\"text-align: center; font-size: 85%; line-height: 120%;\">\n<div style=\"float: left; margin-right: 40px; height: 290px;\">\n<p><a href=\"\/fr\/entrainement\/cours-pour-portiques\/ponts-roulants-de-construction\/\"><img decoding=\"async\" src=\"\/wp-content\/uploads\/2014\/08\/budowa.jpg\" alt=\"\" \/><\/a><\/p>\n<div style=\"width: 300px; font-size: 130%;\"><strong>Construction de ponts roulants<\/strong><\/div>\n<p>&nbsp;<\/p>\n<\/div>\n<div style=\"float: left; margin-right: 40px; height: 290px;\">\n<p><a href=\"\/fr\/entrainement\/cours-pour-portiques\/activites-interdites\/\"><img decoding=\"async\" src=\"\/wp-content\/uploads\/2014\/08\/zabronione.jpg\" alt=\"\" \/><\/a><\/p>\n<div style=\"width: 300px; font-size: 130%;\"><strong>Activit\u00e9s interdites<\/strong><\/div>\n<p>&nbsp;<\/p>\n<\/div>\n<\/div>\n<div style=\"clear: both;\"><\/div>\n<div style=\"text-align: center; font-size: 85%; line-height: 120%;\">\n<div style=\"float: left; margin-right: 40px; height: 290px;\">\n<p><a href=\"\/fr\/entrainement\/cours-pour-portiques\/activites-preparatoires\/\"><img decoding=\"async\" src=\"\/wp-content\/uploads\/2014\/08\/przygotowanie.jpg\" alt=\"\" \/><\/a><\/p>\n<div style=\"width: 300px; font-size: 130%;\"><strong>Activit\u00e9s pr\u00e9paratoires<\/strong><\/div>\n<p>&nbsp;<\/p>\n<\/div>\n<div style=\"float: left; margin-right: 40px; height: 290px;\">\n<p><a href=\"\/fr\/entrainement\/cours-pour-portiques\/une-fois-les-travaux-termines\/\"><img decoding=\"async\" src=\"\/wp-content\/uploads\/2014\/08\/po-pracy.jpg\" alt=\"\" \/><\/a><\/p>\n<div style=\"width: 300px; font-size: 130%;\"><strong>Apr\u00e8s le travail<\/strong><\/div>\n<p>&nbsp;<\/p>\n<\/div>\n<\/div>\n<div style=\"text-align: center; font-size: 85%; line-height: 120%;\">\n<div style=\"float: left; margin-right: 40px; height: 290px;\">\n<p><a href=\"\/fr\/entrainement\/cours-pour-portiques\/\"><img decoding=\"async\" style=\"width: 300px; height: 225px;\" src=\"\/wp-content\/uploads\/2014\/04\/suwnice.jpeg\" alt=\"\" \/><\/a><\/p>\n<div style=\"width: 300px; font-size: 130%;\"><strong>Cours pour les ponts roulants<\/strong><\/div>\n<p>&nbsp;<\/p>\n<\/div>\n<\/div>\n<\/div>","protected":false},"excerpt":{"rendered":"<p>Czynno\u015bci po zako\u0144czeniu pracy z suwnic\u0105 Przy pracy z suwnicami niezb\u0119dne jest nie tylko prawid\u0142owe przygotowanie si\u0119 do zadania oraz w\u0142a\u015bciwe operowanie urz\u0105dzeniem podczas transportu, ale dodatkowo tak\u017ce ka\u017cdy pracownik, kt\u00f3ry posiada uprawnienia na suwnice, musi wiedzie\u0107, jakie czynno\u015bci trzeba wykona\u0107 po zako\u0144czeniu prac. Wszystkie z poni\u017cej przedstawionych czynno\u015bci musi wykona\u0107 ka\u017cdy operator urz\u0105dzenia po ka\u017cdej zmianie roboczej. Ich pomini\u0119cie mo\u017ce by\u0107 przyczyn\u0105 powa\u017cnych wypadk\u00f3w przy pracy. Przestrzeganie przepis\u00f3w BHP na stanowisku suwnicowego jest kluczowe, poniewa\u017c sprz\u0119t ten cz\u0119sto ze wzgl\u0119du na swoje wymiary oraz na ci\u0119\u017car przenoszonych \u0142adunk\u00f3w stanowi powa\u017cne zagro\u017cenie na stanowisku pracy w zak\u0142adzie. Najwa\u017cniejsze czynno\u015bci po zako\u0144czonej pracy: sprawdzenie, czy na urz\u0105dzeniu do transportu \u0142adunk\u00f3w nie pozosta\u0142y \u017cadne \u0142adunki \u2013 gdy tak, nale\u017cy zgodnie z przepisami zdj\u0105\u0107 je i umie\u015bci\u0107 w odpowiednim miejscu nale\u017cy unie\u015b\u0107 urz\u0105dzenie \u0142adunkowe na wskazan\u0105 wysoko\u015b\u0107, aby nie przeszkadza\u0142o ono w poruszaniu si\u0119 poni\u017cej pracownik\u00f3w, pojazd\u00f3w \u2013 najcz\u0119\u015bciej jest to wysoko\u015b\u0107 oko\u0142o 2,5 metra, ale jest ona zwykle indywidualnie wyznaczana zale\u017cnie od rodzaju urz\u0105dzenia oraz zak\u0142adu pracy nale\u017cy umie\u015bci\u0107 urz\u0105dzenie w miejscu jego postoju, aby nie przeszkadza\u0142o w wykonywaniu innych prac w zak\u0142adzie nale\u017cy nacisn\u0105\u0107 przycisk zatrzymania awaryjnego urz\u0105dzenia nale\u017cy od\u0142\u0105czy\u0107 wszystkie uk\u0142ady sterowania, kt\u00f3re znajduj\u0105 si\u0119 na panelu steruj\u0105cym nale\u017cy wy\u0142\u0105czy\u0107 zasilanie urz\u0105dzenia z u\u017cyciem g\u0142\u00f3wnego wy\u0142\u0105cznika zasilania urz\u0105dzenia nale\u017cy zabezpieczy\u0107 hamulce przeciwwiatrowe, je\u017celi urz\u0105dzenie jest w nie wyposa\u017cone je\u017celi urz\u0105dzenie wyposa\u017cone jest w elektromagnes, nale\u017cy opu\u015bci\u0107 go na ziemi\u0119 przed opuszczeniem stanowiska pracy nale\u017cy dok\u0142adnie wzrokowo skontrolowa\u0107 urz\u0105dzenie i zwr\u00f3ci\u0107 uwag\u0119 na ewentualne uszkodzenia mechaniczne, wycieki p\u0142yn\u00f3w eksploatacyjnych nale\u017cy dokona\u0107 zabezpieczenia urz\u0105dzenia przed osobami postronnymi, [&hellip;]<\/p>\n","protected":false},"author":1,"featured_media":4478,"parent":1322,"menu_order":8,"comment_status":"closed","ping_status":"closed","template":"","meta":{"sfsi_plus_gutenberg_text_before_share":"","sfsi_plus_gutenberg_show_text_before_share":"","sfsi_plus_gutenberg_icon_type":"","sfsi_plus_gutenberg_icon_alignemt":"","sfsi_plus_gutenburg_max_per_row":"","footnotes":""},"class_list":["post-1334","page","type-page","status-publish","has-post-thumbnail","hentry","has_thumb"],"aioseo_notices":[],"_links":{"self":[{"href":"https:\/\/kursy-udt.pl\/fr\/wp-json\/wp\/v2\/pages\/1334","targetHints":{"allow":["GET"]}}],"collection":[{"href":"https:\/\/kursy-udt.pl\/fr\/wp-json\/wp\/v2\/pages"}],"about":[{"href":"https:\/\/kursy-udt.pl\/fr\/wp-json\/wp\/v2\/types\/page"}],"author":[{"embeddable":true,"href":"https:\/\/kursy-udt.pl\/fr\/wp-json\/wp\/v2\/users\/1"}],"replies":[{"embeddable":true,"href":"https:\/\/kursy-udt.pl\/fr\/wp-json\/wp\/v2\/comments?post=1334"}],"version-history":[{"count":9,"href":"https:\/\/kursy-udt.pl\/fr\/wp-json\/wp\/v2\/pages\/1334\/revisions"}],"predecessor-version":[{"id":4480,"href":"https:\/\/kursy-udt.pl\/fr\/wp-json\/wp\/v2\/pages\/1334\/revisions\/4480"}],"up":[{"embeddable":true,"href":"https:\/\/kursy-udt.pl\/fr\/wp-json\/wp\/v2\/pages\/1322"}],"wp:featuredmedia":[{"embeddable":true,"href":"https:\/\/kursy-udt.pl\/fr\/wp-json\/wp\/v2\/media\/4478"}],"wp:attachment":[{"href":"https:\/\/kursy-udt.pl\/fr\/wp-json\/wp\/v2\/media?parent=1334"}],"curies":[{"name":"wp","href":"https:\/\/api.w.org\/{rel}","templated":true}]}}