{"id":1332,"date":"2014-08-12T22:09:36","date_gmt":"2014-08-12T22:09:36","guid":{"rendered":"http:\/\/kursy-udt.pl\/?page_id=1332"},"modified":"2022-10-14T12:17:02","modified_gmt":"2022-10-14T12:17:02","slug":"activites-preparatoires","status":"publish","type":"page","link":"https:\/\/kursy-udt.pl\/fr\/szkolenia\/kurs-na-suwnice\/czynnosci-przygotowawcze\/","title":{"rendered":"Activit\u00e9s pr\u00e9paratoires"},"content":{"rendered":"<h2 class=\"naglowekh2\"><img loading=\"lazy\" decoding=\"async\" class=\"paddingleft10 alignleft wp-image-1341\" src=\"https:\/\/kursy-udt.pl\/wp-content\/uploads\/2014\/08\/przygotowanie.jpg\" alt=\"\" width=\"200\" height=\"150\" \/>Activit\u00e9s avant de commencer \u00e0 travailler avec la grue<\/h2>\n<p>Le moyen le plus efficace de r\u00e9duire les risques de dangers, y compris les accidents du travail lors de la conduite de ponts roulants, est la connaissance pr\u00e9cise des r\u00e8gles de sant\u00e9 et de s\u00e9curit\u00e9 au travail et leur respect. Ces activit\u00e9s doivent \u00eatre effectu\u00e9es avant, pendant et apr\u00e8s l&#039;entretien de l&#039;appareil. Ci-dessous, nous pr\u00e9sentons les \u00e9tapes n\u00e9cessaires avant de commencer les travaux.<\/p>\n<p>Avant de commencer le travail, chaque op\u00e9rateur de la machine est principalement responsable des contr\u00f4les sp\u00e9ciaux. Leur objectif est d&#039;assurer la s\u00e9curit\u00e9 du travail pour eux-m\u00eames et pour les autres employ\u00e9s \u00e0 leurs postes. Tout le monde apprend les activit\u00e9s suivantes <a href=\"https:\/\/kursy-udt.pl\/fr\/szkolenia\/kurs-na-suwnice\/\">cours pour portiques<\/a>par cons\u00e9quent, apr\u00e8s son ach\u00e8vement, la personne doit savoir comment commencer \u00e0 travailler.<\/p>\n<div class=\"filmw\">\n<div class=\"responsive-youtube\" style=\"text-align: center;\"><iframe loading=\"lazy\" title=\"Lecteur vid\u00e9o YouTube\" src=\"https:\/\/www.youtube.com\/embed\/0BIkkFvLgew\" width=\"560\" height=\"315\" frameborder=\"0\" allowfullscreen=\"allowfullscreen\"><\/iframe><\/div>\n<\/div>\n<h2 class=\"naglowekh2\"><strong>Les r\u00e8gles les plus importantes avant de commencer \u00e0 travailler avec des ponts roulants :<\/strong><\/h2>\n<ul>\n<li>les travaux avec l&#039;utilisation de l&#039;appareil ne peuvent \u00eatre effectu\u00e9s que s&#039;ils disposent d&#039;une d\u00e9cision valide \u00e9mise par le Bureau de l&#039;inspection technique<\/li>\n<li>l'op\u00e9rateur doit respecter toutes les r\u00e9glementations \u00e0 tout moment lors de l'utilisation de l'\u00e9quipement <a href=\"https:\/\/kursy-udt.pl\/fr\/szkolenia\/bhp-bezpieczenstwo-pracy\/prawna-ochrona-pracy\/\">Sant\u00e9 et s\u00e9curit\u00e9<\/a>y compris les instructions de travail et, en outre, les instructions d'utilisation de l'\u00e9quipement<\/li>\n<li>le travail avec l&#039;utilisation de l&#039;outil ne peut \u00eatre effectu\u00e9 que par une personne ayant les <a href=\"https:\/\/kursy-udt.pl\/fr\/uprawnienia-udt\/kategorie-uprawnien-2\/\">droits<\/a> pour ponts roulants<\/li>\n<li>en cas de constatation d&#039;anomalies, arr\u00eater imm\u00e9diatement le travail, arr\u00eater la machine et avertir la personne responsable<\/li>\n<\/ul>\n<h2 class=\"naglowekh2\"><strong>Actions \u00e0 entreprendre avant de commencer les travaux :<\/strong><\/h2>\n<ul>\n<li><a href=\"https:\/\/kursy-udt.pl\/wp-content\/uploads\/2022\/10\/screen_2x.jpeg\"><img loading=\"lazy\" decoding=\"async\" class=\"size-medium wp-image-4476 alignright\" src=\"https:\/\/kursy-udt.pl\/wp-content\/uploads\/2022\/10\/screen_2x-300x200.jpeg\" alt=\"\" width=\"300\" height=\"200\" srcset=\"https:\/\/kursy-udt.pl\/wp-content\/uploads\/2022\/10\/screen_2x-300x200.jpeg 300w, https:\/\/kursy-udt.pl\/wp-content\/uploads\/2022\/10\/screen_2x-1024x683.jpeg 1024w, https:\/\/kursy-udt.pl\/wp-content\/uploads\/2022\/10\/screen_2x-768x512.jpeg 768w, https:\/\/kursy-udt.pl\/wp-content\/uploads\/2022\/10\/screen_2x-1536x1024.jpeg 1536w, https:\/\/kursy-udt.pl\/wp-content\/uploads\/2022\/10\/screen_2x-18x12.jpeg 18w, https:\/\/kursy-udt.pl\/wp-content\/uploads\/2022\/10\/screen_2x-624x416.jpeg 624w, https:\/\/kursy-udt.pl\/wp-content\/uploads\/2022\/10\/screen_2x.jpeg 1600w\" sizes=\"auto, (max-width: 300px) 100vw, 300px\" \/><\/a>lire les informations actuelles contenues dans le carnet d&#039;exploitation, le carnet d&#039;entretien ou le carnet de remise d&#039;un appareil donn\u00e9<\/li>\n<li>assurez-vous que l&#039;appareil est dans une position s\u00fbre et qu&#039;il n&#039;y a pas d&#039;objets dangereux ou de personnes \u00e0 proximit\u00e9<\/li>\n<li>vous devez v\u00e9rifier attentivement toutes les masses de charges \u00e0 d\u00e9placer et les comparer \u00e0 la capacit\u00e9 maximale de l&#039;appareil afin de ne pas d\u00e9passer la limite<\/li>\n<li>les signes de communication doivent \u00eatre convenus avec l&#039;op\u00e9rateur du crochet<\/li>\n<li>un lieu de stockage des charges doit \u00eatre correctement pr\u00e9par\u00e9<\/li>\n<li>l&#039;appareil doit \u00eatre inspect\u00e9 - c&#039;est un point important qui doit \u00eatre effectu\u00e9 \u00e0 chaque fois avant de commencer le travail<\/li>\n<\/ul>\n<h2 class=\"naglowekh2\"><strong>La vue d&#039;ensemble de l&#039;appareil se compose de\u00a0:<\/strong><\/h2>\n<ul>\n<li>inspection visuelle de l&#039;efficacit\u00e9 - v\u00e9rification de l&#039;environnement de travail, de la voie, de l&#039;\u00e9tat technique de l&#039;appareil et des \u00e9l\u00e9ments individuels, par exemple pour des dommages m\u00e9caniques ou des fuites, v\u00e9rification \u00e9galement des roues de roulement du palan ou du treuil et du pont, de la corde, de la cha\u00eene de levage, du dispositif de pr\u00e9hension, agents de s\u00e9curit\u00e9. De plus, v\u00e9rifiez que l&#039;appareil n&#039;est pas bloqu\u00e9, hors service ou en cours de maintenance ou d&#039;inspection<\/li>\n<li>contr\u00f4le des \u00e9l\u00e9ments de s\u00e9curit\u00e9 individuels - v\u00e9rification du fonctionnement de l&#039;interrupteur principal, de la commande de la cassette, des m\u00e9canismes d&#039;avertissement, des \u00e9l\u00e9ments de blocage de mouvement, des dispositifs de commande, de l&#039;interrupteur &quot;STOP&quot;, des liens d&#039;extr\u00e9mit\u00e9, du frein de charge, du limiteur de charge et de l&#039;embrayage \u00e0 friction \u00e9galement avec le dispositif. De plus, l&#039;op\u00e9rateur doit v\u00e9rifier que l&#039;appareil se d\u00e9place comme indiqu\u00e9 sur le panneau de commande<\/li>\n<li>v\u00e9rification de l&#039;efficacit\u00e9 des m\u00e9canismes d&#039;entra\u00eenement - il est n\u00e9cessaire d&#039;effectuer un essai routier de l&#039;appareil<\/li>\n<\/ul>\n<p>A la fin, l&#039;ex\u00e9cution des travaux doit \u00eatre not\u00e9e dans le cahier des charges.<\/p>\n<div class=\"button_styl\" style=\"float: right; padding-left: 15px; padding-bottom: 8px; margin-bottom: 5px;\"><a class=\"myButton myButton_maly\" href=\"https:\/\/platformaedukacji.pl\/login\/signup.php\" target=\"_blank\" rel=\"nofollow noopener\"><span style=\"color: white;\">Inscrivez-vous \u00e0 la formation<\/span><\/a><\/div>\n<div style=\"padding-top: 70px;\">\n<h2 class=\"naglowekh2\">Plus d&#039;information:<\/h2>\n<div style=\"text-align: center; font-size: 85%; line-height: 120%;\">\n<div style=\"float: left; margin-right: 40px; height: 290px;\">\n<p><a href=\"\/fr\/entrainement\/cours-pour-portiques\/ponts-roulants-de-construction\/\"><img decoding=\"async\" src=\"\/wp-content\/uploads\/2014\/08\/budowa.jpg\" alt=\"\" \/><\/a><\/p>\n<div style=\"width: 300px; font-size: 130%;\"><strong>Construction de ponts roulants<\/strong><\/div>\n<p>&nbsp;<\/p>\n<\/div>\n<div style=\"float: left; margin-right: 40px; height: 290px;\">\n<p><a href=\"\/fr\/entrainement\/cours-pour-portiques\/activites-interdites\/\"><img decoding=\"async\" src=\"\/wp-content\/uploads\/2014\/08\/zabronione.jpg\" alt=\"\" \/><\/a><\/p>\n<div style=\"width: 300px; font-size: 130%;\"><strong>Activit\u00e9s interdites<\/strong><\/div>\n<p>&nbsp;<\/p>\n<\/div>\n<\/div>\n<div style=\"clear: both;\"><\/div>\n<div style=\"text-align: center; font-size: 85%; line-height: 120%;\">\n<div style=\"float: left; margin-right: 40px; height: 290px;\">\n<p><a href=\"\/fr\/entrainement\/cours-pour-portiques\/activites-preparatoires\/\"><img decoding=\"async\" src=\"\/wp-content\/uploads\/2014\/08\/przygotowanie.jpg\" alt=\"\" \/><\/a><\/p>\n<div style=\"width: 300px; font-size: 130%;\"><strong>Activit\u00e9s pr\u00e9paratoires<\/strong><\/div>\n<p>&nbsp;<\/p>\n<\/div>\n<div style=\"float: left; margin-right: 40px; height: 290px;\">\n<p><a href=\"\/fr\/entrainement\/cours-pour-portiques\/une-fois-les-travaux-termines\/\"><img decoding=\"async\" src=\"\/wp-content\/uploads\/2014\/08\/po-pracy.jpg\" alt=\"\" \/><\/a><\/p>\n<div style=\"width: 300px; font-size: 130%;\"><strong>Apr\u00e8s le travail<\/strong><\/div>\n<p>&nbsp;<\/p>\n<\/div>\n<\/div>\n<div style=\"text-align: center; font-size: 85%; line-height: 120%;\">\n<div style=\"float: left; margin-right: 40px; height: 290px;\">\n<p><a href=\"\/fr\/entrainement\/cours-pour-portiques\/\"><img decoding=\"async\" style=\"width: 300px; height: 225px;\" src=\"\/wp-content\/uploads\/2014\/04\/suwnice.jpeg\" alt=\"\" \/><\/a><\/p>\n<div style=\"width: 300px; font-size: 130%;\"><strong>Cours pour les ponts roulants<\/strong><\/div>\n<p>&nbsp;<\/p>\n<\/div>\n<\/div>\n<\/div>","protected":false},"excerpt":{"rendered":"<p>Czynno\u015bci przed podj\u0119ciem pracy z suwnic\u0105 Najbardziej skutecznym sposobem na zmniejszenie ryzyka zagro\u017ce\u0144, w tym wypadk\u00f3w przy pracy podczas obs\u0142ugiwania suwnic jest precyzyjna znajomo\u015b\u0107 zasad bezpiecze\u0144stwa i higieny pracy oraz ich przestrzeganie. Czynno\u015bci te musz\u0105 by\u0107 prowadzone zar\u00f3wno przed, jak i podczas i po zako\u0144czeniu obs\u0142ugi urz\u0105dzenia. Poni\u017cej przedstawiamy niezb\u0119dne czynno\u015bci przed podj\u0119ciem pracy. Przed rozpocz\u0119ciem pracy ka\u017cdy operator urz\u0105dzenia jest zobowi\u0105zany g\u0142\u00f3wnie do wykonania specjalnych prac kontrolnych. Ich celem jest zapewnienie zar\u00f3wno sobie, jak i pozosta\u0142ym pracownikom bezpiecze\u0144stwa pracy na swoich stanowiskach. O nast\u0119puj\u0105cych czynno\u015bciach uczy ka\u017cdy kurs na suwnice, dlatego osoba po jego zako\u0144czeniu powinna wiedzie\u0107, jak przyst\u0105pi\u0107 do pracy. Najwa\u017cniejsze zasady przed przyst\u0105pieniem do pracy z suwnicami: prace z u\u017cyciem urz\u0105dzenia mo\u017cna wykonywa\u0107 jedynie w przypadku, w kt\u00f3rym posiada ono wa\u017cn\u0105 decyzj\u0119 wydan\u0105 przez Urz\u0105d Dozoru Technicznego przy eksploatacji urz\u0105dzenia operator musi stale przestrzega\u0107 wszystkich przepis\u00f3w BHP, w tym instrukcji stanowiskowej oraz dodatkowo instrukcji obs\u0142ugi urz\u0105dzenia prace z u\u017cyciem narz\u0119dzia mog\u0105 by\u0107 prowadzone jedynie przez osob\u0119 posiadaj\u0105c\u0105 stosowne uprawnienia na suwnice w przypadku zauwa\u017cenia usterek nale\u017cy natychmiastowo zatrzyma\u0107 prac\u0119, unieruchomi\u0107 urz\u0105dzenie oraz zawiadomi\u0107 osob\u0119 odpowiedzialn\u0105 Czynno\u015bci, kt\u00f3re musz\u0105 by\u0107 podj\u0119te przed rozpocz\u0119ciem pracy: nale\u017cy zapozna\u0107 si\u0119 z aktualnymi informacjami zawartymi w ksi\u0105\u017cce eksploatacji, ksi\u0105\u017cce obs\u0142ugi lub ksi\u0105\u017cce zdawczo-odbiorczej dla danego urz\u0105dzenia nale\u017cy sprawdzi\u0107, czy urz\u0105dzenie znajduje si\u0119 w bezpiecznej pozycji i w jego s\u0105siedztwie nie znajduj\u0105 si\u0119 stwarzaj\u0105ce zagro\u017cenie przedmioty lub osoby nale\u017cy dok\u0142adnie sprawdzi\u0107 wszystkie masy \u0142adunk\u00f3w, kt\u00f3re maj\u0105 by\u0107 przeniesione, i por\u00f3wna\u0107 je z maksymalnymi mo\u017cliwo\u015bciami urz\u0105dzenia, aby nie przekroczy\u0107 limitu nale\u017cy uzgodni\u0107 z operatorem haku znaki komunikacyjne nale\u017cy odpowiednio [&hellip;]<\/p>\n","protected":false},"author":1,"featured_media":4476,"parent":1322,"menu_order":7,"comment_status":"closed","ping_status":"closed","template":"","meta":{"sfsi_plus_gutenberg_text_before_share":"","sfsi_plus_gutenberg_show_text_before_share":"","sfsi_plus_gutenberg_icon_type":"","sfsi_plus_gutenberg_icon_alignemt":"","sfsi_plus_gutenburg_max_per_row":"","footnotes":""},"class_list":["post-1332","page","type-page","status-publish","has-post-thumbnail","hentry","has_thumb"],"aioseo_notices":[],"_links":{"self":[{"href":"https:\/\/kursy-udt.pl\/fr\/wp-json\/wp\/v2\/pages\/1332","targetHints":{"allow":["GET"]}}],"collection":[{"href":"https:\/\/kursy-udt.pl\/fr\/wp-json\/wp\/v2\/pages"}],"about":[{"href":"https:\/\/kursy-udt.pl\/fr\/wp-json\/wp\/v2\/types\/page"}],"author":[{"embeddable":true,"href":"https:\/\/kursy-udt.pl\/fr\/wp-json\/wp\/v2\/users\/1"}],"replies":[{"embeddable":true,"href":"https:\/\/kursy-udt.pl\/fr\/wp-json\/wp\/v2\/comments?post=1332"}],"version-history":[{"count":9,"href":"https:\/\/kursy-udt.pl\/fr\/wp-json\/wp\/v2\/pages\/1332\/revisions"}],"predecessor-version":[{"id":4477,"href":"https:\/\/kursy-udt.pl\/fr\/wp-json\/wp\/v2\/pages\/1332\/revisions\/4477"}],"up":[{"embeddable":true,"href":"https:\/\/kursy-udt.pl\/fr\/wp-json\/wp\/v2\/pages\/1322"}],"wp:featuredmedia":[{"embeddable":true,"href":"https:\/\/kursy-udt.pl\/fr\/wp-json\/wp\/v2\/media\/4476"}],"wp:attachment":[{"href":"https:\/\/kursy-udt.pl\/fr\/wp-json\/wp\/v2\/media?parent=1332"}],"curies":[{"name":"wp","href":"https:\/\/api.w.org\/{rel}","templated":true}]}}