{"id":1330,"date":"2014-08-12T22:07:54","date_gmt":"2014-08-12T22:07:54","guid":{"rendered":"http:\/\/kursy-udt.pl\/?page_id=1330"},"modified":"2022-10-14T12:14:41","modified_gmt":"2022-10-14T12:14:41","slug":"activites-interdites","status":"publish","type":"page","link":"https:\/\/kursy-udt.pl\/fr\/szkolenia\/kurs-na-suwnice\/czynnosci-zabronione\/","title":{"rendered":"Activit\u00e9s interdites"},"content":{"rendered":"<h2 class=\"naglowekh2\"><img loading=\"lazy\" decoding=\"async\" class=\"paddingleft10 alignleft wp-image-1344\" src=\"https:\/\/kursy-udt.pl\/wp-content\/uploads\/2014\/08\/zabronione_m.jpg\" alt=\"\" width=\"200\" height=\"150\" \/>Activit\u00e9s interdites lors de l&#039;utilisation de ponts roulants<\/h2>\n<p>Le grutier doit se rappeler de respecter les r\u00e8gles d&#039;exploitation - le non-respect de toutes les exigences augmente consid\u00e9rablement le risque d&#039;accidents du travail. Tout le monde <a href=\"https:\/\/kursy-udt.pl\/fr\/szkolenia\/kurs-na-suwnice\/\">cours pour portiques<\/a> comprend un bloc th\u00e9matique li\u00e9 \u00e0 la sant\u00e9 et \u00e0 la s\u00e9curit\u00e9 au travail lors de l&#039;utilisation d&#039;appareils. Parmi les informations fournies, il y a aussi celles concernant les activit\u00e9s cat\u00e9goriquement interdites lors de l&#039;utilisation du portique. Parmi eux se trouvent :<\/p>\n<ul>\n<li>l&#039;op\u00e9rateur de l&#039;appareil ne peut pas \u00eatre une personne sans les qualifications appropri\u00e9es d\u00e9livr\u00e9es par le Bureau de l&#039;Inspection Technique<\/li>\n<li>il n&#039;est pas permis d&#039;utiliser un appareil d\u00e9fectueux ou sans une d\u00e9cision valide \u00e9mise par UDT ou TDT, qui permet l&#039;ex\u00e9cution de travaux<\/li>\n<li>vous ne devez pas commencer \u00e0 travailler apr\u00e8s avoir consomm\u00e9 de l&#039;alcool, ainsi que d&#039;autres substances intoxicantes et drogues qui alt\u00e8rent la forme psychophysique<\/li>\n<li>les \u00e9lingues d\u00e9pareill\u00e9es ou endommag\u00e9es ne doivent pas \u00eatre utilis\u00e9es<\/li>\n<li>il est interdit de soulever des charges dont le poids est sup\u00e9rieur \u00e0 la capacit\u00e9 de levage autoris\u00e9e - cela peut constituer une menace directe pour la vie ou la sant\u00e9 de l&#039;op\u00e9rateur et des employ\u00e9s sur le lieu de travail<\/li>\n<li>il est interdit de soulever des charges situ\u00e9es hors de port\u00e9e du contr\u00f4le<\/li>\n<li>les charges ne doivent pas \u00eatre tir\u00e9es en diagonale<\/li>\n<li>vous ne devez pas soulever ces charges et objets qui sont attach\u00e9s \u00e0 la surface, par exemple boulonn\u00e9s, soud\u00e9s ou gel\u00e9s en hiver<\/li>\n<li>il est interdit de d\u00e9placer des charges directement sur les postes de travail des employ\u00e9s ou sur d&#039;autres personnes pr\u00e9sentes dans les locaux du lieu de travail<\/li>\n<li>la charge ne doit pas \u00eatre laiss\u00e9e sur le dispositif de pr\u00e9hension sans l&#039;accrocher<\/li>\n<li>le chariot, le tracteur ou le pont ne doit pas \u00eatre conduit sur ou au-dessus des connecteurs de s\u00e9curit\u00e9<\/li>\n<li>le cordage ne doit pas \u00eatre utilis\u00e9 comme \u00e9l\u00e9ment de levage de charges<\/li>\n<li>la protection contre les surcharges ne doit pas \u00eatre utilis\u00e9e lors de la pes\u00e9e de charges<\/li>\n<li>les travaux d&#039;entretien, tels que la lubrification et le nettoyage de la machine, ne doivent pas \u00eatre effectu\u00e9s pendant son fonctionnement<\/li>\n<li>il est interdit d&#039;effectuer des r\u00e9parations ou des r\u00e9glages de l&#039;appareil ou de ses \u00e9l\u00e9ments pendant le fonctionnement ou sans qualifications appropri\u00e9es<\/li>\n<\/ul>\n<div class=\"filmw\">\n<div class=\"responsive-youtube\" style=\"text-align: center;\"><iframe loading=\"lazy\" title=\"Lecteur vid\u00e9o YouTube\" src=\"https:\/\/www.youtube.com\/embed\/0BIkkFvLgew\" width=\"560\" height=\"315\" frameborder=\"0\" allowfullscreen=\"allowfullscreen\"><\/iframe><\/div>\n<\/div>\n<p>Toute personne postulant <a href=\"https:\/\/kursy-udt.pl\/fr\/uprawnienia-udt\/kategorie-uprawnien-2\/\">droits<\/a> pour les ponts roulants, doit conna\u00eetre toutes les proc\u00e9dures li\u00e9es au fonctionnement de l&#039;appareil. Sans les conna\u00eetre, le risque d&#039;accident du travail est beaucoup plus \u00e9lev\u00e9.<\/p>\n<h2 class=\"naglowekh2\"><strong>Rappelles toi!<\/strong><\/h2>\n<ul>\n<li>les travaux avec l&#039;utilisation de ponts roulants ne peuvent \u00eatre effectu\u00e9s que sur la base d&#039;une d\u00e9cision valide du Bureau de l&#039;inspection technique sur l&#039;admission \u00e0 l&#039;exploitation<\/li>\n<li>suivez les instructions d'utilisation lors de l'utilisation de l'appareil <a href=\"https:\/\/kursy-udt.pl\/fr\/szkolenia\/bhp-bezpieczenstwo-pracy\/prawna-ochrona-pracy\/\">Sant\u00e9 et s\u00e9curit\u00e9<\/a> et instructions d'utilisation<\/li>\n<li>lorsque l&#039;employ\u00e9 constate des dommages \u00e0 l&#039;appareil, arr\u00eatez imm\u00e9diatement le travail et immobilisez l&#039;appareil, et informez les personnes responsables de son \u00e9tat technique<\/li>\n<li><a href=\"https:\/\/kursy-udt.pl\/wp-content\/uploads\/2022\/10\/1-5.jpeg\"><img loading=\"lazy\" decoding=\"async\" class=\"aligncenter wp-image-4472\" src=\"https:\/\/kursy-udt.pl\/wp-content\/uploads\/2022\/10\/1-5-300x225.jpeg\" alt=\"\" width=\"750\" height=\"563\" srcset=\"https:\/\/kursy-udt.pl\/wp-content\/uploads\/2022\/10\/1-5-300x225.jpeg 300w, https:\/\/kursy-udt.pl\/wp-content\/uploads\/2022\/10\/1-5-1024x768.jpeg 1024w, https:\/\/kursy-udt.pl\/wp-content\/uploads\/2022\/10\/1-5-768x576.jpeg 768w, https:\/\/kursy-udt.pl\/wp-content\/uploads\/2022\/10\/1-5-1536x1152.jpeg 1536w, https:\/\/kursy-udt.pl\/wp-content\/uploads\/2022\/10\/1-5-16x12.jpeg 16w, https:\/\/kursy-udt.pl\/wp-content\/uploads\/2022\/10\/1-5-640x480.jpeg 640w, https:\/\/kursy-udt.pl\/wp-content\/uploads\/2022\/10\/1-5-624x468.jpeg 624w, https:\/\/kursy-udt.pl\/wp-content\/uploads\/2022\/10\/1-5.jpeg 1600w\" sizes=\"auto, (max-width: 750px) 100vw, 750px\" \/><\/a><\/li>\n<\/ul>\n<p>&nbsp;<\/p>\n<p>Si vous souhaitez obtenir les autorisations appropri\u00e9es pour faire fonctionner les appareils pr\u00e9sent\u00e9s, nous vous invitons cordialement \u00e0 notre cours de grue <a href=\"https:\/\/kursy-udt.pl\/fr\/o-firmie\/\">Centre de formation du personnel ERGON<\/a>. Gr\u00e2ce \u00e0 nous, vous apprendrez \u00e0 conna\u00eetre toutes les questions de sant\u00e9 et de s\u00e9curit\u00e9 et le fonctionnement de l&#039;appareil et vous pourrez passer l&#039;examen devant le Bureau de l&#039;Inspection Technique.<\/p>\n<div class=\"button_styl\" style=\"float: right; padding-left: 15px; padding-bottom: 8px; margin-bottom: 5px;\"><a class=\"myButton myButton_maly\" href=\"https:\/\/platformaedukacji.pl\/login\/signup.php\" target=\"_blank\" rel=\"nofollow noopener\"><span style=\"color: white;\">Inscrivez-vous \u00e0 la formation<\/span><\/a><\/div>\n<div style=\"padding-top: 70px;\">\n<h2>Plus d&#039;information:<\/h2>\n<div style=\"text-align: center; font-size: 85%; line-height: 120%;\">\n<div style=\"float: left; margin-right: 40px; height: 290px;\">\n<p><a href=\"\/fr\/entrainement\/cours-pour-portiques\/ponts-roulants-de-construction\/\"><img decoding=\"async\" src=\"\/wp-content\/uploads\/2014\/08\/budowa.jpg\" alt=\"\" \/><\/a><\/p>\n<div style=\"width: 300px; font-size: 130%;\"><strong>Construction de ponts roulants<\/strong><\/div>\n<p>&nbsp;<\/p>\n<\/div>\n<div style=\"float: left; margin-right: 40px; height: 290px;\">\n<p><a href=\"\/fr\/entrainement\/cours-pour-portiques\/activites-interdites\/\"><img decoding=\"async\" src=\"\/wp-content\/uploads\/2014\/08\/zabronione.jpg\" alt=\"\" \/><\/a><\/p>\n<div style=\"width: 300px; font-size: 130%;\"><strong>Activit\u00e9s interdites<\/strong><\/div>\n<p>&nbsp;<\/p>\n<\/div>\n<\/div>\n<div style=\"clear: both;\"><\/div>\n<div style=\"text-align: center; font-size: 85%; line-height: 120%;\">\n<div style=\"float: left; margin-right: 40px; height: 290px;\">\n<p><a href=\"\/fr\/entrainement\/cours-pour-portiques\/activites-preparatoires\/\"><img decoding=\"async\" src=\"\/wp-content\/uploads\/2014\/08\/przygotowanie.jpg\" alt=\"\" \/><\/a><\/p>\n<div style=\"width: 300px; font-size: 130%;\"><strong>Activit\u00e9s pr\u00e9paratoires<\/strong><\/div>\n<p>&nbsp;<\/p>\n<\/div>\n<div style=\"float: left; margin-right: 40px; height: 290px;\">\n<p><a href=\"\/fr\/entrainement\/cours-pour-portiques\/une-fois-les-travaux-termines\/\"><img decoding=\"async\" src=\"\/wp-content\/uploads\/2014\/08\/po-pracy.jpg\" alt=\"\" \/><\/a><\/p>\n<div style=\"width: 300px; font-size: 130%;\"><strong>Apr\u00e8s le travail<\/strong><\/div>\n<p>&nbsp;<\/p>\n<\/div>\n<\/div>\n<div style=\"text-align: center; font-size: 85%; line-height: 120%;\">\n<div style=\"float: left; margin-right: 40px; height: 290px;\">\n<p><a href=\"\/fr\/entrainement\/cours-pour-portiques\/\"><img decoding=\"async\" style=\"width: 300px; height: 225px;\" src=\"\/wp-content\/uploads\/2014\/04\/suwnice.jpeg\" alt=\"\" \/><\/a><\/p>\n<div style=\"width: 300px; font-size: 130%;\"><strong>Cours pour les ponts roulants<\/strong><\/div>\n<p>&nbsp;<\/p>\n<\/div>\n<\/div>\n<\/div>","protected":false},"excerpt":{"rendered":"<p>Czynno\u015bci niedozwolone podczas obs\u0142ugi suwnic Operator suwnic musi pami\u0119ta\u0107 o przestrzeganiu przepis\u00f3w obs\u0142ugi \u2013 niedotrzymanie wszystkich wymog\u00f3w znacznie zwi\u0119ksza ryzyko wypadk\u00f3w przy pracy. Ka\u017cdy kurs na suwnice obejmuje blok tematyczny zwi\u0105zany z bezpiecze\u0144stwem oraz higien\u0105 pracy podczas obs\u0142ugi urz\u0105dze\u0144. W\u015br\u00f3d przekazywanych informacji znajduj\u0105 si\u0119 r\u00f3wnie\u017c te dotycz\u0105ce kategorycznie zabronionych czynno\u015bci podczas operowania suwnic\u0105. W\u015br\u00f3d nich znajduj\u0105 si\u0119: operatorem urz\u0105dzenia nie mo\u017ce zosta\u0107 osoba bez stosownych uprawnie\u0144 wydanych przez Urz\u0105d Dozoru Technicznego nie wolno korzysta\u0107 z urz\u0105dzenia niesprawnego lub te\u017c bez obowi\u0105zuj\u0105cej decyzji wydanej przez UDT lub TDT, kt\u00f3ra zezwala na wykonanie pracy nie wolno przyst\u0119powa\u0107 do pracy po spo\u017cyciu alkoholu, a tak\u017ce innych substancji odurzaj\u0105cych oraz lek\u00f3w, kt\u00f3re zaburzaj\u0105 sprawno\u015b\u0107 psychofizyczn\u0105 nie wolno stosowa\u0107 niedopasowanych zawiesi lub te\u017c zawiesi uszkodzonych nie wolno podnosi\u0107 \u0142adunk\u00f3w, kt\u00f3rych ci\u0119\u017car jest wi\u0119kszy ni\u017c dopuszczalny ud\u017awig \u2013 mo\u017ce to spowodowa\u0107 bezpo\u015brednie zagro\u017cenie \u017cycia lub zdrowia operatora i pracownik\u00f3w na terenie zak\u0142adu pracy nie wolno podnosi\u0107 \u0142adunk\u00f3w, kt\u00f3re zlokalizowane s\u0105 poza zasi\u0119giem rz\u0105dzenia nie wolno ci\u0105gn\u0105\u0107 \u0142adunk\u00f3w uko\u015bnie nie wolno podnosi\u0107 tych \u0142adunk\u00f3w oraz obiekt\u00f3w, kt\u00f3re s\u0105 przytwierdzone do nawierzchni, na przyk\u0142ad przykr\u0119cone, przyspawane czy te\u017c przymarzni\u0119te w okresie zimowym nie wolno przenosi\u0107 \u0142adunk\u00f3w bezpo\u015brednio nad stanowiskami pracy pracownik\u00f3w lub nad innymi osobami przebywaj\u0105cymi na terenie zak\u0142adu pracy nie wolno pozostawia\u0107 \u0142adunku na urz\u0105dzeniu chwytnym bez jego odwieszenia nie wolno przeje\u017cd\u017ca\u0107 lub naje\u017cd\u017ca\u0107 na \u0142\u0105czniki bezpiecze\u0144stwa w\u00f3zkiem, ci\u0119gnikiem lub mostem nie wolno wykorzystywa\u0107 ci\u0119gna linowego jako elementu do podnoszenia \u0142adunk\u00f3w nie wolno stosowa\u0107 zabezpiecze\u0144 przed przeci\u0105\u017ceniami podczas wa\u017cenia \u0142adunk\u00f3w nie wolno przeprowadza\u0107 prac konserwacyjnych, na przyk\u0142ad smarowania i czyszczenia urz\u0105dzenia podczas [&hellip;]<\/p>\n","protected":false},"author":1,"featured_media":4472,"parent":1322,"menu_order":5,"comment_status":"closed","ping_status":"closed","template":"","meta":{"sfsi_plus_gutenberg_text_before_share":"","sfsi_plus_gutenberg_show_text_before_share":"","sfsi_plus_gutenberg_icon_type":"","sfsi_plus_gutenberg_icon_alignemt":"","sfsi_plus_gutenburg_max_per_row":"","footnotes":""},"class_list":["post-1330","page","type-page","status-publish","has-post-thumbnail","hentry","has_thumb"],"aioseo_notices":[],"_links":{"self":[{"href":"https:\/\/kursy-udt.pl\/fr\/wp-json\/wp\/v2\/pages\/1330","targetHints":{"allow":["GET"]}}],"collection":[{"href":"https:\/\/kursy-udt.pl\/fr\/wp-json\/wp\/v2\/pages"}],"about":[{"href":"https:\/\/kursy-udt.pl\/fr\/wp-json\/wp\/v2\/types\/page"}],"author":[{"embeddable":true,"href":"https:\/\/kursy-udt.pl\/fr\/wp-json\/wp\/v2\/users\/1"}],"replies":[{"embeddable":true,"href":"https:\/\/kursy-udt.pl\/fr\/wp-json\/wp\/v2\/comments?post=1330"}],"version-history":[{"count":8,"href":"https:\/\/kursy-udt.pl\/fr\/wp-json\/wp\/v2\/pages\/1330\/revisions"}],"predecessor-version":[{"id":4475,"href":"https:\/\/kursy-udt.pl\/fr\/wp-json\/wp\/v2\/pages\/1330\/revisions\/4475"}],"up":[{"embeddable":true,"href":"https:\/\/kursy-udt.pl\/fr\/wp-json\/wp\/v2\/pages\/1322"}],"wp:featuredmedia":[{"embeddable":true,"href":"https:\/\/kursy-udt.pl\/fr\/wp-json\/wp\/v2\/media\/4472"}],"wp:attachment":[{"href":"https:\/\/kursy-udt.pl\/fr\/wp-json\/wp\/v2\/media?parent=1330"}],"curies":[{"name":"wp","href":"https:\/\/api.w.org\/{rel}","templated":true}]}}