{"id":1327,"date":"2014-08-12T22:04:57","date_gmt":"2014-08-12T22:04:57","guid":{"rendered":"http:\/\/kursy-udt.pl\/?page_id=1327"},"modified":"2022-10-14T12:11:01","modified_gmt":"2022-10-14T12:11:01","slug":"ponts-roulants-de-construction","status":"publish","type":"page","link":"https:\/\/kursy-udt.pl\/fr\/szkolenia\/kurs-na-suwnice\/budowa-suwnic\/","title":{"rendered":"Construction de ponts roulants"},"content":{"rendered":"<p><img loading=\"lazy\" decoding=\"async\" class=\"paddingleft10 alignleft wp-image-3369\" src=\"https:\/\/kursy-udt.pl\/wp-content\/uploads\/2021\/06\/budowa_m.jpg\" alt=\"\" width=\"200\" height=\"150\" \/>Les ponts roulants sont des appareils de levage con\u00e7us pour abaisser et soulever des marchandises au moyen d&#039;un treuil ou d&#039;un palan. Les marchandises qui y sont plac\u00e9es sont limit\u00e9es en termes de trajectoire, ainsi que de hauteur d&#039;abaissement et de levage, et de largeur du pont de l&#039;appareil.<\/p>\n<p>Parmi les \u00e9l\u00e9ments de construction, on distingue les \u00e9l\u00e9ments m\u00e9caniques et \u00e9lectriques. Si tu choisis <a href=\"https:\/\/kursy-udt.pl\/fr\/szkolenia\/kurs-na-suwnice\/\">cours pour portiques<\/a>, puis toutes les informations pr\u00e9cises sur la construction de l&#039;appareil sont fournies pendant les cours. Ci-dessous, nous pr\u00e9sentons une construction sch\u00e9matique de ponts roulants.<\/p>\n<h2 class=\"naglowekh2\">\u00a0Composants m\u00e9caniques\u00a0:<\/h2>\n<ul>\n<li>sur la piste - cames et tampons<\/li>\n<li>structure en acier de l&#039;appareil, c&#039;est-\u00e0-dire sommiers - m\u00e9canisme d&#039;entra\u00eenement, roue motrice et de route, pare-chocs, pattes d&#039;arr\u00eat, interrupteurs de fin de course, pare-vent et balais en cuivre<\/li>\n<li>pont - le plus souvent une section en I, qui est responsable de la trajectoire du chariot et contient des pare-chocs<\/li>\n<li>chariot - compos\u00e9 d&#039;un moteur et d&#039;un engrenage dent\u00e9<\/li>\n<li>m\u00e9canisme de levage - corps, cha\u00eene de c\u00e2ble m\u00e9tallique, moteur d&#039;entra\u00eenement, motor\u00e9ducteur, tambour \u00e0 cha\u00eene ou \u00e0 c\u00e2ble rainur\u00e9, anneau de guidage de c\u00e2ble, tiges avec tampons et interrupteur de fin de course, moufle \u00e0 crochet et crochet<\/li>\n<\/ul>\n<div class=\"filmw\">\n<div class=\"responsive-youtube\" style=\"text-align: center;\"><iframe loading=\"lazy\" title=\"Lecteur vid\u00e9o YouTube\" src=\"https:\/\/www.youtube.com\/embed\/0BIkkFvLgew\" width=\"560\" height=\"315\" frameborder=\"0\" allowfullscreen=\"allowfullscreen\"><\/iframe><\/div>\n<\/div>\n<h2 class=\"naglowekh2\">Composants \u00e9lectriques\u00a0:<\/h2>\n<ul>\n<li>connecteur de grue - responsable de la mise hors et sous tension de l&#039;alimentation avec le circuit d&#039;alimentation<\/li>\n<li>connecteur d&#039;alimentation - est charg\u00e9 d&#039;\u00e9teindre et de rallumer l&#039;alimentation de la grue, il est g\u00e9n\u00e9ralement install\u00e9 sur le palier<\/li>\n<li>chariots - collecteurs de courant<\/li>\n<li>armoires de commande et de distribution<\/li>\n<li>armoires de distribution pour les installations sur le pont<\/li>\n<li>pendentif de contr\u00f4le<\/li>\n<li>interrupteurs de fin de course<\/li>\n<\/ul>\n<p>Tous les \u00e9l\u00e9ments sont responsables de trois mouvements de base : les mouvements de la plate-forme, les mouvements du tracteur et les mouvements de levage de l&#039;\u00e9lingue sur laquelle la charge est plac\u00e9e. De cette fa\u00e7on, il est plus facile de transporter des charges plus grandes et plus lourdes sur le lieu de travail.<\/p>\n<p>Selon le type de grue, il existe \u00e9galement des \u00e9l\u00e9ments structurels individuels.<\/p>\n<h2 class=\"naglowekh2\">Construction du mod\u00e8le de porte :<\/h2>\n<p>Dans le cas des portiques, une plate-forme est utilis\u00e9e, qui est suspendue sur des ponts lat\u00e9raux, qui est un lien pour deux portes ou plus. Les portes ont un ch\u00e2ssis \u00e0 roues ou \u00e0 rails. Les tracteurs se d\u00e9placent sur les plateformes portiques.<\/p>\n<p><a href=\"https:\/\/kursy-udt.pl\/wp-content\/uploads\/2022\/10\/1-4.jpeg\"><img loading=\"lazy\" decoding=\"async\" class=\"size-medium wp-image-4469 alignright\" src=\"https:\/\/kursy-udt.pl\/wp-content\/uploads\/2022\/10\/1-4-300x211.jpeg\" alt=\"\" width=\"300\" height=\"211\" srcset=\"https:\/\/kursy-udt.pl\/wp-content\/uploads\/2022\/10\/1-4-300x211.jpeg 300w, https:\/\/kursy-udt.pl\/wp-content\/uploads\/2022\/10\/1-4-1024x721.jpeg 1024w, https:\/\/kursy-udt.pl\/wp-content\/uploads\/2022\/10\/1-4-768x541.jpeg 768w, https:\/\/kursy-udt.pl\/wp-content\/uploads\/2022\/10\/1-4-1536x1082.jpeg 1536w, https:\/\/kursy-udt.pl\/wp-content\/uploads\/2022\/10\/1-4-18x12.jpeg 18w, https:\/\/kursy-udt.pl\/wp-content\/uploads\/2022\/10\/1-4-624x440.jpeg 624w, https:\/\/kursy-udt.pl\/wp-content\/uploads\/2022\/10\/1-4.jpeg 1600w\" sizes=\"auto, (max-width: 300px) 100vw, 300px\" \/><\/a><\/p>\n<h2 class=\"naglowekh2\">Construire un mod\u00e8le de pont\u00a0:<\/h2>\n<p>Dans le cas des mod\u00e8les de plate-forme, une plate-forme en treillis est utilis\u00e9e qui roule \u00e0 l&#039;aide de rails, qui sont mont\u00e9s au plafond de la pi\u00e8ce. Un tracteur se d\u00e9place sur un pont ainsi construit.<\/p>\n<p>Selon le mod\u00e8le de l&#039;appareil, il peut \u00eatre command\u00e9 par c\u00e2ble ou sans fil depuis le sol, ou il peut \u00eatre \u00e9quip\u00e9 d&#039;une cabine d&#039;op\u00e9rateur. Le plus souvent, les appareils plus grands ont des cabines, tandis que les plus petits peuvent \u00eatre contr\u00f4l\u00e9s \u00e0 distance.<\/p>\n<p>Toute personne voulant obtenir <a href=\"https:\/\/kursy-udt.pl\/fr\/uprawnienia-udt\/kategorie-uprawnien-2\/\">droits<\/a> pour les grues \u00e0 portique, il convient de conna\u00eetre exactement leur structure. La connaissance de la construction est la base du fonctionnement s\u00fbr de l&#039;appareil, ce qui se traduit par une r\u00e9duction du risque d&#039;accidents du travail. Les informations fournies lors de la formation sont cruciales dans ce cas, par cons\u00e9quent, en tant que futur op\u00e9rateur de l&#039;appareil, vous devez vous familiariser avec ses principes de fonctionnement et ses \u00e9l\u00e9ments individuels.<\/p>\n<div class=\"button_styl\" style=\"float: right; padding-left: 15px; padding-bottom: 8px; margin-bottom: 5px;\"><a class=\"myButton myButton_maly\" href=\"https:\/\/platformaedukacji.pl\/login\/signup.php\" target=\"_blank\" rel=\"nofollow noopener\"><span style=\"color: white;\">Inscrivez-vous \u00e0 la formation<\/span><\/a><\/div>\n<div style=\"padding-top: 70px;\">\n<h2>Plus d&#039;information:<\/h2>\n<div style=\"text-align: center; font-size: 85%; line-height: 120%;\">\n<div style=\"float: left; margin-right: 40px; height: 290px;\">\n<p><a href=\"\/fr\/entrainement\/cours-pour-portiques\/ponts-roulants-de-construction\/\"><img decoding=\"async\" src=\"\/wp-content\/uploads\/2014\/08\/budowa.jpg\" alt=\"\" \/><\/a><\/p>\n<div style=\"width: 300px; font-size: 130%;\"><strong>Construction de ponts roulants<\/strong><\/div>\n<p>&nbsp;<\/p>\n<\/div>\n<div style=\"float: left; margin-right: 40px; height: 290px;\">\n<p><a href=\"\/fr\/entrainement\/cours-pour-portiques\/activites-interdites\/\"><img decoding=\"async\" src=\"\/wp-content\/uploads\/2014\/08\/zabronione.jpg\" alt=\"\" \/><\/a><\/p>\n<div style=\"width: 300px; font-size: 130%;\"><strong>Activit\u00e9s interdites<\/strong><\/div>\n<p>&nbsp;<\/p>\n<\/div>\n<\/div>\n<div style=\"clear: both;\"><\/div>\n<div style=\"text-align: center; font-size: 85%; line-height: 120%;\">\n<div style=\"float: left; margin-right: 40px; height: 290px;\">\n<p><a href=\"\/fr\/entrainement\/cours-pour-portiques\/activites-preparatoires\/\"><img decoding=\"async\" src=\"\/wp-content\/uploads\/2014\/08\/przygotowanie.jpg\" alt=\"\" \/><\/a><\/p>\n<div style=\"width: 300px; font-size: 130%;\"><strong>Activit\u00e9s pr\u00e9paratoires<\/strong><\/div>\n<p>&nbsp;<\/p>\n<\/div>\n<div style=\"float: left; margin-right: 40px; height: 290px;\">\n<p><a href=\"\/fr\/entrainement\/cours-pour-portiques\/une-fois-les-travaux-termines\/\"><img decoding=\"async\" src=\"\/wp-content\/uploads\/2014\/08\/po-pracy.jpg\" alt=\"\" \/><\/a><\/p>\n<div style=\"width: 300px; font-size: 130%;\"><strong>Apr\u00e8s le travail<\/strong><\/div>\n<p>&nbsp;<\/p>\n<\/div>\n<\/div>\n<div style=\"text-align: center; font-size: 85%; line-height: 120%;\">\n<div style=\"float: left; margin-right: 40px; height: 290px;\">\n<p><a href=\"\/fr\/entrainement\/cours-pour-portiques\/\"><img decoding=\"async\" style=\"width: 300px; height: 225px;\" src=\"\/wp-content\/uploads\/2014\/04\/suwnice.jpeg\" alt=\"\" \/><\/a><\/p>\n<div style=\"width: 300px; font-size: 130%;\"><strong>Cours pour les ponts roulants<\/strong><\/div>\n<p>&nbsp;<\/p>\n<\/div>\n<\/div>\n<\/div>","protected":false},"excerpt":{"rendered":"<p>Suwnice to inaczej d\u017awignice, kt\u00f3re s\u0105 przeznaczone do opuszczania i podnoszenia towar\u00f3w poprzez wci\u0105gark\u0119 b\u0105d\u017a wci\u0105gnik. Umieszczone na nich towary s\u0105 ograniczone pod wzgl\u0119dem swojego toru jazdy, a tak\u017ce wysoko\u015bci opuszczania i podnoszenia oraz szeroko\u015bci mostu urz\u0105dzenia. W\u015br\u00f3d element\u00f3w budowy wyr\u00f3\u017cnia si\u0119 te mechaniczne oraz elektryczne. Je\u017celi wybieraj\u0105 Pa\u0144stwo kurs na suwnice, w\u00f3wczas wszystkie precyzyjne informacje na temat konstrukcji urz\u0105dzenia podawane s\u0105 podczas zaj\u0119\u0107. Poni\u017cej przedstawiamy schematyczn\u0105 budow\u0119 suwnic. \u00a0Elementy mechaniczne: na torze jazdy \u2013 krzywki oraz odboje konstrukcja stalowa urz\u0105dzenia, czyli czo\u0142ownice \u2013 mechanizm jazdy, ko\u0142o p\u0119dne i jezdne, zderzaki, \u0142apy oporowe, wy\u0142\u0105czniki kra\u0144cowe, zabezpieczenia przeciwwiatrowe i szczotki miedziane most \u2013 najcz\u0119\u015bciej dwuteownik, kt\u00f3ry odpowiada za tor jazdy w\u00f3zka i zawiera odboje w\u00f3zek jazdy \u2013 zbudowany z silnika oraz przek\u0142adni z\u0119batej mechanizm podnoszenia \u2013 korpus, ci\u0119gno z liny stalowej, silnik nap\u0119dowy, przek\u0142adania z\u0119bata, b\u0119ben \u0142a\u0144cuchowy lub linowy rowkowany, pier\u015bcie\u0144 do prowadzenia liny, pr\u0119ty ze zderzakami oraz wy\u0142\u0105cznikiem kra\u0144cowym, zblocze hakowe oraz hak Elementy elektryczne: \u0142\u0105cznik suwnicy \u2013 odpowiada za wy\u0142\u0105czanie i w\u0142\u0105czanie zasilania z obwodem zasilania \u0142\u0105cznik zasilania \u2013 odpowiada za wy\u0142\u0105czanie i w\u0142\u0105czanie zasilania suwnicy, przewa\u017cnie jest instalowany na pode\u015bcie troleje \u2013 odbieraki pr\u0105du szafki sterowniczo-rozdzielcze szafki rozdzielcze instalacji na mo\u015bcie kaseta sterownicza wy\u0142\u0105czniki kra\u0144cowe Wszystkie elementy odpowiadaj\u0105 za trzy podstawowe ruchy: s\u0105 to ruchy pomostu, ruchy ci\u0119gnika oraz ruchy podnoszenia zawiesia, na kt\u00f3rym umieszcza si\u0119 \u0142adunek. W ten spos\u00f3b mo\u017cna \u0142atwiej realizowa\u0107 transport na terenie zak\u0142adu pracy, tak\u017ce wi\u0119kszych i ci\u0119\u017cszych \u0142adunk\u00f3w. Zale\u017cnie od rodzaju suwnicy wyr\u00f3\u017cnia si\u0119 tak\u017ce poszczeg\u00f3lne elementy konstrukcyjne. Budowa modelu bramowego: W przypadku bramownic stosuje si\u0119 pomost, kt\u00f3ry [&hellip;]<\/p>\n","protected":false},"author":1,"featured_media":4469,"parent":1322,"menu_order":3,"comment_status":"closed","ping_status":"closed","template":"","meta":{"sfsi_plus_gutenberg_text_before_share":"","sfsi_plus_gutenberg_show_text_before_share":"","sfsi_plus_gutenberg_icon_type":"","sfsi_plus_gutenberg_icon_alignemt":"","sfsi_plus_gutenburg_max_per_row":"","footnotes":""},"class_list":["post-1327","page","type-page","status-publish","has-post-thumbnail","hentry","has_thumb"],"aioseo_notices":[],"_links":{"self":[{"href":"https:\/\/kursy-udt.pl\/fr\/wp-json\/wp\/v2\/pages\/1327","targetHints":{"allow":["GET"]}}],"collection":[{"href":"https:\/\/kursy-udt.pl\/fr\/wp-json\/wp\/v2\/pages"}],"about":[{"href":"https:\/\/kursy-udt.pl\/fr\/wp-json\/wp\/v2\/types\/page"}],"author":[{"embeddable":true,"href":"https:\/\/kursy-udt.pl\/fr\/wp-json\/wp\/v2\/users\/1"}],"replies":[{"embeddable":true,"href":"https:\/\/kursy-udt.pl\/fr\/wp-json\/wp\/v2\/comments?post=1327"}],"version-history":[{"count":18,"href":"https:\/\/kursy-udt.pl\/fr\/wp-json\/wp\/v2\/pages\/1327\/revisions"}],"predecessor-version":[{"id":4471,"href":"https:\/\/kursy-udt.pl\/fr\/wp-json\/wp\/v2\/pages\/1327\/revisions\/4471"}],"up":[{"embeddable":true,"href":"https:\/\/kursy-udt.pl\/fr\/wp-json\/wp\/v2\/pages\/1322"}],"wp:featuredmedia":[{"embeddable":true,"href":"https:\/\/kursy-udt.pl\/fr\/wp-json\/wp\/v2\/media\/4469"}],"wp:attachment":[{"href":"https:\/\/kursy-udt.pl\/fr\/wp-json\/wp\/v2\/media?parent=1327"}],"curies":[{"name":"wp","href":"https:\/\/api.w.org\/{rel}","templated":true}]}}