{"id":1322,"date":"2014-08-12T21:56:53","date_gmt":"2014-08-12T21:56:53","guid":{"rendered":"http:\/\/kursy-udt.pl\/?page_id=1322"},"modified":"2023-03-21T13:21:21","modified_gmt":"2023-03-21T12:21:21","slug":"cours-pour-portiques","status":"publish","type":"page","link":"https:\/\/kursy-udt.pl\/fr\/szkolenia\/kurs-na-suwnice\/","title":{"rendered":"Cours pour portiques"},"content":{"rendered":"<p><img loading=\"lazy\" decoding=\"async\" class=\"paddingleft10 alignleft wp-image-3578 size-medium\" src=\"https:\/\/kursy-udt.pl\/wp-content\/uploads\/2021\/11\/suwnce_1-300x200.jpg\" alt=\"\" width=\"300\" height=\"200\" srcset=\"https:\/\/kursy-udt.pl\/wp-content\/uploads\/2021\/11\/suwnce_1-300x200.jpg 300w, https:\/\/kursy-udt.pl\/wp-content\/uploads\/2021\/11\/suwnce_1-624x416.jpg 624w, https:\/\/kursy-udt.pl\/wp-content\/uploads\/2021\/11\/suwnce_1.jpg 764w\" sizes=\"auto, (max-width: 300px) 100vw, 300px\" \/>Nous vous invitons cordialement \u00e0 un cours de grue au centre de formation du personnel ERGON. En tant que centre avec de nombreuses ann\u00e9es d&#039;exp\u00e9rience, nous offrons un soutien professionnel \u00e0 chacun de nos clients - nos cours sont destin\u00e9s \u00e0 la fois aux participants individuels et aux groupes d&#039;employ\u00e9s dirig\u00e9s par l&#039;employeur. Nous veillons \u00e0 ce que la qualit\u00e9 de l&#039;enseignement \u00e0 ERGON soit toujours au plus haut niveau. Par cons\u00e9quent, si vous souhaitez utiliser des grues, le cours dans notre centre sera un tr\u00e8s bon investissement pour l&#039;avenir, et gr\u00e2ce \u00e0 lui, trouver un emploi d&#039;op\u00e9rateur sera beaucoup plus facile en Pologne et en Europe.<\/p>\n<div class=\"wyjustuj\">\n<h2>Types d'\u00e9quipements et leur utilisation<\/h2>\n<p>Les ponts roulants sont des appareils qui font partie des grues et qui sont utilis\u00e9s dans de nombreux lieux de travail, notamment dans la construction navale, les entrep\u00f4ts, les installations de stockage, ainsi que dans les halls de production et les halls industriels. Gr\u00e2ce aux diff\u00e9rentes variantes de conception, les ponts roulants peuvent \u00eatre adapt\u00e9s individuellement \u00e0 des t\u00e2ches sp\u00e9cifiques. Cependant, elles ne peuvent pas \u00eatre utilis\u00e9es sans les autorisations correspondantes accord\u00e9es par le bureau de contr\u00f4le technique.<\/p>\n<h2>Variantes de grues sur les lieux de travail<\/h2>\n<p>Trois types de grues sont le plus souvent utilis\u00e9s sur les lieux de travail :<\/p>\n<ul>\n<li><strong>Nator ou pont<\/strong> - principalement install\u00e9s dans les halls et \u00e9quip\u00e9s de barres de suspension de charge qui se d\u00e9placent sur des plates-formes. Les mod\u00e8les \u00e0 plate-forme ou suspendus sont install\u00e9s sous les plafonds des halls.<\/li>\n<li><strong>Suspendu<\/strong> - construction similaire \u00e0 nator, mais avec des pistes de roulement suspendues \u00e0 la structure du plafond.<\/li>\n<li><strong>Porte<\/strong> - principalement utilis\u00e9 pour les travaux ext\u00e9rieurs, construit \u00e0 partir de piliers plac\u00e9s sur les ponts lat\u00e9raux reliant les portes.<\/li>\n<\/ul>\n<div class=\"filmw\">\n<div class=\"responsive-youtube\" style=\"text-align: center;\"><iframe loading=\"lazy\" title=\"Lecteur vid\u00e9o YouTube\" src=\"https:\/\/www.youtube.com\/embed\/0BIkkFvLgew\" width=\"560\" height=\"315\" frameborder=\"0\" allowfullscreen=\"allowfullscreen\"><\/iframe><\/div>\n<\/div>\n<p>Dans notre centre, nous organisons des formations sur les grues qui vous permettent d&#039;utiliser des appareils de tous types. Pendant le cours, les participants re\u00e7oivent une connaissance transversale de types sp\u00e9cifiques d&#039;appareils. Nous vous pr\u00e9sentons ci-dessous les types de formations que nous proposons. Nous vous rappelons qu&#039;ils diff\u00e8rent en termes d&#039;exigences pour commencer \u00e0 apprendre.<\/p>\n<h2 class=\"naglowekh2\">L&#039;autorisation d&#039;exploitation des ponts roulants est divis\u00e9e en deux cat\u00e9gories :<\/h2>\n<ul>\n<li>IS - comprend les ponts roulants, les palans et les treuils de la cat\u00e9gorie IW, qui sont contr\u00f4l\u00e9s depuis le niveau de travail ou depuis la cabine de l&#039;op\u00e9rateur, les appareils de la cat\u00e9gorie II S<\/li>\n<li>II S - comprend les appareils command\u00e9s depuis le niveau de travail, les treuils et les palans de la cat\u00e9gorie II W et les grues d&#039;atelier fixes<\/li>\n<\/ul>\n<h2 class=\"naglowekh2\">Offrir<\/h2>\n<p>En ce qui concerne le cours de portique, le prix dans notre centre est toujours encourageant. Nous le fixons individuellement en fonction du nombre de participants, et nous sommes \u00e9galement ouverts aux n\u00e9gociations. En r\u00e8gle g\u00e9n\u00e9rale, nous vous invitons \u00e0 suivre des cours \u00e0 notre si\u00e8ge \u00e0 Varsovie et dans des succursales situ\u00e9es dans tout le pays - \u00e0 Katowice, Cracovie, Bielsko-Bia\u0142a. Nous pouvons \u00e9galement vous joindre dans toute la Pologne. Nous sommes \u00e9galement en mesure d&#039;organiser des cours de grue avec un programme sp\u00e9cialement adapt\u00e9 aux besoins des participants et du client.<\/p>\n<div style=\"float: right; padding-left: 10px;\"><img decoding=\"async\" src=\"\/wp-content\/uploads\/2014\/09\/suwnice.jpeg\" alt=\"formation aux qualifications UDT\" \/><\/div>\n<h2 class=\"naglowekh2\">Th\u00e8mes de formation<\/h2>\n<p>Chaque cours de grue en <a href=\"https:\/\/kursy-udt.pl\/fr\/o-firmie\/\">Centre de formation du personnel ERGON<\/a> Le contenu des cours est pr\u00e9par\u00e9 par des instructeurs professionnels et en consultation avec des sp\u00e9cialistes du Bureau d'inspection technique. Nous sommes soucieux de la qualit\u00e9 de la formation, c'est pourquoi nos cours sont toujours complets et accessibles aux participants. Ils ont donc un effet optimal, non seulement en termes de r\u00e9ussite \u00e0 l'examen pour l'obtention du certificat d'aptitude professionnelle, mais aussi en termes d'efficacit\u00e9. <a href=\"https:\/\/kursy-udt.pl\/fr\/uprawnienia-udt\/kategorie-uprawnien-2\/\">droits<\/a> pour les ponts roulants, mais aussi dans le travail quotidien de tout op\u00e9rateur de ce type d'\u00e9quipement.<\/p>\n<p><strong>Ci-dessous nous vous pr\u00e9sentons le sujet g\u00e9n\u00e9ral de nos formations :<\/strong><\/p>\n<ul>\n<li>informations sur le contr\u00f4le technique pour une cat\u00e9gorie IS ou II S donn\u00e9e<\/li>\n<li>informations sur des dispositifs sp\u00e9cifiques - leur construction et leur fonctionnement sur le lieu de travail<\/li>\n<li>responsabilit\u00e9s de l&#039;op\u00e9rateur avant de commencer la t\u00e2che<\/li>\n<li>les responsabilit\u00e9s de l&#039;op\u00e9rateur lors de l&#039;ex\u00e9cution des travaux<\/li>\n<li>t\u00e2ches de l&#039;op\u00e9rateur apr\u00e8s avoir termin\u00e9 le travail avec l&#039;appareil<\/li>\n<li>principes de sant\u00e9 et de s\u00e9curit\u00e9 au travail dans le poste<\/li>\n<li>cours pratiques - exercices sur appareils selon la cat\u00e9gorie IS ou II S choisie<\/li>\n<\/ul>\n<p>Le cours de portique disponible chez ODK ERGON est une classe qui pr\u00e9pare les participants \u00e0 passer l&#039;examen devant la commission du Bureau de l&#039;Inspection Technique afin de recevoir un certificat de possibilit\u00e9 de travailler comme grutier. En choisissant notre offre, vous pouvez \u00eatre s\u00fbr que les informations fournies lors des cours seront utiles lors de l&#039;examen et contribueront \u00e0 l&#039;obtention d&#039;une note positive. Nous avons l&#039;un des taux de r\u00e9ussite les plus \u00e9lev\u00e9s, vous pouvez donc passer l&#039;examen de grue avec nous sans aucun probl\u00e8me majeur et obtenir les qualifications appropri\u00e9es du premier coup.<\/p>\n<div style=\"width: 640px;\" class=\"wp-video\"><video id=\"video-1322-1\" width=\"640\" height=\"360\" poster=\"https:\/\/kursy-udt.pl\/wp-content\/uploads\/2023\/02\/20230127_111528_0000.jpg\" preload=\"metadata\" controls=\"controls\"><source type=\"video\/mp4\" src=\"https:\/\/kursy-udt.pl\/wp-content\/uploads\/2023\/02\/ACCEPTED-suwnice-4K-kursy-udt.mp4?_=1\" \/><a href=\"https:\/\/kursy-udt.pl\/wp-content\/uploads\/2023\/02\/ACCEPTED-suwnice-4K-kursy-udt.mp4\">https:\/\/kursy-udt.pl\/wp-content\/uploads\/2023\/02\/ACCEPTED-suwnice-4K-kursy-udt.mp4<\/a><\/video><\/div>\n<h2 class=\"naglowekh2\">Stage portique - tarif<\/h2>\n<p>Le prix des cours d\u00e9pend du nombre de participants. Il est convenu individuellement avec le client. Nous offrons des rabais int\u00e9ressants pour les grands groupes. Veuillez nous contacter pour un devis de service pr\u00e9cis.<\/p>\n<p><strong>Pour participer au cours, les conditions suivantes doivent \u00eatre remplies :<\/strong><\/p>\n<ul>\n<li>18 ans ou plus<\/li>\n<li>d\u00e9livrer un avis de sp\u00e9cialiste en m\u00e9decine du travail sur l&#039;\u00e9tat de sant\u00e9 permettant d&#039;exercer le m\u00e9tier d&#039;op\u00e9rateur<\/li>\n<li>a termin\u00e9 l&#039;\u00e9cole primaire pour les qualifications de grue II S et a termin\u00e9 l&#039;\u00e9cole professionnelle dans la direction technique pour IS<\/li>\n<\/ul>\n<h2 class=\"naglowekh2\">Base juridique de la formation<\/h2>\n<p>Ordonnance du ministre de l&#039;\u00e9conomie du 18 juillet 2001 relative aux qualifications requises pour l&#039;exploitation et la maintenance des appareils techniques (Journal officiel n\u00b0 79, article 849).<\/p>\n<p>En choisissant notre offre, vous pouvez obtenir des licences de grue appropri\u00e9es pour des appareils de diff\u00e9rents types. Nos nombreuses ann\u00e9es d&#039;exp\u00e9rience et nos solutions compl\u00e8tes dans le domaine de l&#039;\u00e9ducation, un personnel comp\u00e9tent et une am\u00e9lioration continue font de nous un centre qui jouit d&#039;une grande popularit\u00e9 parmi les \u00e9tudiants de toute la Pologne. Si vous avez des questions concernant notre offre, <a href=\"https:\/\/kursy-udt.pl\/fr\/kontakt\/\">nous sommes toujours disponibles<\/a> - veuillez nous contacter pour discuter des d\u00e9tails du service, y compris l&#039;obtention d&#039;un devis et la r\u00e9servation d&#039;une date convenable.<\/p>\n<p>Nous vous invitons cordialement aux cours de grue au centre de formation du personnel ERGON\u00a0!<\/p>\n<\/div>\n<div class=\"button_styl\" style=\"float: right; padding-left: 15px; padding-bottom: 8px; margin-bottom: 5px;\"><a class=\"myButton myButton_maly\" href=\"https:\/\/platformaedukacji.pl\/login\/signup.php\" target=\"_blank\" rel=\"nofollow noopener noreferrer\"><span style=\"color: white;\">Inscrivez-vous \u00e0 la formation<\/span><\/a><\/div>\n<div style=\"padding-top: 70px;\">\n<h2>Plus d&#039;information:<\/h2>\n<div style=\"text-align: center; font-size: 85%; line-height: 120%;\">\n<div style=\"float: left; margin-right: 40px; height: 290px;\">\n<p><a href=\"\/fr\/entrainement\/cours-pour-portiques\/ponts-roulants-de-construction\/\"><img decoding=\"async\" src=\"\/wp-content\/uploads\/2014\/08\/budowa.jpg\" alt=\"\" \/><\/a><\/p>\n<div style=\"width: 300px; font-size: 130%;\"><strong>Construction de ponts roulants<\/strong><\/div>\n<\/div>\n<div style=\"float: left; margin-right: 40px; height: 290px;\">\n<p><a href=\"\/fr\/entrainement\/cours-pour-portiques\/activites-interdites\/\"><img decoding=\"async\" src=\"\/wp-content\/uploads\/2014\/08\/zabronione.jpg\" alt=\"\" \/><\/a><\/p>\n<div style=\"width: 300px; font-size: 130%;\"><strong>Activit\u00e9s interdites<\/strong><\/div>\n<\/div>\n<\/div>\n<div style=\"clear: both;\"><\/div>\n<div style=\"text-align: center; font-size: 85%; line-height: 120%;\">\n<div style=\"float: left; margin-right: 40px; height: 290px;\">\n<p><a href=\"\/fr\/entrainement\/cours-pour-portiques\/activites-preparatoires\/\"><img decoding=\"async\" src=\"\/wp-content\/uploads\/2014\/08\/przygotowanie.jpg\" alt=\"\" \/><\/a><\/p>\n<div style=\"width: 300px; font-size: 130%;\"><strong>Activit\u00e9s pr\u00e9paratoires<\/strong><\/div>\n<\/div>\n<div style=\"float: left; margin-right: 40px; height: 290px;\">\n<p><a href=\"\/fr\/entrainement\/cours-pour-portiques\/une-fois-les-travaux-termines\/\"><img decoding=\"async\" src=\"\/wp-content\/uploads\/2014\/08\/po-pracy.jpg\" alt=\"\" \/><\/a><\/p>\n<div style=\"width: 300px; font-size: 130%;\"><strong>Apr\u00e8s le travail<\/strong><\/div>\n<\/div>\n<\/div>\n<div style=\"text-align: center; font-size: 85%; line-height: 120%;\">\n<div style=\"float: left; margin-right: 40px; height: 290px;\">\n<p><a href=\"\/fr\/entrainement\/cours-pour-portiques\/\"><img decoding=\"async\" style=\"width: 300px; height: 225px;\" src=\"\/wp-content\/uploads\/2014\/04\/suwnice.jpeg\" alt=\"\" \/><\/a><\/p>\n<div style=\"width: 300px; font-size: 130%;\"><strong>Cours pour les ponts roulants<\/strong><\/div>\n<\/div>\n<div><\/div>\n<\/div>\n<\/div>\n<p><a href=\"\/fr\/entrainement\/cours-pour-portiques\/ponts-roulants-de-construction\/\"><br \/>\n<\/a><a href=\"https:\/\/kursy-udt.pl\/wp-content\/uploads\/2022\/12\/Kopia-kursy-udt-obsluga-suwnicy-\u2014-kopia.png\"><img loading=\"lazy\" decoding=\"async\" class=\"aligncenter wp-image-4537\" src=\"https:\/\/kursy-udt.pl\/wp-content\/uploads\/2022\/12\/Kopia-kursy-udt-obsluga-suwnicy-\u2014-kopia-300x188.png\" alt=\"\" width=\"750\" height=\"469\" srcset=\"https:\/\/kursy-udt.pl\/wp-content\/uploads\/2022\/12\/Kopia-kursy-udt-obsluga-suwnicy-\u2014-kopia-300x188.png 300w, https:\/\/kursy-udt.pl\/wp-content\/uploads\/2022\/12\/Kopia-kursy-udt-obsluga-suwnicy-\u2014-kopia-1024x640.png 1024w, https:\/\/kursy-udt.pl\/wp-content\/uploads\/2022\/12\/Kopia-kursy-udt-obsluga-suwnicy-\u2014-kopia-768x480.png 768w, https:\/\/kursy-udt.pl\/wp-content\/uploads\/2022\/12\/Kopia-kursy-udt-obsluga-suwnicy-\u2014-kopia-18x12.png 18w, https:\/\/kursy-udt.pl\/wp-content\/uploads\/2022\/12\/Kopia-kursy-udt-obsluga-suwnicy-\u2014-kopia-624x390.png 624w, https:\/\/kursy-udt.pl\/wp-content\/uploads\/2022\/12\/Kopia-kursy-udt-obsluga-suwnicy-\u2014-kopia.png 1200w\" sizes=\"auto, (max-width: 750px) 100vw, 750px\" \/><\/a><a href=\"\/fr\/entrainement\/cours-pour-portiques\/ponts-roulants-de-construction\/\"><br \/>\n<\/a><\/p>","protected":false},"excerpt":{"rendered":"<p>Zapraszamy Pa\u0144stwa serdecznie na kurs na suwnice do O\u015brodka Doskonalenia Kadr ERGON. Jako O\u015brodek z wieloletnim do\u015bwiadczeniem zapewniamy profesjonalne wsparcie ka\u017cdemu z naszych klient\u00f3w \u2013 nasze zaj\u0119cia przeznaczone s\u0105 zar\u00f3wno dla uczestnik\u00f3w indywidualnych, jak i dla grup pracownik\u00f3w skierowanych przez pracodawc\u0119. Dbamy o to, aby jako\u015b\u0107 kszta\u0142cenia w ERGON zawsze by\u0142a na najwy\u017cszym poziomie. Dlatego je\u017celi chc\u0105 Pa\u0144stwo obs\u0142ugiwa\u0107 suwnice kurs w naszym O\u015brodku b\u0119dzie bardzo dobr\u0105 inwestycj\u0105 w przysz\u0142o\u015b\u0107, a dzi\u0119ki niemu znalezienie pracy na stanowisku operatora b\u0119dzie znacznie prostsze zar\u00f3wno w Polsce, jak i na terenie Europy. Rodzaje urz\u0105dze\u0144 i ich zastosowanie Suwnice to urz\u0105dzenia, kt\u00f3re nale\u017c\u0105 do d\u017awignic i s\u0105 stosowane w wielu zak\u0142adach pracy, m.in. w przemy\u015ble stoczniowym, w magazynach, sk\u0142adowiskach, a tak\u017ce w halach produkcyjnych i przemys\u0142owych. Dzi\u0119ki r\u00f3\u017cnym wariantom konstrukcyjnym, suwnice mog\u0105 by\u0107 indywidualnie dopasowane do okre\u015blonych prac. Jednak bez odpowiednich uprawnie\u0144, nadanych przez Urz\u0105d Dozoru Technicznego, nie mo\u017cna nimi operowa\u0107. Warianty suwnic w zak\u0142adach pracy W zak\u0142adach pracy najcz\u0119\u015bciej wykorzystywane s\u0105 trzy rodzaje suwnic: Natorowe lub pomostowe &#8211; instalowane g\u0142\u00f3wnie w halach i wyposa\u017cone w ci\u0119gniki do podwieszania \u0142adunk\u00f3w, kt\u00f3re poruszaj\u0105 si\u0119 po pomostach. Modele pomostowe lub natorowe s\u0105 montowane pod sufitami hal. Podwieszone &#8211; konstrukcja podobna do natorowych, ale wykorzystuj\u0105 tory jezdne podwieszane pod konstrukcj\u0105 sufitu. Bramowe &#8211; wykorzystywane g\u0142\u00f3wnie w pracach zewn\u0119trznych, skonstruowane z pomost\u00f3w umieszczonych na bocznych mostach \u0142\u0105cz\u0105cych bramy. W naszym O\u015brodku prowadzimy szkolenia suwnice pozwalaj\u0105ce na obs\u0142ugiwanie urz\u0105dze\u0144 wszystkich typ\u00f3w. Podczas zaj\u0119\u0107 uczestnicy otrzymuj\u0105 przekrojow\u0105 wiedz\u0119 dotycz\u0105c\u0105 konkretnych rodzaj\u00f3w urz\u0105dze\u0144. Poni\u017cej przedstawiamy rodzaje szkole\u0144, jakie oferujemy. Przypominamy, \u017ce r\u00f3\u017cni\u0105 si\u0119 one wymaganiami do [&hellip;]<\/p>\n","protected":false},"author":1,"featured_media":3578,"parent":65,"menu_order":4,"comment_status":"closed","ping_status":"closed","template":"","meta":{"sfsi_plus_gutenberg_text_before_share":"","sfsi_plus_gutenberg_show_text_before_share":"","sfsi_plus_gutenberg_icon_type":"","sfsi_plus_gutenberg_icon_alignemt":"","sfsi_plus_gutenburg_max_per_row":"","footnotes":""},"class_list":["post-1322","page","type-page","status-publish","has-post-thumbnail","hentry","has_thumb"],"aioseo_notices":[],"_links":{"self":[{"href":"https:\/\/kursy-udt.pl\/fr\/wp-json\/wp\/v2\/pages\/1322","targetHints":{"allow":["GET"]}}],"collection":[{"href":"https:\/\/kursy-udt.pl\/fr\/wp-json\/wp\/v2\/pages"}],"about":[{"href":"https:\/\/kursy-udt.pl\/fr\/wp-json\/wp\/v2\/types\/page"}],"author":[{"embeddable":true,"href":"https:\/\/kursy-udt.pl\/fr\/wp-json\/wp\/v2\/users\/1"}],"replies":[{"embeddable":true,"href":"https:\/\/kursy-udt.pl\/fr\/wp-json\/wp\/v2\/comments?post=1322"}],"version-history":[{"count":24,"href":"https:\/\/kursy-udt.pl\/fr\/wp-json\/wp\/v2\/pages\/1322\/revisions"}],"predecessor-version":[{"id":5620,"href":"https:\/\/kursy-udt.pl\/fr\/wp-json\/wp\/v2\/pages\/1322\/revisions\/5620"}],"up":[{"embeddable":true,"href":"https:\/\/kursy-udt.pl\/fr\/wp-json\/wp\/v2\/pages\/65"}],"wp:featuredmedia":[{"embeddable":true,"href":"https:\/\/kursy-udt.pl\/fr\/wp-json\/wp\/v2\/media\/3578"}],"wp:attachment":[{"href":"https:\/\/kursy-udt.pl\/fr\/wp-json\/wp\/v2\/media?parent=1322"}],"curies":[{"name":"wp","href":"https:\/\/api.w.org\/{rel}","templated":true}]}}