{"id":1291,"date":"2014-08-12T20:51:07","date_gmt":"2014-08-12T20:51:07","guid":{"rendered":"http:\/\/kursy-udt.pl\/?page_id=1291"},"modified":"2022-10-14T12:24:58","modified_gmt":"2022-10-14T12:24:58","slug":"travailler-a-proximite-de-lignes-electriques","status":"publish","type":"page","link":"https:\/\/kursy-udt.pl\/fr\/szkolenia\/podesty-ruchome\/praca-w-poblizu-linii-energetycznych\/","title":{"rendered":"Travail \u00e0 proximit\u00e9 de lignes \u00e9lectriques"},"content":{"rendered":"<div style=\"float: left; padding-right: 10px;\"><img decoding=\"async\" src=\"\/wp-content\/uploads\/2014\/08\/linie-energetyczne_m.jpg\" alt=\"\" \/><\/div>\n<h2 class=\"naglowekh2\">S\u00e9curit\u00e9 d&#039;utilisation des plateformes mobiles \u00e0 proximit\u00e9 des lignes \u00e9lectriques<\/h2>\n<p>Les plates-formes de travail modernes, y compris les plates-formes de travail a\u00e9riennes, sont le choix optimal pour les travaux en hauteur. Lorsque ces travaux doivent avoir lieu \u00e0 proximit\u00e9 de lignes \u00e9lectriques, il faut faire preuve d&#039;une prudence particuli\u00e8re. Les chocs \u00e9lectriques \u00e9taient la principale cause de d\u00e9c\u00e8s chez les op\u00e9rateurs d&#039;ascenseurs aux \u00c9tats-Unis en 2012. Notre cours de plate-forme \u00e9l\u00e9vatrice couvre des informations d\u00e9taill\u00e9es sur la fa\u00e7on de travailler en toute s\u00e9curit\u00e9 dans une zone dangereuse de choc \u00e9lectrique.<\/p>\n<h3 class=\"naglowekh2\"><strong>Parmi les causes les plus courantes de paralysie figurent :<\/strong><\/h3>\n<ul>\n<li>les composants de l&#039;op\u00e9rateur ou de la plate-forme s&#039;approchent dangereusement ou touchent les c\u00e2bles<\/li>\n<li>m\u00e9connaissance de la proximit\u00e9 des lignes \u00e9lectriques a\u00e9riennes<\/li>\n<li>pas au courant de la tension qui traverse les fils<\/li>\n<li>mauvaise manipulation du cric lorsqu&#039;il est situ\u00e9 \u00e0 proximit\u00e9 des fils<\/li>\n<\/ul>\n<p>Les chocs \u00e9lectriques peuvent \u00eatre minimis\u00e9s par des mesures de planification appropri\u00e9es pour r\u00e9duire les risques et la gestion des travaux en hauteur. Il est \u00e9galement n\u00e9cessaire de bien former l&#039;op\u00e9rateur qui doit avoir <a href=\"https:\/\/kursy-udt.pl\/fr\/uprawnienia-udt\/kategorie-uprawnien-2\/\">droits<\/a> donn\u00e9e par l&#039;UDT.<\/p>\n<h3 class=\"naglowekh2\"><strong>Les r\u00e8gles de s\u00e9curit\u00e9 les plus importantes lors de travaux \u00e0 proximit\u00e9 de lignes \u00e9lectriques :<\/strong><\/h3>\n<ul>\n<li><a href=\"https:\/\/kursy-udt.pl\/wp-content\/uploads\/2022\/10\/2-2.jpeg\"><img loading=\"lazy\" decoding=\"async\" class=\"size-medium wp-image-4485\" src=\"https:\/\/kursy-udt.pl\/wp-content\/uploads\/2022\/10\/2-2-300x197.jpeg\" alt=\"\" width=\"300\" height=\"197\" srcset=\"https:\/\/kursy-udt.pl\/wp-content\/uploads\/2022\/10\/2-2-300x197.jpeg 300w, https:\/\/kursy-udt.pl\/wp-content\/uploads\/2022\/10\/2-2-1024x671.jpeg 1024w, https:\/\/kursy-udt.pl\/wp-content\/uploads\/2022\/10\/2-2-768x503.jpeg 768w, https:\/\/kursy-udt.pl\/wp-content\/uploads\/2022\/10\/2-2-1536x1006.jpeg 1536w, https:\/\/kursy-udt.pl\/wp-content\/uploads\/2022\/10\/2-2-18x12.jpeg 18w, https:\/\/kursy-udt.pl\/wp-content\/uploads\/2022\/10\/2-2-624x409.jpeg 624w, https:\/\/kursy-udt.pl\/wp-content\/uploads\/2022\/10\/2-2.jpeg 1600w\" sizes=\"auto, (max-width: 300px) 100vw, 300px\" \/><\/a>\n<p>dans la mesure du possible, d\u00e9branchez les lignes \u00e9lectriques a\u00e9riennes avant de commencer les travaux<\/li>\n<li>si cela n&#039;est pas possible, une protection ad\u00e9quate doit \u00eatre fournie \u00e0 l&#039;op\u00e9rateur de la plate-forme en le couvrant avec l&#039;utilisation d&#039;outils d\u00e9di\u00e9s<\/li>\n<li>vous pouvez utiliser des outils pour d\u00e9terminer la distance des fils qui d\u00e9clenchent une alarme lorsque vous vous en approchez trop<\/li>\n<li>il est recommand\u00e9 de garder une distance maximale de 15 m\u00e8tres avec la fl\u00e8che compl\u00e8tement d\u00e9ploy\u00e9e pr\u00e8s des poteaux \u00e9lectriques et un maximum de 9 m\u00e8tres aux poteaux \u00e9lectriques en bois<\/li>\n<li>lors du travail, il est recommand\u00e9 de r\u00e9gler la distance maximale du bras d&#039;extension au sol<\/li>\n<li>un contr\u00f4le ad\u00e9quat du site par du personnel suppl\u00e9mentaire doit \u00eatre assur\u00e9<\/li>\n<li>des plans d&#039;urgence appropri\u00e9s doivent \u00eatre en place et tous les travailleurs doivent \u00eatre inform\u00e9s des proc\u00e9dures<\/li>\n<\/ul>\n<p>Une formation ad\u00e9quate et, en plus, le respect des proc\u00e9dures de s\u00e9curit\u00e9 lors de travaux \u00e0 proximit\u00e9 de lignes \u00e9lectriques avec l&#039;utilisation de diff\u00e9rents types d&#039;ascenseurs est la chose la plus importante. Les lignes \u00e9lectriques repr\u00e9sentent un danger majeur, et les accidents avec celles-ci sont \u00e9galement les plus courants et les plus dangereux, nombre d&#039;entre eux \u00e9tant mortels. Lors de chaque formation sur les plateformes de travail, le sujet de la sant\u00e9 et de la s\u00e9curit\u00e9 est crucial pour travailler sans risque en hauteur.<\/p>\n<p>Si vous avez besoin d&#039;un cours sur <a href=\"https:\/\/kursy-udt.pl\/fr\/szkolenia\/udt-wdt-tdt\/zwyzki-podnosniki-koszowe\/\">ascenseur de panier<\/a> Varsovie ou dans toute la Pologne - <a href=\"https:\/\/kursy-udt.pl\/fr\/kontakt\/\">nous vous invitons \u00e0 profiter de l&#039;offre ERGON !<\/a><\/p>\n<div class=\"button_styl\" style=\"float: right; padding-left: 15px; padding-bottom: 8px; margin-bottom: 5px;\"><a class=\"myButton myButton_maly\" href=\"https:\/\/platformaedukacji.pl\/login\/signup.php\" target=\"_blank\" rel=\"nofollow noopener\"><span style=\"color: white;\">Inscrivez-vous \u00e0 la formation<\/span><\/a><\/div>\n<div style=\"padding-top: 70px;\">\n<h2>Plus d&#039;information:<\/h2>\n<div style=\"text-align: center; font-size: 85%; line-height: 120%;\">\n<div style=\"float: left; margin-right: 40px; height: 290px;\">\n<p><a href=\"\/fr\/entrainement\/plateformes-mobiles\/ordonnances-et-interdictions\/\"><img decoding=\"async\" src=\"\/wp-content\/uploads\/2014\/08\/nakazy-zakazy.jpg\" alt=\"\" \/><\/a><\/p>\n<div style=\"width: 300px; font-size: 130%;\"><strong>\u00c0 faire et \u00e0 ne pas faire<\/strong><\/div>\n<p>&nbsp;<\/p>\n<\/div>\n<div style=\"float: left; margin-right: 40px; height: 290px;\">\n<p><a href=\"\/fr\/entrainement\/plateformes-mobiles\/travailler-a-proximite-de-lignes-electriques\/\"><img decoding=\"async\" src=\"\/wp-content\/uploads\/2014\/08\/linie-energetyczne.jpg\" alt=\"\" \/><\/a><\/p>\n<div style=\"width: 300px; font-size: 130%;\"><strong>Travail \u00e0 proximit\u00e9 de lignes \u00e9lectriques <\/strong><\/div>\n<p>&nbsp;<\/p>\n<\/div>\n<\/div>\n<div style=\"clear: both;\"><\/div>\n<div style=\"text-align: center; font-size: 85%; line-height: 120%;\">\n<div style=\"float: left; margin-right: 40px; height: 290px;\">\n<p><a href=\"\/fr\/entrainement\/plateformes-mobiles\/les-procedures-de-securite-2\/\"><img decoding=\"async\" src=\"\/wp-content\/uploads\/2014\/08\/bezpieczenstwo.jpg\" alt=\"\" \/><\/a><\/p>\n<div style=\"width: 300px; font-size: 130%;\"><strong>S\u00e9curit\u00e9<\/strong><\/div>\n<p>&nbsp;<\/p>\n<\/div>\n<div style=\"float: left; margin-right: 40px; height: 290px;\">\n<p><a href=\"\/fr\/entrainement\/plateformes-mobiles\/preparation-de-la-surface\/\"><img decoding=\"async\" src=\"\/wp-content\/uploads\/2014\/08\/wypadek.jpg\" alt=\"\" \/><\/a><\/p>\n<div style=\"width: 300px; font-size: 130%;\"><strong>Pr\u00e9paration de surface<\/strong><\/div>\n<p>&nbsp;<\/p>\n<\/div>\n<\/div>\n<div style=\"clear: both;\"><\/div>\n<div style=\"text-align: center; font-size: 85%; line-height: 120%;\">\n<div style=\"float: left; margin-right: 40px; height: 290px;\">\n<p><a href=\"\/fr\/entrainement\/plateformes-mobiles\/la-securite-dans-le-soin-des-arbres\/\"><img decoding=\"async\" src=\"\/wp-content\/uploads\/2016\/09\/drzewa.png\" alt=\"\" \/><\/a><\/p>\n<div style=\"width: 300px; font-size: 130%;\"><strong>S\u00e9curit\u00e9 dans l&#039;entretien des arbres<\/strong><\/div>\n<p>&nbsp;<\/p>\n<\/div>\n<div style=\"float: left; margin-right: 40px; height: 290px;\">\n<p><a href=\"\/fr\/entrainement\/plateformes-mobiles\/\"><img decoding=\"async\" style=\"width: 300px; height: 225px;\" src=\"\/wp-content\/uploads\/2014\/04\/10-pokaz.jpeg\" alt=\"\" \/><\/a><\/p>\n<div style=\"width: 300px; font-size: 130%;\"><strong><a href=\"https:\/\/kursy-udt.pl\/fr\/szkolenia\/podesty-ruchome\/\">Formations pour les plateformes mobiles<\/a><\/strong><\/div>\n<p>&nbsp;<\/p>\n<\/div>\n<\/div>\n<\/div>","protected":false},"excerpt":{"rendered":"<p>Bezpiecze\u0144stwo u\u017cycia podest\u00f3w ruchomych w pobli\u017cu linii energetycznych Nowoczesne pomosty robocze, w tym podno\u015bniki koszowe, s\u0105 optymalnym wyborem przy pracach na wysoko\u015bci. Wtedy, gdy prace te odbywa\u0107 maj\u0105 si\u0119 w pobli\u017cu linii energetycznych, konieczne jest zachowanie szczeg\u00f3lnej ostro\u017cno\u015bci. Pora\u017cenia pr\u0105dem by\u0142y najcz\u0119stsz\u0105 przyczyn\u0105 zgon\u00f3w w\u015br\u00f3d operator\u00f3w podno\u015bnik\u00f3w w Stanach Zjednoczonych w 2012 roku. Nasz kurs podno\u015bniki koszowe obejmuje dok\u0142adne informacje, jak pracowa\u0107 bezpiecznie w miejscu zagro\u017cenia pora\u017ceniem energi\u0105 elektryczn\u0105. W\u015br\u00f3d najcz\u0119stszych przyczyn wyst\u0119powania pora\u017cenia znajduj\u0105 si\u0119: operator lub elementy podestu zbli\u017caj\u0105ce si\u0119 niebezpiecznie lub dotykaj\u0105ce przewod\u00f3w brak \u015bwiadomo\u015bci blisko\u015bci napowietrznych linii energetycznych brak \u015bwiadomo\u015bci napi\u0119cia przebiegaj\u0105cego przez przewody nieodpowiednie operowanie podno\u015bnikiem wtedy, gdy znajduje si\u0119 on w pobli\u017cu przewod\u00f3w Pora\u017cenie pr\u0105dem mo\u017ce by\u0107 zminimalizowane dzi\u0119ki odpowiednim dzia\u0142aniom planistycznym zmniejszaj\u0105cym ryzyko oraz zarz\u0105dzaniu prac\u0105 na wysoko\u015bci. Niezb\u0119dne jest r\u00f3wnie\u017c w\u0142a\u015bciwe przeszkolenie operatora, kt\u00f3ry powinien posiada\u0107 uprawnienia nadane przez UDT. Najwa\u017cniejsze zasady bezpiecze\u0144stwa przy pracy w pobli\u017cu linii energetycznych: tam, gdzie to mo\u017cliwe, nale\u017cy od\u0142\u0105czy\u0107 napowietrzne linie energetyczne przed przyst\u0105pieniem do prac je\u017celi nie jest to mo\u017cliwe, nale\u017cy zapewni\u0107 odpowiednie zabezpieczenie operatorowi platformy poprzez os\u0142oni\u0119cie ich z u\u017cyciem przeznaczonych do tego celu narz\u0119dzi mo\u017cna zastosowa\u0107 narz\u0119dzia okre\u015blaj\u0105ce odleg\u0142o\u015b\u0107 od przewod\u00f3w, kt\u00f3re wywo\u0142uj\u0105 alarm przy zbytnim zbli\u017ceniu si\u0119 do nich zalecane jest utrzymanie odleg\u0142o\u015bci maksymalnie 15 metr\u00f3w przy w pe\u0142ni roz\u0142o\u017conym wysi\u0119gniku w pobli\u017cu s\u0142up\u00f3w energetycznych oraz maksymalnie 9 metr\u00f3w przy s\u0142upach energetycznych drewnianych przy pracach zaleca si\u0119 wyznaczenie na gruncie maksymalnej odleg\u0142o\u015bci roz\u0142o\u017cenia wysi\u0119gnika nale\u017cy zapewni\u0107 odpowiedni\u0105 kontrol\u0119 terenu przez dodatkowych pracownik\u00f3w na miejscu musz\u0105 znajdowa\u0107 si\u0119 odpowiednie plany dla sytuacji alarmowych i o procedurach musz\u0105 by\u0107 [&hellip;]<\/p>\n","protected":false},"author":1,"featured_media":4485,"parent":75,"menu_order":0,"comment_status":"closed","ping_status":"closed","template":"","meta":{"sfsi_plus_gutenberg_text_before_share":"","sfsi_plus_gutenberg_show_text_before_share":"","sfsi_plus_gutenberg_icon_type":"","sfsi_plus_gutenberg_icon_alignemt":"","sfsi_plus_gutenburg_max_per_row":"","footnotes":""},"class_list":["post-1291","page","type-page","status-publish","has-post-thumbnail","hentry","has_thumb"],"aioseo_notices":[],"_links":{"self":[{"href":"https:\/\/kursy-udt.pl\/fr\/wp-json\/wp\/v2\/pages\/1291","targetHints":{"allow":["GET"]}}],"collection":[{"href":"https:\/\/kursy-udt.pl\/fr\/wp-json\/wp\/v2\/pages"}],"about":[{"href":"https:\/\/kursy-udt.pl\/fr\/wp-json\/wp\/v2\/types\/page"}],"author":[{"embeddable":true,"href":"https:\/\/kursy-udt.pl\/fr\/wp-json\/wp\/v2\/users\/1"}],"replies":[{"embeddable":true,"href":"https:\/\/kursy-udt.pl\/fr\/wp-json\/wp\/v2\/comments?post=1291"}],"version-history":[{"count":7,"href":"https:\/\/kursy-udt.pl\/fr\/wp-json\/wp\/v2\/pages\/1291\/revisions"}],"predecessor-version":[{"id":4486,"href":"https:\/\/kursy-udt.pl\/fr\/wp-json\/wp\/v2\/pages\/1291\/revisions\/4486"}],"up":[{"embeddable":true,"href":"https:\/\/kursy-udt.pl\/fr\/wp-json\/wp\/v2\/pages\/75"}],"wp:featuredmedia":[{"embeddable":true,"href":"https:\/\/kursy-udt.pl\/fr\/wp-json\/wp\/v2\/media\/4485"}],"wp:attachment":[{"href":"https:\/\/kursy-udt.pl\/fr\/wp-json\/wp\/v2\/media?parent=1291"}],"curies":[{"name":"wp","href":"https:\/\/api.w.org\/{rel}","templated":true}]}}