{"id":1289,"date":"2014-08-12T20:47:13","date_gmt":"2014-08-12T20:47:13","guid":{"rendered":"http:\/\/kursy-udt.pl\/?page_id=1289"},"modified":"2022-10-17T10:20:25","modified_gmt":"2022-10-17T10:20:25","slug":"les-procedures-de-securite-2","status":"publish","type":"page","link":"https:\/\/kursy-udt.pl\/fr\/szkolenia\/podesty-ruchome\/procedury-bezpieczenstwa\/","title":{"rendered":"Proc\u00e9dures de s\u00e9curit\u00e9"},"content":{"rendered":"<div style=\"float: left; padding-right: 10px;\"><img decoding=\"async\" src=\"\/wp-content\/uploads\/2014\/08\/bezpieczenstwo_m.jpg\" alt=\"\" \/><\/div>\n<p>Chaque cours sur <a href=\"https:\/\/kursy-udt.pl\/fr\/szkolenia\/udt-wdt-tdt\/zwyzki-podnosniki-koszowe\/\">ascenseur de panier<\/a>, ciseaux ou autre type d&#039;appareil couvre les questions et proc\u00e9dures de s\u00e9curit\u00e9 en cas de menace pour la vie ou la sant\u00e9 de l&#039;op\u00e9rateur et des autres utilisateurs de l&#039;appareil. Nous pr\u00e9sentons la proc\u00e9dure \u00e9tape par \u00e9tape qui doit \u00eatre effectu\u00e9e lorsqu&#039;une plate-forme d&#039;acc\u00e8s mobile ou un autre type d&#039;appareil emp\u00eache l&#039;op\u00e9rateur de sortir librement, voire de communiquer.<\/p>\n<p><strong>Dans de tels cas, la premi\u00e8re \u00e9tape consiste \u00e0 avertir imm\u00e9diatement les services concern\u00e9s. Dans le m\u00eame temps, des actions de sauvetage doivent \u00eatre entreprises, qui comprennent les activit\u00e9s suivantes\u00a0:<\/strong><\/p>\n<ul>\n<li>si l&#039;op\u00e9rateur de l&#039;appareil ne peut pas prendre le contr\u00f4le de la situation, les personnes sur la plate-forme, mais seules celles qui ont les connaissances et l&#039;autorisation appropri\u00e9es de l&#039;employeur, peuvent utiliser le panneau de commande<\/li>\n<li>si la situation ci-dessus n&#039;est pas possible, une personne au niveau du sol peut quitter la plate-forme, mais seulement si elle conna\u00eet la proc\u00e9dure d&#039;abaissement d&#039;urgence de la plate-forme, est autoris\u00e9e par un employ\u00e9 et conna\u00eet d&#039;autres proc\u00e9dures de s\u00e9curit\u00e9<\/li>\n<\/ul>\n<p>Avant de quitter les plates-formes telles que les plates-formes mobiles automotrices, <a href=\"https:\/\/kursy-udt.pl\/fr\/szkolenia\/udt-wdt-tdt\/podesty-ruchome-masztowe\/\">plates-formes de travail \u00e9l\u00e9vatrices sur m\u00e2t<\/a>, <a href=\"https:\/\/kursy-udt.pl\/fr\/szkolenia\/udt-wdt-tdt\/podesty-ruchome-wiszace\/\">Plates-formes mobiles suspendues<\/a> si des plates-formes mobiles et d&#039;autres types de plates-formes mobiles sont n\u00e9cessaires pour v\u00e9rifier la zone sur laquelle elles se trouvent afin d&#039;\u00e9liminer tout obstacle.<\/p>\n<p>&nbsp;<\/p>\n<p><a href=\"https:\/\/kursy-udt.pl\/wp-content\/uploads\/2022\/10\/1-7.jpeg\"><img loading=\"lazy\" decoding=\"async\" class=\"size-medium wp-image-4489 alignright\" src=\"https:\/\/kursy-udt.pl\/wp-content\/uploads\/2022\/10\/1-7-300x194.jpeg\" alt=\"\" width=\"300\" height=\"194\" srcset=\"https:\/\/kursy-udt.pl\/wp-content\/uploads\/2022\/10\/1-7-300x194.jpeg 300w, https:\/\/kursy-udt.pl\/wp-content\/uploads\/2022\/10\/1-7-1024x660.jpeg 1024w, https:\/\/kursy-udt.pl\/wp-content\/uploads\/2022\/10\/1-7-768x495.jpeg 768w, https:\/\/kursy-udt.pl\/wp-content\/uploads\/2022\/10\/1-7-1536x991.jpeg 1536w, https:\/\/kursy-udt.pl\/wp-content\/uploads\/2022\/10\/1-7-18x12.jpeg 18w, https:\/\/kursy-udt.pl\/wp-content\/uploads\/2022\/10\/1-7-624x402.jpeg 624w, https:\/\/kursy-udt.pl\/wp-content\/uploads\/2022\/10\/1-7.jpeg 1600w\" sizes=\"auto, (max-width: 300px) 100vw, 300px\" \/><\/a><\/p>\n<p>Il est pr\u00e9f\u00e9rable d&#039;utiliser l&#039;appareil au niveau du sol, car il permet alors un fonctionnement pr\u00e9cis, mais vous pouvez \u00e9galement utiliser le niveau de la plate-forme, selon la situation. Les cl\u00e9s de l&#039;appareil doivent \u00eatre en possession des personnes charg\u00e9es d&#039;effectuer l&#039;action de secours en cas de panne ou d&#039;accident.<\/p>\n<p>Une formation appropri\u00e9e des employ\u00e9s \u00e0 l&#039;utilisation des plates-formes mobiles est un \u00e9l\u00e9ment cl\u00e9 pour la s\u00e9curit\u00e9 au travail et si les employ\u00e9s n&#039;ont pas les connaissances appropri\u00e9es, le risque d&#039;accidents du travail est beaucoup plus \u00e9lev\u00e9. Si vous envisagez d&#039;utiliser des plateformes mobiles dans votre entreprise, le cours dans notre Centre sera le meilleur choix. Nous vous encourageons \u00e0 vous familiariser avec l&#039;offre et \u00e0 en profiter!<\/p>\n<div class=\"button_styl\" style=\"float: right; padding-left: 15px; padding-bottom: 8px; margin-bottom: 5px;\"><a class=\"myButton myButton_maly\" href=\"https:\/\/platformaedukacji.pl\/login\/signup.php\" target=\"_blank\" rel=\"nofollow noopener\"><span style=\"color: white;\">Inscrivez-vous \u00e0 la formation<\/span><\/a><\/div>\n<div style=\"padding-top: 70px;\">\n<h2>Plus d&#039;information:<\/h2>\n<div style=\"text-align: center; font-size: 85%; line-height: 120%;\">\n<div style=\"float: left; margin-right: 40px; height: 290px;\">\n<p><a href=\"\/fr\/entrainement\/plateformes-mobiles\/ordonnances-et-interdictions\/\"><img decoding=\"async\" src=\"\/wp-content\/uploads\/2014\/08\/nakazy-zakazy.jpg\" alt=\"\" \/><\/a><\/p>\n<div style=\"width: 300px; font-size: 130%;\"><strong>\u00c0 faire et \u00e0 ne pas faire<\/strong><\/div>\n<p>&nbsp;<\/p>\n<\/div>\n<div style=\"float: left; margin-right: 40px; height: 290px;\">\n<p><a href=\"\/fr\/entrainement\/plateformes-mobiles\/travailler-a-proximite-de-lignes-electriques\/\"><img decoding=\"async\" src=\"\/wp-content\/uploads\/2014\/08\/linie-energetyczne.jpg\" alt=\"\" \/><\/a><\/p>\n<div style=\"width: 300px; font-size: 130%;\"><strong>Travail \u00e0 proximit\u00e9 de lignes \u00e9lectriques <\/strong><\/div>\n<p>&nbsp;<\/p>\n<\/div>\n<\/div>\n<div style=\"clear: both;\"><\/div>\n<div style=\"text-align: center; font-size: 85%; line-height: 120%;\">\n<div style=\"float: left; margin-right: 40px; height: 290px;\">\n<p><a href=\"\/fr\/entrainement\/plateformes-mobiles\/les-procedures-de-securite-2\/\"><img decoding=\"async\" src=\"\/wp-content\/uploads\/2014\/08\/bezpieczenstwo.jpg\" alt=\"\" \/><\/a><\/p>\n<div style=\"width: 300px; font-size: 130%;\"><strong>S\u00e9curit\u00e9<\/strong><\/div>\n<p>&nbsp;<\/p>\n<\/div>\n<div style=\"float: left; margin-right: 40px; height: 290px;\">\n<p><a href=\"\/fr\/entrainement\/plateformes-mobiles\/preparation-de-la-surface\/\"><img decoding=\"async\" src=\"\/wp-content\/uploads\/2014\/08\/wypadek.jpg\" alt=\"\" \/><\/a><\/p>\n<div style=\"width: 300px; font-size: 130%;\"><strong>Pr\u00e9paration de surface<\/strong><\/div>\n<p>&nbsp;<\/p>\n<\/div>\n<\/div>\n<div style=\"clear: both;\"><\/div>\n<div style=\"text-align: center; font-size: 85%; line-height: 120%;\">\n<div style=\"float: left; margin-right: 40px; height: 290px;\">\n<p><a href=\"\/fr\/entrainement\/plateformes-mobiles\/la-securite-dans-le-soin-des-arbres\/\"><img decoding=\"async\" src=\"\/wp-content\/uploads\/2016\/09\/drzewa.png\" alt=\"\" \/><\/a><\/p>\n<div style=\"width: 300px; font-size: 130%;\"><strong>S\u00e9curit\u00e9 dans l&#039;entretien des arbres<\/strong><\/div>\n<p>&nbsp;<\/p>\n<\/div>\n<div style=\"float: left; margin-right: 40px; height: 290px;\">\n<p><a href=\"\/fr\/entrainement\/plateformes-mobiles\/\"><img decoding=\"async\" style=\"width: 300px; height: 225px;\" src=\"\/wp-content\/uploads\/2014\/04\/10-pokaz.jpeg\" alt=\"\" \/><\/a><\/p>\n<div style=\"width: 300px; font-size: 130%;\"><strong><a href=\"https:\/\/kursy-udt.pl\/fr\/szkolenia\/podesty-ruchome\/\">Formations pour les plateformes mobiles<\/a><\/strong><\/div>\n<p>&nbsp;<\/p>\n<\/div>\n<\/div>\n<\/div>","protected":false},"excerpt":{"rendered":"<p>Ka\u017cdy kurs na podno\u015bnik koszowy, no\u017cycowy czy innego rodzaju urz\u0105dzenie obejmuje kwestie bezpiecze\u0144stwa i post\u0119powanie w przypadku zagro\u017cenia \u017cycia lub zdrowia operatora i innych u\u017cytkownik\u00f3w urz\u0105dzenia. Przestawiamy procedur\u0119 krok po korku, jak\u0105 trzeba wykona\u0107 wtedy, gdy podest ruchomy przejezdny czy innego rodzaju urz\u0105dzenie b\u0119dzie uniemo\u017cliwia\u0142o operatorowi swobodne wydostanie si\u0119, a nawet komunikacj\u0119. W takich przypadkach pierwsz\u0105 czynno\u015bci\u0105 jest natychmiastowe zawiadomienie odpowiednich s\u0142u\u017cb. Jednocze\u015bnie nale\u017cy podj\u0105\u0107 si\u0119 dzia\u0142a\u0144 ratowniczych, kt\u00f3re obejmuj\u0105 nast\u0119puj\u0105ce czynno\u015bci: je\u017celi operator urz\u0105dzenia nie mo\u017ce przej\u0105\u0107 kontroli nad sytuacj\u0105, wtedy osoby znajduj\u0105ce si\u0119 na platformie, ale tylko te posiadaj\u0105ce odpowiedni\u0105 wiedz\u0119 oraz autoryzacj\u0119 pracodawcy, mog\u0105 obs\u0142ugiwa\u0107 panel kontrolny je\u017celi powy\u017csza sytuacja nie jest mo\u017cliwa, w\u00f3wczas osoba znajduj\u0105ca si\u0119 na poziomie nawierzchni mo\u017ce opu\u015bci\u0107 platform\u0119, ale tylko wtedy, gdy jest zapoznana z procedur\u0105 alarmowego opuszczania platformy, jest autoryzowana przez pracownika oraz zna pozosta\u0142e procedury bezpiecze\u0144stwa Przed opuszczeniem platform takich jak podesty ruchome samojezdne, podesty ruchome masztowe, podesty ruchome wisz\u0105ce czy podesty ruchome przejezdne i innych rodzaj\u00f3w konieczne jest sprawdzenie terenu, na kt\u00f3rym si\u0119 znajduj\u0105, w celu usuni\u0119cia ewentualnych przeszk\u00f3d. &nbsp; Najlepiej obs\u0142ugiwa\u0107 urz\u0105dzenie z poziomu naziemnego, poniewa\u017c wtedy pozwala ono na precyzyjne operowane, ale r\u00f3wnie\u017c mo\u017cna wykorzysta\u0107 poziom platformy, zale\u017cnie od danej sytuacji. Klucze do urz\u0105dzenia powinny by\u0107 w posiadaniu os\u00f3b odpowiedzialnych za przeprowadzenie akcji ratowniczej przy wyst\u0105pieniu usterki czy wypadku. Odpowiednie przeszkolenie pracownik\u00f3w w zakresie operowania podestami ruchomymi jest kluczowym elementem dla bezpiecze\u0144stwa pracy i je\u017celi pracownicy nie b\u0119d\u0105 posiadali w\u0142a\u015bciwej wiedzy, w\u00f3wczas ryzyko wypadk\u00f3w przy pracy jest znacznie wy\u017csze. Je\u017celi planuj\u0105 Pa\u0144stwo wykorzystywa\u0107 w firmie podesty ruchome kurs w naszym O\u015brodku b\u0119dzie [&hellip;]<\/p>\n","protected":false},"author":1,"featured_media":4489,"parent":75,"menu_order":0,"comment_status":"closed","ping_status":"closed","template":"","meta":{"sfsi_plus_gutenberg_text_before_share":"","sfsi_plus_gutenberg_show_text_before_share":"","sfsi_plus_gutenberg_icon_type":"","sfsi_plus_gutenberg_icon_alignemt":"","sfsi_plus_gutenburg_max_per_row":"","footnotes":""},"class_list":["post-1289","page","type-page","status-publish","has-post-thumbnail","hentry","has_thumb"],"aioseo_notices":[],"_links":{"self":[{"href":"https:\/\/kursy-udt.pl\/fr\/wp-json\/wp\/v2\/pages\/1289","targetHints":{"allow":["GET"]}}],"collection":[{"href":"https:\/\/kursy-udt.pl\/fr\/wp-json\/wp\/v2\/pages"}],"about":[{"href":"https:\/\/kursy-udt.pl\/fr\/wp-json\/wp\/v2\/types\/page"}],"author":[{"embeddable":true,"href":"https:\/\/kursy-udt.pl\/fr\/wp-json\/wp\/v2\/users\/1"}],"replies":[{"embeddable":true,"href":"https:\/\/kursy-udt.pl\/fr\/wp-json\/wp\/v2\/comments?post=1289"}],"version-history":[{"count":8,"href":"https:\/\/kursy-udt.pl\/fr\/wp-json\/wp\/v2\/pages\/1289\/revisions"}],"predecessor-version":[{"id":4491,"href":"https:\/\/kursy-udt.pl\/fr\/wp-json\/wp\/v2\/pages\/1289\/revisions\/4491"}],"up":[{"embeddable":true,"href":"https:\/\/kursy-udt.pl\/fr\/wp-json\/wp\/v2\/pages\/75"}],"wp:featuredmedia":[{"embeddable":true,"href":"https:\/\/kursy-udt.pl\/fr\/wp-json\/wp\/v2\/media\/4489"}],"wp:attachment":[{"href":"https:\/\/kursy-udt.pl\/fr\/wp-json\/wp\/v2\/media?parent=1289"}],"curies":[{"name":"wp","href":"https:\/\/api.w.org\/{rel}","templated":true}]}}