{"id":1287,"date":"2014-08-12T20:45:00","date_gmt":"2014-08-12T20:45:00","guid":{"rendered":"http:\/\/kursy-udt.pl\/?page_id=1287"},"modified":"2022-10-17T10:23:43","modified_gmt":"2022-10-17T10:23:43","slug":"preparation-de-la-surface","status":"publish","type":"page","link":"https:\/\/kursy-udt.pl\/fr\/szkolenia\/podesty-ruchome\/przygotowanie-powierzchni\/","title":{"rendered":"Pr\u00e9paration de surface"},"content":{"rendered":"<div style=\"float: left; padding-right: 10px;\"><img decoding=\"async\" src=\"\/wp-content\/uploads\/2014\/08\/wypadek_m.jpg\" alt=\"\" \/><\/div>\n<h2 class=\"naglowekh2\">Pr\u00e9paration de la surface pour l&#039;utilisation de plates-formes mobiles<\/h2>\n<p>Fournir une base adapt\u00e9e \u00e0 l&#039;utilisation des plates-formes mobiles est crucial pour la s\u00e9curit\u00e9 des employ\u00e9s et de leur environnement. Les plates-formes \u00e9l\u00e9vatrices \u00e0 ciseaux, les plates-formes a\u00e9riennes, les plates-formes automotrices et les autres types de plates-formes doivent \u00eatre utilis\u00e9es sur une surface appropri\u00e9e. Toutes les plates-formes (\u00e0 l&#039;exception des plates-formes suspendues) d\u00e9pendent du sol sur lequel elles se trouvent. S&#039;il est stable, l&#039;appareil lui-m\u00eame fonctionne \u00e9galement de mani\u00e8re plus s\u00fbre, ce qui \u00e9vite les accidents du travail. Par cons\u00e9quent, chaque parcours de remont\u00e9e comprend des informations relatives \u00e0 la pr\u00e9paration de la surface pour l&#039;utilisation de l&#039;appareil.<\/p>\n<p>Actuellement, divers types d&#039;\u00e9l\u00e9vateurs \u00e0 ciseaux, d&#039;\u00e9l\u00e9vateurs \u00e0 panier et autres sont utilis\u00e9s, y compris ceux adapt\u00e9s pour une utilisation sur des terrains difficiles. Cependant, toujours avant d&#039;utiliser un \u00e9l\u00e9vateur \u00e0 panier, un \u00e9l\u00e9vateur \u00e0 ciseaux, un \u00e9l\u00e9vateur \u00e0 colonne ou tout autre type de plate-forme automotrice, il est n\u00e9cessaire de v\u00e9rifier et de pr\u00e9parer la surface. Il est responsable non seulement de la s\u00e9curit\u00e9 au travail, mais \u00e9galement de la commodit\u00e9 de d\u00e9placer l&#039;ensemble de l&#039;appareil.<\/p>\n<h3 class=\"naglowekh2\"><strong>Avant d&#039;utiliser l&#039;appareil, le sol doit \u00eatre examin\u00e9 - cela peut \u00eatre fait par une inspection visuelle jusqu&#039;\u00e0 des investigations g\u00e9otechniques sp\u00e9ciales. Voici les surfaces les plus couramment utilis\u00e9es et les risques qu&#039;elles pr\u00e9sentent :<\/strong><\/h3>\n<ul>\n<li><a href=\"https:\/\/kursy-udt.pl\/wp-content\/uploads\/2022\/10\/1-8.jpeg\"><img loading=\"lazy\" decoding=\"async\" class=\"size-medium wp-image-4492 alignright\" src=\"https:\/\/kursy-udt.pl\/wp-content\/uploads\/2022\/10\/1-8-200x300.jpeg\" alt=\"\" width=\"200\" height=\"300\" srcset=\"https:\/\/kursy-udt.pl\/wp-content\/uploads\/2022\/10\/1-8-200x300.jpeg 200w, https:\/\/kursy-udt.pl\/wp-content\/uploads\/2022\/10\/1-8-684x1024.jpeg 684w, https:\/\/kursy-udt.pl\/wp-content\/uploads\/2022\/10\/1-8-768x1151.jpeg 768w, https:\/\/kursy-udt.pl\/wp-content\/uploads\/2022\/10\/1-8-1025x1536.jpeg 1025w, https:\/\/kursy-udt.pl\/wp-content\/uploads\/2022\/10\/1-8-8x12.jpeg 8w, https:\/\/kursy-udt.pl\/wp-content\/uploads\/2022\/10\/1-8-624x935.jpeg 624w, https:\/\/kursy-udt.pl\/wp-content\/uploads\/2022\/10\/1-8.jpeg 1068w\" sizes=\"auto, (max-width: 200px) 100vw, 200px\" \/><\/a>zones envahies par l&#039;herbe - la plus grande menace sont celles situ\u00e9es au-dessus des r\u00e9servoirs d&#039;eau, o\u00f9 le sol peut \u00eatre lav\u00e9<\/li>\n<li>plages - la faible densit\u00e9 de sable et l&#039;influence de l&#039;eau en font un terrain difficile<\/li>\n<li>jach\u00e8re - structures ant\u00e9rieures inconnues, caves et fosses non marqu\u00e9es peuvent constituer une menace<\/li>\n<li>les zones pav\u00e9es et asphalt\u00e9es - elles sont g\u00e9n\u00e9ralement s\u00fbres, mais le risque de laver et d&#039;endommager la surface, en particulier ses bords<\/li>\n<li>centres-villes - la menace sont les tunnels, les canaux, les sous-sols, les drains, les fosses insuffisamment remplies<\/li>\n<\/ul>\n<p>Il convient \u00e9galement de rappeler que l&#039;\u00e9tat de la surface est influenc\u00e9 par les conditions m\u00e9t\u00e9orologiques. Des pr\u00e9cipitations prolong\u00e9es rendent le sol plus sujet aux glissements de terrain et au lavage par l&#039;eau.<\/p>\n<p>Quelles que soient les conditions du sol, il peut \u00eatre n\u00e9cessaire d&#039;utiliser des planches sp\u00e9ciales pour un ciseau, un panier ou un autre type de plate-forme. Ces plaques stabilisent l&#039;appareil et l&#039;emp\u00eachent d&#039;\u00eatre endommag\u00e9.<\/p>\n<h3 class=\"naglowekh2\"><strong>Les r\u00e8gles les plus importantes pour placer les plaques:<\/strong><\/h3>\n<ul>\n<li>l&#039;appareil doit \u00eatre centr\u00e9 et non plac\u00e9 sur les bords des plaques<\/li>\n<li>Les \u00e9ventuelles lacunes dans le sol doivent \u00eatre combl\u00e9es, par exemple lorsque vous placez l&#039;appareil dans une d\u00e9pression<\/li>\n<li>il n&#039;est pas permis de placer les planches dans des endroits o\u00f9 des vides sont suspect\u00e9s sous la couche sup\u00e9rieure du sol<\/li>\n<li>ne placez pas les planches et les plates-formes dans un endroit o\u00f9 le mat\u00e9riau peut \u00eatre facilement lav\u00e9 sous elles, par exemple sur des collines<\/li>\n<\/ul>\n<p>Notre cours sur <a href=\"https:\/\/kursy-udt.pl\/fr\/szkolenia\/udt-wdt-tdt\/zwyzki-podnosniki-koszowe\/\">un cours pour les nacelles \u00e9l\u00e9vatrices<\/a>La formation sur les plates-formes de travail, les plates-formes \u00e0 ciseaux et les autres types d'ascenseurs vous pr\u00e9sente de mani\u00e8re d\u00e9taill\u00e9e toutes les informations relatives \u00e0 la mise en place en toute s\u00e9curit\u00e9 d'\u00e9quipements sur diff\u00e9rentes surfaces. Plateformes de travail, nacelles \u00e0 ciseaux, nacelles \u00e9l\u00e9vatrices Varsovie - nous vous invitons \u00e0 consulter notre offre de formation !<\/p>\n<div class=\"button_styl\" style=\"float: right; padding-left: 15px; padding-bottom: 8px; margin-bottom: 5px;\"><a class=\"myButton myButton_maly\" href=\"https:\/\/platformaedukacji.pl\/login\/signup.php\" target=\"_blank\" rel=\"nofollow noopener\"><span style=\"color: white;\">Inscrivez-vous \u00e0 la formation<\/span><\/a><\/div>\n<div style=\"padding-top: 70px;\">\n<h2>Plus d&#039;information:<\/h2>\n<div style=\"text-align: center; font-size: 85%; line-height: 120%;\">\n<div style=\"float: left; margin-right: 40px; height: 290px;\">\n<p><a href=\"\/fr\/entrainement\/plateformes-mobiles\/ordonnances-et-interdictions\/\"><img decoding=\"async\" src=\"\/wp-content\/uploads\/2014\/08\/nakazy-zakazy.jpg\" alt=\"\" \/><\/a><\/p>\n<div style=\"width: 300px; font-size: 130%;\"><strong>\u00c0 faire et \u00e0 ne pas faire<\/strong><\/div>\n<p>&nbsp;<\/p>\n<\/div>\n<div style=\"float: left; margin-right: 40px; height: 290px;\">\n<p><a href=\"\/fr\/entrainement\/plateformes-mobiles\/travailler-a-proximite-de-lignes-electriques\/\"><img decoding=\"async\" src=\"\/wp-content\/uploads\/2014\/08\/linie-energetyczne.jpg\" alt=\"\" \/><\/a><\/p>\n<div style=\"width: 300px; font-size: 130%;\"><strong>Travail \u00e0 proximit\u00e9 de lignes \u00e9lectriques <\/strong><\/div>\n<p>&nbsp;<\/p>\n<\/div>\n<\/div>\n<div style=\"clear: both;\"><\/div>\n<div style=\"text-align: center; font-size: 85%; line-height: 120%;\">\n<div style=\"float: left; margin-right: 40px; height: 290px;\">\n<p><a href=\"\/fr\/entrainement\/plateformes-mobiles\/les-procedures-de-securite-2\/\"><img decoding=\"async\" src=\"\/wp-content\/uploads\/2014\/08\/bezpieczenstwo.jpg\" alt=\"\" \/><\/a><\/p>\n<div style=\"width: 300px; font-size: 130%;\"><strong>S\u00e9curit\u00e9<\/strong><\/div>\n<p>&nbsp;<\/p>\n<\/div>\n<div style=\"float: left; margin-right: 40px; height: 290px;\">\n<p><a href=\"\/fr\/entrainement\/plateformes-mobiles\/preparation-de-la-surface\/\"><img decoding=\"async\" src=\"\/wp-content\/uploads\/2014\/08\/wypadek.jpg\" alt=\"\" \/><\/a><\/p>\n<div style=\"width: 300px; font-size: 130%;\"><strong>Pr\u00e9paration de surface<\/strong><\/div>\n<p>&nbsp;<\/p>\n<\/div>\n<\/div>\n<div style=\"clear: both;\"><\/div>\n<div style=\"text-align: center; font-size: 85%; line-height: 120%;\">\n<div style=\"float: left; margin-right: 40px; height: 290px;\">\n<p><a href=\"\/fr\/entrainement\/plateformes-mobiles\/la-securite-dans-le-soin-des-arbres\/\"><img decoding=\"async\" src=\"\/wp-content\/uploads\/2016\/09\/drzewa.png\" alt=\"\" \/><\/a><\/p>\n<div style=\"width: 300px; font-size: 130%;\"><strong>S\u00e9curit\u00e9 dans l&#039;entretien des arbres<\/strong><\/div>\n<p>&nbsp;<\/p>\n<\/div>\n<div style=\"float: left; margin-right: 40px; height: 290px;\">\n<p><a href=\"\/fr\/entrainement\/plateformes-mobiles\/\"><img decoding=\"async\" style=\"width: 300px; height: 225px;\" src=\"\/wp-content\/uploads\/2014\/04\/10-pokaz.jpeg\" alt=\"\" \/><\/a><\/p>\n<div style=\"width: 300px; font-size: 130%;\"><strong><a href=\"https:\/\/kursy-udt.pl\/fr\/szkolenia\/podesty-ruchome\/\">Formations pour les plateformes mobiles<\/a><\/strong><\/div>\n<p>&nbsp;<\/p>\n<\/div>\n<\/div>\n<\/div>","protected":false},"excerpt":{"rendered":"<p>Przygotowanie powierzchni pod u\u017cycie podest\u00f3w ruchomych Zapewnienie odpowiedniego pod\u0142o\u017ca do u\u017cycia podest\u00f3w ruchomych jest kluczowe dla bezpiecze\u0144stwa pracownik\u00f3w i ich otoczenia. Podno\u015bniki no\u017cycowe, podno\u015bniki koszowe, podesty samojezdne i innego rodzaju podesty musz\u0105 by\u0107 u\u017cytkowane na odpowiedniej nawierzchni. Wszystkie podesty (wyj\u0105tkiem s\u0105 podesty wisz\u0105ce), s\u0105 zale\u017cne od pod\u0142o\u017ca, na kt\u00f3rym si\u0119 znajduj\u0105. Je\u017celi jest ono stabilne, w\u00f3wczas tak\u017ce samo urz\u0105dzenie dzia\u0142a bezpieczniej, co zapobiega wypadkom przy pracy. Dlatego ka\u017cdy kurs na podno\u015bniki obejmuje informacje zwi\u0105zane z przygotowaniem nawierzchni pod u\u017cycie urz\u0105dzenia. Obecnie w u\u017cytku znajduj\u0105 si\u0119 r\u00f3\u017cnego rodzaju podesty no\u017cycowe, koszowe i inne, tak\u017ce takie, kt\u00f3re przystosowane s\u0105 do u\u017cycia na trudnym gruncie. Zawsze jednak zanim podno\u015bnik koszowy, podno\u015bnik no\u017cycowy lub podno\u015bnik kolumnowy czy innego rodzaju podest samojezdny zostanie zastosowany, konieczne jest sprawdzenie i przygotowanie nawierzchni. Jest ona odpowiedzialna nie tylko za bezpiecze\u0144stwo pracy, ale r\u00f3wnie\u017c dodatkowo za wygod\u0119 przemieszczania ca\u0142ego urz\u0105dzenia. Przed zastosowaniem urz\u0105dzenia nale\u017cy zbada\u0107 grunt \u2013 mo\u017cna dokona\u0107 tego poprzez inspekcj\u0119 wizualn\u0105 a\u017c do specjalnych geotechnicznych bada\u0144. Oto najcz\u0119\u015bciej wykorzystywane nawierzchnie i zagro\u017cenia, jakie nios\u0105: tereny obro\u015bni\u0119te traw\u0105 \u2013 najwi\u0119ksze zagro\u017cenie stanowi\u0105 te po\u0142o\u017cone nad zbiornikami wodnymi, gdzie grunt mo\u017ce by\u0107 podmywany pla\u017ce \u2013 niska g\u0119sto\u015b\u0107 piasku oraz oddzia\u0142ywanie wody powoduje, \u017ce to trudny teren od\u0142ogi \u2013 niewiadome wcze\u015bniejsze konstrukcje, zagro\u017ceniem mog\u0105 by\u0107 nieoznaczone piwnice, do\u0142y brukowane i wyasfaltowane tereny \u2013 s\u0105 zasadniczo bezpieczne, ale zagro\u017ceniem mog\u0105 by\u0107 podmycia oraz uszkodzenia nawierzchni, w tym w szczeg\u00f3lno\u015bci jej kraw\u0119dzie centra miast \u2013 zagro\u017cenie stanowi\u0105 tunele, kana\u0142y, piwnice, studzienki kanalizacyjne, nieodpowiednio wype\u0142nione do\u0142y Warto przy okazji pami\u0119ta\u0107, \u017ce na stan nawierzchni na zewn\u0105trz wp\u0142ywa aura. [&hellip;]<\/p>\n","protected":false},"author":1,"featured_media":4492,"parent":75,"menu_order":0,"comment_status":"closed","ping_status":"closed","template":"","meta":{"sfsi_plus_gutenberg_text_before_share":"","sfsi_plus_gutenberg_show_text_before_share":"","sfsi_plus_gutenberg_icon_type":"","sfsi_plus_gutenberg_icon_alignemt":"","sfsi_plus_gutenburg_max_per_row":"","footnotes":""},"class_list":["post-1287","page","type-page","status-publish","has-post-thumbnail","hentry","has_thumb"],"aioseo_notices":[],"_links":{"self":[{"href":"https:\/\/kursy-udt.pl\/fr\/wp-json\/wp\/v2\/pages\/1287","targetHints":{"allow":["GET"]}}],"collection":[{"href":"https:\/\/kursy-udt.pl\/fr\/wp-json\/wp\/v2\/pages"}],"about":[{"href":"https:\/\/kursy-udt.pl\/fr\/wp-json\/wp\/v2\/types\/page"}],"author":[{"embeddable":true,"href":"https:\/\/kursy-udt.pl\/fr\/wp-json\/wp\/v2\/users\/1"}],"replies":[{"embeddable":true,"href":"https:\/\/kursy-udt.pl\/fr\/wp-json\/wp\/v2\/comments?post=1287"}],"version-history":[{"count":9,"href":"https:\/\/kursy-udt.pl\/fr\/wp-json\/wp\/v2\/pages\/1287\/revisions"}],"predecessor-version":[{"id":4493,"href":"https:\/\/kursy-udt.pl\/fr\/wp-json\/wp\/v2\/pages\/1287\/revisions\/4493"}],"up":[{"embeddable":true,"href":"https:\/\/kursy-udt.pl\/fr\/wp-json\/wp\/v2\/pages\/75"}],"wp:featuredmedia":[{"embeddable":true,"href":"https:\/\/kursy-udt.pl\/fr\/wp-json\/wp\/v2\/media\/4492"}],"wp:attachment":[{"href":"https:\/\/kursy-udt.pl\/fr\/wp-json\/wp\/v2\/media?parent=1287"}],"curies":[{"name":"wp","href":"https:\/\/api.w.org\/{rel}","templated":true}]}}