{"id":1284,"date":"2014-08-12T20:39:19","date_gmt":"2014-08-12T20:39:19","guid":{"rendered":"http:\/\/kursy-udt.pl\/?page_id=1284"},"modified":"2022-10-14T12:21:53","modified_gmt":"2022-10-14T12:21:53","slug":"ordonnances-et-interdictions","status":"publish","type":"page","link":"https:\/\/kursy-udt.pl\/fr\/szkolenia\/podesty-ruchome\/nakazy-i-zakazy\/","title":{"rendered":"\u00c0 faire et \u00e0 ne pas faire"},"content":{"rendered":"<div style=\"float: left; padding-right: 10px;\"><img decoding=\"async\" src=\"\/wp-content\/uploads\/2014\/08\/nakazy-zakazy_m.jpg\" alt=\"\" \/><\/div>\n<h2 class=\"naglowekh2\">Les choses \u00e0 faire et \u00e0 ne pas faire les plus importantes lorsque vous travaillez avec des plateformes mobiles<\/h2>\n<p>Les employ\u00e9s souhaitant obtenir <a href=\"https:\/\/kursy-udt.pl\/fr\/uprawnienia-udt\/kategorie-uprawnien-2\/\">Dipl\u00f4mes UDT<\/a> pour travailler avec diff\u00e9rents types de plates-formes mobiles, ils re\u00e7oivent une pr\u00e9paration th\u00e9orique compl\u00e8te, qui comprend \u00e9galement des r\u00e8gles de s\u00e9curit\u00e9.<\/p>\n<h3><strong>Avant de\u00a0<strong>dispositif<\/strong> sera utilis\u00e9:<\/strong><\/h3>\n<ul>\n<li>toutes les activit\u00e9s quotidiennes pour v\u00e9rifier l&#039;\u00e9tat de l&#039;appareil doivent \u00eatre effectu\u00e9es<\/li>\n<li>Ne pas utiliser d&#039;appareils endommag\u00e9s ou incomplets<\/li>\n<li>ne pas utiliser les appareils sur des surfaces qui ne leur sont pas adapt\u00e9es<\/li>\n<\/ul>\n<h3 class=\"naglowekh2\"><strong>Avant de d\u00e9placer l&#039;appareil :<\/strong><\/h3>\n<ul>\n<li>la surface doit \u00eatre soigneusement inspect\u00e9e pour d\u00e9tecter les dommages et les obstructions<\/li>\n<li>v\u00e9rifier le sens de d\u00e9placement de l&#039;appareil<\/li>\n<\/ul>\n<h3 class=\"naglowekh2\"><strong>D\u00e9placement de l&#039;appareil\u00a0:<\/strong><\/h3>\n<ul>\n<li><a href=\"https:\/\/kursy-udt.pl\/wp-content\/uploads\/2022\/10\/1-6.jpeg\"><img loading=\"lazy\" decoding=\"async\" class=\"alignright wp-image-4481\" src=\"https:\/\/kursy-udt.pl\/wp-content\/uploads\/2022\/10\/1-6-200x300.jpeg\" alt=\"\" width=\"250\" height=\"375\" srcset=\"https:\/\/kursy-udt.pl\/wp-content\/uploads\/2022\/10\/1-6-200x300.jpeg 200w, https:\/\/kursy-udt.pl\/wp-content\/uploads\/2022\/10\/1-6-683x1024.jpeg 683w, https:\/\/kursy-udt.pl\/wp-content\/uploads\/2022\/10\/1-6-768x1152.jpeg 768w, https:\/\/kursy-udt.pl\/wp-content\/uploads\/2022\/10\/1-6-1024x1536.jpeg 1024w, https:\/\/kursy-udt.pl\/wp-content\/uploads\/2022\/10\/1-6-8x12.jpeg 8w, https:\/\/kursy-udt.pl\/wp-content\/uploads\/2022\/10\/1-6-624x936.jpeg 624w, https:\/\/kursy-udt.pl\/wp-content\/uploads\/2022\/10\/1-6.jpeg 1067w\" sizes=\"auto, (max-width: 250px) 100vw, 250px\" \/><\/a>\n<p>V\u00e9rifiez toujours l&#039;espace devant et au-dessus de l&#039;appareil pour le mouvement<\/li>\n<li>vous devez d\u00e9placer la plate-forme \u00e0 la bonne vitesse<\/li>\n<li>vous devez diriger l&#039;appareil pour \u00e9viter les obstacles<\/li>\n<li>ne pas se pencher sur les rails de la machine<\/li>\n<li>ne placez pas d&#039;objets sur le panneau de commande<\/li>\n<li>ne pas s&#039;appuyer sur le panneau de commande<\/li>\n<li>n&#039;utilisez pas de t\u00e9l\u00e9phones portables<\/li>\n<\/ul>\n<h3 class=\"naglowekh2\"><strong>Placement\u00a0<strong>dispositifs<\/strong> dans la bonne position :<\/strong><\/h3>\n<ul>\n<li>r\u00e9gler la hauteur de l&#039;appareil au niveau appropri\u00e9<\/li>\n<li>attention aux obstacles, m\u00eame au plafond<\/li>\n<li>v\u00e9rifier la chauss\u00e9e pour les dommages et le niveau<\/li>\n<\/ul>\n<h3 class=\"naglowekh2\"><strong>Utilisant <strong>dispositifs<\/strong>:<\/strong><\/h3>\n<ul>\n<li>les plates-formes mobiles ne doivent pas \u00eatre utilis\u00e9es par des personnes non form\u00e9es<\/li>\n<li>l&#039;op\u00e9rateur doit \u00eatre familiaris\u00e9 avec le type sp\u00e9cifique d&#039;\u00e9quipement<\/li>\n<li>l&#039;op\u00e9rateur doit conna\u00eetre les risques li\u00e9s \u00e0 l&#039;utilisation de l&#039;appareil et les r\u00e8gles de travail<\/li>\n<\/ul>\n<h3 class=\"naglowekh2\"><strong>Sauvetage:<\/strong><\/h3>\n<ul>\n<li>n&#039;utilisez pas l&#039;appareil dans une situation o\u00f9 vous n&#039;\u00eates pas s\u00fbr des proc\u00e9dures de sauvetage et o\u00f9 personne ne les conna\u00eetrait<\/li>\n<\/ul>\n<p>De plus, le cours sur les plateformes mobiles couvre d&#039;autres questions li\u00e9es aux r\u00e8gles de s\u00e9curit\u00e9 lors de l&#039;utilisation d&#039;appareils. En tant qu&#039;op\u00e9rateur, vous devez conna\u00eetre toutes les r\u00e8gles pr\u00e9sent\u00e9es pour les plates-formes mobiles, mobiles, bas d\u00e9bit et autres, en fonction de leur type et des autorisations accord\u00e9es.<\/p>\n<p>Choisir le n\u00f4tre <a href=\"https:\/\/kursy-udt.pl\/fr\/szkolenia\/udt-wdt-tdt\/uprawnienia-podesty-ruchome\/\">cours pour les plateformes mobiles<\/a>, vous b\u00e9n\u00e9ficiez d&#039;un service complet comprenant une formation th\u00e9orique et pratique, qui vous permet d&#039;utiliser les appareils en toute s\u00e9curit\u00e9.<\/p>\n<div class=\"button_styl\" style=\"float: right; padding-left: 15px; padding-bottom: 8px; margin-bottom: 5px;\"><a class=\"myButton myButton_maly\" href=\"https:\/\/platformaedukacji.pl\/login\/signup.php\" target=\"_blank\" rel=\"nofollow noopener\"><span style=\"color: white;\">Inscrivez-vous \u00e0 la formation<\/span><\/a><\/div>\n<div style=\"padding-top: 70px;\">\n<h2 class=\"naglowekh2\">Plus d&#039;information:<\/h2>\n<div style=\"text-align: center; font-size: 85%; line-height: 120%;\">\n<div style=\"float: left; margin-right: 40px; height: 290px;\">\n<p><a href=\"\/fr\/entrainement\/plateformes-mobiles\/ordonnances-et-interdictions\/\"><img decoding=\"async\" src=\"\/wp-content\/uploads\/2014\/08\/nakazy-zakazy.jpg\" alt=\"\" \/><\/a><\/p>\n<div style=\"width: 300px; font-size: 130%;\"><strong>\u00c0 faire et \u00e0 ne pas faire<\/strong><\/div>\n<p>&nbsp;<\/p>\n<\/div>\n<div style=\"float: left; margin-right: 40px; height: 290px;\">\n<p><a href=\"\/fr\/entrainement\/plateformes-mobiles\/travailler-a-proximite-de-lignes-electriques\/\"><img decoding=\"async\" src=\"\/wp-content\/uploads\/2014\/08\/linie-energetyczne.jpg\" alt=\"\" \/><\/a><\/p>\n<div style=\"width: 300px; font-size: 130%;\"><strong>Travail \u00e0 proximit\u00e9 de lignes \u00e9lectriques <\/strong><\/div>\n<p>&nbsp;<\/p>\n<\/div>\n<\/div>\n<div style=\"clear: both;\"><\/div>\n<div style=\"text-align: center; font-size: 85%; line-height: 120%;\">\n<div style=\"float: left; margin-right: 40px; height: 290px;\">\n<p><a href=\"\/fr\/entrainement\/plateformes-mobiles\/les-procedures-de-securite-2\/\"><img decoding=\"async\" src=\"\/wp-content\/uploads\/2014\/08\/bezpieczenstwo.jpg\" alt=\"\" \/><\/a><\/p>\n<div style=\"width: 300px; font-size: 130%;\"><strong>S\u00e9curit\u00e9<\/strong><\/div>\n<p>&nbsp;<\/p>\n<\/div>\n<div style=\"float: left; margin-right: 40px; height: 290px;\">\n<p><a href=\"\/fr\/entrainement\/plateformes-mobiles\/preparation-de-la-surface\/\"><img decoding=\"async\" src=\"\/wp-content\/uploads\/2014\/08\/wypadek.jpg\" alt=\"\" \/><\/a><\/p>\n<div style=\"width: 300px; font-size: 130%;\"><strong>Pr\u00e9paration de surface<\/strong><\/div>\n<p>&nbsp;<\/p>\n<\/div>\n<\/div>\n<div style=\"clear: both;\"><\/div>\n<div style=\"text-align: center; font-size: 85%; line-height: 120%;\">\n<div style=\"float: left; margin-right: 40px; height: 290px;\">\n<p><a href=\"\/fr\/entrainement\/plateformes-mobiles\/la-securite-dans-le-soin-des-arbres\/\"><img decoding=\"async\" src=\"\/wp-content\/uploads\/2016\/09\/drzewa.png\" alt=\"\" \/><\/a><\/p>\n<div style=\"width: 300px; font-size: 130%;\"><strong>S\u00e9curit\u00e9 dans l&#039;entretien des arbres<\/strong><\/div>\n<p>&nbsp;<\/p>\n<\/div>\n<div style=\"float: left; margin-right: 40px; height: 290px;\">\n<p><a href=\"\/fr\/entrainement\/plateformes-mobiles\/\"><img decoding=\"async\" style=\"width: 300px; height: 225px;\" src=\"\/wp-content\/uploads\/2014\/04\/10-pokaz.jpeg\" alt=\"\" \/><\/a><\/p>\n<div style=\"width: 300px; font-size: 130%;\"><strong><a href=\"https:\/\/kursy-udt.pl\/fr\/szkolenia\/podesty-ruchome\/\">Formations pour les plateformes mobiles<\/a><\/strong><\/div>\n<p>&nbsp;<\/p>\n<\/div>\n<\/div>\n<\/div>","protected":false},"excerpt":{"rendered":"<p>Najwa\u017cniejsze nakazy i zakazy przy pracy z podestami ruchomymi Pracownicy chc\u0105cy uzyska\u0107 uprawnienia UDT do pracy z podestami ruchomymi r\u00f3\u017cnych typ\u00f3w, otrzymuj\u0105 kompleksowe przygotowanie teoretyczne, kt\u00f3re obejmuje tak\u017ce zasady bezpiecze\u0144stwa. Zanim\u00a0urz\u0105dzenie zostanie u\u017cyte: nale\u017cy przeprowadzi\u0107 wszystkie codzienne czynno\u015bci sprawdzaj\u0105ce stan urz\u0105dzenia nie nale\u017cy u\u017cywa\u0107 uszkodzonych lub niekompletnych urz\u0105dze\u0144 nie nale\u017cy u\u017cywa\u0107 urz\u0105dze\u0144 na nieprzystosowanej do nich nawierzchni Przed poruszeniem urz\u0105dzenia: nale\u017cy dok\u0142adnie sprawdzi\u0107 powierzchni\u0119 pod k\u0105tem jej uszkodze\u0144 i przeszk\u00f3d nale\u017cy sprawdzi\u0107 kierunek poruszania si\u0119 urz\u0105dzenia Poruszanie urz\u0105dzenia: nale\u017cy stale sprawdza\u0107 przestrze\u0144 przed oraz nad urz\u0105dzeniem w kierunku jego poruszania si\u0119 nale\u017cy porusza\u0107 podest w odpowiedniej pr\u0119dko\u015bci nale\u017cy kierowa\u0107 urz\u0105dzeniem, aby unika\u0107 pojawiaj\u0105cych si\u0119 przeszk\u00f3d nie nale\u017cy przechyla\u0107 si\u0119 przez barierki urz\u0105dzenia nie nale\u017cy umieszcza\u0107 obiekt\u00f3w na panelu kontrolnym nie nale\u017cy opiera\u0107 si\u0119 o panel kontrolny nie nale\u017cy u\u017cywa\u0107 telefon\u00f3w kom\u00f3rkowych Umieszczanie\u00a0urz\u0105dzenia w odpowiedniej pozycji: nale\u017cy ustawi\u0107 wysoko\u015b\u0107 urz\u0105dzenia na w\u0142a\u015bciwym poziomie nale\u017cy uwa\u017ca\u0107 na pojawiaj\u0105ce si\u0119 przeszkody, tak\u017ce na suficie nale\u017cy sprawdzi\u0107 nawierzchni\u0119 pod k\u0105tem jej uszkodze\u0144 i poziomu U\u017cywanie urz\u0105dzenia: podesty ruchome nie powinny by\u0107 u\u017cywane przez osoby bez przeszkolenia operator powinien by\u0107 zaznajomiony z konkretnym rodzajem urz\u0105dzenia operator powinien by\u0107 zapoznany z ryzykiem u\u017cywania urz\u0105dzenia oraz zasadami pracy Ratunek: nie nale\u017cy korzysta\u0107 z urz\u0105dzenia w sytuacji, w kt\u00f3rej nie jest si\u0119 pewnym co do procedur ratowniczych oraz nie ma w pobli\u017cu osoby, kt\u00f3ra by\u0142aby z nimi zaznajomiona Dodatkowo kurs podesty ruchome porusza inne kwestie zwi\u0105zane z zasadami bezpiecze\u0144stwa podczas u\u017cycia urz\u0105dze\u0144. Jako operator nale\u017cy zna\u0107 wszystkie z przedstawionych zasad na podesty ruchome, przejezdne, wolnobie\u017cne oraz innego rodzaju zale\u017cnie od ich typu oraz [&hellip;]<\/p>\n","protected":false},"author":1,"featured_media":0,"parent":75,"menu_order":0,"comment_status":"closed","ping_status":"closed","template":"","meta":{"sfsi_plus_gutenberg_text_before_share":"","sfsi_plus_gutenberg_show_text_before_share":"","sfsi_plus_gutenberg_icon_type":"","sfsi_plus_gutenberg_icon_alignemt":"","sfsi_plus_gutenburg_max_per_row":"","footnotes":""},"class_list":["post-1284","page","type-page","status-publish","hentry","has_thumb"],"aioseo_notices":[],"_links":{"self":[{"href":"https:\/\/kursy-udt.pl\/fr\/wp-json\/wp\/v2\/pages\/1284","targetHints":{"allow":["GET"]}}],"collection":[{"href":"https:\/\/kursy-udt.pl\/fr\/wp-json\/wp\/v2\/pages"}],"about":[{"href":"https:\/\/kursy-udt.pl\/fr\/wp-json\/wp\/v2\/types\/page"}],"author":[{"embeddable":true,"href":"https:\/\/kursy-udt.pl\/fr\/wp-json\/wp\/v2\/users\/1"}],"replies":[{"embeddable":true,"href":"https:\/\/kursy-udt.pl\/fr\/wp-json\/wp\/v2\/comments?post=1284"}],"version-history":[{"count":9,"href":"https:\/\/kursy-udt.pl\/fr\/wp-json\/wp\/v2\/pages\/1284\/revisions"}],"predecessor-version":[{"id":4483,"href":"https:\/\/kursy-udt.pl\/fr\/wp-json\/wp\/v2\/pages\/1284\/revisions\/4483"}],"up":[{"embeddable":true,"href":"https:\/\/kursy-udt.pl\/fr\/wp-json\/wp\/v2\/pages\/75"}],"wp:attachment":[{"href":"https:\/\/kursy-udt.pl\/fr\/wp-json\/wp\/v2\/media?parent=1284"}],"curies":[{"name":"wp","href":"https:\/\/api.w.org\/{rel}","templated":true}]}}