{"id":1196,"date":"2014-08-07T09:46:23","date_gmt":"2014-08-07T09:46:23","guid":{"rendered":"http:\/\/kursy-udt.pl\/?page_id=1196"},"modified":"2022-10-17T10:33:49","modified_gmt":"2022-10-17T10:33:49","slug":"securite","status":"publish","type":"page","link":"https:\/\/kursy-udt.pl\/fr\/szkolenia\/wozkiwidlowe\/bezpieczenstwo\/","title":{"rendered":"S\u00e9curit\u00e9 de fonctionnement du chariot \u00e9l\u00e9vateur"},"content":{"rendered":"<div style=\"float: left; padding-right: 10px;\"><img decoding=\"async\" src=\"\/wp-content\/uploads\/2014\/08\/mbezp.jpg\" alt=\"\" \/><\/div>\n<div class=\"wyjustuj\">\n<p>L'objectif principal des cours sur les chariots \u00e9l\u00e9vateurs \u00e0 fourche est d'apprendre \u00e0 utiliser correctement la machine au poste de travail de l'op\u00e9rateur. En plus des informations sur la construction du v\u00e9hicule, sa direction ou la manipulation de la charge, chaque cours comprend des informations sur la sant\u00e9 et la s\u00e9curit\u00e9. Si le lieu de travail doit inclure <a href=\"https:\/\/kursy-udt.pl\/fr\/szkolenia\/wozkiwidlowe\/\">cours sur les chariots \u00e9l\u00e9vateurs \u00e0 fourche<\/a> est essentiel.<\/p>\n<p>Les chariots \u00e9l\u00e9vateurs \u00e0 fourche doivent r\u00e9pondre \u00e0 certaines exigences techniques afin d'\u00eatre autoris\u00e9s \u00e0 fonctionner. Les sp\u00e9cifications techniques de la machine se trouvent sur la plaque signal\u00e9tique, qui doit se trouver sur chaque v\u00e9hicule. En outre, les informations n\u00e9cessaires comprennent un diagramme de capacit\u00e9 de charge, qui indique la hauteur de levage de la charge et la mani\u00e8re dont la charge est r\u00e9partie sur les fourches.<\/p>\n<p>Pour faire fonctionner l'appareil, les \u00e9l\u00e9ments suivants sont indispensables <a href=\"https:\/\/kursy-udt.pl\/fr\/uprawnienia-udt\/kategorie-uprawnien-2\/\">droits<\/a> pour les chariots \u00e9l\u00e9vateurs \u00e0 fourche. Les certificats sont \u00e9mis par l'UDT de Varsovie. En outre, il est n\u00e9cessaire de se soumettre \u00e0 des examens psychotechniques et de fournir un certificat de non contre-indication au travail dans le poste.<\/p>\n<div class=\"filmw\">\n<div class=\"responsive-youtube\" style=\"text-align: center;\"><iframe loading=\"lazy\" title=\"Lecteur vid\u00e9o YouTube\" src=\"https:\/\/www.youtube.com\/embed\/dFMZUadVVBM\" width=\"560\" height=\"315\" frameborder=\"0\" allowfullscreen=\"allowfullscreen\"><\/iframe><\/div>\n<\/div>\n<p><strong>Activit\u00e9s interdites lors de l'utilisation d'un chariot \u00e9l\u00e9vateur \u00e0 fourche :<\/strong><\/p>\n<ul>\n<li>la conduite sous l'influence de drogues et d'alcool et dans d'autres cas d'indisposition<\/li>\n<li>utilisation du v\u00e9hicule \u00e0 des fins autres que celles pour lesquelles il a \u00e9t\u00e9 con\u00e7u<\/li>\n<li>surcharge de l'appareil<\/li>\n<li>acc\u00e9l\u00e9ration, freinage et vitesse rapides<\/li>\n<li>transporter des personnes sur des fourches<\/li>\n<li><a href=\"https:\/\/kursy-udt.pl\/wp-content\/uploads\/2022\/10\/6.jpeg\"><img loading=\"lazy\" decoding=\"async\" class=\"size-medium wp-image-4499 alignright\" src=\"https:\/\/kursy-udt.pl\/wp-content\/uploads\/2022\/10\/6-300x200.jpeg\" alt=\"\" width=\"300\" height=\"200\" srcset=\"https:\/\/kursy-udt.pl\/wp-content\/uploads\/2022\/10\/6-300x200.jpeg 300w, https:\/\/kursy-udt.pl\/wp-content\/uploads\/2022\/10\/6-1024x683.jpeg 1024w, https:\/\/kursy-udt.pl\/wp-content\/uploads\/2022\/10\/6-768x512.jpeg 768w, https:\/\/kursy-udt.pl\/wp-content\/uploads\/2022\/10\/6-1536x1024.jpeg 1536w, https:\/\/kursy-udt.pl\/wp-content\/uploads\/2022\/10\/6-18x12.jpeg 18w, https:\/\/kursy-udt.pl\/wp-content\/uploads\/2022\/10\/6-624x416.jpeg 624w, https:\/\/kursy-udt.pl\/wp-content\/uploads\/2022\/10\/6.jpeg 1600w\" sizes=\"auto, (max-width: 300px) 100vw, 300px\" \/><\/a>conduire en descente sur des surfaces inclin\u00e9es au point mort ou avec le moteur coup\u00e9<\/li>\n<li>laisser le v\u00e9hicule avec le moteur en marche<\/li>\n<li>Conduire sans respecter les r\u00e8gles de s\u00e9curit\u00e9<\/li>\n<li>l'ascension de collines et de pentes autres que celles autoris\u00e9es dans les donn\u00e9es techniques<\/li>\n<li>marchant ou se tenant debout sous des fourches lev\u00e9es<\/li>\n<li>laisser des charges sur des fourches lev\u00e9es<\/li>\n<li>d\u00e9placer le m\u00e2t dans les virages<\/li>\n<li>remaniement ind\u00e9pendant de l'appareil<\/li>\n<li>retrait des couvertures de s\u00e9curit\u00e9<\/li>\n<li>l'impact du v\u00e9hicule contre d'autres objets<\/li>\n<li>conduire le v\u00e9hicule sur des surfaces inadapt\u00e9es<\/li>\n<li>le tabagisme et l'utilisation de flammes nues<\/li>\n<li>manipuler des chaussures ou des mains glissantes<\/li>\n<li>exploitation sans permis de chariot \u00e9l\u00e9vateur<\/li>\n<\/ul>\n<\/div>\n<div class=\"button_styl\" style=\"float: right; padding-left: 15px; padding-bottom: 8px; margin-bottom: 5px;\"><a class=\"myButton myButton_maly\" href=\"https:\/\/platformaedukacji.pl\/login\/signup.php\" target=\"_blank\" rel=\"nofollow noopener\"><span style=\"color: white;\">Inscrivez-vous \u00e0 la formation<\/span><\/a><\/div>\n<div style=\"padding-top: 70px;\">\n<h2>Plus d&#039;information:<\/h2>\n<div style=\"text-align: center; font-size: 85%; line-height: 120%;\">\n<div style=\"float: left; margin-right: 40px; height: 290px;\">\n<p><a href=\"\/fr\/entrainement\/chariots-elevateurs-2\/controler\/\"><img decoding=\"async\" src=\"\/wp-content\/uploads\/2014\/08\/ster.jpg\" alt=\"\" \/><\/a><\/p>\n<div style=\"width: 300px; font-size: 130%;\"><strong>Contr\u00f4ler<\/strong><br \/>\nTechniques de contr\u00f4le correctes<\/div>\n<p>&nbsp;<\/p>\n<\/div>\n<div style=\"float: left; margin-right: 40px; height: 290px;\">\n<p><a href=\"\/fr\/entrainement\/chariots-elevateurs-2\/manutention-des-charges\/\"><img decoding=\"async\" src=\"\/wp-content\/uploads\/2014\/08\/oper.jpg\" alt=\"\" \/><\/a><\/p>\n<div style=\"width: 300px; font-size: 130%;\"><strong>Manutention de charges<\/strong><br \/>\nManipuler un chariot \u00e9l\u00e9vateur charg\u00e9<\/div>\n<p>&nbsp;<\/p>\n<\/div>\n<\/div>\n<div style=\"clear: both;\"><\/div>\n<div style=\"text-align: center; font-size: 85%; line-height: 120%;\">\n<div style=\"float: left; margin-right: 40px; height: 290px;\">\n<p><a href=\"\/fr\/entrainement\/chariots-elevateurs-2\/securite\/\"><img decoding=\"async\" src=\"\/wp-content\/uploads\/2014\/08\/bezp.jpg\" alt=\"\" \/><\/a><\/p>\n<div style=\"width: 300px; font-size: 130%;\"><strong>S\u00e9curit\u00e9<\/strong><br \/>\nR\u00e8gles de fonctionnement s\u00e9curitaire<\/div>\n<p>&nbsp;<\/p>\n<\/div>\n<div style=\"float: left; margin-right: 40px; height: 290px;\">\n<p><a href=\"\/fr\/entrainement\/chariots-elevateurs-2\/construction\/\"><img decoding=\"async\" src=\"\/wp-content\/uploads\/2014\/08\/bud.jpg\" alt=\"\" \/><\/a><\/p>\n<div style=\"width: 300px; font-size: 130%;\"><strong>Construction<\/strong><br \/>\nBase de connaissances pour la construction<\/div>\n<p>&nbsp;<\/p>\n<\/div>\n<\/div>\n<div style=\"text-align: center; font-size: 85%; line-height: 120%;\">\n<div style=\"float: left; margin-right: 40px; height: 290px;\">\n<p><a href=\"\/fr\/entrainement\/chariots-elevateurs-2\/\"><img decoding=\"async\" style=\"width: 300px; height: 225px;\" src=\"\/wp-content\/uploads\/2014\/03\/wozki-widlowe-4.jpeg\" alt=\"\" \/><\/a><\/p>\n<div style=\"width: 300px; font-size: 130%;\"><center><strong>Cours<\/strong><br \/>\nsur chariots \u00e9l\u00e9vateurs<\/center><\/div>\n<p>&nbsp;<\/p>\n<\/div>\n<\/div>\n<\/div>","protected":false},"excerpt":{"rendered":"<p>G\u0142\u00f3wnym celem, jakie maj\u0105 kursy na w\u00f3zki wid\u0142owe, jest nauka prawid\u0142owego obs\u0142ugiwania urz\u0105dzenia na stanowisku pracy operatora. Ka\u017cdy opr\u00f3cz wiadomo\u015bci dotycz\u0105cych budowy pojazdu, jego sterowania czy operowania \u0142adunkiem zawiera informacje na temat bezpiecze\u0144stwa i higieny pracy. Je\u017celi praca na stanowisku ma obejmowa\u0107 tak\u017ce w\u00f3zki wid\u0142owe kurs jest niezb\u0119dny. W\u00f3zki wid\u0142owe, aby mog\u0142y by\u0107 dopuszczone do pracy, musz\u0105 spe\u0142nia\u0107 okre\u015blone wymagania techniczne. Parametry techniczne urz\u0105dzenia mo\u017cna znale\u017a\u0107 na tabliczce znamionowej, kt\u00f3ra powinna znajdowa\u0107 si\u0119 na ka\u017cdym poje\u017adzie. Dodatkowo niezb\u0119dne informacje obejmuj\u0105 diagram ud\u017awigu, kt\u00f3ry informuje o wysoko\u015bci podnoszenia \u0142adunku oraz sposobie rozmieszczania \u0142adunku na wid\u0142ach. Do tego, aby obs\u0142ugiwa\u0107 urz\u0105dzenie, niez\u0119bne s\u0105 uprawnienia na w\u00f3zki wid\u0142owe. Certyfikaty wydaje UDT Warszawa. Ponadto opr\u00f3cz nich konieczne jest przej\u015bcie bada\u0144 psychotechnicznych i dostarczenie za\u015bwiadczenia o braku przeciwwskaza\u0144 do wykonywania prac na stanowisku. Czynno\u015bci zabronione przy obs\u0142udze w\u00f3zka wid\u0142owego: kierowanie pod wp\u0142ywem \u015brodk\u00f3w odurzaj\u0105cych oraz alkoholu, a tak\u017ce przy innych niedyspozycjach u\u017cywanie pojazdu w celach niezgodnych z jego przeznaczeniem prze\u0142adowanie urz\u0105dzenia gwa\u0142towne przyspieszanie i hamowanie oraz jazda z przekroczeniem pr\u0119dko\u015bci przewo\u017cenie os\u00f3b na wid\u0142ach zje\u017cd\u017canie z powierzchni pochy\u0142ych na ja\u0142owym biegu lub z wy\u0142\u0105czonym nap\u0119dem pozostawianie pojazdu z w\u0142\u0105czonym silnikiem prowadzenie pojazdu niezgodnie z zasadami bezpiecze\u0144stwa pokonywanie wzniesie\u0144 i pochy\u0142o\u015bci innych ni\u017c zosta\u0142o to dopuszczone w danych technicznych przechodzenie lub stanie pod uniesionymi wid\u0142ami pozostawianie \u0142adunk\u00f3w na uniesionych wid\u0142ach poruszanie masztem przy pokonywaniu zakr\u0119t\u00f3w samodzielne przer\u00f3bki urz\u0105dzenia usuwanie pokryw bezpiecze\u0144stwa uderzanie pojazdem o inne obiekty jazda pojazdem na nieprzystosowanych do tego powierzchniach palenie tytoniu i stosowanie otwartego ognia operowanie \u015bliskimi butami lub r\u0119kami operowanie bez posiadania uprawnienia na w\u00f3zki wid\u0142owe [&hellip;]<\/p>\n","protected":false},"author":1,"featured_media":4499,"parent":17,"menu_order":2,"comment_status":"closed","ping_status":"closed","template":"","meta":{"sfsi_plus_gutenberg_text_before_share":"","sfsi_plus_gutenberg_show_text_before_share":"","sfsi_plus_gutenberg_icon_type":"","sfsi_plus_gutenberg_icon_alignemt":"","sfsi_plus_gutenburg_max_per_row":"","footnotes":""},"class_list":["post-1196","page","type-page","status-publish","has-post-thumbnail","hentry","has_thumb"],"aioseo_notices":[],"_links":{"self":[{"href":"https:\/\/kursy-udt.pl\/fr\/wp-json\/wp\/v2\/pages\/1196","targetHints":{"allow":["GET"]}}],"collection":[{"href":"https:\/\/kursy-udt.pl\/fr\/wp-json\/wp\/v2\/pages"}],"about":[{"href":"https:\/\/kursy-udt.pl\/fr\/wp-json\/wp\/v2\/types\/page"}],"author":[{"embeddable":true,"href":"https:\/\/kursy-udt.pl\/fr\/wp-json\/wp\/v2\/users\/1"}],"replies":[{"embeddable":true,"href":"https:\/\/kursy-udt.pl\/fr\/wp-json\/wp\/v2\/comments?post=1196"}],"version-history":[{"count":11,"href":"https:\/\/kursy-udt.pl\/fr\/wp-json\/wp\/v2\/pages\/1196\/revisions"}],"predecessor-version":[{"id":4502,"href":"https:\/\/kursy-udt.pl\/fr\/wp-json\/wp\/v2\/pages\/1196\/revisions\/4502"}],"up":[{"embeddable":true,"href":"https:\/\/kursy-udt.pl\/fr\/wp-json\/wp\/v2\/pages\/17"}],"wp:featuredmedia":[{"embeddable":true,"href":"https:\/\/kursy-udt.pl\/fr\/wp-json\/wp\/v2\/media\/4499"}],"wp:attachment":[{"href":"https:\/\/kursy-udt.pl\/fr\/wp-json\/wp\/v2\/media?parent=1196"}],"curies":[{"name":"wp","href":"https:\/\/api.w.org\/{rel}","templated":true}]}}