{"id":1192,"date":"2014-08-07T09:40:24","date_gmt":"2014-08-07T09:40:24","guid":{"rendered":"http:\/\/kursy-udt.pl\/?page_id=1192"},"modified":"2022-10-17T10:30:39","modified_gmt":"2022-10-17T10:30:39","slug":"manutention-des-charges","status":"publish","type":"page","link":"https:\/\/kursy-udt.pl\/fr\/szkolenia\/wozkiwidlowe\/operowanie-ladunkiem\/","title":{"rendered":"Manutention de charges sur chariot \u00e9l\u00e9vateur"},"content":{"rendered":"<div style=\"float: left; padding-right: 10px;\"><img decoding=\"async\" src=\"\/wp-content\/uploads\/2014\/08\/4.jpg\" alt=\"\" \/><\/div>\n<div class=\"wyjustuj\">\n<p>Dans le contr\u00f4le du chariot \u00e9l\u00e9vateur, comme enseign\u00e9 dans notre cours, trois mouvements principaux sont utilis\u00e9s - le mouvement de levage et d&#039;abaissement des fourches, puis le mouvement d&#039;inclinaison du m\u00e2t du chariot \u00e9l\u00e9vateur vers et loin de vous, et le mouvement de d\u00e9placement du chariot avec fourches sur les c\u00f4t\u00e9s. Pour certains mod\u00e8les, il est \u00e9galement possible de contr\u00f4ler les d\u00e9calages des fourches et la distance entre elles, c&#039;est-\u00e0-dire le soi-disant positionnement.<\/p>\n<p><a href=\"https:\/\/kursy-udt.pl\/fr\/szkolenia\/wozkiwidlowe\/\">Cours de conducteur de chariot \u00e9l\u00e9vateur<\/a> enseigne le contr\u00f4le correct de l'\u00e9quipement et la manipulation de la charge. Sur cette base, le participant peut ensuite obtenir une licence de chariot \u00e9l\u00e9vateur \u00e0 fourche. L'un des \u00e9l\u00e9ments cl\u00e9s de la formation consiste \u00e0 apprendre \u00e0 charger et \u00e0 d\u00e9charger des palettes, ce qui correspond au travail de l'op\u00e9rateur.<\/p>\n<p><a href=\"https:\/\/kursy-udt.pl\/wp-content\/uploads\/2022\/10\/5.webp\"><img loading=\"lazy\" decoding=\"async\" class=\"size-medium wp-image-4496 alignright\" src=\"https:\/\/kursy-udt.pl\/wp-content\/uploads\/2022\/10\/5-300x200.webp\" alt=\"\" width=\"300\" height=\"200\" srcset=\"https:\/\/kursy-udt.pl\/wp-content\/uploads\/2022\/10\/5-300x200.webp 300w, https:\/\/kursy-udt.pl\/wp-content\/uploads\/2022\/10\/5-1024x683.webp 1024w, https:\/\/kursy-udt.pl\/wp-content\/uploads\/2022\/10\/5-768x512.webp 768w, https:\/\/kursy-udt.pl\/wp-content\/uploads\/2022\/10\/5-1536x1024.webp 1536w, https:\/\/kursy-udt.pl\/wp-content\/uploads\/2022\/10\/5-18x12.webp 18w, https:\/\/kursy-udt.pl\/wp-content\/uploads\/2022\/10\/5-624x416.webp 624w, https:\/\/kursy-udt.pl\/wp-content\/uploads\/2022\/10\/5.webp 1600w\" sizes=\"auto, (max-width: 300px) 100vw, 300px\" \/><\/a>Chargement correct sur <a href=\"https:\/\/kursy-udt.pl\/fr\/szkolenia\/udt-wdt-tdt\/wozki-widlowe-merlo\/\">chariot \u00e9l\u00e9vateur<\/a> consiste \u00e0 placer la charge sur une palette sur des fourches droites - celles-ci doivent \u00eatre parall\u00e8les \u00e0 la surface. Une fois la charge plac\u00e9e dans la bonne position, elle est soulev\u00e9e \u00e0 une hauteur d'environ 30 centim\u00e8tres, le m\u00e2t \u00e9tant inclin\u00e9 vers l'op\u00e9rateur de la machine. L'\u00e9tape suivante consiste \u00e0 se rendre \u00e0 l'endroit o\u00f9 la charge doit \u00eatre plac\u00e9e, \u00e0 soulever la palette \u00e0 la hauteur donn\u00e9e, \u00e0 redresser le m\u00e2t et \u00e0 abaisser les fourches sous la palette, et enfin \u00e0 abaisser \u00e0 nouveau les fourches jusqu'au niveau donn\u00e9. Un d\u00e9chargement correct implique d'effectuer les op\u00e9rations dans l'ordre inverse.<\/p>\n<p>Lors du chargement et du d\u00e9chargement, vous devez vous rappeler les r\u00e8gles de bonne man\u0153uvre de l&#039;appareil. Il est interdit de se d\u00e9placer trop vite, en particulier avec des charges lourdes, qui pourraient provoquer le renversement du chariot et mettre en danger l&#039;op\u00e9rateur et l&#039;environnement. Par cons\u00e9quent, le cours de chariot \u00e9l\u00e9vateur fournit \u00e9galement des informations cl\u00e9s sur la sant\u00e9 et la s\u00e9curit\u00e9 sur le lieu de travail de l&#039;op\u00e9rateur.<\/p>\n<p>Chaque cours de chariot \u00e9l\u00e9vateur enseigne le chargement et le d\u00e9chargement corrects des charges, \u00e0 la fois en th\u00e9orie et en pratique, qui font ensuite partie de l&#039;examen, sur la base duquel ils sont donn\u00e9s <a href=\"https:\/\/kursy-udt.pl\/fr\/uprawnienia-udt\/kategorie-uprawnien-2\/\">Dipl\u00f4mes UDT<\/a> n\u00e9cessaire pour travailler avec les appareils discut\u00e9s de tous types.<\/p>\n<div class=\"filmw\">\n<div class=\"responsive-youtube\" style=\"text-align: center;\"><iframe loading=\"lazy\" title=\"Lecteur vid\u00e9o YouTube\" src=\"https:\/\/www.youtube.com\/embed\/dFMZUadVVBM\" width=\"560\" height=\"315\" frameborder=\"0\" allowfullscreen=\"allowfullscreen\"><\/iframe><\/div>\n<\/div>\n<\/div>\n<div class=\"button_styl\" style=\"float: right; padding-left: 15px; padding-bottom: 8px; margin-bottom: 5px;\"><a class=\"myButton myButton_maly\" href=\"https:\/\/platformaedukacji.pl\/login\/signup.php\" target=\"_blank\" rel=\"nofollow noopener\"><span style=\"color: white;\">Inscrivez-vous \u00e0 la formation<\/span><\/a><\/div>\n<div style=\"padding-top: 70px;\">\n<h2>Plus d&#039;information:<\/h2>\n<div style=\"text-align: center; font-size: 85%; line-height: 120%;\">\n<div style=\"float: left; margin-right: 40px; height: 290px;\">\n<p><a href=\"\/fr\/entrainement\/chariots-elevateurs-2\/controler\/\"><img decoding=\"async\" src=\"\/wp-content\/uploads\/2014\/08\/ster.jpg\" alt=\"\" \/><\/a><\/p>\n<div style=\"width: 300px; font-size: 130%;\"><strong>Contr\u00f4ler<\/strong><br \/>\nTechniques de contr\u00f4le correctes<\/div>\n<p>&nbsp;<\/p>\n<\/div>\n<div style=\"float: left; margin-right: 40px; height: 290px;\">\n<p><a href=\"\/fr\/entrainement\/chariots-elevateurs-2\/manutention-des-charges\/\"><img decoding=\"async\" src=\"\/wp-content\/uploads\/2014\/08\/oper.jpg\" alt=\"\" \/><\/a><\/p>\n<div style=\"width: 300px; font-size: 130%;\"><strong>Manutention de charges<\/strong><br \/>\nManipuler un chariot \u00e9l\u00e9vateur charg\u00e9<\/div>\n<p>&nbsp;<\/p>\n<\/div>\n<\/div>\n<div style=\"clear: both;\"><\/div>\n<div style=\"text-align: center; font-size: 85%; line-height: 120%;\">\n<div style=\"float: left; margin-right: 40px; height: 290px;\">\n<p><a href=\"\/fr\/entrainement\/chariots-elevateurs-2\/securite\/\"><img decoding=\"async\" src=\"\/wp-content\/uploads\/2014\/08\/bezp.jpg\" alt=\"\" \/><\/a><\/p>\n<div style=\"width: 300px; font-size: 130%;\"><strong>S\u00e9curit\u00e9<\/strong><br \/>\nR\u00e8gles de fonctionnement s\u00e9curitaire<\/div>\n<p>&nbsp;<\/p>\n<\/div>\n<div style=\"float: left; margin-right: 40px; height: 290px;\">\n<p><a href=\"\/fr\/entrainement\/chariots-elevateurs-2\/construction\/\"><img decoding=\"async\" src=\"\/wp-content\/uploads\/2014\/08\/bud.jpg\" alt=\"\" \/><\/a><\/p>\n<div style=\"width: 300px; font-size: 130%;\"><strong>Construction<\/strong><br \/>\nBase de connaissances pour la construction<\/div>\n<p>&nbsp;<\/p>\n<\/div>\n<\/div>\n<div style=\"text-align: center; font-size: 85%; line-height: 120%;\">\n<div style=\"float: left; margin-right: 40px; height: 290px;\">\n<p><a href=\"\/fr\/entrainement\/chariots-elevateurs-2\/\"><img decoding=\"async\" style=\"width: 300px; height: 225px;\" src=\"\/wp-content\/uploads\/2014\/03\/wozki-widlowe-4.jpeg\" alt=\"\" \/><\/a><\/p>\n<div style=\"width: 300px; font-size: 130%;\"><center><strong>Cours<\/strong><br \/>\nsur chariots \u00e9l\u00e9vateurs<\/center><\/div>\n<p>&nbsp;<\/p>\n<\/div>\n<\/div>\n<\/div>","protected":false},"excerpt":{"rendered":"<p>W sterowaniu w\u00f3zkiem wid\u0142owym, czego uczy nasz kurs, wykorzystuje si\u0119 trzy g\u0142\u00f3wne ruchy \u2013 jest o ruch podnoszenia i opuszczania wide\u0142, nast\u0119pnie ruch przechylania masztu w\u00f3zka do siebie oraz od siebie, a tak\u017ce ruch przesuwania karetki z wid\u0142ami w boki. W przypadku niekt\u00f3rych modeli mo\u017cna tak\u017ce sterowa\u0107 przesuni\u0119ciami wide\u0142 oraz ost\u0119pem pomi\u0119dzy nimi, czyli tak zwanym pozycjonowaniem. Kurs operatora w\u00f3zka wid\u0142owego uczy prawid\u0142owego sterowania urz\u0105dzeniem oraz operowania \u0142adunkiem. Na tej podstawie uczestnik mo\u017ce uzyska\u0107 potem uprawnienia na w\u00f3zki wid\u0142owe. Jednym z kluczowych element\u00f3w szkolenia jest nauka za\u0142adunku oraz roz\u0142adunku palet, na czym polega praca operatora. Prawid\u0142owy za\u0142adunek na w\u00f3zek wid\u0142owy polega na umieszczeniu \u0142adunku na palecie na wyprostowanych wid\u0142ach \u2013 musz\u0105 by\u0107 one u\u0142o\u017cone r\u00f3wnolegle do nawierzchni. Nast\u0119pnie po umieszczeniu \u0142adunku w prawid\u0142owej pozycji jest on podnoszony na wysoko\u015b\u0107 oko\u0142o 30 centymetr\u00f3w, przy czym przechylany masztem w kierunku operatora urz\u0105dzenia. Kolejny krok do dojechanie do miejsca, gdzie \u0142adunek ma by\u0107 umieszczony, podniesienie palety na dan\u0105 wysoko\u015b\u0107, wyprostowanie masztu oraz opuszczenie wide\u0142 o odjechanie spod palety, a na ko\u0144cu kolejne opuszczenie wide\u0142 do danego poziomu. Prawid\u0142owy roz\u0142adunek polega na wykonaniu operacji w odwrotnej kolejno\u015bci. Przy za\u0142adunku i roz\u0142adunku trzeba pami\u0119ta\u0107 jednocze\u015bnie o zasadach prawid\u0142owego manewrowania urz\u0105dzeniem. Zakazane jest poruszanie si\u0119 zbyt szybko, zw\u0142aszcza z ci\u0119\u017ckimi \u0142adunkami, co mo\u017ce spowodowa\u0107 wywr\u00f3cenie si\u0119 w\u00f3zka i zagro\u017cenie dla operatora oraz otoczenia. W zwi\u0105zku z tym kurs w\u00f3zka wid\u0142owego przekazuje tak\u017ce kluczowe informacje na temat bezpiecze\u0144stwa i higieny pracy na stanowisku operatora. Ka\u017cdy kurs na w\u00f3zek wid\u0142owy uczy prawid\u0142owego za\u0142adunku oraz roz\u0142adunku \u0142adunk\u00f3w, zar\u00f3wno w ramach teorii, jak i praktyki, [&hellip;]<\/p>\n","protected":false},"author":1,"featured_media":4496,"parent":17,"menu_order":1,"comment_status":"closed","ping_status":"closed","template":"","meta":{"sfsi_plus_gutenberg_text_before_share":"","sfsi_plus_gutenberg_show_text_before_share":"","sfsi_plus_gutenberg_icon_type":"","sfsi_plus_gutenberg_icon_alignemt":"","sfsi_plus_gutenburg_max_per_row":"","footnotes":""},"class_list":["post-1192","page","type-page","status-publish","has-post-thumbnail","hentry","has_thumb"],"aioseo_notices":[],"_links":{"self":[{"href":"https:\/\/kursy-udt.pl\/fr\/wp-json\/wp\/v2\/pages\/1192","targetHints":{"allow":["GET"]}}],"collection":[{"href":"https:\/\/kursy-udt.pl\/fr\/wp-json\/wp\/v2\/pages"}],"about":[{"href":"https:\/\/kursy-udt.pl\/fr\/wp-json\/wp\/v2\/types\/page"}],"author":[{"embeddable":true,"href":"https:\/\/kursy-udt.pl\/fr\/wp-json\/wp\/v2\/users\/1"}],"replies":[{"embeddable":true,"href":"https:\/\/kursy-udt.pl\/fr\/wp-json\/wp\/v2\/comments?post=1192"}],"version-history":[{"count":7,"href":"https:\/\/kursy-udt.pl\/fr\/wp-json\/wp\/v2\/pages\/1192\/revisions"}],"predecessor-version":[{"id":4498,"href":"https:\/\/kursy-udt.pl\/fr\/wp-json\/wp\/v2\/pages\/1192\/revisions\/4498"}],"up":[{"embeddable":true,"href":"https:\/\/kursy-udt.pl\/fr\/wp-json\/wp\/v2\/pages\/17"}],"wp:featuredmedia":[{"embeddable":true,"href":"https:\/\/kursy-udt.pl\/fr\/wp-json\/wp\/v2\/media\/4496"}],"wp:attachment":[{"href":"https:\/\/kursy-udt.pl\/fr\/wp-json\/wp\/v2\/media?parent=1192"}],"curies":[{"name":"wp","href":"https:\/\/api.w.org\/{rel}","templated":true}]}}