{"id":1190,"date":"2014-08-07T09:27:29","date_gmt":"2014-08-07T09:27:29","guid":{"rendered":"http:\/\/kursy-udt.pl\/?page_id=1190"},"modified":"2022-10-17T10:27:33","modified_gmt":"2022-10-17T10:27:33","slug":"controler","status":"publish","type":"page","link":"https:\/\/kursy-udt.pl\/fr\/szkolenia\/wozkiwidlowe\/sterowanie\/","title":{"rendered":"Commande de chariot \u00e9l\u00e9vateur"},"content":{"rendered":"<div style=\"float: left; padding-right: 10px;\"><img decoding=\"async\" src=\"\/wp-content\/uploads\/2014\/08\/mster.jpg\" alt=\"\" \/><\/div>\n<div class=\"wyjustuj\">\n<p>Les chariots \u00e9l\u00e9vateurs sont largement utilis\u00e9s dans les entrep\u00f4ts, les centres logistiques, les grands magasins, les halls de production ou industriels. Ils permettent de d\u00e9placer facilement des charges plac\u00e9es sur des palettes, tout en acc\u00e9l\u00e9rant le travail et en am\u00e9liorant la s\u00e9curit\u00e9. Pour utiliser ces \u00e9quipements, il faut suivre une formation en <a href=\"https:\/\/kursy-udt.pl\/fr\/szkolenia\/udt-wdt-tdt\/wozki-widlowe-merlo\/\">chariot \u00e9l\u00e9vateur<\/a>au cours duquel le participant acquiert les connaissances th\u00e9oriques et la pratique n\u00e9cessaires sur le lieu de travail de l'op\u00e9rateur.<\/p>\n<p>Le contr\u00f4le du chariot \u00e9l\u00e9vateur consiste \u00e0 contr\u00f4ler le mouvement du v\u00e9hicule et en plus avec le m\u00e2t et les fourches, qui sont responsables du levage et de l&#039;abaissement des charges. La direction est analogue \u00e0 la conduite d&#039;une voiture. Un volant est utilis\u00e9, ainsi que des p\u00e9dales de frein et d&#039;acc\u00e9l\u00e9rateur. Certains mod\u00e8les sont en outre \u00e9quip\u00e9s d&#039;un embrayage. La plupart des v\u00e9hicules ont deux vitesses - lente et rapide, et peuvent avancer et reculer.<\/p>\n<p><a href=\"https:\/\/kursy-udt.pl\/wp-content\/uploads\/2022\/10\/4.webp\"><img loading=\"lazy\" decoding=\"async\" class=\"size-medium wp-image-4494 alignright\" src=\"https:\/\/kursy-udt.pl\/wp-content\/uploads\/2022\/10\/4-300x200.webp\" alt=\"\" width=\"300\" height=\"200\" srcset=\"https:\/\/kursy-udt.pl\/wp-content\/uploads\/2022\/10\/4-300x200.webp 300w, https:\/\/kursy-udt.pl\/wp-content\/uploads\/2022\/10\/4-1024x683.webp 1024w, https:\/\/kursy-udt.pl\/wp-content\/uploads\/2022\/10\/4-768x512.webp 768w, https:\/\/kursy-udt.pl\/wp-content\/uploads\/2022\/10\/4-1536x1024.webp 1536w, https:\/\/kursy-udt.pl\/wp-content\/uploads\/2022\/10\/4-18x12.webp 18w, https:\/\/kursy-udt.pl\/wp-content\/uploads\/2022\/10\/4-624x416.webp 624w, https:\/\/kursy-udt.pl\/wp-content\/uploads\/2022\/10\/4.webp 1600w\" sizes=\"auto, (max-width: 300px) 100vw, 300px\" \/><\/a>Les chariots \u00e9l\u00e9vateurs sont \u00e9galement des appareils maniables et ont un petit rayon de braquage, ce qui les rend tr\u00e8s faciles \u00e0 utiliser entre les racks et dans d&#039;autres espaces \u00e9troits. Les man\u0153uvres sont pr\u00e9cises, mais en raison de leur poids, les v\u00e9hicules doivent \u00e9galement \u00eatre dirig\u00e9s avec pr\u00e9caution, car ils risquent davantage de basculer lorsque la charge est pleine. Il est interdit de man\u0153uvrer \u00e0 grande vitesse et \u00e0 pleine charge. Il enseigne comment contr\u00f4ler correctement l&#039;appareil <u><a href=\"https:\/\/kursy-udt.pl\/fr\/szkolenia\/wozkiwidlowe\/\">cours de conducteur de chariot \u00e9l\u00e9vateur<\/a><\/u>, qui familiarise les participants avec les bonnes r\u00e8gles d&#039;utilisation des appareils.<\/p>\n<p>Afin d'obtenir une licence de chariot \u00e9l\u00e9vateur \u00e0 fourche, qui est d\u00e9livr\u00e9e par l'UDT de Varsovie dans nos cours de <a href=\"https:\/\/kursy-udt.pl\/fr\/o-firmie\/\">Centre de formation du personnel ERGON<\/a> ou \u00e0 travers d&#039;autres unit\u00e9s, il est n\u00e9cessaire de passer un test pratique qui consiste \u00e0 man\u0153uvrer correctement avec et sans charge. Le cours de formation d&#039;op\u00e9rateur de chariot \u00e9l\u00e9vateur compl\u00e9t\u00e9 vous donne le droit d&#039;occuper le poste. Exp\u00e9di\u00e9 <a href=\"https:\/\/kursy-udt.pl\/fr\/uprawnienia-udt\/kategorie-uprawnien-2\/\">Dipl\u00f4mes UDT<\/a> sont valables ind\u00e9finiment et vous autorisent \u00e0 travailler \u00e9galement \u00e0 l&#039;\u00e9tranger.<\/p>\n<div class=\"filmw\">\n<div class=\"responsive-youtube\" style=\"text-align: center;\"><iframe loading=\"lazy\" title=\"Lecteur vid\u00e9o YouTube\" src=\"https:\/\/www.youtube.com\/embed\/dFMZUadVVBM\" width=\"560\" height=\"315\" frameborder=\"0\" allowfullscreen=\"allowfullscreen\"><\/iframe><\/div>\n<\/div>\n<\/div>\n<div class=\"button_styl\" style=\"float: right; padding-left: 15px; padding-bottom: 8px; margin-bottom: 5px;\"><a class=\"myButton myButton_maly\" href=\"https:\/\/platformaedukacji.pl\/login\/signup.php\" target=\"_blank\" rel=\"nofollow noopener\"><span style=\"color: white;\">Inscrivez-vous \u00e0 la formation<\/span><\/a><\/div>\n<div style=\"padding-top: 70px;\">\n<h2>Plus d&#039;information:<\/h2>\n<div style=\"text-align: center; font-size: 85%; line-height: 120%;\">\n<div style=\"float: left; margin-right: 40px; height: 290px;\">\n<p><a href=\"\/fr\/entrainement\/chariots-elevateurs-2\/controler\/\"><img decoding=\"async\" src=\"\/wp-content\/uploads\/2014\/08\/ster.jpg\" alt=\"\" \/><\/a><\/p>\n<div style=\"width: 300px; font-size: 130%;\"><strong>Contr\u00f4ler<\/strong><br \/>\nTechniques de contr\u00f4le correctes<\/div>\n<p>&nbsp;<\/p>\n<\/div>\n<div style=\"float: left; margin-right: 40px; height: 290px;\">\n<p><a href=\"\/fr\/entrainement\/chariots-elevateurs-2\/manutention-des-charges\/\"><img decoding=\"async\" src=\"\/wp-content\/uploads\/2014\/08\/oper.jpg\" alt=\"\" \/><\/a><\/p>\n<div style=\"width: 300px; font-size: 130%;\"><strong>Manutention de charges<\/strong><br \/>\nManipuler un chariot \u00e9l\u00e9vateur charg\u00e9<\/div>\n<p>&nbsp;<\/p>\n<\/div>\n<\/div>\n<div style=\"clear: both;\"><\/div>\n<div style=\"text-align: center; font-size: 85%; line-height: 120%;\">\n<div style=\"float: left; margin-right: 40px; height: 290px;\">\n<p><a href=\"\/fr\/entrainement\/chariots-elevateurs-2\/securite\/\"><img decoding=\"async\" src=\"\/wp-content\/uploads\/2014\/08\/bezp.jpg\" alt=\"\" \/><\/a><\/p>\n<div style=\"width: 300px; font-size: 130%;\"><strong>S\u00e9curit\u00e9<\/strong><br \/>\nR\u00e8gles de fonctionnement s\u00e9curitaire<\/div>\n<p>&nbsp;<\/p>\n<\/div>\n<div style=\"float: left; margin-right: 40px; height: 290px;\">\n<p><a href=\"\/fr\/entrainement\/chariots-elevateurs-2\/construction\/\"><img decoding=\"async\" src=\"\/wp-content\/uploads\/2014\/08\/bud.jpg\" alt=\"\" \/><\/a><\/p>\n<div style=\"width: 300px; font-size: 130%;\"><strong>Construction<\/strong><br \/>\nBase de connaissances pour la construction<\/div>\n<p>&nbsp;<\/p>\n<\/div>\n<\/div>\n<div style=\"text-align: center; font-size: 85%; line-height: 120%;\">\n<div style=\"float: left; margin-right: 40px; height: 290px;\">\n<p><a href=\"\/fr\/entrainement\/chariots-elevateurs-2\/\"><img decoding=\"async\" style=\"width: 300px; height: 225px;\" src=\"\/wp-content\/uploads\/2014\/03\/wozki-widlowe-4.jpeg\" alt=\"\" \/><\/a><\/p>\n<div style=\"width: 300px; font-size: 130%;\"><center><strong>Cours<\/strong><br \/>\nsur chariots \u00e9l\u00e9vateurs<\/center><\/div>\n<p>&nbsp;<\/p>\n<\/div>\n<\/div>\n<\/div>","protected":false},"excerpt":{"rendered":"<p>W\u00f3zki wid\u0142owe znajduj\u0105 szerokie zastosowanie w magazynach, centrach logistycznych, sklepach wielkopowierzchniowych, halach produkcyjnych czy przemys\u0142owych. Umo\u017cliwiaj\u0105 \u0142atwe przenoszenie \u0142adunk\u00f3w umieszczonych na paletach, a przy tym pozwalaj\u0105 na przyspieszenie pracy i poprawiaj\u0105 jej bezpiecze\u0144stwo. Do tego, aby obs\u0142ugiwa\u0107 sprz\u0119t, niezb\u0119dny jest kurs na w\u00f3zek wid\u0142owy, podczas kt\u00f3rego uczestnik uzyskuje niezb\u0119dne wiadomo\u015bci teoretyczne i praktyk\u0119 na stanowisku pracy operatora. Sterowanie w\u00f3zkami wid\u0142owymi polega na sterowaniu ruchem pojazdu oraz dodatkowo masztem i wid\u0142ami, kt\u00f3re odpowiedzialne s\u0105 za podnoszenie i opuszczanie \u0142adunk\u00f3w. Kierowanie jest analogiczne do kierowania samochodem. Stosuje si\u0119 kierownic\u0119, a tak\u017ce peda\u0142y hamulca i gazu. Niekt\u00f3re modele wyposa\u017cone s\u0105 dodatkowo w sprz\u0119g\u0142o. Wi\u0119kszo\u015b\u0107 pojazd\u00f3w ma dwa biegi \u2013 wolny oraz szybszy i potrafi si\u0119 porusza\u0107 w prz\u00f3d oraz w ty\u0142. W\u00f3zki wid\u0142owe s\u0105 przy tym urz\u0105dzeniami zwrotnymi oraz maj\u0105 niewielki promie\u0144 skr\u0119tu, co powoduje, \u017ce bardzo \u0142atwo operuje si\u0119 nimi pomi\u0119dzy rega\u0142ami i w innych w\u0105skich przestrzeniach. Manewry s\u0105 przy tym precyzyjne, niemniej ze wzgl\u0119du na sw\u00f3j ci\u0119\u017car pojazdy musz\u0105 by\u0107 jednocze\u015bnie kierowane ostro\u017cnie, poniewa\u017c przy maksymalnym \u0142adunku s\u0105 one bardziej nara\u017cone na przewr\u00f3cenie. Zakazane jest wykonywanie manewr\u00f3w przy du\u017cej szybko\u015bci i pe\u0142nym za\u0142adunku. Prawid\u0142owego sterowania urz\u0105dzeniem uczy kurs operatora w\u00f3zka wid\u0142owego, kt\u00f3ry zaznajamia uczestnik\u00f3w z prawid\u0142owymi przepisami obs\u0142ugi urz\u0105dze\u0144. Aby uzyska\u0107 uprawnienia na w\u00f3zki wid\u0142owe, kt\u00f3re nadawane s\u0105 przez UDT Warszawa na naszych zaj\u0119ciach w O\u015brodku Doskonalenia Kadr ERGON lub poprzez inne jednostki, konieczne jest zdanie egzaminu praktycznego, kt\u00f3ry polega na prawid\u0142owym wykonaniu manewr\u00f3w bez \u0142adunku oraz wraz z \u0142adunkiem. Zako\u0144czony kurs operatora w\u00f3zka wid\u0142owego uprawnia do pracy na stanowisku. Nadane uprawnienia UDT s\u0105 wa\u017cne bezterminowo [&hellip;]<\/p>\n","protected":false},"author":1,"featured_media":4494,"parent":17,"menu_order":0,"comment_status":"closed","ping_status":"closed","template":"","meta":{"sfsi_plus_gutenberg_text_before_share":"","sfsi_plus_gutenberg_show_text_before_share":"","sfsi_plus_gutenberg_icon_type":"","sfsi_plus_gutenberg_icon_alignemt":"","sfsi_plus_gutenburg_max_per_row":"","footnotes":""},"class_list":["post-1190","page","type-page","status-publish","has-post-thumbnail","hentry","has_thumb"],"aioseo_notices":[],"_links":{"self":[{"href":"https:\/\/kursy-udt.pl\/fr\/wp-json\/wp\/v2\/pages\/1190","targetHints":{"allow":["GET"]}}],"collection":[{"href":"https:\/\/kursy-udt.pl\/fr\/wp-json\/wp\/v2\/pages"}],"about":[{"href":"https:\/\/kursy-udt.pl\/fr\/wp-json\/wp\/v2\/types\/page"}],"author":[{"embeddable":true,"href":"https:\/\/kursy-udt.pl\/fr\/wp-json\/wp\/v2\/users\/1"}],"replies":[{"embeddable":true,"href":"https:\/\/kursy-udt.pl\/fr\/wp-json\/wp\/v2\/comments?post=1190"}],"version-history":[{"count":11,"href":"https:\/\/kursy-udt.pl\/fr\/wp-json\/wp\/v2\/pages\/1190\/revisions"}],"predecessor-version":[{"id":4495,"href":"https:\/\/kursy-udt.pl\/fr\/wp-json\/wp\/v2\/pages\/1190\/revisions\/4495"}],"up":[{"embeddable":true,"href":"https:\/\/kursy-udt.pl\/fr\/wp-json\/wp\/v2\/pages\/17"}],"wp:featuredmedia":[{"embeddable":true,"href":"https:\/\/kursy-udt.pl\/fr\/wp-json\/wp\/v2\/media\/4494"}],"wp:attachment":[{"href":"https:\/\/kursy-udt.pl\/fr\/wp-json\/wp\/v2\/media?parent=1190"}],"curies":[{"name":"wp","href":"https:\/\/api.w.org\/{rel}","templated":true}]}}