{"id":75,"date":"2014-02-12T13:52:58","date_gmt":"2014-02-12T13:52:58","guid":{"rendered":"http:\/\/kursy-udt.kwiaty0.pl\/?page_id=75"},"modified":"2023-02-14T12:32:00","modified_gmt":"2023-02-14T11:32:00","slug":"mobile-platforms","status":"publish","type":"page","link":"https:\/\/kursy-udt.pl\/en\/szkolenia\/podesty-ruchome\/","title":{"rendered":"Trainings for mobile platforms"},"content":{"rendered":"<p><img loading=\"lazy\" decoding=\"async\" class=\"paddingleft10 alignleft wp-image-630\" src=\"https:\/\/kursy-udt.pl\/wp-content\/uploads\/2014\/04\/10-pokaz.jpeg\" alt=\"\" width=\"200\" height=\"150\" \/>At the ERGON Personnel Development Centre we conduct <a href=\"https:\/\/kursy-udt.pl\/en\/szkolenia\/udt-wdt-tdt\/uprawnienia-podesty-ruchome\/\">course for mobile platforms<\/a>which is designed for workers who wish to receive <a href=\"https:\/\/kursy-udt.pl\/en\/uprawnienia-udt\/kategorie-uprawnien-2\/\">entitlements<\/a> UDT. Increasingly, mobile platforms are being used on construction sites and in assembly work, and training is essential in order to be able to operate them professionally. In our training offer, you can find courses for mobile platforms in categories I P and II P, including: mast and mobile platforms: free and mobile self-propelled, basket lifts and scissor lifts. They allow you to obtain the necessary authorisations to work with all types of this equipment.<\/p>\n<div class=\"wyjustuj\">\n<p>The training courses provided by our Centre cover a wide range of theoretical knowledge and practice. Each course on mobile platforms is divided into sections that incorporate detailed information on the workstation and regulations <a href=\"https:\/\/kursy-udt.pl\/en\/szkolenia\/bhp-bezpieczenstwo-pracy\/prawna-ochrona-pracy\/\">Health and Safety<\/a> and technical supervision regulations, construction, maintenance and operation of the equipment. At the end of the class, you can take the UDT exam to obtain a licence for mobile platforms.<\/p>\n<div class=\"filmw\">\n<div class=\"responsive-youtube\" style=\"text-align: center;\"><iframe loading=\"lazy\" title=\"YouTube video player\" src=\"https:\/\/www.youtube.com\/embed\/sadG__ZRQI8\" width=\"560\" height=\"315\" frameborder=\"0\" allowfullscreen=\"allowfullscreen\"><\/iframe><\/div>\n<\/div>\n<h2><strong>Types of permissions<\/strong><\/h2>\n<p>The training we provide helps you to obtain the following UDT qualifications:<\/p>\n<p><strong>IP category permissions:<\/strong><\/p>\n<ul>\n<li>mobile, slow-moving (scissor lifts)<\/li>\n<\/ul>\n<div style=\"height: 230px; float: left; margin-right: 25px;\"><img decoding=\"async\" src=\"\/wp-content\/uploads\/2014\/04\/pion-2-podesty-ruchome.jpg\" alt=\"course for mobile mobile platforms\" \/><\/div>\n<div style=\"height: 230px; float: left; margin-right: 25px;\"><img decoding=\"async\" src=\"\/wp-content\/uploads\/2014\/04\/pion-4-kurs-na-podesty-ruchome.jpg\" alt=\"Ergon stationary mobile platforms\" \/><\/div>\n<div style=\"height: 230px; float: left; margin-right: 25px;\"><img decoding=\"async\" src=\"\/wp-content\/uploads\/2014\/04\/pion-1-podesty.jpg\" alt=\"Ergon Warsaw\" \/><\/div>\n<div style=\"height: 230px; float: left; margin-right: 25px;\"><img decoding=\"async\" src=\"\/wp-content\/uploads\/2014\/04\/pion-3-podest-zdjecie.jpg\" alt=\"scissor lifts and aerial platforms\" \/><\/div>\n<div style=\"clear: both;\"><\/div>\n<ul>\n<li>self-propelled (aerial platforms)<\/li>\n<li>transportable (spiders attached to the car)<\/li>\n<\/ul>\n<div style=\"height: 180px; float: left; margin-right: 20px;\"><img decoding=\"async\" src=\"\/wp-content\/uploads\/2014\/04\/09-slajd.jpeg\" alt=\"training for platforms - IP category\" \/><\/div>\n<div style=\"height: 180px; float: left; margin-right: 20px;\"><img decoding=\"async\" src=\"\/wp-content\/uploads\/2014\/04\/07-podesty-ruchome-udt.jpeg\" alt=\"courses for UDT qualifications\" \/><\/div>\n<div style=\"height: 180px; float: left; margin-right: 20px;\"><img decoding=\"async\" src=\"\/wp-content\/uploads\/2014\/04\/06-fotografia.jpeg\" alt=\"Ergon Warsaw\" \/><\/div>\n<div style=\"clear: both;\"><\/div>\n<p><strong>II P qualifications:<\/strong><\/p>\n<ul>\n<li>hanging<\/li>\n<li>stationary<\/li>\n<li>masthead<\/li>\n<\/ul>\n<div style=\"height: 180px; float: left; margin-right: 20px;\"><img decoding=\"async\" src=\"\/wp-content\/uploads\/2014\/04\/3-pic.jpg\" alt=\"\" \/><\/div>\n<div style=\"height: 180px; float: left; margin-right: 20px;\"><img decoding=\"async\" src=\"\/wp-content\/uploads\/2014\/04\/2-zdjecie.jpg\" alt=\"Ergon training and courses\" \/><\/div>\n<div style=\"height: 180px; float: left; margin-right: 20px;\"><img decoding=\"async\" src=\"\/wp-content\/uploads\/2014\/04\/1-foto.jpg \" alt=\"\" \/><\/div>\n<div style=\"clear: both;\"><\/div>\n<div style=\"width: 640px;\" class=\"wp-video\"><video id=\"video-75-1\" width=\"640\" height=\"360\" poster=\"https:\/\/kursy-udt.pl\/wp-content\/uploads\/2023\/02\/20230127_031102_0000.jpg\" preload=\"metadata\" controls=\"controls\"><source type=\"video\/mp4\" src=\"https:\/\/kursy-udt.pl\/wp-content\/uploads\/2023\/02\/ACCEPTED-operator-podestow-4K-kursy-udt.mp4?_=1\" \/><a href=\"https:\/\/kursy-udt.pl\/wp-content\/uploads\/2023\/02\/ACCEPTED-operator-podestow-4K-kursy-udt.mp4\">https:\/\/kursy-udt.pl\/wp-content\/uploads\/2023\/02\/ACCEPTED-operator-podestow-4K-kursy-udt.mp4<\/a><\/video><\/div>\n<h3><strong>Application<\/strong><\/h3>\n<p>Mobile platforms are included in the category of lifting devices. They are intended for lifting materials and people to a given height with the use of a platform or gondola, which are suspended on a tractor or lifted on a hoist. We divide platforms into stationary (located at one point) and self-propelled (moving, for example attached to a car). All types of devices are subject to technical inspection.<\/p>\n<p>The mobile landing device is used primarily during construction, finishing, installation and decoration works at heights. They are also used in the advertising industry, in cleaning works and many other areas, when it is necessary to raise an employee, equipment or material to a given height. There are various mobile platforms in use, permissions are needed for each type of device.<\/p>\n<h3><strong>Purpose of the training<\/strong><\/h3>\n<p>The training may be attended by people over 18 years of age, having at least basic education and having no medical contraindications for working as an operator.<\/p>\n<p>Training for mobile platforms authorizes the employee to operate the device on the basis of the knowledge and skills acquired by him in accordance with a given category of authorization to a degree that guarantees safe operation. The classes prepare you for the UDT exam, after which you pass the exam, you can be authorized to operate the device.<\/p>\n<p>We invite you to take advantage of our offer, the courses are conducted regularly and can also be realised at a place and date indicated by the client. Prices can be negotiated. We encourage you to gain qualifications with our centre!<\/p>\n<\/div>\n<p>&nbsp;<\/p>\n<div class=\"button_styl\" style=\"float: right; padding-left: 15px; padding-bottom: 8px; margin-bottom: 5px;\"><a class=\"myButton myButton_maly\" href=\"https:\/\/platformaedukacji.pl\/login\/signup.php\" target=\"_blank\" rel=\"nofollow noopener noreferrer\"><span style=\"color: white;\">Sign up for training<\/span><\/a><\/div>\n<div style=\"padding-top: 70px;\">\n<h2>More information:<\/h2>\n<div style=\"text-align: center; font-size: 85%; line-height: 120%;\">\n<div style=\"float: left; margin-right: 40px; height: 290px;\">\n<p><a href=\"\/en\/training\/mobile-platforms\/orders-and-prohibitions\/\"><img decoding=\"async\" src=\"\/wp-content\/uploads\/2014\/08\/nakazy-zakazy.jpg\" alt=\"\" \/><\/a><\/p>\n<div style=\"width: 300px; font-size: 130%;\"><strong>Do&#039;s and Don&#039;ts<\/strong><\/div>\n<p>&nbsp;<\/p>\n<\/div>\n<div style=\"float: left; margin-right: 40px; height: 290px;\">\n<p><a href=\"\/en\/training\/mobile-platforms\/working-in-the-vicinity-of-power-lines\/\"><img decoding=\"async\" src=\"\/wp-content\/uploads\/2014\/08\/linie-energetyczne.jpg\" alt=\"\" \/><\/a><\/p>\n<div style=\"width: 300px; font-size: 130%;\"><strong>Work near power lines <\/strong><\/div>\n<p>&nbsp;<\/p>\n<\/div>\n<\/div>\n<div style=\"clear: both;\"><\/div>\n<div style=\"text-align: center; font-size: 85%; line-height: 120%;\">\n<div style=\"float: left; margin-right: 40px; height: 290px;\">\n<p><a href=\"\/en\/training\/mobile-platforms\/safety-procedures\/\"><img decoding=\"async\" src=\"\/wp-content\/uploads\/2014\/08\/bezpieczenstwo.jpg\" alt=\"\" \/><\/a><\/p>\n<div style=\"width: 300px; font-size: 130%;\"><strong>Security<\/strong><\/div>\n<p>&nbsp;<\/p>\n<\/div>\n<div style=\"float: left; margin-right: 40px; height: 290px;\">\n<p><a href=\"\/en\/training\/mobile-platforms\/surface-preparation\/\"><img decoding=\"async\" src=\"\/wp-content\/uploads\/2014\/08\/wypadek.jpg\" alt=\"\" \/><\/a><\/p>\n<div style=\"width: 300px; font-size: 130%;\"><strong>Surface preparation<\/strong><\/div>\n<p>&nbsp;<\/p>\n<\/div>\n<\/div>\n<div style=\"clear: both;\"><\/div>\n<div style=\"text-align: center; font-size: 85%; line-height: 120%;\">\n<div style=\"float: left; margin-right: 40px; height: 290px;\">\n<p><a href=\"\/en\/training\/mobile-platforms\/safety-in-tree-care\/\"><img decoding=\"async\" src=\"\/wp-content\/uploads\/2016\/09\/drzewa.png\" alt=\"\" \/><\/a><\/p>\n<div style=\"width: 300px; font-size: 130%;\"><strong>Safety in the care of trees<\/strong><\/div>\n<p>&nbsp;<\/p>\n<\/div>\n<div style=\"float: left; margin-right: 40px; height: 290px;\">\n<p><a href=\"\/en\/training\/mobile-platforms\/\"><img decoding=\"async\" style=\"width: 300px; height: 225px;\" src=\"\/wp-content\/uploads\/2014\/04\/10-pokaz.jpeg\" alt=\"\" \/><\/a><\/p>\n<div style=\"width: 300px; font-size: 130%;\"><strong>Trainings for mobile platforms<\/strong><\/div>\n<p>&nbsp;<\/p>\n<\/div>\n<\/div>\n<\/div>\n<p><a href=\"https:\/\/kursy-udt.pl\/wp-content\/uploads\/2022\/12\/PODESTY-RUCHOME-kursy-udt.pl_.png\"><img loading=\"lazy\" decoding=\"async\" class=\"aligncenter wp-image-4531\" src=\"https:\/\/kursy-udt.pl\/wp-content\/uploads\/2022\/12\/PODESTY-RUCHOME-kursy-udt.pl_-300x188.png\" alt=\"\" width=\"750\" height=\"469\" srcset=\"https:\/\/kursy-udt.pl\/wp-content\/uploads\/2022\/12\/PODESTY-RUCHOME-kursy-udt.pl_-300x188.png 300w, https:\/\/kursy-udt.pl\/wp-content\/uploads\/2022\/12\/PODESTY-RUCHOME-kursy-udt.pl_-1024x640.png 1024w, https:\/\/kursy-udt.pl\/wp-content\/uploads\/2022\/12\/PODESTY-RUCHOME-kursy-udt.pl_-768x480.png 768w, https:\/\/kursy-udt.pl\/wp-content\/uploads\/2022\/12\/PODESTY-RUCHOME-kursy-udt.pl_-18x12.png 18w, https:\/\/kursy-udt.pl\/wp-content\/uploads\/2022\/12\/PODESTY-RUCHOME-kursy-udt.pl_-624x390.png 624w, https:\/\/kursy-udt.pl\/wp-content\/uploads\/2022\/12\/PODESTY-RUCHOME-kursy-udt.pl_.png 1200w\" sizes=\"auto, (max-width: 750px) 100vw, 750px\" \/><\/a><\/p>","protected":false},"excerpt":{"rendered":"<p>W O\u015brodku Doskonalenia Kadr ERGON prowadzimy kurs na podesty ruchome, kt\u00f3ry przeznaczony jest dla pracownik\u00f3w chc\u0105cych otrzyma\u0107 uprawnienia UDT. Na budowach oraz przy pracach monta\u017cowych coraz cz\u0119\u015bciej u\u017cywane s\u0105 podesty ruchome, szkolenia s\u0105 niezb\u0119dne do tego, aby m\u00f3c je obs\u0142ugiwa\u0107 profesjonalnie. W naszej ofercie szkoleniowej znajd\u0105 Pa\u0144stwo kursy na podesty ruchome w kategorii I P oraz II P w tym: masztowe oraz podesty ruchome przejezdne: wolnobie\u017cne i przewo\u017ane samojezdne, podno\u015bniki koszowe i podno\u015bniki no\u017cycowe. Pozwalaj\u0105 one uzyska\u0107 niezb\u0119dne uprawnienia do pracy z wszystkimi typami tych urz\u0105dze\u0144. Prowadzone przez nasz O\u015brodek szkolenia obejmuj\u0105 szeroki zakres wiedzy teoretycznej i praktyk\u0119. Ka\u017cdy kurs na podesty ruchome jest podzielony na dzia\u0142y, kt\u00f3re w\u0142\u0105czaj\u0105 szczeg\u00f3\u0142owe informacje na temat stanowiska roboczego i przepis\u00f3w BHP oraz przepis\u00f3w dozoru technicznego, budowy, konserwacji i obs\u0142ugi urz\u0105dzenia. Po zako\u0144czeniu zaj\u0119\u0107 mo\u017cna podej\u015b\u0107 do egzaminu UDT, aby uzyska\u0107 uprawnienia na podesty ruchome. Rodzaje uprawnie\u0144 Prowadzone przez nas szkolenia pomagaj\u0105 w zdobyciu nast\u0119puj\u0105cych uprawnie\u0144 UDT: Uprawnienia kat. I P: przejezdne wolnobie\u017cne (podno\u015bniki no\u017cycowe) samojezdne (podno\u015bniki koszowe) przewo\u017ane (paj\u0105ki podczepiane pod samoch\u00f3d) Uprawnienia kat. II P: wisz\u0105ce stacjonarne masztowe Zastosowanie Podesty ruchome zaliczane s\u0105 do kategorii urz\u0105dze\u0144 d\u017awignicowych. S\u0105 one przeznaczone do podnoszenia materia\u0142\u00f3w oraz os\u00f3b na dan\u0105 wysoko\u015b\u0107 przy u\u017cyciu platformy albo gondoli, kt\u00f3re zawieszone s\u0105 na ci\u0119gniku albo podnoszone s\u0105 na d\u017awigniku. Podesty dzielimy na stacjonarne (znajduj\u0105ce si\u0119 w jednym punkcie) oraz samobie\u017cne (poruszaj\u0105ce si\u0119, na przyk\u0142ad przyczepione do samochodu). Wszystkie typy urz\u0105dze\u0144 podlegaj\u0105 dozorowi technicznemu. Urz\u0105dzenie podest ruchomy wykorzystuje si\u0119 przede wszystkim podczas prac budowlanych, prac wyko\u0144czeniowych, instalacyjnych, dekoratorskich na wysoko\u015bciach. Tak\u017ce znajduj\u0105 zastosowanie w [&hellip;]<\/p>\n","protected":false},"author":1,"featured_media":3424,"parent":65,"menu_order":0,"comment_status":"closed","ping_status":"closed","template":"","meta":{"sfsi_plus_gutenberg_text_before_share":"","sfsi_plus_gutenberg_show_text_before_share":"","sfsi_plus_gutenberg_icon_type":"","sfsi_plus_gutenberg_icon_alignemt":"","sfsi_plus_gutenburg_max_per_row":"","footnotes":""},"class_list":["post-75","page","type-page","status-publish","has-post-thumbnail","hentry","has_thumb"],"aioseo_notices":[],"_links":{"self":[{"href":"https:\/\/kursy-udt.pl\/en\/wp-json\/wp\/v2\/pages\/75","targetHints":{"allow":["GET"]}}],"collection":[{"href":"https:\/\/kursy-udt.pl\/en\/wp-json\/wp\/v2\/pages"}],"about":[{"href":"https:\/\/kursy-udt.pl\/en\/wp-json\/wp\/v2\/types\/page"}],"author":[{"embeddable":true,"href":"https:\/\/kursy-udt.pl\/en\/wp-json\/wp\/v2\/users\/1"}],"replies":[{"embeddable":true,"href":"https:\/\/kursy-udt.pl\/en\/wp-json\/wp\/v2\/comments?post=75"}],"version-history":[{"count":103,"href":"https:\/\/kursy-udt.pl\/en\/wp-json\/wp\/v2\/pages\/75\/revisions"}],"predecessor-version":[{"id":4762,"href":"https:\/\/kursy-udt.pl\/en\/wp-json\/wp\/v2\/pages\/75\/revisions\/4762"}],"up":[{"embeddable":true,"href":"https:\/\/kursy-udt.pl\/en\/wp-json\/wp\/v2\/pages\/65"}],"wp:featuredmedia":[{"embeddable":true,"href":"https:\/\/kursy-udt.pl\/en\/wp-json\/wp\/v2\/media\/3424"}],"wp:attachment":[{"href":"https:\/\/kursy-udt.pl\/en\/wp-json\/wp\/v2\/media?parent=75"}],"curies":[{"name":"wp","href":"https:\/\/api.w.org\/{rel}","templated":true}]}}