{"id":71,"date":"2014-02-12T13:46:12","date_gmt":"2014-02-12T13:46:12","guid":{"rendered":"http:\/\/kursy-udt.kwiaty0.pl\/?page_id=71"},"modified":"2021-07-07T22:42:20","modified_gmt":"2021-07-07T22:42:20","slug":"regulations","status":"publish","type":"page","link":"https:\/\/kursy-udt.pl\/en\/uprawnienia-udt\/przepisy\/","title":{"rendered":"Recipes"},"content":{"rendered":"<div class=\"wyjustuj\">\n<p><em><strong>The Act of December 21, 2000<\/strong> on technical supervision (Journal of Laws of 2013, item 963, as amended)<\/em><\/p>\n<p>The Act specifies the principles, forms and scope of technical supervision by the units competent for this purpose. It is one of the basic acts related to the activities of the Office of Technical Inspection, which includes all information related to the conduct of works in the field of technical inspection in Poland, including procedures for granting permissions by the Office of Technical Inspection, admission to use of technical devices and their manufacturing design, including manufacturing of materials and components, repairs, modernization and marketing.<\/p>\n<p>&nbsp;<\/p>\n<p><em><strong>Regulation of the Council of Ministers of December 7, 2012.<\/strong> on the types of technical devices subject to technical inspection (Journal of Laws of 2012 No. 0 item 1468), issued pursuant to Art. 5 sec. 2 of the act on technical inspection.<\/em><\/p>\n<p>It specifies the types of devices that are subject to technical inspection in Poland. The regulation specifies the forms of technical inspection, types, dates of technical tests and the scope of tests for specific technical devices used during works, including pressure equipment, handling equipment, jacks, cabin and chair conveyors, non-pressure and low-pressure tanks intended for the storage of poisonous or corrosive materials and flammable liquids.<\/p>\n<p>&nbsp;<\/p>\n<p><em><strong>Regulation of the Minister of Economy of July 18, 2001.<\/strong> on the procedure for checking the qualifications required for the operation and maintenance of technical devices (Journal of Laws No. 79, item 849), amended by the ordinance of February 20, 2003 (Journal of Laws No. 50, item 426), issued on the basis of art. 23 sec. 5 of the act on technical inspection.<\/em><\/p>\n<p>The regulation specifies the methods of checking qualifications that are required during the operation and maintenance of technical devices, types of technical devices for the operation and maintenance of which qualifications are required, and also contains a template of an application for checking qualifications along with information related to its individual entries, deadlines for notifying persons interested. Information relating to the examination to be received is also provided <a href=\"https:\/\/kursy-udt.pl\/en\/uprawnienia-udt\/kategorie-uprawnien-2\/\">UDT qualifications<\/a> for the operation and maintenance of technical devices.<\/p>\n<p>&nbsp;<\/p>\n<p><em><strong>Regulation of the Minister of Entrepreneurship and Technology of October 30, 2018<\/strong> on technical conditions of technical inspection in the field of operation, repair and modernization of handling equipment (Journal of Laws 2018, item 2176)<\/em><\/p>\n<p>The regulation contains information defining the technical supervision conditions for the operation of handling equipment such as winches and hoists, cranes, stacker cranes and cranes, <a href=\"https:\/\/kursy-udt.pl\/en\/szkolenia\/udt-wdt-tdt\/wyciagi-towarowe-kurs\/\">goods lifts<\/a>, escalators, installations for disabled persons, cabin and platform hoists, stairways and moving walkways, lifts, including those for the transport of persons, goods, small and <a href=\"https:\/\/kursy-udt.pl\/en\/szkolenia\/udt-wdt-tdt\/operowanie-dzwigami\/\">building cranes<\/a>, linotor cranes, <a href=\"https:\/\/kursy-udt.pl\/en\/szkolenia\/wozkiwidlowe\/\">forklift trucks<\/a>, jacks designed to move non-linear loads and technical devices for container manipulation.<\/p>\n<p>&nbsp;<\/p>\n<p><em><strong>Regulation of the Minister of Economy of December 28, 2001.<\/strong> on the technical conditions of technical inspection to be met by the jacks (Journal of Laws No. 4, item 43).<\/em><\/p>\n<p>The document defines the detailed technical conditions for carrying out technical inspection for the design, manufacture and operation of manually and mechanically powered jacks, also intended for the straight-line movement of loads vertically with the use of a rigid element, with partial use of the tensioning system. It also specifies elements of jacks, the replacement of which does not require agreement with technical inspection units, safety factors and maximum actuating forces, formulas and calculation factors.<\/p>\n<\/div>\n<p>Also read about <a href=\"\/en\/udt-entitlements\/categories-of-authorisations\/\">categories of UDT licenses<\/a>!<\/p>","protected":false},"excerpt":{"rendered":"<p>Ustawa z dnia 21 grudnia 2000 r. o dozorze technicznym (Dz.U. z 2013, poz. 963 z p\u00f3\u017an. zm.) Ustawa okre\u015bla zasady, formy oraz zakres wykonywania dozoru technicznego przez jednostki do tego w\u0142a\u015bciwe. Jest to jedna z podstawowych ustaw zwi\u0105zana z dzia\u0142alno\u015bci\u0105 Urz\u0119du Dozoru Technicznego, kt\u00f3ra w\u0142\u0105cza wszystkie informacje zwi\u0105zane z prowadzeniem prac w zakresie dozoru technicznego w Polsce, w tym procedur nadawania uprawnie\u0144 przez Urz\u0105d Dozoru Technicznego, dopuszczenia do eksploatacji urz\u0105dze\u0144 technicznych oraz ich projektowania wytwarzania, w tym wywarzania materia\u0142\u00f3w i element\u00f3w, napraw, modernizacji i obrotu. &nbsp; Rozporz\u0105dzenie Rady Ministr\u00f3w z dnia 7 grudnia 2012 r. w sprawie rodzaj\u00f3w urz\u0105dze\u0144 technicznych podlegaj\u0105cych dozorowi technicznemu (Dz. U. 2012 nr 0 poz. 1468), wydane na podstawie art. 5 ust. 2 ustawy o dozorze technicznym. Okre\u015bla ono typy urz\u0105dze\u0144, kt\u00f3re podlegaj\u0105 dozorowi technicznemu w Polsce. Rozporz\u0105dzenie okre\u015bla formy dozoru technicznego, rodzaje, terminy bada\u0144 technicznych oraz zakres bada\u0144 dla konkretnych urz\u0105dze\u0144 technicznych wykorzystywanych podczas prac, w tym urz\u0105dze\u0144 ci\u015bnieniowych, urz\u0105dze\u0144 transportu bliskiego, d\u017awignik\u00f3w, przeno\u015bnik\u00f3w kabinowych i krzese\u0142kowych, zbiornik\u00f3w bezci\u015bnieniowych i niskoci\u015bnieniowych przeznaczonych do magazynowania materia\u0142\u00f3w truj\u0105cych lub \u017cr\u0105cych oraz materia\u0142\u00f3w ciek\u0142ych zapalnych. &nbsp; Rozporz\u0105dzenie Ministra Gospodarki z dnia 18 lipca 2001 r. w sprawie trybu sprawdzania kwalifikacji wymaganych przy obs\u0142udze i konserwacji urz\u0105dze\u0144 technicznych (Dz.U. Nr 79, poz. 849), zmienione rozporz\u0105dzeniem z dnia 20 lutego 2003 r.(Dz. U. Nr 50, poz. 426), wydane na podstawie art. 23 ust. 5 ustawy o dozorze technicznym. Rozporz\u0105dzenie okre\u015bla tryby sprawdzania kwalifikacji, kt\u00f3re wymagane s\u0105 podczas obs\u0142ugi i konserwacji urz\u0105dze\u0144 technicznych, rodzaje urz\u0105dze\u0144 technicznych, do kt\u00f3rych obs\u0142ugi i konserwacji potrzebne jest posiadanie kwalifikacji, [&hellip;]<\/p>\n","protected":false},"author":1,"featured_media":0,"parent":2,"menu_order":0,"comment_status":"closed","ping_status":"closed","template":"","meta":{"sfsi_plus_gutenberg_text_before_share":"","sfsi_plus_gutenberg_show_text_before_share":"","sfsi_plus_gutenberg_icon_type":"","sfsi_plus_gutenberg_icon_alignemt":"","sfsi_plus_gutenburg_max_per_row":"","footnotes":""},"class_list":["post-71","page","type-page","status-publish","hentry","has_no_thumb"],"aioseo_notices":[],"_links":{"self":[{"href":"https:\/\/kursy-udt.pl\/en\/wp-json\/wp\/v2\/pages\/71","targetHints":{"allow":["GET"]}}],"collection":[{"href":"https:\/\/kursy-udt.pl\/en\/wp-json\/wp\/v2\/pages"}],"about":[{"href":"https:\/\/kursy-udt.pl\/en\/wp-json\/wp\/v2\/types\/page"}],"author":[{"embeddable":true,"href":"https:\/\/kursy-udt.pl\/en\/wp-json\/wp\/v2\/users\/1"}],"replies":[{"embeddable":true,"href":"https:\/\/kursy-udt.pl\/en\/wp-json\/wp\/v2\/comments?post=71"}],"version-history":[{"count":10,"href":"https:\/\/kursy-udt.pl\/en\/wp-json\/wp\/v2\/pages\/71\/revisions"}],"predecessor-version":[{"id":3413,"href":"https:\/\/kursy-udt.pl\/en\/wp-json\/wp\/v2\/pages\/71\/revisions\/3413"}],"up":[{"embeddable":true,"href":"https:\/\/kursy-udt.pl\/en\/wp-json\/wp\/v2\/pages\/2"}],"wp:attachment":[{"href":"https:\/\/kursy-udt.pl\/en\/wp-json\/wp\/v2\/media?parent=71"}],"curies":[{"name":"wp","href":"https:\/\/api.w.org\/{rel}","templated":true}]}}