{"id":69,"date":"2014-02-12T13:45:46","date_gmt":"2014-02-12T13:45:46","guid":{"rendered":"http:\/\/kursy-udt.kwiaty0.pl\/?page_id=69"},"modified":"2019-12-17T16:32:35","modified_gmt":"2019-12-17T16:32:35","slug":"categories-of-authorisations","status":"publish","type":"page","link":"https:\/\/kursy-udt.pl\/en\/uprawnienia-udt\/kategorie-uprawnien\/","title":{"rendered":"Permission categories before 01\/06\/2019"},"content":{"rendered":"<div style=\"width: 60%; margin-left: 40px;\">\n<table border=\"2\" cellspacing=\"1\" cellpadding=\"1\">\n<tbody>\n<tr>\n<td><strong>Group<\/strong><\/td>\n<td><strong>Categories<\/strong><\/td>\n<td><strong>The scope of the authorization<\/strong><\/td>\n<td><strong>Detailed scope<\/strong><\/td>\n<\/tr>\n<tr>\n<td rowspan=\"2\">\n<h2><a title=\"Tractor units\" href=\"\/en\/carpenters\/\"><strong>Tractor units<\/strong><\/a><\/h2>\n<\/td>\n<td>II W<\/td>\n<td><strong>Hoists and winches<\/strong> controlled<br \/>\nfrom the working level and the cranes<br \/>\nstationary workshop.<\/td>\n<td>- general purpose hook lifts,<br \/>\n- special:<\/p>\n<ul>\n<li>forging,<\/li>\n<li>hardening,<\/li>\n<li>pouring,<\/li>\n<li>grapple,<\/li>\n<li>grapple,<\/li>\n<li>other.<\/li>\n<\/ul>\n<\/td>\n<\/tr>\n<tr>\n<td>\u00a0IW<\/td>\n<td>Controlled hoists and winches<br \/>\nfrom the working level or from the cab<br \/>\nand stationary workshop cranes<\/td>\n<td>- general purpose hook lifts,<br \/>\n- special:<\/p>\n<ul>\n<li>forging,<\/li>\n<li>hardening,<\/li>\n<li>pouring,<\/li>\n<li>grapple,<\/li>\n<li>grapple,<\/li>\n<li>other.<\/li>\n<\/ul>\n<\/td>\n<\/tr>\n<tr>\n<td rowspan=\"2\">\n<h2><a title=\"Cranes\" href=\"\/en\/cranes\/\"><strong>Cranes<\/strong><\/a><\/h2>\n<\/td>\n<td>\u00a0II S.<\/td>\n<td><strong>Cranes<\/strong>, hoists and winches controlled from the working level and stationary workshop cranes<\/td>\n<td>- general purpose hook lifts,<br \/>\n- special:<\/p>\n<ul>\n<li>pile drivers,<\/li>\n<li>columnar,<\/li>\n<li>forging,<\/li>\n<li>paws,<\/li>\n<li>ticks,<\/li>\n<li>stringer,<\/li>\n<li>batch,<\/li>\n<li>hardening,<\/li>\n<li>pouring,<\/li>\n<li>grapple,<\/li>\n<li>grapple,<\/li>\n<li>traverse,<\/li>\n<li>other.<\/li>\n<\/ul>\n<\/td>\n<\/tr>\n<tr>\n<td>\u00a0IS<\/td>\n<td>Cranes, hoists and winches controlled from the working level or from the cabin, and stationary workshop cranes<\/td>\n<td>- general purpose hook lifts,<br \/>\n- special:<\/p>\n<ul>\n<li>pile drivers,<\/li>\n<li>columnar,<\/li>\n<li>forging,<\/li>\n<li>paws,<\/li>\n<li>ticks,<\/li>\n<li>stringer,<\/li>\n<li>batch,<\/li>\n<li>hardening,<\/li>\n<li>pouring,<\/li>\n<li>grapple,<\/li>\n<li>grapple,<\/li>\n<li>traverse,<\/li>\n<li>other.<\/li>\n<\/ul>\n<\/td>\n<\/tr>\n<tr>\n<td rowspan=\"3\">\n<h2><a title=\"Cranes\" href=\"\/en\/cranes-3\/\"><strong>Cranes<\/strong><\/a><\/h2>\n<\/td>\n<td>\u00a0II \u017b<\/td>\n<td><strong>Cranes<\/strong> :<\/p>\n<ul>\n<li>stationary,<\/li>\n<li>transportable,<\/li>\n<li>portable<\/li>\n<li>self-propelled,<\/li>\n<\/ul>\n<\/td>\n<td>\n<ul>\n<li>Types of devices, types of devices,<br \/>\ncapacity limitation.<\/li>\n<\/ul>\n<\/td>\n<\/tr>\n<tr>\n<td rowspan=\"2\">\u00a0And \u017b<\/td>\n<td>\u00a0Cranes:<\/p>\n<ul>\n<li>tower and quick assembly.<\/li>\n<\/ul>\n<\/td>\n<td>Types of devices:<\/p>\n<ul>\n<li>construction<\/li>\n<li>other, types of devices,<br \/>\ncapacity limitation.<\/li>\n<\/ul>\n<\/td>\n<\/tr>\n<tr>\n<td>\n<ul>\n<li>rail.<\/li>\n<\/ul>\n<\/td>\n<td>Types of devices:<\/p>\n<ul>\n<li>shipbuilding<\/li>\n<li>other, capacity limitation. .<\/li>\n<\/ul>\n<\/td>\n<\/tr>\n<tr>\n<td rowspan=\"2\">\n<h2><a title=\"Mobile platforms\" href=\"\/en\/training\/mobile-platforms\/\"><strong>Mobile platforms<\/strong><\/a><\/h2>\n<\/td>\n<td>\u00a02nd P<\/td>\n<td><strong>Mobile platforms:<\/strong><\/p>\n<ul>\n<li>stationary.<\/li>\n<li>masthead,<\/li>\n<li>hanging,<\/li>\n<\/ul>\n<\/td>\n<td><\/td>\n<\/tr>\n<tr>\n<td>IP<\/td>\n<td>Mobile mobile platforms:<\/p>\n<ul>\n<li>transportable.<\/li>\n<li>low-speed,<\/li>\n<li>self-propelled vehicle mounted,<\/li>\n<\/ul>\n<\/td>\n<td><\/td>\n<\/tr>\n<tr>\n<td rowspan=\"2\">\n<h2><a title=\"Cranes\" href=\"\/en\/cranes-2\/\"><strong>Cranes<\/strong><\/a><\/h2>\n<\/td>\n<td>II D<\/td>\n<td><a href=\"https:\/\/kursy-udt.pl\/en\/szkolenia\/udt-wdt-tdt\/operowanie-dzwigami\/\">Construction cranes<\/a>:<\/p>\n<ul>\n<li>goods and passenger.<\/li>\n<li>goods and <a href=\"https:\/\/kursy-udt.pl\/en\/szkolenia\/udt-wdt-tdt\/wyciagi-towarowe-kurs\/\">goods lifts<\/a> transportable and portable,<\/li>\n<\/ul>\n<\/td>\n<td><\/td>\n<\/tr>\n<tr>\n<td>ID<\/td>\n<td>Cranes <strong>(elevators)<\/strong> cargo and passenger with internal control and hospital.<\/td>\n<td><\/td>\n<\/tr>\n<tr>\n<td rowspan=\"3\">\n<h2><a title=\"Forklift trucks\" href=\"\/en\/lifting-trucks\/\"><strong>Forklift trucks<\/strong><\/a><\/h2>\n<\/td>\n<td>III WJO<\/td>\n<td><a href=\"https:\/\/kursy-udt.pl\/en\/szkolenia\/wozkiwidlowe\/\">Forklift trucks<\/a> guided and remotely controlled<\/td>\n<td><\/td>\n<\/tr>\n<tr>\n<td>II WJO<\/td>\n<td>Forklift trucks, excluding specialized ones.<br \/>\n(<strong>forklifts<\/strong>)<\/td>\n<td><\/td>\n<\/tr>\n<tr>\n<td>And WJO<\/td>\n<td>Forklift trucks, including specialized ones<\/td>\n<td>\n<ul>\n<li>with variable reach (<strong>telescopic loaders<\/strong>)<\/li>\n<li>with an operator lifted with the load,<\/li>\n<\/ul>\n<\/td>\n<\/tr>\n<tr>\n<td style=\"text-align: left;\">\n<h2><a title=\"Goods lifts\" href=\"\/en\/freight-elevators-2\/\"><strong>Goods lifts<\/strong><\/a><\/h2>\n<\/td>\n<td>\u00a0And TUE<\/td>\n<td>Goods statements:<\/p>\n<ul>\n<li>transportable and portable,<\/li>\n<li>stationary,<\/li>\n<li>ship lifts.<\/li>\n<\/ul>\n<\/td>\n<td><\/td>\n<\/tr>\n<tr>\n<td>\n<h2><a title=\"Rope rope cranes\" href=\"\/en\/linkage-cranes\/\"><strong>Rope rope cranes<\/strong><\/a><\/h2>\n<\/td>\n<td>LOAM<\/td>\n<td><\/td>\n<td><\/td>\n<\/tr>\n<tr>\n<td>\n<h2><a title=\"Stacker cranes\" href=\"\/en\/stackers\/\"><strong>Stacker cranes<\/strong><\/a><\/h2>\n<\/td>\n<td>IU<\/td>\n<td><\/td>\n<td><\/td>\n<\/tr>\n<tr>\n<td>\n<h2><a title=\"Container handling equipment\" href=\"\/en\/container-handling-equipment\/\"><strong>Moving containers<\/strong><\/a><\/h2>\n<\/td>\n<td>IK<\/td>\n<td>Operation and maintenance of devices for moving containers: mast, cantilever, gantry<\/td>\n<td><\/td>\n<\/tr>\n<\/tbody>\n<\/table>\n<\/div>\n<p>&nbsp;<\/p>\n<div class=\"wyjustuj\">More information about categories <a href=\"https:\/\/kursy-udt.pl\/en\/uprawnienia-udt\/kategorie-uprawnien-2\/\">UDT qualifications<\/a> can be read on the official website of the Office of Technical Inspection <a href=\"http:\/\/www.udt.gov.pl\" target=\"_blank\" rel=\"noopener noreferrer\">http:\/\/www.udt.gov.pl<\/a><\/div>","protected":false},"excerpt":{"rendered":"<p>Grupa Kategorie Zakres uprawnienia Szczeg\u00f3\u0142owy zakres Ci\u0119gniki II W Wci\u0105gniki i wci\u0105garki sterowane z poziomu roboczego oraz \u017curawie stacjonarne warsztatowe. &#8211; hakowe og\u00f3lnego przeznaczenia, &#8211; specjalne: kuzienne, hartownicze, lejnicze, chwytnikowe, chwytakowe, inne. \u00a0I W Wci\u0105gniki i wci\u0105garki sterowane z poziomu roboczego lub z kabiny oraz \u017curawie stacjonarne warsztatowe &#8211; hakowe og\u00f3lnego przeznaczenia, &#8211; specjalne: kuzienne, hartownicze, lejnicze, chwytnikowe, chwytakowe, inne. Suwnice \u00a0II S Suwnice, wci\u0105gniki i wci\u0105garki sterowane z poziomu roboczego oraz \u017curawie stacjonarne warsztatowe &#8211; hakowe og\u00f3lnego przeznaczenia, &#8211; specjalne: kafarowe, kolumnowe, kuzienne, \u0142apowe, kleszczowe, stryperowe, wsadowe, hartownicze, lejnicze, chwytnikowe, chwytakowe, trawersowe, inne. \u00a0I S Suwnice, wci\u0105gniki i wci\u0105garki sterowane z poziomu roboczego lub z kabiny oraz \u017curawie stacjonarne warsztatowe &#8211; hakowe og\u00f3lnego przeznaczenia, &#8211; specjalne: kafarowe, kolumnowe, kuzienne, \u0142apowe, kleszczowe, stryperowe, wsadowe, hartownicze, lejnicze, chwytnikowe, chwytakowe, trawersowe, inne. \u017burawie \u00a0II \u017b \u017burawie : stacjonarne, przewo\u017ane, przeno\u015bne samojezdne, Rodzaje urz\u0105dze\u0144, typy urz\u0105dze\u0144, ograniczenie ud\u017awigu. \u00a0I \u017b \u00a0\u017burawie: wie\u017cowe oraz szybkomontuj\u0105ce. Rodzaje urz\u0105dze\u0144: budowlane inne, typy urz\u0105dze\u0144, ograniczenie ud\u017awigu. szynowe. Rodzaje urz\u0105dze\u0144: stoczniowe inne, ograniczenie ud\u017awigu. . Podesty ruchome \u00a0II P Podesty ruchome: stacjonarne. masztowe, wisz\u0105ce, I P Podesty ruchome przejezdne: przewo\u017ane. wolnobie\u017cne, samojezdne montowane na poje\u017adzie, D\u017awigi II D D\u017awigi budowlane: towarowo-osobowe. towarowe oraz wyci\u0105gi towarowe przewo\u017ane i przeno\u015bne, I D D\u017awigi (windy) towarowo-osobowe ze sterowaniem wewn\u0119trznym i szpitalne. W\u00f3zki jezdniowe III WJO W\u00f3zki jezdniowe podno\u015bnikowe prowadzone i zdalnie sterowane II WJO W\u00f3zki jezdniowe podno\u015bnikowe z wy\u0142\u0105czeniem specjalizowanych. (w\u00f3zki wid\u0142owe) I WJO W\u00f3zki jezdniowe podno\u015bnikowe, w tym specjalizowane ze zmiennym wysi\u0119giem (\u0142adowarki teleskopowe) z operatorem podnoszonym wraz z \u0142adunkiem, Wyci\u0105gi towarowe \u00a0I WT Wyci\u0105gi [&hellip;]<\/p>\n","protected":false},"author":1,"featured_media":0,"parent":2,"menu_order":0,"comment_status":"closed","ping_status":"closed","template":"","meta":{"sfsi_plus_gutenberg_text_before_share":"","sfsi_plus_gutenberg_show_text_before_share":"","sfsi_plus_gutenberg_icon_type":"","sfsi_plus_gutenberg_icon_alignemt":"","sfsi_plus_gutenburg_max_per_row":"","footnotes":""},"class_list":["post-69","page","type-page","status-publish","hentry","has_no_thumb"],"aioseo_notices":[],"_links":{"self":[{"href":"https:\/\/kursy-udt.pl\/en\/wp-json\/wp\/v2\/pages\/69","targetHints":{"allow":["GET"]}}],"collection":[{"href":"https:\/\/kursy-udt.pl\/en\/wp-json\/wp\/v2\/pages"}],"about":[{"href":"https:\/\/kursy-udt.pl\/en\/wp-json\/wp\/v2\/types\/page"}],"author":[{"embeddable":true,"href":"https:\/\/kursy-udt.pl\/en\/wp-json\/wp\/v2\/users\/1"}],"replies":[{"embeddable":true,"href":"https:\/\/kursy-udt.pl\/en\/wp-json\/wp\/v2\/comments?post=69"}],"version-history":[{"count":24,"href":"https:\/\/kursy-udt.pl\/en\/wp-json\/wp\/v2\/pages\/69\/revisions"}],"predecessor-version":[{"id":2953,"href":"https:\/\/kursy-udt.pl\/en\/wp-json\/wp\/v2\/pages\/69\/revisions\/2953"}],"up":[{"embeddable":true,"href":"https:\/\/kursy-udt.pl\/en\/wp-json\/wp\/v2\/pages\/2"}],"wp:attachment":[{"href":"https:\/\/kursy-udt.pl\/en\/wp-json\/wp\/v2\/media?parent=69"}],"curies":[{"name":"wp","href":"https:\/\/api.w.org\/{rel}","templated":true}]}}