{"id":67,"date":"2014-02-12T12:18:28","date_gmt":"2014-02-12T12:18:28","guid":{"rendered":"http:\/\/kursy-udt.kwiaty0.pl\/?page_id=67"},"modified":"2026-03-11T09:14:26","modified_gmt":"2026-03-11T08:14:26","slug":"contact-4","status":"publish","type":"page","link":"https:\/\/kursy-udt.pl\/en\/kontakt\/","title":{"rendered":"Contact"},"content":{"rendered":"<p>If you have any questions or doubts, please send them to our e-mail address or call us - our employees will explain all the complexities, including the details of the offer with prices. We have prepared attractive discounts for larger groups. We invite you to take advantage of our training, consulting, implementation and auditing services!<\/p>\n\n\n\n<p><a href=\"https:\/\/platformaedukacji.pl\/pluginfile.php\/10622\/block_html\/content\/KLAUZULA%20INFORMACYJNA_osoba%20fizyczna%20%281%29.docx\">INFORMATION CLAUSE CONCERNING THE PROTECTION OF PERSONAL DATA<\/a><\/p>\n\n\n\n<h2 class=\"wp-block-heading\">Main branch:<\/h2>\n\n\n\n<div class=\"wp-block-columns is-layout-flex wp-container-core-columns-is-layout-9d6595d7 wp-block-columns-is-layout-flex\">\n<div class=\"wp-block-column is-layout-flow wp-block-column-is-layout-flow\" style=\"flex-basis:33.33%\">\n<p>ul. Warszawska 58C lok. 47<br>02-496 Warsaw<br>tel. <a href=\"tel:+48222902909\">+48 22 290 29 09<\/a><br>Mobile phone. <a href=\"tel:+48504010044\">+48 504 010 044<\/a><br><a href=\"mailto:biuro@kursy-udt.pl\">biuro@kursy-udt.pl<\/a><\/p>\n<\/div>\n\n\n\n<div class=\"wp-block-column is-layout-flow wp-block-column-is-layout-flow\" style=\"flex-basis:66.66%\">\n<p class=\"has-vivid-red-color has-text-color has-link-color has-small-font-size wp-elements-690b11da5e531778367a5d1290c629d0\"><strong>Directions:<\/strong> The main branch of ODK Ergon is located in the Galeria Gawra shopping centre on Ip. Local 47 (entrance from the back, second staircase) in order to find us without any problems in the navigation type in the address: 1 Hermana St. There is a car park for customers behind the Gawra Gallery. You are welcome!<\/p>\n<\/div>\n<\/div>\n\n\n\n<h2 class=\"wp-block-heading\">Field offices:<\/h2>\n\n\n\n<div class=\"wp-block-columns is-layout-flex wp-container-core-columns-is-layout-9d6595d7 wp-block-columns-is-layout-flex\">\n<div class=\"wp-block-column is-layout-flow wp-block-column-is-layout-flow\">\n<p><strong>Bia\u0142ystok branch<\/strong><\/p>\n\n\n\n<p>ul. New world 9<br>15-453 Bia\u0142ystok<\/p>\n<\/div>\n\n\n\n<div class=\"wp-block-column is-layout-flow wp-block-column-is-layout-flow\">\n<p><strong>Bielsko Bia\u0142a branch<\/strong><\/p>\n\n\n\n<p>ul. The Defenders of W\u0119gierska G\u00f3rka<br>34-350 Wegierska G\u00f3rka<\/p>\n<\/div>\n\n\n\n<div class=\"wp-block-column is-layout-flow wp-block-column-is-layout-flow\">\n<p><strong>Bydgoszcz branch<\/strong><\/p>\n\n\n\n<p>ul. Old Port 13<br>85-068 Bydgoszcz<\/p>\n<\/div>\n<\/div>\n\n\n\n<div class=\"wp-block-columns is-layout-flex wp-container-core-columns-is-layout-9d6595d7 wp-block-columns-is-layout-flex\">\n<div class=\"wp-block-column is-layout-flow wp-block-column-is-layout-flow\">\n<p><strong>Gda\u0144sk branch<\/strong><\/p>\n\n\n\n<p>ul. Ko\u0142obrzeska 45<br>80-391 Gda\u0144sk<\/p>\n<\/div>\n\n\n\n<div class=\"wp-block-column is-layout-flow wp-block-column-is-layout-flow\">\n<p><strong>Gdynia branch<\/strong><\/p>\n\n\n\n<p>ul. Zbo\u017cowa 7<br>81-020 Gdynia<\/p>\n<\/div>\n\n\n\n<div class=\"wp-block-column is-layout-flow wp-block-column-is-layout-flow\">\n<p><strong>Katowice branch (Silesia)<\/strong><\/p>\n\n\n\n<p>ul. Kijowska 51<br>40-754 Katowice<\/p>\n<\/div>\n<\/div>\n\n\n\n<div class=\"wp-block-columns is-layout-flex wp-container-core-columns-is-layout-9d6595d7 wp-block-columns-is-layout-flex\">\n<div class=\"wp-block-column is-layout-flow wp-block-column-is-layout-flow\">\n<p><strong>Krakow Branch (Lesser Poland)<\/strong><\/p>\n\n\n\n<p>ul. Lepkowskiego 9\/23<br>31-423 Krakow<\/p>\n\n\n\n<p>ul. Wielicka 223<br>30-663 Krakow<\/p>\n<\/div>\n\n\n\n<div class=\"wp-block-column is-layout-flow wp-block-column-is-layout-flow\">\n<p><strong>Lublin branch<\/strong><\/p>\n\n\n\n<p>ul. Less than 10<br>20-080 Lublin<\/p>\n<\/div>\n\n\n\n<div class=\"wp-block-column is-layout-flow wp-block-column-is-layout-flow\">\n<p><strong>\u0141\u00f3d\u017a branch<\/strong><\/p>\n\n\n\n<p>ul. Piotrowska 121<br>62-061 Lodz<\/p>\n<\/div>\n<\/div>\n\n\n\n<div class=\"wp-block-columns is-layout-flex wp-container-core-columns-is-layout-9d6595d7 wp-block-columns-is-layout-flex\">\n<div class=\"wp-block-column is-layout-flow wp-block-column-is-layout-flow\">\n<p><strong>Pozna\u0144 branch<\/strong><\/p>\n\n\n\n<p>ul. Sienkiewicza 20<br>60-818 Pozna\u0144<\/p>\n<\/div>\n\n\n\n<div class=\"wp-block-column is-layout-flow wp-block-column-is-layout-flow\">\n<p><strong>Szczecin branch<\/strong><\/p>\n\n\n\n<p>ul. Rugia\u0144ska 71<br>71-653 Szczecin<\/p>\n<\/div>\n\n\n\n<div class=\"wp-block-column is-layout-flow wp-block-column-is-layout-flow\">\n<p><strong>Wroc\u0142aw branch<\/strong><\/p>\n\n\n\n<p>ul. Partnicka 32<br>53-031 Wroclaw<\/p>\n<\/div>\n<\/div>\n\n\n\n<h2 class=\"wp-block-heading\">See how to find us!<\/h2>\n\n\n<div style=\"clear: both;\">\n<p><iframe loading=\"lazy\" style=\"border: 0;\" tabindex=\"0\" src=\"https:\/\/www.google.com\/maps\/embed?pb=!1m18!1m12!1m3!1d2445.6361523312135!2d20.86082481579534!3d52.19548607975403!2m3!1f0!2f0!3f0!3m2!1i1024!2i768!4f13.1!3m3!1m2!1s0x0%3A0xce46a642befe48f3!2sO%C5%9Brodek%20Szkoleniowy%20UDT!5e0!3m2!1spl!2spl!4v1606734646065!5m2!1spl!2spl\" width=\"600\" height=\"700\" frameborder=\"0\" allowfullscreen=\"allowfullscreen\" aria-hidden=\"false\"><\/iframe><\/p>\n<\/div>\n\n\n<p><\/p>","protected":false},"excerpt":{"rendered":"<p>If you have any questions or concerns, please send them to our e-mail address or give us a call - our staff will explain all the intricacies, including the details of the offer with prices. We have prepared attractive discounts for larger groups. We invite you to take advantage of our training, consulting, implementation and auditing services! PERSONAL DATA PROTECTION INFORMATION CLAUSE Main office: ul. Warszawska 58C lok. 4702-496 Warszawatel. +48 22 290 29 09tel kom. +48 504 010 044biuro@kursy-udt.pl Directions to the office: The main branch of ODK Ergon is located in the Galeria Gawra shopping centre on Ip. Local 47 (entrance from the back, second staircase) in order to find us without any problems in the navigation enter the address: 1 Hermana St. There is a car park for customers behind the Gawra Gallery. You are welcome! Branch offices: Bia\u0142ystok branch Nowy \u015awiat 915-453 Bia\u0142ystok branch Bielsko Bia\u0142a branch Obro\u0144c\u00f3w W\u0119gierskiej G\u00f3rki34-350 Wegierska G\u00f3rka branch Bydgoszcz branch Stary Port 1385-068 Bydgoszcz branch Gda\u0144sk branch Ko\u0142obrzeska 4580-391 Gda\u0144sk branch Gdynia branch Zbo\u017cowa 781-020 Gdynia branch Katowice (\u015al\u0105sk) ul. Kijowska 5140-754 Katowice branch Krak\u00f3w (Ma\u0142opolska) ul. Lepkowskiego 9\/2331-423 Krak\u00f3w ul. Wielicka 22330-663 Krak\u00f3w Branch Lublin ul. Nieca\u0142a 1020-080 Lublin Branch \u0141\u00f3d\u017a ul. Piotrowska 12162-061 \u0141\u00f3d\u017a Branch Pozna\u0144 ul. Sienkiewicza 2060-818 Pozna\u0144 Branch Szczecin ul. Rugia\u0144ska 7171-653 Szczecin Branch Wroc\u0142aw ul. Partynicka 3253-031 Wroc\u0142aw See how to reach us!<\/p>","protected":false},"author":1,"featured_media":0,"parent":0,"menu_order":5,"comment_status":"closed","ping_status":"closed","template":"","meta":{"sfsi_plus_gutenberg_text_before_share":"","sfsi_plus_gutenberg_show_text_before_share":"","sfsi_plus_gutenberg_icon_type":"","sfsi_plus_gutenberg_icon_alignemt":"","sfsi_plus_gutenburg_max_per_row":"","footnotes":""},"class_list":["post-67","page","type-page","status-publish","hentry","has_no_thumb"],"aioseo_notices":[],"_links":{"self":[{"href":"https:\/\/kursy-udt.pl\/en\/wp-json\/wp\/v2\/pages\/67","targetHints":{"allow":["GET"]}}],"collection":[{"href":"https:\/\/kursy-udt.pl\/en\/wp-json\/wp\/v2\/pages"}],"about":[{"href":"https:\/\/kursy-udt.pl\/en\/wp-json\/wp\/v2\/types\/page"}],"author":[{"embeddable":true,"href":"https:\/\/kursy-udt.pl\/en\/wp-json\/wp\/v2\/users\/1"}],"replies":[{"embeddable":true,"href":"https:\/\/kursy-udt.pl\/en\/wp-json\/wp\/v2\/comments?post=67"}],"version-history":[{"count":24,"href":"https:\/\/kursy-udt.pl\/en\/wp-json\/wp\/v2\/pages\/67\/revisions"}],"predecessor-version":[{"id":6247,"href":"https:\/\/kursy-udt.pl\/en\/wp-json\/wp\/v2\/pages\/67\/revisions\/6247"}],"wp:attachment":[{"href":"https:\/\/kursy-udt.pl\/en\/wp-json\/wp\/v2\/media?parent=67"}],"curies":[{"name":"wp","href":"https:\/\/api.w.org\/{rel}","templated":true}]}}