{"id":65,"date":"2014-02-12T12:17:15","date_gmt":"2014-02-12T12:17:15","guid":{"rendered":"http:\/\/kursy-udt.kwiaty0.pl\/?page_id=65"},"modified":"2025-08-02T00:18:46","modified_gmt":"2025-08-01T22:18:46","slug":"training","status":"publish","type":"page","link":"https:\/\/kursy-udt.pl\/en\/szkolenia\/","title":{"rendered":"ERGON training"},"content":{"rendered":"<style>\n.oneimage {<br \/>\n\tfloat: left;<br \/>\n\tmargin-right: 20px;<br \/>\n\twidth: 30%;<br \/>\n        padding-bottom:10px;<br \/>\n}<br \/>\n@media (max-width: 800px){<br \/>\n   .oneimage {<br \/>\n\twidth: 100%;<br \/>\n   }<br \/>\n   .oneimage > div {<br \/>\n        width: 60%;<br \/>\n        margin: 0 auto;<br \/>\n   }<br \/>\n}<br \/>\n<\/style>\n<div class=\"wyjustuj\">\n<h3>Examples of devices for which we organize courses and exams.<\/h3>\n<div style=\"text-align: center; font-size: 85%; line-height: 100%;\">\n<div class=\"oneimage\"><a href=\"\/en\/training\/mobile-platforms\/\"><img decoding=\"async\" src=\"\/wp-content\/uploads\/2014\/04\/05-podesty-ruchome.jpeg\" alt=\"trainings udt Warszawa company ergon\" \/><\/a><\/p>\n<div><strong>Low-speed mobile platforms<\/strong><br \/>\nthe so-called platforms, scissor lifts, work platforms - IP category<\/div>\n<\/div>\n<div class=\"oneimage\"><a href=\"\/en\/training\/mobile-platforms\/\"><img decoding=\"async\" src=\"\/wp-content\/uploads\/2014\/04\/08-fotogr.jpeg\" alt=\"course for mobile platforms\" \/><\/a><\/p>\n<div><strong>Low-speed mobile platforms<\/strong><br \/>\nthe so-called articulated and telescopic aerial platforms - IP category<\/div>\n<\/div>\n<div class=\"oneimage\"><a href=\"\/en\/training\/mobile-platforms\/\"><img decoding=\"async\" src=\"\/wp-content\/uploads\/2014\/04\/podest-ruchomy-samojezdny.jpg\" alt=\"mobile platforms Warsaw\" \/><\/a><\/p>\n<div><strong>Self-propelled mobile platforms<\/strong><br \/>\nthe so-called vehicle mounted aerial platforms - IP category<\/div>\n<\/div>\n<div class=\"oneimage\"><a href=\"\/en\/training\/telescopic-handler-course\/\"><img decoding=\"async\" src=\"\/wp-content\/uploads\/2014\/04\/ladowarka-teleskopowa.jpg\" alt=\"ergon forklift courses\" \/><\/a><\/p>\n<div><strong>Telescopic loaders<\/strong><br \/>\nwith variable reach cat. - IWJO<\/div>\n<\/div>\n<div class=\"oneimage\"><a href=\"\/en\/training\/forklifts\/\"><img decoding=\"async\" src=\"\/wp-content\/uploads\/2014\/03\/wozki-widlowe-4.jpeg\" alt=\"ergon forklift operator course\" \/><\/a><\/p>\n<div><strong>Forklift trucks<\/strong><br \/>\nlifting jacks, the so-called forklifts cat. - IIWJO<\/div>\n<\/div>\n<div class=\"oneimage\"><a href=\"\/en\/training\/forklifts\/\"><img decoding=\"async\" src=\"\/wp-content\/uploads\/2014\/04\/wozki-jezdniowe-unoszace.jpg\" alt=\"ergon training\" \/><\/a><\/p>\n<div><strong>Forklift trucks<\/strong><br \/>\nlifting the so-called landing cat. - IIIWJO<\/div>\n<\/div>\n<\/div>\n<h3 style=\"margin: 17px; clear: both;\">UDT Ergon training courses<\/h3>\n<p>At the ERGON Centre for the Improvement of Human Resources, we provide professional UDT training courses giving entitlements from the Office of Technical Inspection. Our UDT courses are aimed at clients seeking comprehensive support in improving their own and their employees' competences at work positions where UDT authorisations are required. We cooperate on an ongoing basis with UDT - training is conducted at all times in accordance with the latest requirements.<\/p>\n<div style=\"float: right; padding-left: 10px;\"><img decoding=\"async\" src=\"\/wp-content\/uploads\/2014\/09\/podesty.jpeg\" alt=\"\" \/><\/div>\n<p>We offer UDT courses at attractive prices depending on the number of participants. Each class is conducted by qualified specialists, with the use of modern training facilities, and puts emphasis on both the theoretical and practical parts. Thanks to this, UDT trainings carried out by our Personnel Training Center are distinguished by the best effectiveness and are often recommended. We provide UDT trainings both open and closed. Especially for the offer can be adapted to the company&#039;s profile.<\/p>\n<p>Our offer includes, among others, the following courses for the licenses of the Office of Technical Inspection:<\/p>\n<ul>\n<li>cranes controlled from the cabin and from the working level<\/li>\n<li>winches from the cabin and working level<\/li>\n<li>goods and construction lifts with service<\/li>\n<li>tower, rail and portable cranes (HDS)<\/li>\n<li>forklifts, including forklift trucks and specialized ones, incl. telescopic loaders with variable reach<\/li>\n<li>and a course for mobile platforms<\/li>\n<\/ul>\n<p>In addition, we also offer an ADR course and training for a car diagnostician, TDT qualifications and UNO service.<\/p>\n<p>Additionally, we offer courses for forklifts and hook lift licenses. In our Center, the forklift operator course is conducted with and without the authorizations of the Office of Technical Inspection.<\/p>\n<p>We invite you to sign up for classes at the ERGON Personnel Training Center!<\/p>\n<\/div>","protected":false},"excerpt":{"rendered":"<p>Przyk\u0142adowe urz\u0105dzenia na kt\u00f3re organizujemy kursy i egzaminy. Podesty ruchome wolnobie\u017cne tzw. zwy\u017cki podno\u015bniki no\u017cycowe platformy robocze \u2013 kat. IP Podesty ruchome wolnobie\u017cne tzw. podno\u015bniki koszowe, przegubowe teleskopowe \u2013 kat. IP Podesty ruchome samojezdne tzw. podno\u015bniki koszowe montowane na pojazdach \u2013 kat. IP \u0141adowarki teleskopowe ze zmiennym wysi\u0119giem kat. &#8211; IWJO W\u00f3zki jezdniowe podno\u015bnikowe tzw. wid\u0142owe kat. \u2013 IIWJO W\u00f3zki jezdniowe unosz\u0105ce tzw. podestowe kat. \u2013 IIIWJO Szkolenia UDT Ergon W O\u015brodku Doskonalenia Kadr ERGON realizujemy profesjonalne szkolenia UDT daj\u0105ce uprawnienia Urz\u0119du Dozoru Technicznego. Nasze kursy UDT skierowane s\u0105 do klient\u00f3w poszukuj\u0105cych kompleksowego wsparcia w podnoszeniu kompetencji swoich oraz swoich pracownik\u00f3w na stanowiskach pracy, na kt\u00f3rych wymagane s\u0105 uprawnienia UDT. Stale wsp\u00f3\u0142pracujemy z UDT \u2013 szkolenia prowadzone s\u0105 przez ca\u0142y czas zgodnie z najnowszymi wymaganiami. Oferujemy kursy UDT w zach\u0119caj\u0105cych cenach uzale\u017cnionych od liczby ich uczestnik\u00f3w. Ka\u017cde zaj\u0119cia prowadzone s\u0105 przez wykwalifikowanych specjalist\u00f3w, z wykorzystaniem nowoczesnego zaplecza szkoleniowego i k\u0142adzie nacisk zar\u00f3wno na cz\u0119\u015b\u0107 teoretyczn\u0105, jak i praktyczn\u0105. Dzi\u0119ki temu szkolenia UDT realizowane przez nasz O\u015brodek Doskonalenia Kadr wyr\u00f3\u017cniaj\u0105 si\u0119 najlepsz\u0105 skuteczno\u015bci\u0105 i s\u0105 cz\u0119sto rekomendowane. Realizujemy szkolenia UDT zar\u00f3wno jako otwarte, jak i zamkni\u0119te. Specjalnie dla Oferta mo\u017ce by\u0107 dostosowana do profilu firmy. W naszej ofercie znajd\u0105 Pastwo mi\u0119dzy innymi nast\u0119puj\u0105ce kursy na uprawnienia Urz\u0119du Dozoru Technicznego: suwnice sterowane z kabiny i z poziomu roboczego wyci\u0105garki z poziomu kabiny i poziomu roboczego d\u017awigi towarowe i budowlane z obs\u0142ug\u0105 \u017curawie wie\u017cowe, szynowe i przeno\u015bne (HDS) w\u00f3zki wid\u0142owe, w tym jezdniowe podno\u015bnikowe i specjalizowane m.in. \u0142adowarki teleskopowe ze zmiennym wysi\u0119giem oraz kurs na podesty ruchome Ponadto [&hellip;]<\/p>\n","protected":false},"author":1,"featured_media":0,"parent":0,"menu_order":1,"comment_status":"closed","ping_status":"closed","template":"","meta":{"sfsi_plus_gutenberg_text_before_share":"","sfsi_plus_gutenberg_show_text_before_share":"","sfsi_plus_gutenberg_icon_type":"","sfsi_plus_gutenberg_icon_alignemt":"","sfsi_plus_gutenburg_max_per_row":"","footnotes":""},"class_list":["post-65","page","type-page","status-publish","hentry","has_thumb"],"aioseo_notices":[],"_links":{"self":[{"href":"https:\/\/kursy-udt.pl\/en\/wp-json\/wp\/v2\/pages\/65","targetHints":{"allow":["GET"]}}],"collection":[{"href":"https:\/\/kursy-udt.pl\/en\/wp-json\/wp\/v2\/pages"}],"about":[{"href":"https:\/\/kursy-udt.pl\/en\/wp-json\/wp\/v2\/types\/page"}],"author":[{"embeddable":true,"href":"https:\/\/kursy-udt.pl\/en\/wp-json\/wp\/v2\/users\/1"}],"replies":[{"embeddable":true,"href":"https:\/\/kursy-udt.pl\/en\/wp-json\/wp\/v2\/comments?post=65"}],"version-history":[{"count":25,"href":"https:\/\/kursy-udt.pl\/en\/wp-json\/wp\/v2\/pages\/65\/revisions"}],"predecessor-version":[{"id":6194,"href":"https:\/\/kursy-udt.pl\/en\/wp-json\/wp\/v2\/pages\/65\/revisions\/6194"}],"wp:attachment":[{"href":"https:\/\/kursy-udt.pl\/en\/wp-json\/wp\/v2\/media?parent=65"}],"curies":[{"name":"wp","href":"https:\/\/api.w.org\/{rel}","templated":true}]}}