{"id":5993,"date":"2023-06-22T16:05:31","date_gmt":"2023-06-22T14:05:31","guid":{"rendered":"https:\/\/kursy-udt.pl\/?page_id=5993"},"modified":"2023-06-22T16:05:32","modified_gmt":"2023-06-22T14:05:32","slug":"training-behaviour-training-for-employers-and-managers-of-employees-2","status":"publish","type":"page","link":"https:\/\/kursy-udt.pl\/en\/szkolenie-bhp-dla-pracodawcow-i-osob-kierujacych-pracownikami\/","title":{"rendered":"Occupational health and safety training for employers and those in charge of employees"},"content":{"rendered":"<h2 class=\"wp-block-heading\">Employer and duty to provide health and safety training&nbsp;<\/h2>\n\n\n\n<p>The obligation to complete health and safety training is incumbent on every employer and contractor in every workplace. It is also the responsibility of the employer to organise it, who also covers its cost. At the same time, he may be freer to set a convenient training date for himself. Training must take place during working hours.&nbsp;<\/p>\n\n\n<div class=\"wp-block-image\">\n<figure class=\"alignright size-large is-resized\"><a href=\"https:\/\/kursy-udt.pl\/wp-content\/uploads\/2023\/05\/screen_2x-2023-05-16T143301.651.jpg\"><img loading=\"lazy\" decoding=\"async\" src=\"https:\/\/kursy-udt.pl\/wp-content\/uploads\/2023\/05\/screen_2x-2023-05-16T143301.651-1024x684.jpg\" alt=\"Trainees at the training\" class=\"wp-image-5995\" width=\"512\" height=\"342\" srcset=\"https:\/\/kursy-udt.pl\/wp-content\/uploads\/2023\/05\/screen_2x-2023-05-16T143301.651-1024x684.jpg 1024w, https:\/\/kursy-udt.pl\/wp-content\/uploads\/2023\/05\/screen_2x-2023-05-16T143301.651-300x200.jpg 300w, https:\/\/kursy-udt.pl\/wp-content\/uploads\/2023\/05\/screen_2x-2023-05-16T143301.651-768x513.jpg 768w, https:\/\/kursy-udt.pl\/wp-content\/uploads\/2023\/05\/screen_2x-2023-05-16T143301.651-1536x1025.jpg 1536w, https:\/\/kursy-udt.pl\/wp-content\/uploads\/2023\/05\/screen_2x-2023-05-16T143301.651-18x12.jpg 18w, https:\/\/kursy-udt.pl\/wp-content\/uploads\/2023\/05\/screen_2x-2023-05-16T143301.651-624x417.jpg 624w, https:\/\/kursy-udt.pl\/wp-content\/uploads\/2023\/05\/screen_2x-2023-05-16T143301.651.jpg 1600w\" sizes=\"auto, (max-width: 512px) 100vw, 512px\" \/><\/a><\/figure>\n<\/div>\n\n\n<h2 class=\"wp-block-heading\">Person in charge of employees and duty to provide health and safety training&nbsp;<\/h2>\n\n\n\n<p>The aim of those in charge of employees is to take care of the proper functioning of the company, with particular concern for proper productivity, organisation and quality of work, also in terms of hygiene and safety. Therefore, like the employer, they should be trained and familiar with health and safety regulations.&nbsp;<\/p>\n\n\n\n<h2 class=\"wp-block-heading\">Why should the employer and the person in charge of employees be familiar with health and safety regulations?&nbsp;<\/h2>\n\n\n\n<p>The employer should be familiar with the health and safety regulations, as this is mandated by the Labour Code, and more specifically by Article 207. \u00a7 3, indicating that it is the employer's duty to be familiar with the labour protection regulations. These regulations include the more specific health and safety rules mentioned in Article 237<sup>3<\/sup> \u00a7 Such knowledge should at least cover the scope that is necessary for the performance of their duties. As for persons in charge of employees, their obligation to acquire knowledge of the regulations is supported by Article 212. of the Labour Code, which lists their duties in the field of occupational health and safety.&nbsp;<\/p>\n\n\n\n<h2 class=\"wp-block-heading\">When should health and safety training take place<\/h2>\n\n\n\n<p>Health and safety training for the employer should not take place later than six months after the first day of work. As periodic training, it should not be repeated less frequently than every five years.&nbsp;<\/p>\n\n\n\n<p>The first training for those in charge of employees should take place within six months of commencement of work and subsequent, periodic training more often than every five years.&nbsp;<\/p>\n\n\n<div class=\"wp-block-image\">\n<figure class=\"alignleft size-large is-resized\"><a href=\"https:\/\/kursy-udt.pl\/wp-content\/uploads\/2023\/05\/screen_2x-2023-05-19T114523.241.jpg\"><img loading=\"lazy\" decoding=\"async\" src=\"https:\/\/kursy-udt.pl\/wp-content\/uploads\/2023\/05\/screen_2x-2023-05-19T114523.241-1024x683.jpg\" alt=\"Labour Code\" class=\"wp-image-5996\" width=\"512\" height=\"342\" srcset=\"https:\/\/kursy-udt.pl\/wp-content\/uploads\/2023\/05\/screen_2x-2023-05-19T114523.241-1024x683.jpg 1024w, https:\/\/kursy-udt.pl\/wp-content\/uploads\/2023\/05\/screen_2x-2023-05-19T114523.241-300x200.jpg 300w, https:\/\/kursy-udt.pl\/wp-content\/uploads\/2023\/05\/screen_2x-2023-05-19T114523.241-768x512.jpg 768w, https:\/\/kursy-udt.pl\/wp-content\/uploads\/2023\/05\/screen_2x-2023-05-19T114523.241-1536x1024.jpg 1536w, https:\/\/kursy-udt.pl\/wp-content\/uploads\/2023\/05\/screen_2x-2023-05-19T114523.241-18x12.jpg 18w, https:\/\/kursy-udt.pl\/wp-content\/uploads\/2023\/05\/screen_2x-2023-05-19T114523.241-624x416.jpg 624w, https:\/\/kursy-udt.pl\/wp-content\/uploads\/2023\/05\/screen_2x-2023-05-19T114523.241.jpg 1600w\" sizes=\"auto, (max-width: 512px) 100vw, 512px\" \/><\/a><\/figure>\n<\/div>\n\n\n<h2 class=\"wp-block-heading\">Who should provide health and safety training for the employer and those in charge of employees?&nbsp;<\/h2>\n\n\n\n<p>Health and safety training for the employer and those in charge of employees should be carried out professionally and expertly. According to the Education System Act of 7 September 1991, an organisational unit with authority should be designated to conduct the classes.&nbsp;&nbsp;<\/p>\n\n\n\n<p>The best choice is a training provider with positive reviews of the quality of teaching and instructors.&nbsp;&nbsp;<\/p>\n\n\n\n<p>The training programme should focus on specific aspects of the duties performed and be tailored to the occupational health and safety service, given that its members already have, by virtue of their occupation, prior knowledge of occupational health and safety principles, so require different teaching than new employees in the workplace whose occupation is related to the company's main activity.&nbsp;<\/p>\n\n\n\n<p>The employer and the persons in charge of the employees should be prepared for the training in advance by being informed by the representatives of the training facility about the detailed topics, the duration of the classes and the form of implementation.&nbsp;&nbsp;<\/p>\n\n\n\n<p>The curriculum should be tailored to the responsibilities, tasks and needs of the employer, and those in charge of employees in the company in which they operate.&nbsp;<\/p>\n\n\n\n<h2 class=\"wp-block-heading\">Topics covered in health and safety training courses&nbsp;<\/h2>\n\n\n<div class=\"wp-block-image\">\n<figure class=\"alignright size-large is-resized\"><a href=\"https:\/\/kursy-udt.pl\/wp-content\/uploads\/2023\/05\/screen_2x-2023-05-16T143312.404.jpg\"><img loading=\"lazy\" decoding=\"async\" src=\"https:\/\/kursy-udt.pl\/wp-content\/uploads\/2023\/05\/screen_2x-2023-05-16T143312.404-1024x722.jpg\" alt=\"Correct assessments of occupational hazards\" class=\"wp-image-5997\" width=\"512\" height=\"361\" srcset=\"https:\/\/kursy-udt.pl\/wp-content\/uploads\/2023\/05\/screen_2x-2023-05-16T143312.404-1024x722.jpg 1024w, https:\/\/kursy-udt.pl\/wp-content\/uploads\/2023\/05\/screen_2x-2023-05-16T143312.404-300x212.jpg 300w, https:\/\/kursy-udt.pl\/wp-content\/uploads\/2023\/05\/screen_2x-2023-05-16T143312.404-768x541.jpg 768w, https:\/\/kursy-udt.pl\/wp-content\/uploads\/2023\/05\/screen_2x-2023-05-16T143312.404-1536x1083.jpg 1536w, https:\/\/kursy-udt.pl\/wp-content\/uploads\/2023\/05\/screen_2x-2023-05-16T143312.404-18x12.jpg 18w, https:\/\/kursy-udt.pl\/wp-content\/uploads\/2023\/05\/screen_2x-2023-05-16T143312.404-624x440.jpg 624w, https:\/\/kursy-udt.pl\/wp-content\/uploads\/2023\/05\/screen_2x-2023-05-16T143312.404.jpg 1600w\" sizes=\"auto, (max-width: 512px) 100vw, 512px\" \/><\/a><\/figure>\n<\/div>\n\n\n<p><strong>Some of the topics covered in the health and safety training for the employer are:&nbsp;<\/strong><\/p>\n\n\n\n<ul class=\"wp-block-list\">\n<li>correct assessments of the risks involved in work processes and the dangers associated with those risks;&nbsp;<\/li>\n\n\n\n<li>shaping hygienic and safe working conditions;&nbsp;<\/li>\n\n\n\n<li>protecting workers from dangerous situations related to the work they do;&nbsp;<\/li>\n\n\n\n<li>prevention of occupational diseases and their causes;&nbsp;<\/li>\n\n\n\n<li>principles of proper conduct during emergencies such as accidents, fires, etc;&nbsp;<\/li>\n\n\n\n<li>current legal regulations on occupational health and safety;&nbsp;<\/li>\n\n\n\n<li>the economically negative consequences of undesirable working conditions by the employer.&nbsp;<\/li>\n<\/ul>\n\n\n\n<p>Apart from the last mentioned, which is more likely to be of interest only to the employer, each of the above issues should be discussed and implemented by all concerned.&nbsp;<\/p>","protected":false},"excerpt":{"rendered":"<p>Pracodawca a obowi\u0105zek szkolenia BHP&nbsp; Obowi\u0105zek uko\u0144czenia szkolenia BHP spoczywa na ka\u017cdym pracodawcy i zleceniobiorcy w ka\u017cdym zak\u0142adzie pracy. Za jego organizacj\u0119 r\u00f3wnie\u017c odpowiada pracodawca, kt\u00f3ry pokrywa te\u017c jego koszt. Jednocze\u015bnie mo\u017ce mie\u0107 on swobodniejsze prawo do ustalenia dogodnego terminu szkolenia dla siebie. Szkolenia musz\u0105 odbywa\u0107 si\u0119 w godzinach pracy.&nbsp; Osoba kieruj\u0105ca pracownikami a obowi\u0105zek szkolenia BHP&nbsp; Celem os\u00f3b kieruj\u0105cych pracownikami jest dba\u0142o\u015b\u0107 o prawid\u0142owe funkcjonowanie firmy, przy szczeg\u00f3lnej trosce o w\u0142a\u015bciw\u0105 wydajno\u015b\u0107, organizacj\u0119 i jako\u015b\u0107 pracy, tak\u017ce w zakresie higieny i bezpiecze\u0144stwa. W zwi\u0105zku z tym, podobnie jak pracodawca, powinni by\u0107 przeszkoleni i zaznajomieni z przepisami BHP.&nbsp; Dlaczego pracodawca i osoba kieruj\u0105ca pracownikami powinni zna\u0107 przepisy BHP?&nbsp; Pracodawca powinien zna\u0107 przepisy BHP, poniewa\u017c tak nakazuje Kodeks Pracy,&nbsp; a konkretniej artyku\u0142 207. \u00a7 3, wskazuj\u0105cy, \u017ce znajomo\u015b\u0107 przepis\u00f3w o ochronie pracy jest jego obowi\u0105zkiem. Do tych przepis\u00f3w zaliczaj\u0105 si\u0119 konkretniejsze zasady bezpiecze\u0144stwa i higieny pracy, o kt\u00f3rych wspomina artyku\u0142 2373 \u00a7 21. Znajomo\u015b\u0107 ta obejmowa\u0107 powinna przynajmniej zakres, kt\u00f3ry jest niezb\u0119dny do realizowania obowi\u0105zk\u00f3w s\u0142u\u017cbowych. Je\u015bli chodzi o osoby kieruj\u0105ce pracownikami, ich obowi\u0105zek zdobycia wiedzy o przepisach wsparty jest Artyku\u0142em 212. Kodeksu Pracy, w kt\u00f3rym wymienione s\u0105 ich obowi\u0105zki z zakresu BHP.&nbsp; Kiedy powinny si\u0119 odby\u0107 szkolenia BHP Szkolenie BHP dla pracodawcy nie powinno mie\u0107 miejsca p\u00f3\u017aniej ni\u017c w okresie 6 miesi\u0119cy od pierwszego dnia pracy. Jako szkolenie okresowe nie powinno by\u0107 powtarzane rzadziej ni\u017c co pi\u0119\u0107 lat.&nbsp; Pierwsze przeszkolenie dla os\u00f3b kieruj\u0105cych pracownikami powinno mie\u0107 miejsce w ci\u0105gu sze\u015bciu miesi\u0119cy od rozpocz\u0119cia pracy, a nast\u0119pne, okresowe, cz\u0119\u015bciej ni\u017c co pi\u0119\u0107 lat.&nbsp; Kto powinien poprowadzi\u0107 [&hellip;]<\/p>\n","protected":false},"author":6,"featured_media":5995,"parent":0,"menu_order":0,"comment_status":"closed","ping_status":"closed","template":"","meta":{"sfsi_plus_gutenberg_text_before_share":"","sfsi_plus_gutenberg_show_text_before_share":"","sfsi_plus_gutenberg_icon_type":"","sfsi_plus_gutenberg_icon_alignemt":"","sfsi_plus_gutenburg_max_per_row":"","footnotes":""},"class_list":["post-5993","page","type-page","status-publish","has-post-thumbnail","hentry","has_thumb"],"aioseo_notices":[],"_links":{"self":[{"href":"https:\/\/kursy-udt.pl\/en\/wp-json\/wp\/v2\/pages\/5993","targetHints":{"allow":["GET"]}}],"collection":[{"href":"https:\/\/kursy-udt.pl\/en\/wp-json\/wp\/v2\/pages"}],"about":[{"href":"https:\/\/kursy-udt.pl\/en\/wp-json\/wp\/v2\/types\/page"}],"author":[{"embeddable":true,"href":"https:\/\/kursy-udt.pl\/en\/wp-json\/wp\/v2\/users\/6"}],"replies":[{"embeddable":true,"href":"https:\/\/kursy-udt.pl\/en\/wp-json\/wp\/v2\/comments?post=5993"}],"version-history":[{"count":3,"href":"https:\/\/kursy-udt.pl\/en\/wp-json\/wp\/v2\/pages\/5993\/revisions"}],"predecessor-version":[{"id":6078,"href":"https:\/\/kursy-udt.pl\/en\/wp-json\/wp\/v2\/pages\/5993\/revisions\/6078"}],"wp:featuredmedia":[{"embeddable":true,"href":"https:\/\/kursy-udt.pl\/en\/wp-json\/wp\/v2\/media\/5995"}],"wp:attachment":[{"href":"https:\/\/kursy-udt.pl\/en\/wp-json\/wp\/v2\/media?parent=5993"}],"curies":[{"name":"wp","href":"https:\/\/api.w.org\/{rel}","templated":true}]}}