{"id":5959,"date":"2023-06-07T11:47:06","date_gmt":"2023-06-07T09:47:06","guid":{"rendered":"https:\/\/kursy-udt.pl\/?page_id=5959"},"modified":"2023-06-07T11:47:07","modified_gmt":"2023-06-07T09:47:07","slug":"are-you-considering-training-for-a-compressor","status":"publish","type":"page","link":"https:\/\/kursy-udt.pl\/en\/rozwazasz-zrobienie-szkolenia-na-sprezarke\/","title":{"rendered":"Are you considering doing compressor training?"},"content":{"rendered":"<h2 class=\"wp-block-heading\">Compressor operation course<\/h2>\n\n\n\n<p>ERGON offers a course in compressor operation. With our company you will learn how to operate a compressor in a safe and efficient manner. Under the guidance of our training staff, you can acquire the know-how to operate and maintain any type of coupled air system.&nbsp;<\/p>\n\n\n\n<h2 class=\"wp-block-heading\">Why do we need a compressor permit?&nbsp;<\/h2>\n\n\n<div class=\"wp-block-image\">\n<figure class=\"alignleft size-large is-resized\"><a href=\"https:\/\/kursy-udt.pl\/wp-content\/uploads\/2023\/05\/s2-2023-05-17T134147.057.jpg\"><img loading=\"lazy\" decoding=\"async\" src=\"https:\/\/kursy-udt.pl\/wp-content\/uploads\/2023\/05\/s2-2023-05-17T134147.057-1024x684.jpg\" alt=\"industrial compressor\" class=\"wp-image-5960\" width=\"512\" height=\"342\" srcset=\"https:\/\/kursy-udt.pl\/wp-content\/uploads\/2023\/05\/s2-2023-05-17T134147.057-1024x684.jpg 1024w, https:\/\/kursy-udt.pl\/wp-content\/uploads\/2023\/05\/s2-2023-05-17T134147.057-300x200.jpg 300w, https:\/\/kursy-udt.pl\/wp-content\/uploads\/2023\/05\/s2-2023-05-17T134147.057-768x513.jpg 768w, https:\/\/kursy-udt.pl\/wp-content\/uploads\/2023\/05\/s2-2023-05-17T134147.057-1536x1025.jpg 1536w, https:\/\/kursy-udt.pl\/wp-content\/uploads\/2023\/05\/s2-2023-05-17T134147.057-18x12.jpg 18w, https:\/\/kursy-udt.pl\/wp-content\/uploads\/2023\/05\/s2-2023-05-17T134147.057-624x417.jpg 624w, https:\/\/kursy-udt.pl\/wp-content\/uploads\/2023\/05\/s2-2023-05-17T134147.057.jpg 1600w\" sizes=\"auto, (max-width: 512px) 100vw, 512px\" \/><\/a><\/figure>\n<\/div>\n\n\n<p>Compressors, compressors, suction nozzles, blowers and other compressed air systems are devices with a very wide range of applications. Specialised compressors can be found in virtually every automotive workshop. Compressors do not only find their place at the mechanic's shop, they can be found basically everywhere where compressed air is needed. Compressed air systems are also used in pressure painting or when operating any pneumatic tools.&nbsp;&nbsp;<\/p>\n\n\n\n<p>In all these cases, a compressed air system installer and maintainer will find his or her job. It is therefore worth considering doing a compressor licensing course.&nbsp;<\/p>\n\n\n\n<h2 class=\"wp-block-heading\">What does a compressor course look like?&nbsp;<\/h2>\n\n\n\n<p>In Poland, compressors are among the equipment subject to technical supervision. This means that in order to operate them, it is necessary to have the relevant qualification, which is granted by the Office of Technical Inspection. In order to obtain the relevant qualification, you must first pass a course and successfully complete a final examination before a commission from the UDT.&nbsp;<\/p>\n\n\n\n<p>Compressor training consists of two parts - theoretical and practical. In the theoretical part, the trainees receive information in the form of lectures on the safe operation and maintenance of the machine. Topics covered in the ERGON compressor course include:&nbsp;&nbsp;<\/p>\n\n\n\n<ul class=\"wp-block-list\">\n<li>Legislative acts governing the operation and maintenance of coupled air systems,&nbsp;<\/li>\n\n\n\n<li>Types of compressors and principles of operation,&nbsp;<\/li>\n\n\n\n<li>Starting and stopping work with the compressor,&nbsp;<\/li>\n\n\n\n<li>Maintaining technical records for compressor maintenance,&nbsp;<\/li>\n\n\n\n<li>Requirements for pressure vessels under UDT regulations,&nbsp;<\/li>\n\n\n\n<li>Compressor capacity control,&nbsp;<\/li>\n\n\n\n<li>Automatic pressure control,&nbsp;<\/li>\n\n\n\n<li>Health and safety regulations.&nbsp;<\/li>\n<\/ul>\n\n\n\n<p>Then, in the practical part, trainees can practise the acquired knowledge in a controlled environment. Here, trainees have the opportunity to familiarise themselves with the specifications of the compressor and the equipment needed to maintain it properly. As part of its training courses, ERGON provides all trainees with access to equipment specially adapted for this type of exercise. This allows those taking our company's courses to take the final exam with the confidence of passing it.&nbsp;<\/p>\n\n\n<div class=\"wp-block-image\">\n<figure class=\"alignright size-large is-resized\"><a href=\"https:\/\/kursy-udt.pl\/wp-content\/uploads\/2023\/05\/screen_2x-2023-05-17T134126.930.jpg\"><img loading=\"lazy\" decoding=\"async\" src=\"https:\/\/kursy-udt.pl\/wp-content\/uploads\/2023\/05\/screen_2x-2023-05-17T134126.930-1024x683.jpg\" alt=\"compressor operator\" class=\"wp-image-5961\" width=\"512\" height=\"342\" srcset=\"https:\/\/kursy-udt.pl\/wp-content\/uploads\/2023\/05\/screen_2x-2023-05-17T134126.930-1024x683.jpg 1024w, https:\/\/kursy-udt.pl\/wp-content\/uploads\/2023\/05\/screen_2x-2023-05-17T134126.930-300x200.jpg 300w, https:\/\/kursy-udt.pl\/wp-content\/uploads\/2023\/05\/screen_2x-2023-05-17T134126.930-768x512.jpg 768w, https:\/\/kursy-udt.pl\/wp-content\/uploads\/2023\/05\/screen_2x-2023-05-17T134126.930-1536x1024.jpg 1536w, https:\/\/kursy-udt.pl\/wp-content\/uploads\/2023\/05\/screen_2x-2023-05-17T134126.930-18x12.jpg 18w, https:\/\/kursy-udt.pl\/wp-content\/uploads\/2023\/05\/screen_2x-2023-05-17T134126.930-624x416.jpg 624w, https:\/\/kursy-udt.pl\/wp-content\/uploads\/2023\/05\/screen_2x-2023-05-17T134126.930.jpg 1600w\" sizes=\"auto, (max-width: 512px) 100vw, 512px\" \/><\/a><\/figure>\n<\/div>\n\n\n<p>The exam, similar to the compressor course itself, consists of a theoretical and a practical part. In the theoretical part, trainees must answer a series of open and closed questions confirming their knowledge of the principles of safe compressor use. Then, in the practical part, those who pass the exam must correctly perform a number of activities related to the maintenance and operation of the compressed air system in front of a commission appointed by the UDT. Those who pass both parts of the exam are awarded a compressor licence.&nbsp;<\/p>\n\n\n\n<p>The expiry date for compressor qualifications issued by the UDT is five years. After this period, you must pass the examination again with a positive result to renew your licence.&nbsp;&nbsp;<\/p>\n\n\n\n<h2 class=\"wp-block-heading\">How much compressor training does it take?&nbsp;<\/h2>\n\n\n\n<p>The length of a compressor course depends on a number of factors. The most important factor here is the level of experience of each trainee. Our company offers compressor courses both for people with no experience and those who just want to refresh their previously acquired qualifications. In the case of beginners, the length of the course can be up to several dozen hours. For those just renewing a previously acquired permit, ERGOB offers express courses, lasting one day and ending on the same day with an exam.&nbsp;<\/p>\n\n\n\n<p>Course dates at ERGON are also variable. In the case of open courses, they are held regularly throughout the year. For those wishing to check the dates of open training courses, please visit our website.&nbsp;<\/p>\n\n\n\n<p>In addition to standard training courses held on weekdays, our company also offers a range of courses held at other times, such as weekend or evening courses specially designed for people working or studying in the daytime. With ERGON's courses, anyone can enhance their professional skills.&nbsp;<\/p>\n\n\n<div class=\"wp-block-image\">\n<figure class=\"alignright size-large is-resized\"><a href=\"https:\/\/kursy-udt.pl\/wp-content\/uploads\/2023\/05\/s2-2023-05-17T134100.455.jpg\"><img loading=\"lazy\" decoding=\"async\" src=\"https:\/\/kursy-udt.pl\/wp-content\/uploads\/2023\/05\/s2-2023-05-17T134100.455-1024x684.jpg\" alt=\"compressor in operation\" class=\"wp-image-5962\" width=\"512\" height=\"342\" srcset=\"https:\/\/kursy-udt.pl\/wp-content\/uploads\/2023\/05\/s2-2023-05-17T134100.455-1024x684.jpg 1024w, https:\/\/kursy-udt.pl\/wp-content\/uploads\/2023\/05\/s2-2023-05-17T134100.455-300x200.jpg 300w, https:\/\/kursy-udt.pl\/wp-content\/uploads\/2023\/05\/s2-2023-05-17T134100.455-768x513.jpg 768w, https:\/\/kursy-udt.pl\/wp-content\/uploads\/2023\/05\/s2-2023-05-17T134100.455-1536x1025.jpg 1536w, https:\/\/kursy-udt.pl\/wp-content\/uploads\/2023\/05\/s2-2023-05-17T134100.455-18x12.jpg 18w, https:\/\/kursy-udt.pl\/wp-content\/uploads\/2023\/05\/s2-2023-05-17T134100.455-624x417.jpg 624w, https:\/\/kursy-udt.pl\/wp-content\/uploads\/2023\/05\/s2-2023-05-17T134100.455.jpg 1600w\" sizes=\"auto, (max-width: 512px) 100vw, 512px\" \/><\/a><\/figure>\n<\/div>\n\n\n<h2 class=\"wp-block-heading\">Where are the compressor courses held?&nbsp;<\/h2>\n\n\n\n<p>ERGON is based in Warsaw. This is where the compressor courses are conducted. However, our company has branches throughout Poland, plus our trainers can travel to individual customers for training.&nbsp;&nbsp;<\/p>\n\n\n\n<p>The theoretical part of the course can additionally take place via ERGON's online learning platform. For some courses it is possible to conduct the entire training, including the examination, remotely. For more information, please visit our website.&nbsp;<\/p>\n\n\n\n<h2 class=\"wp-block-heading\">Who can take the compressor course?&nbsp;<\/h2>\n\n\n\n<p>Virtually anyone can take part in the compressor training provided by ERGON. All you need to do is meet a set of basic conditions:&nbsp;<\/p>\n\n\n\n<ul class=\"wp-block-list\">\n<li>18 years or older&nbsp;<\/li>\n\n\n\n<li>At least primary education&nbsp;<\/li>\n\n\n\n<li>No medical contraindications to work with compressed air systems&nbsp;<\/li>\n<\/ul>\n\n\n\n<p>Our company offers both open courses, open to everyone, and private courses, designed for companies wishing to broaden the professional skills of their employees.&nbsp;<\/p>\n\n\n\n<p>For open courses, the price and length depends on the course level and length. If you would like to sign up for an open compressor course at ERGON, we encourage you to check out the schedule on our website.&nbsp;<\/p>\n\n\n\n<p>If you would like to enrol your company's employees in a compressor training course, please call our consultants. The price or the length of the course depends on many details such as the number of trainees or the place of the course, prices for companies using our services are always calculated individually. In addition, companies entering into long-term cooperation with ERGON can count on preferential rates.&nbsp;<\/p>","protected":false},"excerpt":{"rendered":"<p>Kurs z obs\u0142ugi spr\u0119\u017carki Firma ERGON oferuje kurs w zakresie obs\u0142ugi spr\u0119\u017carki. Dzi\u0119ki naszej firmie dowiesz si\u0119 jak w bezpieczny i sprawny spos\u00f3b obs\u0142ugiwa\u0107 spr\u0119\u017cark\u0119. Pod okiem naszej kadry szkoleniowej mo\u017cesz naby\u0107 widz\u0119 dotycz\u0105c\u0105 eksploatacji i konserwacji instalacji sprz\u0119\u017conego powietrza ka\u017cdego rodzaju.&nbsp; Dlaczego potrzebujemy pozwolenia na spr\u0119\u017cark\u0119?&nbsp; Spr\u0119\u017carki, kompresory, ssawy, dmuchawy i inne instalacje sprz\u0119\u017conego powietrza to urz\u0105dzenia o bardzo szerokim zastosowaniu. Specjalistyczne kompresory znale\u017a\u0107 mo\u017cna praktycznie w ka\u017cdym warsztacie samochodowym. Kompresory maj\u0105 swoje miejsce nie tylko u mechanika, mo\u017cna je znale\u017a\u0107 zasadniczo wsz\u0119dzie tam, gdzie potrzebne jest spr\u0119\u017cone powietrze. Instalacje powietrza spr\u0119\u017conego stosuje si\u0119 tak\u017ce w malowaniu ci\u015bnieniowym czy przy obs\u0142udze jakichkolwiek narz\u0119dzi pneumatycznych.&nbsp;&nbsp; We wszystkich tych przypadkach swoj\u0105 prac\u0119 znajdzie instalator i konserwator instalacji spr\u0119\u017conego powietrza. Dlatego te\u017c warto rozwa\u017cy\u0107 zrobienie kursu nadaj\u0105cego pozwolenia na spr\u0119\u017cark\u0119.&nbsp; Jak wygl\u0105da kurs na spr\u0119\u017cark\u0119?&nbsp; Spr\u0119\u017carki zaliczaj\u0105 si\u0119 w Polsce do urz\u0105dze\u0144 obj\u0119tych dozorem technicznym. Znaczy to, \u017ce do ich obs\u0142ugi nale\u017cy posiada\u0107 odpowiednie uprawnienia, nadawane przez Urz\u0105d Dozoru Technicznego. Aby zdoby\u0107 odpowiednie kwalifikacje, nale\u017cy najpierw zaliczy\u0107 kurs i uko\u0144czy\u0107 z pozytywnym wynikiem egzamin ko\u0144cowy przed komisj\u0105 UDT.&nbsp; Szkolenie na spr\u0119\u017cark\u0119 sk\u0142ada si\u0119 z dw\u00f3ch cz\u0119\u015bci \u2013 teoretycznej oraz praktycznej. W cz\u0119\u015bci teoretycznej kursanci otrzymuj\u0105 w formie wyk\u0142ad\u00f3w informacje dotycz\u0105ce bezpiecznej eksploatacji i prowadzenia konserwacji urz\u0105dzenia. Tematy poruszane na kursie na spr\u0119\u017cark\u0119 w firmie ERGON to m. in.:&nbsp;&nbsp; Nast\u0119pnie w cz\u0119\u015bci praktycznej kursanci mog\u0105 prze\u0107wiczy\u0107 nabyt\u0105 wiedz\u0119 w kontrolowanym \u015brodowisku. Osoby bior\u0105ce udzia\u0142 w szkoleniu maj\u0105 tutaj okazj\u0119 zapozna\u0107 si\u0119 ze specyfikacjami spr\u0119\u017carki i sprz\u0119tu potrzebnego do jej odpowiedniej konserwacji. W ramach swoich szkole\u0144, firma ERGON zapewnia [&hellip;]<\/p>\n","protected":false},"author":6,"featured_media":5960,"parent":0,"menu_order":0,"comment_status":"closed","ping_status":"closed","template":"","meta":{"sfsi_plus_gutenberg_text_before_share":"","sfsi_plus_gutenberg_show_text_before_share":"","sfsi_plus_gutenberg_icon_type":"","sfsi_plus_gutenberg_icon_alignemt":"","sfsi_plus_gutenburg_max_per_row":"","footnotes":""},"class_list":["post-5959","page","type-page","status-publish","has-post-thumbnail","hentry","has_thumb"],"aioseo_notices":[],"_links":{"self":[{"href":"https:\/\/kursy-udt.pl\/en\/wp-json\/wp\/v2\/pages\/5959","targetHints":{"allow":["GET"]}}],"collection":[{"href":"https:\/\/kursy-udt.pl\/en\/wp-json\/wp\/v2\/pages"}],"about":[{"href":"https:\/\/kursy-udt.pl\/en\/wp-json\/wp\/v2\/types\/page"}],"author":[{"embeddable":true,"href":"https:\/\/kursy-udt.pl\/en\/wp-json\/wp\/v2\/users\/6"}],"replies":[{"embeddable":true,"href":"https:\/\/kursy-udt.pl\/en\/wp-json\/wp\/v2\/comments?post=5959"}],"version-history":[{"count":2,"href":"https:\/\/kursy-udt.pl\/en\/wp-json\/wp\/v2\/pages\/5959\/revisions"}],"predecessor-version":[{"id":6073,"href":"https:\/\/kursy-udt.pl\/en\/wp-json\/wp\/v2\/pages\/5959\/revisions\/6073"}],"wp:featuredmedia":[{"embeddable":true,"href":"https:\/\/kursy-udt.pl\/en\/wp-json\/wp\/v2\/media\/5960"}],"wp:attachment":[{"href":"https:\/\/kursy-udt.pl\/en\/wp-json\/wp\/v2\/media?parent=5959"}],"curies":[{"name":"wp","href":"https:\/\/api.w.org\/{rel}","templated":true}]}}