{"id":56,"date":"2014-02-10T17:20:30","date_gmt":"2014-02-10T17:20:30","guid":{"rendered":"http:\/\/kursy-udt.kwiaty0.pl\/?page_id=56"},"modified":"2016-01-21T19:32:16","modified_gmt":"2016-01-21T19:32:16","slug":"lifting-trucks","status":"publish","type":"page","link":"https:\/\/kursy-udt.pl\/en\/wozki-jezdniowe-podnosnikowe\/","title":{"rendered":"Forklift trucks"},"content":{"rendered":"<div style=\"float:left; padding-right:10px;\"><img decoding=\"async\" src=\"\/wp-content\/uploads\/2014\/03\/wozki-widlowe-3.jpeg\" alt=\"Forklift trucks\"><\/div>\n<div class=\"wyjustuj\">You are invited to attend a course on <a href=\"https:\/\/kursy-udt.pl\/en\/szkolenia\/wozkiwidlowe\/\">forklift trucks<\/a> to the ERGON Personnel Training Centre! Participants in our training courses always learn about forklift trucks comprehensively - certification with us is therefore very easy to obtain. All our forklift truck courses are based on the experience of our qualified lecturers and instructors as well as the latest legislation. The courses are taught at all levels, so you can obtain I, II, III WJO qualifications to operate any type of equipment. <\/p>\n<p>Lift truck training in <a href=\"https:\/\/kursy-udt.pl\/en\/o-firmie\/\">ERGON Center<\/a> is divided into a theoretical and a practical part. During the theoretical part, information related to the construction and functioning principles of the equipment and its safe operation in accordance with the regulations is covered <a href=\"https:\/\/kursy-udt.pl\/en\/szkolenia\/bhp-bezpieczenstwo-pracy\/prawna-ochrona-pracy\/\">Health and Safety<\/a> and UDT. In the practical part, participants learn how to manoeuvre the equipment and carry out various jobs. At the end of the training course, it is possible to take the UDT exam and obtain the authorisations. Thanks to the fact that our training courses are always conducted comprehensively and with an emphasis on results, obtaining authorisations is made much easier!<\/p>\n<p><strong>Application<\/strong><br \/>\nLift trucks or otherwise <span class=\"linkwartykule\"><a href=\"\/en\/training\/forklifts\/\">forklifts<\/a><\/span> are handling equipment with versatile applications. They are used to transport goods mainly on wooden pallets in warehouses, production halls, shops or ports. <\/p>\n<p>The division of trolleys is according to categories <a href=\"https:\/\/kursy-udt.pl\/en\/uprawnienia-udt\/kategorie-uprawnien-2\/\">UDT qualifications<\/a>. Within these, we distinguish between equipment with different drive types, including: electric, battery, petrol and diesel. In terms of operation, a distinction is made between stacker trucks, lift trucks, tractor trucks, loaders and special trucks. In terms of steering, the equipment is divided into steerable, platform, remote-controlled and seat-equipped. <\/p>\n<p><strong>Types of permissions<\/strong><br \/>\nThe UDT distinguishes 3 categories of authorisations necessary to operate these devices:<\/p>\n<ul>\n<li>\n<strong>Category I WJO:<\/strong><br \/>\n- lift trucks<br \/>\n- special purpose stacker trucks - with operator-powered lift with load and variable reach\n<\/li>\n<li>\n<strong>Category II WJO:<\/strong><br \/>\n- lift trucks, except specialised trucks\n<\/li>\n<li>\n<strong>Category III WJO:<\/strong><br \/>\n- lift trucks, steered and remote-controlled\n<\/li>\n<\/ul>\n<p><strong>Purpose of the training<\/strong><br \/>\nThe training courses on offer are designed for those who are 18 years of age or older, have no medical contraindications to be an operator and have completed at least primary school.<\/p>\n<p>Currently, many workplaces are looking for employees who are qualified to operate forklift trucks. The training courses held at our centre will therefore be a very good investment to help you find employment. We also organise training courses for groups of employees referred by an employer. We can carry them out at a convenient time and place.<\/p>\n<p>We invite you to take advantage of the offer!<\/p><\/div>\n<div class=\"button_styl\" style=\"float:right; padding-left:15px; padding-bottom:8px; margin-bottom:5px;\"><a href=\"https:\/\/platformaedukacji.pl\/login\/signup.php\" rel=\"nofollow\" target=\"_blank\" class=\"myButton myButton_maly\"><font color=\"white\">Sign up for training<\/font><\/a><\/div>","protected":false},"excerpt":{"rendered":"<p>Zapraszamy na kurs na w\u00f3zki jezdniowe podno\u015bnikowe do O\u015brodka Szkolenia Kadr ERGON! Uczestnicy naszych szkole\u0144 zawsze kompleksowo poznaj\u0105 w\u00f3zki jezdniowe podno\u015bnikowe \u2013 uprawnienia z nami s\u0105 w zwi\u0105zku z tym bardzo \u0142atwe do uzyskania. Wszystkie nasze kursy na w\u00f3zki jezdniowe podno\u015bnikowe bazuj\u0105 na do\u015bwiadczeniu naszych wykwalifikowanych wyk\u0142adowc\u00f3w i instruktor\u00f3w oraz na najnowszych przepisach prawnych. Kursy s\u0105 prowadzone na wszystkich poziomach, dlatego mo\u017cna dzi\u0119ki nim uzyska\u0107 uprawnienia I, II, III WJO do obs\u0142ugi ka\u017cdego typu urz\u0105dze\u0144. Szkolenie na w\u00f3zki jezdniowe podno\u015bnikowe w O\u015brodku ERGON jest podzielone na cz\u0119\u015b\u0107 teoretyczn\u0105 i praktyczn\u0105. Podczas cz\u0119\u015bci teoretycznej poruszane s\u0105 informacje zwi\u0105zane z budow\u0105 i zasadami funkcjonowania urz\u0105dze\u0144 oraz bezpiecznym operowaniem nimi zgodnie z przepisami BHP oraz UDT. W cz\u0119\u015bci praktycznej uczestnicy ucz\u0105 si\u0119 manewrowania urz\u0105dzeniem i wykonywania r\u00f3\u017cnych prac. Po zako\u0144czeniu szkolenia mo\u017cna podej\u015b\u0107 do egzaminu Urz\u0119du Dozoru Technicznego i otrzyma\u0107 uprawnienia. Dzi\u0119ki temu, \u017ce nasze szkolenia zawsze s\u0105 prowadzone kompleksowo i z naciskiem na efekty, otrzymanie uprawnie\u0144 jest znacznie u\u0142atwione! Zastosowanie W\u00f3zki jezdniowe podno\u015bnikowe czy te\u017c inaczej w\u00f3zki wid\u0142owe s\u0105 urz\u0105dzeniami transportu bliskiego, kt\u00f3re maj\u0105 wszechstronne zastosowanie. S\u0105 one u\u017cywane do transportu towar\u00f3w g\u0142\u00f3wnie na paletach drewnianych w magazynach, halach produkcyjnych, sklepach czy portach. Podzia\u0142 w\u00f3zk\u00f3w jest zgodny z kategoriami uprawnie\u0144 UDT. W ich ramach wyr\u00f3\u017cniamy urz\u0105dzenia o r\u00f3\u017cnych typach nap\u0119d\u00f3w, w tym: z nap\u0119dem elektrycznym, akumulatorowym, benzynowym i silnikiem diesla. Pod k\u0105tem eksploatacji wyr\u00f3\u017cniamy w\u00f3zki jezdniowe podno\u015bnikowe, unosz\u0105ce, ci\u0105gnikowe, na\u0142adowne oraz specjalne. Pod wzgl\u0119dem sposobu kierowania urz\u0105dzenia dzieli si\u0119 na prowadzone, podestowe, zdalnie sterowane i wyposa\u017cone w fotel. Rodzaje uprawnie\u0144 UDT wyr\u00f3\u017cnia 3 kategorie uprawnie\u0144 niezb\u0119dnych do [&hellip;]<\/p>\n","protected":false},"author":1,"featured_media":0,"parent":0,"menu_order":0,"comment_status":"closed","ping_status":"closed","template":"","meta":{"sfsi_plus_gutenberg_text_before_share":"","sfsi_plus_gutenberg_show_text_before_share":"","sfsi_plus_gutenberg_icon_type":"","sfsi_plus_gutenberg_icon_alignemt":"","sfsi_plus_gutenburg_max_per_row":"","footnotes":""},"class_list":["post-56","page","type-page","status-publish","hentry","has_thumb"],"aioseo_notices":[],"_links":{"self":[{"href":"https:\/\/kursy-udt.pl\/en\/wp-json\/wp\/v2\/pages\/56","targetHints":{"allow":["GET"]}}],"collection":[{"href":"https:\/\/kursy-udt.pl\/en\/wp-json\/wp\/v2\/pages"}],"about":[{"href":"https:\/\/kursy-udt.pl\/en\/wp-json\/wp\/v2\/types\/page"}],"author":[{"embeddable":true,"href":"https:\/\/kursy-udt.pl\/en\/wp-json\/wp\/v2\/users\/1"}],"replies":[{"embeddable":true,"href":"https:\/\/kursy-udt.pl\/en\/wp-json\/wp\/v2\/comments?post=56"}],"version-history":[{"count":22,"href":"https:\/\/kursy-udt.pl\/en\/wp-json\/wp\/v2\/pages\/56\/revisions"}],"predecessor-version":[{"id":1268,"href":"https:\/\/kursy-udt.pl\/en\/wp-json\/wp\/v2\/pages\/56\/revisions\/1268"}],"wp:attachment":[{"href":"https:\/\/kursy-udt.pl\/en\/wp-json\/wp\/v2\/media?parent=56"}],"curies":[{"name":"wp","href":"https:\/\/api.w.org\/{rel}","templated":true}]}}