{"id":5573,"date":"2023-03-20T23:04:11","date_gmt":"2023-03-20T22:04:11","guid":{"rendered":"https:\/\/kursy-udt.pl\/?page_id=5573"},"modified":"2023-03-21T13:39:01","modified_gmt":"2023-03-21T12:39:01","slug":"service","status":"publish","type":"page","link":"https:\/\/kursy-udt.pl\/en\/uslugi\/serwis\/","title":{"rendered":"Service"},"content":{"rendered":"\n<h2 class=\"wp-block-heading\">Kompleksowy serwis urz\u0105dze\u0144 transportu bliskiego&nbsp;<\/h2>\n\n\n\n<p>Nasza firma specjalizuje si\u0119 w serwisie, monta\u017cu oraz sprzeda\u017cy urz\u0105dze\u0144 Transportu Bliskiego, obj\u0119tych og\u00f3lnym dozorem UDT.&nbsp;<\/p>\n\n\n\n<h2 class=\"wp-block-heading\">Co mo\u017cemy Pa\u0144stwu zaoferowa\u0107?&nbsp;<\/h2>\n\n\n<div class=\"wp-block-image\">\n<figure class=\"alignright size-large is-resized\"><a href=\"https:\/\/kursy-udt.pl\/wp-content\/uploads\/2023\/03\/screen_2x-2023-03-08T141454.287.jpg\"><img loading=\"lazy\" decoding=\"async\" src=\"https:\/\/kursy-udt.pl\/wp-content\/uploads\/2023\/03\/screen_2x-2023-03-08T141454.287-718x1024.jpg\" alt=\"w\u00f3zek wid\u0142owy jedzie do magazynu\" class=\"wp-image-5437\" width=\"359\" height=\"512\" srcset=\"https:\/\/kursy-udt.pl\/wp-content\/uploads\/2023\/03\/screen_2x-2023-03-08T141454.287-718x1024.jpg 718w, https:\/\/kursy-udt.pl\/wp-content\/uploads\/2023\/03\/screen_2x-2023-03-08T141454.287-210x300.jpg 210w, https:\/\/kursy-udt.pl\/wp-content\/uploads\/2023\/03\/screen_2x-2023-03-08T141454.287-768x1095.jpg 768w, https:\/\/kursy-udt.pl\/wp-content\/uploads\/2023\/03\/screen_2x-2023-03-08T141454.287-1077x1536.jpg 1077w, https:\/\/kursy-udt.pl\/wp-content\/uploads\/2023\/03\/screen_2x-2023-03-08T141454.287-8x12.jpg 8w, https:\/\/kursy-udt.pl\/wp-content\/uploads\/2023\/03\/screen_2x-2023-03-08T141454.287-624x890.jpg 624w, https:\/\/kursy-udt.pl\/wp-content\/uploads\/2023\/03\/screen_2x-2023-03-08T141454.287.jpg 1122w\" sizes=\"auto, (max-width: 359px) 100vw, 359px\" \/><\/a><\/figure>\n<\/div>\n\n\n<ul class=\"wp-block-list\">\n<li>elastyczne dostosowanie si\u0119 do spersonalizowanych potrzeb klienta;&nbsp;<\/li>\n\n\n\n<li>ogl\u0119dziny technicznego stanu urz\u0105dze\u0144 UDT (w\u0142\u0105cznie z weryfikacj\u0105);&nbsp;&nbsp;<\/li>\n\n\n\n<li>pe\u0142en zakres obs\u0142ugi urz\u0105dze\u0144 Transportu Bliskiego (przegl\u0105d, audyt, konserwacja, naprawa, serwis, modernizacja);&nbsp;&nbsp;<\/li>\n\n\n\n<li>sprzeda\u017c oraz dostaw\u0119 cz\u0119\u015bci do podno\u015bnik\u00f3w;&nbsp;<\/li>\n\n\n\n<li>dostaw\u0119 i sprzeda\u017c cz\u0119\u015bci do innych urz\u0105dze\u0144 UDT (obejmuje zar\u00f3wno u\u017cywane, jak i nowe cz\u0119\u015bci);&nbsp;<\/li>\n\n\n\n<li>diagnostyk\u0119 przegl\u0105dow\u0105 stacjonarn\u0105 i zdaln\u0105 (mobiln\u0105);&nbsp;<\/li>\n\n\n\n<li>naprawy gwarancyjne i pogwarancyjne;&nbsp;<\/li>\n\n\n\n<li>kompleksowy demonta\u017c element\u00f3w zwy\u017cek;&nbsp;<\/li>\n\n\n\n<li>dora\u017ane wsparcie w zakresie prac spawalniczych;&nbsp;<\/li>\n\n\n\n<li>szeroki program wsp\u00f3\u0142pracy (d\u0142ugoterminowe lub jednorazowe us\u0142ugi);&nbsp;<\/li>\n\n\n\n<li>odbiorcze, dora\u017ane oraz okresowe badania zgodne z wytycznymi UDT.&nbsp;<\/li>\n<\/ul>\n\n\n\n<p><strong>Oferujemy kompleksowy serwis m.in:<\/strong><\/p>\n\n\n\n<ul class=\"wp-block-list\">\n<li>w\u00f3zk\u00f3w wid\u0142owych;<\/li>\n\n\n\n<li>podest\u00f3w ruchomych (podno\u015bnik\u00f3w koszowych i no\u017cycowych);<\/li>\n\n\n\n<li>\u0142adowarek teleskopowych;<\/li>\n\n\n\n<li>suwnic;<\/li>\n\n\n\n<li>\u017curawi HDS.<\/li>\n<\/ul>\n\n\n\n<h2 class=\"wp-block-heading\">Czym zajmuje si\u0119 UDT?&nbsp;<\/h2>\n\n\n\n<p><strong>Urz\u0105dzenia UDT <\/strong>\u2013 urz\u0105dzenia, kt\u00f3re podlegaj\u0105 dozorowi technicznemu.&nbsp;<\/p>\n\n\n\n<p>Skr\u00f3t UDT oznacza Urz\u0105d Dozoru Technicznego, czyli instytucj\u0119 pa\u0144stwow\u0105, maj\u0105c\u0105 za zadanie nadzorowa\u0107 stan techniczny urz\u0105dze\u0144 i instalacji technicznych, jak r\u00f3wnie\u017c gwarantowa\u0107 bezpiecze\u0144stwo podczas wykonywania prac z wykorzystaniem tych urz\u0105dze\u0144. Urz\u0105d Dozoru Technicznego wydaje dokumentacj\u0119 nadaj\u0105c\u0105 uprawnienia do wykonywania obs\u0142ugi, a tak\u017ce konserwacji konkretnych urz\u0105dze\u0144 technicznych. Nieprzestrzeganie zasad i norm okre\u015blanych przez UDT podlega karze administracyjnej.&nbsp;<\/p>\n\n\n\n<p><strong>Do urz\u0105dze\u0144 UDT nale\u017c\u0105 w g\u0142\u00f3wnej mierze:&nbsp;<\/strong><\/p>\n\n\n\n<ul class=\"dwiekolumny wp-block-list\">\n<li class=\"dwiekolumny\">podno\u015bniki koszowe (podesty ruchome);&nbsp;<\/li>\n\n\n\n<li>windy (<a href=\"https:\/\/kursy-udt.pl\/en\/szkolenia\/udt-wdt-tdt\/podesty-zaladowcze\/\">podesty za\u0142adowcze<\/a>);&nbsp;<\/li>\n\n\n\n<li>\u017curawie (HDS);&nbsp;<\/li>\n\n\n\n<li>d\u017awigi (w tym d\u017awigi samojezdne) i d\u017awigniki (w tym samochodowe);&nbsp;<\/li>\n\n\n\n<li>wyci\u0105garki i wyci\u0105gniki;&nbsp;<\/li>\n\n\n\n<li>suwnice;&nbsp;<\/li>\n\n\n\n<li>w\u00f3zki wid\u0142owe;&nbsp;<\/li>\n\n\n\n<li>\u0142adowarki teleskopowe;&nbsp;<\/li>\n\n\n\n<li>podesty ruchome;&nbsp;<\/li>\n\n\n\n<li>uk\u0142adnice magazynowe.&nbsp;<br>&nbsp;<\/li>\n<\/ul>\n\n\n<div class=\"wp-block-image\">\n<figure class=\"alignleft size-large is-resized\"><a href=\"https:\/\/kursy-udt.pl\/wp-content\/uploads\/2023\/03\/screen_2x-2023-03-08T142151.038.jpg\"><img loading=\"lazy\" decoding=\"async\" src=\"https:\/\/kursy-udt.pl\/wp-content\/uploads\/2023\/03\/screen_2x-2023-03-08T142151.038-1024x682.jpg\" alt=\"suwnica w warsztacie\" class=\"wp-image-5434\" width=\"512\" height=\"341\" srcset=\"https:\/\/kursy-udt.pl\/wp-content\/uploads\/2023\/03\/screen_2x-2023-03-08T142151.038-1024x682.jpg 1024w, https:\/\/kursy-udt.pl\/wp-content\/uploads\/2023\/03\/screen_2x-2023-03-08T142151.038-300x200.jpg 300w, https:\/\/kursy-udt.pl\/wp-content\/uploads\/2023\/03\/screen_2x-2023-03-08T142151.038-768x512.jpg 768w, https:\/\/kursy-udt.pl\/wp-content\/uploads\/2023\/03\/screen_2x-2023-03-08T142151.038-1536x1023.jpg 1536w, https:\/\/kursy-udt.pl\/wp-content\/uploads\/2023\/03\/screen_2x-2023-03-08T142151.038-18x12.jpg 18w, https:\/\/kursy-udt.pl\/wp-content\/uploads\/2023\/03\/screen_2x-2023-03-08T142151.038-624x416.jpg 624w, https:\/\/kursy-udt.pl\/wp-content\/uploads\/2023\/03\/screen_2x-2023-03-08T142151.038.jpg 1600w\" sizes=\"auto, (max-width: 512px) 100vw, 512px\" \/><\/a><\/figure>\n<\/div>\n\n\n<h2 class=\"wp-block-heading\">Co wyr\u00f3\u017cnia nasz\u0105 firm\u0119?&nbsp;<\/h2>\n\n\n\n<p>Jeste\u015bmy zak\u0142adem z wieloletnim sta\u017cem pracy, uprawnionym do modernizacji oraz serwisu urz\u0105dze\u0144 transportu bliskiego przez Urz\u0105d Dozoru Technicznego. W zwi\u0105zku z powy\u017cszym zapewniamy przegl\u0105dy konserwacyjne, jak r\u00f3wnie\u017c wykonujemy specjalistyczne naprawy kompleksowe (w tym spawalnicze). W g\u0142\u00f3wnej mierze zajmujemy si\u0119 napraw\u0105 podno\u015bnik\u00f3w (koszowych i no\u017cycowych) oraz wind samochodowych, jednak posiadamy kwalifikacje umo\u017cliwiaj\u0105ce konserwacj\u0119 wszystkich urz\u0105dze\u0144 UTD dost\u0119pnych na rynku.&nbsp;&nbsp;<\/p>\n\n\n\n<p>Dajemy klientom mo\u017cliwo\u015b\u0107 wykonania bada\u0144 i \u015bwiadcze\u0144 urz\u0105dze\u0144 UDT w siedzibie naszej firmy. Zajmujemy si\u0119 te\u017c wsparciem merytorycznym i praktycznym w zakresie pomocy w przygotowywaniu dokumentacji do przeprowadzenia bada\u0144. Ponadto pomagamy w rejestracji urz\u0105dze\u0144 w Urz\u0119dzie Dozoru Technicznego.&nbsp;<\/p>\n\n\n\n<h2 class=\"wp-block-heading\">Wymogi dokumentacji technicznej UDT&nbsp;&nbsp;<\/h2>\n\n\n\n<p>Podczas napraw oraz modernizacji urz\u0105dze\u0144 technicznych, podlegaj\u0105cych dozorowi technicznemu, wymagane jest za\u015bwiadczenie do wykonywania tego typu czynno\u015bci, wystawione przez UDT. Po dokonanej naprawie lub modernizacji inspektor zajmuje si\u0119 przeprowadzeniem dora\u017anych bada\u0144 stanu technicznego urz\u0105dzenia, a nast\u0119pnie wydaje decyzj\u0119, w kt\u00f3rej uwzgl\u0119dnia czy dany obiekt b\u0119dzie dopuszczony do eksploatacji.&nbsp;<\/p>\n\n\n\n<p><strong>Dokumentacja techniczna uzgadniaj\u0105ca napraw\u0119 urz\u0105dze\u0144 bezci\u015bnieniowych i ci\u015bnieniowych powinna zawiera\u0107 przede wszystkim:&nbsp;<\/strong><\/p>\n\n\n\n<ul class=\"wp-block-list\">\n<li>og\u00f3lny opis elementu;&nbsp;<\/li>\n\n\n\n<li>wykaz zastosowanych norm oraz specyfikacji technicznych;&nbsp;<\/li>\n\n\n\n<li>obliczenia projektowe;&nbsp;<\/li>\n\n\n\n<li>rysunki zestawieniowe oraz schematy (np. obwod\u00f3w, podzespo\u0142\u00f3w itp.);&nbsp;<\/li>\n\n\n\n<li>wyja\u015bnienia i opisy niezb\u0119dne do zrozumienia uwzgl\u0119dnionych schemat\u00f3w;&nbsp;<\/li>\n\n\n\n<li>informacje odnosz\u0105ce si\u0119 do bada\u0144 przewidzianych na etapie produkcji;&nbsp;<\/li>\n\n\n\n<li>wyniki bada\u0144, kt\u00f3re by\u0142y przeprowadzane na etapie projektu.&nbsp;<\/li>\n<\/ul>\n\n\n\n<p><strong>Dokumentacja techniczna uwzgl\u0119dniaj\u0105ca modernizacj\u0119 lub napraw\u0119 powinna zawiera\u0107 w sobie:&nbsp;<\/strong><\/p>\n\n\n<div class=\"wp-block-image\">\n<figure class=\"alignright size-large is-resized\"><a href=\"https:\/\/kursy-udt.pl\/wp-content\/uploads\/2023\/03\/s2-2023-03-08T141529.931.jpg\"><img loading=\"lazy\" decoding=\"async\" src=\"https:\/\/kursy-udt.pl\/wp-content\/uploads\/2023\/03\/s2-2023-03-08T141529.931-1024x683.jpg\" alt=\"pracownicy na pode\u015bcie ruchomym\" class=\"wp-image-5435\" width=\"512\" height=\"342\" srcset=\"https:\/\/kursy-udt.pl\/wp-content\/uploads\/2023\/03\/s2-2023-03-08T141529.931-1024x683.jpg 1024w, https:\/\/kursy-udt.pl\/wp-content\/uploads\/2023\/03\/s2-2023-03-08T141529.931-300x200.jpg 300w, https:\/\/kursy-udt.pl\/wp-content\/uploads\/2023\/03\/s2-2023-03-08T141529.931-768x512.jpg 768w, https:\/\/kursy-udt.pl\/wp-content\/uploads\/2023\/03\/s2-2023-03-08T141529.931-1536x1024.jpg 1536w, https:\/\/kursy-udt.pl\/wp-content\/uploads\/2023\/03\/s2-2023-03-08T141529.931-18x12.jpg 18w, https:\/\/kursy-udt.pl\/wp-content\/uploads\/2023\/03\/s2-2023-03-08T141529.931-624x416.jpg 624w, https:\/\/kursy-udt.pl\/wp-content\/uploads\/2023\/03\/s2-2023-03-08T141529.931.jpg 1600w\" sizes=\"auto, (max-width: 512px) 100vw, 512px\" \/><\/a><\/figure>\n<\/div>\n\n\n<ul class=\"wp-block-list\">\n<li>og\u00f3lny zakres modernizacji lub naprawy urz\u0105dzenia i jego opis;&nbsp;<\/li>\n\n\n\n<li>rysunki: urz\u0105dzenia oraz element\u00f3w umo\u017cliwiaj\u0105cych ocen\u0119 planowanej modernizacji lub naprawy;&nbsp;<\/li>\n\n\n\n<li>wykazy modernizowanych: schemat\u00f3w, element\u00f3w, obwod\u00f3w i podzespo\u0142\u00f3w;&nbsp;<\/li>\n\n\n\n<li>wykaz urz\u0105dze\u0144 zabezpieczaj\u0105cych (je\u017celi zakresem modernizacji\/naprawy obj\u0119te s\u0105 r\u00f3wnie\u017c typy urz\u0105dze\u0144, nale\u017cy uwzgl\u0119dni\u0107 r\u00f3wnie\u017c tak\u0105 informacj\u0119);&nbsp;&nbsp;<\/li>\n\n\n\n<li>obliczenia wytrzyma\u0142o\u015bciowe (w sytuacji, gdy modernizacja\/naprawa zwi\u0105zana jest ze zmian\u0105 materia\u0142\u00f3w, parametr\u00f3w lub konstrukcji urz\u0105dzenia);&nbsp;<\/li>\n\n\n\n<li>dokumentacj\u0119 techniczno-ruchow\u0105, b\u0105d\u017a jej cz\u0119\u015b\u0107, kt\u00f3ra b\u0119dzie obejmowa\u0142a zmiany po modernizacji;&nbsp;<\/li>\n\n\n\n<li>wyniki pr\u00f3b oraz inne dane techniczne, kt\u00f3re umo\u017cliwi\u0105 sprawdzenie prawid\u0142owego doboru element\u00f3w (jedynie w momencie, gdy ma to uzasadnienie w zakresie modernizacji\/naprawy).&nbsp;<\/li>\n<\/ul>\n\n\n\n<h2 class=\"wp-block-heading\">Dlaczego warto nas wybra\u0107?&nbsp;<\/h2>\n\n\n\n<p>Dla wielu firm za\u015bwiadczenia UDT s\u0105 podstaw\u0105 dla dalszego funkcjonowania i rozwoju.&nbsp; W zwi\u0105zku z powy\u017cszym, naszym klientom ka\u017cdorazowo polecamy zdobywanie <a href=\"https:\/\/kursy-udt.pl\/en\/uprawnienia-udt\/kategorie-uprawnien-2\/\">uprawnie\u0144 UDT<\/a> oraz systematyczne przegl\u0105dy urz\u0105dze\u0144. Nasza plac\u00f3wka gwarantuje precyzyjne i spersonalizowane podej\u015bcie podczas przegl\u0105d\u00f3w i konserwacji, zapewniaj\u0105c, \u017ce nasze us\u0142ugi wykonywane s\u0105 zgodnie z wymogami UDT.&nbsp;<\/p>\n\n\n\n<h2 class=\"wp-block-heading\">Pytania i odpowiedzi<\/h2>\n\n\n\t\t<details\t\thelp class=\"sc_fs_faq sc_card    \"\n\t\topen\t\t>\n\t\t\t\t\t<summary>\n\t\t\t\t<h3>Jakie us\u0142ugi i \u015bwiadczenia oferujecie?<\/h3>\t\t\t\t\t<\/summary>\n\t\t\t\t<div>\n\t\t\t\t\t\t<div class=\"sc_fs_faq__content\">\n\t\t\t\t\n\n<p>W g\u0142\u00f3wnej mierze zajmujemy si\u0119 napraw\u0105 podno\u015bnik\u00f3w (koszowych i no\u017cycowych) oraz wind samochodowych, jednak posiadamy kwalifikacje umo\u017cliwiaj\u0105ce konserwacj\u0119 wszystkich urz\u0105dze\u0144 UTD dost\u0119pnych na rynku.<\/p>\n\n\t\t\t<\/div>\n\t\t<\/div>\n\t\t<\/details>\n\t\t\t\t<details\t\thelp class=\"sc_fs_faq sc_card    \"\n\t\t\t\t>\n\t\t\t\t\t<summary>\n\t\t\t\t<h3>Czy wykonujecie naprawy pogwarancyjne?<\/h3>\t\t\t\t\t<\/summary>\n\t\t\t\t<div>\n\t\t\t\t\t\t<div class=\"sc_fs_faq__content\">\n\t\t\t\t\n\n<p>Tak, nasza firma oferuje zar\u00f3wno serwis urz\u0105dze\u0144 gwarancyjnych, jak r\u00f3wnie\u017c pogwarancyjnych.<\/p>\n\n\t\t\t<\/div>\n\t\t<\/div>\n\t\t<\/details>\n\t\t\n<script type=\"application\/ld+json\">\n\t{\n\t\t\"@context\": \"https:\/\/schema.org\",\n\t\t\"@type\": \"FAQPage\",\n\t\t\"mainEntity\": [\n\t\t\t\t\t{\n\t\t\t\t\"@type\": \"Question\",\n\t\t\t\t\"name\": \"Jakie us\u0142ugi i \u015bwiadczenia oferujecie?\",\n\t\t\t\t\"acceptedAnswer\": {\n\t\t\t\t\t\"@type\": \"Answer\",\n\t\t\t\t\t\"text\": \"<p>W g\u0142\u00f3wnej mierze zajmujemy si\u0119 napraw\u0105 podno\u015bnik\u00f3w (koszowych i no\u017cycowych) oraz wind samochodowych, jednak posiadamy kwalifikacje umo\u017cliwiaj\u0105ce konserwacj\u0119 wszystkich urz\u0105dze\u0144 UTD dost\u0119pnych na rynku.<\/p>\"\n\t\t\t\t\t\t\t\t\t}\n\t\t\t}\n\t\t\t,\t\t\t\t{\n\t\t\t\t\"@type\": \"Question\",\n\t\t\t\t\"name\": \"Czy wykonujecie naprawy pogwarancyjne?\",\n\t\t\t\t\"acceptedAnswer\": {\n\t\t\t\t\t\"@type\": \"Answer\",\n\t\t\t\t\t\"text\": \"<p>Tak, nasza firma oferuje zar\u00f3wno serwis urz\u0105dze\u0144 gwarancyjnych, jak r\u00f3wnie\u017c pogwarancyjnych.<\/p>\"\n\t\t\t\t\t\t\t\t\t}\n\t\t\t}\n\t\t\t\t\t\t]\n\t}\n<\/script>\n","protected":false},"excerpt":{"rendered":"<p>Kompleksowy serwis urz\u0105dze\u0144 transportu bliskiego&nbsp; Nasza firma specjalizuje si\u0119 w serwisie, monta\u017cu oraz sprzeda\u017cy urz\u0105dze\u0144 Transportu Bliskiego, obj\u0119tych og\u00f3lnym dozorem UDT.&nbsp; Co mo\u017cemy Pa\u0144stwu zaoferowa\u0107?&nbsp; Oferujemy kompleksowy serwis m.in: Czym zajmuje si\u0119 UDT?&nbsp; Urz\u0105dzenia UDT \u2013 urz\u0105dzenia, kt\u00f3re podlegaj\u0105 dozorowi technicznemu.&nbsp; Skr\u00f3t UDT oznacza Urz\u0105d Dozoru Technicznego, czyli instytucj\u0119 pa\u0144stwow\u0105, maj\u0105c\u0105 za zadanie nadzorowa\u0107 stan techniczny urz\u0105dze\u0144 i instalacji technicznych, jak r\u00f3wnie\u017c gwarantowa\u0107 bezpiecze\u0144stwo podczas wykonywania prac z wykorzystaniem tych urz\u0105dze\u0144. Urz\u0105d Dozoru Technicznego wydaje dokumentacj\u0119 nadaj\u0105c\u0105 uprawnienia do wykonywania obs\u0142ugi, a tak\u017ce konserwacji konkretnych urz\u0105dze\u0144 technicznych. Nieprzestrzeganie zasad i norm okre\u015blanych przez UDT podlega karze administracyjnej.&nbsp; Do urz\u0105dze\u0144 UDT nale\u017c\u0105 w g\u0142\u00f3wnej mierze:&nbsp; Co wyr\u00f3\u017cnia nasz\u0105 firm\u0119?&nbsp; Jeste\u015bmy zak\u0142adem z wieloletnim sta\u017cem pracy, uprawnionym do modernizacji oraz serwisu urz\u0105dze\u0144 transportu bliskiego przez Urz\u0105d Dozoru Technicznego. W zwi\u0105zku z powy\u017cszym zapewniamy przegl\u0105dy konserwacyjne, jak r\u00f3wnie\u017c wykonujemy specjalistyczne naprawy kompleksowe (w tym spawalnicze). W g\u0142\u00f3wnej mierze zajmujemy si\u0119 napraw\u0105 podno\u015bnik\u00f3w (koszowych i no\u017cycowych) oraz wind samochodowych, jednak posiadamy kwalifikacje umo\u017cliwiaj\u0105ce konserwacj\u0119 wszystkich urz\u0105dze\u0144 UTD dost\u0119pnych na rynku.&nbsp;&nbsp; Dajemy klientom mo\u017cliwo\u015b\u0107 wykonania bada\u0144 i \u015bwiadcze\u0144 urz\u0105dze\u0144 UDT w siedzibie naszej firmy. Zajmujemy si\u0119 te\u017c wsparciem merytorycznym i praktycznym w zakresie pomocy w przygotowywaniu dokumentacji do przeprowadzenia bada\u0144. Ponadto pomagamy w rejestracji urz\u0105dze\u0144 w Urz\u0119dzie Dozoru Technicznego.&nbsp; Wymogi dokumentacji technicznej UDT&nbsp;&nbsp; Podczas napraw oraz modernizacji urz\u0105dze\u0144 technicznych, podlegaj\u0105cych dozorowi technicznemu, wymagane jest za\u015bwiadczenie do wykonywania tego typu czynno\u015bci, wystawione przez UDT. Po dokonanej naprawie lub modernizacji inspektor zajmuje si\u0119 przeprowadzeniem dora\u017anych bada\u0144 stanu technicznego urz\u0105dzenia, a nast\u0119pnie wydaje decyzj\u0119, w kt\u00f3rej uwzgl\u0119dnia czy dany obiekt b\u0119dzie dopuszczony do [&hellip;]<\/p>\n","protected":false},"author":1,"featured_media":5435,"parent":5570,"menu_order":0,"comment_status":"closed","ping_status":"closed","template":"page-templates\/template-podkategorie.php","meta":{"sfsi_plus_gutenberg_text_before_share":"","sfsi_plus_gutenberg_show_text_before_share":"","sfsi_plus_gutenberg_icon_type":"","sfsi_plus_gutenberg_icon_alignemt":"","sfsi_plus_gutenburg_max_per_row":"","footnotes":""},"class_list":["post-5573","page","type-page","status-publish","has-post-thumbnail","hentry","has_thumb"],"aioseo_notices":[],"_links":{"self":[{"href":"https:\/\/kursy-udt.pl\/en\/wp-json\/wp\/v2\/pages\/5573","targetHints":{"allow":["GET"]}}],"collection":[{"href":"https:\/\/kursy-udt.pl\/en\/wp-json\/wp\/v2\/pages"}],"about":[{"href":"https:\/\/kursy-udt.pl\/en\/wp-json\/wp\/v2\/types\/page"}],"author":[{"embeddable":true,"href":"https:\/\/kursy-udt.pl\/en\/wp-json\/wp\/v2\/users\/1"}],"replies":[{"embeddable":true,"href":"https:\/\/kursy-udt.pl\/en\/wp-json\/wp\/v2\/comments?post=5573"}],"version-history":[{"count":2,"href":"https:\/\/kursy-udt.pl\/en\/wp-json\/wp\/v2\/pages\/5573\/revisions"}],"predecessor-version":[{"id":5627,"href":"https:\/\/kursy-udt.pl\/en\/wp-json\/wp\/v2\/pages\/5573\/revisions\/5627"}],"up":[{"embeddable":true,"href":"https:\/\/kursy-udt.pl\/en\/wp-json\/wp\/v2\/pages\/5570"}],"wp:featuredmedia":[{"embeddable":true,"href":"https:\/\/kursy-udt.pl\/en\/wp-json\/wp\/v2\/media\/5435"}],"wp:attachment":[{"href":"https:\/\/kursy-udt.pl\/en\/wp-json\/wp\/v2\/media?parent=5573"}],"curies":[{"name":"wp","href":"https:\/\/api.w.org\/{rel}","templated":true}]}}