{"id":5469,"date":"2023-03-15T13:28:02","date_gmt":"2023-03-15T12:28:02","guid":{"rendered":"https:\/\/kursy-udt.pl\/?page_id=5469"},"modified":"2026-03-25T12:16:29","modified_gmt":"2026-03-25T11:16:29","slug":"cabin-conveyors","status":"publish","type":"page","link":"https:\/\/kursy-udt.pl\/en\/publikacje\/udt-wdt-tdt\/przenosniki-kabinowe\/","title":{"rendered":"Rotary motion cabin and chair conveyors for leisure and entertainment purposes"},"content":{"rendered":"\n<p>Przeno\u015bniki z nap\u0119dem mechanicznym zwane s\u0105 potocznie karuzelami. Mo\u017cna je spotka\u0107 m.in. w parkach rozrywki, na przyk\u0142ad na diabelskim m\u0142ynie czy w kolejkach. S\u0142u\u017c\u0105 r\u00f3wnie\u017c jako mechanizmy wyci\u0105g\u00f3w turystycznych na stokach. Wsz\u0119dzie tam, gdzie mam do czynienia z kabinami wisz\u0105cymi na linach lub poruszaj\u0105cymi si\u0119 po szynach.<\/p>\n\n\n<p>\u00a0<\/p>\n<p><a href=\"https:\/\/kursy-udt.pl\/wp-content\/uploads\/2023\/03\/canva-ski-lift-in-the-autumn-mountains-MAEMpNrOxzU.jpeg\"><img loading=\"lazy\" decoding=\"async\" class=\"aligncenter wp-image-5474 size-large\" src=\"https:\/\/kursy-udt.pl\/wp-content\/uploads\/2023\/03\/canva-ski-lift-in-the-autumn-mountains-MAEMpNrOxzU-1024x683.jpeg\" alt=\"konserwacja przeno\u015bnika kabinowego\" width=\"1024\" height=\"683\" srcset=\"https:\/\/kursy-udt.pl\/wp-content\/uploads\/2023\/03\/canva-ski-lift-in-the-autumn-mountains-MAEMpNrOxzU-1024x683.jpeg 1024w, https:\/\/kursy-udt.pl\/wp-content\/uploads\/2023\/03\/canva-ski-lift-in-the-autumn-mountains-MAEMpNrOxzU-300x200.jpeg 300w, https:\/\/kursy-udt.pl\/wp-content\/uploads\/2023\/03\/canva-ski-lift-in-the-autumn-mountains-MAEMpNrOxzU-768x512.jpeg 768w, https:\/\/kursy-udt.pl\/wp-content\/uploads\/2023\/03\/canva-ski-lift-in-the-autumn-mountains-MAEMpNrOxzU-1536x1024.jpeg 1536w, https:\/\/kursy-udt.pl\/wp-content\/uploads\/2023\/03\/canva-ski-lift-in-the-autumn-mountains-MAEMpNrOxzU-18x12.jpeg 18w, https:\/\/kursy-udt.pl\/wp-content\/uploads\/2023\/03\/canva-ski-lift-in-the-autumn-mountains-MAEMpNrOxzU-624x416.jpeg 624w, https:\/\/kursy-udt.pl\/wp-content\/uploads\/2023\/03\/canva-ski-lift-in-the-autumn-mountains-MAEMpNrOxzU.jpeg 1600w\" sizes=\"auto, (max-width: 1024px) 100vw, 1024px\" \/><\/a><\/p>\n<h3><strong>Przeno\u015bniki kabinowe i krzese\u0142kowe s\u0105 urz\u0105dzeniami wpisywanymi w transport linowy i zaliczamy do nich:<\/strong><\/h3>\n<ul>\n<li>koleje linowe okr\u0119\u017cne,<\/li>\n<li>koleje linowe wahad\u0142owe,<\/li>\n<li>koleje linowe o ruchu pulsacyjnym,<\/li>\n<li>koleje linowe krzese\u0142kowe,<\/li>\n<li>koleje linowe gondolowe oraz gondolowe otwarte,<\/li>\n<li>koleje linowo &#8211; torowe,<\/li>\n<li>koleje jednolinowe oraz dwulinowe.<\/li>\n<\/ul>\n<p>Wszystkie powy\u017csze rodzaje zaliczamy do kolei napowietrznych. Poza nimi mamy r\u00f3wnie\u017c koleje ze zdwojon\u0105 lin\u0105 oraz linowo &#8211; terenowe.<\/p>\n<p>Jak ka\u017cda maszyna, niezale\u017cnie od jej przeznaczenia jedn\u0105 z najwa\u017cniejszych wymog\u00f3w jej u\u017cytkowania jest bezpiecze\u0144stwo, a przy tym wymagaj\u0105 sta\u0142ej kontroli technicznej i konserwacji.<\/p>\n<h3><strong>Podczas korzystania urz\u0105dzenia, podlega ono dora\u017anym kontrolom, zlecanym przez Urz\u0105d Dozoru Technicznego, a s\u0105 to:<\/strong><\/h3>\n<ul>\n<li><a href=\"https:\/\/kursy-udt.pl\/wp-content\/uploads\/2023\/03\/9896ce411346c04efa3344bc6b3d9de6.jpeg\"><img loading=\"lazy\" decoding=\"async\" class=\"alignright wp-image-5473\" src=\"https:\/\/kursy-udt.pl\/wp-content\/uploads\/2023\/03\/9896ce411346c04efa3344bc6b3d9de6-300x200.jpeg\" alt=\"nauka obs\u0142ugi przeno\u015bnika krzese\u0142kowego \" width=\"370\" height=\"247\" srcset=\"https:\/\/kursy-udt.pl\/wp-content\/uploads\/2023\/03\/9896ce411346c04efa3344bc6b3d9de6-300x200.jpeg 300w, https:\/\/kursy-udt.pl\/wp-content\/uploads\/2023\/03\/9896ce411346c04efa3344bc6b3d9de6-768x512.jpeg 768w, https:\/\/kursy-udt.pl\/wp-content\/uploads\/2023\/03\/9896ce411346c04efa3344bc6b3d9de6-18x12.jpeg 18w, https:\/\/kursy-udt.pl\/wp-content\/uploads\/2023\/03\/9896ce411346c04efa3344bc6b3d9de6-624x416.jpeg 624w, https:\/\/kursy-udt.pl\/wp-content\/uploads\/2023\/03\/9896ce411346c04efa3344bc6b3d9de6.jpeg 800w\" sizes=\"auto, (max-width: 370px) 100vw, 370px\" \/><\/a>badania okresowe &#8211; urz\u0105dzenia obj\u0119te pe\u0142nym dozorem, termin okre\u015bla si\u0119 indywidualnie dla ka\u017cdego rodzaju,<\/li>\n<li>badania kontrolne &#8211; urz\u0105dzenia obj\u0119te dozorem ograniczonym, termin okre\u015bla si\u0119 indywidualnie dla ka\u017cdego rodzaju. Ba ono skontrolowa\u0107 przestrzeganie przepis\u00f3w o dozorze technicznym,<\/li>\n<li>dora\u017ane eksploatacyjne &#8211; wykonywane w terminie, kt\u00f3ry wynika z bie\u017c\u0105cych potrzeb,<\/li>\n<li>dora\u017ane powypadkowe lub awaryjne &#8211; w przypadku wyst\u0105pienia niebezpiecznego uszkodzenia lub wypadku zwi\u0105zanego z u\u017cytkowaniem. Prowadzi si\u0119 je celem ustalenia przyczyny problemu i zapobiegania mu w przysz\u0142o\u015bci.<\/li>\n<\/ul>\n<p>Ponadto operator urz\u0105dzenia (w tym wypadku osoba steruj\u0105ca atrakcj\u0105, wpuszczaj\u0105ca na ni\u0105 ludzi) ma obowi\u0105zek sprawdzania sprawno\u015bci maszyny przed jej prac\u0105, w trakcie oraz po jej zako\u0144czeniu.<\/p>\n<h2><strong>Oferujemy szkolenia dla wszystkich, chc\u0105cych podj\u0105\u0107 prac\u0119 konserwatorskie w\u0142a\u015bnie w tej bran\u017cy.<\/strong><\/h2>\n<h3>Kurs obejmuje zaj\u0119cia teoretyczne oraz praktyczne, przez trening zdobytej wiedzy na przyk\u0142adowych urz\u0105dzeniach.<br \/><strong>Zakres tematyczny:<a href=\"https:\/\/kursy-udt.pl\/wp-content\/uploads\/2023\/03\/hbj.jpeg\"><img loading=\"lazy\" decoding=\"async\" class=\"alignright wp-image-5476\" src=\"https:\/\/kursy-udt.pl\/wp-content\/uploads\/2023\/03\/hbj-300x200.jpeg\" alt=\"konserwacja przeno\u015bnika kabinowego\" width=\"370\" height=\"247\" srcset=\"https:\/\/kursy-udt.pl\/wp-content\/uploads\/2023\/03\/hbj-300x200.jpeg 300w, https:\/\/kursy-udt.pl\/wp-content\/uploads\/2023\/03\/hbj-1024x683.jpeg 1024w, https:\/\/kursy-udt.pl\/wp-content\/uploads\/2023\/03\/hbj-768x512.jpeg 768w, https:\/\/kursy-udt.pl\/wp-content\/uploads\/2023\/03\/hbj-1536x1024.jpeg 1536w, https:\/\/kursy-udt.pl\/wp-content\/uploads\/2023\/03\/hbj-18x12.jpeg 18w, https:\/\/kursy-udt.pl\/wp-content\/uploads\/2023\/03\/hbj-624x416.jpeg 624w, https:\/\/kursy-udt.pl\/wp-content\/uploads\/2023\/03\/hbj.jpeg 1600w\" sizes=\"auto, (max-width: 370px) 100vw, 370px\" \/><\/a><\/strong><\/h3>\n<ul>\n<li>budowa i funkcjonowanie przeno\u015bnik\u00f3w,<\/li>\n<li>og\u00f3lna wiedza o UDT,<\/li>\n<li>og\u00f3lna wiedza o przeno\u015bnikach,<\/li>\n<li>mo\u017cliwe zagro\u017cenie podczas pracy (transportu ludzi),<\/li>\n<li>prawid\u0142owa eksploatacja urz\u0105dzenia,<\/li>\n<li>ocena stanu technicznego,<\/li>\n<li>post\u0119powanie w przypadku usterek,<\/li>\n<li>prawid\u0142owa konserwacja urz\u0105dzenia,<\/li>\n<li>zapoznanie z dokumentacj\u0105 techniczn\u0105,<\/li>\n<li>przepisy BHP.<\/li>\n<\/ul>\n<p>Program kursu jest zgodny z wymogami UDT oraz przez niego zaakceptowany. Po uko\u0144czeniu szkolenia uczestnik przyst\u0119puje do egzaminu, a jego pozytywny wynik oznacza zgod\u0119 na wydanie uprawnie\u0144 na konserwacje podno\u015bnik\u00f3w przeznaczonych do cel\u00f3w rekreacyjno &#8211; rozrywkowych. Taka osoba mo\u017ce pracowa\u0107 w parkach rozrywki, przy wyci\u0105gach narciarskich i wsz\u0119dzie tam, gdzie korzysta si\u0119 z kabinowych podno\u015bnik\u00f3w obrotowych.<\/p>\n<p>\u00a0<\/p>\n<h3><strong>Wymagania od uczestnik\u00f3w:<\/strong><\/h3>\n<ul>\n<li>uko\u0144czone co najmniej 18 lat,<\/li>\n<li>co najmnniej podstawowe wykszta\u0142cenie,<\/li>\n<li>brak zdrowotnych przeciwwskaza\u0144 do pracy na stanowisku.<\/li>\n<\/ul>\n<p>Szkolenia odbywaj\u0105 si\u0119 w naszym o\u015brodku lub u klienta.<br \/>W razie jakichkolwiek pyta\u0144 zapraszamy do kontaktu.<\/p>\n\n\n<h2 class=\"wp-block-heading\">Pytania i odpowiedzi<\/h2>\n\n\n\t\t<details\t\thelp class=\"sc_fs_faq sc_card    \"\n\t\t\t\t>\n\t\t\t\t\t<summary>\n\t\t\t\t<h3>Czym s\u0105 przeno\u015bniki kabinowe?<\/h3>\t\t\t\t\t<\/summary>\n\t\t\t\t<div>\n\t\t\t\t\t\t<div class=\"sc_fs_faq__content\">\n\t\t\t\t\n\n<p>Inaczej zwane karuzelami, to kabiny obrotowe najcz\u0119\u015bciej spotykane w parkach rozrywki czy na wyci\u0105gach g\u00f3rskich, gdzie mamy do czynienia z przewozem ludzi, zar\u00f3wno w turystyce, jak i rekreacji.<\/p>\n\n\t\t\t<\/div>\n\t\t<\/div>\n\t\t<\/details>\n\t\t\t\t<details\t\thelp class=\"sc_fs_faq sc_card    \"\n\t\t\t\t>\n\t\t\t\t\t<summary>\n\t\t\t\t<h3>Jakie s\u0105 obowi\u0105zki konserwatora?<\/h3>\t\t\t\t\t<\/summary>\n\t\t\t\t<div>\n\t\t\t\t\t\t<div class=\"sc_fs_faq__content\">\n\t\t\t\t\n\n<p>Zadaniem konserwatora jest dbanie o dobry stan techniczny urz\u0105dzenia. Niezb\u0119dne s\u0105 regularne kontrole sprawdzaj\u0105ce sprawno\u015b\u0107 i bezpiecze\u0144stwo oraz dbanie o mechanizm maszyny.<\/p>\n\n\t\t\t<\/div>\n\t\t<\/div>\n\t\t<\/details>\n\t\t\t\t<details\t\thelp class=\"sc_fs_faq sc_card    \"\n\t\t\t\t>\n\t\t\t\t\t<summary>\n\t\t\t\t<h3>Gdzie mo\u017ce pracowa\u0107 konserwator przeno\u015bnik\u00f3w kabinowych?<\/h3>\t\t\t\t\t<\/summary>\n\t\t\t\t<div>\n\t\t\t\t\t\t<div class=\"sc_fs_faq__content\">\n\t\t\t\t\n\n<p>Wsz\u0119dzie tam, gdzie spotkamy kabiny obrotowe, najcz\u0119\u015bciej w parkach rozrywki np. na diabelskim m\u0142ynie czy na wyci\u0105gach narciarskich.&nbsp;<\/p>\n\n\t\t\t<\/div>\n\t\t<\/div>\n\t\t<\/details>\n\t\t\n<script type=\"application\/ld+json\">\n\t{\n\t\t\"@context\": \"https:\/\/schema.org\",\n\t\t\"@type\": \"FAQPage\",\n\t\t\"mainEntity\": [\n\t\t\t\t\t{\n\t\t\t\t\"@type\": \"Question\",\n\t\t\t\t\"name\": \"Czym s\u0105 przeno\u015bniki kabinowe?\",\n\t\t\t\t\"acceptedAnswer\": {\n\t\t\t\t\t\"@type\": \"Answer\",\n\t\t\t\t\t\"text\": \"<p>Inaczej zwane karuzelami, to kabiny obrotowe najcz\u0119\u015bciej spotykane w parkach rozrywki czy na wyci\u0105gach g\u00f3rskich, gdzie mamy do czynienia z przewozem ludzi, zar\u00f3wno w turystyce, jak i rekreacji.<\/p>\"\n\t\t\t\t\t\t\t\t\t}\n\t\t\t}\n\t\t\t,\t\t\t\t{\n\t\t\t\t\"@type\": \"Question\",\n\t\t\t\t\"name\": \"Jakie s\u0105 obowi\u0105zki konserwatora?\",\n\t\t\t\t\"acceptedAnswer\": {\n\t\t\t\t\t\"@type\": \"Answer\",\n\t\t\t\t\t\"text\": \"<p>Zadaniem konserwatora jest dbanie o dobry stan techniczny urz\u0105dzenia. Niezb\u0119dne s\u0105 regularne kontrole sprawdzaj\u0105ce sprawno\u015b\u0107 i bezpiecze\u0144stwo oraz dbanie o mechanizm maszyny.<\/p>\"\n\t\t\t\t\t\t\t\t\t}\n\t\t\t}\n\t\t\t,\t\t\t\t{\n\t\t\t\t\"@type\": \"Question\",\n\t\t\t\t\"name\": \"Gdzie mo\u017ce pracowa\u0107 konserwator przeno\u015bnik\u00f3w kabinowych?\",\n\t\t\t\t\"acceptedAnswer\": {\n\t\t\t\t\t\"@type\": \"Answer\",\n\t\t\t\t\t\"text\": \"<p>Wsz\u0119dzie tam, gdzie spotkamy kabiny obrotowe, najcz\u0119\u015bciej w parkach rozrywki np. na diabelskim m\u0142ynie czy na wyci\u0105gach narciarskich.&nbsp;<\/p>\"\n\t\t\t\t\t\t\t\t\t}\n\t\t\t}\n\t\t\t\t\t\t]\n\t}\n<\/script>\n","protected":false},"excerpt":{"rendered":"<p>Przeno\u015bniki z nap\u0119dem mechanicznym zwane s\u0105 potocznie karuzelami. Mo\u017cna je spotka\u0107 m.in. w parkach rozrywki, na przyk\u0142ad na diabelskim m\u0142ynie czy w kolejkach. S\u0142u\u017c\u0105 r\u00f3wnie\u017c jako mechanizmy wyci\u0105g\u00f3w turystycznych na stokach. Wsz\u0119dzie tam, gdzie mam do czynienia z kabinami wisz\u0105cymi na linach lub poruszaj\u0105cymi si\u0119 po szynach. \u00a0 Przeno\u015bniki kabinowe i krzese\u0142kowe s\u0105 urz\u0105dzeniami wpisywanymi w transport linowy i zaliczamy do nich: koleje linowe okr\u0119\u017cne, koleje linowe wahad\u0142owe, koleje linowe o ruchu pulsacyjnym, koleje linowe krzese\u0142kowe, koleje linowe gondolowe oraz gondolowe otwarte, koleje linowo &#8211; torowe, koleje jednolinowe oraz dwulinowe. Wszystkie powy\u017csze rodzaje zaliczamy do kolei napowietrznych. Poza nimi mamy r\u00f3wnie\u017c koleje ze zdwojon\u0105 lin\u0105 oraz linowo &#8211; terenowe. Jak ka\u017cda maszyna, niezale\u017cnie od jej przeznaczenia jedn\u0105 z najwa\u017cniejszych wymog\u00f3w jej u\u017cytkowania jest bezpiecze\u0144stwo, a przy tym wymagaj\u0105 sta\u0142ej kontroli technicznej i konserwacji. Podczas korzystania urz\u0105dzenia, podlega ono dora\u017anym kontrolom, zlecanym przez Urz\u0105d Dozoru Technicznego, a s\u0105 to: badania okresowe &#8211; urz\u0105dzenia obj\u0119te pe\u0142nym dozorem, termin okre\u015bla si\u0119 indywidualnie dla ka\u017cdego rodzaju, badania kontrolne &#8211; urz\u0105dzenia obj\u0119te dozorem ograniczonym, termin okre\u015bla si\u0119 indywidualnie dla ka\u017cdego rodzaju. Ba ono skontrolowa\u0107 przestrzeganie przepis\u00f3w o dozorze technicznym, dora\u017ane eksploatacyjne &#8211; wykonywane w terminie, kt\u00f3ry wynika z bie\u017c\u0105cych potrzeb, dora\u017ane powypadkowe lub awaryjne &#8211; w przypadku wyst\u0105pienia niebezpiecznego uszkodzenia lub wypadku zwi\u0105zanego z u\u017cytkowaniem. Prowadzi si\u0119 je celem ustalenia przyczyny problemu i zapobiegania mu w przysz\u0142o\u015bci. Ponadto operator urz\u0105dzenia (w tym wypadku osoba steruj\u0105ca atrakcj\u0105, wpuszczaj\u0105ca na ni\u0105 ludzi) ma obowi\u0105zek sprawdzania sprawno\u015bci maszyny przed jej prac\u0105, w trakcie oraz po jej zako\u0144czeniu. Oferujemy szkolenia dla wszystkich, chc\u0105cych podj\u0105\u0107 [&hellip;]<\/p>\n","protected":false},"author":2,"featured_media":5474,"parent":2724,"menu_order":0,"comment_status":"closed","ping_status":"closed","template":"","meta":{"sfsi_plus_gutenberg_text_before_share":"","sfsi_plus_gutenberg_show_text_before_share":"","sfsi_plus_gutenberg_icon_type":"","sfsi_plus_gutenberg_icon_alignemt":"","sfsi_plus_gutenburg_max_per_row":"","footnotes":""},"class_list":["post-5469","page","type-page","status-publish","has-post-thumbnail","hentry","has_thumb"],"aioseo_notices":[],"_links":{"self":[{"href":"https:\/\/kursy-udt.pl\/en\/wp-json\/wp\/v2\/pages\/5469","targetHints":{"allow":["GET"]}}],"collection":[{"href":"https:\/\/kursy-udt.pl\/en\/wp-json\/wp\/v2\/pages"}],"about":[{"href":"https:\/\/kursy-udt.pl\/en\/wp-json\/wp\/v2\/types\/page"}],"author":[{"embeddable":true,"href":"https:\/\/kursy-udt.pl\/en\/wp-json\/wp\/v2\/users\/2"}],"replies":[{"embeddable":true,"href":"https:\/\/kursy-udt.pl\/en\/wp-json\/wp\/v2\/comments?post=5469"}],"version-history":[{"count":6,"href":"https:\/\/kursy-udt.pl\/en\/wp-json\/wp\/v2\/pages\/5469\/revisions"}],"predecessor-version":[{"id":6257,"href":"https:\/\/kursy-udt.pl\/en\/wp-json\/wp\/v2\/pages\/5469\/revisions\/6257"}],"up":[{"embeddable":true,"href":"https:\/\/kursy-udt.pl\/en\/wp-json\/wp\/v2\/pages\/2724"}],"wp:featuredmedia":[{"embeddable":true,"href":"https:\/\/kursy-udt.pl\/en\/wp-json\/wp\/v2\/media\/5474"}],"wp:attachment":[{"href":"https:\/\/kursy-udt.pl\/en\/wp-json\/wp\/v2\/media?parent=5469"}],"curies":[{"name":"wp","href":"https:\/\/api.w.org\/{rel}","templated":true}]}}