{"id":5103,"date":"2023-03-20T15:40:13","date_gmt":"2023-03-20T14:40:13","guid":{"rendered":"https:\/\/kursy-udt.pl\/?page_id=5103"},"modified":"2023-03-20T22:22:40","modified_gmt":"2023-03-20T21:22:40","slug":"telescopic-handler-operator","status":"publish","type":"page","link":"https:\/\/kursy-udt.pl\/en\/szkolenia\/udt-wdt-tdt\/operator-ladowarki-teleskopowej\/","title":{"rendered":"Telescopic handler operator course"},"content":{"rendered":"\n<h2 class=\"wp-block-heading\">Zosta\u0144 operatorem \u0142adowarki teleskopowej&nbsp;<\/h2>\n\n\n<div class=\"wp-block-image\">\n<figure class=\"alignleft size-large is-resized\"><a href=\"https:\/\/kursy-udt.pl\/wp-content\/uploads\/2023\/03\/s2-47.jpg\"><img loading=\"lazy\" decoding=\"async\" src=\"https:\/\/kursy-udt.pl\/wp-content\/uploads\/2023\/03\/s2-47-1024x623.jpg\" alt=\"dwie \u0142adowarki teleskopowe w hali\" class=\"wp-image-5104\" width=\"512\" height=\"312\" srcset=\"https:\/\/kursy-udt.pl\/wp-content\/uploads\/2023\/03\/s2-47-1024x623.jpg 1024w, https:\/\/kursy-udt.pl\/wp-content\/uploads\/2023\/03\/s2-47-300x183.jpg 300w, https:\/\/kursy-udt.pl\/wp-content\/uploads\/2023\/03\/s2-47-768x468.jpg 768w, https:\/\/kursy-udt.pl\/wp-content\/uploads\/2023\/03\/s2-47-1536x935.jpg 1536w, https:\/\/kursy-udt.pl\/wp-content\/uploads\/2023\/03\/s2-47-18x12.jpg 18w, https:\/\/kursy-udt.pl\/wp-content\/uploads\/2023\/03\/s2-47-624x380.jpg 624w, https:\/\/kursy-udt.pl\/wp-content\/uploads\/2023\/03\/s2-47.jpg 1600w\" sizes=\"auto, (max-width: 512px) 100vw, 512px\" \/><\/a><\/figure>\n<\/div>\n\n\n<p>Jako O\u015brodek Doskonalenia Kadr ERGON posiadamy wieloletni sta\u017c w nauczaniu z zakresu obs\u0142ugi \u0142adowarek teleskopowych. U nas znajd\u0105 Pa\u0144stwo szerok\u0105 ofert\u0119 szkole\u0144 daj\u0105cych uprawnienia do obs\u0142ugi i konserwacji urz\u0105dze\u0144, kt\u00f3re podlegaj\u0105 pod Urz\u0105d Dozoru Technicznego lub Transportowy Doz\u00f3r Techniczny.&nbsp;<\/p>\n\n\n\n<p>Nasza kadra sk\u0142ada si\u0119 wy\u0142\u0105cznie z do\u015bwiadczonych szkoleniowc\u00f3w, kt\u00f3rzy dziel\u0105c si\u0119 wiedz\u0105 przekazuj\u0105 r\u00f3wnie\u017c swoje spostrze\u017cenia i praktyki wyniesione z bran\u017cy.&nbsp;&nbsp;<\/p>\n\n\n\n<p><strong>Z nami zdasz egzamin pa\u0144stwowy!<\/strong>&nbsp;<\/p>\n\n\n\n<h2 class=\"wp-block-heading\">Jak wygl\u0105da kurs?<\/h2>\n\n\n\n<p>Program kursu sk\u0142ada si\u0119 z dw\u00f3ch cz\u0119\u015bci: teoretycznej i praktycznej. Aby skr\u00f3ci\u0107 czas, kt\u00f3ry przeznaczaj\u0105 Pa\u0144stwo na zdobycie nowej wiedzy, oferujemy zaj\u0119cia online oraz w siedzibie Klienta.&nbsp;<\/p>\n\n\n\n<h2 class=\"wp-block-heading\">Program szkolenia<\/h2>\n\n\n\n<p><strong>Podczas szkolenia poruszamy zagadnienia takie jak:<\/strong>&nbsp;<\/p>\n\n\n\n<ul class=\"wp-block-list\">\n<li>podstawowa wiedza o \u0142adowarkach teleskopowych,&nbsp;<\/li>\n\n\n\n<li>czynno\u015bci i obowi\u0105zki operatora,&nbsp;<\/li>\n\n\n\n<li>typy w\u00f3zk\u00f3w jezdniowych,&nbsp;<\/li>\n\n\n\n<li>niezb\u0119dna dokumentacja UDT,&nbsp;<\/li>\n\n\n\n<li>wiadomo\u015bci z zakresu BHP,&nbsp;<\/li>\n\n\n\n<li>trening na \u0142adowarkach teleskopowych,&nbsp;<\/li>\n\n\n\n<li>zadania praktyczne jak na egzaminie.&nbsp;<\/li>\n<\/ul>\n\n\n\n<p><strong>Wybieraj\u0105c szkolenia&nbsp;z ERGON maj\u0105 Pa\u0144stwo gwarancj\u0119:<\/strong>&nbsp;<\/p>\n\n\n\n<ul class=\"wp-block-list\">\n<li>100% przygotowania do egzaminu pa\u0144stwowego&nbsp;<br>pod okiem specjalist\u00f3w,&nbsp;&nbsp;<\/li>\n\n\n\n<li>poznania wszystkich zagadnie\u0144, kt\u00f3re s\u0105 niezb\u0119dne do zdania egzaminu oraz podj\u0119cia pracy,&nbsp;<\/li>\n\n\n\n<li>zaj\u0119\u0107 z cz\u0119\u015bci teoretycznej zdalnie,&nbsp;<\/li>\n\n\n\n<li>praktyki na maszynach ju\u017c podczas szkolenia,&nbsp;<\/li>\n\n\n\n<li>wyboru grupy otwartej lub zorganizowania szkolenia zamkni\u0119tego w siedzibie firmy.&nbsp;<\/li>\n<\/ul>\n\n\n<div class=\"wp-block-image\">\n<figure class=\"alignright size-large is-resized\"><a href=\"https:\/\/kursy-udt.pl\/wp-content\/uploads\/2023\/03\/screen_2x-69.jpg\"><img loading=\"lazy\" decoding=\"async\" src=\"https:\/\/kursy-udt.pl\/wp-content\/uploads\/2023\/03\/screen_2x-69-1024x683.jpg\" alt=\"\u0142adowarka teleskopowa transportuj\u0105ca belki z sianem\" class=\"wp-image-5105\" width=\"512\" height=\"342\" srcset=\"https:\/\/kursy-udt.pl\/wp-content\/uploads\/2023\/03\/screen_2x-69-1024x683.jpg 1024w, https:\/\/kursy-udt.pl\/wp-content\/uploads\/2023\/03\/screen_2x-69-300x200.jpg 300w, https:\/\/kursy-udt.pl\/wp-content\/uploads\/2023\/03\/screen_2x-69-768x512.jpg 768w, https:\/\/kursy-udt.pl\/wp-content\/uploads\/2023\/03\/screen_2x-69-1536x1024.jpg 1536w, https:\/\/kursy-udt.pl\/wp-content\/uploads\/2023\/03\/screen_2x-69-18x12.jpg 18w, https:\/\/kursy-udt.pl\/wp-content\/uploads\/2023\/03\/screen_2x-69-624x416.jpg 624w, https:\/\/kursy-udt.pl\/wp-content\/uploads\/2023\/03\/screen_2x-69.jpg 1600w\" sizes=\"auto, (max-width: 512px) 100vw, 512px\" \/><\/a><\/figure>\n<\/div>\n\n\n<h2 class=\"wp-block-heading\">Wa\u017cno\u015b\u0107 uprawnie\u0144<\/h2>\n\n\n\n<p>Uprawnienia UDT dla operator\u00f3w \u0142adowarek teleskopowych wa\u017cne s\u0105 5 lat. Nast\u0119pnie nale\u017cy z\u0142o\u017cy\u0107 wniosek o ich przed\u0142u\u017cenie najp\u00f3\u017aniej na 3 miesi\u0105ce przed up\u0142ywem terminu oraz do\u0142\u0105czy\u0107 za\u015bwiadczenie o wykonywaniu pracy z \u0142adowarkami przez okres minimum 3 lata.&nbsp;<\/p>\n\n\n\n<p><strong>Szkolimy na uprawnienia do obs\u0142ugi i konserwacji maszyn takich firm jak: <\/strong>&nbsp;<\/p>\n\n\n\n<ul class=\"wp-block-list\">\n<li>Everun, &nbsp;<\/li>\n\n\n\n<li>Weidemann, &nbsp;<\/li>\n\n\n\n<li>Wacker,<\/li>\n\n\n\n<li>Neuson, &nbsp;<\/li>\n\n\n\n<li>Bobcat, &nbsp;<\/li>\n\n\n\n<li>JCB.<\/li>\n<\/ul>\n\n\n\n<p><strong>Warunki uczestnictwa w kursie<\/strong>&nbsp;<\/p>\n\n\n\n<ul class=\"wp-block-list\">\n<li>uko\u0144czony 18. rok \u017cycia,&nbsp;&nbsp;<\/li>\n\n\n\n<li>orzeczenie lekarskie o braku przeciwskaza\u0144,&nbsp;<\/li>\n\n\n\n<li>wykszta\u0142cenie min. podstawowe.&nbsp;<\/li>\n<\/ul>\n\n\n\n<h2 class=\"wp-block-heading\">Specyfikacja \u0142adowarek teleskopowych&nbsp;<\/h2>\n\n\n\n<p>S\u0105 rodzajem w\u00f3zk\u00f3w wid\u0142owych specjalizowanych, kt\u00f3re zalicza si\u0119 do w\u00f3zk\u00f3w jezdniowych podno\u015bnikowych z mechanicznym nap\u0119dem podnoszenia zawieraj\u0105cym wysi\u0119gnik.&nbsp;<\/p>\n\n\n\n<p>Dodatkowo wyr\u00f3\u017cnia je np. nap\u0119d na 4 ko\u0142a czy nap\u0119d hydrostatyczny. W\u00f3zki specjalizowane wyposa\u017cone s\u0105 w odpowiednie opony, dzi\u0119ki czemu mog\u0105 pracowa\u0107 na trudnych nawierzchniach.&nbsp;<\/p>\n\n\n\n<p>Zmienny wysi\u0119g, kt\u00f3ry znajduje si\u0119 w Manitou pozwala podnie\u015b\u0107 \u0142adunek nawet do 20 ton i na wysoko\u015b\u0107 max. 30 metr\u00f3w.&nbsp;<\/p>\n\n\n<div class=\"wp-block-image\">\n<figure class=\"alignright size-large is-resized\"><a href=\"https:\/\/kursy-udt.pl\/wp-content\/uploads\/2023\/03\/screen_2x-70.jpg\"><img loading=\"lazy\" decoding=\"async\" src=\"https:\/\/kursy-udt.pl\/wp-content\/uploads\/2023\/03\/screen_2x-70-1024x678.jpg\" alt=\"\u0142adowarka teleskopowa z dobranym osprz\u0119tem\" class=\"wp-image-5106\" width=\"512\" height=\"339\" srcset=\"https:\/\/kursy-udt.pl\/wp-content\/uploads\/2023\/03\/screen_2x-70-1024x678.jpg 1024w, https:\/\/kursy-udt.pl\/wp-content\/uploads\/2023\/03\/screen_2x-70-300x199.jpg 300w, https:\/\/kursy-udt.pl\/wp-content\/uploads\/2023\/03\/screen_2x-70-768x509.jpg 768w, https:\/\/kursy-udt.pl\/wp-content\/uploads\/2023\/03\/screen_2x-70-1536x1018.jpg 1536w, https:\/\/kursy-udt.pl\/wp-content\/uploads\/2023\/03\/screen_2x-70-18x12.jpg 18w, https:\/\/kursy-udt.pl\/wp-content\/uploads\/2023\/03\/screen_2x-70-624x413.jpg 624w, https:\/\/kursy-udt.pl\/wp-content\/uploads\/2023\/03\/screen_2x-70.jpg 1600w\" sizes=\"auto, (max-width: 512px) 100vw, 512px\" \/><\/a><\/figure>\n<\/div>\n\n\n<p>Do \u0142adowarek teleskopowych mo\u017cna do\u0142\u0105czy\u0107 osprz\u0119t, kt\u00f3ry s\u0142u\u017cy do takich prac, jak np.: prace ogrodnicze, rolnicze czy komunalne. Wymienny osprz\u0119t pozwala zast\u0105pi\u0107 \u0142adowark\u0105 teleskopow\u0105 m.in.: podest ruchomy, w\u00f3zek wid\u0142owy czy \u017curawia.&nbsp;<\/p>\n\n\n\n<h2 class=\"wp-block-heading\">Osprz\u0119t<\/h2>\n\n\n\n<p>Najcz\u0119\u015bciej do\u0142\u0105czany <strong>osprz\u0119t do \u0142adowarek<\/strong> to m.in.:&nbsp;&nbsp;<\/p>\n\n\n\n<ul class=\"wp-block-list\">\n<li>\u0142y\u017cki,&nbsp;<\/li>\n\n\n\n<li>wid\u0142y,&nbsp;<\/li>\n\n\n\n<li>kosiarki,&nbsp;<\/li>\n\n\n\n<li>p\u0142ugi,&nbsp;<\/li>\n\n\n\n<li>platformy robocze.&nbsp;<\/li>\n<\/ul>\n\n\n\n<h2 class=\"wp-block-heading\">Rodzaje \u0142adowarek teleskopowych&nbsp;<\/h2>\n\n\n\n<ul class=\"wp-block-list\">\n<li><strong>sztywne, czo\u0142owe<\/strong> \u2013 posiadaj\u0105ce kabin\u0119 operatora osadzon\u0105 na ramie maszyny. Ten typ \u0142adowarki osi\u0105ga ud\u017awig od 2 do 20 ton. Dodatkowo \u0142adowarka mo\u017ce posiada\u0107 podpory boczne i wysi\u0119g maksymalnie do 20 metr\u00f3w.&nbsp;<\/li>\n\n\n\n<li><strong>obrotowe <\/strong>\u2013 posiadaj\u0105 g\u0142owice obrotowe, pozwalaj\u0105ce na zmian\u0119 pozycji wysi\u0119gnika o 360 stopni oraz zmian\u0119 pozycji kabiny operatora. Wysi\u0119g tego typu \u0142adowarek wynosi do 30 metr\u00f3w, przy ud\u017awigu 3 \u2013 5 ton.&nbsp;<\/li>\n<\/ul>\n\n\n\n<h2 class=\"wp-block-heading\">Inne szkolenia<\/h2>\n\n\n\n<p>Zapraszamy na pozosta\u0142e szkolenia daj\u0105ce uprawnienia UDT!&nbsp;<\/p>\n\n\n\n<ul class=\"wp-block-list\">\n<li><strong>w\u00f3zki wid\u0142owe<\/strong>&nbsp;<\/li>\n\n\n\n<li><strong>\u017curawie<\/strong>&nbsp;<\/li>\n\n\n\n<li><strong>suwnice<\/strong>&nbsp;<\/li>\n\n\n\n<li><strong>podesty ruchome<\/strong>&nbsp;<\/li>\n<\/ul>\n\n\n\n<p>Zapraszamy do kontaktu!<\/p>\n\n\n\n<h2 class=\"wp-block-heading\">Pytania i odpowiedzi<\/h2>\n\n\n\t\t<details\t\thelp class=\"sc_fs_faq sc_card    \"\n\t\topen\t\t>\n\t\t\t\t\t<summary>\n\t\t\t\t<h3>Jakie uprawnienia nale\u017cy uzyska\u0107, by m\u00f3c obs\u0142ugiwa\u0107 \u0142adowarki teleskopowe?<\/h3>\t\t\t\t\t<\/summary>\n\t\t\t\t<div>\n\t\t\t\t\t\t<div class=\"sc_fs_faq__content\">\n\t\t\t\t\n\n<p>Aby obs\u0142ugiwa\u0107 \u0142adowarki teleskopowe nale\u017cy zdoby\u0107 odpowiednie uprawnienia wydawane przez UDT. Posiadanie uprawnie\u0144 do obs\u0142ugi w\u00f3zk\u00f3w innego rodzaju nie uprawnia do pracy jako operator \u0142adowarki teleskopowej.<\/p>\n\n\t\t\t<\/div>\n\t\t<\/div>\n\t\t<\/details>\n\t\t\t\t<details\t\thelp class=\"sc_fs_faq sc_card    \"\n\t\t\t\t>\n\t\t\t\t\t<summary>\n\t\t\t\t<h3>Jakie urz\u0105dzenia mo\u017cna obs\u0142ugiwa\u0107 po kursie na \u0142adowarki teleskopowe?<\/h3>\t\t\t\t\t<\/summary>\n\t\t\t\t<div>\n\t\t\t\t\t\t<div class=\"sc_fs_faq__content\">\n\t\t\t\t\n\n<p>Posiadaj\u0105c uprawnienia operatora \u0142adowarki teleskopowej mo\u017cna obs\u0142ugiwa\u0107 w\u00f3zki wid\u0142owe, \u0142adowarki teleskopowe proste, \u0142adowarki teleskopowe obrotowe.<\/p>\n\n\t\t\t<\/div>\n\t\t<\/div>\n\t\t<\/details>\n\t\t\t\t<details\t\thelp class=\"sc_fs_faq sc_card    \"\n\t\t\t\t>\n\t\t\t\t\t<summary>\n\t\t\t\t<h3>Jak d\u0142ugo wa\u017cne s\u0105 uprawnienia na w\u00f3zki specjalizowane ze zmiennym wysi\u0119giem?<\/h3>\t\t\t\t\t<\/summary>\n\t\t\t\t<div>\n\t\t\t\t\t\t<div class=\"sc_fs_faq__content\">\n\t\t\t\t\n\n<p>Uprawnienia UDT dla operator\u00f3w \u0142adowarek teleskopowych wa\u017cne s\u0105 przez 5 lat. Nast\u0119pnie nale\u017cy z\u0142o\u017cy\u0107 wniosek o ich przed\u0142u\u017cenie najp\u00f3\u017aniej na 3 miesi\u0105ce przed up\u0142ywem terminu oraz do\u0142\u0105czy\u0107 za\u015bwiadczenie o wykonywaniu pracy z \u0142adowarkami przez okres minimum 3 lat.<\/p>\n\n\t\t\t<\/div>\n\t\t<\/div>\n\t\t<\/details>\n\t\t\n<script type=\"application\/ld+json\">\n\t{\n\t\t\"@context\": \"https:\/\/schema.org\",\n\t\t\"@type\": \"FAQPage\",\n\t\t\"mainEntity\": [\n\t\t\t\t\t{\n\t\t\t\t\"@type\": \"Question\",\n\t\t\t\t\"name\": \"Jakie uprawnienia nale\u017cy uzyska\u0107, by m\u00f3c obs\u0142ugiwa\u0107 \u0142adowarki teleskopowe?\",\n\t\t\t\t\"acceptedAnswer\": {\n\t\t\t\t\t\"@type\": \"Answer\",\n\t\t\t\t\t\"text\": \"<p>Aby obs\u0142ugiwa\u0107 \u0142adowarki teleskopowe nale\u017cy zdoby\u0107 odpowiednie uprawnienia wydawane przez UDT. Posiadanie uprawnie\u0144 do obs\u0142ugi w\u00f3zk\u00f3w innego rodzaju nie uprawnia do pracy jako operator \u0142adowarki teleskopowej.<\/p>\"\n\t\t\t\t\t\t\t\t\t}\n\t\t\t}\n\t\t\t,\t\t\t\t{\n\t\t\t\t\"@type\": \"Question\",\n\t\t\t\t\"name\": \"Jakie urz\u0105dzenia mo\u017cna obs\u0142ugiwa\u0107 po kursie na \u0142adowarki teleskopowe?\",\n\t\t\t\t\"acceptedAnswer\": {\n\t\t\t\t\t\"@type\": \"Answer\",\n\t\t\t\t\t\"text\": \"<p>Posiadaj\u0105c uprawnienia operatora \u0142adowarki teleskopowej mo\u017cna obs\u0142ugiwa\u0107 w\u00f3zki wid\u0142owe, \u0142adowarki teleskopowe proste, \u0142adowarki teleskopowe obrotowe.<\/p>\"\n\t\t\t\t\t\t\t\t\t}\n\t\t\t}\n\t\t\t,\t\t\t\t{\n\t\t\t\t\"@type\": \"Question\",\n\t\t\t\t\"name\": \"Jak d\u0142ugo wa\u017cne s\u0105 uprawnienia na w\u00f3zki specjalizowane ze zmiennym wysi\u0119giem?\",\n\t\t\t\t\"acceptedAnswer\": {\n\t\t\t\t\t\"@type\": \"Answer\",\n\t\t\t\t\t\"text\": \"<p>Uprawnienia UDT dla operator\u00f3w \u0142adowarek teleskopowych wa\u017cne s\u0105 przez 5 lat. Nast\u0119pnie nale\u017cy z\u0142o\u017cy\u0107 wniosek o ich przed\u0142u\u017cenie najp\u00f3\u017aniej na 3 miesi\u0105ce przed up\u0142ywem terminu oraz do\u0142\u0105czy\u0107 za\u015bwiadczenie o wykonywaniu pracy z \u0142adowarkami przez okres minimum 3 lat.<\/p>\"\n\t\t\t\t\t\t\t\t\t}\n\t\t\t}\n\t\t\t\t\t\t]\n\t}\n<\/script>\n","protected":false},"excerpt":{"rendered":"<p>Zosta\u0144 operatorem \u0142adowarki teleskopowej&nbsp; Jako O\u015brodek Doskonalenia Kadr ERGON posiadamy wieloletni sta\u017c w nauczaniu z zakresu obs\u0142ugi \u0142adowarek teleskopowych. U nas znajd\u0105 Pa\u0144stwo szerok\u0105 ofert\u0119 szkole\u0144 daj\u0105cych uprawnienia do obs\u0142ugi i konserwacji urz\u0105dze\u0144, kt\u00f3re podlegaj\u0105 pod Urz\u0105d Dozoru Technicznego lub Transportowy Doz\u00f3r Techniczny.&nbsp; Nasza kadra sk\u0142ada si\u0119 wy\u0142\u0105cznie z do\u015bwiadczonych szkoleniowc\u00f3w, kt\u00f3rzy dziel\u0105c si\u0119 wiedz\u0105 przekazuj\u0105 r\u00f3wnie\u017c swoje spostrze\u017cenia i praktyki wyniesione z bran\u017cy.&nbsp;&nbsp; Z nami zdasz egzamin pa\u0144stwowy!&nbsp; Jak wygl\u0105da kurs? Program kursu sk\u0142ada si\u0119 z dw\u00f3ch cz\u0119\u015bci: teoretycznej i praktycznej. Aby skr\u00f3ci\u0107 czas, kt\u00f3ry przeznaczaj\u0105 Pa\u0144stwo na zdobycie nowej wiedzy, oferujemy zaj\u0119cia online oraz w siedzibie Klienta.&nbsp; Program szkolenia Podczas szkolenia poruszamy zagadnienia takie jak:&nbsp; Wybieraj\u0105c szkolenia&nbsp;z ERGON maj\u0105 Pa\u0144stwo gwarancj\u0119:&nbsp; Wa\u017cno\u015b\u0107 uprawnie\u0144 Uprawnienia UDT dla operator\u00f3w \u0142adowarek teleskopowych wa\u017cne s\u0105 5 lat. Nast\u0119pnie nale\u017cy z\u0142o\u017cy\u0107 wniosek o ich przed\u0142u\u017cenie najp\u00f3\u017aniej na 3 miesi\u0105ce przed up\u0142ywem terminu oraz do\u0142\u0105czy\u0107 za\u015bwiadczenie o wykonywaniu pracy z \u0142adowarkami przez okres minimum 3 lata.&nbsp; Szkolimy na uprawnienia do obs\u0142ugi i konserwacji maszyn takich firm jak: &nbsp; Warunki uczestnictwa w kursie&nbsp; Specyfikacja \u0142adowarek teleskopowych&nbsp; S\u0105 rodzajem w\u00f3zk\u00f3w wid\u0142owych specjalizowanych, kt\u00f3re zalicza si\u0119 do w\u00f3zk\u00f3w jezdniowych podno\u015bnikowych z mechanicznym nap\u0119dem podnoszenia zawieraj\u0105cym wysi\u0119gnik.&nbsp; Dodatkowo wyr\u00f3\u017cnia je np. nap\u0119d na 4 ko\u0142a czy nap\u0119d hydrostatyczny. W\u00f3zki specjalizowane wyposa\u017cone s\u0105 w odpowiednie opony, dzi\u0119ki czemu mog\u0105 pracowa\u0107 na trudnych nawierzchniach.&nbsp; Zmienny wysi\u0119g, kt\u00f3ry znajduje si\u0119 w Manitou pozwala podnie\u015b\u0107 \u0142adunek nawet do 20 ton i na wysoko\u015b\u0107 max. 30 metr\u00f3w.&nbsp; Do \u0142adowarek teleskopowych mo\u017cna do\u0142\u0105czy\u0107 osprz\u0119t, kt\u00f3ry s\u0142u\u017cy do takich prac, jak np.: prace ogrodnicze, rolnicze czy komunalne. Wymienny osprz\u0119t pozwala [&hellip;]<\/p>\n","protected":false},"author":6,"featured_media":5105,"parent":2721,"menu_order":0,"comment_status":"closed","ping_status":"closed","template":"","meta":{"sfsi_plus_gutenberg_text_before_share":"","sfsi_plus_gutenberg_show_text_before_share":"","sfsi_plus_gutenberg_icon_type":"","sfsi_plus_gutenberg_icon_alignemt":"","sfsi_plus_gutenburg_max_per_row":"","footnotes":""},"class_list":["post-5103","page","type-page","status-publish","has-post-thumbnail","hentry","has_thumb"],"aioseo_notices":[],"_links":{"self":[{"href":"https:\/\/kursy-udt.pl\/en\/wp-json\/wp\/v2\/pages\/5103","targetHints":{"allow":["GET"]}}],"collection":[{"href":"https:\/\/kursy-udt.pl\/en\/wp-json\/wp\/v2\/pages"}],"about":[{"href":"https:\/\/kursy-udt.pl\/en\/wp-json\/wp\/v2\/types\/page"}],"author":[{"embeddable":true,"href":"https:\/\/kursy-udt.pl\/en\/wp-json\/wp\/v2\/users\/6"}],"replies":[{"embeddable":true,"href":"https:\/\/kursy-udt.pl\/en\/wp-json\/wp\/v2\/comments?post=5103"}],"version-history":[{"count":7,"href":"https:\/\/kursy-udt.pl\/en\/wp-json\/wp\/v2\/pages\/5103\/revisions"}],"predecessor-version":[{"id":5553,"href":"https:\/\/kursy-udt.pl\/en\/wp-json\/wp\/v2\/pages\/5103\/revisions\/5553"}],"up":[{"embeddable":true,"href":"https:\/\/kursy-udt.pl\/en\/wp-json\/wp\/v2\/pages\/2721"}],"wp:featuredmedia":[{"embeddable":true,"href":"https:\/\/kursy-udt.pl\/en\/wp-json\/wp\/v2\/media\/5105"}],"wp:attachment":[{"href":"https:\/\/kursy-udt.pl\/en\/wp-json\/wp\/v2\/media?parent=5103"}],"curies":[{"name":"wp","href":"https:\/\/api.w.org\/{rel}","templated":true}]}}