{"id":5084,"date":"2023-03-20T15:34:21","date_gmt":"2023-03-20T14:34:21","guid":{"rendered":"https:\/\/kursy-udt.pl\/?page_id=5084"},"modified":"2023-03-20T22:36:11","modified_gmt":"2023-03-20T21:36:11","slug":"hook-signaller-2","status":"publish","type":"page","link":"https:\/\/kursy-udt.pl\/en\/szkolenia\/udt-wdt-tdt\/hakowy-sygnalista\/","title":{"rendered":"HOOK AND LINE FITTER COURSE"},"content":{"rendered":"\n<h2 class=\"wp-block-heading\">Praca na l\u0105dzie i na morzu \u2013 sygnalista hakowy&nbsp;<\/h2>\n\n\n<div class=\"wp-block-image\">\n<figure class=\"alignleft size-large is-resized\"><a href=\"https:\/\/kursy-udt.pl\/wp-content\/uploads\/2023\/03\/s2-41.jpg\"><img loading=\"lazy\" decoding=\"async\" src=\"https:\/\/kursy-udt.pl\/wp-content\/uploads\/2023\/03\/s2-41-1024x683.jpg\" alt=\"hakowy sygnalizuj\u0119 operatorowi d\u017awigu\" class=\"wp-image-5086\" width=\"512\" height=\"342\" srcset=\"https:\/\/kursy-udt.pl\/wp-content\/uploads\/2023\/03\/s2-41-1024x683.jpg 1024w, https:\/\/kursy-udt.pl\/wp-content\/uploads\/2023\/03\/s2-41-300x200.jpg 300w, https:\/\/kursy-udt.pl\/wp-content\/uploads\/2023\/03\/s2-41-768x512.jpg 768w, https:\/\/kursy-udt.pl\/wp-content\/uploads\/2023\/03\/s2-41-1536x1024.jpg 1536w, https:\/\/kursy-udt.pl\/wp-content\/uploads\/2023\/03\/s2-41-18x12.jpg 18w, https:\/\/kursy-udt.pl\/wp-content\/uploads\/2023\/03\/s2-41-624x416.jpg 624w, https:\/\/kursy-udt.pl\/wp-content\/uploads\/2023\/03\/s2-41.jpg 1600w\" sizes=\"auto, (max-width: 512px) 100vw, 512px\" \/><\/a><\/figure>\n<\/div>\n\n\n<p>Oferujemy kompleksowe szkolenia do pracy jako hakowy-sygnalista. Przygotowujemy kursant\u00f3w do w\u0142a\u015bciwego obchodzenia si\u0119 z urz\u0105dzeniami oraz pomocy w za\u0142adunku materia\u0142\u00f3w i kierowaniu ich transportem.&nbsp;<\/p>\n\n\n\n<h2 class=\"wp-block-heading\">Wygl\u0105d kursu&nbsp;<\/h2>\n\n\n\n<p>Kurs na hakowego daje mo\u017cliwo\u015b\u0107 uzyskania uprawnie\u0144 potrzebnych do wykonywania pracy w zawodzie. Kursy mo\u017cna wybra\u0107 w dowolnym pakiecie godzinowym. Szkolenie ma na celu przygotowanie zar\u00f3wno pod wzgl\u0119dem praktycznym, jak i teoretycznym. Praktyki uczymy na nowoczesnym sprz\u0119cie, a do test\u00f3w przygotowujemy zgodnie z aktualnymi wymaganiami egzaminacyjnymi. <\/p>\n\n\n\n<p><strong>Na program kursu sk\u0142adaj\u0105 si\u0119:&nbsp;<\/strong><\/p>\n\n\n\n<ul class=\"wp-block-list\">\n<li>przepisy BHP,&nbsp;<\/li>\n\n\n\n<li>specyfikacje techniczne danych typ\u00f3w urz\u0105dze\u0144,&nbsp;<\/li>\n\n\n\n<li>ocena sprz\u0119tu przed podj\u0119ciem pracy,&nbsp;<\/li>\n\n\n\n<li>nauka o mo\u017cliwych zagro\u017ceniach,&nbsp;<\/li>\n\n\n\n<li>sposoby zabezpieczania \u0142adunku,&nbsp;<\/li>\n\n\n\n<li>nauka sygna\u0142\u00f3w r\u0119cznych.&nbsp;<\/li>\n<\/ul>\n\n\n\n<h2 class=\"wp-block-heading\">Zadania hakowego&nbsp;<\/h2>\n\n\n\n<p>Kiedy d\u017awig lub sprz\u0119t podobnego rodzaju przenosi \u0142adunek, zadanie hakowego polega na dawaniu odpowiednich sygna\u0142\u00f3w operatorowi. Musz\u0105 wi\u0119c oni \u015bci\u015ble ze sob\u0105 wsp\u00f3\u0142pracowa\u0107. Hakowy musi zna\u0107 odpowiednie systemy znak\u00f3w r\u0119cznych, aby m\u00f3c si\u0119 porozumie\u0107 z obs\u0142uguj\u0105cym sprz\u0119t, gdy ten jest w swojej kabinie. Przy ka\u017cdym rodzaju sprz\u0119tu obowi\u0105zuje inny system znak\u00f3w. <\/p>\n\n\n<div class=\"wp-block-image\">\n<figure class=\"alignright size-large is-resized\"><a href=\"https:\/\/kursy-udt.pl\/wp-content\/uploads\/2023\/03\/s2-40.jpg\"><img loading=\"lazy\" decoding=\"async\" src=\"https:\/\/kursy-udt.pl\/wp-content\/uploads\/2023\/03\/s2-40-1024x684.jpg\" alt=\"operator d\u017awigu przenosi \u0142adunek\" class=\"wp-image-5087\" width=\"512\" height=\"342\" srcset=\"https:\/\/kursy-udt.pl\/wp-content\/uploads\/2023\/03\/s2-40-1024x684.jpg 1024w, https:\/\/kursy-udt.pl\/wp-content\/uploads\/2023\/03\/s2-40-300x200.jpg 300w, https:\/\/kursy-udt.pl\/wp-content\/uploads\/2023\/03\/s2-40-768x513.jpg 768w, https:\/\/kursy-udt.pl\/wp-content\/uploads\/2023\/03\/s2-40-1536x1025.jpg 1536w, https:\/\/kursy-udt.pl\/wp-content\/uploads\/2023\/03\/s2-40-18x12.jpg 18w, https:\/\/kursy-udt.pl\/wp-content\/uploads\/2023\/03\/s2-40-624x417.jpg 624w, https:\/\/kursy-udt.pl\/wp-content\/uploads\/2023\/03\/s2-40.jpg 1600w\" sizes=\"auto, (max-width: 512px) 100vw, 512px\" \/><\/a><\/figure>\n<\/div>\n\n\n<p><strong>Hakowy zajmuje si\u0119 zatem:&nbsp;<\/strong><\/p>\n\n\n\n<ul class=\"wp-block-list\">\n<li>przygotowywaniem \u0142adunku,&nbsp;&nbsp;<\/li>\n\n\n\n<li>kontrol\u0105 ca\u0142ego procesu transportowania,&nbsp;<\/li>\n\n\n\n<li>komunikacj\u0105 z operatorami,&nbsp;<\/li>\n\n\n\n<li>okre\u015blaniem kierunku transportu,&nbsp;<\/li>\n\n\n\n<li>wykrywaniem potencjalnych zagro\u017ce\u0144.&nbsp;<\/li>\n<\/ul>\n\n\n\n<h2 class=\"wp-block-heading\">Obowi\u0105zuj\u0105ce wymagania&nbsp;<\/h2>\n\n\n\n<p>Do kursu przyst\u0105pi\u0107 mo\u017cna, je\u017celi:&nbsp;<\/p>\n\n\n\n<ul class=\"wp-block-list\">\n<li>ma si\u0119 uko\u0144czone 18 lat,&nbsp;<\/li>\n\n\n\n<li>posiada si\u0119 lekarskie po\u015bwiadczenie o mo\u017cliwo\u015bci wykonywania pracy,&nbsp;<\/li>\n\n\n\n<li>posiada si\u0119 wykszta\u0142cenie na poziomie co najmniej podstawowym.&nbsp;<\/li>\n<\/ul>\n\n\n\n<h2 class=\"wp-block-heading\">Egzamin ko\u0144cowy&nbsp;<\/h2>\n\n\n\n<p>Po szkoleniu nale\u017cy jeszcze zda\u0107 egzamin. Sk\u0142ada si\u0119 on z cz\u0119\u015bci praktycznej i teoretycznej i odbywa si\u0119 przed specjalnie do tego wystosowan\u0105 komisj\u0105. Pozytywny wynik jest r\u00f3wnoznaczny z otrzymaniem uprawnie\u0144.&nbsp;<\/p>\n\n\n\n<h2 class=\"wp-block-heading\">Praca hakowego&nbsp;<\/h2>\n\n\n<div class=\"wp-block-image\">\n<figure class=\"alignleft size-large is-resized\"><a href=\"https:\/\/kursy-udt.pl\/wp-content\/uploads\/2023\/03\/s2-43.jpg\"><img loading=\"lazy\" decoding=\"async\" src=\"https:\/\/kursy-udt.pl\/wp-content\/uploads\/2023\/03\/s2-43-1024x684.jpg\" alt=\"hakowy pomaga operatorowi przenie\u015b\u0107 \u0142adunek\" class=\"wp-image-5088\" width=\"512\" height=\"342\" srcset=\"https:\/\/kursy-udt.pl\/wp-content\/uploads\/2023\/03\/s2-43-1024x684.jpg 1024w, https:\/\/kursy-udt.pl\/wp-content\/uploads\/2023\/03\/s2-43-300x200.jpg 300w, https:\/\/kursy-udt.pl\/wp-content\/uploads\/2023\/03\/s2-43-768x513.jpg 768w, https:\/\/kursy-udt.pl\/wp-content\/uploads\/2023\/03\/s2-43-1536x1025.jpg 1536w, https:\/\/kursy-udt.pl\/wp-content\/uploads\/2023\/03\/s2-43-18x12.jpg 18w, https:\/\/kursy-udt.pl\/wp-content\/uploads\/2023\/03\/s2-43-624x417.jpg 624w, https:\/\/kursy-udt.pl\/wp-content\/uploads\/2023\/03\/s2-43.jpg 1600w\" sizes=\"auto, (max-width: 512px) 100vw, 512px\" \/><\/a><\/figure>\n<\/div>\n\n\n<p>Nasze szkolenie przygotowuje do pracy na stanowisku hakowego w ka\u017cdych warunkach. Zdobyta wiedza przydaje si\u0119 p\u00f3\u017aniej w pracy na placach budowlanych, w magazynach czy halach produkcyjnych. Jest to wi\u0119c zaw\u00f3d o wysokim zapotrzebowaniu.&nbsp;<\/p>\n\n\n\n<h2 class=\"wp-block-heading\">Praca na l\u0105dzie i morzu&nbsp;<\/h2>\n\n\n\n<p>Przygotowujemy kompleksowo nie tylko do pracy na sta\u0142ym l\u0105dzie, ale tak\u017ce na wodzie. Dzi\u0119ki specjalnie opracowanemu programowi zgodnie ze standardami ISO 15513, OMHEC, LOLER 98, PUWER oraz Dyrektywy 2009\/104\/EC, nasz absolwent b\u0119dzie m\u00f3g\u0142 tak\u017ce szuka\u0107 pracy w ca\u0142ej Unii Europejskiej, Norwegii i Wielkiej Brytanii.&nbsp;<\/p>\n\n\n\n<h2 class=\"wp-block-heading\">Gdzie szkolimy?&nbsp;<\/h2>\n\n\n\n<p>Nasze szkolenia przeprowadzamy na terenie ca\u0142ego kraju a nawet za jego granic\u0105. Posiadamy o\u015brodki szkoleniowe w wi\u0119kszych miastach na terenie Polski, a tak\u017ce oferujemy dojazd do klienta pod wskazany adres. &nbsp;<\/p>\n\n\n\n<h2 class=\"wp-block-heading\">Pytania i odpowiedzi<\/h2>\n\n\n\t\t<details\t\thelp class=\"sc_fs_faq sc_card    \"\n\t\topen\t\t>\n\t\t\t\t\t<summary>\n\t\t\t\t<h3>Na czym polega praca hakowego sygnalisty? <\/h3>\t\t\t\t\t<\/summary>\n\t\t\t\t<div>\n\t\t\t\t\t\t<div class=\"sc_fs_faq__content\">\n\t\t\t\t\n\n<p>Hakowy wykonuje czynno\u015bci zabezpieczaj\u0105ce \u0142adunek oraz pomaga operatorowi sprawnie go przetransportowa\u0107.&nbsp;<\/p>\n\n\t\t\t<\/div>\n\t\t<\/div>\n\t\t<\/details>\n\t\t\t\t<details\t\thelp class=\"sc_fs_faq sc_card    \"\n\t\t\t\t>\n\t\t\t\t\t<summary>\n\t\t\t\t<h3>Jakie wymagania musi spe\u0142nia\u0107 kursant? <\/h3>\t\t\t\t\t<\/summary>\n\t\t\t\t<div>\n\t\t\t\t\t\t<div class=\"sc_fs_faq__content\">\n\t\t\t\t\n\n<p>Kursant musi by\u0107 pe\u0142noletni, posiada\u0107 w\u0142a\u015bciwe za\u015bwiadczenie od lekarza oraz mie\u0107 wykszta\u0142cenie podstawowe lub wy\u017csze.&nbsp;<\/p>\n\n\t\t\t<\/div>\n\t\t<\/div>\n\t\t<\/details>\n\t\t\t\t<details\t\thelp class=\"sc_fs_faq sc_card    \"\n\t\t\t\t>\n\t\t\t\t\t<summary>\n\t\t\t\t<h3>Gzie mo\u017cna znale\u017a\u0107 prac\u0119 po kursie? <\/h3>\t\t\t\t\t<\/summary>\n\t\t\t\t<div>\n\t\t\t\t\t\t<div class=\"sc_fs_faq__content\">\n\t\t\t\t\n\n<p>Szkolenie przygotowuje do uzyskanie uprawnie\u0144, daj\u0105cych mo\u017cliwo\u015b\u0107 pracy w ca\u0142ej Polsce, Unii Europejskiej, a tak\u017ce Wielkiej Brytanii i Norwegii.&nbsp;<\/p>\n\n\t\t\t<\/div>\n\t\t<\/div>\n\t\t<\/details>\n\t\t\n<script type=\"application\/ld+json\">\n\t{\n\t\t\"@context\": \"https:\/\/schema.org\",\n\t\t\"@type\": \"FAQPage\",\n\t\t\"mainEntity\": [\n\t\t\t\t\t{\n\t\t\t\t\"@type\": \"Question\",\n\t\t\t\t\"name\": \"Na czym polega praca hakowego sygnalisty? \",\n\t\t\t\t\"acceptedAnswer\": {\n\t\t\t\t\t\"@type\": \"Answer\",\n\t\t\t\t\t\"text\": \"<p>Hakowy wykonuje czynno\u015bci zabezpieczaj\u0105ce \u0142adunek oraz pomaga operatorowi sprawnie go przetransportowa\u0107.&nbsp;<\/p>\"\n\t\t\t\t\t\t\t\t\t}\n\t\t\t}\n\t\t\t,\t\t\t\t{\n\t\t\t\t\"@type\": \"Question\",\n\t\t\t\t\"name\": \"Jakie wymagania musi spe\u0142nia\u0107 kursant? \",\n\t\t\t\t\"acceptedAnswer\": {\n\t\t\t\t\t\"@type\": \"Answer\",\n\t\t\t\t\t\"text\": \"<p>Kursant musi by\u0107 pe\u0142noletni, posiada\u0107 w\u0142a\u015bciwe za\u015bwiadczenie od lekarza oraz mie\u0107 wykszta\u0142cenie podstawowe lub wy\u017csze.&nbsp;<\/p>\"\n\t\t\t\t\t\t\t\t\t}\n\t\t\t}\n\t\t\t,\t\t\t\t{\n\t\t\t\t\"@type\": \"Question\",\n\t\t\t\t\"name\": \"Gzie mo\u017cna znale\u017a\u0107 prac\u0119 po kursie? \",\n\t\t\t\t\"acceptedAnswer\": {\n\t\t\t\t\t\"@type\": \"Answer\",\n\t\t\t\t\t\"text\": \"<p>Szkolenie przygotowuje do uzyskanie uprawnie\u0144, daj\u0105cych mo\u017cliwo\u015b\u0107 pracy w ca\u0142ej Polsce, Unii Europejskiej, a tak\u017ce Wielkiej Brytanii i Norwegii.&nbsp;<\/p>\"\n\t\t\t\t\t\t\t\t\t}\n\t\t\t}\n\t\t\t\t\t\t]\n\t}\n<\/script>\n","protected":false},"excerpt":{"rendered":"<p>Praca na l\u0105dzie i na morzu \u2013 sygnalista hakowy&nbsp; Oferujemy kompleksowe szkolenia do pracy jako hakowy-sygnalista. Przygotowujemy kursant\u00f3w do w\u0142a\u015bciwego obchodzenia si\u0119 z urz\u0105dzeniami oraz pomocy w za\u0142adunku materia\u0142\u00f3w i kierowaniu ich transportem.&nbsp; Wygl\u0105d kursu&nbsp; Kurs na hakowego daje mo\u017cliwo\u015b\u0107 uzyskania uprawnie\u0144 potrzebnych do wykonywania pracy w zawodzie. Kursy mo\u017cna wybra\u0107 w dowolnym pakiecie godzinowym. Szkolenie ma na celu przygotowanie zar\u00f3wno pod wzgl\u0119dem praktycznym, jak i teoretycznym. Praktyki uczymy na nowoczesnym sprz\u0119cie, a do test\u00f3w przygotowujemy zgodnie z aktualnymi wymaganiami egzaminacyjnymi. Na program kursu sk\u0142adaj\u0105 si\u0119:&nbsp; Zadania hakowego&nbsp; Kiedy d\u017awig lub sprz\u0119t podobnego rodzaju przenosi \u0142adunek, zadanie hakowego polega na dawaniu odpowiednich sygna\u0142\u00f3w operatorowi. Musz\u0105 wi\u0119c oni \u015bci\u015ble ze sob\u0105 wsp\u00f3\u0142pracowa\u0107. Hakowy musi zna\u0107 odpowiednie systemy znak\u00f3w r\u0119cznych, aby m\u00f3c si\u0119 porozumie\u0107 z obs\u0142uguj\u0105cym sprz\u0119t, gdy ten jest w swojej kabinie. Przy ka\u017cdym rodzaju sprz\u0119tu obowi\u0105zuje inny system znak\u00f3w. Hakowy zajmuje si\u0119 zatem:&nbsp; Obowi\u0105zuj\u0105ce wymagania&nbsp; Do kursu przyst\u0105pi\u0107 mo\u017cna, je\u017celi:&nbsp; Egzamin ko\u0144cowy&nbsp; Po szkoleniu nale\u017cy jeszcze zda\u0107 egzamin. Sk\u0142ada si\u0119 on z cz\u0119\u015bci praktycznej i teoretycznej i odbywa si\u0119 przed specjalnie do tego wystosowan\u0105 komisj\u0105. Pozytywny wynik jest r\u00f3wnoznaczny z otrzymaniem uprawnie\u0144.&nbsp; Praca hakowego&nbsp; Nasze szkolenie przygotowuje do pracy na stanowisku hakowego w ka\u017cdych warunkach. Zdobyta wiedza przydaje si\u0119 p\u00f3\u017aniej w pracy na placach budowlanych, w magazynach czy halach produkcyjnych. Jest to wi\u0119c zaw\u00f3d o wysokim zapotrzebowaniu.&nbsp; Praca na l\u0105dzie i morzu&nbsp; Przygotowujemy kompleksowo nie tylko do pracy na sta\u0142ym l\u0105dzie, ale tak\u017ce na wodzie. Dzi\u0119ki specjalnie opracowanemu programowi zgodnie ze standardami ISO 15513, OMHEC, LOLER 98, PUWER oraz Dyrektywy 2009\/104\/EC, nasz absolwent b\u0119dzie m\u00f3g\u0142 [&hellip;]<\/p>\n","protected":false},"author":6,"featured_media":5086,"parent":2721,"menu_order":0,"comment_status":"closed","ping_status":"closed","template":"","meta":{"sfsi_plus_gutenberg_text_before_share":"","sfsi_plus_gutenberg_show_text_before_share":"","sfsi_plus_gutenberg_icon_type":"","sfsi_plus_gutenberg_icon_alignemt":"","sfsi_plus_gutenburg_max_per_row":"","footnotes":""},"class_list":["post-5084","page","type-page","status-publish","has-post-thumbnail","hentry","has_thumb"],"aioseo_notices":[],"_links":{"self":[{"href":"https:\/\/kursy-udt.pl\/en\/wp-json\/wp\/v2\/pages\/5084","targetHints":{"allow":["GET"]}}],"collection":[{"href":"https:\/\/kursy-udt.pl\/en\/wp-json\/wp\/v2\/pages"}],"about":[{"href":"https:\/\/kursy-udt.pl\/en\/wp-json\/wp\/v2\/types\/page"}],"author":[{"embeddable":true,"href":"https:\/\/kursy-udt.pl\/en\/wp-json\/wp\/v2\/users\/6"}],"replies":[{"embeddable":true,"href":"https:\/\/kursy-udt.pl\/en\/wp-json\/wp\/v2\/comments?post=5084"}],"version-history":[{"count":6,"href":"https:\/\/kursy-udt.pl\/en\/wp-json\/wp\/v2\/pages\/5084\/revisions"}],"predecessor-version":[{"id":5549,"href":"https:\/\/kursy-udt.pl\/en\/wp-json\/wp\/v2\/pages\/5084\/revisions\/5549"}],"up":[{"embeddable":true,"href":"https:\/\/kursy-udt.pl\/en\/wp-json\/wp\/v2\/pages\/2721"}],"wp:featuredmedia":[{"embeddable":true,"href":"https:\/\/kursy-udt.pl\/en\/wp-json\/wp\/v2\/media\/5086"}],"wp:attachment":[{"href":"https:\/\/kursy-udt.pl\/en\/wp-json\/wp\/v2\/media?parent=5084"}],"curies":[{"name":"wp","href":"https:\/\/api.w.org\/{rel}","templated":true}]}}