{"id":5075,"date":"2023-03-20T15:33:42","date_gmt":"2023-03-20T14:33:42","guid":{"rendered":"https:\/\/kursy-udt.pl\/?page_id=5075"},"modified":"2023-03-20T23:14:58","modified_gmt":"2023-03-20T22:14:58","slug":"repairing-forklift-trucks","status":"publish","type":"page","link":"https:\/\/kursy-udt.pl\/en\/uslugi\/serwis\/naprawa-wozkow-widlowych\/","title":{"rendered":"Forklift truck repairs"},"content":{"rendered":"\n<h2 class=\"wp-block-heading\">Kompleksowy serwis w\u00f3zk\u00f3w wid\u0142owych&nbsp;<\/h2>\n\n\n<div class=\"wp-block-image\">\n<figure class=\"alignright size-large is-resized\"><a href=\"https:\/\/kursy-udt.pl\/wp-content\/uploads\/2023\/03\/s2-38.jpg\"><img loading=\"lazy\" decoding=\"async\" src=\"https:\/\/kursy-udt.pl\/wp-content\/uploads\/2023\/03\/s2-38-1024x683.jpg\" alt=\"w\u00f3zek wid\u0142owy na hali\" class=\"wp-image-5078\" width=\"512\" height=\"342\" srcset=\"https:\/\/kursy-udt.pl\/wp-content\/uploads\/2023\/03\/s2-38-1024x683.jpg 1024w, https:\/\/kursy-udt.pl\/wp-content\/uploads\/2023\/03\/s2-38-300x200.jpg 300w, https:\/\/kursy-udt.pl\/wp-content\/uploads\/2023\/03\/s2-38-768x512.jpg 768w, https:\/\/kursy-udt.pl\/wp-content\/uploads\/2023\/03\/s2-38-1536x1024.jpg 1536w, https:\/\/kursy-udt.pl\/wp-content\/uploads\/2023\/03\/s2-38-18x12.jpg 18w, https:\/\/kursy-udt.pl\/wp-content\/uploads\/2023\/03\/s2-38-624x416.jpg 624w, https:\/\/kursy-udt.pl\/wp-content\/uploads\/2023\/03\/s2-38.jpg 1600w\" sizes=\"auto, (max-width: 512px) 100vw, 512px\" \/><\/a><\/figure>\n<\/div>\n\n\n<p>Prowadzimy serwis, w kt\u00f3rym zajmujemy si\u0119 w\u00f3zkami wid\u0142owymi. Praca z tymi urz\u0105dzeniami odbywa si\u0119 pod okiem naszych fachowc\u00f3w, kt\u00f3rzy posiadaj\u0105 odpowiednie <a href=\"https:\/\/kursy-udt.pl\/en\/uprawnienia-udt\/kategorie-uprawnien-2\/\">uprawnienia<\/a> do wykonywania prac serwisowych. Opr\u00f3cz uprawnie\u0144 maj\u0105 tak\u017ce niezb\u0119dne do\u015bwiadczenie przy wykonywaniu wszelkich napraw tych urz\u0105dze\u0144.&nbsp;&nbsp;<\/p>\n\n\n\n<h2 class=\"wp-block-heading\">Zakres naszych us\u0142ug&nbsp;<\/h2>\n\n\n\n<p>Do czynno\u015bci jakie wykonujemy w naszym warsztacie zaliczamy:&nbsp;<\/p>\n\n\n\n<ul class=\"wp-block-list\">\n<li>przegl\u0105d, a tak\u017ce weryfikacja stanu technicznego w\u00f3zka,&nbsp;<\/li>\n\n\n\n<li>naprawa ca\u0142kowita urz\u0105dzenia,&nbsp;<\/li>\n\n\n\n<li>diagnostyka,&nbsp;<\/li>\n\n\n\n<li>konserwacja,&nbsp;<\/li>\n\n\n\n<li>modernizacja,<\/li>\n\n\n\n<li>wymiany smar\u00f3w,&nbsp;<\/li>\n\n\n\n<li>wykonanie test\u00f3w w zakresie pracy w\u00f3zka,&nbsp;<\/li>\n\n\n\n<li>sprawdzenie przed zakupem,<\/li>\n\n\n\n<li>prowadzenie dziennika konserwacyjnego.&nbsp;<\/li>\n<\/ul>\n\n\n\n<h2 class=\"wp-block-heading\">Maszyny zast\u0119pcze&nbsp;<\/h2>\n\n\n<div class=\"wp-block-image\">\n<figure class=\"alignright size-large is-resized\"><a href=\"https:\/\/kursy-udt.pl\/wp-content\/uploads\/2023\/03\/s2-36.jpg\"><img loading=\"lazy\" decoding=\"async\" src=\"https:\/\/kursy-udt.pl\/wp-content\/uploads\/2023\/03\/s2-36-1024x683.jpg\" alt=\"diagnostyka w\u00f3zka wid\u0142owego\n\" class=\"wp-image-5079\" width=\"512\" height=\"342\" srcset=\"https:\/\/kursy-udt.pl\/wp-content\/uploads\/2023\/03\/s2-36-1024x683.jpg 1024w, https:\/\/kursy-udt.pl\/wp-content\/uploads\/2023\/03\/s2-36-300x200.jpg 300w, https:\/\/kursy-udt.pl\/wp-content\/uploads\/2023\/03\/s2-36-768x512.jpg 768w, https:\/\/kursy-udt.pl\/wp-content\/uploads\/2023\/03\/s2-36-1536x1024.jpg 1536w, https:\/\/kursy-udt.pl\/wp-content\/uploads\/2023\/03\/s2-36-18x12.jpg 18w, https:\/\/kursy-udt.pl\/wp-content\/uploads\/2023\/03\/s2-36-624x416.jpg 624w, https:\/\/kursy-udt.pl\/wp-content\/uploads\/2023\/03\/s2-36.jpg 1600w\" sizes=\"auto, (max-width: 512px) 100vw, 512px\" \/><\/a><\/figure>\n<\/div>\n\n\n<p>W naszym serwisie mamy maszyny zast\u0119pcze w razie powa\u017cnej awarii, kt\u00f3rej czas naprawy mo\u017ce zaj\u0105c d\u0142u\u017cszy okres. Do maszyn zast\u0119pczych jakie posiadamy nale\u017c\u0105 w\u00f3zki wid\u0142owe i podno\u015bniki no\u017cycowe.&nbsp;&nbsp;<\/p>\n\n\n\n<h2 class=\"wp-block-heading\">Nasi fachowcy w warsztacie naprawczym&nbsp;<\/h2>\n\n\n\n<p>Pa\u0144stwa <a href=\"https:\/\/kursy-udt.pl\/en\/szkolenia\/udt-wdt-tdt\/wozki-widlowe-merlo\/\">w\u00f3zek wid\u0142owy<\/a> b\u0119dzie oddany w dobre r\u0119ce, zajmiemy si\u0119 nim w profesjonalny spos\u00f3b, w celu zapewnienia szybkiego oraz bezpiecznego powrotu do wykonywania prac. Fachowcy podejmuj\u0105cy si\u0119 pracy w naszym serwisie posiadaj\u0105 wieloletnie do\u015bwiadczenie w us\u0142ugach serwisowych oraz maj\u0105 niezb\u0119dne uprawnienia, kt\u00f3re pozwalaj\u0105 im na wykonywanie napraw czy te\u017c innych czynno\u015bci.&nbsp;&nbsp;<\/p>\n\n\n\n<h2 class=\"wp-block-heading\">Rodzaj serwisu jaki wykonujemy&nbsp;<\/h2>\n\n\n\n<p>Pracujemy oczywi\u015bcie w naszym warsztacie, w kt\u00f3rym posiadamy cz\u0119\u015bci zamienne do kompletnych napraw w\u00f3zka, lecz tak\u017ce oferujemy mo\u017cliwo\u015b\u0107 serwisu mobilnego. Polega on na ustaleniu przyczyn usterki b\u0105d\u017a awarii jaka wyst\u0105pi\u0142a w zwi\u0105zku z maszyn\u0105. Po zdiagnozowaniu problemu zapada decyzja w jaki spos\u00f3b odbywa\u0107 si\u0119 b\u0119dzie naprawa.&nbsp;&nbsp;<\/p>\n\n\n\n<h2 class=\"wp-block-heading\">W\u00f3zki wid\u0142owe \u2013 opis&nbsp;<\/h2>\n\n\n<div class=\"wp-block-image\">\n<figure class=\"alignleft size-large is-resized\"><a href=\"https:\/\/kursy-udt.pl\/wp-content\/uploads\/2023\/03\/s2-37.jpg\"><img loading=\"lazy\" decoding=\"async\" src=\"https:\/\/kursy-udt.pl\/wp-content\/uploads\/2023\/03\/s2-37-1024x683.jpg\" alt=\"w\u00f3zek wid\u0142owy w postoju\" class=\"wp-image-5080\" width=\"512\" height=\"342\" srcset=\"https:\/\/kursy-udt.pl\/wp-content\/uploads\/2023\/03\/s2-37-1024x683.jpg 1024w, https:\/\/kursy-udt.pl\/wp-content\/uploads\/2023\/03\/s2-37-300x200.jpg 300w, https:\/\/kursy-udt.pl\/wp-content\/uploads\/2023\/03\/s2-37-768x512.jpg 768w, https:\/\/kursy-udt.pl\/wp-content\/uploads\/2023\/03\/s2-37-1536x1024.jpg 1536w, https:\/\/kursy-udt.pl\/wp-content\/uploads\/2023\/03\/s2-37-18x12.jpg 18w, https:\/\/kursy-udt.pl\/wp-content\/uploads\/2023\/03\/s2-37-624x416.jpg 624w, https:\/\/kursy-udt.pl\/wp-content\/uploads\/2023\/03\/s2-37.jpg 1600w\" sizes=\"auto, (max-width: 512px) 100vw, 512px\" \/><\/a><\/figure>\n<\/div>\n\n\n<p>W\u00f3zek jezdniowy podno\u015bnikowy z mechanicznym nap\u0119dem podnoszenia to w\u00f3zek z zamontowanymi wid\u0142ami lub innymi urz\u0105dzeniami, kt\u00f3re pozwalaj\u0105 na wykonywanie manipulacji towarem i\/lub \u0142adunkiem. Podnoszenie \u0142adunk\u00f3w odbywa si\u0119 poprzez za\u0142adowanie uprzednio ich na palet\u0119. W\u00f3zki, kt\u00f3re posiadaj\u0105 mechanizm jaki pozwala im unosi\u0107 \u0142adunki, obj\u0119ty jest dozorem technicznym, lecz w\u00f3zki bez tego mechanizmu s\u0105 zwolnione z dozoru.&nbsp;&nbsp;<\/p>\n\n\n\n<h2 class=\"wp-block-heading\">O nas&nbsp;<\/h2>\n\n\n\n<p>Jeste\u015bmy zaufanym serwisem dla naszych klient\u00f3w i prowadzimy ka\u017cd\u0105 wykonywan\u0105 czynno\u015b\u0107 zgodnie z wymogami Urz\u0119du Dozoru Technicznego. Przed rozpocz\u0119ciem napraw konsultujemy si\u0119 z klientem czy odpowiada mu rozpocz\u0119cie takich prac z urz\u0105dzaniem.&nbsp;O informacji dotycz\u0105cej koszt\u00f3w planowanych prac powiadamiamy przed przyst\u0105pieniem do ich rozpocz\u0119cia.&nbsp;<\/p>\n\n\n\n<p><strong>Jakie urz\u0105dzenia techniczne r\u00f3wnie\u017c serwisujemy?<\/strong>&nbsp;<\/p>\n\n\n\n<p>Serwisujemy r\u00f3wnie\u017c urz\u0105dzenia jak:&nbsp;<\/p>\n\n\n\n<ul class=\"wp-block-list\">\n<li>\u0142adowarki teleskopowe,&nbsp;<\/li>\n\n\n\n<li>podesty ruchome \u2013 w tym zwy\u017cki i podno\u015bniki no\u017cycowe i koszowe,&nbsp;<\/li>\n\n\n\n<li>suwnice,&nbsp;<\/li>\n\n\n\n<li>d\u017awigi,&nbsp;<\/li>\n\n\n\n<li><a href=\"https:\/\/kursy-udt.pl\/en\/szkolenia\/udt-wdt-tdt\/zurawie-hds\/\">\u017curawie HDS<\/a>.&nbsp;<\/li>\n<\/ul>\n\n\n\n<h2 class=\"wp-block-heading\">Pytania i odpowiedzi<\/h2>\n\n\n\t\t<details\t\thelp class=\"sc_fs_faq sc_card    \"\n\t\topen\t\t>\n\t\t\t\t\t<summary>\n\t\t\t\t<h3>Czy posiadaj\u0105 Pa\u0144stwo maszyny zast\u0119pcze?<\/h3>\t\t\t\t\t<\/summary>\n\t\t\t\t<div>\n\t\t\t\t\t\t<div class=\"sc_fs_faq__content\">\n\t\t\t\t\n\n<p>Tak, w wypadku d\u0142u\u017cszego okresu wykonywania prac serwisowych umo\u017cliwiamy klientowi wypo\u017cyczenie naszego w\u00f3zka wid\u0142owego i\/lub podno\u015bnika no\u017cycowego.<\/p>\n\n\t\t\t<\/div>\n\t\t<\/div>\n\t\t<\/details>\n\t\t\t\t<details\t\thelp class=\"sc_fs_faq sc_card    \"\n\t\t\t\t>\n\t\t\t\t\t<summary>\n\t\t\t\t<h3>Jaki jest zakres Pa\u0144stwa prac, je\u017celi chodzi o w\u00f3zki wid\u0142owe?<\/h3>\t\t\t\t\t<\/summary>\n\t\t\t\t<div>\n\t\t\t\t\t\t<div class=\"sc_fs_faq__content\">\n\t\t\t\t\n\n<p>Zajmujemy si\u0119: konserwacj\u0105, kompletn\u0105 napraw\u0105, wykonujemy badania diagnostyczne, prowadzimy przegl\u0105dy oraz zajmujemy si\u0119 rzesz\u0105 innych us\u0142ug dotycz\u0105cych w\u00f3zk\u00f3w wid\u0142owych.<\/p>\n\n\t\t\t<\/div>\n\t\t<\/div>\n\t\t<\/details>\n\t\t\n<script type=\"application\/ld+json\">\n\t{\n\t\t\"@context\": \"https:\/\/schema.org\",\n\t\t\"@type\": \"FAQPage\",\n\t\t\"mainEntity\": [\n\t\t\t\t\t{\n\t\t\t\t\"@type\": \"Question\",\n\t\t\t\t\"name\": \"Czy posiadaj\u0105 Pa\u0144stwo maszyny zast\u0119pcze?\",\n\t\t\t\t\"acceptedAnswer\": {\n\t\t\t\t\t\"@type\": \"Answer\",\n\t\t\t\t\t\"text\": \"<p>Tak, w wypadku d\u0142u\u017cszego okresu wykonywania prac serwisowych umo\u017cliwiamy klientowi wypo\u017cyczenie naszego w\u00f3zka wid\u0142owego i\/lub podno\u015bnika no\u017cycowego.<\/p>\"\n\t\t\t\t\t\t\t\t\t}\n\t\t\t}\n\t\t\t,\t\t\t\t{\n\t\t\t\t\"@type\": \"Question\",\n\t\t\t\t\"name\": \"Jaki jest zakres Pa\u0144stwa prac, je\u017celi chodzi o w\u00f3zki wid\u0142owe?\",\n\t\t\t\t\"acceptedAnswer\": {\n\t\t\t\t\t\"@type\": \"Answer\",\n\t\t\t\t\t\"text\": \"<p>Zajmujemy si\u0119: konserwacj\u0105, kompletn\u0105 napraw\u0105, wykonujemy badania diagnostyczne, prowadzimy przegl\u0105dy oraz zajmujemy si\u0119 rzesz\u0105 innych us\u0142ug dotycz\u0105cych w\u00f3zk\u00f3w wid\u0142owych.<\/p>\"\n\t\t\t\t\t\t\t\t\t}\n\t\t\t}\n\t\t\t\t\t\t]\n\t}\n<\/script>\n","protected":false},"excerpt":{"rendered":"<p>Kompleksowy serwis w\u00f3zk\u00f3w wid\u0142owych&nbsp; Prowadzimy serwis, w kt\u00f3rym zajmujemy si\u0119 w\u00f3zkami wid\u0142owymi. Praca z tymi urz\u0105dzeniami odbywa si\u0119 pod okiem naszych fachowc\u00f3w, kt\u00f3rzy posiadaj\u0105 odpowiednie uprawnienia do wykonywania prac serwisowych. Opr\u00f3cz uprawnie\u0144 maj\u0105 tak\u017ce niezb\u0119dne do\u015bwiadczenie przy wykonywaniu wszelkich napraw tych urz\u0105dze\u0144.&nbsp;&nbsp; Zakres naszych us\u0142ug&nbsp; Do czynno\u015bci jakie wykonujemy w naszym warsztacie zaliczamy:&nbsp; Maszyny zast\u0119pcze&nbsp; W naszym serwisie mamy maszyny zast\u0119pcze w razie powa\u017cnej awarii, kt\u00f3rej czas naprawy mo\u017ce zaj\u0105c d\u0142u\u017cszy okres. Do maszyn zast\u0119pczych jakie posiadamy nale\u017c\u0105 w\u00f3zki wid\u0142owe i podno\u015bniki no\u017cycowe.&nbsp;&nbsp; Nasi fachowcy w warsztacie naprawczym&nbsp; Pa\u0144stwa w\u00f3zek wid\u0142owy b\u0119dzie oddany w dobre r\u0119ce, zajmiemy si\u0119 nim w profesjonalny spos\u00f3b, w celu zapewnienia szybkiego oraz bezpiecznego powrotu do wykonywania prac. Fachowcy podejmuj\u0105cy si\u0119 pracy w naszym serwisie posiadaj\u0105 wieloletnie do\u015bwiadczenie w us\u0142ugach serwisowych oraz maj\u0105 niezb\u0119dne uprawnienia, kt\u00f3re pozwalaj\u0105 im na wykonywanie napraw czy te\u017c innych czynno\u015bci.&nbsp;&nbsp; Rodzaj serwisu jaki wykonujemy&nbsp; Pracujemy oczywi\u015bcie w naszym warsztacie, w kt\u00f3rym posiadamy cz\u0119\u015bci zamienne do kompletnych napraw w\u00f3zka, lecz tak\u017ce oferujemy mo\u017cliwo\u015b\u0107 serwisu mobilnego. Polega on na ustaleniu przyczyn usterki b\u0105d\u017a awarii jaka wyst\u0105pi\u0142a w zwi\u0105zku z maszyn\u0105. Po zdiagnozowaniu problemu zapada decyzja w jaki spos\u00f3b odbywa\u0107 si\u0119 b\u0119dzie naprawa.&nbsp;&nbsp; W\u00f3zki wid\u0142owe \u2013 opis&nbsp; W\u00f3zek jezdniowy podno\u015bnikowy z mechanicznym nap\u0119dem podnoszenia to w\u00f3zek z zamontowanymi wid\u0142ami lub innymi urz\u0105dzeniami, kt\u00f3re pozwalaj\u0105 na wykonywanie manipulacji towarem i\/lub \u0142adunkiem. Podnoszenie \u0142adunk\u00f3w odbywa si\u0119 poprzez za\u0142adowanie uprzednio ich na palet\u0119. W\u00f3zki, kt\u00f3re posiadaj\u0105 mechanizm jaki pozwala im unosi\u0107 \u0142adunki, obj\u0119ty jest dozorem technicznym, lecz w\u00f3zki bez tego mechanizmu s\u0105 zwolnione z dozoru.&nbsp;&nbsp; O nas&nbsp; Jeste\u015bmy zaufanym serwisem dla naszych [&hellip;]<\/p>\n","protected":false},"author":6,"featured_media":5079,"parent":5573,"menu_order":0,"comment_status":"closed","ping_status":"closed","template":"","meta":{"sfsi_plus_gutenberg_text_before_share":"","sfsi_plus_gutenberg_show_text_before_share":"","sfsi_plus_gutenberg_icon_type":"","sfsi_plus_gutenberg_icon_alignemt":"","sfsi_plus_gutenburg_max_per_row":"","footnotes":""},"class_list":["post-5075","page","type-page","status-publish","has-post-thumbnail","hentry","has_thumb"],"aioseo_notices":[],"_links":{"self":[{"href":"https:\/\/kursy-udt.pl\/en\/wp-json\/wp\/v2\/pages\/5075","targetHints":{"allow":["GET"]}}],"collection":[{"href":"https:\/\/kursy-udt.pl\/en\/wp-json\/wp\/v2\/pages"}],"about":[{"href":"https:\/\/kursy-udt.pl\/en\/wp-json\/wp\/v2\/types\/page"}],"author":[{"embeddable":true,"href":"https:\/\/kursy-udt.pl\/en\/wp-json\/wp\/v2\/users\/6"}],"replies":[{"embeddable":true,"href":"https:\/\/kursy-udt.pl\/en\/wp-json\/wp\/v2\/comments?post=5075"}],"version-history":[{"count":9,"href":"https:\/\/kursy-udt.pl\/en\/wp-json\/wp\/v2\/pages\/5075\/revisions"}],"predecessor-version":[{"id":5577,"href":"https:\/\/kursy-udt.pl\/en\/wp-json\/wp\/v2\/pages\/5075\/revisions\/5577"}],"up":[{"embeddable":true,"href":"https:\/\/kursy-udt.pl\/en\/wp-json\/wp\/v2\/pages\/5573"}],"wp:featuredmedia":[{"embeddable":true,"href":"https:\/\/kursy-udt.pl\/en\/wp-json\/wp\/v2\/media\/5079"}],"wp:attachment":[{"href":"https:\/\/kursy-udt.pl\/en\/wp-json\/wp\/v2\/media?parent=5075"}],"curies":[{"name":"wp","href":"https:\/\/api.w.org\/{rel}","templated":true}]}}