{"id":5030,"date":"2023-03-20T15:00:59","date_gmt":"2023-03-20T14:00:59","guid":{"rendered":"https:\/\/kursy-udt.pl\/?page_id=5030"},"modified":"2023-03-20T22:12:08","modified_gmt":"2023-03-20T21:12:08","slug":"storage-freezer-maintenance-man","status":"publish","type":"page","link":"https:\/\/kursy-udt.pl\/en\/szkolenia\/udt-wdt-tdt\/konserwator-ukladnic-magazynowych\/","title":{"rendered":"Course for warehouse stacker crane maintenance qualifications"},"content":{"rendered":"\n<h2 class=\"wp-block-heading\">Zdob\u0105d\u017a kwalifikacje konserwatora uk\u0142adnicy magazynowej&nbsp;<\/h2>\n\n\n\n<p>Serdecznie zapraszamy na szkolenie przygotowuj\u0105ce do pracy operatora lub konserwatora uk\u0142adnic magazynowych. Aby zacz\u0105\u0107 prac\u0119 w zawodzie, potrzebne jest zdobycie odpowiednich uprawnie\u0144. W czasie szkolenia nasi instruktorzy do\u0142o\u017c\u0105 wszelkich stara\u0144, aby przekaza\u0107 Pa\u0144stwu wiedz\u0119 potrzebn\u0105 do uzyskania owych uprawnie\u0144. &nbsp;<\/p>\n\n\n<div class=\"wp-block-image\">\n<figure class=\"alignleft size-large is-resized\"><a href=\"https:\/\/kursy-udt.pl\/wp-content\/uploads\/2023\/03\/2-scaled.jpg\"><img loading=\"lazy\" decoding=\"async\" src=\"https:\/\/kursy-udt.pl\/wp-content\/uploads\/2023\/03\/2-768x1024.jpg\" alt=\"uk\u0142adnica podczas pracy\" class=\"wp-image-5032\" width=\"384\" height=\"512\" srcset=\"https:\/\/kursy-udt.pl\/wp-content\/uploads\/2023\/03\/2-768x1024.jpg 768w, https:\/\/kursy-udt.pl\/wp-content\/uploads\/2023\/03\/2-225x300.jpg 225w, https:\/\/kursy-udt.pl\/wp-content\/uploads\/2023\/03\/2-1152x1536.jpg 1152w, https:\/\/kursy-udt.pl\/wp-content\/uploads\/2023\/03\/2-1536x2048.jpg 1536w, https:\/\/kursy-udt.pl\/wp-content\/uploads\/2023\/03\/2-9x12.jpg 9w, https:\/\/kursy-udt.pl\/wp-content\/uploads\/2023\/03\/2-624x832.jpg 624w, https:\/\/kursy-udt.pl\/wp-content\/uploads\/2023\/03\/2-scaled.jpg 1920w\" sizes=\"auto, (max-width: 384px) 100vw, 384px\" \/><\/a><\/figure>\n<\/div>\n\n\n<h2 class=\"wp-block-heading\">Program kursu&nbsp;&nbsp;<\/h2>\n\n\n\n<p>Kurs na uprawnienia konserwatora uk\u0142adnic magazynowych podzielony jest na dwie cz\u0119\u015bci. Teoretyczn\u0105, czyli wyk\u0142ady i praktyczn\u0105, polegaj\u0105c\u0105 na zdobywaniu umiej\u0119tno\u015bci przy maszynach, pod okiem wyspecjalizowanego instruktora. Po uko\u0144czeniu szkolenia kursanci przyst\u0119puj\u0105 do zdania egzaminu przed komisj\u0105 UDT. Je\u015bli kursant otrzyma pozytywny wynik na egzaminie, zostaje mu wydane za\u015bwiadczenie kwalifikacyjne potwierdzaj\u0105ce zdobycie uprawnie\u0144 do pracy na wybranym stanowisku. &nbsp;<\/p>\n\n\n\n<h2 class=\"wp-block-heading\">Zakres tematyczny<\/h2>\n\n\n\n<ul class=\"wp-block-list\">\n<li>podstawowe wiadomo\u015bci o dozorze technicznym,&nbsp;<\/li>\n\n\n\n<li>budowa cz\u0119\u015bci elektrycznej (zasilanie, nap\u0119d, sterowanie),&nbsp;<\/li>\n\n\n\n<li>obs\u0142uga uk\u0142adnic magazynowych,&nbsp;<\/li>\n\n\n\n<li>budowa cz\u0119\u015bci mechanicznych,&nbsp;<\/li>\n\n\n\n<li>budowa cz\u0119\u015bci pneumatycznych i hydraulicznych,&nbsp;<\/li>\n\n\n\n<li>aparaty i urz\u0105dzenia bezpiecze\u0144stwa,&nbsp;<\/li>\n\n\n\n<li>podstawy przepis\u00f3w BHP,&nbsp;<\/li>\n\n\n\n<li>stanowisko operatora,&nbsp;&nbsp;<\/li>\n\n\n\n<li>stanowisko konserwatora,&nbsp;<\/li>\n\n\n\n<li>przenoszenie \u0142adunk\u00f3w.&nbsp;<\/li>\n<\/ul>\n\n\n\n<h2 class=\"wp-block-heading\">Formy prowadzonych zaj\u0119\u0107&nbsp;<\/h2>\n\n\n\n<ul class=\"wp-block-list\">\n<li><strong>stacjonarnie<\/strong> \u2013 kszta\u0142cenie w naszym o\u015brodku szkoleniowym lub na terenie zak\u0142adu pracy zleceniodawcy szkolenia,&nbsp;<\/li>\n\n\n\n<li><strong>zdalnie<\/strong> \u2013 samokszta\u0142cenie, poprzez dost\u0119p do materia\u0142\u00f3w dydaktycznych na platformie internetowej,&nbsp;<\/li>\n\n\n\n<li><strong>live streaming<\/strong> \u2013 kszta\u0142cenie w rzeczywistym czasie, w przestrzeni wirtualnej,<\/li>\n\n\n\n<li><strong>cz\u0119\u015b\u0107 praktyczna <\/strong>\u2013 zaj\u0119cia z instruktorem na placu manewrowym.&nbsp;<\/li>\n<\/ul>\n\n\n\n<h2 class=\"wp-block-heading\">Praca konserwatora \u2013 obowi\u0105zki&nbsp;<\/h2>\n\n\n\n<ol class=\"wp-block-list\" start=\"1\">\n<li><strong>Regularne przegl\u0105d<\/strong>y: konserwator powinien wykonywa\u0107 regularne przegl\u0105dy uk\u0142adnicy magazynowej w celu wczesnego wykrycia uszkodze\u0144, usterek lub zu\u017cycia cz\u0119\u015bci, co pozwoli na unikni\u0119cie powa\u017cniejszych awarii i zagro\u017ce\u0144.&nbsp;<\/li>\n<\/ol>\n\n\n<div class=\"wp-block-image\">\n<figure class=\"alignright size-large is-resized\"><a href=\"https:\/\/kursy-udt.pl\/wp-content\/uploads\/2023\/03\/00.jpg\"><img loading=\"lazy\" decoding=\"async\" src=\"https:\/\/kursy-udt.pl\/wp-content\/uploads\/2023\/03\/00-1024x697.jpg\" alt=\"uk\u0142adnica magazynowa w hali\" class=\"wp-image-5033\" width=\"512\" height=\"349\" srcset=\"https:\/\/kursy-udt.pl\/wp-content\/uploads\/2023\/03\/00-1024x697.jpg 1024w, https:\/\/kursy-udt.pl\/wp-content\/uploads\/2023\/03\/00-300x204.jpg 300w, https:\/\/kursy-udt.pl\/wp-content\/uploads\/2023\/03\/00-768x522.jpg 768w, https:\/\/kursy-udt.pl\/wp-content\/uploads\/2023\/03\/00-18x12.jpg 18w, https:\/\/kursy-udt.pl\/wp-content\/uploads\/2023\/03\/00-624x424.jpg 624w, https:\/\/kursy-udt.pl\/wp-content\/uploads\/2023\/03\/00.jpg 1470w\" sizes=\"auto, (max-width: 512px) 100vw, 512px\" \/><\/a><\/figure>\n<\/div>\n\n\n<ol class=\"wp-block-list\" start=\"2\">\n<li><strong>Konserwacja element\u00f3w uk\u0142adnicy<\/strong>: konserwator powinien przeprowadza\u0107 czyszczenie, smarowanie i regulacj\u0119 element\u00f3w uk\u0142adnicy, takich jak \u0142a\u0144cuchy, rolki czy \u0142o\u017cyska, aby zapewni\u0107 ich sprawne i bezpieczne dzia\u0142anie.&nbsp;<\/li>\n<\/ol>\n\n\n\n<ol class=\"wp-block-list\" start=\"3\">\n<li><strong>Naprawa usterek<\/strong>: w przypadku wykrycia usterek, konserwator powinien przeprowadzi\u0107 ich napraw\u0119 lub wymian\u0119 uszkodzonych element\u00f3w, zgodnie z zaleceniami producenta urz\u0105dzenia.&nbsp;<\/li>\n<\/ol>\n\n\n\n<ol class=\"wp-block-list\" start=\"4\">\n<li><strong>Utrzymanie dokumentacji<\/strong>: konserwator powinien prowadzi\u0107 dokumentacj\u0119 dotycz\u0105c\u0105 przegl\u0105d\u00f3w, napraw oraz wymiany cz\u0119\u015bci, aby mie\u0107 pe\u0142n\u0105 kontrol\u0119 nad stanem urz\u0105dzenia oraz umo\u017cliwi\u0107 jego w\u0142a\u015bciwe zarz\u0105dzanie.&nbsp;<\/li>\n<\/ol>\n\n\n\n<ol class=\"wp-block-list\" start=\"5\">\n<li><strong>Zapewnienie bezpiecze\u0144stwa<\/strong>: konserwator ma za zadanie zapewni\u0107 bezpieczne u\u017cytkowanie uk\u0142adnicy magazynowej, co obejmuje m.in. wyznaczanie stref bezpiecze\u0144stwa oraz kontrolowanie dzia\u0142ania system\u00f3w zabezpieczaj\u0105cych.&nbsp;<\/li>\n<\/ol>\n\n\n\n<ol class=\"wp-block-list\" start=\"6\">\n<li><strong>Wymiana element\u00f3w eksploatacyjnych<\/strong>: konserwator musi regularnie wymienia\u0107 elementy eksploatacyjne uk\u0142adnicy, takie jak paski transportowe czy \u0142a\u0144cuchy, aby zapewni\u0107 ich w\u0142a\u015bciwe funkcjonowanie i minimalizowa\u0107 ryzyko awarii.&nbsp;<\/li>\n<\/ol>\n\n\n\n<h2 class=\"wp-block-heading\">Czym s\u0105 uk\u0142adnice magazynowe?&nbsp;&nbsp;&nbsp;<\/h2>\n\n\n\n<p>Uk\u0142adnice magazynowe s\u0105 to maszyny wykorzystywane w szeroko poj\u0119tej logistyce. To urz\u0105dzenia transportu bliskiego, kt\u00f3re pozwalaj\u0105 na manipulowanie paletami na rega\u0142ach. Uk\u0142adnice magazynowe to maszyny zwi\u0119kszaj\u0105ce efektywno\u015b\u0107 prac prowadzonych na magazynach typu ch\u0142odnia. Dzi\u0119ki owej maszynie operator nie musi d\u0142ugo przebywa\u0107 w pomieszczeniach, w kt\u00f3rych panuj\u0105 niskie temperatury&nbsp;<\/p>\n\n\n\n<h2 class=\"wp-block-heading\">Warunki uczestnictwa w kursie:&nbsp;<\/h2>\n\n\n\n<ul class=\"wp-block-list\">\n<li>uko\u0144czone 18 lat, &nbsp;<\/li>\n\n\n\n<li>wykszta\u0142cenie minimum podstawowe, &nbsp;<\/li>\n\n\n\n<li>za\u015bwiadczenie lekarskie potwierdzaj\u0105ce dobry stan zdrowia, pozwalaj\u0105cy na prace na stanowisku operatora\/konserwatora uk\u0142adni magazynowych. &nbsp;<\/li>\n<\/ul>\n\n\n<div class=\"wp-block-image\">\n<figure class=\"alignleft size-large is-resized\"><a href=\"https:\/\/kursy-udt.pl\/wp-content\/uploads\/2023\/03\/01.jpg\"><img loading=\"lazy\" decoding=\"async\" src=\"https:\/\/kursy-udt.pl\/wp-content\/uploads\/2023\/03\/01-1024x683.jpg\" alt=\"uk\u0142adnica magazynowa podczas pracy\" class=\"wp-image-5034\" width=\"512\" height=\"342\" srcset=\"https:\/\/kursy-udt.pl\/wp-content\/uploads\/2023\/03\/01-1024x683.jpg 1024w, https:\/\/kursy-udt.pl\/wp-content\/uploads\/2023\/03\/01-300x200.jpg 300w, https:\/\/kursy-udt.pl\/wp-content\/uploads\/2023\/03\/01-768x512.jpg 768w, https:\/\/kursy-udt.pl\/wp-content\/uploads\/2023\/03\/01-18x12.jpg 18w, https:\/\/kursy-udt.pl\/wp-content\/uploads\/2023\/03\/01-624x416.jpg 624w, https:\/\/kursy-udt.pl\/wp-content\/uploads\/2023\/03\/01.jpg 1500w\" sizes=\"auto, (max-width: 512px) 100vw, 512px\" \/><\/a><\/figure>\n<\/div>\n\n\n<h2 class=\"wp-block-heading\">Miejsce kursu&nbsp;<\/h2>\n\n\n\n<p>Kursy odbywaj\u0105 si\u0119 w naszych o\u015brodkach szkoleniowych znajduj\u0105cych si\u0119 w wi\u0119kszych miastach na terenie Polski. Istnieje r\u00f3wnie\u017c mo\u017cliwo\u015b\u0107 przeprowadzenia kursu w plac\u00f3wce firmy zlecaj\u0105cej szkolenie dla pracownik\u00f3w. &nbsp;<\/p>\n\n\n\n<h2 class=\"wp-block-heading\">Cena&nbsp;&nbsp;<\/h2>\n\n\n\n<p>Cena kursu ustalana jest indywidualnie i zale\u017cy od liczby uczestnik\u00f3w, a tak\u017ce miejsca, w kt\u00f3rym prowadzony b\u0119dzie kurs. &nbsp;<\/p>\n\n\n\n<h2 class=\"wp-block-heading\">Inne szkolenia&nbsp;&nbsp;<\/h2>\n\n\n\n<p>Zapraszamy tak\u017ce do wzi\u0119cia udzia\u0142u w naszych innych kursach. W swojej ofercie mamy mi\u0119dzy innymi kursy na:&nbsp;<\/p>\n\n\n\n<ul class=\"wp-block-list\">\n<li>suwnice,&nbsp;<\/li>\n\n\n\n<li>\u017curawie HDS,&nbsp;<\/li>\n\n\n\n<li>w\u00f3zki wid\u0142owe,&nbsp;<\/li>\n\n\n\n<li>podesty ruchome,&nbsp;&nbsp;<\/li>\n\n\n\n<li>wci\u0105garki i wci\u0105gniki.&nbsp;&nbsp;<\/li>\n<\/ul>\n\n\n\n<p><strong>Serdecznie zapraszamy do kontaktu!<\/strong>&nbsp;<\/p>\n\n\n\n<h2 class=\"wp-block-heading\">Pytania i odpowiedzi<\/h2>\n\n\n\t\t<details\t\thelp class=\"sc_fs_faq sc_card    \"\n\t\topen\t\t>\n\t\t\t\t\t<summary>\n\t\t\t\t<h3>Czy istnieje mo\u017cliwo\u015b\u0107 przeprowadzenia kursu w innym miejscu ni\u017c w Pa\u0144stwa siedzibie?<\/h3>\t\t\t\t\t<\/summary>\n\t\t\t\t<div>\n\t\t\t\t\t\t<div class=\"sc_fs_faq__content\">\n\t\t\t\t\n\n<p>Oczywi\u015bcie, kursy realizujemy na terenie ca\u0142ej Polski, w miejscu pracy zleceniodawcy.&nbsp;<\/p>\n\n\t\t\t<\/div>\n\t\t<\/div>\n\t\t<\/details>\n\t\t\t\t<details\t\thelp class=\"sc_fs_faq sc_card    \"\n\t\t\t\t>\n\t\t\t\t\t<summary>\n\t\t\t\t<h3>Czy istnieje mo\u017cliwo\u015b\u0107 uczestnictwa w cz\u0119\u015bci teoretycznej online?<\/h3>\t\t\t\t\t<\/summary>\n\t\t\t\t<div>\n\t\t\t\t\t\t<div class=\"sc_fs_faq__content\">\n\t\t\t\t\n\n<p>Oczywi\u015bcie istnieje taka mo\u017cliwo\u015b\u0107 ale zach\u0119camy do uczestnictwa osobi\u015bcie w szkoleniu na zaj\u0119ciach teoretycznych.<\/p>\n\n\t\t\t<\/div>\n\t\t<\/div>\n\t\t<\/details>\n\t\t\n<script type=\"application\/ld+json\">\n\t{\n\t\t\"@context\": \"https:\/\/schema.org\",\n\t\t\"@type\": \"FAQPage\",\n\t\t\"mainEntity\": [\n\t\t\t\t\t{\n\t\t\t\t\"@type\": \"Question\",\n\t\t\t\t\"name\": \"Czy istnieje mo\u017cliwo\u015b\u0107 przeprowadzenia kursu w innym miejscu ni\u017c w Pa\u0144stwa siedzibie?\",\n\t\t\t\t\"acceptedAnswer\": {\n\t\t\t\t\t\"@type\": \"Answer\",\n\t\t\t\t\t\"text\": \"<p>Oczywi\u015bcie, kursy realizujemy na terenie ca\u0142ej Polski, w miejscu pracy zleceniodawcy.&nbsp;<\/p>\"\n\t\t\t\t\t\t\t\t\t}\n\t\t\t}\n\t\t\t,\t\t\t\t{\n\t\t\t\t\"@type\": \"Question\",\n\t\t\t\t\"name\": \"Czy istnieje mo\u017cliwo\u015b\u0107 uczestnictwa w cz\u0119\u015bci teoretycznej online?\",\n\t\t\t\t\"acceptedAnswer\": {\n\t\t\t\t\t\"@type\": \"Answer\",\n\t\t\t\t\t\"text\": \"<p>Oczywi\u015bcie istnieje taka mo\u017cliwo\u015b\u0107 ale zach\u0119camy do uczestnictwa osobi\u015bcie w szkoleniu na zaj\u0119ciach teoretycznych.<\/p>\"\n\t\t\t\t\t\t\t\t\t}\n\t\t\t}\n\t\t\t\t\t\t]\n\t}\n<\/script>\n","protected":false},"excerpt":{"rendered":"<p>Gain your qualification as a warehouse stacker crane maintenance technician You are cordially invited to attend a training course to prepare you for work as a warehouse stacker crane operator or maintenance technician. In order to start working in this profession, you will need to obtain the relevant qualifications. During the course, our instructors will do their utmost to give you the knowledge you need to obtain this qualification.   Course programme The course is divided into two sections. The theoretical part, in the form of lectures, and the practical part, where you learn skills on the machines, under the supervision of a specialised instructor. After completing the training, the trainees take an exam before a UDT commission. If a trainee passes the exam, they are issued with a qualification certificate confirming their eligibility to work in the chosen position.   Scope of the course Forms of the course Maintenance work - responsibilities What are stacker cranes?    Warehouse cranes are machines used in logistics in the broadest sense. They are handling equipment that allow pallets to be manipulated on racks. The stacker cranes are machines that improve the efficiency of the work carried out in refrigerated warehouses. Thanks to this machine, the operator does not have to spend long periods in cold premises:  Course location Courses are held in our training centres located in major cities throughout Poland. It is also possible to hold a course at the premises of the company commissioning the employee training.   The price of the course is set individually and depends on the number of participants and the location where the course will be held.   Other training courses You are also welcome to take part in our other courses. Among other things, we offer courses on:  You are more than welcome to contact us!  Questions and answers<\/p>","protected":false},"author":6,"featured_media":5034,"parent":2721,"menu_order":0,"comment_status":"closed","ping_status":"closed","template":"","meta":{"sfsi_plus_gutenberg_text_before_share":"","sfsi_plus_gutenberg_show_text_before_share":"","sfsi_plus_gutenberg_icon_type":"","sfsi_plus_gutenberg_icon_alignemt":"","sfsi_plus_gutenburg_max_per_row":"","footnotes":""},"class_list":["post-5030","page","type-page","status-publish","has-post-thumbnail","hentry","has_thumb"],"aioseo_notices":[],"_links":{"self":[{"href":"https:\/\/kursy-udt.pl\/en\/wp-json\/wp\/v2\/pages\/5030","targetHints":{"allow":["GET"]}}],"collection":[{"href":"https:\/\/kursy-udt.pl\/en\/wp-json\/wp\/v2\/pages"}],"about":[{"href":"https:\/\/kursy-udt.pl\/en\/wp-json\/wp\/v2\/types\/page"}],"author":[{"embeddable":true,"href":"https:\/\/kursy-udt.pl\/en\/wp-json\/wp\/v2\/users\/6"}],"replies":[{"embeddable":true,"href":"https:\/\/kursy-udt.pl\/en\/wp-json\/wp\/v2\/comments?post=5030"}],"version-history":[{"count":4,"href":"https:\/\/kursy-udt.pl\/en\/wp-json\/wp\/v2\/pages\/5030\/revisions"}],"predecessor-version":[{"id":5245,"href":"https:\/\/kursy-udt.pl\/en\/wp-json\/wp\/v2\/pages\/5030\/revisions\/5245"}],"up":[{"embeddable":true,"href":"https:\/\/kursy-udt.pl\/en\/wp-json\/wp\/v2\/pages\/2721"}],"wp:featuredmedia":[{"embeddable":true,"href":"https:\/\/kursy-udt.pl\/en\/wp-json\/wp\/v2\/media\/5034"}],"wp:attachment":[{"href":"https:\/\/kursy-udt.pl\/en\/wp-json\/wp\/v2\/media?parent=5030"}],"curies":[{"name":"wp","href":"https:\/\/api.w.org\/{rel}","templated":true}]}}