{"id":4976,"date":"2023-03-03T19:00:12","date_gmt":"2023-03-03T18:00:12","guid":{"rendered":"https:\/\/kursy-udt.pl\/?page_id=4976"},"modified":"2023-03-08T12:15:05","modified_gmt":"2023-03-08T11:15:05","slug":"crane-operator-2","status":"publish","type":"page","link":"https:\/\/kursy-udt.pl\/en\/szkolenia\/udt-wdt-tdt\/operator-dzwigu\/","title":{"rendered":"UDT courses for crane operators"},"content":{"rendered":"\n<h2 class=\"wp-block-heading\">Zosta\u0144 operatorem d\u017awigu budowlanego&nbsp;<\/h2>\n\n\n\n<p>O\u015brodek szkoleniowy ERGON zajmuje si\u0119 przeprowadzaniem szkole\u0144 z zakresu obs\u0142ugi maszyn wykorzystywanych przede wszystkim w przemy\u015ble budowlanym. Oferujemy szeroki zakres kurs\u00f3w, obejmuj\u0105cych nauk\u0119 sterowania d\u017awigami HDS, suwnicami, w\u00f3zkami wid\u0142owymi i wieloma innymi urz\u0105dzeniami. Nasze kursy s\u0105 zgodne ze standardami UDT oraz obowi\u0105zuj\u0105cymi przepisami prawnymi. &nbsp;<\/p>\n\n\n<div class=\"wp-block-image\">\n<figure class=\"alignleft size-large is-resized\"><a href=\"https:\/\/kursy-udt.pl\/wp-content\/uploads\/2023\/02\/canva-tower-crane-in-a-construction-site-MAE2KNNuGn4.jpg\"><img loading=\"lazy\" decoding=\"async\" src=\"https:\/\/kursy-udt.pl\/wp-content\/uploads\/2023\/02\/canva-tower-crane-in-a-construction-site-MAE2KNNuGn4-1024x683.jpg\" alt=\"\u017curaw wie\u017cowy na placu budowy\" class=\"wp-image-4979\" width=\"512\" height=\"342\" srcset=\"https:\/\/kursy-udt.pl\/wp-content\/uploads\/2023\/02\/canva-tower-crane-in-a-construction-site-MAE2KNNuGn4-1024x683.jpg 1024w, https:\/\/kursy-udt.pl\/wp-content\/uploads\/2023\/02\/canva-tower-crane-in-a-construction-site-MAE2KNNuGn4-300x200.jpg 300w, https:\/\/kursy-udt.pl\/wp-content\/uploads\/2023\/02\/canva-tower-crane-in-a-construction-site-MAE2KNNuGn4-768x512.jpg 768w, https:\/\/kursy-udt.pl\/wp-content\/uploads\/2023\/02\/canva-tower-crane-in-a-construction-site-MAE2KNNuGn4-1536x1024.jpg 1536w, https:\/\/kursy-udt.pl\/wp-content\/uploads\/2023\/02\/canva-tower-crane-in-a-construction-site-MAE2KNNuGn4-18x12.jpg 18w, https:\/\/kursy-udt.pl\/wp-content\/uploads\/2023\/02\/canva-tower-crane-in-a-construction-site-MAE2KNNuGn4-624x416.jpg 624w, https:\/\/kursy-udt.pl\/wp-content\/uploads\/2023\/02\/canva-tower-crane-in-a-construction-site-MAE2KNNuGn4.jpg 1600w\" sizes=\"auto, (max-width: 512px) 100vw, 512px\" \/><\/a><\/figure>\n<\/div>\n\n\n<h2 class=\"wp-block-heading\">Przebieg szkolenia&nbsp;<\/h2>\n\n\n\n<p>Kurs oparty jest o <strong>aktualne wymagania UDT<\/strong>. Nasz\u0105 misj\u0105 jest przygotowanie przysz\u0142ych operator\u00f3w na wszelkie mo\u017cliwe okoliczno\u015bci, jakie b\u0119d\u0105 si\u0119 wi\u0105za\u0142y z ich prac\u0105, a nie tylko zapoznanie z podstawowymi wymaganiami zawodu. Dlatego te\u017c oferujemy kompleksowe kursy sk\u0142adaj\u0105ce si\u0119 zar\u00f3wno z zaj\u0119\u0107 teoretycznych jak i praktycznych. Dla kursant\u00f3w przygotowali\u015bmy zadania maj\u0105ce na celu przeszkoli\u0107 ich pod k\u0105tem <strong>budowy, eksploatacji oraz konserwacji urz\u0105dze\u0144 d\u017awigowych<\/strong>.&nbsp;&nbsp;<\/p>\n\n\n\n<p>Szkolenie zako\u0144czone jest <strong>egzaminem <\/strong>przed cz\u0142onkami komisji Urz\u0119du Dozoru Technicznego. Egzamin ma sprawdzi\u0107 wiedz\u0119 teoretyczn\u0105 i praktyczn\u0105 nabyt\u0105 w trakcie kursu. Zaliczenie egzaminu jest <strong>warunkiem koniecznym <\/strong>do uzyskania <a href=\"https:\/\/kursy-udt.pl\/en\/uprawnienia-udt\/kategorie-uprawnien-2\/\">uprawnie\u0144<\/a>.&nbsp;<\/p>\n\n\n\n<h2 class=\"wp-block-heading\">Efekty szkolenia&nbsp;&nbsp;<\/h2>\n\n\n\n<p>Szkolenie uprawnia do wykonywania zawodu d\u017awigowego i operowania d\u017awigami:&nbsp;<\/p>\n\n\n<div class=\"wp-block-image\">\n<figure class=\"alignright size-large is-resized\"><a href=\"https:\/\/kursy-udt.pl\/wp-content\/uploads\/2023\/02\/screen_2x-35.jpg\"><img loading=\"lazy\" decoding=\"async\" src=\"https:\/\/kursy-udt.pl\/wp-content\/uploads\/2023\/02\/screen_2x-35-1024x684.jpg\" alt=\"Kask na placu budowlanym\" class=\"wp-image-4980\" width=\"512\" height=\"342\" srcset=\"https:\/\/kursy-udt.pl\/wp-content\/uploads\/2023\/02\/screen_2x-35-1024x684.jpg 1024w, https:\/\/kursy-udt.pl\/wp-content\/uploads\/2023\/02\/screen_2x-35-300x200.jpg 300w, https:\/\/kursy-udt.pl\/wp-content\/uploads\/2023\/02\/screen_2x-35-768x513.jpg 768w, https:\/\/kursy-udt.pl\/wp-content\/uploads\/2023\/02\/screen_2x-35-1536x1025.jpg 1536w, https:\/\/kursy-udt.pl\/wp-content\/uploads\/2023\/02\/screen_2x-35-18x12.jpg 18w, https:\/\/kursy-udt.pl\/wp-content\/uploads\/2023\/02\/screen_2x-35-624x417.jpg 624w, https:\/\/kursy-udt.pl\/wp-content\/uploads\/2023\/02\/screen_2x-35.jpg 1600w\" sizes=\"auto, (max-width: 512px) 100vw, 512px\" \/><\/a><\/figure>\n<\/div>\n\n\n<ul class=\"wp-block-list\">\n<li>samojezdnymi,&nbsp;<\/li>\n\n\n\n<li>przeno\u015bnymi (typ HDS),&nbsp;<\/li>\n\n\n\n<li>stacjonarnymi,&nbsp;&nbsp;<\/li>\n\n\n\n<li>wie\u017cowymi.&nbsp;&nbsp;<\/li>\n<\/ul>\n\n\n\n<p>Zaliczaj\u0105c szkolenie mo\u017cna zyska\u0107 kwalifikacje umo\u017cliwiaj\u0105ce wieloletni\u0105 prac\u0119 na stanowisku operatora urz\u0105dze\u0144 d\u017awigowych lub innych maszyn.&nbsp;<\/p>\n\n\n\n<h2 class=\"wp-block-heading\">D\u017awig \u2013 definicja&nbsp;<\/h2>\n\n\n\n<p>Pod poj\u0119ciem d\u017awigu rozumiemy grup\u0119 urz\u0105dze\u0144 zwanymi d\u017awignicowymi, maj\u0105cymi za zadanie przenoszenie materia\u0142\u00f3w lub ludzi. W zale\u017cno\u015bci od rodzaju d\u017awigu \u0142adunki te mog\u0105 znajdowa\u0107 si\u0119 na platformach, w kabinach lub kontenerach. Do obs\u0142ugi d\u017awig\u00f3w ruchomych, zwanych tak\u017ce towarowo-osobowymi, potrzebne jest zaliczenie kursu zako\u0144czonego egzaminem UDT. D\u017awigi towarowo-osobowe zaliczaj\u0105 si\u0119 bowiem do kategorii urz\u0105dze\u0144 transportu bliskiego, kt\u00f3re podlegaj\u0105 Urz\u0119dowi Dozoru Technicznego.&nbsp;&nbsp;&nbsp;<\/p>\n\n\n\n<h2 class=\"wp-block-heading\">Wymagania dla zainteresowanych kursem&nbsp;<\/h2>\n\n\n\n<p>Aby przyst\u0105pi\u0107 do kursu nale\u017cy:&nbsp;<\/p>\n\n\n\n<ul class=\"wp-block-list\">\n<li>mie\u0107 uko\u0144czone 18 lat,&nbsp;<\/li>\n\n\n\n<li>posiada\u0107 za\u015bwiadczenie medyczne o braku przeciwwskaza\u0144 do wykonywania zawodu,&nbsp;<\/li>\n\n\n\n<li>posiada\u0107 wykszta\u0142cenie przynajmniej podstawowe.&nbsp;<\/li>\n<\/ul>\n\n\n\n<h2 class=\"wp-block-heading\">Miejsca pracy d\u017awigowego&nbsp;<\/h2>\n\n\n\n<p>Po uko\u0144czeniu kursu i zdobyciu tytu\u0142y operatora d\u017awigowego mo\u017cna znale\u017a\u0107 zatrudnienie w wielu r\u00f3\u017cnorodnych bran\u017cach. D\u017awigi kojarz\u0105 si\u0119 g\u0142\u00f3wnie z placami budowy i tam rzeczywi\u015bcie znajduj\u0105 wielorakie zastosowania. D\u017awigi sprawdzaj\u0105 si\u0119 przy przenoszeniu materia\u0142\u00f3w, narz\u0119dzi, a nieraz tak\u017ce i ludzi. Urz\u0105dzenia te s\u0105 te\u017c niezwykle u\u017cyteczne przy pracach produkcyjnych, w miejscach takich jak hale czy magazyny. Opr\u00f3cz tego zastosowanie znajduj\u0105 r\u00f3wnie\u017c w przemy\u015ble ci\u0119\u017ckim \u2013 portach czy stoczniach. Niekt\u00f3re typy d\u017awig\u00f3w&nbsp;\u2013 na przyk\u0142ad HDS \u2013&nbsp;sprawdzaj\u0105 si\u0119 przy wycince drzew czy w tartakach.&nbsp;&nbsp;&nbsp;<\/p>\n\n\n<div class=\"wp-block-image\">\n<figure class=\"alignleft size-large is-resized\"><a href=\"https:\/\/kursy-udt.pl\/wp-content\/uploads\/2023\/02\/canva-low-angle-shot-of-a-tower-crane-MAE8kDCseQ8-1.jpg\"><img loading=\"lazy\" decoding=\"async\" src=\"https:\/\/kursy-udt.pl\/wp-content\/uploads\/2023\/02\/canva-low-angle-shot-of-a-tower-crane-MAE8kDCseQ8-1-1024x683.jpg\" alt=\"budowa wie\u017cowc\u00f3w \" class=\"wp-image-4981\" width=\"512\" height=\"342\" srcset=\"https:\/\/kursy-udt.pl\/wp-content\/uploads\/2023\/02\/canva-low-angle-shot-of-a-tower-crane-MAE8kDCseQ8-1-1024x683.jpg 1024w, https:\/\/kursy-udt.pl\/wp-content\/uploads\/2023\/02\/canva-low-angle-shot-of-a-tower-crane-MAE8kDCseQ8-1-300x200.jpg 300w, https:\/\/kursy-udt.pl\/wp-content\/uploads\/2023\/02\/canva-low-angle-shot-of-a-tower-crane-MAE8kDCseQ8-1-768x512.jpg 768w, https:\/\/kursy-udt.pl\/wp-content\/uploads\/2023\/02\/canva-low-angle-shot-of-a-tower-crane-MAE8kDCseQ8-1-1536x1024.jpg 1536w, https:\/\/kursy-udt.pl\/wp-content\/uploads\/2023\/02\/canva-low-angle-shot-of-a-tower-crane-MAE8kDCseQ8-1-18x12.jpg 18w, https:\/\/kursy-udt.pl\/wp-content\/uploads\/2023\/02\/canva-low-angle-shot-of-a-tower-crane-MAE8kDCseQ8-1-624x416.jpg 624w, https:\/\/kursy-udt.pl\/wp-content\/uploads\/2023\/02\/canva-low-angle-shot-of-a-tower-crane-MAE8kDCseQ8-1.jpg 1600w\" sizes=\"auto, (max-width: 512px) 100vw, 512px\" \/><\/a><\/figure>\n<\/div>\n\n\n<h2 class=\"wp-block-heading\">Gdzie odbywaj\u0105 si\u0119 szkolenia?&nbsp;<\/h2>\n\n\n\n<p>Nasze szkolenia prowadzimy w Warszawie w g\u0142\u00f3wnej siedzibie naszej firmy oraz w naszych plac\u00f3wkach w ca\u0142ej Polsce. Oferujemy r\u00f3wnie\u017c szkolenia z bezpo\u015brednim dojazdem do klienta. Kursy mog\u0105 odbywa\u0107 si\u0119 w formie zar\u00f3wno zamkni\u0119tej oraz otwartej, czyli dla ka\u017cdego zainteresowanego. Harmonogram zaj\u0119\u0107 zamieszczony jest na naszej stronie.&nbsp;<\/p>\n\n\n\n<h2 class=\"wp-block-heading\">Cena szkolenia&nbsp;<\/h2>\n\n\n\n<p>Koszty kursu uzale\u017cnione s\u0105 od liczby zainteresowanych uczestnik\u00f3w. Z aktualnym cennikiem mo\u017cna zapozna\u0107 si\u0119 na naszej stronie. Zapraszamy do sprawdzenia naszej oferty!&nbsp;&nbsp;<\/p>\n\n\n\n<h2 class=\"wp-block-heading\">Pytania i odpowiedzi<\/h2>\n\n\n\t\t<details\t\thelp class=\"sc_fs_faq sc_card    \"\n\t\topen\t\t>\n\t\t\t\t\t<summary>\n\t\t\t\t<h3>Jak wygl\u0105da szkolenie?<\/h3>\t\t\t\t\t<\/summary>\n\t\t\t\t<div>\n\t\t\t\t\t\t<div class=\"sc_fs_faq__content\">\n\t\t\t\t\n\n<p>Szkolenia sk\u0142adaj\u0105 si\u0119 z zaj\u0119\u0107 teoretycznych i praktycznych prowadzonych przez specjalist\u00f3w i zako\u0144czone s\u0105 egzaminem przed komisj\u0105 z Urz\u0119du Dozoru Technicznego.<\/p>\n\n\t\t\t<\/div>\n\t\t<\/div>\n\t\t<\/details>\n\t\t\t\t<details\t\thelp class=\"sc_fs_faq sc_card    \"\n\t\t\t\t>\n\t\t\t\t\t<summary>\n\t\t\t\t<h3>Gdzie odbywa si\u0119 kurs?<\/h3>\t\t\t\t\t<\/summary>\n\t\t\t\t<div>\n\t\t\t\t\t\t<div class=\"sc_fs_faq__content\">\n\t\t\t\t\n\n<p>Kurs odbywa si\u0119 w naszej siedzibie w Warszawie oraz w plac\u00f3wkach w ca\u0142ej Polsce. Istnieje mo\u017cliwo\u015b\u0107 zam\u00f3wienie kursu z dojazdem do klienta.&nbsp;<\/p>\n\n\t\t\t<\/div>\n\t\t<\/div>\n\t\t<\/details>\n\t\t\t\t<details\t\thelp class=\"sc_fs_faq sc_card    \"\n\t\t\t\t>\n\t\t\t\t\t<summary>\n\t\t\t\t<h3>Jakie s\u0105 wymagania potrzebne do uczestnictwa w kursie?<\/h3>\t\t\t\t\t<\/summary>\n\t\t\t\t<div>\n\t\t\t\t\t\t<div class=\"sc_fs_faq__content\">\n\t\t\t\t\n\n<p>Aby przyst\u0105pi\u0107 do kursu trzeba mie\u0107 uko\u0144czone 18 lat, posiada\u0107 wykszta\u0142cenie na poziomie minimum podstawowym oraz uzyska\u0107 odpowiednie za\u015bwiadczenie lekarskie.&nbsp;<\/p>\n\n\t\t\t<\/div>\n\t\t<\/div>\n\t\t<\/details>\n\t\t\n<script type=\"application\/ld+json\">\n\t{\n\t\t\"@context\": \"https:\/\/schema.org\",\n\t\t\"@type\": \"FAQPage\",\n\t\t\"mainEntity\": [\n\t\t\t\t\t{\n\t\t\t\t\"@type\": \"Question\",\n\t\t\t\t\"name\": \"Jak wygl\u0105da szkolenie?\",\n\t\t\t\t\"acceptedAnswer\": {\n\t\t\t\t\t\"@type\": \"Answer\",\n\t\t\t\t\t\"text\": \"<p>Szkolenia sk\u0142adaj\u0105 si\u0119 z zaj\u0119\u0107 teoretycznych i praktycznych prowadzonych przez specjalist\u00f3w i zako\u0144czone s\u0105 egzaminem przed komisj\u0105 z Urz\u0119du Dozoru Technicznego.<\/p>\"\n\t\t\t\t\t\t\t\t\t}\n\t\t\t}\n\t\t\t,\t\t\t\t{\n\t\t\t\t\"@type\": \"Question\",\n\t\t\t\t\"name\": \"Gdzie odbywa si\u0119 kurs?\",\n\t\t\t\t\"acceptedAnswer\": {\n\t\t\t\t\t\"@type\": \"Answer\",\n\t\t\t\t\t\"text\": \"<p>Kurs odbywa si\u0119 w naszej siedzibie w Warszawie oraz w plac\u00f3wkach w ca\u0142ej Polsce. Istnieje mo\u017cliwo\u015b\u0107 zam\u00f3wienie kursu z dojazdem do klienta.&nbsp;<\/p>\"\n\t\t\t\t\t\t\t\t\t}\n\t\t\t}\n\t\t\t,\t\t\t\t{\n\t\t\t\t\"@type\": \"Question\",\n\t\t\t\t\"name\": \"Jakie s\u0105 wymagania potrzebne do uczestnictwa w kursie?\",\n\t\t\t\t\"acceptedAnswer\": {\n\t\t\t\t\t\"@type\": \"Answer\",\n\t\t\t\t\t\"text\": \"<p>Aby przyst\u0105pi\u0107 do kursu trzeba mie\u0107 uko\u0144czone 18 lat, posiada\u0107 wykszta\u0142cenie na poziomie minimum podstawowym oraz uzyska\u0107 odpowiednie za\u015bwiadczenie lekarskie.&nbsp;<\/p>\"\n\t\t\t\t\t\t\t\t\t}\n\t\t\t}\n\t\t\t\t\t\t]\n\t}\n<\/script>\n","protected":false},"excerpt":{"rendered":"<p>Zosta\u0144 operatorem d\u017awigu budowlanego&nbsp; O\u015brodek szkoleniowy ERGON zajmuje si\u0119 przeprowadzaniem szkole\u0144 z zakresu obs\u0142ugi maszyn wykorzystywanych przede wszystkim w przemy\u015ble budowlanym. Oferujemy szeroki zakres kurs\u00f3w, obejmuj\u0105cych nauk\u0119 sterowania d\u017awigami HDS, suwnicami, w\u00f3zkami wid\u0142owymi i wieloma innymi urz\u0105dzeniami. Nasze kursy s\u0105 zgodne ze standardami UDT oraz obowi\u0105zuj\u0105cymi przepisami prawnymi. &nbsp; Przebieg szkolenia&nbsp; Kurs oparty jest o aktualne wymagania UDT. Nasz\u0105 misj\u0105 jest przygotowanie przysz\u0142ych operator\u00f3w na wszelkie mo\u017cliwe okoliczno\u015bci, jakie b\u0119d\u0105 si\u0119 wi\u0105za\u0142y z ich prac\u0105, a nie tylko zapoznanie z podstawowymi wymaganiami zawodu. Dlatego te\u017c oferujemy kompleksowe kursy sk\u0142adaj\u0105ce si\u0119 zar\u00f3wno z zaj\u0119\u0107 teoretycznych jak i praktycznych. Dla kursant\u00f3w przygotowali\u015bmy zadania maj\u0105ce na celu przeszkoli\u0107 ich pod k\u0105tem budowy, eksploatacji oraz konserwacji urz\u0105dze\u0144 d\u017awigowych.&nbsp;&nbsp; Szkolenie zako\u0144czone jest egzaminem przed cz\u0142onkami komisji Urz\u0119du Dozoru Technicznego. Egzamin ma sprawdzi\u0107 wiedz\u0119 teoretyczn\u0105 i praktyczn\u0105 nabyt\u0105 w trakcie kursu. Zaliczenie egzaminu jest warunkiem koniecznym do uzyskania uprawnie\u0144.&nbsp; Efekty szkolenia&nbsp;&nbsp; Szkolenie uprawnia do wykonywania zawodu d\u017awigowego i operowania d\u017awigami:&nbsp; Zaliczaj\u0105c szkolenie mo\u017cna zyska\u0107 kwalifikacje umo\u017cliwiaj\u0105ce wieloletni\u0105 prac\u0119 na stanowisku operatora urz\u0105dze\u0144 d\u017awigowych lub innych maszyn.&nbsp; D\u017awig \u2013 definicja&nbsp; Pod poj\u0119ciem d\u017awigu rozumiemy grup\u0119 urz\u0105dze\u0144 zwanymi d\u017awignicowymi, maj\u0105cymi za zadanie przenoszenie materia\u0142\u00f3w lub ludzi. W zale\u017cno\u015bci od rodzaju d\u017awigu \u0142adunki te mog\u0105 znajdowa\u0107 si\u0119 na platformach, w kabinach lub kontenerach. Do obs\u0142ugi d\u017awig\u00f3w ruchomych, zwanych tak\u017ce towarowo-osobowymi, potrzebne jest zaliczenie kursu zako\u0144czonego egzaminem UDT. D\u017awigi towarowo-osobowe zaliczaj\u0105 si\u0119 bowiem do kategorii urz\u0105dze\u0144 transportu bliskiego, kt\u00f3re podlegaj\u0105 Urz\u0119dowi Dozoru Technicznego.&nbsp;&nbsp;&nbsp; Wymagania dla zainteresowanych kursem&nbsp; Aby przyst\u0105pi\u0107 do kursu nale\u017cy:&nbsp; Miejsca pracy d\u017awigowego&nbsp; Po uko\u0144czeniu kursu i zdobyciu tytu\u0142y operatora d\u017awigowego mo\u017cna znale\u017a\u0107 [&hellip;]<\/p>\n","protected":false},"author":6,"featured_media":4978,"parent":2721,"menu_order":0,"comment_status":"closed","ping_status":"closed","template":"","meta":{"sfsi_plus_gutenberg_text_before_share":"","sfsi_plus_gutenberg_show_text_before_share":"","sfsi_plus_gutenberg_icon_type":"","sfsi_plus_gutenberg_icon_alignemt":"","sfsi_plus_gutenburg_max_per_row":"","footnotes":""},"class_list":["post-4976","page","type-page","status-publish","has-post-thumbnail","hentry","has_thumb"],"aioseo_notices":[],"_links":{"self":[{"href":"https:\/\/kursy-udt.pl\/en\/wp-json\/wp\/v2\/pages\/4976","targetHints":{"allow":["GET"]}}],"collection":[{"href":"https:\/\/kursy-udt.pl\/en\/wp-json\/wp\/v2\/pages"}],"about":[{"href":"https:\/\/kursy-udt.pl\/en\/wp-json\/wp\/v2\/types\/page"}],"author":[{"embeddable":true,"href":"https:\/\/kursy-udt.pl\/en\/wp-json\/wp\/v2\/users\/6"}],"replies":[{"embeddable":true,"href":"https:\/\/kursy-udt.pl\/en\/wp-json\/wp\/v2\/comments?post=4976"}],"version-history":[{"count":5,"href":"https:\/\/kursy-udt.pl\/en\/wp-json\/wp\/v2\/pages\/4976\/revisions"}],"predecessor-version":[{"id":5410,"href":"https:\/\/kursy-udt.pl\/en\/wp-json\/wp\/v2\/pages\/4976\/revisions\/5410"}],"up":[{"embeddable":true,"href":"https:\/\/kursy-udt.pl\/en\/wp-json\/wp\/v2\/pages\/2721"}],"wp:featuredmedia":[{"embeddable":true,"href":"https:\/\/kursy-udt.pl\/en\/wp-json\/wp\/v2\/media\/4978"}],"wp:attachment":[{"href":"https:\/\/kursy-udt.pl\/en\/wp-json\/wp\/v2\/media?parent=4976"}],"curies":[{"name":"wp","href":"https:\/\/api.w.org\/{rel}","templated":true}]}}