{"id":4965,"date":"2023-03-20T14:42:18","date_gmt":"2023-03-20T13:42:18","guid":{"rendered":"https:\/\/kursy-udt.pl\/?page_id=4965"},"modified":"2023-03-20T22:02:22","modified_gmt":"2023-03-20T21:02:22","slug":"crane-repairman","status":"publish","type":"page","link":"https:\/\/kursy-udt.pl\/en\/szkolenia\/udt-wdt-tdt\/konserwator-dzwigow-budowlanych\/","title":{"rendered":"Building lift maintenance course for passenger and goods passenger lifts"},"content":{"rendered":"\n<h2 class=\"wp-block-heading\">Szkolenie na konserwatora d\u017awig\u00f3w budowlanych&nbsp;<\/h2>\n\n\n<div class=\"wp-block-image\">\n<figure class=\"alignright size-large is-resized\"><a href=\"https:\/\/kursy-udt.pl\/wp-content\/uploads\/2023\/02\/crane-tie-installation-5.jpeg\"><img decoding=\"async\" src=\"https:\/\/kursy-udt.pl\/wp-content\/uploads\/2023\/02\/crane-tie-installation-5-edited.jpeg\" alt=\"naprawa winy towarowo-osobowej\" class=\"wp-image-4974\" width=\"384\" srcset=\"https:\/\/kursy-udt.pl\/wp-content\/uploads\/2023\/02\/crane-tie-installation-5-edited.jpeg 1200w, https:\/\/kursy-udt.pl\/wp-content\/uploads\/2023\/02\/crane-tie-installation-5-edited-300x225.jpeg 300w, https:\/\/kursy-udt.pl\/wp-content\/uploads\/2023\/02\/crane-tie-installation-5-edited-1024x768.jpeg 1024w, https:\/\/kursy-udt.pl\/wp-content\/uploads\/2023\/02\/crane-tie-installation-5-edited-768x576.jpeg 768w, https:\/\/kursy-udt.pl\/wp-content\/uploads\/2023\/02\/crane-tie-installation-5-edited-16x12.jpeg 16w, https:\/\/kursy-udt.pl\/wp-content\/uploads\/2023\/02\/crane-tie-installation-5-edited-640x480.jpeg 640w, https:\/\/kursy-udt.pl\/wp-content\/uploads\/2023\/02\/crane-tie-installation-5-edited-624x468.jpeg 624w\" sizes=\"(max-width: 1200px) 100vw, 1200px\" \/><\/a><\/figure>\n<\/div>\n\n\n<p><a href=\"https:\/\/kursy-udt.pl\/en\/o-firmie\/\">O\u015brodek Doskonalenia Kadr ERGON<\/a> przeprowadza szkolenia w zakresie konserwacji d\u017awig\u00f3w budowlanych, towarowych i towarowo-osobowych. Konserwacja wind jest prac\u0105 odpowiedzialn\u0105, wi\u0119c chcemy nauczy\u0107 kursant\u00f3w jak najlepiej wykonywa\u0107 prace zgodnie z zasadami <a href=\"https:\/\/kursy-udt.pl\/en\/szkolenia\/bhp-bezpieczenstwo-pracy\/prawna-ochrona-pracy\/\">BHP<\/a> oraz UDT. &nbsp;<\/p>\n\n\n\n<h2 class=\"wp-block-heading\">D\u017awigi budowlane&nbsp;<\/h2>\n\n\n\n<p>Wyst\u0119puj\u0105 dwa rodzaje d\u017awig\u00f3w, s\u0105 nimi:&nbsp;<\/p>\n\n\n\n<ul class=\"wp-block-list\">\n<li>d\u017awig budowlany towarowy,&nbsp;<\/li>\n\n\n\n<li>d\u017awig budowlany towarowo \u2013 osobowy.&nbsp;<\/li>\n<\/ul>\n\n\n\n<p>D\u017awigi te s\u0142u\u017c\u0105 do pionowego przemieszczania materia\u0142\u00f3w budowlanych oraz ludzi w zale\u017cno\u015bci od rodzaju d\u017awigu jaki jest zastosowany. Przemieszczanie ludzi i \u0142adunk\u00f3w odbywa si\u0119 poprzez wej\u015bcie do kabiny, kt\u00f3ra porusza si\u0119 wzd\u0142u\u017c prowadnic pionowych.&nbsp;&nbsp;<\/p>\n\n\n\n<h2 class=\"wp-block-heading\">Podstawowe obowi\u0105zki dotycz\u0105ce windy&nbsp;<\/h2>\n\n\n\n<p>Osoba posiadaj\u0105ca <a href=\"https:\/\/kursy-udt.pl\/en\/uprawnienia-udt\/kategorie-uprawnien-2\/\">uprawnienia<\/a> konserwatora jest odpowiedzialna za dzia\u0142anie wind budowlanych, co wa\u017cne taka osoba musi raz w miesi\u0105cu wykona\u0107 przegl\u0105d techniczny d\u017awigu. Podczas przegl\u0105d\u00f3w wykonuje si\u0119 do\u015b\u0107 podstawowe czynno\u015bci, takie jak regulacje czy wymiany smar\u00f3w w poszczeg\u00f3lnych miejscach. Mimo przegl\u0105d\u00f3w co miesi\u0119cznych i tak raz na p\u00f3\u0142 roku musi odby\u0107 si\u0119 generalna rewizja. Wykonuje j\u0105 ta sama osoba, kt\u00f3ra prowadzi comiesi\u0119czny przegl\u0105d techniczny.&nbsp;<\/p>\n\n\n<div class=\"wp-block-image\">\n<figure class=\"alignleft size-large is-resized\"><a href=\"https:\/\/kursy-udt.pl\/wp-content\/uploads\/2023\/02\/screen_2x-32.jpg\"><img loading=\"lazy\" decoding=\"async\" src=\"https:\/\/kursy-udt.pl\/wp-content\/uploads\/2023\/02\/screen_2x-32-1024x683.jpg\" alt=\"D\u017awig budowlany towarowy podczas pracy\" class=\"wp-image-4967\" width=\"512\" height=\"342\" srcset=\"https:\/\/kursy-udt.pl\/wp-content\/uploads\/2023\/02\/screen_2x-32-1024x683.jpg 1024w, https:\/\/kursy-udt.pl\/wp-content\/uploads\/2023\/02\/screen_2x-32-300x200.jpg 300w, https:\/\/kursy-udt.pl\/wp-content\/uploads\/2023\/02\/screen_2x-32-768x512.jpg 768w, https:\/\/kursy-udt.pl\/wp-content\/uploads\/2023\/02\/screen_2x-32-1536x1024.jpg 1536w, https:\/\/kursy-udt.pl\/wp-content\/uploads\/2023\/02\/screen_2x-32-18x12.jpg 18w, https:\/\/kursy-udt.pl\/wp-content\/uploads\/2023\/02\/screen_2x-32-624x416.jpg 624w, https:\/\/kursy-udt.pl\/wp-content\/uploads\/2023\/02\/screen_2x-32.jpg 1600w\" sizes=\"auto, (max-width: 512px) 100vw, 512px\" \/><\/a><\/figure>\n<\/div>\n\n\n<p>Wa\u017cn\u0105 spraw\u0105 jest to, \u017ce co 12 miesi\u0119cy odbywa si\u0119 kontrola d\u017awigu przez Urz\u0105d Dozoru Technicznego, ma ona za zadanie przebada\u0107 ca\u0142\u0105 wind\u0119 w zakresie bezpiecznego u\u017cytku. Je\u015bli badanie zako\u0144czy si\u0119 pozytywnie, w kabinie umieszczone zostanie specjalne oznaczenie w postaci naklejki. Natomiast jak badanie wyjdzie negatywnie, konieczne jest wykonanie prac naprawczych i poddane ponownie badaniom kontrolnym.&nbsp;<\/p>\n\n\n\n<h2 class=\"wp-block-heading\">Uprawnienia konserwatora&nbsp;<\/h2>\n\n\n\n<p>Chc\u0105c zacz\u0105\u0107 prace z d\u017awigami budowlanymi musimy posiada\u0107 uprawnienia konserwatora. Praca ta opiera si\u0119 na odpowiedzialno\u015bci oraz samodzielno\u015bci. Uprawnienia daj\u0105 nam mo\u017cliwo\u015b\u0107 przeprowadzania bada\u0144 technicznych, eksploatacji czy modernizacji. Ka\u017cdy kto podejmuje si\u0119 tego typu pracy jest zobowi\u0105zany do potwierdzenia swoich kwalifikacji przed pracodawc\u0105. Osoba uprawniona musi prowadzi\u0107 dziennik konserwacji, w nim notuje si\u0119 ka\u017cd\u0105 czynno\u015b\u0107 jak\u0105 wykona\u0142 konserwator.&nbsp;&nbsp;<\/p>\n\n\n\n<h2 class=\"wp-block-heading\">Do kogo kierujemy kurs?&nbsp;<\/h2>\n\n\n\n<p>Kurs kierujemy dla os\u00f3b, kt\u00f3re s\u0105 zainteresowane wykonywaniem pracy z d\u017awigami budowlanymi jako konserwator.&nbsp;<\/p>\n\n\n\n<h2 class=\"wp-block-heading\">Oferta szkoleniowa&nbsp;<\/h2>\n\n\n<div class=\"wp-block-image\">\n<figure class=\"alignright size-large is-resized\"><a href=\"https:\/\/kursy-udt.pl\/wp-content\/uploads\/2023\/02\/s2-15.jpg\"><img decoding=\"async\" src=\"https:\/\/kursy-udt.pl\/wp-content\/uploads\/2023\/02\/s2-15-edited.jpg\" alt=\"d\u017awig towarowy przewozi \u0142adunek\" class=\"wp-image-4969\" width=\"512\" srcset=\"https:\/\/kursy-udt.pl\/wp-content\/uploads\/2023\/02\/s2-15-edited.jpg 1067w, https:\/\/kursy-udt.pl\/wp-content\/uploads\/2023\/02\/s2-15-edited-300x225.jpg 300w, https:\/\/kursy-udt.pl\/wp-content\/uploads\/2023\/02\/s2-15-edited-1024x768.jpg 1024w, https:\/\/kursy-udt.pl\/wp-content\/uploads\/2023\/02\/s2-15-edited-768x576.jpg 768w, https:\/\/kursy-udt.pl\/wp-content\/uploads\/2023\/02\/s2-15-edited-16x12.jpg 16w, https:\/\/kursy-udt.pl\/wp-content\/uploads\/2023\/02\/s2-15-edited-640x480.jpg 640w, https:\/\/kursy-udt.pl\/wp-content\/uploads\/2023\/02\/s2-15-edited-624x468.jpg 624w\" sizes=\"(max-width: 1067px) 100vw, 1067px\" \/><\/a><\/figure>\n<\/div>\n\n\n<p>Nasze szkolenia odbywaj\u0105 si\u0119 pod okiem doskona\u0142ych wyk\u0142adowc\u00f3w, kt\u00f3rzy posiadaj\u0105 wymagan\u0105 wiedz\u0119 i starannie Pa\u0144stwa przygotuj\u0105. Kurs ma dostarczy\u0107 niezb\u0119dn\u0105 wiedz\u0119 teoretyczn\u0105 i praktyczn\u0105. Zadania wykonywane podczas zaj\u0119\u0107 s\u0105 szczeg\u00f3lnie wa\u017cne, poniewa\u017c pracuj\u0105c na d\u017awigach budowlanych poznamy je najlepiej. Praktyka odbywa si\u0119 pod okiem instruktor\u00f3w, kt\u00f3rzy b\u0119d\u0105 udziela\u0107 pomocnych rad i wskaz\u00f3wek.&nbsp;<\/p>\n\n\n\n<p>Ka\u017cdy nasz kursant mo\u017ce liczy\u0107 na staranne przygotowanie do egzaminu pa\u0144stwowego.&nbsp;&nbsp;<\/p>\n\n\n\n<h2 class=\"wp-block-heading\">Inne szkolenia organizowane przez nas&nbsp;<\/h2>\n\n\n\n<p>Organizujemy kursy dla operator\u00f3w i konserwator\u00f3w m.in. na:&nbsp;<\/p>\n\n\n\n<ul class=\"wp-block-list\">\n<li>w\u00f3zki wid\u0142owe,&nbsp;<\/li>\n\n\n\n<li>suwnice,&nbsp;<\/li>\n\n\n\n<li>podesty ruchome,&nbsp;<\/li>\n\n\n\n<li>d\u017awigi HDS,&nbsp;<\/li>\n\n\n\n<li>\u0142adowarki teleskopowe,&nbsp;<\/li>\n\n\n\n<li>wci\u0105garki i wyci\u0105gnice.&nbsp;<\/li>\n<\/ul>\n\n\n\n<p>Je\u015bli zainteresowa\u0142 Ci\u0119 kt\u00f3ry\u015b z naszych kurs\u00f3w, to zapraszamy do kontaktu telefonicznego, przedstawimy Ci program szkolenia oraz udzielimy odpowiedzi na Twoje pytania. Ponadto ustalimy dogodny termin szkolenia. Zapraszamy do kontaktu!&nbsp;&nbsp;<\/p>\n\n\n\n<h2 class=\"wp-block-heading\">Pytania i odpowiedzi<\/h2>\n\n\n\t\t<details\t\thelp class=\"sc_fs_faq sc_card    \"\n\t\topen\t\t>\n\t\t\t\t\t<summary>\n\t\t\t\t<h3>Co jaki czas odbywa si\u0119 przegl\u0105d techniczny d\u017awigu?<\/h3>\t\t\t\t\t<\/summary>\n\t\t\t\t<div>\n\t\t\t\t\t\t<div class=\"sc_fs_faq__content\">\n\t\t\t\t\n\n<p>Przegl\u0105d d\u017awigu powinien odbywa\u0107 si\u0119 raz w miesi\u0105cu, a podczas jego trwania konserwator musi wykona\u0107 podstawowe czynno\u015bci jak: regulacje i wymian\u0119 smar\u00f3w w niekt\u00f3rych miejscach.<\/p>\n\n\t\t\t<\/div>\n\t\t<\/div>\n\t\t<\/details>\n\t\t\t\t<details\t\thelp class=\"sc_fs_faq sc_card    \"\n\t\t\t\t>\n\t\t\t\t\t<summary>\n\t\t\t\t<h3>Jakie jeszcze szkolenia organizujecie?<\/h3>\t\t\t\t\t<\/summary>\n\t\t\t\t<div>\n\t\t\t\t\t\t<div class=\"sc_fs_faq__content\">\n\t\t\t\t\n\n<p>Organizujemy szkolenia dla operator\u00f3w i konserwator\u00f3w m.in. na podesty ruchome (w tym podno\u015bniki no\u017cycowe i koszowe), d\u017awigi HDS, \u0142adowarki teleskopowe, suwnice.<\/p>\n\n\t\t\t<\/div>\n\t\t<\/div>\n\t\t<\/details>\n\t\t\n<script type=\"application\/ld+json\">\n\t{\n\t\t\"@context\": \"https:\/\/schema.org\",\n\t\t\"@type\": \"FAQPage\",\n\t\t\"mainEntity\": [\n\t\t\t\t\t{\n\t\t\t\t\"@type\": \"Question\",\n\t\t\t\t\"name\": \"Co jaki czas odbywa si\u0119 przegl\u0105d techniczny d\u017awigu?\",\n\t\t\t\t\"acceptedAnswer\": {\n\t\t\t\t\t\"@type\": \"Answer\",\n\t\t\t\t\t\"text\": \"<p>Przegl\u0105d d\u017awigu powinien odbywa\u0107 si\u0119 raz w miesi\u0105cu, a podczas jego trwania konserwator musi wykona\u0107 podstawowe czynno\u015bci jak: regulacje i wymian\u0119 smar\u00f3w w niekt\u00f3rych miejscach.<\/p>\"\n\t\t\t\t\t\t\t\t\t}\n\t\t\t}\n\t\t\t,\t\t\t\t{\n\t\t\t\t\"@type\": \"Question\",\n\t\t\t\t\"name\": \"Jakie jeszcze szkolenia organizujecie?\",\n\t\t\t\t\"acceptedAnswer\": {\n\t\t\t\t\t\"@type\": \"Answer\",\n\t\t\t\t\t\"text\": \"<p>Organizujemy szkolenia dla operator\u00f3w i konserwator\u00f3w m.in. na podesty ruchome (w tym podno\u015bniki no\u017cycowe i koszowe), d\u017awigi HDS, \u0142adowarki teleskopowe, suwnice.<\/p>\"\n\t\t\t\t\t\t\t\t\t}\n\t\t\t}\n\t\t\t\t\t\t]\n\t}\n<\/script>\n","protected":false},"excerpt":{"rendered":"<p>Szkolenie na konserwatora d\u017awig\u00f3w budowlanych&nbsp; O\u015brodek Doskonalenia Kadr ERGON przeprowadza szkolenia w zakresie konserwacji d\u017awig\u00f3w budowlanych, towarowych i towarowo-osobowych. Konserwacja wind jest prac\u0105 odpowiedzialn\u0105, wi\u0119c chcemy nauczy\u0107 kursant\u00f3w jak najlepiej wykonywa\u0107 prace zgodnie z zasadami BHP oraz UDT. &nbsp; D\u017awigi budowlane&nbsp; Wyst\u0119puj\u0105 dwa rodzaje d\u017awig\u00f3w, s\u0105 nimi:&nbsp; D\u017awigi te s\u0142u\u017c\u0105 do pionowego przemieszczania materia\u0142\u00f3w budowlanych oraz ludzi w zale\u017cno\u015bci od rodzaju d\u017awigu jaki jest zastosowany. Przemieszczanie ludzi i \u0142adunk\u00f3w odbywa si\u0119 poprzez wej\u015bcie do kabiny, kt\u00f3ra porusza si\u0119 wzd\u0142u\u017c prowadnic pionowych.&nbsp;&nbsp; Podstawowe obowi\u0105zki dotycz\u0105ce windy&nbsp; Osoba posiadaj\u0105ca uprawnienia konserwatora jest odpowiedzialna za dzia\u0142anie wind budowlanych, co wa\u017cne taka osoba musi raz w miesi\u0105cu wykona\u0107 przegl\u0105d techniczny d\u017awigu. Podczas przegl\u0105d\u00f3w wykonuje si\u0119 do\u015b\u0107 podstawowe czynno\u015bci, takie jak regulacje czy wymiany smar\u00f3w w poszczeg\u00f3lnych miejscach. Mimo przegl\u0105d\u00f3w co miesi\u0119cznych i tak raz na p\u00f3\u0142 roku musi odby\u0107 si\u0119 generalna rewizja. Wykonuje j\u0105 ta sama osoba, kt\u00f3ra prowadzi comiesi\u0119czny przegl\u0105d techniczny.&nbsp; Wa\u017cn\u0105 spraw\u0105 jest to, \u017ce co 12 miesi\u0119cy odbywa si\u0119 kontrola d\u017awigu przez Urz\u0105d Dozoru Technicznego, ma ona za zadanie przebada\u0107 ca\u0142\u0105 wind\u0119 w zakresie bezpiecznego u\u017cytku. Je\u015bli badanie zako\u0144czy si\u0119 pozytywnie, w kabinie umieszczone zostanie specjalne oznaczenie w postaci naklejki. Natomiast jak badanie wyjdzie negatywnie, konieczne jest wykonanie prac naprawczych i poddane ponownie badaniom kontrolnym.&nbsp; Uprawnienia konserwatora&nbsp; Chc\u0105c zacz\u0105\u0107 prace z d\u017awigami budowlanymi musimy posiada\u0107 uprawnienia konserwatora. Praca ta opiera si\u0119 na odpowiedzialno\u015bci oraz samodzielno\u015bci. Uprawnienia daj\u0105 nam mo\u017cliwo\u015b\u0107 przeprowadzania bada\u0144 technicznych, eksploatacji czy modernizacji. Ka\u017cdy kto podejmuje si\u0119 tego typu pracy jest zobowi\u0105zany do potwierdzenia swoich kwalifikacji przed pracodawc\u0105. Osoba uprawniona musi prowadzi\u0107 dziennik konserwacji, [&hellip;]<\/p>\n","protected":false},"author":6,"featured_media":4969,"parent":2721,"menu_order":0,"comment_status":"closed","ping_status":"closed","template":"","meta":{"sfsi_plus_gutenberg_text_before_share":"","sfsi_plus_gutenberg_show_text_before_share":"","sfsi_plus_gutenberg_icon_type":"","sfsi_plus_gutenberg_icon_alignemt":"","sfsi_plus_gutenburg_max_per_row":"","footnotes":""},"class_list":["post-4965","page","type-page","status-publish","has-post-thumbnail","hentry","has_thumb"],"aioseo_notices":[],"_links":{"self":[{"href":"https:\/\/kursy-udt.pl\/en\/wp-json\/wp\/v2\/pages\/4965","targetHints":{"allow":["GET"]}}],"collection":[{"href":"https:\/\/kursy-udt.pl\/en\/wp-json\/wp\/v2\/pages"}],"about":[{"href":"https:\/\/kursy-udt.pl\/en\/wp-json\/wp\/v2\/types\/page"}],"author":[{"embeddable":true,"href":"https:\/\/kursy-udt.pl\/en\/wp-json\/wp\/v2\/users\/6"}],"replies":[{"embeddable":true,"href":"https:\/\/kursy-udt.pl\/en\/wp-json\/wp\/v2\/comments?post=4965"}],"version-history":[{"count":7,"href":"https:\/\/kursy-udt.pl\/en\/wp-json\/wp\/v2\/pages\/4965\/revisions"}],"predecessor-version":[{"id":5564,"href":"https:\/\/kursy-udt.pl\/en\/wp-json\/wp\/v2\/pages\/4965\/revisions\/5564"}],"up":[{"embeddable":true,"href":"https:\/\/kursy-udt.pl\/en\/wp-json\/wp\/v2\/pages\/2721"}],"wp:featuredmedia":[{"embeddable":true,"href":"https:\/\/kursy-udt.pl\/en\/wp-json\/wp\/v2\/media\/4969"}],"wp:attachment":[{"href":"https:\/\/kursy-udt.pl\/en\/wp-json\/wp\/v2\/media?parent=4965"}],"curies":[{"name":"wp","href":"https:\/\/api.w.org\/{rel}","templated":true}]}}