{"id":4915,"date":"2023-03-03T14:31:49","date_gmt":"2023-03-03T13:31:49","guid":{"rendered":"https:\/\/kursy-udt.pl\/?page_id=4915"},"modified":"2023-03-08T12:08:08","modified_gmt":"2023-03-08T11:08:08","slug":"maintenanceman-ships-hoist-operator","status":"publish","type":"page","link":"https:\/\/kursy-udt.pl\/en\/szkolenia\/udt-wdt-tdt\/konserwator-operator-wyciagow-statkow\/","title":{"rendered":"Vessel lift maintainer\/operator"},"content":{"rendered":"\n<h2 class=\"wp-block-heading\">Szkolenie z obs\u0142ugi i konserwacji wyci\u0105g\u00f3w statk\u00f3w&nbsp;<\/h2>\n\n\n\n<p><a href=\"https:\/\/kursy-udt.pl\/en\/o-firmie\/\">O\u015brodek Doskonalenia Kadr ERGON<\/a> oferuje profesjonalne kursy przygotowawcze dla konserwator\u00f3w wyci\u0105g\u00f3w statk\u00f3w oraz pozosta\u0142ych urz\u0105dze\u0144 transportu bliskiego. Zaj\u0119cia s\u0105 prowadzone w oparciu o obecnie obowi\u0105zuj\u0105ce wymogi Transportowego Dozoru Technicznego. Nasza kadra szkoleniowc\u00f3w kompleksowo przygotowuje uczestnik\u00f3w do egzaminu ko\u0144cowego TDT. &nbsp;<\/p>\n\n\n<div class=\"wp-block-image\">\n<figure class=\"alignright size-large is-resized\"><a href=\"https:\/\/kursy-udt.pl\/wp-content\/uploads\/2023\/02\/IMG_4500-scaled-1.jpg\"><img loading=\"lazy\" decoding=\"async\" src=\"https:\/\/kursy-udt.pl\/wp-content\/uploads\/2023\/02\/IMG_4500-scaled-1-1024x768.jpg\" alt=\"Wyci\u0105g podnosz\u0105cy statek.\" class=\"wp-image-4918\" width=\"512\" height=\"384\" srcset=\"https:\/\/kursy-udt.pl\/wp-content\/uploads\/2023\/02\/IMG_4500-scaled-1-1024x768.jpg 1024w, https:\/\/kursy-udt.pl\/wp-content\/uploads\/2023\/02\/IMG_4500-scaled-1-300x225.jpg 300w, https:\/\/kursy-udt.pl\/wp-content\/uploads\/2023\/02\/IMG_4500-scaled-1-768x576.jpg 768w, https:\/\/kursy-udt.pl\/wp-content\/uploads\/2023\/02\/IMG_4500-scaled-1-1536x1152.jpg 1536w, https:\/\/kursy-udt.pl\/wp-content\/uploads\/2023\/02\/IMG_4500-scaled-1-2048x1536.jpg 2048w, https:\/\/kursy-udt.pl\/wp-content\/uploads\/2023\/02\/IMG_4500-scaled-1-16x12.jpg 16w, https:\/\/kursy-udt.pl\/wp-content\/uploads\/2023\/02\/IMG_4500-scaled-1-640x480.jpg 640w, https:\/\/kursy-udt.pl\/wp-content\/uploads\/2023\/02\/IMG_4500-scaled-1-624x468.jpg 624w\" sizes=\"auto, (max-width: 512px) 100vw, 512px\" \/><\/a><\/figure>\n<\/div>\n\n\n<h2 class=\"wp-block-heading\">Szczeg\u00f3\u0142y szkolenia&nbsp;<\/h2>\n\n\n\n<p>Podczas szkolenia nauczysz si\u0119 takich umiej\u0119tno\u015bci, jak:&nbsp;<\/p>\n\n\n\n<ul class=\"wp-block-list\">\n<li>przygotowywanie sprz\u0119tu do czynno\u015bci konserwacyjnych,&nbsp;<\/li>\n\n\n\n<li>bezpiecznej pracy,&nbsp;<\/li>\n\n\n\n<li>dbanie o dobry stan urz\u0105dzenia,&nbsp;<\/li>\n\n\n\n<li>przeprowadzanie przegl\u0105d\u00f3w przed dopuszczeniem urz\u0105dzenia do sprzeda\u017cy,&nbsp;<\/li>\n\n\n\n<li>przeprowadzanie przegl\u0105d\u00f3w rutynowych,&nbsp;<\/li>\n\n\n\n<li>bezpieczna eksploatacja maszyny,&nbsp;<\/li>\n\n\n\n<li>konstrukcja urz\u0105dzenia,&nbsp;<\/li>\n\n\n\n<li>w\u0142a\u015bciwe prowadzenie dokumentacji technicznej.&nbsp;<\/li>\n<\/ul>\n\n\n\n<h2 class=\"wp-block-heading\">Wyci\u0105gi statk\u00f3w&nbsp;\u2013 definicja&nbsp;<\/h2>\n\n\n\n<p>Wyci\u0105gi \u2013 funkcjonuj\u0105ce r\u00f3wnie\u017c pod nazw\u0105 \u201cslipy\u201d&nbsp;\u2013 to urz\u0105dzenia u\u017cywane g\u0142\u00f3wnie przy pracach polegaj\u0105cych na wyci\u0105ganiu statk\u00f3w z wody w celu wykonania prac konserwacyjnych, remontowych b\u0105d\u017a usuni\u0119cia usterek. S\u0142u\u017c\u0105 r\u00f3wnie\u017c do ponownego ich opuszczania na wod\u0119. Ich konstrukcja opiera si\u0119 na w\u00f3zkach nap\u0119dzanych linowo. Wyci\u0105gi \u015bwietnie sprawdzaj\u0105 si\u0119 te\u017c w stoczniach, gdzie pracuj\u0105 podczas produkcji statk\u00f3w. Wyci\u0105g z oczywistych wzgl\u0119d\u00f3w podlega ci\u0105g\u0142ym obci\u0105\u017ceniom. Z tego powodu, aby zbytnio nie skraca\u0107 czasu jego eksploatacji, cz\u0119\u015bciej stosuje si\u0119 \u00f3w sprz\u0119t przy statkach o stosunkowo niewielkich gabarytach&nbsp;\u2013 do oko\u0142o 2500 t wyporno\u015bci.&nbsp;<\/p>\n\n\n\n<p><strong>G\u0142\u00f3wne cz\u0119\u015bci wyci\u0105g\u00f3w statk\u00f3w<\/strong>:&nbsp;<\/p>\n\n\n\n<ul class=\"wp-block-list\">\n<li>maszynownia,&nbsp;<\/li>\n\n\n\n<li>cz\u0119\u015b\u0107 operacyjna,&nbsp;<\/li>\n\n\n\n<li>stanowiska remontowe.&nbsp;<\/li>\n<\/ul>\n\n\n\n<p>&nbsp;Cz\u0119\u015b\u0107 operacyjna mo\u017ce by\u0107 \u0142ukowa b\u0105d\u017a p\u0142aska.&nbsp;<\/p>\n\n\n<div class=\"wp-block-image\">\n<figure class=\"alignleft size-large is-resized\"><a href=\"https:\/\/kursy-udt.pl\/wp-content\/uploads\/2023\/02\/screen_2x-21.jpg\"><img loading=\"lazy\" decoding=\"async\" src=\"https:\/\/kursy-udt.pl\/wp-content\/uploads\/2023\/02\/screen_2x-21-1024x684.jpg\" alt=\"operator \u017curawia szynowego w kasku\" class=\"wp-image-4920\" width=\"512\" height=\"342\" srcset=\"https:\/\/kursy-udt.pl\/wp-content\/uploads\/2023\/02\/screen_2x-21-1024x684.jpg 1024w, https:\/\/kursy-udt.pl\/wp-content\/uploads\/2023\/02\/screen_2x-21-300x200.jpg 300w, https:\/\/kursy-udt.pl\/wp-content\/uploads\/2023\/02\/screen_2x-21-768x513.jpg 768w, https:\/\/kursy-udt.pl\/wp-content\/uploads\/2023\/02\/screen_2x-21-1536x1025.jpg 1536w, https:\/\/kursy-udt.pl\/wp-content\/uploads\/2023\/02\/screen_2x-21-18x12.jpg 18w, https:\/\/kursy-udt.pl\/wp-content\/uploads\/2023\/02\/screen_2x-21-624x417.jpg 624w, https:\/\/kursy-udt.pl\/wp-content\/uploads\/2023\/02\/screen_2x-21.jpg 1600w\" sizes=\"auto, (max-width: 512px) 100vw, 512px\" \/><\/a><\/figure>\n<\/div>\n\n\n<h2 class=\"wp-block-heading\">Pozosta\u0142e rodzaje wyci\u0105g\u00f3w&nbsp;<\/h2>\n\n\n\n<p>Wyci\u0105gi statk\u00f3w nie s\u0105 jedyn\u0105 kategori\u0105 tych urz\u0105dze\u0144. Same nale\u017c\u0105 do szerszej grupy tak zwanych wyci\u0105g\u00f3w towarowych. Pozosta\u0142e ich typy to:&nbsp;<\/p>\n\n\n\n<ol class=\"wp-block-list\">\n<li>wyci\u0105gi stacjonarne,&nbsp;<\/li>\n\n\n\n<li>wyci\u0105gi przewo\u017ane,&nbsp;<\/li>\n\n\n\n<li>wyci\u0105gi przeno\u015bne.&nbsp;<\/li>\n<\/ol>\n\n\n\n<p><\/p>\n\n\n\n<h2 class=\"wp-block-heading\">Kategoria urz\u0105dze\u0144 transportu bliskiego<\/h2>\n\n\n\n<p>Spo\u015br\u00f3d urz\u0105dze\u0144 nadzorowanych przez TDT, zajmujemy si\u0119 tymi nale\u017c\u0105cymi do kategorii transportu bliskiego, w kt\u00f3rej znale\u017a\u0107 mo\u017cna te\u017c i wyci\u0105gi statk\u00f3w. Wi\u0119ksz\u0105 cz\u0119\u015b\u0107 tego rodzaju sprz\u0119tu stanowi\u0105 d\u017awignice, czyli wszelkie maszyny s\u0142u\u017c\u0105ce do podnoszenia i przenoszenia na kr\u00f3tkich dystansach materia\u0142u, ludzi i innych urz\u0105dze\u0144. Urz\u0105dzenia transportu bliskiego s\u0105 wykorzystywane w wielu r\u00f3\u017cnorodnych ga\u0142\u0119ziach przemys\u0142u, jak produkcja, czy te\u017c przy prze\u0142adunku w magazynach. Stocznie i porty to tylko jeden z wielu przyk\u0142ad\u00f3w takich miejsc. Urz\u0105dzenia transportu bliskiego s\u0105 zatem niezwykle wa\u017cnym elementem prac, kt\u00f3re wymagaj\u0105 ci\u0119\u017ckiego sprz\u0119tu.&nbsp;<\/p>\n\n\n\n<h2 class=\"wp-block-heading\">Jak wygl\u0105da szkolenie?&nbsp;<\/h2>\n\n\n\n<p>Na nasze szkolenia sk\u0142adaj\u0105 si\u0119 zaj\u0119cia wed\u0142ug programu podzielonego na dwie podstawowe cz\u0119\u015bci: teori\u0119 i praktyk\u0119. Szkolenie przygotowane jest tak, aby ka\u017cdy przysz\u0142y konserwator lub operator umia\u0142 przeprowadzi\u0107 niezb\u0119dne czynno\u015bci serwisowe wyci\u0105g\u00f3w statk\u00f3w pod k\u0105tem naprawy wi\u0119kszo\u015bci mo\u017cliwych usterek, w r\u00f3\u017cnorodnych warunkach. &nbsp;<\/p>\n\n\n\n<h2 class=\"wp-block-heading\">Wymagania&nbsp;<\/h2>\n\n\n\n<p>Wszyscy zainteresowani kursem musz\u0105 mie\u0107:&nbsp;<\/p>\n\n\n<div class=\"wp-block-image\">\n<figure class=\"alignright size-large is-resized\"><a href=\"https:\/\/kursy-udt.pl\/wp-content\/uploads\/2023\/02\/screen_2x-22-1.jpg\"><img loading=\"lazy\" decoding=\"async\" src=\"https:\/\/kursy-udt.pl\/wp-content\/uploads\/2023\/02\/screen_2x-22-1-1024x684.jpg\" alt=\"\u017curaw szynowy podnosz\u0105cy statek\" class=\"wp-image-4921\" width=\"512\" height=\"342\" srcset=\"https:\/\/kursy-udt.pl\/wp-content\/uploads\/2023\/02\/screen_2x-22-1-1024x684.jpg 1024w, https:\/\/kursy-udt.pl\/wp-content\/uploads\/2023\/02\/screen_2x-22-1-300x200.jpg 300w, https:\/\/kursy-udt.pl\/wp-content\/uploads\/2023\/02\/screen_2x-22-1-768x513.jpg 768w, https:\/\/kursy-udt.pl\/wp-content\/uploads\/2023\/02\/screen_2x-22-1-1536x1025.jpg 1536w, https:\/\/kursy-udt.pl\/wp-content\/uploads\/2023\/02\/screen_2x-22-1-18x12.jpg 18w, https:\/\/kursy-udt.pl\/wp-content\/uploads\/2023\/02\/screen_2x-22-1-624x417.jpg 624w, https:\/\/kursy-udt.pl\/wp-content\/uploads\/2023\/02\/screen_2x-22-1.jpg 1600w\" sizes=\"auto, (max-width: 512px) 100vw, 512px\" \/><\/a><\/figure>\n<\/div>\n\n\n<ul class=\"wp-block-list\">\n<li>sko\u0144czone 18 lat,&nbsp;<\/li>\n\n\n\n<li>wykszta\u0142cenie na poziomie przynajmniej podstawowym,&nbsp;<\/li>\n\n\n\n<li>za\u015bwiadczenie lekarskie o mo\u017cliwo\u015bci wykonywania zawodu.&nbsp;<\/li>\n<\/ul>\n\n\n\n<h2 class=\"wp-block-heading\">Egzamin ko\u0144cowy&nbsp;<\/h2>\n\n\n\n<p>Kurs oficjalnie zako\u0144czony jest egzaminem pa\u0144stwowym przed komisj\u0105 TDT. Nasz kurs uwzgl\u0119dnia wszystkie wymagania i przygotowuje do zaliczenia cz\u0119\u015bci teoretycznej oraz praktycznej poprzez m.in. przyk\u0142adowe testy. Zdany egzamin jest konieczny do uzyskania <a href=\"https:\/\/kursy-udt.pl\/en\/uprawnienia-udt\/kategorie-uprawnien-2\/\">uprawnie\u0144<\/a>, koniecznych do legalnego wykonywania zawodu.&nbsp;<\/p>\n\n\n\n<h2 class=\"wp-block-heading\">Praca konserwatora&nbsp;<\/h2>\n\n\n\n<p>Konserwatorzy wyci\u0105g\u00f3w statk\u00f3w s\u0105 coraz cz\u0119\u015bciej poszukiwani na rynku pracy. Ka\u017cda osoba znaj\u0105ca si\u0119 na serwisie urz\u0105dze\u0144 transportu bliskiego powinna znale\u017a\u0107 dobrze p\u0142atn\u0105 prac\u0119, przegl\u0105dy okresowe wszystkich urz\u0105dze\u0144 tego typu s\u0105 obowi\u0105zkowe. Inne nasze kursy dotycz\u0105 tak\u017ce obs\u0142ugi tych urz\u0105dze\u0144. W ERGON prowadzimy tak\u017ce w\u0142asny serwis oraz sprzeda\u017c nowego oraz u\u017cywanego sprz\u0119tu.&nbsp;<\/p>\n\n\n\n<h2 class=\"wp-block-heading\">Pytania i odpowiedzi<\/h2>\n\n\n\t\t<details\t\thelp class=\"sc_fs_faq sc_card    \"\n\t\topen\t\t>\n\t\t\t\t\t<summary>\n\t\t\t\t<h3>Czym s\u0105 wyci\u0105gi statk\u00f3w?<\/h3>\t\t\t\t\t<\/summary>\n\t\t\t\t<div>\n\t\t\t\t\t\t<div class=\"sc_fs_faq__content\">\n\t\t\t\t\n\n<p>G\u0142\u00f3wnym zastosowaniem wyci\u0105g\u00f3w statk\u00f3w jest zar\u00f3wno wodowanie jak i l\u0105dowanie pojazd\u00f3w p\u0142ywaj\u0105cych. Szczeg\u00f3lnie przydatne jest to przy dokonywaniu ich przegl\u0105d\u00f3w.<\/p>\n\n\t\t\t<\/div>\n\t\t<\/div>\n\t\t<\/details>\n\t\t\t\t<details\t\thelp class=\"sc_fs_faq sc_card    \"\n\t\t\t\t>\n\t\t\t\t\t<summary>\n\t\t\t\t<h3>Co nale\u017cy zrobi\u0107, aby przyst\u0105pi\u0107 do kursu?<\/h3>\t\t\t\t\t<\/summary>\n\t\t\t\t<div>\n\t\t\t\t\t\t<div class=\"sc_fs_faq__content\">\n\t\t\t\t\n\n<p>Wszyscy potencjalni kursanci musz\u0105 by\u0107 pe\u0142noletni, a tak\u017ce posiada\u0107 wykszta\u0142cenie co najmniej podstawowe. Nale\u017cy tak\u017ce dostarczy\u0107 za\u015bwiadczenie medycyny pracy, potwierdzaj\u0105ce, \u017ce s\u0105 w stanie wykonywa\u0107 dany zaw\u00f3d.<\/p>\n\n\t\t\t<\/div>\n\t\t<\/div>\n\t\t<\/details>\n\t\t\n<script type=\"application\/ld+json\">\n\t{\n\t\t\"@context\": \"https:\/\/schema.org\",\n\t\t\"@type\": \"FAQPage\",\n\t\t\"mainEntity\": [\n\t\t\t\t\t{\n\t\t\t\t\"@type\": \"Question\",\n\t\t\t\t\"name\": \"Czym s\u0105 wyci\u0105gi statk\u00f3w?\",\n\t\t\t\t\"acceptedAnswer\": {\n\t\t\t\t\t\"@type\": \"Answer\",\n\t\t\t\t\t\"text\": \"<p>G\u0142\u00f3wnym zastosowaniem wyci\u0105g\u00f3w statk\u00f3w jest zar\u00f3wno wodowanie jak i l\u0105dowanie pojazd\u00f3w p\u0142ywaj\u0105cych. Szczeg\u00f3lnie przydatne jest to przy dokonywaniu ich przegl\u0105d\u00f3w.<\/p>\"\n\t\t\t\t\t\t\t\t\t}\n\t\t\t}\n\t\t\t,\t\t\t\t{\n\t\t\t\t\"@type\": \"Question\",\n\t\t\t\t\"name\": \"Co nale\u017cy zrobi\u0107, aby przyst\u0105pi\u0107 do kursu?\",\n\t\t\t\t\"acceptedAnswer\": {\n\t\t\t\t\t\"@type\": \"Answer\",\n\t\t\t\t\t\"text\": \"<p>Wszyscy potencjalni kursanci musz\u0105 by\u0107 pe\u0142noletni, a tak\u017ce posiada\u0107 wykszta\u0142cenie co najmniej podstawowe. Nale\u017cy tak\u017ce dostarczy\u0107 za\u015bwiadczenie medycyny pracy, potwierdzaj\u0105ce, \u017ce s\u0105 w stanie wykonywa\u0107 dany zaw\u00f3d.<\/p>\"\n\t\t\t\t\t\t\t\t\t}\n\t\t\t}\n\t\t\t\t\t\t]\n\t}\n<\/script>\n","protected":false},"excerpt":{"rendered":"<p>Szkolenie z obs\u0142ugi i konserwacji wyci\u0105g\u00f3w statk\u00f3w&nbsp; O\u015brodek Doskonalenia Kadr ERGON oferuje profesjonalne kursy przygotowawcze dla konserwator\u00f3w wyci\u0105g\u00f3w statk\u00f3w oraz pozosta\u0142ych urz\u0105dze\u0144 transportu bliskiego. Zaj\u0119cia s\u0105 prowadzone w oparciu o obecnie obowi\u0105zuj\u0105ce wymogi Transportowego Dozoru Technicznego. Nasza kadra szkoleniowc\u00f3w kompleksowo przygotowuje uczestnik\u00f3w do egzaminu ko\u0144cowego TDT. &nbsp; Szczeg\u00f3\u0142y szkolenia&nbsp; Podczas szkolenia nauczysz si\u0119 takich umiej\u0119tno\u015bci, jak:&nbsp; Wyci\u0105gi statk\u00f3w&nbsp;\u2013 definicja&nbsp; Wyci\u0105gi \u2013 funkcjonuj\u0105ce r\u00f3wnie\u017c pod nazw\u0105 \u201cslipy\u201d&nbsp;\u2013 to urz\u0105dzenia u\u017cywane g\u0142\u00f3wnie przy pracach polegaj\u0105cych na wyci\u0105ganiu statk\u00f3w z wody w celu wykonania prac konserwacyjnych, remontowych b\u0105d\u017a usuni\u0119cia usterek. S\u0142u\u017c\u0105 r\u00f3wnie\u017c do ponownego ich opuszczania na wod\u0119. Ich konstrukcja opiera si\u0119 na w\u00f3zkach nap\u0119dzanych linowo. Wyci\u0105gi \u015bwietnie sprawdzaj\u0105 si\u0119 te\u017c w stoczniach, gdzie pracuj\u0105 podczas produkcji statk\u00f3w. Wyci\u0105g z oczywistych wzgl\u0119d\u00f3w podlega ci\u0105g\u0142ym obci\u0105\u017ceniom. Z tego powodu, aby zbytnio nie skraca\u0107 czasu jego eksploatacji, cz\u0119\u015bciej stosuje si\u0119 \u00f3w sprz\u0119t przy statkach o stosunkowo niewielkich gabarytach&nbsp;\u2013 do oko\u0142o 2500 t wyporno\u015bci.&nbsp; G\u0142\u00f3wne cz\u0119\u015bci wyci\u0105g\u00f3w statk\u00f3w:&nbsp; &nbsp;Cz\u0119\u015b\u0107 operacyjna mo\u017ce by\u0107 \u0142ukowa b\u0105d\u017a p\u0142aska.&nbsp; Pozosta\u0142e rodzaje wyci\u0105g\u00f3w&nbsp; Wyci\u0105gi statk\u00f3w nie s\u0105 jedyn\u0105 kategori\u0105 tych urz\u0105dze\u0144. Same nale\u017c\u0105 do szerszej grupy tak zwanych wyci\u0105g\u00f3w towarowych. Pozosta\u0142e ich typy to:&nbsp; Kategoria urz\u0105dze\u0144 transportu bliskiego Spo\u015br\u00f3d urz\u0105dze\u0144 nadzorowanych przez TDT, zajmujemy si\u0119 tymi nale\u017c\u0105cymi do kategorii transportu bliskiego, w kt\u00f3rej znale\u017a\u0107 mo\u017cna te\u017c i wyci\u0105gi statk\u00f3w. Wi\u0119ksz\u0105 cz\u0119\u015b\u0107 tego rodzaju sprz\u0119tu stanowi\u0105 d\u017awignice, czyli wszelkie maszyny s\u0142u\u017c\u0105ce do podnoszenia i przenoszenia na kr\u00f3tkich dystansach materia\u0142u, ludzi i innych urz\u0105dze\u0144. Urz\u0105dzenia transportu bliskiego s\u0105 wykorzystywane w wielu r\u00f3\u017cnorodnych ga\u0142\u0119ziach przemys\u0142u, jak produkcja, czy te\u017c przy prze\u0142adunku w magazynach. Stocznie i porty to tylko jeden [&hellip;]<\/p>\n","protected":false},"author":6,"featured_media":4919,"parent":2721,"menu_order":0,"comment_status":"closed","ping_status":"closed","template":"","meta":{"sfsi_plus_gutenberg_text_before_share":"","sfsi_plus_gutenberg_show_text_before_share":"","sfsi_plus_gutenberg_icon_type":"","sfsi_plus_gutenberg_icon_alignemt":"","sfsi_plus_gutenburg_max_per_row":"","footnotes":""},"class_list":["post-4915","page","type-page","status-publish","has-post-thumbnail","hentry","has_thumb"],"aioseo_notices":[],"_links":{"self":[{"href":"https:\/\/kursy-udt.pl\/en\/wp-json\/wp\/v2\/pages\/4915","targetHints":{"allow":["GET"]}}],"collection":[{"href":"https:\/\/kursy-udt.pl\/en\/wp-json\/wp\/v2\/pages"}],"about":[{"href":"https:\/\/kursy-udt.pl\/en\/wp-json\/wp\/v2\/types\/page"}],"author":[{"embeddable":true,"href":"https:\/\/kursy-udt.pl\/en\/wp-json\/wp\/v2\/users\/6"}],"replies":[{"embeddable":true,"href":"https:\/\/kursy-udt.pl\/en\/wp-json\/wp\/v2\/comments?post=4915"}],"version-history":[{"count":11,"href":"https:\/\/kursy-udt.pl\/en\/wp-json\/wp\/v2\/pages\/4915\/revisions"}],"predecessor-version":[{"id":5406,"href":"https:\/\/kursy-udt.pl\/en\/wp-json\/wp\/v2\/pages\/4915\/revisions\/5406"}],"up":[{"embeddable":true,"href":"https:\/\/kursy-udt.pl\/en\/wp-json\/wp\/v2\/pages\/2721"}],"wp:featuredmedia":[{"embeddable":true,"href":"https:\/\/kursy-udt.pl\/en\/wp-json\/wp\/v2\/media\/4919"}],"wp:attachment":[{"href":"https:\/\/kursy-udt.pl\/en\/wp-json\/wp\/v2\/media?parent=4915"}],"curies":[{"name":"wp","href":"https:\/\/api.w.org\/{rel}","templated":true}]}}