{"id":4851,"date":"2023-03-03T14:10:42","date_gmt":"2023-03-03T13:10:42","guid":{"rendered":"https:\/\/kursy-udt.pl\/?page_id=4851"},"modified":"2023-03-08T10:12:51","modified_gmt":"2023-03-08T09:12:51","slug":"operation-of-stationary-cranes","status":"publish","type":"page","link":"https:\/\/kursy-udt.pl\/en\/szkolenia\/udt-wdt-tdt\/obsluga-zurawi-stacjonarnych\/","title":{"rendered":"OJT certificate course in the operation of stationary cranes"},"content":{"rendered":"\n<h2 class=\"wp-block-heading\">Zdob\u0105d\u017a kwalifikacje na operatora \u017curawi wie\u017cowych i szybkomontuj\u0105cych<\/h2>\n\n\n\n<p>Jeste\u015bmy firm\u0105, kt\u00f3ra organizuje kursy na operatora i konserwatora \u017curawi stacjonarnych. Z nami podniesiesz swoje kwalifikacje i zwi\u0119kszysz swoj\u0105 konkurencyjno\u015b\u0107 na rynku pracy. Pomo\u017cemy Ci w przygotowaniu si\u0119 do egzaminu UDT i zdobyciu uprawnie\u0144 do obs\u0142ugi lub konserwacji \u017curawi stacjonarnych.&nbsp;<\/p>\n\n\n<div class=\"wp-block-image\">\n<figure class=\"alignright size-full is-resized\"><a href=\"https:\/\/kursy-udt.pl\/wp-content\/uploads\/2023\/03\/krankomplekt-2.jpg\"><img loading=\"lazy\" decoding=\"async\" src=\"https:\/\/kursy-udt.pl\/wp-content\/uploads\/2023\/03\/krankomplekt-2.jpg\" alt=\"\u017curaw warsztatowy na hali\" class=\"wp-image-5394\" width=\"480\" height=\"360\" srcset=\"https:\/\/kursy-udt.pl\/wp-content\/uploads\/2023\/03\/krankomplekt-2.jpg 960w, https:\/\/kursy-udt.pl\/wp-content\/uploads\/2023\/03\/krankomplekt-2-300x225.jpg 300w, https:\/\/kursy-udt.pl\/wp-content\/uploads\/2023\/03\/krankomplekt-2-768x576.jpg 768w, https:\/\/kursy-udt.pl\/wp-content\/uploads\/2023\/03\/krankomplekt-2-16x12.jpg 16w, https:\/\/kursy-udt.pl\/wp-content\/uploads\/2023\/03\/krankomplekt-2-640x480.jpg 640w, https:\/\/kursy-udt.pl\/wp-content\/uploads\/2023\/03\/krankomplekt-2-624x468.jpg 624w\" sizes=\"auto, (max-width: 480px) 100vw, 480px\" \/><\/a><\/figure>\n<\/div>\n\n\n<h2 class=\"wp-block-heading\">Jak wygl\u0105da szkolenie?&nbsp;<\/h2>\n\n\n\n<p>Orgaznizowany przez nas kurs sk\u0142ada si\u0119 z dw\u00f3ch cz\u0119\u015bci:&nbsp;<\/p>\n\n\n\n<ul class=\"wp-block-list\">\n<li>wyk\u0142ad\u00f3w \u2013 mog\u0105 zosta\u0107 przeprowadzone w formie online,&nbsp;<\/li>\n\n\n\n<li>zaj\u0119\u0107 praktycznych.&nbsp;<\/li>\n<\/ul>\n\n\n\n<h2 class=\"wp-block-heading\">Zakres szkole\u0144 obejmuje:&nbsp;<\/h2>\n\n\n\n<ul class=\"wp-block-list\">\n<li>informacje o dozorze technicznym,&nbsp;<\/li>\n\n\n\n<li>og\u00f3lne informacje o d\u017awignicach,&nbsp;<\/li>\n\n\n\n<li>og\u00f3lne wiadomo\u015bci o transporcie i \u0142adunkach,&nbsp;<\/li>\n\n\n\n<li>obs\u0142uga zawiesi i pomocniczego sprz\u0119tu prze\u0142adunkowego,&nbsp;<\/li>\n\n\n\n<li>budowa \u017curawi stacjonarnych,&nbsp;<\/li>\n\n\n\n<li>zagro\u017cenia podczas pracy przy \u017curawiach prze\u0142adunkowych,&nbsp;<\/li>\n\n\n\n<li>obowi\u0105zki operatora,&nbsp;<\/li>\n\n\n\n<li>czynno\u015bci przed rozpocz\u0119ciem pracy,&nbsp;<\/li>\n\n\n\n<li>obszar roboczy,&nbsp;<\/li>\n\n\n\n<li>bezpieczna praca przy urz\u0105dzeniu,&nbsp;<\/li>\n\n\n\n<li>wykonywanie pracy w niesprzyjaj\u0105cych warunkach,&nbsp;<\/li>\n\n\n\n<li>czynno\u015bci operatora po pracy,&nbsp;<\/li>\n\n\n\n<li>stateczno\u015b\u0107 urz\u0105dzenia,&nbsp;<\/li>\n\n\n\n<li>urz\u0105dzenia zabezpieczaj\u0105ce i hamulce,&nbsp;<\/li>\n\n\n\n<li>urz\u0105dzenia sterownicze,&nbsp;<\/li>\n\n\n\n<li>wyposa\u017cenie elektryczne, hydrauliczne i pneumatyczne,&nbsp;<\/li>\n\n\n\n<li>procedura post\u0119powania podczas awarii lub nieszcz\u0119\u015bliwego wypadku,&nbsp;<\/li>\n\n\n\n<li>ud\u017awig i grupa nat\u0119\u017cenia pracy,&nbsp;<\/li>\n\n\n\n<li>zasady BHP przy obs\u0142udze d\u017awignicy,&nbsp;<\/li>\n\n\n\n<li>r\u00f3\u017cne techniki transportu \u0142adunk\u00f3w,&nbsp;<\/li>\n\n\n\n<li>ocena stanu technicznego \u017curawia.&nbsp;<\/li>\n<\/ul>\n\n\n\n<p>Po zaj\u0119ciach praktycznych, uczestnik podchodzi do wykonywania zada\u0144 pod okiem naszych specjalist\u00f3w.&nbsp;<\/p>\n\n\n<div class=\"wp-block-image\">\n<figure class=\"alignleft size-large is-resized\"><a href=\"https:\/\/kursy-udt.pl\/wp-content\/uploads\/2023\/02\/screen_2x-13-1.jpg\"><img loading=\"lazy\" decoding=\"async\" src=\"https:\/\/kursy-udt.pl\/wp-content\/uploads\/2023\/02\/screen_2x-13-1-1024x659.jpg\" alt=\"Operator steruje d\u017awignic\u0105\" class=\"wp-image-4855\" width=\"512\" height=\"330\" srcset=\"https:\/\/kursy-udt.pl\/wp-content\/uploads\/2023\/02\/screen_2x-13-1-1024x659.jpg 1024w, https:\/\/kursy-udt.pl\/wp-content\/uploads\/2023\/02\/screen_2x-13-1-300x193.jpg 300w, https:\/\/kursy-udt.pl\/wp-content\/uploads\/2023\/02\/screen_2x-13-1-768x494.jpg 768w, https:\/\/kursy-udt.pl\/wp-content\/uploads\/2023\/02\/screen_2x-13-1-1536x989.jpg 1536w, https:\/\/kursy-udt.pl\/wp-content\/uploads\/2023\/02\/screen_2x-13-1-18x12.jpg 18w, https:\/\/kursy-udt.pl\/wp-content\/uploads\/2023\/02\/screen_2x-13-1-624x402.jpg 624w, https:\/\/kursy-udt.pl\/wp-content\/uploads\/2023\/02\/screen_2x-13-1.jpg 1600w\" sizes=\"auto, (max-width: 512px) 100vw, 512px\" \/><\/a><\/figure>\n<\/div>\n\n\n<h2 class=\"wp-block-heading\">Harmonogram i forma zaj\u0119\u0107&nbsp;<\/h2>\n\n\n\n<p>Kursy prowadzimy w dw\u00f3ch modelach; otwartych zaj\u0119\u0107, kt\u00f3re odbywaj\u0105 si\u0119 zgodnie z harmonogramem zamieszczonym na naszej stronie internetowej, a tak\u017ce jako zamkni\u0119te wyk\u0142ady, z my\u015bl\u0105 o grupach zorganizowanych przez instytucje b\u0105d\u017a pracodawc\u00f3w. W odpowiedzi na oczekiwania klient\u00f3w mamy tak\u017ce mo\u017cliwo\u015b\u0107 prowadzenia zaj\u0119\u0107 indywidualnych, uwzgl\u0119dniaj\u0105c potrzeby zleceniodawcy. Dla grup zamkni\u0119tych jest mo\u017cliwo\u015b\u0107 odbycia szkolenia w naszych oddzia\u0142ach, jednak bez problemu mo\u017cemy uzgodni\u0107 inne miejsce szkole\u0144 i przeprowadzi\u0107 je w ka\u017cdym miejscu na terenie Polski, a nawet poza jej granicami.&nbsp;<\/p>\n\n\n\n<h2 class=\"wp-block-heading\">Dlaczego warto si\u0119 u nas szkoli\u0107?&nbsp;<\/h2>\n\n\n\n<ul class=\"wp-block-list\">\n<li>od wielu lat prowadzimy szkolenia zawodowe,&nbsp;<\/li>\n\n\n\n<li>mamy wykwalifikowan\u0105 kadr\u0119 szkoleniow\u0105,&nbsp;<\/li>\n\n\n\n<li>udost\u0119pniamy dobrze przygotowane materia\u0142y szkoleniowe,&nbsp;<\/li>\n\n\n\n<li>robimy powt\u00f3rk\u0119 przed egzaminem,&nbsp;<\/li>\n\n\n\n<li>pomagamy w formalno\u015bciach zwi\u0105zanych z przyst\u0105pieniem do egzaminu UDT,&nbsp;<\/li>\n\n\n\n<li>mamy korzystn\u0105 ofert\u0119 cenow\u0105 naszych kurs\u00f3w.&nbsp;<\/li>\n<\/ul>\n\n\n\n<h2 class=\"wp-block-heading\">\u017burawie stacjonarne \u2013 kr\u00f3tki opis&nbsp;<\/h2>\n\n\n\n<p>S\u0105 to urz\u0105dzenia nazywane inaczej \u017curawiami warsztatowymi. To d\u017awignice, kt\u00f3re s\u0105 przeznaczone do transportowania ci\u0119\u017ckich \u0142adunk\u00f3w na ograniczonym dystansie. Zbudowane s\u0105 z wysi\u0119gnika (ramienia), kt\u00f3ry jest zamontowany na s\u0142upie lub przymocowany do \u015bciany i wci\u0105gnika, czyli mechanizmu, kt\u00f3ry odpowiada za podnoszenie \u0142adunku w g\u00f3r\u0119 i w d\u00f3\u0142. <\/p>\n\n\n\n<p>\u017burawie stacjonarne umo\u017cliwiaj\u0105 przenoszenie \u0142adunku:&nbsp;<\/p>\n\n\n\n<ul class=\"wp-block-list\">\n<li>poprzez ruch okr\u0119\u017cny,&nbsp;<\/li>\n\n\n\n<li>w prz\u00f3d i w ty\u0142 (wzd\u0142u\u017c ramienia),&nbsp;<\/li>\n\n\n\n<li>w g\u00f3r\u0119 i w d\u00f3\u0142 (w pionie).&nbsp;<\/li>\n<\/ul>\n\n\n\n<p>\u017burawie stacjonarne znajduj\u0105 zastosowanie jako wyposa\u017cenie stanowisk pracy. Optymalizuj\u0105 r\u00f3wnie\u017c procesy produkcyjne. S\u0105 cz\u0119sto wykorzystywane przez zak\u0142ady potrzebuj\u0105ce urz\u0105dzenia do transportu bliskiego.&nbsp;<\/p>\n\n\n<div class=\"wp-block-image\">\n<figure class=\"alignright size-large is-resized\"><a href=\"https:\/\/kursy-udt.pl\/wp-content\/uploads\/2023\/03\/7291318-scaled.jpg\"><img loading=\"lazy\" decoding=\"async\" src=\"https:\/\/kursy-udt.pl\/wp-content\/uploads\/2023\/03\/7291318-1024x768.jpg\" alt=\"d\u017awignica przymocowana do \u015bciany\" class=\"wp-image-5396\" width=\"512\" height=\"384\" srcset=\"https:\/\/kursy-udt.pl\/wp-content\/uploads\/2023\/03\/7291318-1024x768.jpg 1024w, https:\/\/kursy-udt.pl\/wp-content\/uploads\/2023\/03\/7291318-300x225.jpg 300w, https:\/\/kursy-udt.pl\/wp-content\/uploads\/2023\/03\/7291318-768x576.jpg 768w, https:\/\/kursy-udt.pl\/wp-content\/uploads\/2023\/03\/7291318-1536x1152.jpg 1536w, https:\/\/kursy-udt.pl\/wp-content\/uploads\/2023\/03\/7291318-2048x1536.jpg 2048w, https:\/\/kursy-udt.pl\/wp-content\/uploads\/2023\/03\/7291318-16x12.jpg 16w, https:\/\/kursy-udt.pl\/wp-content\/uploads\/2023\/03\/7291318-640x480.jpg 640w, https:\/\/kursy-udt.pl\/wp-content\/uploads\/2023\/03\/7291318-624x468.jpg 624w\" sizes=\"auto, (max-width: 512px) 100vw, 512px\" \/><\/a><\/figure>\n<\/div>\n\n\n<h2 class=\"wp-block-heading\">Za\u015bwiadczenie kwalifikacyjne&nbsp;<\/h2>\n\n\n\n<p>Po zako\u0144czonym szkoleniu kursant podchodzi do egzaminu przed komisj\u0105 Urz\u0119du Dozoru Technicznego. Wynik pozytywny jest podstaw\u0105 do wydania za\u015bwiadczenia kwalifikacyjnego. Wa\u017cno\u015b\u0107 uprawnie\u0144 operatora \u017curawia stacjonarnego wynosi 10 lat.&nbsp;<\/p>\n\n\n\n<h2 class=\"wp-block-heading\">Warunki uko\u0144czenia kursu&nbsp;<\/h2>\n\n\n\n<ul class=\"wp-block-list\">\n<li>stan zdrowia pozwalaj\u0105cy na prac\u0119 przy obs\u0142udze \u017curawi stacjonarnych (potwierdzony przez lekarza medycyny pracy),&nbsp;<\/li>\n\n\n\n<li>wykszta\u0142cenie minimum podstawowe\/gimnazjalne,&nbsp;<\/li>\n\n\n\n<li>pe\u0142noletno\u015b\u0107.&nbsp;<\/li>\n<\/ul>\n\n\n\n<h2 class=\"wp-block-heading\">Cena szkolenia&nbsp;<\/h2>\n\n\n\n<p>Ceny s\u0105 ustalane indywidualnie, zale\u017c\u0105 one od ilo\u015bci uczestnik\u00f3w i terminu szkolenia. Organizujemy szkolenia otwarte jak i zamkni\u0119te, w celu poznania ceny prosimy o skontaktowanie si\u0119 z nami telefonicznie.&nbsp;&nbsp;<\/p>\n\n\n\n<h2 class=\"wp-block-heading\">Typy \u017curawi i wa\u017cno\u015b\u0107 uprawnie\u0144&nbsp;<\/h2>\n\n\n\n<ul class=\"wp-block-list\">\n<li>\u017burawie stacjonarne \u2013 10 lat,&nbsp;<\/li>\n\n\n\n<li>\u017burawie szynowe \u2013 5 lat,&nbsp;<\/li>\n\n\n\n<li>\u017burawie przewo\u017ane i przeno\u015bne \u2013 10 lat,&nbsp;<\/li>\n\n\n\n<li>\u017burawie samojezdne \u2013 5 lat,&nbsp;<\/li>\n\n\n\n<li>\u017burawie p\u0142ywaj\u0105ce \u2013 5 lat,&nbsp;<\/li>\n\n\n\n<li>\u017burawie szynowe 5 lat,&nbsp;<\/li>\n\n\n\n<li>\u017burawie pok\u0142adowe \u2013 5 lat,&nbsp;<\/li>\n\n\n\n<li>\u017burawie wie\u017cowe i szybkomontuj\u0105ce \u2013 5 lat,&nbsp;<\/li>\n\n\n\n<li>\u017burawie kolejowe i na pojazdach kolejowych \u2013 5 lat.&nbsp;<\/li>\n<\/ul>\n\n\n\n<p>Oferujemy szkolenia na operator\u00f3w i konserwator\u00f3w wy\u017cej wymienionych urz\u0105dze\u0144.&nbsp;<\/p>\n\n\n\n<h2 class=\"wp-block-heading\">Poznaj nasze pozosta\u0142e kursy&nbsp;<\/h2>\n\n\n\n<p>U nas zdob\u0119dziesz tak\u017ce <a href=\"https:\/\/kursy-udt.pl\/en\/uprawnienia-udt\/kategorie-uprawnien-2\/\">uprawnienia<\/a> m.in.:&nbsp;<\/p>\n\n\n\n<ul class=\"wp-block-list\">\n<li>na pozosta\u0142e typy \u017curawi,&nbsp;<\/li>\n\n\n\n<li>na zwy\u017cki,&nbsp;<\/li>\n\n\n\n<li>na w\u00f3zki wid\u0142owe,&nbsp;<\/li>\n\n\n\n<li>na suwnice,&nbsp;<\/li>\n\n\n\n<li>wysoko\u015bciowe,&nbsp;<\/li>\n\n\n\n<li>elektryczne,&nbsp;<\/li>\n\n\n\n<li>energetyczne,&nbsp;<\/li>\n\n\n\n<li>gazowe.&nbsp;<\/li>\n<\/ul>\n\n\n\n<h2 class=\"wp-block-heading\">Pytania i odpowiedzi<\/h2>\n\n\n\t\t<details\t\thelp class=\"sc_fs_faq sc_card    \"\n\t\topen\t\t>\n\t\t\t\t\t<summary>\n\t\t\t\t<h3>Jak d\u0142ugo s\u0105 wa\u017cne uprawnienia na \u017curawie stacjonarne?<\/h3>\t\t\t\t\t<\/summary>\n\t\t\t\t<div>\n\t\t\t\t\t\t<div class=\"sc_fs_faq__content\">\n\t\t\t\t\n\n<p>Wa\u017cno\u015b\u0107 za\u015bwiadcze\u0144 kwalifikacyjnych na obs\u0142ug\u0119 \u017curawi stacjonarnych wynosi 10 lat.<\/p>\n\n\t\t\t<\/div>\n\t\t<\/div>\n\t\t<\/details>\n\t\t\t\t<details\t\thelp class=\"sc_fs_faq sc_card    \"\n\t\t\t\t>\n\t\t\t\t\t<summary>\n\t\t\t\t<h3>Czy organizujecie kursy u klienta?<\/h3>\t\t\t\t\t<\/summary>\n\t\t\t\t<div>\n\t\t\t\t\t\t<div class=\"sc_fs_faq__content\">\n\t\t\t\t\n\n<p>Je\u017celi klient dysponuje wymaganym urz\u0105dzeniem i ma warunki do przeprowadzenia szkolenia, to oczywi\u015bcie mo\u017cemy zorganizowa\u0107 szkolenie w jego firmie. Jeste\u015bmy w stanie dojecha\u0107 do klienta, niezale\u017cnie od tego, w jakiej cz\u0119\u015bci Polski si\u0119 znajduje.<\/p>\n\n\t\t\t<\/div>\n\t\t<\/div>\n\t\t<\/details>\n\t\t\t\t<details\t\thelp class=\"sc_fs_faq sc_card    \"\n\t\t\t\t>\n\t\t\t\t\t<summary>\n\t\t\t\t<h3>Jak wygl\u0105da szkolenie?<\/h3>\t\t\t\t\t<\/summary>\n\t\t\t\t<div>\n\t\t\t\t\t\t<div class=\"sc_fs_faq__content\">\n\t\t\t\t\n\n<p>Szkolenie na operatora \u017curawi stacjonarnych odbywa si\u0119 w formie zaj\u0119\u0107 teoretycznych i zaj\u0119\u0107 praktycznych. Posiadamy w swoich kadrach do\u015bwiadczonych instruktor\u00f3w, kt\u00f3rzy przygotuj\u0105 Was do egzaminu UDT.<\/p>\n\n\t\t\t<\/div>\n\t\t<\/div>\n\t\t<\/details>\n\t\t\t\t<details\t\thelp class=\"sc_fs_faq sc_card    \"\n\t\t\t\t>\n\t\t\t\t\t<summary>\n\t\t\t\t<h3>Czy prowadzicie te\u017c inne kursy?<\/h3>\t\t\t\t\t<\/summary>\n\t\t\t\t<div>\n\t\t\t\t\t\t<div class=\"sc_fs_faq__content\">\n\t\t\t\t\n\n<p>Tak. Prowadzimy <a href=\"https:\/\/kursy-udt.pl\/en\/szkolenia\/wysokosciowe-na-uprawnienia-alpinistyczne\/\">szkolenia wysoko\u015bciowe<\/a>, <a href=\"https:\/\/kursy-udt.pl\/en\/szkolenia\/sep-uprawnienia-do-1kv\/g1\/\">G1<\/a>, G2, <a href=\"https:\/\/kursy-udt.pl\/en\/szkolenia\/sep-uprawnienia-do-1kv\/g3\/\">G3<\/a>, z obs\u0142ugi suwnic, w\u00f3zk\u00f3w wid\u0142owych, innych rodzaj\u00f3w \u017curawi, podno\u015bnik\u00f3w koszowych i no\u017cycowych i wielu jeszcze innych urz\u0105dze\u0144.<\/p>\n\n\t\t\t<\/div>\n\t\t<\/div>\n\t\t<\/details>\n\t\t\n<script type=\"application\/ld+json\">\n\t{\n\t\t\"@context\": \"https:\/\/schema.org\",\n\t\t\"@type\": \"FAQPage\",\n\t\t\"mainEntity\": [\n\t\t\t\t\t{\n\t\t\t\t\"@type\": \"Question\",\n\t\t\t\t\"name\": \"Jak d\u0142ugo s\u0105 wa\u017cne uprawnienia na \u017curawie stacjonarne?\",\n\t\t\t\t\"acceptedAnswer\": {\n\t\t\t\t\t\"@type\": \"Answer\",\n\t\t\t\t\t\"text\": \"<p>Wa\u017cno\u015b\u0107 za\u015bwiadcze\u0144 kwalifikacyjnych na obs\u0142ug\u0119 \u017curawi stacjonarnych wynosi 10 lat.<\/p>\"\n\t\t\t\t\t\t\t\t\t}\n\t\t\t}\n\t\t\t,\t\t\t\t{\n\t\t\t\t\"@type\": \"Question\",\n\t\t\t\t\"name\": \"Czy organizujecie kursy u klienta?\",\n\t\t\t\t\"acceptedAnswer\": {\n\t\t\t\t\t\"@type\": \"Answer\",\n\t\t\t\t\t\"text\": \"<p>Je\u017celi klient dysponuje wymaganym urz\u0105dzeniem i ma warunki do przeprowadzenia szkolenia, to oczywi\u015bcie mo\u017cemy zorganizowa\u0107 szkolenie w jego firmie. Jeste\u015bmy w stanie dojecha\u0107 do klienta, niezale\u017cnie od tego, w jakiej cz\u0119\u015bci Polski si\u0119 znajduje.<\/p>\"\n\t\t\t\t\t\t\t\t\t}\n\t\t\t}\n\t\t\t,\t\t\t\t{\n\t\t\t\t\"@type\": \"Question\",\n\t\t\t\t\"name\": \"Jak wygl\u0105da szkolenie?\",\n\t\t\t\t\"acceptedAnswer\": {\n\t\t\t\t\t\"@type\": \"Answer\",\n\t\t\t\t\t\"text\": \"<p>Szkolenie na operatora \u017curawi stacjonarnych odbywa si\u0119 w formie zaj\u0119\u0107 teoretycznych i zaj\u0119\u0107 praktycznych. Posiadamy w swoich kadrach do\u015bwiadczonych instruktor\u00f3w, kt\u00f3rzy przygotuj\u0105 Was do egzaminu UDT.<\/p>\"\n\t\t\t\t\t\t\t\t\t}\n\t\t\t}\n\t\t\t,\t\t\t\t{\n\t\t\t\t\"@type\": \"Question\",\n\t\t\t\t\"name\": \"Czy prowadzicie te\u017c inne kursy?\",\n\t\t\t\t\"acceptedAnswer\": {\n\t\t\t\t\t\"@type\": \"Answer\",\n\t\t\t\t\t\"text\": \"<p>Tak. Prowadzimy szkolenia wysoko\u015bciowe, G1, G2, G3, z obs\u0142ugi suwnic, w\u00f3zk\u00f3w wid\u0142owych, innych rodzaj\u00f3w \u017curawi, podno\u015bnik\u00f3w koszowych i no\u017cycowych i wielu jeszcze innych urz\u0105dze\u0144.<\/p>\"\n\t\t\t\t\t\t\t\t\t}\n\t\t\t}\n\t\t\t\t\t\t]\n\t}\n<\/script>\n","protected":false},"excerpt":{"rendered":"<p>Zdob\u0105d\u017a kwalifikacje na operatora \u017curawi wie\u017cowych i szybkomontuj\u0105cych Jeste\u015bmy firm\u0105, kt\u00f3ra organizuje kursy na operatora i konserwatora \u017curawi stacjonarnych. Z nami podniesiesz swoje kwalifikacje i zwi\u0119kszysz swoj\u0105 konkurencyjno\u015b\u0107 na rynku pracy. Pomo\u017cemy Ci w przygotowaniu si\u0119 do egzaminu UDT i zdobyciu uprawnie\u0144 do obs\u0142ugi lub konserwacji \u017curawi stacjonarnych.&nbsp; Jak wygl\u0105da szkolenie?&nbsp; Orgaznizowany przez nas kurs sk\u0142ada si\u0119 z dw\u00f3ch cz\u0119\u015bci:&nbsp; Zakres szkole\u0144 obejmuje:&nbsp; Po zaj\u0119ciach praktycznych, uczestnik podchodzi do wykonywania zada\u0144 pod okiem naszych specjalist\u00f3w.&nbsp; Harmonogram i forma zaj\u0119\u0107&nbsp; Kursy prowadzimy w dw\u00f3ch modelach; otwartych zaj\u0119\u0107, kt\u00f3re odbywaj\u0105 si\u0119 zgodnie z harmonogramem zamieszczonym na naszej stronie internetowej, a tak\u017ce jako zamkni\u0119te wyk\u0142ady, z my\u015bl\u0105 o grupach zorganizowanych przez instytucje b\u0105d\u017a pracodawc\u00f3w. W odpowiedzi na oczekiwania klient\u00f3w mamy tak\u017ce mo\u017cliwo\u015b\u0107 prowadzenia zaj\u0119\u0107 indywidualnych, uwzgl\u0119dniaj\u0105c potrzeby zleceniodawcy. Dla grup zamkni\u0119tych jest mo\u017cliwo\u015b\u0107 odbycia szkolenia w naszych oddzia\u0142ach, jednak bez problemu mo\u017cemy uzgodni\u0107 inne miejsce szkole\u0144 i przeprowadzi\u0107 je w ka\u017cdym miejscu na terenie Polski, a nawet poza jej granicami.&nbsp; Dlaczego warto si\u0119 u nas szkoli\u0107?&nbsp; \u017burawie stacjonarne \u2013 kr\u00f3tki opis&nbsp; S\u0105 to urz\u0105dzenia nazywane inaczej \u017curawiami warsztatowymi. To d\u017awignice, kt\u00f3re s\u0105 przeznaczone do transportowania ci\u0119\u017ckich \u0142adunk\u00f3w na ograniczonym dystansie. Zbudowane s\u0105 z wysi\u0119gnika (ramienia), kt\u00f3ry jest zamontowany na s\u0142upie lub przymocowany do \u015bciany i wci\u0105gnika, czyli mechanizmu, kt\u00f3ry odpowiada za podnoszenie \u0142adunku w g\u00f3r\u0119 i w d\u00f3\u0142. \u017burawie stacjonarne umo\u017cliwiaj\u0105 przenoszenie \u0142adunku:&nbsp; \u017burawie stacjonarne znajduj\u0105 zastosowanie jako wyposa\u017cenie stanowisk pracy. Optymalizuj\u0105 r\u00f3wnie\u017c procesy produkcyjne. S\u0105 cz\u0119sto wykorzystywane przez zak\u0142ady potrzebuj\u0105ce urz\u0105dzenia do transportu bliskiego.&nbsp; Za\u015bwiadczenie kwalifikacyjne&nbsp; Po zako\u0144czonym szkoleniu kursant podchodzi do egzaminu przed komisj\u0105 Urz\u0119du Dozoru [&hellip;]<\/p>\n","protected":false},"author":6,"featured_media":5394,"parent":2721,"menu_order":0,"comment_status":"closed","ping_status":"closed","template":"","meta":{"sfsi_plus_gutenberg_text_before_share":"","sfsi_plus_gutenberg_show_text_before_share":"","sfsi_plus_gutenberg_icon_type":"","sfsi_plus_gutenberg_icon_alignemt":"","sfsi_plus_gutenburg_max_per_row":"","footnotes":""},"class_list":["post-4851","page","type-page","status-publish","has-post-thumbnail","hentry","has_thumb"],"aioseo_notices":[],"_links":{"self":[{"href":"https:\/\/kursy-udt.pl\/en\/wp-json\/wp\/v2\/pages\/4851","targetHints":{"allow":["GET"]}}],"collection":[{"href":"https:\/\/kursy-udt.pl\/en\/wp-json\/wp\/v2\/pages"}],"about":[{"href":"https:\/\/kursy-udt.pl\/en\/wp-json\/wp\/v2\/types\/page"}],"author":[{"embeddable":true,"href":"https:\/\/kursy-udt.pl\/en\/wp-json\/wp\/v2\/users\/6"}],"replies":[{"embeddable":true,"href":"https:\/\/kursy-udt.pl\/en\/wp-json\/wp\/v2\/comments?post=4851"}],"version-history":[{"count":10,"href":"https:\/\/kursy-udt.pl\/en\/wp-json\/wp\/v2\/pages\/4851\/revisions"}],"predecessor-version":[{"id":5399,"href":"https:\/\/kursy-udt.pl\/en\/wp-json\/wp\/v2\/pages\/4851\/revisions\/5399"}],"up":[{"embeddable":true,"href":"https:\/\/kursy-udt.pl\/en\/wp-json\/wp\/v2\/pages\/2721"}],"wp:featuredmedia":[{"embeddable":true,"href":"https:\/\/kursy-udt.pl\/en\/wp-json\/wp\/v2\/media\/5394"}],"wp:attachment":[{"href":"https:\/\/kursy-udt.pl\/en\/wp-json\/wp\/v2\/media?parent=4851"}],"curies":[{"name":"wp","href":"https:\/\/api.w.org\/{rel}","templated":true}]}}