{"id":4779,"date":"2023-02-15T10:06:58","date_gmt":"2023-02-15T09:06:58","guid":{"rendered":"https:\/\/kursy-udt.pl\/?page_id=4779"},"modified":"2023-02-16T01:14:19","modified_gmt":"2023-02-16T00:14:19","slug":"onshore-and-offshore","status":"publish","type":"page","link":"https:\/\/kursy-udt.pl\/en\/szkolenia\/onshore-i-offshore\/onshore-i-offshore\/","title":{"rendered":"Onshore and offshore training - get certified"},"content":{"rendered":"<p><a href=\"https:\/\/kursy-udt.pl\/wp-content\/uploads\/2023\/02\/87877.jpeg\"><img loading=\"lazy\" decoding=\"async\" class=\"size-medium wp-image-4785 alignright\" src=\"https:\/\/kursy-udt.pl\/wp-content\/uploads\/2023\/02\/87877-300x202.jpeg\" alt=\"platforma wiertnicza na morzu\" width=\"300\" height=\"202\" srcset=\"https:\/\/kursy-udt.pl\/wp-content\/uploads\/2023\/02\/87877-300x202.jpeg 300w, https:\/\/kursy-udt.pl\/wp-content\/uploads\/2023\/02\/87877-1024x688.jpeg 1024w, https:\/\/kursy-udt.pl\/wp-content\/uploads\/2023\/02\/87877-768x516.jpeg 768w, https:\/\/kursy-udt.pl\/wp-content\/uploads\/2023\/02\/87877-1536x1032.jpeg 1536w, https:\/\/kursy-udt.pl\/wp-content\/uploads\/2023\/02\/87877-18x12.jpeg 18w, https:\/\/kursy-udt.pl\/wp-content\/uploads\/2023\/02\/87877-624x419.jpeg 624w, https:\/\/kursy-udt.pl\/wp-content\/uploads\/2023\/02\/87877.jpeg 1600w\" sizes=\"auto, (max-width: 300px) 100vw, 300px\" \/><\/a>Firma \u201cERGON\u201d przeprowadza kursy i szkolenia na terenie ca\u0142ego kraju, a nasze za\u015bwiadczenia kwalifikacyjne s\u0105 honorowane przez pracodawc\u00f3w na terenie kraj\u00f3w Unii Europejskiej.<\/p>\r\n<p>Oferujemy szkolenie z zakresu offshore i onshore w przemy\u015ble wydobywczym i poszukiwawczym na l\u0105dzie i morzu. Zacznij karier\u0119 mi\u0119dzynarodow\u0105 z u\u017cyciem narz\u0119dzi wykorzystywanych w platformach offshorowych i onshorowych.<\/p>\r\n<h2><strong>Jak wygl\u0105da szkolenie<\/strong><\/h2>\r\n<p>Szkolenie w naszym o\u015brodku szkoleniowym jest prowadzone przez alpinist\u00f3w przemys\u0142owych, nurk\u00f3w, operator\u00f3w, konserwator\u00f3w i innych specjalist\u00f3w, kt\u00f3rzy s\u0105 niezb\u0119dni do przeprowadzenia tak specjalistycznego szkolenia. Zaj\u0119cia s\u0105 prowadzone w formie teoretycznej i praktycznej pod okiem naszych instruktor\u00f3w.<\/p>\r\n<h3><strong>Podczas zaj\u0119\u0107 w naszym o\u015brodku zapoznasz si\u0119 mi.in z:<\/strong><\/h3>\r\n<ul>\r\n<li>hierarchia obowi\u0105zuj\u0105cych norm prawnych<\/li>\r\n<li>funkcjonowanie organizacji przemys\u0142owych<\/li>\r\n<li>prawdopodobie\u0144stwo wyst\u0119powania zagro\u017ce\u0144 i ich zapobieganie<\/li>\r\n<li>procedury w pracy i <a href=\"https:\/\/kursy-udt.pl\/en\/szkolenia\/bhp-bezpieczenstwo-pracy\/prawna-ochrona-pracy\/\">BHP<\/a><\/li>\r\n<li>platformy wiertnicze i wydobywcze<\/li>\r\n<li>wydobywanie z\u0142\u00f3\u017c surowc\u00f3w<\/li>\r\n<li>prawid\u0142owe ubranie kamizelek ratunkowych<\/li>\r\n<li>u\u017cycie podstawowych narz\u0119dzi<\/li>\r\n<li><a href=\"https:\/\/kursy-udt.pl\/en\/szkolenia\/bhp-bezpieczenstwo-pracy\/pierwsza-pomoc-i-dzialania\/\">pierwsza pomoc<\/a><\/li>\r\n<li>instalacje i \u015brodki ga\u015bnicze<\/li>\r\n<li>bezpieczna podr\u00f3\u017c \u015bmig\u0142owcem oraz opuszczanie go w przypadku awarii.<\/li>\r\n<\/ul>\r\n<p><a href=\"https:\/\/kursy-udt.pl\/wp-content\/uploads\/2023\/02\/32432.jpeg\"><img loading=\"lazy\" decoding=\"async\" class=\"aligncenter wp-image-4784\" src=\"https:\/\/kursy-udt.pl\/wp-content\/uploads\/2023\/02\/32432-300x200.jpeg\" alt=\"wydobywanie z\u0142\u00f3\u017c surowc\u00f3w na dnie morza\" width=\"750\" height=\"500\" srcset=\"https:\/\/kursy-udt.pl\/wp-content\/uploads\/2023\/02\/32432-300x200.jpeg 300w, https:\/\/kursy-udt.pl\/wp-content\/uploads\/2023\/02\/32432-1024x683.jpeg 1024w, https:\/\/kursy-udt.pl\/wp-content\/uploads\/2023\/02\/32432-768x512.jpeg 768w, https:\/\/kursy-udt.pl\/wp-content\/uploads\/2023\/02\/32432-1536x1024.jpeg 1536w, https:\/\/kursy-udt.pl\/wp-content\/uploads\/2023\/02\/32432-18x12.jpeg 18w, https:\/\/kursy-udt.pl\/wp-content\/uploads\/2023\/02\/32432-624x416.jpeg 624w, https:\/\/kursy-udt.pl\/wp-content\/uploads\/2023\/02\/32432.jpeg 1600w\" sizes=\"auto, (max-width: 750px) 100vw, 750px\" \/><\/a><\/p>\r\n<h2><strong>Praca po szkoleniu<\/strong><\/h2>\r\n<p>Po uko\u0144czonym szkoleniu z zakresu offshore i\/lub onshore uczestnik b\u0119dzie m\u00f3g\u0142 wykonywa\u0107 takie prace jak:<\/p>\r\n<ul>\r\n<li>wydobywanie ropy naftowej na dnie morza<\/li>\r\n<li>poszukiwanie z\u0142\u00f3\u017c surowc\u00f3w na l\u0105dzie i pod wod\u0105<\/li>\r\n<li>obs\u0142uga i praca na platformie wiertniczej.<\/li>\r\n<\/ul>\r\n<h2><strong>Certyfikat<\/strong><\/h2>\r\n<p>Po zako\u0144czonym szkoleniu, uczestnik otrzyma certyfikat zatwierdzony przez mi\u0119dzynarodow\u0105 organizacj\u0119 OPITO. Zdobyte za\u015bwiadczenie daje uprawnienie do wykonywania pracy na instalacjach morskich i l\u0105dowych.<\/p>\r\n<p><a href=\"https:\/\/kursy-udt.pl\/wp-content\/uploads\/2023\/02\/675.jpeg\"><img loading=\"lazy\" decoding=\"async\" class=\"aligncenter wp-image-4783\" src=\"https:\/\/kursy-udt.pl\/wp-content\/uploads\/2023\/02\/675-300x225.jpeg\" alt=\"operator \u017curawi na platformie wiertniczej.\" width=\"750\" height=\"563\" srcset=\"https:\/\/kursy-udt.pl\/wp-content\/uploads\/2023\/02\/675-300x225.jpeg 300w, https:\/\/kursy-udt.pl\/wp-content\/uploads\/2023\/02\/675-1024x768.jpeg 1024w, https:\/\/kursy-udt.pl\/wp-content\/uploads\/2023\/02\/675-768x576.jpeg 768w, https:\/\/kursy-udt.pl\/wp-content\/uploads\/2023\/02\/675-1536x1152.jpeg 1536w, https:\/\/kursy-udt.pl\/wp-content\/uploads\/2023\/02\/675-16x12.jpeg 16w, https:\/\/kursy-udt.pl\/wp-content\/uploads\/2023\/02\/675-640x480.jpeg 640w, https:\/\/kursy-udt.pl\/wp-content\/uploads\/2023\/02\/675-624x468.jpeg 624w, https:\/\/kursy-udt.pl\/wp-content\/uploads\/2023\/02\/675.jpeg 1600w\" sizes=\"auto, (max-width: 750px) 100vw, 750px\" \/><\/a><\/p>\r\n<h3><strong>Inne kursy zawodowe, przeprowadzane w naszym o\u015brodku szkoleniowym to m.in.:<\/strong><\/h3>\r\n<ul>\r\n<li>kurs na malarz-piaskarz<\/li>\r\n<li>kurs na operatora \u0142adowarki teleskopowej<\/li>\r\n<li>kurs operatora \u017curawi<\/li>\r\n<li>kurs konserwatora w\u00f3zk\u00f3w wid\u0142owych.<\/li>\r\n<\/ul>\r\n<h2>Pytania i odpowiedzi<\/h2>\r\n\t\t<details\t\thelp class=\"sc_fs_faq sc_card    \"\n\t\t\t\t>\n\t\t\t\t\t<summary>\n\t\t\t\t<h3>Czym si\u0119 r\u00f3\u017cni offshore od onshore?<\/h3>\t\t\t\t\t<\/summary>\n\t\t\t\t<div>\n\t\t\t\t\t\t<div class=\"sc_fs_faq__content\">\n\t\t\t\t\r\n\r\n\r\n<p>Offshore dotyczy prac wykonywanych pod wod\u0105, a onshore dotyczy pracy na l\u0105dzie.<\/p>\r\n\t\t\t<\/div>\n\t\t<\/div>\n\t\t<\/details>\n\t\t\t\t<details\t\thelp class=\"sc_fs_faq sc_card    \"\n\t\t\t\t>\n\t\t\t\t\t<summary>\n\t\t\t\t<h3>Jakie surowce mo\u017cna wydobywa\u0107 na dnie morza?<\/h3>\t\t\t\t\t<\/summary>\n\t\t\t\t<div>\n\t\t\t\t\t\t<div class=\"sc_fs_faq__content\">\n\t\t\t\t\r\n\r\n\r\n<p>G\u0142\u00f3wnie wydobywa si\u0119 rop\u0119 naftow\u0105 i gaz ziemny.<\/p>\r\n\t\t\t<\/div>\n\t\t<\/div>\n\t\t<\/details>\n\t\t\t\t<details\t\thelp class=\"sc_fs_faq sc_card    \"\n\t\t\t\t>\n\t\t\t\t\t<summary>\n\t\t\t\t<h3>Kto jest jednostk\u0105 certyfikuj\u0105c\u0105 szkolenie offshore?<\/h3>\t\t\t\t\t<\/summary>\n\t\t\t\t<div>\n\t\t\t\t\t\t<div class=\"sc_fs_faq__content\">\n\t\t\t\t\r\n\r\n\r\n<p>Certyfikat z uko\u0144czenia kursu offashore wydawany jest przez mi\u0119dzynarodow\u0105 organizacj\u0119 OPITO.<\/p>\r\n\t\t\t<\/div>\n\t\t<\/div>\n\t\t<\/details>\n\t\t\n<script type=\"application\/ld+json\">\n\t{\n\t\t\"@context\": \"https:\/\/schema.org\",\n\t\t\"@type\": \"FAQPage\",\n\t\t\"mainEntity\": [\n\t\t\t\t\t{\n\t\t\t\t\"@type\": \"Question\",\n\t\t\t\t\"name\": \"Czym si\u0119 r\u00f3\u017cni offshore od onshore?\",\n\t\t\t\t\"acceptedAnswer\": {\n\t\t\t\t\t\"@type\": \"Answer\",\n\t\t\t\t\t\"text\": \"<p>Offshore dotyczy prac wykonywanych pod wod\u0105, a onshore dotyczy pracy na l\u0105dzie.<\/p>\"\n\t\t\t\t\t\t\t\t\t}\n\t\t\t}\n\t\t\t,\t\t\t\t{\n\t\t\t\t\"@type\": \"Question\",\n\t\t\t\t\"name\": \"Jakie surowce mo\u017cna wydobywa\u0107 na dnie morza?\",\n\t\t\t\t\"acceptedAnswer\": {\n\t\t\t\t\t\"@type\": \"Answer\",\n\t\t\t\t\t\"text\": \"<p>G\u0142\u00f3wnie wydobywa si\u0119 rop\u0119 naftow\u0105 i gaz ziemny.<\/p>\"\n\t\t\t\t\t\t\t\t\t}\n\t\t\t}\n\t\t\t,\t\t\t\t{\n\t\t\t\t\"@type\": \"Question\",\n\t\t\t\t\"name\": \"Kto jest jednostk\u0105 certyfikuj\u0105c\u0105 szkolenie offshore?\",\n\t\t\t\t\"acceptedAnswer\": {\n\t\t\t\t\t\"@type\": \"Answer\",\n\t\t\t\t\t\"text\": \"<p>Certyfikat z uko\u0144czenia kursu offashore wydawany jest przez mi\u0119dzynarodow\u0105 organizacj\u0119 OPITO.<\/p>\"\n\t\t\t\t\t\t\t\t\t}\n\t\t\t}\n\t\t\t\t\t\t]\n\t}\n<\/script>\n","protected":false},"excerpt":{"rendered":"<p>The company \"ERGON\" provides courses and training nationwide and our qualification certificates are recognised by employers in the countries of the European Union. We offer offshore and onshore training in the onshore and offshore mining and exploration industry. Start your international career with the tools used in offshore and onshore platforms. What the training looks like The training at our training centre is taught by industrial climbers, divers, operators, maintainers and other specialists who are required for such specialised training. Classes are conducted in theoretical and practical form under the guidance of our instructors. During the classes at our centre, you will learn, among other things, about: the hierarchy of applicable legal standards the functioning of industrial organisations the probability of hazards and their prevention work and health and safety procedures drilling and extraction platforms the proper wearing of life jackets the use of basic tools first aid installations and fire extinguishing agents safe travel by helicopter and lowering it in the event of an emergency. Post-training work After completing the offshore and\/or onshore training, the participant will be able to carry out work such as: oil extraction on the seabed exploration for raw materials on land and underwater operation and work on a drilling platform. Certificate On completion of the training, the participant will receive a certificate approved by the international organisation OPITO. This certificate entitles you to work on offshore and onshore installations. Other vocational courses carried out at our training centre include: painter-sandblaster course telescopic loader operator course crane operator course forklift maintenance course. Questions and answers<\/p>","protected":false},"author":2,"featured_media":4785,"parent":2806,"menu_order":0,"comment_status":"closed","ping_status":"closed","template":"","meta":{"sfsi_plus_gutenberg_text_before_share":"","sfsi_plus_gutenberg_show_text_before_share":"","sfsi_plus_gutenberg_icon_type":"","sfsi_plus_gutenberg_icon_alignemt":"","sfsi_plus_gutenburg_max_per_row":"","footnotes":""},"class_list":["post-4779","page","type-page","status-publish","has-post-thumbnail","hentry","has_thumb"],"aioseo_notices":[],"_links":{"self":[{"href":"https:\/\/kursy-udt.pl\/en\/wp-json\/wp\/v2\/pages\/4779","targetHints":{"allow":["GET"]}}],"collection":[{"href":"https:\/\/kursy-udt.pl\/en\/wp-json\/wp\/v2\/pages"}],"about":[{"href":"https:\/\/kursy-udt.pl\/en\/wp-json\/wp\/v2\/types\/page"}],"author":[{"embeddable":true,"href":"https:\/\/kursy-udt.pl\/en\/wp-json\/wp\/v2\/users\/2"}],"replies":[{"embeddable":true,"href":"https:\/\/kursy-udt.pl\/en\/wp-json\/wp\/v2\/comments?post=4779"}],"version-history":[{"count":4,"href":"https:\/\/kursy-udt.pl\/en\/wp-json\/wp\/v2\/pages\/4779\/revisions"}],"predecessor-version":[{"id":4787,"href":"https:\/\/kursy-udt.pl\/en\/wp-json\/wp\/v2\/pages\/4779\/revisions\/4787"}],"up":[{"embeddable":true,"href":"https:\/\/kursy-udt.pl\/en\/wp-json\/wp\/v2\/pages\/2806"}],"wp:featuredmedia":[{"embeddable":true,"href":"https:\/\/kursy-udt.pl\/en\/wp-json\/wp\/v2\/media\/4785"}],"wp:attachment":[{"href":"https:\/\/kursy-udt.pl\/en\/wp-json\/wp\/v2\/media?parent=4779"}],"curies":[{"name":"wp","href":"https:\/\/api.w.org\/{rel}","templated":true}]}}