{"id":4715,"date":"2023-02-07T13:21:23","date_gmt":"2023-02-07T12:21:23","guid":{"rendered":"https:\/\/kursy-udt.pl\/?page_id=4715"},"modified":"2023-02-08T10:16:33","modified_gmt":"2023-02-08T09:16:33","slug":"hook-signaller","status":"publish","type":"page","link":"https:\/\/kursy-udt.pl\/en\/szkolenia\/udt-wdt-tdt\/sygnalista-hakowy\/","title":{"rendered":"Hook signaller - get certified"},"content":{"rendered":"<p>Firma szkoleniowa \u201cERGON\u201d przeprowadza kurs na sygnalist\u0119 hakowego poziomu 1 i 2 z bezpiecznej eksploatacji. Kadra naszych specjalist\u00f3w, pomo\u017ce ci zdoby\u0107 <a href=\"https:\/\/kursy-udt.pl\/en\/uprawnienia-udt\/kategorie-uprawnien-2\/\">uprawnienia<\/a> i umiej\u0119tno\u015bci do wykonywania zawodu sygnalisty hakowego na l\u0105dzie jak i na morzu.<\/p>\r\n<p><a href=\"https:\/\/kursy-udt.pl\/wp-content\/uploads\/2023\/02\/3.jpeg\"><img loading=\"lazy\" decoding=\"async\" class=\"aligncenter wp-image-4718\" src=\"https:\/\/kursy-udt.pl\/wp-content\/uploads\/2023\/02\/3-300x200.jpeg\" alt=\"pracownicy na placu budowy w kaskach.\" width=\"750\" height=\"501\" srcset=\"https:\/\/kursy-udt.pl\/wp-content\/uploads\/2023\/02\/3-300x200.jpeg 300w, https:\/\/kursy-udt.pl\/wp-content\/uploads\/2023\/02\/3-1024x684.jpeg 1024w, https:\/\/kursy-udt.pl\/wp-content\/uploads\/2023\/02\/3-768x513.jpeg 768w, https:\/\/kursy-udt.pl\/wp-content\/uploads\/2023\/02\/3-1536x1025.jpeg 1536w, https:\/\/kursy-udt.pl\/wp-content\/uploads\/2023\/02\/3-18x12.jpeg 18w, https:\/\/kursy-udt.pl\/wp-content\/uploads\/2023\/02\/3-624x417.jpeg 624w, https:\/\/kursy-udt.pl\/wp-content\/uploads\/2023\/02\/3.jpeg 1600w\" sizes=\"auto, (max-width: 750px) 100vw, 750px\" \/><\/a><\/p>\r\n<p>Kurs hakowego kierowany jest do pracownik\u00f3w wykonuj\u0105cych prace zwi\u0105zane z za\u0142adunkiem i roz\u0142adunkiem jako pomoc operator\u00f3w \u017curawi i suwnic.<\/p>\r\n<h2><strong>Program szkoleniowy<\/strong><\/h2>\r\n<p>Podczas zaj\u0119\u0107, uczestnik szkolenia zapozna si\u0119 z zagadnieniami podczas zaj\u0119\u0107 wyk\u0142adowych, po czym przejdzie do wykonywania zaj\u0119\u0107 praktycznych, pod okiem naszych specjalist\u00f3w. Zadania s\u0105 wykonywane na l\u0105dzie jak i na morzu. Posiadamy specjalist\u00f3w takich jak operatorzy, konserwatorzy i wyk\u0142adowcy, dzi\u0119ki temu zaj\u0119cia s\u0105 prowadzone na najwy\u017cszym poziomie nauczania z dba\u0142o\u015bci\u0105 o bezpiecze\u0144stwo podczas wykonywania pracy.<\/p>\r\n<h3><strong><a href=\"https:\/\/kursy-udt.pl\/wp-content\/uploads\/2023\/02\/1.webp\"><img loading=\"lazy\" decoding=\"async\" class=\"alignright wp-image-4716\" src=\"https:\/\/kursy-udt.pl\/wp-content\/uploads\/2023\/02\/1-225x300.webp\" alt=\"sygnalista hakowy podczas pracy.\" width=\"300\" height=\"400\" srcset=\"https:\/\/kursy-udt.pl\/wp-content\/uploads\/2023\/02\/1-225x300.webp 225w, https:\/\/kursy-udt.pl\/wp-content\/uploads\/2023\/02\/1-768x1024.webp 768w, https:\/\/kursy-udt.pl\/wp-content\/uploads\/2023\/02\/1-1152x1536.webp 1152w, https:\/\/kursy-udt.pl\/wp-content\/uploads\/2023\/02\/1-9x12.webp 9w, https:\/\/kursy-udt.pl\/wp-content\/uploads\/2023\/02\/1-624x832.webp 624w, https:\/\/kursy-udt.pl\/wp-content\/uploads\/2023\/02\/1.webp 1200w\" sizes=\"auto, (max-width: 300px) 100vw, 300px\" \/><\/a>Zadania, wykonywane w ramach \u0107wicze\u0144 to m.in.:<\/strong><\/h3>\r\n<ul>\r\n<li>zabezpieczanie \u0142adunku przed transportem jak i po<\/li>\r\n<li>przekazywanie sygna\u0142u ruchu d\u017awignic na l\u0105dzie i na morzu<\/li>\r\n<li>w\u0142a\u015bciwy dob\u00f3r zawiesi i innych sprz\u0119t\u00f3w do wykonania pracy<\/li>\r\n<li>transport, roz\u0142adunek i za\u0142adunek \u0142adunku<\/li>\r\n<li>zapoznanie si\u0119 z owi\u0105zuj\u0105cymi przepisami UDT<\/li>\r\n<li>poznanie podstawowych informacji o suwnicach<\/li>\r\n<li>obs\u0142uga zawiesi hakowych<\/li>\r\n<li>komunikacja z operatorem za pomoc\u0105 sygna\u0142\u00f3w<\/li>\r\n<li>identyfikacja zagro\u017ce\u0144 podczas pracy<\/li>\r\n<li>ocena stanu technicznego urz\u0105dzenia<\/li>\r\n<li>zasady <a href=\"https:\/\/kursy-udt.pl\/en\/szkolenia\/bhp-bezpieczenstwo-pracy\/prawna-ochrona-pracy\/\">BHP<\/a> i przepisy prawne.<\/li>\r\n<\/ul>\r\n<p><strong>Program szkoleniowy jest zgodny z standardami LOLER 98, ISO 15513, OMHEC, PUWER.<\/strong><\/p>\r\n<h2><strong>Certyfikat<\/strong><\/h2>\r\n<p>Po zako\u0144czonym szkoleniu i pozytywnym zdaniu egzaminu wewn\u0119trznego w naszym o\u015brodku, uczestnik otrzymuje za\u015bwiadczenie kwalifikacyjne, kt\u00f3re nadaje uprawnienie do wykonywania pracy na stanowisku sygnalista hakowy. Za\u015bwiadczenie jest honorowane m.in. w Wielkiej Brytanii, Danii, Norwegii i Holandii.<\/p>\r\n<h2><strong>Za co jest odpowiedzialny sygnalista hakowy?<\/strong><\/h2>\r\n<p>Sygnalista hakowy odpowiada m.in. za:<\/p>\r\n<ul>\r\n<li>u\u017cycie w\u0142a\u015bciwego osprz\u0119tu d\u017awigowego<\/li>\r\n<li>zawieszanie i odczepianie \u0142adunku<\/li>\r\n<li>przekazywanie sygna\u0142u do operatora d\u017awignicy<\/li>\r\n<li>zainicjowanie zamierzonego ruchu d\u017awignicy i \u0142adunku.<\/li>\r\n<\/ul>\r\n<h2><strong>Cel kursu<\/strong><\/h2>\r\n<p>Szkolenie dedykowane jest osobom jak i instytucjom chc\u0105cym podwy\u017cszy\u0107 swoje kwalifikacje zawodowe, jak i pracownik\u00f3w. Celem szkolenia jest uzyskanie dodatkowych uprawnie\u0144 i zwi\u0119kszenie swoich kwalifikacji zawodowych. Wiedza, kt\u00f3r\u0105 przekazujemy kursantom jest niezb\u0119dna do wykonywania zawodu sygnalisty hakowego.<\/p>\r\n<p><a href=\"https:\/\/kursy-udt.pl\/wp-content\/uploads\/2023\/02\/2.jpeg\"><img loading=\"lazy\" decoding=\"async\" class=\"aligncenter wp-image-4717\" src=\"https:\/\/kursy-udt.pl\/wp-content\/uploads\/2023\/02\/2-300x200.jpeg\" alt=\"kamizelka sygnalista hakowy.\" width=\"750\" height=\"500\" srcset=\"https:\/\/kursy-udt.pl\/wp-content\/uploads\/2023\/02\/2-300x200.jpeg 300w, https:\/\/kursy-udt.pl\/wp-content\/uploads\/2023\/02\/2-1024x683.jpeg 1024w, https:\/\/kursy-udt.pl\/wp-content\/uploads\/2023\/02\/2-768x512.jpeg 768w, https:\/\/kursy-udt.pl\/wp-content\/uploads\/2023\/02\/2-1536x1024.jpeg 1536w, https:\/\/kursy-udt.pl\/wp-content\/uploads\/2023\/02\/2-18x12.jpeg 18w, https:\/\/kursy-udt.pl\/wp-content\/uploads\/2023\/02\/2-624x416.jpeg 624w, https:\/\/kursy-udt.pl\/wp-content\/uploads\/2023\/02\/2.jpeg 1600w\" sizes=\"auto, (max-width: 750px) 100vw, 750px\" \/><\/a><\/p>\r\n<h2><strong>Kto mo\u017ce zosta\u0107 hakowym?<\/strong><\/h2>\r\n<p>Aby wzi\u0105\u0107 udzia\u0142 w szkoleniu na sygnalist\u0119 hakowego, nale\u017cy spe\u0142ni\u0107 poni\u017csze warunki:<\/p>\r\n<ul>\r\n<li>uko\u0144czone 18 lat<\/li>\r\n<li>wykszta\u0142cenie przynajmniej podstawowe<\/li>\r\n<li>za\u015bwiadczenie lekarskie o braku przeciwskaza\u0144 do wykonywania zawodu.<\/li>\r\n<\/ul>\r\n<h3>Inne kursy zawodowe, przeprowadzane w naszym o\u015brodku szkoleniowym to m.in.:<\/h3>\r\n<ul>\r\n<li>kurs na operatora koparki<\/li>\r\n<li>kurs na operatora suwnicy<\/li>\r\n<li>kurs na prace wysoko\u015bciowe<\/li>\r\n<li>kurs na konserwatora rusztowa\u0144.<\/li>\r\n<\/ul>\r\n<p><strong>Pytania i odpowiedzi<\/strong><\/p>\r\n\t\t<details\t\thelp class=\"sc_fs_faq sc_card    \"\n\t\t\t\t>\n\t\t\t\t\t<summary>\n\t\t\t\t<h3>Czy szkolenie na sygnalist\u0119 hakowego obejmuje prace na morzu?<\/h3>\t\t\t\t\t<\/summary>\n\t\t\t\t<div>\n\t\t\t\t\t\t<div class=\"sc_fs_faq__content\">\n\t\t\t\t\r\n\r\n\r\n<p>Tak, sygnalista hakowy pracuje na l\u0105dzie jak i na morzu.<\/p>\r\n\t\t\t<\/div>\n\t\t<\/div>\n\t\t<\/details>\n\t\t\t\t<details\t\thelp class=\"sc_fs_faq sc_card    \"\n\t\t\t\t>\n\t\t\t\t\t<summary>\n\t\t\t\t<h3>Kto wydaje za\u015bwiadczenie kwalifikacyjne na hakowego?<\/h3>\t\t\t\t\t<\/summary>\n\t\t\t\t<div>\n\t\t\t\t\t\t<div class=\"sc_fs_faq__content\">\n\t\t\t\t\r\n\r\n\r\n<p>Za\u015bwiadczenie kwalifikacyjne na sygnalist\u0119 hakowego, wydaj\u0119 nasz o\u015brodek szkoleniowy, certyfikat jest wydany na podstawie\u00a0\u00a7 18 ust. 2 rozporz\u0105dzenia Ministra Edukacji Narodowej z dnia 11 stycznia 2012 r. w sprawie kszta\u0142cenia ustawicznego w formach pozaszkolnych.<\/p>\r\n\t\t\t<\/div>\n\t\t<\/div>\n\t\t<\/details>\n\t\t\t\t<details\t\thelp class=\"sc_fs_faq sc_card    \"\n\t\t\t\t>\n\t\t\t\t\t<summary>\n\t\t\t\t<h3>Gdzie s\u0105 przeprowadzane szkolenia na sygnalist\u0119 hakowego?<\/h3>\t\t\t\t\t<\/summary>\n\t\t\t\t<div>\n\t\t\t\t\t\t<div class=\"sc_fs_faq__content\">\n\t\t\t\t\r\n\r\n\r\n<p>Szkolenia s\u0105 przeprowadzane w naszym o\u015brodku szkoleniowym w Warszawie, z dojazdem do klienta pod wybrany adres i online.<\/p>\r\n\t\t\t<\/div>\n\t\t<\/div>\n\t\t<\/details>\n\t\t\t\t<details\t\thelp class=\"sc_fs_faq sc_card    \"\n\t\t\t\t>\n\t\t\t\t\t<summary>\n\t\t\t\t<h3>Jakie nale\u017cy mie\u0107 wykszta\u0142cenie, aby wzi\u0105\u0107 udzia\u0142 w szkoleniu na sygnalist\u0119 hakowego?<\/h3>\t\t\t\t\t<\/summary>\n\t\t\t\t<div>\n\t\t\t\t\t\t<div class=\"sc_fs_faq__content\">\n\t\t\t\t\r\n\r\n\r\n<p>Aby wzi\u0105\u0107 udzia\u0142 w szkoleniu na sygnalist\u0119 hakowego, nale\u017cy mie\u0107 uko\u0144czony wiek pe\u0142noletni.<\/p>\r\n\t\t\t<\/div>\n\t\t<\/div>\n\t\t<\/details>\n\t\t\n<script type=\"application\/ld+json\">\n\t{\n\t\t\"@context\": \"https:\/\/schema.org\",\n\t\t\"@type\": \"FAQPage\",\n\t\t\"mainEntity\": [\n\t\t\t\t\t{\n\t\t\t\t\"@type\": \"Question\",\n\t\t\t\t\"name\": \"Czy szkolenie na sygnalist\u0119 hakowego obejmuje prace na morzu?\",\n\t\t\t\t\"acceptedAnswer\": {\n\t\t\t\t\t\"@type\": \"Answer\",\n\t\t\t\t\t\"text\": \"<p>Tak, sygnalista hakowy pracuje na l\u0105dzie jak i na morzu.<\/p>\"\n\t\t\t\t\t\t\t\t\t}\n\t\t\t}\n\t\t\t,\t\t\t\t{\n\t\t\t\t\"@type\": \"Question\",\n\t\t\t\t\"name\": \"Kto wydaje za\u015bwiadczenie kwalifikacyjne na hakowego?\",\n\t\t\t\t\"acceptedAnswer\": {\n\t\t\t\t\t\"@type\": \"Answer\",\n\t\t\t\t\t\"text\": \"<p>Za\u015bwiadczenie kwalifikacyjne na sygnalist\u0119 hakowego, wydaj\u0119 nasz o\u015brodek szkoleniowy, certyfikat jest wydany na podstawie\u00a0\u00a7 18 ust. 2 rozporz\u0105dzenia Ministra Edukacji Narodowej z dnia 11 stycznia 2012 r. w sprawie kszta\u0142cenia ustawicznego w formach pozaszkolnych.<\/p>\"\n\t\t\t\t\t\t\t\t\t}\n\t\t\t}\n\t\t\t,\t\t\t\t{\n\t\t\t\t\"@type\": \"Question\",\n\t\t\t\t\"name\": \"Gdzie s\u0105 przeprowadzane szkolenia na sygnalist\u0119 hakowego?\",\n\t\t\t\t\"acceptedAnswer\": {\n\t\t\t\t\t\"@type\": \"Answer\",\n\t\t\t\t\t\"text\": \"<p>Szkolenia s\u0105 przeprowadzane w naszym o\u015brodku szkoleniowym w Warszawie, z dojazdem do klienta pod wybrany adres i online.<\/p>\"\n\t\t\t\t\t\t\t\t\t}\n\t\t\t}\n\t\t\t,\t\t\t\t{\n\t\t\t\t\"@type\": \"Question\",\n\t\t\t\t\"name\": \"Jakie nale\u017cy mie\u0107 wykszta\u0142cenie, aby wzi\u0105\u0107 udzia\u0142 w szkoleniu na sygnalist\u0119 hakowego?\",\n\t\t\t\t\"acceptedAnswer\": {\n\t\t\t\t\t\"@type\": \"Answer\",\n\t\t\t\t\t\"text\": \"<p>Aby wzi\u0105\u0107 udzia\u0142 w szkoleniu na sygnalist\u0119 hakowego, nale\u017cy mie\u0107 uko\u0144czony wiek pe\u0142noletni.<\/p>\"\n\t\t\t\t\t\t\t\t\t}\n\t\t\t}\n\t\t\t\t\t\t]\n\t}\n<\/script>\n","protected":false},"excerpt":{"rendered":"<p>Firma szkoleniowa \u201cERGON\u201d przeprowadza kurs na sygnalist\u0119 hakowego poziomu 1 i 2 z bezpiecznej eksploatacji. Kadra naszych specjalist\u00f3w, pomo\u017ce ci zdoby\u0107 uprawnienia i umiej\u0119tno\u015bci do wykonywania zawodu sygnalisty hakowego na l\u0105dzie jak i na morzu. Kurs hakowego kierowany jest do pracownik\u00f3w wykonuj\u0105cych prace zwi\u0105zane z za\u0142adunkiem i roz\u0142adunkiem jako pomoc operator\u00f3w \u017curawi i suwnic. Program szkoleniowy Podczas zaj\u0119\u0107, uczestnik szkolenia zapozna si\u0119 z zagadnieniami podczas zaj\u0119\u0107 wyk\u0142adowych, po czym przejdzie do wykonywania zaj\u0119\u0107 praktycznych, pod okiem naszych specjalist\u00f3w. Zadania s\u0105 wykonywane na l\u0105dzie jak i na morzu. Posiadamy specjalist\u00f3w takich jak operatorzy, konserwatorzy i wyk\u0142adowcy, dzi\u0119ki temu zaj\u0119cia s\u0105 prowadzone na najwy\u017cszym poziomie nauczania z dba\u0142o\u015bci\u0105 o bezpiecze\u0144stwo podczas wykonywania pracy. Zadania, wykonywane w ramach \u0107wicze\u0144 to m.in.: zabezpieczanie \u0142adunku przed transportem jak i po przekazywanie sygna\u0142u ruchu d\u017awignic na l\u0105dzie i na morzu w\u0142a\u015bciwy dob\u00f3r zawiesi i innych sprz\u0119t\u00f3w do wykonania pracy transport, roz\u0142adunek i za\u0142adunek \u0142adunku zapoznanie si\u0119 z owi\u0105zuj\u0105cymi przepisami UDT poznanie podstawowych informacji o suwnicach obs\u0142uga zawiesi hakowych komunikacja z operatorem za pomoc\u0105 sygna\u0142\u00f3w identyfikacja zagro\u017ce\u0144 podczas pracy ocena stanu technicznego urz\u0105dzenia zasady BHP i przepisy prawne. Program szkoleniowy jest zgodny z standardami LOLER 98, ISO 15513, OMHEC, PUWER. Certyfikat Po zako\u0144czonym szkoleniu i pozytywnym zdaniu egzaminu wewn\u0119trznego w naszym o\u015brodku, uczestnik otrzymuje za\u015bwiadczenie kwalifikacyjne, kt\u00f3re nadaje uprawnienie do wykonywania pracy na stanowisku sygnalista hakowy. Za\u015bwiadczenie jest honorowane m.in. w Wielkiej Brytanii, Danii, Norwegii i Holandii. Za co jest odpowiedzialny sygnalista hakowy? Sygnalista hakowy odpowiada m.in. za: u\u017cycie w\u0142a\u015bciwego osprz\u0119tu d\u017awigowego zawieszanie i odczepianie \u0142adunku przekazywanie sygna\u0142u do operatora d\u017awignicy zainicjowanie [&hellip;]<\/p>\n","protected":false},"author":2,"featured_media":4718,"parent":2721,"menu_order":0,"comment_status":"closed","ping_status":"closed","template":"","meta":{"sfsi_plus_gutenberg_text_before_share":"","sfsi_plus_gutenberg_show_text_before_share":"","sfsi_plus_gutenberg_icon_type":"","sfsi_plus_gutenberg_icon_alignemt":"","sfsi_plus_gutenburg_max_per_row":"","footnotes":""},"class_list":["post-4715","page","type-page","status-publish","has-post-thumbnail","hentry","has_thumb"],"aioseo_notices":[],"_links":{"self":[{"href":"https:\/\/kursy-udt.pl\/en\/wp-json\/wp\/v2\/pages\/4715","targetHints":{"allow":["GET"]}}],"collection":[{"href":"https:\/\/kursy-udt.pl\/en\/wp-json\/wp\/v2\/pages"}],"about":[{"href":"https:\/\/kursy-udt.pl\/en\/wp-json\/wp\/v2\/types\/page"}],"author":[{"embeddable":true,"href":"https:\/\/kursy-udt.pl\/en\/wp-json\/wp\/v2\/users\/2"}],"replies":[{"embeddable":true,"href":"https:\/\/kursy-udt.pl\/en\/wp-json\/wp\/v2\/comments?post=4715"}],"version-history":[{"count":4,"href":"https:\/\/kursy-udt.pl\/en\/wp-json\/wp\/v2\/pages\/4715\/revisions"}],"predecessor-version":[{"id":4723,"href":"https:\/\/kursy-udt.pl\/en\/wp-json\/wp\/v2\/pages\/4715\/revisions\/4723"}],"up":[{"embeddable":true,"href":"https:\/\/kursy-udt.pl\/en\/wp-json\/wp\/v2\/pages\/2721"}],"wp:featuredmedia":[{"embeddable":true,"href":"https:\/\/kursy-udt.pl\/en\/wp-json\/wp\/v2\/media\/4718"}],"wp:attachment":[{"href":"https:\/\/kursy-udt.pl\/en\/wp-json\/wp\/v2\/media?parent=4715"}],"curies":[{"name":"wp","href":"https:\/\/api.w.org\/{rel}","templated":true}]}}