{"id":4403,"date":"2022-09-29T08:44:29","date_gmt":"2022-09-29T08:44:29","guid":{"rendered":"https:\/\/kursy-udt.pl\/?page_id=4403"},"modified":"2023-01-04T09:28:35","modified_gmt":"2023-01-04T09:28:35","slug":"goods-and-passenger-cranes","status":"publish","type":"page","link":"https:\/\/kursy-udt.pl\/en\/publikacje\/udt-wdt-tdt\/dzwigi-towarowo-osobowe\/","title":{"rendered":"What is a goods and passenger crane?"},"content":{"rendered":"<p><a href=\"https:\/\/kursy-udt.pl\/en\/szkolenia\/udt-wdt-tdt\/dzwigi-towarowo-osobowe\/\">Freight and passenger crane<\/a> deals with lifting and stopping at certain levels. It works like all the lifts we are familiar with. Without it, moving and lifting workers as well as materials would be incredibly difficult. In order to be able to operate this device, it is necessary to pass the UDT exam and obtain a licence.<\/p>\n<p>Come to ERGON, with us you can easily do the course and become a crane operator!<\/p>\n<p><a href=\"https:\/\/kursy-udt.pl\/wp-content\/uploads\/2022\/09\/2.webp\"><img loading=\"lazy\" decoding=\"async\" class=\"alignright wp-image-4405\" src=\"https:\/\/kursy-udt.pl\/wp-content\/uploads\/2022\/09\/2-200x300.webp\" alt=\"Photo of building lift\" width=\"300\" height=\"450\" srcset=\"https:\/\/kursy-udt.pl\/wp-content\/uploads\/2022\/09\/2-200x300.webp 200w, https:\/\/kursy-udt.pl\/wp-content\/uploads\/2022\/09\/2-683x1024.webp 683w, https:\/\/kursy-udt.pl\/wp-content\/uploads\/2022\/09\/2-768x1152.webp 768w, https:\/\/kursy-udt.pl\/wp-content\/uploads\/2022\/09\/2-1024x1536.webp 1024w, https:\/\/kursy-udt.pl\/wp-content\/uploads\/2022\/09\/2-8x12.webp 8w, https:\/\/kursy-udt.pl\/wp-content\/uploads\/2022\/09\/2-624x936.webp 624w, https:\/\/kursy-udt.pl\/wp-content\/uploads\/2022\/09\/2.webp 1067w\" sizes=\"auto, (max-width: 300px) 100vw, 300px\" \/><\/a><\/p>\n<h2><strong>Wondering what our course is like?<\/strong><\/h2>\n<p>Above all, we care about the quality of the teaching and the satisfaction of the students. We believe that both theory and practice are equally important, which is why we focus equally on both areas. We use didactic methods that activate students and encourage them to actively participate in lessons. Our specialists will prepare students for their exams and equip them with the skills they need in the workplace.<\/p>\n<h2><strong>And what will you learn on the courses?<\/strong><\/h2>\n<p>After our course, you will possess the professional knowledge necessary to work as an operator. You will become familiar with the following topics:<\/p>\n<ul>\n<li>Basic parameters of the cranes,<\/li>\n<li>The main assemblies of the freight and passenger crane,<\/li>\n<li>Duties and responsibilities of the lift attendant,<\/li>\n<li>Safety rules for the operation of goods and passenger cranes.<\/li>\n<\/ul>\n<h2><strong>Do you want to know what documents you will receive after the course and passing the exam?<\/strong><\/h2>\n<p>After completing the course, you will receive a certificate of qualification and a certificate of training (course completion).<\/p>\n<h2><strong>How long does our course last?<\/strong><\/h2>\n<p>Collaboration is important to us, so we always take an individual approach and adapt to the client. The length of the course depends on your skills.<\/p>\n<h2><strong>Where do we run our courses?<\/strong><\/h2>\n<p>We are in almost all parts of Poland! That is why our courses are so accessible. We are in cities such as:<\/p>\n<ul>\n<li>Warsaw,<\/li>\n<li>Krak\u00f3w,<\/li>\n<li>Katowice,<\/li>\n<li>\u0141\u00f3d\u017a,<\/li>\n<li>Wroc\u0142aw,<\/li>\n<li>Pozna\u0144,<\/li>\n<li>Gdansk,<\/li>\n<li>Gdynia,<\/li>\n<li>Szczecin,<\/li>\n<li>Bydgoszcz,<\/li>\n<li>Lublin,<\/li>\n<li>Bielsko-Bia\u0142a.<\/li>\n<\/ul>\n<p>And that's not all! In the event of a training need involving an organised group, we will also travel to you by prior arrangement and conduct a closed course. In addition, we have the possibility to conduct the theoretical part of the course online!<\/p>\n<h2><strong>Why enrol on a course for goods and passenger lifts (goods and passenger lifts) at ERGON?<\/strong><\/h2>\n<p><a href=\"https:\/\/kursy-udt.pl\/wp-content\/uploads\/2022\/09\/3-5.jpeg\"><img loading=\"lazy\" decoding=\"async\" class=\"aligncenter wp-image-4406\" src=\"https:\/\/kursy-udt.pl\/wp-content\/uploads\/2022\/09\/3-5-300x200.jpeg\" alt=\"Image with course caption\" width=\"750\" height=\"500\" srcset=\"https:\/\/kursy-udt.pl\/wp-content\/uploads\/2022\/09\/3-5-300x200.jpeg 300w, https:\/\/kursy-udt.pl\/wp-content\/uploads\/2022\/09\/3-5-1024x683.jpeg 1024w, https:\/\/kursy-udt.pl\/wp-content\/uploads\/2022\/09\/3-5-768x512.jpeg 768w, https:\/\/kursy-udt.pl\/wp-content\/uploads\/2022\/09\/3-5-1536x1024.jpeg 1536w, https:\/\/kursy-udt.pl\/wp-content\/uploads\/2022\/09\/3-5-18x12.jpeg 18w, https:\/\/kursy-udt.pl\/wp-content\/uploads\/2022\/09\/3-5-624x416.jpeg 624w, https:\/\/kursy-udt.pl\/wp-content\/uploads\/2022\/09\/3-5.jpeg 1600w\" sizes=\"auto, (max-width: 750px) 100vw, 750px\" \/><\/a><\/p>\n<p>Only experienced and qualified instructors with the right qualifications and <a href=\"https:\/\/kursy-udt.pl\/en\/uprawnienia-udt\/kategorie-uprawnien-2\/\">UDT qualifications<\/a>. We are always up to date with industry knowledge, especially when it comes to regulations related to the UDT and <a href=\"https:\/\/kursy-udt.pl\/en\/szkolenia\/bhp-bezpieczenstwo-pracy\/prawna-ochrona-pracy\/\">Health and Safety<\/a> storage equipment such as forklifts, platforms, cranes, hoists, cranes or goods and passenger lifts. The instructors share their experience and prepare you solidly for the UDT exam and professional work. After our course, finding a job will not be a problem if you consider the demand for goods and passenger crane operators. It is worth investing yourself and in additional qualifications. We want to develop together with you!<\/p>\n<h2><strong>Is the UDT exam for goods and passenger cranes compulsory?<\/strong><\/h2>\n<p>To answer as simply as possible - YES!  Cranes may only be operated by persons with current qualifications obtained by successfully completing a state examination.<\/p>\n<p>Remember that in order to operate a personnel lift otherwise known as a goods lift, you need a valid state licence, issued by the UDT. Without a licence, even if you have the skills, you must not operate them! Every goods and passenger lift should have an up-to-date UDT inspection and have its number issued by the UDT and a corresponding sticker.<\/p>\n<table border=\"1\">\n<tbody>\n<tr>\n<td width=\"300\"><u>Course name:<\/u><\/td>\n<td width=\"300\">Freight and passenger lift course at ERGON!<\/td>\n<\/tr>\n<tr>\n<td width=\"300\">Where we run the course:<\/td>\n<td width=\"300\">All over Poland!<\/td>\n<\/tr>\n<tr>\n<td width=\"300\">Pricing:<\/td>\n<td width=\"300\">You can find detailed information on the ERGON centre website.<\/td>\n<\/tr>\n<\/tbody>\n<\/table>\n<p><a href=\"https:\/\/kursy-udt.pl\/wp-content\/uploads\/2022\/12\/69-Dzwigi-osobowe-towarowe-kursy-udt.pl_.png\"><img loading=\"lazy\" decoding=\"async\" class=\"aligncenter wp-image-4567\" src=\"https:\/\/kursy-udt.pl\/wp-content\/uploads\/2022\/12\/69-Dzwigi-osobowe-towarowe-kursy-udt.pl_-300x188.png\" alt=\"\" width=\"750\" height=\"469\" srcset=\"https:\/\/kursy-udt.pl\/wp-content\/uploads\/2022\/12\/69-Dzwigi-osobowe-towarowe-kursy-udt.pl_-300x188.png 300w, https:\/\/kursy-udt.pl\/wp-content\/uploads\/2022\/12\/69-Dzwigi-osobowe-towarowe-kursy-udt.pl_-1024x640.png 1024w, https:\/\/kursy-udt.pl\/wp-content\/uploads\/2022\/12\/69-Dzwigi-osobowe-towarowe-kursy-udt.pl_-768x480.png 768w, https:\/\/kursy-udt.pl\/wp-content\/uploads\/2022\/12\/69-Dzwigi-osobowe-towarowe-kursy-udt.pl_-18x12.png 18w, https:\/\/kursy-udt.pl\/wp-content\/uploads\/2022\/12\/69-Dzwigi-osobowe-towarowe-kursy-udt.pl_-624x390.png 624w, https:\/\/kursy-udt.pl\/wp-content\/uploads\/2022\/12\/69-Dzwigi-osobowe-towarowe-kursy-udt.pl_.png 1200w\" sizes=\"auto, (max-width: 750px) 100vw, 750px\" \/><\/a><\/p>","protected":false},"excerpt":{"rendered":"<p>D\u017awig towarowo-osobowy zajmuje si\u0119 podnoszeniem i zatrzymywaniem na okre\u015blonych poziomach. Dzia\u0142a jak wszystkie dobrze znane nam windy. Bez niego przenoszenie i podnoszenie pracownik\u00f3w jak i materia\u0142\u00f3w by\u0142oby niesamowicie utrudnione. Aby m\u00f3c obs\u0142ugiwa\u0107 to urz\u0105dzenie konieczne jest zdanie egzaminu UDT i otrzymanie uprawnie\u0144. Zapraszamy do ERGON, z nami z \u0142atwo\u015bci\u0105 zrobisz kurs i zostaniesz operatorem d\u017awigu! Zastanawiasz si\u0119 jak wygl\u0105da nasz kurs? Przede wszystkim, zale\u017cy nam na jako\u015bci nauczania oraz na zadowoleniu kursant\u00f3w. Uwa\u017camy, \u017ce zar\u00f3wno teoria, jak i praktyka s\u0105 r\u00f3wnie wa\u017cne, dlatego tak samo koncentrujemy si\u0119 na obu strefach. Korzystamy z metod dydaktycznych, kt\u00f3re aktywizuj\u0105 s\u0142uchaczy i zach\u0119caj\u0105 do czynnego udzia\u0142u w zaj\u0119ciach. Nasi specjali\u015bci przygotuj\u0105 kursant\u00f3w do egzaminu oraz wyposa\u017c\u0105 ich w umiej\u0119tno\u015bci niezb\u0119dne w miejscu pracy. A czego dowiesz si\u0119 na kursach? Po naszym kursie posi\u0105dziesz profesjonaln\u0105 wiedz\u0119, niezb\u0119dn\u0105 do pracy jako operator. Zapoznasz si\u0119 z nast\u0119puj\u0105cymi zagadnieniami: Podstawowe parametry d\u017awig\u00f3w, G\u0142\u00f3wne zespo\u0142y d\u017awigu towarowo-osobowego, Obowi\u0105zki i zadania obs\u0142uguj\u0105cego windy, Zasady bezpiecze\u0144stwa pracy przy obs\u0142udze d\u017awig\u00f3w towarowo-osobowych. Chcesz wiedzie\u0107 jakie dokumenty otrzymasz po kursie i zdanym egzaminie? Po uko\u0144czonym kurie otrzymasz \u015bwiadectwo kwalifikacji i za\u015bwiadczenie o przeszkoleniu (uko\u0144czeniu kursu). Ile trwa nasz kurs? Wa\u017cna jest dla nas wsp\u00f3\u0142praca, dlatego zawsze podchodzimy indywidualnie i dopasowujemy si\u0119 do klienta. D\u0142ugo\u015b\u0107 kursu jest zale\u017cna od Twoich umiej\u0119tno\u015bci. Gdzie prowadzimy kursy? Jeste\u015bmy na terenie niemal\u017ce ca\u0142ej Polski! Dlatego nasze kursy s\u0105 a\u017c tak dost\u0119pne. Jeste\u015bmy w takich miastach jak: Warszawa, Krak\u00f3w, Katowice, \u0141\u00f3d\u017a, Wroc\u0142aw, Pozna\u0144, Gda\u0144sk, Gdynia, Szczecin, Bydgoszcz, Lublin, Bielsko-Bia\u0142a. To nie wszystko! W przypadku potrzeby szkoleniowej, obejmuj\u0105cej grup\u0119 zorganizowan\u0105, dojedziemy tak\u017ce do Ciebie po [&hellip;]<\/p>\n","protected":false},"author":2,"featured_media":4406,"parent":2724,"menu_order":0,"comment_status":"closed","ping_status":"closed","template":"","meta":{"sfsi_plus_gutenberg_text_before_share":"","sfsi_plus_gutenberg_show_text_before_share":"","sfsi_plus_gutenberg_icon_type":"","sfsi_plus_gutenberg_icon_alignemt":"","sfsi_plus_gutenburg_max_per_row":"","footnotes":""},"class_list":["post-4403","page","type-page","status-publish","has-post-thumbnail","hentry","has_thumb"],"aioseo_notices":[],"_links":{"self":[{"href":"https:\/\/kursy-udt.pl\/en\/wp-json\/wp\/v2\/pages\/4403","targetHints":{"allow":["GET"]}}],"collection":[{"href":"https:\/\/kursy-udt.pl\/en\/wp-json\/wp\/v2\/pages"}],"about":[{"href":"https:\/\/kursy-udt.pl\/en\/wp-json\/wp\/v2\/types\/page"}],"author":[{"embeddable":true,"href":"https:\/\/kursy-udt.pl\/en\/wp-json\/wp\/v2\/users\/2"}],"replies":[{"embeddable":true,"href":"https:\/\/kursy-udt.pl\/en\/wp-json\/wp\/v2\/comments?post=4403"}],"version-history":[{"count":4,"href":"https:\/\/kursy-udt.pl\/en\/wp-json\/wp\/v2\/pages\/4403\/revisions"}],"predecessor-version":[{"id":5511,"href":"https:\/\/kursy-udt.pl\/en\/wp-json\/wp\/v2\/pages\/4403\/revisions\/5511"}],"up":[{"embeddable":true,"href":"https:\/\/kursy-udt.pl\/en\/wp-json\/wp\/v2\/pages\/2724"}],"wp:featuredmedia":[{"embeddable":true,"href":"https:\/\/kursy-udt.pl\/en\/wp-json\/wp\/v2\/media\/4406"}],"wp:attachment":[{"href":"https:\/\/kursy-udt.pl\/en\/wp-json\/wp\/v2\/media?parent=4403"}],"curies":[{"name":"wp","href":"https:\/\/api.w.org\/{rel}","templated":true}]}}