{"id":44,"date":"2014-02-10T17:16:46","date_gmt":"2014-02-10T17:16:46","guid":{"rendered":"http:\/\/kursy-udt.kwiaty0.pl\/?page_id=44"},"modified":"2020-06-02T21:27:21","modified_gmt":"2020-06-02T21:27:21","slug":"cranes","status":"publish","type":"page","link":"https:\/\/kursy-udt.pl\/en\/suwnice\/","title":{"rendered":"Overhead crane course - get certified"},"content":{"rendered":"<div style=\"float: left; padding-right: 10px;\"><img loading=\"lazy\" decoding=\"async\" alt=\"crane course Warsaw\" src=\"\/wp-content\/uploads\/2014\/04\/suwnice.jpeg\" width=\"200\" height=\"150\" \/><\/div>\n<div class=\"wyjustuj\">In order to operate overhead cranes, which are cranes commonly used in transport and various industries, the following are required <a href=\"https:\/\/kursy-udt.pl\/en\/szkolenia\/kurs-na-suwnice\/\">crane course<\/a>. On completion of the course and successful completion of the examination, the course participant will receive a <a href=\"https:\/\/kursy-udt.pl\/en\/uprawnienia-udt\/kategorie-uprawnien-2\/\">entitlements<\/a> for cranes in accordance with the regulations of the Technical Inspection Authority, to which the equipment is subject.<\/p>\n<h2 class=\"naglowekh2\">Background information<\/h2>\n<p>Overhead cranes are devices classified as cranes that operate in intermittent motion. They are equipped with lowering or lifting mechanisms - either hoists or winches. Overhead cranes are primarily designed to move goods horizontally and vertically. The area of operation of the device is limited by the height of the lowering and lifting of the goods, the length of the device's travel path and the width of its bridge. The equipment can be operated by wire or wireless control. Larger models are operated by an operator sitting in a cab.<\/p>\n<h2 class=\"naglowekh2\">Equipment designs<\/h2>\n<ul>\n<li>overhead travelling cranes - mainly installed in industrial halls. They are equipped with a hoist that moves along a bridge. The bridge models are installed in the upper part of the hall and consist of a trussed platform that moves on rails<\/li>\n<li>Suspended cranes - similar in design to track-mounted cranes, which run on runways suspended from the hall roof structure. They are suitable for indoor applications where maximum use must be made of the available space.<\/li>\n<li>Gantry cranes - this is a model often used outdoors, for example on storage yards or shipyard slipways. These units are constructed with platforms suspended from lateral bridges that tie gates together. The gantries have rail or wheeled undercarriages<\/li>\n<\/ul>\n<h2 class=\"naglowekh2\">Application<\/h2>\n<p>As mentioned, the devices are primarily used for transport, for example in production halls, shipyards, trans-shipment points or warehouses. Thanks to their design, they enable different types of loads to be handled quickly and safely, depending on the gripping elements used.<\/p>\n<h2 class=\"naglowekh2\">Entitlements<\/h2>\n<p>To operate overhead cranes, which are controlled from the working level, also wirelessly, as well as equipment operated from a cabin, you need an overhead crane licence. The licence is granted after completing a course and passing a state examination before a commission from the Office of Technical Inspection. The licence is granted for an unlimited period of time and entitles the holder to operate equipment of the type indicated on the licence.<\/p>\n<h2 class=\"naglowekh2\">Permission categories<\/h2>\n<ul>\n<li>II S - the entitlement to operate equipment controlled from the working level, as well as hoists and winches in category II W and workshop stationary cranes<\/li>\n<li>I S - authorisation to operate cabin-operated machines as well as hoists and winches according to category I W and category II S machines<\/li>\n<\/ul>\n<p>Overhead cranes are equipment that are commonly used in various workplaces. To operate them correctly, it is essential to have the right <a href=\"\/en\/training\/crane-course\/\">course and entitlements<\/a>. During the course, participants are provided with the most important information related to the operation of the equipment, including messages related to health and safety rules before, during and after work, in order to transport all loads correctly.<\/p>\n<p>Regardless of the type of cranes, the operator must have the relevant qualifications. Without them, he exposes both himself and other workers to risks. It is the employer's responsibility to ensure that his subordinates are properly trained and that working conditions comply with current legislation <a href=\"https:\/\/kursy-udt.pl\/en\/szkolenia\/bhp-bezpieczenstwo-pracy\/prawna-ochrona-pracy\/\">Health and Safety<\/a>.<\/p>\n<\/div>\n<div class=\"button_styl\" style=\"float:right; padding-left:15px; padding-bottom:8px; margin-bottom:5px;\"><a href=\"https:\/\/platformaedukacji.pl\/login\/signup.php\" rel=\"nofollow noopener noreferrer\" target=\"_blank\" class=\"myButton myButton_maly\"><font color=\"white\">Sign up for training<\/font><\/a><\/div>","protected":false},"excerpt":{"rendered":"<p>Aby obs\u0142ugiwa\u0107 suwnice, czyli d\u017awignice wykorzystywane powszechnie w transporcie i r\u00f3\u017cnych ga\u0142\u0119ziach przemys\u0142u, wymagany jest kurs na suwnice. Po zako\u0144czeniu kursu i pozytywnym zdaniu egzaminu uczestnik kursu otrzymuje uprawnienia na suwnice zgodnie z przepisami Urz\u0119du Dozoru Technicznego, kt\u00f3remu urz\u0105dzenia te podlegaj\u0105. Informacje podstawowe Suwnice to urz\u0105dzenia zakwalifikowane do d\u017awignic, kt\u00f3re pracuj\u0105 w ruchu przerywanym. S\u0105 one wyposa\u017cone w mechanizmy opuszczania lub podnoszenia \u2013 wci\u0105gniki albo wci\u0105garki. Suwnice s\u0105 przeznaczone przede wszystkim do przemieszczania towar\u00f3w w poziomie oraz w pionie. Obszar dzia\u0142ania urz\u0105dzenia ograniczony jest przez wysoko\u015b\u0107 opuszczania i podnoszenia towar\u00f3w, d\u0142ugo\u015b\u0107 toru jazdy urz\u0105dzenia oraz szeroko\u015b\u0107 jej mostu. Urz\u0105dzenia mog\u0105 sterowane przewodowo lub bezprzewodowo. Wi\u0119ksze modele obs\u0142ugiwane s\u0105 przez operatora siedz\u0105cego w kabinie. Konstrukcje urz\u0105dze\u0144 suwnice pomostowe (natorowe) \u2013 s\u0105 montowane g\u0142\u00f3wnie w halach przemys\u0142owych. S\u0105 wyposa\u017cone w ci\u0119gnik poruszaj\u0105cy si\u0119 po pomo\u015bcie. Modele pomostowe s\u0105 instalowane w g\u00f3rnej cz\u0119\u015bci hali i sk\u0142adaj\u0105 si\u0119 z kratownicowego pomostu, kt\u00f3ry przemieszcza si\u0119 po szynach suwnice podwieszone \u2013 s\u0105 podobne w swojej konstrukcji do modeli natorowych, kt\u00f3re poruszaj\u0105 si\u0119 po torach jezdnych podwieszonych do konstrukcji dachu hali. Sprawdzaj\u0105 si\u0119 we wn\u0119trzach, w kt\u00f3rych nale\u017cy maksymalnie wykorzysta\u0107 dost\u0119pn\u0105 przestrze\u0144 suwnice bramowe \u2013 to model cz\u0119sto wykorzystywany na zewn\u0105trz, na przyk\u0142ad na sk\u0142adowiskach lub pochylniach stoczniowych. Urz\u0105dzenia te s\u0105 zbudowane z pomost\u00f3w zawieszonych na bocznych mostach wi\u0105\u017c\u0105cych bramy. Bramy posiadaj\u0105 szynowe lub ko\u0142owe podwozia Zastosowanie Jak zosta\u0142o wspomniane, urz\u0105dzenia wykorzystywane s\u0105 przede wszystkim w transporcie, na przyk\u0142ad w halach produkcyjnych, stoczniach, punktach prze\u0142adunkowych czy sk\u0142adowiskach. Dzi\u0119ki swojej konstrukcji umo\u017cliwiaj\u0105 szybkie i bezpieczne przenoszenie r\u00f3\u017cnego typu \u0142adunk\u00f3w zale\u017cnie od zastosowanych element\u00f3w [&hellip;]<\/p>\n","protected":false},"author":1,"featured_media":0,"parent":0,"menu_order":0,"comment_status":"closed","ping_status":"closed","template":"","meta":{"sfsi_plus_gutenberg_text_before_share":"","sfsi_plus_gutenberg_show_text_before_share":"","sfsi_plus_gutenberg_icon_type":"","sfsi_plus_gutenberg_icon_alignemt":"","sfsi_plus_gutenburg_max_per_row":"","footnotes":""},"class_list":["post-44","page","type-page","status-publish","hentry","has_thumb"],"aioseo_notices":[],"_links":{"self":[{"href":"https:\/\/kursy-udt.pl\/en\/wp-json\/wp\/v2\/pages\/44","targetHints":{"allow":["GET"]}}],"collection":[{"href":"https:\/\/kursy-udt.pl\/en\/wp-json\/wp\/v2\/pages"}],"about":[{"href":"https:\/\/kursy-udt.pl\/en\/wp-json\/wp\/v2\/types\/page"}],"author":[{"embeddable":true,"href":"https:\/\/kursy-udt.pl\/en\/wp-json\/wp\/v2\/users\/1"}],"replies":[{"embeddable":true,"href":"https:\/\/kursy-udt.pl\/en\/wp-json\/wp\/v2\/comments?post=44"}],"version-history":[{"count":23,"href":"https:\/\/kursy-udt.pl\/en\/wp-json\/wp\/v2\/pages\/44\/revisions"}],"predecessor-version":[{"id":3002,"href":"https:\/\/kursy-udt.pl\/en\/wp-json\/wp\/v2\/pages\/44\/revisions\/3002"}],"wp:attachment":[{"href":"https:\/\/kursy-udt.pl\/en\/wp-json\/wp\/v2\/media?parent=44"}],"curies":[{"name":"wp","href":"https:\/\/api.w.org\/{rel}","templated":true}]}}