{"id":4387,"date":"2022-09-26T09:25:51","date_gmt":"2022-09-26T09:25:51","guid":{"rendered":"https:\/\/kursy-udt.pl\/?page_id=4387"},"modified":"2023-03-20T23:24:16","modified_gmt":"2023-03-20T22:24:16","slug":"freight-statements-course","status":"publish","type":"page","link":"https:\/\/kursy-udt.pl\/en\/szkolenia\/udt-wdt-tdt\/wyciagi-towarowe-kurs\/","title":{"rendered":"Freight lift operator course"},"content":{"rendered":"<div class=\"wp-block-image\">\n<figure class=\"alignright size-large is-resized\"><img loading=\"lazy\" decoding=\"async\" src=\"https:\/\/kursy-udt.pl\/wp-content\/uploads\/2022\/09\/images.jpeg\" alt=\"professional training\" width=\"215\" height=\"398\"\/><\/figure>\n<\/div>\n\n\n<p>Training at our company prepares participants for employment as a goods lift operator. With qualifications in not only operation but also maintenance, you will be more employable where goods lifts are used. You will gain knowledge in the operation and maintenance of stationary, mobile and portable goods lifts and ship lifts.&nbsp;<\/p>\n\n\n\n<h2 class=\"wp-block-heading\">Training program&nbsp;<\/h2>\n\n\n\n<p>The class will cover topics such as:&nbsp;<\/p>\n\n\n\n<ul class=\"wp-block-list\">\n<li>construction and individual freight lift systems,&nbsp;<\/li>\n\n\n\n<li>responsibilities of the freight lift operator,&nbsp;<\/li>\n\n\n\n<li>legislation,&nbsp;<\/li>\n\n\n\n<li>safety when carrying out the work,&nbsp;<\/li>\n\n\n\n<li>operation and use of commodity extracts,&nbsp;<\/li>\n\n\n\n<li>practical activities.&nbsp;<\/li>\n<\/ul>\n\n\n\n<h2 class=\"wp-block-heading\">Receipt of entitlements&nbsp;<\/h2>\n\n\n\n<p>After passing the exam, each participant will receive a qualification certificate entitling them to operate handling equipment. Such a certificate is issued by the Office of Technical Inspection and is valid for 10 years.&nbsp;<\/p>\n\n\n\n<h2 class=\"wp-block-heading\">Advantages of training&nbsp;<\/h2>\n\n\n\n<p>Training courses in our company are provided by specialised staff. The aim of the courses is to prepare participants for the state examination confirming their qualifications. Training courses include both a theoretical and practical part. This enables participants to better and more effectively assimilate the knowledge imparted. We train trainees to obtain a certificate as a goods hoist operator. This qualification enables participants to operate stationary, mobile or mobile goods hoists. Upon completion of the course, participants can take a state examination. This is conducted by a commission appointed by the UDT. If the exam is passed, participants receive a personal certificate issued by the office.&nbsp;<\/p>\n\n\n\n<h2 class=\"wp-block-heading\">Who can attend the course and how do I enrol?&nbsp;<\/h2>\n\n\n\n<p>A person who meets the following conditions may take the course:&nbsp;<\/p>\n\n\n\n<ul class=\"wp-block-list\">\n<li>is over 18 years old,&nbsp;<\/li>\n\n\n\n<li>has a minimum of primary education,&nbsp;<\/li>\n\n\n\n<li>holds a category B driving licence.&nbsp;<\/li>\n<\/ul>\n\n\n\n<p>To sign up for training, please contact us.&nbsp;<\/p>\n\n\n\n<h2 class=\"wp-block-heading\">Characteristics of freight lifts&nbsp;<\/h2>\n\n\n\n<p>A freight elevator is a platform that is moved along a mast. In its appearance or design, it resembles a ladder. With goods hoists, we can transport building materials to higher levels. We can distinguish between linear and chain goods hoists.&nbsp;&nbsp;<\/p>\n\n\n\n<h2 class=\"wp-block-heading\">Conditions for the operation of goods lifts&nbsp;<\/h2>\n\n\n<div class=\"wp-block-image\">\n<figure class=\"alignright size-large is-resized\"><img loading=\"lazy\" decoding=\"async\" src=\"https:\/\/kursy-udt.pl\/wp-content\/uploads\/2022\/09\/wyciag-winda-budowlana-scanclimber-mpt-600-wroclaw-524652345.jpeg\" alt=\"operation of the equipment\" width=\"411\" height=\"277\"\/><\/figure>\n<\/div>\n\n\n<p>All goods lifts are equipment that is subject to technical supervision. Handling equipment with a load capacity of 250kg or less, except for those used to move people, is subject to simplified technical supervision. It is not necessary to notify these devices to the Technical Inspection Authority and to have them tested. However, it is necessary to ensure that they are maintained and operated by suitably qualified persons who have <a href=\"https:\/\/kursy-udt.pl\/en\/uprawnienia-udt\/kategorie-uprawnien-2\/\">entitlements<\/a>. Technical equipment subject to technical supervision must be operated in accordance with the instructions and used as intended.&nbsp;<\/p>\n\n\n\n<h2 class=\"wp-block-heading\">Rules to be observed&nbsp;<\/h2>\n\n\n\n<p>The operator should provide the appliance with stationary operating instructions. This is based on the operating instructions for the appliance and should be available to the person operating the appliance. The operator should also ensure that the appliance is properly maintained so that it can be used safely. Maintenance inspections must be carried out at least within the timeframe specified in the Decree of the Minister of Entrepreneurship and Technology of 30 October 2018. If the manufacturer of the equipment has specified a different deadline for such inspections, it must be complied with.&nbsp;<\/p>\n\n\n\n<p>Each piece of equipment should have a maintenance logbook in which repairs carried out should be recorded.&nbsp;<\/p>\n\n\n\n<p><strong>IMPORTANT!<\/strong> When dealing with brand new equipment, a registration exercise is required. In other cases, only an acceptance test is carried out. When the test result is positive, the inspector of the Office of Technical Inspection issues a test report and a decision authorising the use of the device. After such a test, the user will receive an inspection booklet by post together with a bill for the test performed. The costs of the examination include a possible trip to the device by the inspector. Once the above-mentioned stages have been passed, the appliance will be registered in the records of the relevant branch of the Office of Technical Inspection.&nbsp;<\/p>\n\n\n\n<h2 class=\"wp-block-heading\">Types of tests that are necessary during operation&nbsp;<\/h2>\n\n\n<div class=\"wp-block-image\">\n<figure class=\"alignright size-large is-resized\"><img loading=\"lazy\" decoding=\"async\" src=\"https:\/\/kursy-udt.pl\/wp-content\/uploads\/2022\/09\/3-4.jpeg\" alt=\"freight lift\" width=\"266\" height=\"400\"\/><\/figure>\n<\/div>\n\n\n<p>The appliance under test should be technically sound. It must also be assembled and prepared in accordance with the conditions laid down in the regulation and the instructions for use. The operator is obliged to ensure safe conditions for carrying out the test, should prepare the place for it, as well as the necessary instruments and loads. He should also ensure that a maintenance person and an operator are present - these should be people with the appropriate qualifications. The tests are carried out at the user's premises. During the test, the operator or his authorised representative must be present. In the event of, for example, inadequate conditions for carrying out the tests, the inspector may refuse to carry out the tests.&nbsp;<\/p>\n\n\n\n<figure class=\"wp-block-table\"><table><tbody><tr><td>What tests do technical equipment undergo during its operation?&nbsp;<\/td><\/tr><tr><td>Ad hoc follow-up surveys.&nbsp;<br>Ad hoc in-service testing.&nbsp;<br>Ad hoc post-accident or post-failure investigations.&nbsp;<\/td><\/tr><\/tbody><\/table><\/figure>\n\n\n\n<h2 class=\"wp-block-heading\">Our offer<\/h2>\n\n\n\n<p>Take a look at what our company has to offer! We organise training <a href=\"https:\/\/kursy-udt.pl\/en\/szkolenia\/bhp-bezpieczenstwo-pracy\/prawna-ochrona-pracy\/\">Health and Safety<\/a> and PPE, as well as specialised courses for the operator and maintenance of UDT equipment such as forklifts, mobile platforms, cranes and telehandlers.&nbsp;<\/p>\n\n\n\n<p>Amongst other things, we also offer a professional UDT machine service, maintenance, modernisation, sales of new and used equipment and the possibility of renting a forklift or scissor lift.&nbsp;<\/p>","protected":false},"excerpt":{"rendered":"<p>Szkolenie w naszej firmie przygotowuje jego uczestnik\u00f3w do podj\u0119cia pracy na stanowisku operatora wyci\u0105g\u00f3w towarowych. Dzi\u0119ki uprawnieniom z zakresu nie tylko obs\u0142ugi, ale tak\u017ce konserwacji urz\u0105dze\u0144, b\u0119dziesz mie\u0107 wi\u0119ksze mo\u017cliwo\u015bci zatrudnienia tam, gdzie wykorzystywane s\u0105 wyci\u0105gi towarowe. Zdob\u0119dziesz wiedz\u0119 z zakresu obs\u0142ugi i konserwacji wyci\u0105g\u00f3w towarowych stacjonarnych, przewo\u017anych, przeno\u015bnych i wyci\u0105g\u00f3w statk\u00f3w.&nbsp; Program szkolenia&nbsp; Na zaj\u0119ciach zostan\u0105 om\u00f3wione takie tematy jak:&nbsp; Otrzymanie uprawnie\u0144&nbsp; Po pozytywnym wyniku egzaminu ka\u017cdy uczestnik dostanie za\u015bwiadczenie kwalifikacyjne uprawniaj\u0105ce do obs\u0142ugi urz\u0105dze\u0144 transportu bliskiego. Takie za\u015bwiadczenie wydaje Urz\u0105d Dozoru Technicznego i jest wa\u017cne 10 lat.&nbsp; Zalety szkolenia&nbsp; Szkolenia w naszej firmie prowadz\u0105 wyspecjalizowani pracownicy. Celem kurs\u00f3w jest przygotowanie uczestnik\u00f3w do pa\u0144stwowego egzaminu potwierdzaj\u0105cego ich kwalifikacje. Szkolenia obejmuj\u0105 zar\u00f3wno cz\u0119\u015b\u0107 teoretyczn\u0105 oraz praktyczn\u0105. Dzi\u0119ki temu ich uczestnicy lepiej i skuteczniej przyswoj\u0105 przekazywan\u0105 wiedz\u0119. Szkolimy kursant\u00f3w do uzyskania uprawnie\u0144 na operatora wyci\u0105g\u00f3w towarowych. Dzi\u0119ki otrzymanym dokumentom, uczestnicy mog\u0105 obs\u0142ugiwa\u0107 wyci\u0105gi towarowe stacjonarne, przeno\u015bne oraz przewo\u017ane. Sko\u0144czenie kursu daje uczestnikom mo\u017cliwo\u015b\u0107 przyst\u0105pienia do pa\u0144stwowego egzaminu. Jest on przeprowadzany przez komisj\u0119 powo\u0142an\u0105 przez UDT. Pozytywny wynik egzaminu pozwala na otrzymanie imiennego za\u015bwiadczenia, kt\u00f3re wydaje urz\u0105d.&nbsp; Kto mo\u017ce uczestniczy\u0107 w kursie oraz jak si\u0119 na niego zapisa\u0107?&nbsp; Do kursu mo\u017ce podej\u015b\u0107 osoba, kt\u00f3ra spe\u0142nia nast\u0119puj\u0105ce warunki:&nbsp; Aby zapisa\u0107 si\u0119 na szkolenie, zapraszamy do kontaktu.&nbsp; Charakterystyka wyci\u0105g\u00f3w towarowych&nbsp; Wyci\u0105g towarowy to platforma, kt\u00f3ra przesuwana jest po maszcie. Swoim wygl\u0105dem czy konstrukcj\u0105 przypomina drabin\u0119. Dzi\u0119ki wyci\u0105gom towarowym mo\u017cemy transportowa\u0107 materia\u0142y budowlane na wy\u017csze poziomy. Mo\u017cemy wyr\u00f3\u017cni\u0107 wyci\u0105gi towarowe liniowe i \u0142a\u0144cuchowe.&nbsp;&nbsp; Warunki eksploatacji wyci\u0105g\u00f3w towarowych&nbsp; Wszystkie wyci\u0105gi towarowe to urz\u0105dzenia, kt\u00f3re podlegaj\u0105 dozorowi technicznemu. Urz\u0105dzenia transportu bliskiego, kt\u00f3rych [&hellip;]<\/p>\n","protected":false},"author":6,"featured_media":4388,"parent":2721,"menu_order":0,"comment_status":"closed","ping_status":"closed","template":"","meta":{"sfsi_plus_gutenberg_text_before_share":"","sfsi_plus_gutenberg_show_text_before_share":"","sfsi_plus_gutenberg_icon_type":"","sfsi_plus_gutenberg_icon_alignemt":"","sfsi_plus_gutenburg_max_per_row":"","footnotes":""},"class_list":["post-4387","page","type-page","status-publish","has-post-thumbnail","hentry","has_thumb"],"aioseo_notices":[],"_links":{"self":[{"href":"https:\/\/kursy-udt.pl\/en\/wp-json\/wp\/v2\/pages\/4387","targetHints":{"allow":["GET"]}}],"collection":[{"href":"https:\/\/kursy-udt.pl\/en\/wp-json\/wp\/v2\/pages"}],"about":[{"href":"https:\/\/kursy-udt.pl\/en\/wp-json\/wp\/v2\/types\/page"}],"author":[{"embeddable":true,"href":"https:\/\/kursy-udt.pl\/en\/wp-json\/wp\/v2\/users\/6"}],"replies":[{"embeddable":true,"href":"https:\/\/kursy-udt.pl\/en\/wp-json\/wp\/v2\/comments?post=4387"}],"version-history":[{"count":4,"href":"https:\/\/kursy-udt.pl\/en\/wp-json\/wp\/v2\/pages\/4387\/revisions"}],"predecessor-version":[{"id":5583,"href":"https:\/\/kursy-udt.pl\/en\/wp-json\/wp\/v2\/pages\/4387\/revisions\/5583"}],"up":[{"embeddable":true,"href":"https:\/\/kursy-udt.pl\/en\/wp-json\/wp\/v2\/pages\/2721"}],"wp:featuredmedia":[{"embeddable":true,"href":"https:\/\/kursy-udt.pl\/en\/wp-json\/wp\/v2\/media\/4388"}],"wp:attachment":[{"href":"https:\/\/kursy-udt.pl\/en\/wp-json\/wp\/v2\/media?parent=4387"}],"curies":[{"name":"wp","href":"https:\/\/api.w.org\/{rel}","templated":true}]}}