{"id":4280,"date":"2022-09-13T12:22:54","date_gmt":"2022-09-13T12:22:54","guid":{"rendered":"https:\/\/kursy-udt.pl\/?page_id=4280"},"modified":"2023-03-20T20:21:45","modified_gmt":"2023-03-20T19:21:45","slug":"handling-of-cranes","status":"publish","type":"page","link":"https:\/\/kursy-udt.pl\/en\/szkolenia\/udt-wdt-tdt\/operowanie-dzwigami\/","title":{"rendered":"Course in construction crane operation"},"content":{"rendered":"<div class=\"wp-block-image\">\n<figure class=\"alignright size-large is-resized\"><img loading=\"lazy\" decoding=\"async\" src=\"https:\/\/kursy-udt.pl\/wp-content\/uploads\/2022\/09\/2-4.jpeg\" alt=\"freight and passenger crane\" width=\"246\" height=\"369\"\/><\/figure>\n<\/div>\n\n\n<p>At our centre, we run a course for operators of construction cranes, goods and passenger cranes and goods lifts. We will adapt the date and location to suit your needs! However, if you have your own equipment and would like to train your employees, we are able to carry out the training at your company's premises or at a specific construction site throughout Poland.\u00a0\u00a0<\/p>\n\n\n\n<h2 class=\"wp-block-heading\">Training offer&nbsp;<\/h2>\n\n\n\n<p>Those interested in working as a lift operator must complete the appropriate training and pass an examination in order to obtain a <a href=\"https:\/\/kursy-udt.pl\/en\/uprawnienia-udt\/kategorie-uprawnien-2\/\">entitlements<\/a> issued by the Technical Inspection Authority. At our centre, we will help you take care of the formalities and answer all your questions. During the theoretical and practical classes, we will teach you skills for your future work. The thematic scope of the training includes, among others:&nbsp;<\/p>\n\n\n\n<ul class=\"wp-block-list\">\n<li>crane operating practice,&nbsp;<\/li>\n\n\n\n<li><a href=\"https:\/\/kursy-udt.pl\/en\/szkolenia\/bhp-bezpieczenstwo-pracy\/prawna-ochrona-pracy\/\">Health and Safety<\/a>,&nbsp;<\/li>\n\n\n\n<li>powers and legislation,&nbsp;<\/li>\n\n\n\n<li>use of cranes in accordance with UDT regulations,&nbsp;<\/li>\n\n\n\n<li>construction of cranes and their classification,&nbsp;<\/li>\n\n\n\n<li>operator responsibilities,&nbsp;<\/li>\n\n\n\n<li>operation of cranes.&nbsp;<\/li>\n<\/ul>\n\n\n\n<h2 class=\"wp-block-heading\">Course of training&nbsp;<\/h2>\n\n\n\n<p>All the important issues relating to construction cranes will be covered during the course so you can feel confident passing the exam. The training will be delivered by qualified and experienced teaching staff. During the training course, we will cover safety at work and issues in the area of maintenance and condition checking according to the guidelines outlined in the operator's manual. You will learn to check, among other things, the control panel, signage, safety devices and lighting and signalling. Regular maintenance is extremely important and should be carried out in accordance with technical supervision regulations. Such measures will ensure that the next time the crane is inspected, it will not lose its operating permit.&nbsp;<\/p>\n\n\n\n<figure class=\"wp-block-image size-large is-resized\"><img loading=\"lazy\" decoding=\"async\" src=\"https:\/\/kursy-udt.pl\/wp-content\/uploads\/2022\/09\/3-2.jpeg\" alt=\"construction site worker\" width=\"760\" height=\"505\"\/><\/figure>\n\n\n\n<h2 class=\"wp-block-heading\">Requirements for taking part in the course&nbsp;<\/h2>\n\n\n\n<p>Anyone applying for our course must be at least 18 years of age and have a minimum of primary education. You must also have no health contraindications to working in a particular position.&nbsp;&nbsp;<\/p>\n\n\n\n<h2 class=\"wp-block-heading\">Available dates&nbsp;<\/h2>\n\n\n\n<p>The training will take place at a date and time convenient to you in advance. We also hold classes at weekends and in the evenings.&nbsp;&nbsp;&nbsp;<\/p>\n\n\n\n<h2 class=\"wp-block-heading\">Entitlements&nbsp;<\/h2>\n\n\n\n<p>The course includes a theoretical and practical part. The whole course ends with an examination before a commission from the Office of Technical Inspection. A successfully passed exam allows you to obtain a licence to work as a crane operator. We issue a certificate of completion of the course and help you with the formalities after the exam.&nbsp;<\/p>\n\n\n\n<h2 class=\"wp-block-heading\">Validity of allowances&nbsp;<\/h2>\n\n\n\n<p>Authorisations in the form of a qualification certificate issued by the Office of Technical Inspection are valid for a period of 10 years. At least 3 months before the expiry date, an application for its renewal must be submitted. A prerequisite for the renewal of the entitlement is certification that you have been working as an operator for at least 3 years within the last 5 years.&nbsp;&nbsp;&nbsp;<\/p>\n\n\n\n<h2 class=\"wp-block-heading\">Price&nbsp;<\/h2>\n\n\n\n<p>We offer very attractive prices, which you can check by contacting us by phone. It is possible to <a href=\"https:\/\/kursy-udt.pl\/en\/kontakt\/\">price negotiation<\/a> for group training!&nbsp;&nbsp;<\/p>\n\n\n\n<figure class=\"wp-block-image size-large is-resized\"><img loading=\"lazy\" decoding=\"async\" src=\"https:\/\/kursy-udt.pl\/wp-content\/uploads\/2022\/09\/1.webp\" alt=\"construction crane operator\" width=\"739\" height=\"554\"\/><\/figure>\n\n\n\n<h2 class=\"wp-block-heading\">Types of cranes&nbsp;<\/h2>\n\n\n\n<p>Typically, lift service refers to: passenger, passenger-freight and freight lifts, as well as construction, theatre, hospital and special lifts. Based on the drive, they can be divided into electric and hydraulic lifts. Hydraulic ones have a drive using a pump, while electric ones operate thanks to a hoist set in motion by a motor.&nbsp;<\/p>\n\n\n\n<p>Authorisations are granted by the Office of Technical Inspection for the following types of cranes:&nbsp;<\/p>\n\n\n\n<ul class=\"wp-block-list\">\n<li>construction cranes,&nbsp;<\/li>\n\n\n\n<li>hospital cranes,&nbsp;<\/li>\n\n\n\n<li>freight and handling with internal controls.\u00a0<\/li>\n<\/ul>\n\n\n\n<p>Cranes <strong>construction<\/strong> can be found on construction sites. They are used for the vertical transport of heavy construction materials on a platform that moves along vertical and sometimes slightly inclined guides.&nbsp;&nbsp;<\/p>\n\n\n\n<p>Cranes <strong>personal<\/strong> are designed to enable the vertical transportation of people to higher floors in a special cabin that moves in line with rigid vertical guides.&nbsp;&nbsp;<\/p>\n\n\n\n<p><strong>Freight<\/strong> do not carry passengers in the cab and only serve specific stop levels. They are constructed in such a way that they would not accommodate anything other than a vertically transported load. Some goods lifts are lifts without the right for people to enter the cabin. The reason for this is to ensure hygiene in the food handling industry. They are also used in the construction industry and in commerce.&nbsp;&nbsp;<\/p>\n\n\n\n<p>Lifts <strong>freight and passengers <\/strong>is used to move goods including those responsible for loading and unloading.\u00a0\u00a0<\/p>\n\n\n\n<p>Cranes <strong>hospital<\/strong> are used to transport hospital beds and medical equipment and people. They have features to accommodate priority driving.&nbsp;<\/p>\n\n\n\n<h2 class=\"wp-block-heading\">Worth knowing&nbsp;<\/h2>\n\n\n\n<p>A piece of equipment intended for use on a construction site must have a valid operating permit in order to be used legally. Such a certificate is issued by the Office of Technical Inspection. In order to obtain it, a written application for a technical examination must be submitted. This is a temporary permit that must be renewed. It is therefore advisable to keep a conscientious record of all repairs to the crane, as well as any maintenance activities.&nbsp;<\/p>\n\n\n\n<p>Crane operators have a good chance of finding a job after the course due to the ever-increasing demand for workers in this industry. Develop your qualifications with our help. You can take a look at the detailed offer on the website.<br>\u00a0<\/p>\n\n\n\n<figure class=\"wp-block-image size-large is-resized\"><img loading=\"lazy\" decoding=\"async\" src=\"https:\/\/kursy-udt.pl\/wp-content\/uploads\/2022\/12\/Reklama-Na-Kursy-7-1.png\" alt=\"ERGON course\" width=\"770\" height=\"481\"\/><\/figure>","protected":false},"excerpt":{"rendered":"<p>W naszym o\u015brodku przeprowadzamy kurs na operator\u00f3w d\u017awig\u00f3w budowlanych, towarowo\u2013osobowych oraz wyci\u0105g\u00f3w towarowych. Termin i miejsce dostosujemy do Twoich potrzeb! Je\u015bli jednak posiadasz w\u0142asny sprz\u0119t i chcia\u0142by\u015b wyszkoli\u0107 swoich pracownik\u00f3w, jeste\u015bmy w stanie przeprowadzi\u0107 szkolenie w siedzibie Twojej firmy lub na okre\u015blonym placu budowy na terenie ca\u0142ej Polski.\u00a0\u00a0 Oferta szkolenia&nbsp; Osoby zainteresowane prac\u0105 w charakterze operatora windy musz\u0105 uko\u0144czy\u0107 odpowiednie szkolenie oraz zda\u0107 egzamin, aby uzyska\u0107 uprawnienia wydawane przez Urz\u0119du Dozoru Technicznego. W naszym o\u015brodku pomo\u017cemy Ci zaj\u0105\u0107 si\u0119 formalno\u015bciami, a tak\u017ce udzielimy odpowiedzi na wszystkie pytania. Podczas zaj\u0119\u0107 teoretycznych i praktycznych nauczymy Ci\u0119 umiej\u0119tno\u015bci zwi\u0105zanych z przysz\u0142\u0105 prac\u0105. Zakres tematyczny szkolenia obejmuje m.in.:&nbsp; Przebieg szkolenia&nbsp; Wszystkie wa\u017cne zagadnienia dotycz\u0105ce d\u017awig\u00f3w budowlanych zostan\u0105 om\u00f3wione podczas kursu, aby\u015b m\u00f3g\u0142 czu\u0107 si\u0119 pewny siebie zdaj\u0105c egzamin. Szkolenie b\u0119dzie prowadzone przez wykwalifikowan\u0105 i do\u015bwiadczon\u0105 kadr\u0119 dydaktyczn\u0105. Podczas szkolenia poruszymy tematyk\u0119 bezpiecze\u0144stwa w czasie pracy oraz zagadnienia z obszaru konserwacji i sprawdzania stanu technicznego zgodne z wytycznymi przedstawionymi w instrukcji obs\u0142ugi. Nauczysz si\u0119 sprawdza\u0107 m.in. panel sterowania, oznakowanie, urz\u0105dzenia zabezpieczaj\u0105ce oraz o\u015bwietlenie i sygnalizacj\u0119. Regularna konserwacja jest niezwykle wa\u017cna i powinna by\u0107 przeprowadzana zgodnie z przepisami o dozorze technicznym. Takie dzia\u0142ania sprawi\u0105, \u017ce przy kolejnej kontroli d\u017awig nie straci pozwolenia na jego u\u017cytkowanie.&nbsp; Wymagania do wzi\u0119cia udzia\u0142u w kursie&nbsp; Ka\u017cda osoba zg\u0142aszaj\u0105ca si\u0119 na nasz kurs musi mie\u0107 uko\u0144czone 18 lat oraz posiada\u0107 minimum wykszta\u0142cenie podstawowe. Nie wolno mie\u0107 r\u00f3wnie\u017c przeciwwskaza\u0144 zdrowotnych do pracy na konkretnym stanowisku.&nbsp;&nbsp; Dost\u0119pne terminy&nbsp; Szkolenie odb\u0119dzie si\u0119 we wcze\u015bniej wybranym dogodnym przez Ciebie terminie. Prowadzimy zaj\u0119cia tak\u017ce w weekendy i wieczorami.&nbsp;&nbsp;&nbsp; Uprawnienia&nbsp; Kurs obejmuje [&hellip;]<\/p>\n","protected":false},"author":6,"featured_media":4281,"parent":2721,"menu_order":0,"comment_status":"closed","ping_status":"closed","template":"","meta":{"sfsi_plus_gutenberg_text_before_share":"","sfsi_plus_gutenberg_show_text_before_share":"","sfsi_plus_gutenberg_icon_type":"","sfsi_plus_gutenberg_icon_alignemt":"","sfsi_plus_gutenburg_max_per_row":"","footnotes":""},"class_list":["post-4280","page","type-page","status-publish","has-post-thumbnail","hentry","has_thumb"],"aioseo_notices":[],"_links":{"self":[{"href":"https:\/\/kursy-udt.pl\/en\/wp-json\/wp\/v2\/pages\/4280","targetHints":{"allow":["GET"]}}],"collection":[{"href":"https:\/\/kursy-udt.pl\/en\/wp-json\/wp\/v2\/pages"}],"about":[{"href":"https:\/\/kursy-udt.pl\/en\/wp-json\/wp\/v2\/types\/page"}],"author":[{"embeddable":true,"href":"https:\/\/kursy-udt.pl\/en\/wp-json\/wp\/v2\/users\/6"}],"replies":[{"embeddable":true,"href":"https:\/\/kursy-udt.pl\/en\/wp-json\/wp\/v2\/comments?post=4280"}],"version-history":[{"count":5,"href":"https:\/\/kursy-udt.pl\/en\/wp-json\/wp\/v2\/pages\/4280\/revisions"}],"predecessor-version":[{"id":5558,"href":"https:\/\/kursy-udt.pl\/en\/wp-json\/wp\/v2\/pages\/4280\/revisions\/5558"}],"up":[{"embeddable":true,"href":"https:\/\/kursy-udt.pl\/en\/wp-json\/wp\/v2\/pages\/2721"}],"wp:featuredmedia":[{"embeddable":true,"href":"https:\/\/kursy-udt.pl\/en\/wp-json\/wp\/v2\/media\/4281"}],"wp:attachment":[{"href":"https:\/\/kursy-udt.pl\/en\/wp-json\/wp\/v2\/media?parent=4280"}],"curies":[{"name":"wp","href":"https:\/\/api.w.org\/{rel}","templated":true}]}}