{"id":4227,"date":"2022-09-01T08:21:41","date_gmt":"2022-09-01T08:21:41","guid":{"rendered":"https:\/\/kursy-udt.pl\/?page_id=4227"},"modified":"2023-05-16T15:53:24","modified_gmt":"2023-05-16T13:53:24","slug":"soldering-course","status":"publish","type":"page","link":"https:\/\/kursy-udt.pl\/en\/szkolenia\/spawalnictwo-materialow\/kurs-lutowanie\/","title":{"rendered":"Soldering course"},"content":{"rendered":"<h2 class=\"wp-block-heading\">What soldering means\u00a0<\/h2>\n\n\n\n<p>The history of soldering dates back to antiquity. As early as 3000 BC. Egyptians combined gold and silver when making jewellery. These were joined together using copper solder. And this method is still used today to join metals and alloys with different properties. Soldering, therefore, is a method that joins two metal parts together using a binder called solder. The result is an aesthetically pleasing, stable and durable joint. Soldering takes place at a temperature which is higher than the melting point of the solder (to plasticise the joint). However, the entire process takes place at a temperature that will not damage the structure of the joined parts.&nbsp;&nbsp;<\/p>\n\n\n\n<figure class=\"wp-block-embed is-type-video is-provider-youtube wp-block-embed-youtube wp-embed-aspect-16-9 wp-has-aspect-ratio\"><div class=\"wp-block-embed__wrapper\">\n<iframe loading=\"lazy\" title=\"COMPLETE YOUR WELDING COURSE WITH US! ALL OVER THE COUNTRY! GET YOUR WELDING QUALIFICATIONS!\" width=\"500\" height=\"281\" src=\"https:\/\/www.youtube.com\/embed\/Sn47FDJ5NSQ?feature=oembed\" frameborder=\"0\" allow=\"accelerometer; autoplay; clipboard-write; encrypted-media; gyroscope; picture-in-picture; web-share\" referrerpolicy=\"strict-origin-when-cross-origin\" allowfullscreen><\/iframe>\n<\/div><\/figure>\n\n\n\n<h2 class=\"wp-block-heading\">Soldering courses\u00a0<\/h2>\n\n\n\n<p>Do you want to learn how to use a soldering iron? Or maybe you need it professionally? Then come and visit us. At the ERGON centre, we run soldering courses. Our instructors will be happy to show you how to use the materials and tools, and fixing things at home will no longer cause you headaches. You will learn how to use a soldering iron in a safe way and learn how to use specific materials and tools. In addition, you will learn:&nbsp;<\/p>\n\n\n\n<ul class=\"wp-block-list\">\n<li>types of soldering irons and rules for their use;&nbsp;<\/li>\n\n\n\n<li>practically about soldering;&nbsp;<\/li>\n\n\n\n<li>soldering basics - theory;&nbsp;<\/li>\n\n\n\n<li>about soldering mistakes made;&nbsp;<\/li>\n\n\n\n<li>how to repair wires (soldering and desoldering connections);&nbsp;<\/li>\n\n\n\n<li>about electronics repair;&nbsp;<\/li>\n\n\n\n<li><a href=\"https:\/\/kursy-udt.pl\/en\/szkolenia\/bhp-bezpieczenstwo-pracy\/prawna-ochrona-pracy\/\">Health and Safety<\/a> and fire safety.&nbsp;<\/li>\n<\/ul>\n\n\n\n<h2 class=\"wp-block-heading\">A bit of theory on soldering\u00a0<\/h2>\n\n\n\n<p>If you want to get started with soldering, you should learn a few facts about the process.&nbsp;&nbsp;<\/p>\n\n\n\n<p>The tool used for soldering is the soldering iron. It is one of the basic pieces of workshop equipment and is used in many jobs, both minor and advanced, where hand utensils are not enough.&nbsp;&nbsp;<\/p>\n\n\n\n<p>The soldering iron consists of two parts: the flask (used as a handle) and the tip (in direct contact with the binder - the solder). When soldering, the metal parts are joined by the binder (solder). Physico-chemically, however, the soldering process (joining of metal parts) is based on two phenomena: diffusion and adhesion. The solder binder gets into the space between the components and the particles into the pores on their surface. The soldering process starts with cleaning the surface of the parts to be soldered. We then heat up the components and apply flux and solder to the edges of the parts we are joining. At the very end, we wait for solidification and for the binder to cool down.&nbsp;&nbsp;<\/p>\n\n\n\n<p>When we consider the melting temperature of the binder, we distinguish between two basic types of soldering:&nbsp;<\/p>\n\n\n\n<ul class=\"wp-block-list\">\n<li>soft soldering;&nbsp;&nbsp;<\/li>\n\n\n\n<li>brazing;&nbsp;&nbsp;<\/li>\n<\/ul>\n\n\n\n<figure class=\"wp-block-image size-large is-resized\"><img loading=\"lazy\" decoding=\"async\" src=\"https:\/\/kursy-udt.pl\/wp-content\/uploads\/2022\/09\/2-1.jpeg\" alt=\"man at work\" width=\"764\" height=\"509\"\/><\/figure>\n\n\n\n<figure class=\"wp-block-table\"><table><tbody><tr><td colspan=\"2\"><strong>Types of soldering<\/strong>&nbsp;<\/td><\/tr><tr><td><strong>Soft soldering<\/strong>&nbsp;<\/td><td><strong>Brazing<\/strong>&nbsp;<\/td><\/tr><tr><td>The process takes place at a temperature of less than 450\u00b0C;&nbsp;<\/td><td>The process takes place at temperatures above 450\u00b0C;&nbsp;<\/td><\/tr><tr><td>The soldering iron heats the material selectively, so the whole process takes time;&nbsp;<\/td><td>Sometimes the temperatures are five times higher than 450\u00b0C - as in industrial soldering. More specialised tools are then needed;&nbsp;<\/td><\/tr><tr><td>No protective measures are required (apart from a vapour extraction system);&nbsp;<\/td><td>The use of specialised, expert tools is required;&nbsp;&nbsp;<\/td><\/tr><tr><td>It is often used in electronics (e.g. connecting parts on a printed circuit board), in sealing gutters, roofs and also in sheet metal work.&nbsp;&nbsp;<\/td><td>It has applications in joining carbon, tungsten, nickel, molybdenum and chrome steels as well as gold, silver, copper or bronze.&nbsp;<\/td><\/tr><\/tbody><\/table><\/figure>\n\n\n\n<p>Furthermore, the melting range of the alloy in soft soldering is approximately 180 - 280\u00b0 C. The basis of soft solder is tin and other metals that have a similar melting point (cadmium, bismuth, antimony). It can be used to join copper, brass, steel or zinc components. As the whole process does not take place at a relatively very high temperature, soft soldering is used not only by professionals, but also by amateurs. They use soldering irons in their households.&nbsp;&nbsp;<\/p>\n\n\n\n<p>When it comes to brazing, when the temperature can reach almost 1,000\u00b0C, an ordinary soldering iron is not enough. We then use a soldering lamp or an acetylene-oxygen torch.  Brazing is often a silver mixture that is capable of joining many metals.&nbsp;&nbsp;<\/p>\n\n\n\n<p>Brazing is a well-known metalworking method with numerous advantages. The part where the process of joining the metals takes place looks very aesthetically pleasing and its strength is very high indeed. There is a whole range of solders to choose from, with a wide variety of properties. This technology is not only familiar, but also modern and can join almost all metals and alloys.&nbsp;<\/p>\n\n\n\n<figure class=\"wp-block-image size-large is-resized\"><img loading=\"lazy\" decoding=\"async\" src=\"https:\/\/kursy-udt.pl\/wp-content\/uploads\/2022\/09\/3-1.jpeg\" alt=\"professional soldering iron\" width=\"800\" height=\"503\"\/><\/figure>\n\n\n\n<p><strong>Welcome to our training courses&nbsp;<\/strong>&nbsp;<\/p>\n\n\n\n<p>Soldering courses at our ERGON centre consist of a practical part conducted in the form of a workshop, stationary, and a theoretical part that can be taken online. The classes are taught in an accessible and very interesting way. Our instructors are professionals with extensive experience in the field of soldering.&nbsp;<\/p>\n\n\n\n<p>Whether you are just starting out with soldering or are already familiar with the basics of the activity, you can choose the training course that is right for you. We have a course for beginners and another higher level - for the advanced.&nbsp;&nbsp;<\/p>\n\n\n\n<p>Feel free to contact us and we will provide you with all the necessary information. We provide market prices, which we always agree with you individually. We offer discounts for larger and organised groups. Our head office is in Warsaw, but we also have centres in other Polish cities such as Krakow, Bielsko-Biala and Katowice: Krakow, Bielsko-Biala or Katowice. If it is a closed course, we will travel to practically any place.&nbsp;&nbsp;<\/p>\n\n\n\n<p>We also encourage you to familiarise yourself with the wide range of courses that ERGON has on offer. Among other things, we offer introductory and periodic courses in occupational health and safety, courses in fire safety, <a href=\"https:\/\/kursy-udt.pl\/en\/szkolenia\/bhp-bezpieczenstwo-pracy\/pierwsza-pomoc-i-dzialania\/\">first aid training<\/a>as well as many other courses for which the following are required <a href=\"https:\/\/kursy-udt.pl\/en\/uprawnienia-udt\/kategorie-uprawnien-2\/\">entitlements<\/a> TDT or UDT (for example <a href=\"https:\/\/kursy-udt.pl\/en\/szkolenia\/udt-wdt-tdt\/wozki-widlowe-merlo\/\">training as a forklift truck operator<\/a> or mobile mast platform operator).&nbsp;&nbsp;<\/p>\n\n\n\n<figure class=\"wp-block-image size-large is-resized\"><img loading=\"lazy\" decoding=\"async\" src=\"https:\/\/kursy-udt.pl\/wp-content\/uploads\/2023\/01\/75-Lutowanie-kursy-udt.pl_.png\" alt=\"ERGON training\" width=\"778\" height=\"486\"\/><\/figure>","protected":false},"excerpt":{"rendered":"<p>Co oznacza lutowanie\u00a0 Historia lutowania si\u0119ga jeszcze staro\u017cytno\u015bci. Ju\u017c 3000 lat p.n.e. Egipcjanie podczas produkcji bi\u017cuterii \u0142\u0105czyli ze sob\u0105 z\u0142oto i srebro. By\u0142o ono z\u0142\u0105czone ze sob\u0105 za pomoc\u0105 miedzianego lutu. I po dzie\u0144 dzisiejszy wykorzystuje si\u0119 t\u0119 metod\u0119 przy \u0142\u0105czeniu metali i stop\u00f3w o r\u00f3\u017cnych w\u0142a\u015bciwo\u015bciach. Lutowanie zatem jest metod\u0105, kt\u00f3ra polega na po\u0142\u0105czeniu ze sob\u0105 dw\u00f3ch element\u00f3w metalowych, za pomoc\u0105 spoiwa zwanego lutem. Efektem tego procesu jest estetyczna, stabilna oraz trwa\u0142a spoina. Lutowanie zachodzi w temperaturze, kt\u00f3ra jest temperatur\u0105 wy\u017csz\u0105 ni\u017c topnienie lutu (w celu uplastycznienia spoiwa). Jednak ca\u0142y proces zachodzi w temperaturze, kt\u00f3ra nie naruszy struktury po\u0142\u0105czonych cz\u0119\u015bci.&nbsp;&nbsp; Kursy z lutowania\u00a0 Chcesz nauczy\u0107 si\u0119, jak korzysta\u0107 z lutownicy? A mo\u017ce jest Ci to potrzebne zawodowo? Zapraszamy wi\u0119c do nas. W o\u015brodku&nbsp;ERGON prowadzimy kursy lutowania. Z ch\u0119ci\u0105 nasi instruktorzy poka\u017c\u0105, jak korzysta\u0107 z materia\u0142\u00f3w i narz\u0119dzi, a naprawianie rzeczy w domu nie przysporzy Ci ju\u017c wi\u0119cej b\u00f3lu g\u0142owy. Nauczysz si\u0119 w bezpieczny spos\u00f3b obs\u0142ugiwa\u0107 lutownic\u0119 i poznasz zasady stosowania konkretnych materia\u0142\u00f3w i narz\u0119dzi. Ponadto nauczysz si\u0119:&nbsp; Troch\u0119 teorii z lutowania\u00a0 Je\u017celi chcesz rozpocz\u0105\u0107 prac\u0119 z lutowaniem, powiniene\u015b pozna\u0107 kilka fakt\u00f3w dotycz\u0105cych tego procesu.&nbsp;&nbsp; Narz\u0119dziem s\u0142u\u017c\u0105cym do lutowania jest lutownica. Jest ona jednym z podstawowych urz\u0105dze\u0144 warsztatowych i wykorzystywana jest w wielu pracach, zar\u00f3wno tych drobniejszych jak i zaawansowanych, gdzie nie wystarcz\u0105 przybory r\u0119czne.&nbsp;&nbsp; Lutownica sk\u0142ada si\u0119 z dw\u00f3ch cz\u0119\u015bci: kolby (s\u0142u\u017c\u0105cej jako uchwyt) oraz grota (bezpo\u015brednio styka si\u0119 ze spoiwem \u2013 lutem). Podczas lutowania metalowe elementy zostaj\u0105 po\u0142\u0105czone spoiwem (lutem). Natomiast w aspekcie fizykochemicznym proces lutowania (\u0142\u0105czenie metalowych element\u00f3w) opiera si\u0119 na dw\u00f3ch [&hellip;]<\/p>\n","protected":false},"author":6,"featured_media":4228,"parent":2802,"menu_order":0,"comment_status":"closed","ping_status":"closed","template":"","meta":{"sfsi_plus_gutenberg_text_before_share":"","sfsi_plus_gutenberg_show_text_before_share":"","sfsi_plus_gutenberg_icon_type":"","sfsi_plus_gutenberg_icon_alignemt":"","sfsi_plus_gutenburg_max_per_row":"","footnotes":""},"class_list":["post-4227","page","type-page","status-publish","has-post-thumbnail","hentry","has_thumb"],"aioseo_notices":[],"_links":{"self":[{"href":"https:\/\/kursy-udt.pl\/en\/wp-json\/wp\/v2\/pages\/4227","targetHints":{"allow":["GET"]}}],"collection":[{"href":"https:\/\/kursy-udt.pl\/en\/wp-json\/wp\/v2\/pages"}],"about":[{"href":"https:\/\/kursy-udt.pl\/en\/wp-json\/wp\/v2\/types\/page"}],"author":[{"embeddable":true,"href":"https:\/\/kursy-udt.pl\/en\/wp-json\/wp\/v2\/users\/6"}],"replies":[{"embeddable":true,"href":"https:\/\/kursy-udt.pl\/en\/wp-json\/wp\/v2\/comments?post=4227"}],"version-history":[{"count":7,"href":"https:\/\/kursy-udt.pl\/en\/wp-json\/wp\/v2\/pages\/4227\/revisions"}],"predecessor-version":[{"id":5941,"href":"https:\/\/kursy-udt.pl\/en\/wp-json\/wp\/v2\/pages\/4227\/revisions\/5941"}],"up":[{"embeddable":true,"href":"https:\/\/kursy-udt.pl\/en\/wp-json\/wp\/v2\/pages\/2802"}],"wp:featuredmedia":[{"embeddable":true,"href":"https:\/\/kursy-udt.pl\/en\/wp-json\/wp\/v2\/media\/4228"}],"wp:attachment":[{"href":"https:\/\/kursy-udt.pl\/en\/wp-json\/wp\/v2\/media?parent=4227"}],"curies":[{"name":"wp","href":"https:\/\/api.w.org\/{rel}","templated":true}]}}